{"id":14444,"date":"2016-02-22T20:52:05","date_gmt":"2016-02-22T16:52:05","guid":{"rendered":"http:\/\/bodhi.name\/tr\/?page_id=14444"},"modified":"2016-02-22T20:52:05","modified_gmt":"2016-02-22T16:52:05","slug":"etkili-pratik-stratejisi","status":"publish","type":"page","link":"https:\/\/bodhi.name\/tr\/home\/secilim-2005-acik-suura-giden-yol\/etkili-pratik-stratejisi\/","title":{"rendered":"Etkili Pratik Stratejisi"},"content":{"rendered":"","protected":false},"excerpt":{"rendered":"","protected":false},"author":4,"featured_media":0,"parent":13949,"menu_order":0,"comment_status":"open","ping_status":"closed","template":"page-with-subsections.php","meta":{"_acf_changed":false,"footnotes":""},"class_list":["post-14444","page","type-page","status-publish","hentry"],"acf":[],"yoast_head":"<!-- This site is optimized with the Yoast SEO plugin v27.2 - https:\/\/yoast.com\/product\/yoast-seo-wordpress\/ -->\n<title>Etkili Pratik Stratejisi - Selection of Attractive States<\/title>\n<meta name=\"robots\" content=\"index, follow, max-snippet:-1, max-image-preview:large, max-video-preview:-1\" \/>\n<link rel=\"canonical\" href=\"https:\/\/bodhi.name\/tr\/home\/secilim-2005-acik-suura-giden-yol\/etkili-pratik-stratejisi\/\" \/>\n<meta property=\"og:locale\" content=\"tr_TR\" \/>\n<meta property=\"og:type\" content=\"article\" \/>\n<meta property=\"og:title\" content=\"Etkili Pratik Stratejisi - Selection of Attractive States\" \/>\n<meta property=\"og:url\" content=\"https:\/\/bodhi.name\/tr\/home\/secilim-2005-acik-suura-giden-yol\/etkili-pratik-stratejisi\/\" \/>\n<meta property=\"og:site_name\" content=\"Selection of Attractive States\" \/>\n<meta name=\"twitter:card\" content=\"summary_large_image\" \/>\n<script type=\"application\/ld+json\" class=\"yoast-schema-graph\">{\"@context\":\"https:\/\/schema.org\",\"@graph\":[{\"@type\":\"WebPage\",\"@id\":\"https:\/\/bodhi.name\/tr\/home\/secilim-2005-acik-suura-giden-yol\/etkili-pratik-stratejisi\/\",\"url\":\"https:\/\/bodhi.name\/tr\/home\/secilim-2005-acik-suura-giden-yol\/etkili-pratik-stratejisi\/\",\"name\":\"Etkili Pratik Stratejisi - Selection of Attractive States\",\"isPartOf\":{\"@id\":\"https:\/\/bodhi.name\/ru\/#website\"},\"datePublished\":\"2016-02-22T16:52:05+00:00\",\"breadcrumb\":{\"@id\":\"https:\/\/bodhi.name\/tr\/home\/secilim-2005-acik-suura-giden-yol\/etkili-pratik-stratejisi\/#breadcrumb\"},\"inLanguage\":\"tr\",\"potentialAction\":[{\"@type\":\"ReadAction\",\"target\":[\"https:\/\/bodhi.name\/tr\/home\/secilim-2005-acik-suura-giden-yol\/etkili-pratik-stratejisi\/\"]}]},{\"@type\":\"BreadcrumbList\",\"@id\":\"https:\/\/bodhi.name\/tr\/home\/secilim-2005-acik-suura-giden-yol\/etkili-pratik-stratejisi\/#breadcrumb\",\"itemListElement\":[{\"@type\":\"ListItem\",\"position\":1,\"name\":\"\u0413\u043b\u0430\u0432\u043d\u0430\u044f \u0441\u0442\u0440\u0430\u043d\u0438\u0446\u0430\",\"item\":\"https:\/\/bodhi.name\/tr\/\"},{\"@type\":\"ListItem\",\"position\":2,\"name\":\"Ana Sayfa\",\"item\":\"https:\/\/bodhi.name\/tr\/\"},{\"@type\":\"ListItem\",\"position\":3,\"name\":\"Se\u00e7ilim-2005. A\u00e7\u0131k \u015euura Giden Yol\",\"item\":\"https:\/\/bodhi.name\/tr\/home\/secilim-2005-acik-suura-giden-yol\/\"},{\"@type\":\"ListItem\",\"position\":4,\"name\":\"Etkili Pratik Stratejisi\"}]},{\"@type\":\"WebSite\",\"@id\":\"https:\/\/bodhi.name\/ru\/#website\",\"url\":\"https:\/\/bodhi.name\/ru\/\",\"name\":\"Selection of Attractive States\",\"description\":\"Deneysel Psikoloji\",\"potentialAction\":[{\"@type\":\"SearchAction\",\"target\":{\"@type\":\"EntryPoint\",\"urlTemplate\":\"https:\/\/bodhi.name\/ru\/?s={search_term_string}\"},\"query-input\":{\"@type\":\"PropertyValueSpecification\",\"valueRequired\":true,\"valueName\":\"search_term_string\"}}],\"inLanguage\":\"tr\"}]}<\/script>\n<!-- \/ Yoast SEO plugin. -->","yoast_head_json":{"title":"Etkili Pratik Stratejisi - Selection of Attractive States","robots":{"index":"index","follow":"follow","max-snippet":"max-snippet:-1","max-image-preview":"max-image-preview:large","max-video-preview":"max-video-preview:-1"},"canonical":"https:\/\/bodhi.name\/tr\/home\/secilim-2005-acik-suura-giden-yol\/etkili-pratik-stratejisi\/","og_locale":"tr_TR","og_type":"article","og_title":"Etkili Pratik Stratejisi - Selection of Attractive States","og_url":"https:\/\/bodhi.name\/tr\/home\/secilim-2005-acik-suura-giden-yol\/etkili-pratik-stratejisi\/","og_site_name":"Selection of Attractive States","twitter_card":"summary_large_image","schema":{"@context":"https:\/\/schema.org","@graph":[{"@type":"WebPage","@id":"https:\/\/bodhi.name\/tr\/home\/secilim-2005-acik-suura-giden-yol\/etkili-pratik-stratejisi\/","url":"https:\/\/bodhi.name\/tr\/home\/secilim-2005-acik-suura-giden-yol\/etkili-pratik-stratejisi\/","name":"Etkili Pratik Stratejisi - Selection of Attractive States","isPartOf":{"@id":"https:\/\/bodhi.name\/ru\/#website"},"datePublished":"2016-02-22T16:52:05+00:00","breadcrumb":{"@id":"https:\/\/bodhi.name\/tr\/home\/secilim-2005-acik-suura-giden-yol\/etkili-pratik-stratejisi\/#breadcrumb"},"inLanguage":"tr","potentialAction":[{"@type":"ReadAction","target":["https:\/\/bodhi.name\/tr\/home\/secilim-2005-acik-suura-giden-yol\/etkili-pratik-stratejisi\/"]}]},{"@type":"BreadcrumbList","@id":"https:\/\/bodhi.name\/tr\/home\/secilim-2005-acik-suura-giden-yol\/etkili-pratik-stratejisi\/#breadcrumb","itemListElement":[{"@type":"ListItem","position":1,"name":"\u0413\u043b\u0430\u0432\u043d\u0430\u044f \u0441\u0442\u0440\u0430\u043d\u0438\u0446\u0430","item":"https:\/\/bodhi.name\/tr\/"},{"@type":"ListItem","position":2,"name":"Ana Sayfa","item":"https:\/\/bodhi.name\/tr\/"},{"@type":"ListItem","position":3,"name":"Se\u00e7ilim-2005. A\u00e7\u0131k \u015euura Giden Yol","item":"https:\/\/bodhi.name\/tr\/home\/secilim-2005-acik-suura-giden-yol\/"},{"@type":"ListItem","position":4,"name":"Etkili Pratik Stratejisi"}]},{"@type":"WebSite","@id":"https:\/\/bodhi.name\/ru\/#website","url":"https:\/\/bodhi.name\/ru\/","name":"Selection of Attractive States","description":"Deneysel Psikoloji","potentialAction":[{"@type":"SearchAction","target":{"@type":"EntryPoint","urlTemplate":"https:\/\/bodhi.name\/ru\/?s={search_term_string}"},"query-input":{"@type":"PropertyValueSpecification","valueRequired":true,"valueName":"search_term_string"}}],"inLanguage":"tr"}]}},"_links":{"self":[{"href":"https:\/\/bodhi.name\/tr\/wp-json\/wp\/v2\/pages\/14444","targetHints":{"allow":["GET"]}}],"collection":[{"href":"https:\/\/bodhi.name\/tr\/wp-json\/wp\/v2\/pages"}],"about":[{"href":"https:\/\/bodhi.name\/tr\/wp-json\/wp\/v2\/types\/page"}],"author":[{"embeddable":true,"href":"https:\/\/bodhi.name\/tr\/wp-json\/wp\/v2\/users\/4"}],"replies":[{"embeddable":true,"href":"https:\/\/bodhi.name\/tr\/wp-json\/wp\/v2\/comments?post=14444"}],"version-history":[{"count":1,"href":"https:\/\/bodhi.name\/tr\/wp-json\/wp\/v2\/pages\/14444\/revisions"}],"predecessor-version":[{"id":14445,"href":"https:\/\/bodhi.name\/tr\/wp-json\/wp\/v2\/pages\/14444\/revisions\/14445"}],"up":[{"embeddable":true,"href":"https:\/\/bodhi.name\/tr\/wp-json\/wp\/v2\/pages\/13949"}],"wp:attachment":[{"href":"https:\/\/bodhi.name\/tr\/wp-json\/wp\/v2\/media?parent=14444"}],"curies":[{"name":"wp","href":"https:\/\/api.w.org\/{rel}","templated":true}]}}