{"id":15415,"date":"2016-06-06T21:13:49","date_gmt":"2016-06-06T17:13:49","guid":{"rendered":"http:\/\/bodhi.name\/ro\/?page_id=15415"},"modified":"2016-06-06T21:15:39","modified_gmt":"2016-06-06T17:15:39","slug":"merisoare-dulci-pomusoare","status":"publish","type":"page","link":"https:\/\/bodhi.name\/ro\/home\/povestiri\/merisoare-dulci-pomusoare\/","title":{"rendered":"Meri\u015foare, dulci pomu\u015foare"},"content":{"rendered":"<p><strong>1.<\/strong>\u00a0Ei s-au g\u0103sit unul pe altul \u2013 \u00een colbul drumului, \u00een bulboana nepl\u0103cerilor personale, inspira\u0163iilor \u015fi de\u015fert\u0103ciunii \u2013 ei s-au g\u0103sit unul pe altul. \u015ei a fost bine. Au \u00eenchiriat un apartament, serviciul nu-i prea obosea, era vreme, era dragoste, era senza\u0163ia clar\u0103 a faptului s\u0103 lumea se rote\u015fte \u00een direc\u0163ia necesar\u0103. Ei au \u00eenchiriat un apartament cu dou\u0103 od\u0103i, \u00een una, cea mai mic\u0103, au aruncat lucrurile, iar \u00een cea mai mare s-au instalat, p\u00e2n\u0103 una-alta. \u00cen od\u0103i\u0163a cea mic\u0103 voiau s\u0103 fac\u0103 ceva neobi\u015fnuit \u2013 s\u0103 nu fie mobil\u0103, s\u0103 fie a\u015fezat un covor pufos, s\u0103 fie mult\u0103 verdea\u0163\u0103, aer \u015fi lumin\u0103, doar c\u0103 la \u00eenceput trebuia aruncat tot gunoiul.<\/p>\n<p>A trecut o lun\u0103. Odaia a\u015fa \u015fi r\u0103m\u00e2nea \u00een dezordine \u2013 ba una, ba alta, \u015fi apoi \u015fti\u0163i \u015fi dumneavoastr\u0103: ordine e atunci c\u00e2nd totul e curat, dac\u0103 nu duci lucrul pan\u0103 la cap\u0103t, apoi chiar \u00ee\u0163i pare r\u0103u, parc\u0103 \u015fi ai muncit, dar ordine nu-i. Ei a\u015fteptau clipa c\u00e2nd le vor ajunge puteri ca s\u0103 inspire mai mult aer \u015fi s\u0103 \u00eenving\u0103 dintr-o lovitur\u0103.<\/p>\n<p>A mai trecut o lun\u0103. Odaia s-a transformat \u00eentr-un fel de punct, \u00een jurul c\u0103ruia se concentrau glumele, le pl\u0103cea s\u0103 se persifleze pe sine \u00een\u015fi\u015fi, iar ei \u00ee\u015fi tot f\u0103ceau planuri: c\u00e2t va fi de bine c\u00e2nd, \u00een sf\u00e2r\u015fit, vor face ordine acolo. S-a constituit ceva de felul unui folclor de familie, \u00een care odaia juca rolul unei pietre de temelie, era ceva hazliu \u015fi promi\u0163\u0103tor. \u00cen sf\u00e2r\u015fit, a sosit Ziua \u2013 ei s-au trezit dis-de-diminea\u0163\u0103 \u015fi s-au av\u00e2ntat \u00een cur\u0103\u0163enie. Doamne, c\u00e2t gunoi a fost scos, c\u00e2t praf, mald\u0103re de c\u0103r\u0163i&#8230; Seara i-a g\u0103sit la buc\u0103t\u0103rie, cum se spune, obosi\u0163i, dar mul\u0163umi\u0163i&#8230; El a \u00eembr\u0103\u0163i\u015fat-o, ea a r\u00e2s. Trec\u00e2nd pe l\u00e2ng\u0103 odaie, ei nu s-au putut re\u0163ine s\u0103 nu mai arunce o privire \u00een ea. Camera str\u0103lucea. Pe podea \u2013 un covor pufos. \u00cen col\u0163 \u2013 un palmier splendid. Ni\u015fte lustre pl\u0103cute, un fotoliu moale, intri \u015fi sim\u0163i un confort moale, care nu agaseaz\u0103, pentru trup \u015fi suflet, ochiul nu are pe ce se opri, mult spa\u0163iu liber, mult spa\u0163iu in cap. Ei st\u0103teau descul\u0163i \u00een mijlocul od\u0103ii, cuprinz\u00e2ndu-se, \u015fi-n aceast\u0103 clip\u0103 au sim\u0163it c\u0103 nu mai au nimic comun, c\u0103 aceast\u0103 idee, dup\u0103 cum se vede, era unica punte dintre ei, iar acum puntea s-a pr\u0103bu\u015fit \u015fi \u00een locul ei, straniu lucru, n-a ap\u0103rut nimic. Ei au mai stat vreo dou\u0103zeci de minute, nu aveau ce vorbi, p\u0103rea c\u0103 \u00eense\u015fi discu\u0163iile \u015fi-au pierdut sensul. A doua zi ei s-au desp\u0103r\u0163it pentru totdeauna.<\/p>\n<p>&nbsp;<\/p>\n<p><strong>2<\/strong>. Era o poant\u0103 mi\u015fto. La sigur c\u0103 o \u015fti\u0163i: te apropii de feti\u0163\u0103 \u015fi-i spui: \u201e\u00cemi placi&#8230;\u201d, iar dup\u0103 o pauz\u0103, depinde, cine \u015fi c\u00e2t poate s\u0103 reziste c\u0103 s\u0103 nu \u00eenceap\u0103 a necheza colegii, dar fat\u0103 s\u0103 dovedeasc\u0103 s\u0103 ro\u015feasc\u0103 \u015fi s\u0103 se piard\u0103 cu firea, adaugi: \u201ec\u00e2nd te fug\u0103resc cu m\u0103tura prin coridor\u201d. To\u0163i \u015ftiu aceast\u0103 glum\u0103, dar, de fiecare dat\u0103, ea produce un mare efect. C\u00e2nd \u00een clasa lor a venit o fat\u0103 nou\u0103, el \u015ftia la sigur c\u0103 va face cu ea gluma asta.<\/p>\n<p>Ea \u015fi-a str\u00e2ns c\u0103r\u0163ile, concentrat\u0103, g\u00e2ndindu-se la ceva, apoi porni spre ie\u015fire. El \u00eei \u00eengr\u0103di calea. Ea se lovi de um\u0103rul lui \u015fi, surprins\u0103 de obstacol, se rezem\u0103, pierdut\u0103, de o banc\u0103. El o privea \u0163int\u0103. Se pare c\u0103 to\u0163i au \u00een\u0163eles ce va urma, iar el, anticip\u00e2nd nechezatul zgomotos, pronun\u0163\u0103 ferm: \u201e\u00cemi placi&#8230;\u201d \u015ei \u00eencepu s\u0103 \u0163in\u0103 pauza. \u015etia: cu c\u00e2t mai mult o \u0163ii, cu at\u00e2t e mai puternic efectul. La marginea c\u00e2mpului de vedere, el observ\u0103 c\u0103 to\u0163i sunt gata s\u0103 se cutremure de r\u00e2s, arunc\u00e2nd de pe sine \u00eencordarea lec\u0163iei. Ea nu ro\u015fi, pauza se cam \u00eentinse. Ea st\u0103tea, pur \u015fi simplu, \u015fi privea undeva, undeva foarte ad\u00e2nc \u00een el&#8230;<\/p>\n<p>Ei mergeau pe strad\u0103 \u2013 era mult soare \u015fi b\u0103ltoacele se uscau deja.<\/p>\n<p>&nbsp;<\/p>\n<p><strong>3<\/strong>. El a intrat \u00een ora\u015f diminea\u0163a. Cineva poate vedea \u00een asta un simbol, cineva \u2013 nu. Eu personal prefer s\u0103 privesc lucrurile simplu: ei bine, a intrat, ce-i din asta? Deja se i\u0163i soarele \u015fi asfaltul ulicioarelor \u00eenguste se \u00eenc\u0103lzise pu\u0163in. Aceast\u0103 c\u0103ldur\u0103 nu te \u00eenc\u0103lzea, ci, mai cur\u00e2nd, doar promitea s\u0103 \u00eenc\u0103lzeasc\u0103. \u00cei era simpatic\u0103 aceast\u0103 promisiune. \u00cel \u00een\u0163eleg: promisiunea este totdeauna ceva mai proasp\u0103t, mar puternic dec\u00e2t orice determinare, doar dac\u0103 aceast\u0103 determinare nu este de a\u015fa natur\u0103 c\u0103 ar con\u0163ine \u00een sine un h\u0103u \u00een care se poate pr\u0103bu\u015fi totul \u00een orice moment. Desigur, \u00eent\u00e2lnea \u00een cale oameni, unde a\u0163i v\u0103zut dumneavoastr\u0103 ora\u015f f\u0103r\u0103 oameni, dar fe\u0163ele lor erau parc\u0103 \u00eence\u0163o\u015fate, ia a\u015fa, o cea\u0163\u0103 u\u015foar\u0103 ce ascunde tr\u0103s\u0103turile fe\u0163ei, iar la al\u0163ii nici nu se vedeau fe\u0163ele. Poate, aburirile p\u0103trunse de razele soarelui creau acest tablou bizar. El mergea f\u0103r\u0103 un scop determinat \u2013 abia se n\u0103scuse \u015fi \u00eenc\u0103 nu avea scop.<\/p>\n<p>Uneori ba fa\u0163ada unei case, ba ni\u015fte fr\u00e2nturi de vorb\u0103 ne\u00een\u0163eleas\u0103 \u00eei aduceau ceva mai mult dec\u00e2t o simpl\u0103 impresie, la o adic\u0103, acest ceva s-ar putea numi amintire, dar, desigur, asta nu era amintire, c\u0103ci el abia se n\u0103scuse \u015fi nu avea ce \u0163ine minte. C\u00e2nd marea l-a aruncat pe \u0163\u0103rm, c\u00e2nd arborii s-au aplecat, cobor\u00e2ndu-l domol din coroanele lor pe p\u0103m\u00e2nt, iarba s-a dat la o parte \u00een fa\u0163a lui \u015fi drumul era limpede, \u015fi totul era at\u00e2t de simplu. C\u00e2nd iarba lu\u0103 sf\u00e2r\u015fit, \u00een fa\u0163a lui se a\u015fternu colbul drumului \u015fi calea \u00eei era tot at\u00e2t de limpede. Nici un g\u00e2nd nu-i ap\u0103rea \u00een piept, iar g\u00e2ndurile din cap nu-i pl\u0103ceau, el nu le agrea at\u00e2t de mult, \u00eenc\u00e2t ele o sim\u0163eau de departe \u015fi c\u0103utau s\u0103-l ocoleasc\u0103. Din ad\u00e2nc \u00ee\u015fi ar\u0103tau capetele bizare diferite f\u0103pturi, dar \u015fi ele c\u0103utau s\u0103 se cufunde undeva mai ad\u00e2nc atunci c\u00e2nd aten\u0163ia lui le arunca o privire fugar\u0103. C\u00e2nd el trecu pe l\u00e2ng\u0103 o fa\u0163ad\u0103 lung\u0103, galben\u0103 cu pervazuri albe, \u00eentoarse pe dos, ie\u015fi la suprafa\u0163\u0103 un pe\u015fte pe nume Singur\u0103tate \u015fi pe\u015ftele d\u0103du din cap, cerul era senin. El nu avea nici undi\u0163\u0103, nici c\u00e2rlig, nici dorin\u0163\u0103 de a undi \u015fi pe\u015ftele, d\u00e2nd din coad\u0103 \u00een ritmul pa\u015filor lui, plec\u0103. \u015ei era totul at\u00e2t de bine, \u00eenc\u00e2t drumul s-a \u00eencovoiat de pl\u0103cere, iar el a fost nevoit s\u0103 ocoleasc\u0103 o gaur\u0103 \u00een asfalt.<\/p>\n<p>\u00cen piept avea o sp\u0103rtur\u0103. Adic\u0103, de fapt, \u015ftim cu to\u0163ii c\u0103 acolo nu-s nici un fel de sp\u0103rturi, po\u0163i s\u0103 pui m\u00e2na \u015fi s\u0103 pip\u0103i, dac\u0103 cineva s-a scr\u00e2ntit de-a binelea \u015fi nu \u015ftie de are sau nu o sp\u0103rtur\u0103 \u00een piept, dar \u00een pieptul lui era o sp\u0103rtur\u0103 \u015fi-n sp\u0103rtur\u0103 \u015fuiera v\u00e2ntul, v\u00e2ntul era violet \u015fi cleios, smulg\u00e2ndu-se din urm\u0103, el se \u00eenv\u00e2rtejea \u015fi-i floc\u0103ia p\u0103rul care f\u0103cea un mo\u0163 caraghios la ceaf\u0103.<\/p>\n<p>O feti\u0163\u0103 \u015fedea pe pervazul etajului doi, l\u0103s\u00e2nd picioarele \u00een jos. Sigur, \u015fi mama, \u015fi tata i-au spus de mai multe ori c\u0103 nu se poate s\u0103 stai a\u015fa, dar ei nu-i era nici \u00een cot nici de mama, nici de tata \u015fi dac\u0103 ei ar fi murit \u00eentr-o clip\u0103, ea ar fi pl\u00e2ns pu\u0163in, dar pu\u0163in de tot, a\u015fa se pl\u00e2nge c\u00e2nd la gr\u0103dini\u0163\u0103 este smuls\u0103 o tuf\u0103 uscat\u0103 sub care s-a deprins s\u0103 stea, privind deasupra capetelor. Ea \u015fedea aici deja mai mult de o or\u0103, soarele \u00eei \u00eenc\u0103lzise picioru\u015fele \u015fi de la asta ap\u0103ru un g\u00e2dilici u\u015for, care se ridica mai sus, sub fusti\u0163\u0103 \u015fi se scurgea u\u015for \u00een subsuori. A\u015fa se spune \u2013 \u201e\u00een subsuori\u201d? Sau se obi\u015fnuie\u015fte a spune cumva altfel? Ei, tot una, \u00een subsuorii ei era dulce \u015fi cald.<\/p>\n<p>C\u00e2nd el s-a apropiat de aleea cu plopi, aceia i-au aruncat \u00een fa\u0163\u0103 un smoc de puf. El s-a \u00eenveselit stra\u015fnic, dar, desigur, nu \u015fi-a dat veselia pe fa\u0163\u0103, las\u0103-i s\u0103 cread\u0103 c\u0103 nu-i pas\u0103 de nimic, c\u0103 el e furat de g\u00e2ndurile sale \u015fi smocul \u0103sta de puf e o nimica toat\u0103&#8230; iar picioarele l-au purtat singure spre ulicioara cea mai apropiat\u0103. Privirea \u00eei c\u0103zu drept pe picioru\u015fele feti\u0163ei. Ele erau at\u00e2t de apetisante, dege\u0163elele firave se jucau \u00eentr-un joc necunoscut al lor, pufu\u015forul fin de pe glezne \u015fi pulpe, care putea fi v\u0103zut doar de aproape, at\u00e2t de aproape ca s\u0103 sim\u0163i mirosul pielii. El s-a apropiat, s-a oprit \u015fi a ridicat capul \u00een sus. Iepura\u015fi rozi s\u0103ltau sub fusta ei, \u00eempiedic\u00e2ndu-l s\u0103 se concentreze. Atunci el privi mai sus \u015fi v\u0103zu ochi\u015forii ei. \u015ei atunci cerul se sparse \u015fi bubui tunetul.<\/p>\n<p>&nbsp;<\/p>\n<p>***<\/p>\n<p>&nbsp;<\/p>\n<p>&#8211; Eu te cunosc?<\/p>\n<p>&#8211; Eu te cunosc?<\/p>\n<p>&#8211; Eu te cunosc.<\/p>\n<p>&#8211; Eu te cunosc.<\/p>\n<p>&#8211; Era cea\u0163\u0103, era liliac, era un p\u0103m\u00e2nt negru, privirea-mi era str\u0103vezie, vocea m-a tr\u0103dat, un nod se ridic\u0103, pieptul strig\u0103, v\u00e2rtejul porni a se roti, m-am trezit \u015fi am \u00eenceput s\u0103 m\u0103 bat cu capul. Am vrut s\u0103 adorm iar, eram gata s\u0103 dau totul pentru \u00eenc\u0103 un minut de somn, at\u00e2t de mult am a\u015fteptat, at\u00e2t de mult am visat \u2013 \u015fi toate astea mi-s date doar \u00eentr-o singur\u0103 clip\u0103 de vis? Un vis curat ca lacrima, lacrimi inutile ca visul&#8230;<\/p>\n<p>&#8211; N-am \u015ftiut despre tine, nu te-am v\u0103zut, n-am privit oglindirea ta \u00een pic\u0103tura de ap\u0103, n-am auzit vocea ta \u00een vuietul v\u00e2ntului, am visat&#8230; Scoar\u0163a aspr\u0103 a copacului, apa vertiginoas\u0103 a p\u00e2r\u00e2ului, cerul f\u0103r\u0103 margini \u2013 a\u015fa te-am c\u0103utat eu pe tine. \u015eedeam cu picioru\u015fele sp\u00e2nzurate, soarele-mi b\u0103tea \u00een ochi, un iepura\u015f de soare lic\u0103ri \u015fi m\u0103 orbi, am l\u0103sat ochii \u00een jos. A\u015fa te-am g\u0103sit pe tine.<\/p>\n<p>&#8211; Ce putem s\u0103 ne spunem unul altuia?<\/p>\n<p>&#8211; Nu avem pentru ce vorbi.<\/p>\n<p>&#8211; Ce putem face unul pentru cel\u0103lalt.<\/p>\n<p>&#8211; Totul e deja f\u0103cut.<\/p>\n<p>&#8211; A\u015fa-i bine.<\/p>\n<p>&#8211; A\u015fa-i bine. Oare chiar a\u015fa devreme, at\u00e2t de simplu \u00eemi voi tr\u0103i via\u0163a? Uite-a\u015fa, at\u00e2t de simplu?<\/p>\n<p>&#8211; Asta putea s\u0103 fie doar simplu.<\/p>\n<p>&#8211; \u015ei ce va urma?<\/p>\n<p>&#8211; Nu va urma nimic. Pur \u015fi simplu, nimic. Se \u00eent\u00e2mpl\u0103 \u015fi a\u015fa c\u0103 \u00eenainte nu-i nimic. Exist\u0103 ceva doar mai ad\u00e2nc, doar altfel. Acum \u2013 altfel.<\/p>\n<p>&#8211; Mi-i groaz\u0103, mi-i vesel, mi-i totul plin \u015fi dens.<\/p>\n<p>&#8211; Mi-i cald, mi-i rece, mi-i tihn\u0103.<\/p>\n<p>&#8211; Ei ne vor l\u0103sa?<\/p>\n<p>&#8211; Ei nu ne pot nimic. Ei dorm. Prive\u015fte \u00een ochii lor.<\/p>\n<p>&#8211; Ei nu pot nimic&#8230; ei dorm&#8230; c\u00e2t e de bine&#8230; c\u00e2t e de bine&#8230; va s\u0103 zic\u0103, se \u00eent\u00e2mpl\u0103, se \u00eent\u00e2mpl\u0103, se \u00eent\u00e2mpl\u0103! Se poate s\u0103 mai repet \u00eenc\u0103 de o mie de ori: \u201eSe \u00eent\u00e2mpl\u0103!\u201d<\/p>\n<p>&nbsp;<\/p>\n<p>C\u00e2nd \u00eencepu s\u0103 plou\u0103, prin fereastra deschis\u0103 a p\u0103truns pu\u0163in\u0103 ap\u0103 \u015fi covorul s-a udat de abia, va trebui s\u0103-l usuc, altfel va putrezi urzeala, de uscat se poate chiar \u015fi cu aspiratorul de praf sau, la urma urmelor, cu usc\u0103torul de p\u0103r!<\/p>\n<p>&nbsp;<\/p>\n<p><strong>4.<\/strong> Aplec\u00e2ndu-se, el se arunc\u0103 de dup\u0103 co\u015ful de gunoi, precis c\u0103 nu era a\u015fteptat aici, c\u0103ci to\u0163i s-au \u00eempr\u0103\u015ftiat ca pot\u00e2rnichile. Iar unul din ei, buim\u0103cit, alerg\u0103 drept spre el. El ap\u0103s\u0103 pe tr\u0103gaci. \u201eTra-ta-ta-ta\u201d \u2013 pistolul automat, din lemn, se propti \u00een burta b\u0103iatului, ochii aceluia v\u0103deau o spaim\u0103 total\u0103, chiar dac\u0103 l-au ucis, el fugi mai departe. \u201eTra-ta-ta-ta, r\u0103sun\u0103 \u00een urma lui, \u0163i-ajunge s\u0103 tr\u0103ie\u015fti, mori!\u201d Acela r\u0103ri pasul. \u201e\u0162i-ajunge s\u0103 tr\u0103ie\u015fti!\u201d<\/p>\n<p>\u00cen tufari \u00eencepu s\u0103 cronc\u0103neasc\u0103 p\u0103trunz\u0103tor o cioar\u0103.<\/p>\n<p>&nbsp;<\/p>\n<p><strong>5.<\/strong> Cernea o ploi\u0163\u0103, ba mai tare, ba mai \u00eencet. Deodat\u0103, r\u0103p\u0103itul ploii se \u00eente\u0163i \u015fi toat\u0103 lumea din jurul sta\u0163iei de autobuze se \u00eenvior\u0103, oamenii se gr\u0103bir\u0103 spre cel mai apropiat umbri\u015f. Am tras cu coada ochiului: dou\u0103 femei \u00een v\u00e2rst\u0103 \u00ee\u015fi luau r\u0103mas bun, cum se obi\u015fnuie\u015fte, se vede, de vreo c\u00e2teva minute, buzele lor m\u0103cinau ca totdeauna cojile cuvintelor, fe\u0163ele le erau c\u0103r\u0103miziu-binevoitoare. Cea care a\u015ftepta autobuzul \u00eencepu s\u0103 se fr\u0103suiasc\u0103, \u015fi-a ridicat gen\u0163ile \u015fi a pornit, \u015font\u00e2c-\u015font\u00e2c. Deodat\u0103 fa\u0163a celeilalte se crisp\u0103 \u015fi ea strig\u0103 \u00een urm\u0103 cu o voce ascu\u0163it\u0103: \u201eAutobuze mai mult n-o s\u0103 mai fie!\u201d Aerul se \u00eembib\u0103 cu nelini\u015fte, s-a format o bulboan\u0103, dou\u0103 m\u0103tu\u015fe se \u00eenv\u00e2rteau \u00een ea, iar \u00eemprejur se afla masa calm\u0103 a mul\u0163imii. \u201eAutobuze mai mult n-o s\u0103 mai fie!\u201d, continua s\u0103 strige insistent \u015fi f\u0103r\u0103 sens. Femeia care alerga se \u00eentoarse \u2013 ea z\u00e2mbea \u015fi z\u00e2mbetul ei ar\u0103ta clar c\u0103 i-i team\u0103 \u015fi i-i ru\u015fine: i-i team\u0103 pentru c\u0103 s-a speriat de-a binelea. I-i ru\u015fine fiindc\u0103, \u00een\u0163eleg\u00e2nd absurditatea situa\u0163iei, nu putea s\u0103 fac\u0103 nimic cu sine. \u201eAutobuze mai mult n-o s\u0103 mai fie!\u201d, strig\u0103 \u00eenc\u0103 o dat\u0103 femeia \u015fi, \u00eentorc\u00e2ndu-se, plec\u0103. To\u0163i s-au \u00eembulzit \u00een autobuz. Bulboana disp\u0103ru. C\u00e2nd m\u0103 \u00eentorceam spre casa mea, \u00eemi ie\u015fi \u00een \u00eent\u00e2mpinare o b\u0103tr\u00e2n\u0103 cu un c\u00e2ine. Straniu&#8230; Da\u2019 mie mi s-a spus c\u0103 ea umbl\u0103 cu coasa&#8230; \u015ei n-are de ce s\u0103 se plimbe ea pe aici, eu \u015fi f\u0103r\u0103 asta am \u00een\u0163eles totul. Ce impertinen\u0163\u0103! \u00centre altele, aveam \u00een geant\u0103 ni\u015fte gogo\u015fele gustoase!<\/p>\n<p>&nbsp;<\/p>\n<p>&nbsp;<\/p>\n","protected":false},"excerpt":{"rendered":"<p>1.\u00a0Ei s-au g\u0103sit unul pe altul \u2013 \u00een colbul drumului, \u00een bulboana nepl\u0103cerilor personale, inspira\u0163iilor \u015fi de\u015fert\u0103ciunii \u2013 ei s-au g\u0103sit unul pe altul. \u015ei a fost bine. Au \u00eenchiriat un apartament, serviciul nu-i prea obosea, era vreme, era dragoste, era senza\u0163ia clar\u0103 a faptului s\u0103 lumea se rote\u015fte \u00een direc\u0163ia necesar\u0103. Ei au \u00eenchiriat [&hellip;]<\/p>\n","protected":false},"author":4,"featured_media":0,"parent":15409,"menu_order":0,"comment_status":"open","ping_status":"closed","template":"","meta":{"_acf_changed":false,"footnotes":""},"class_list":["post-15415","page","type-page","status-publish","hentry"],"acf":[],"yoast_head":"<!-- This site is optimized with the Yoast SEO plugin v27.2 - https:\/\/yoast.com\/product\/yoast-seo-wordpress\/ -->\n<title>Meri\u015foare, dulci pomu\u015foare - Selection of Attractive States<\/title>\n<meta name=\"robots\" content=\"index, follow, max-snippet:-1, max-image-preview:large, max-video-preview:-1\" \/>\n<link rel=\"canonical\" href=\"https:\/\/bodhi.name\/ro\/home\/povestiri\/merisoare-dulci-pomusoare\/\" \/>\n<meta property=\"og:locale\" content=\"ro_RO\" \/>\n<meta property=\"og:type\" content=\"article\" \/>\n<meta property=\"og:title\" content=\"Meri\u015foare, dulci pomu\u015foare - Selection of Attractive States\" \/>\n<meta property=\"og:description\" content=\"1.\u00a0Ei s-au g\u0103sit unul pe altul \u2013 \u00een colbul drumului, \u00een bulboana nepl\u0103cerilor personale, inspira\u0163iilor \u015fi de\u015fert\u0103ciunii \u2013 ei s-au g\u0103sit unul pe altul. \u015ei a fost bine. Au \u00eenchiriat un apartament, serviciul nu-i prea obosea, era vreme, era dragoste, era senza\u0163ia clar\u0103 a faptului s\u0103 lumea se rote\u015fte \u00een direc\u0163ia necesar\u0103. Ei au \u00eenchiriat [&hellip;]\" \/>\n<meta property=\"og:url\" content=\"https:\/\/bodhi.name\/ro\/home\/povestiri\/merisoare-dulci-pomusoare\/\" \/>\n<meta property=\"og:site_name\" content=\"Selection of Attractive States\" \/>\n<meta property=\"article:modified_time\" content=\"2016-06-06T17:15:39+00:00\" \/>\n<meta name=\"twitter:card\" content=\"summary_large_image\" \/>\n<meta name=\"twitter:label1\" content=\"Timp estimat pentru citire\" \/>\n\t<meta name=\"twitter:data1\" content=\"12 minute\" \/>\n<script type=\"application\/ld+json\" class=\"yoast-schema-graph\">{\"@context\":\"https:\/\/schema.org\",\"@graph\":[{\"@type\":\"WebPage\",\"@id\":\"https:\/\/bodhi.name\/ro\/home\/povestiri\/merisoare-dulci-pomusoare\/\",\"url\":\"https:\/\/bodhi.name\/ro\/home\/povestiri\/merisoare-dulci-pomusoare\/\",\"name\":\"Meri\u015foare, dulci pomu\u015foare - Selection of Attractive States\",\"isPartOf\":{\"@id\":\"https:\/\/bodhi.name\/ru\/#website\"},\"datePublished\":\"2016-06-06T17:13:49+00:00\",\"dateModified\":\"2016-06-06T17:15:39+00:00\",\"breadcrumb\":{\"@id\":\"https:\/\/bodhi.name\/ro\/home\/povestiri\/merisoare-dulci-pomusoare\/#breadcrumb\"},\"inLanguage\":\"ro-RO\",\"potentialAction\":[{\"@type\":\"ReadAction\",\"target\":[\"https:\/\/bodhi.name\/ro\/home\/povestiri\/merisoare-dulci-pomusoare\/\"]}]},{\"@type\":\"BreadcrumbList\",\"@id\":\"https:\/\/bodhi.name\/ro\/home\/povestiri\/merisoare-dulci-pomusoare\/#breadcrumb\",\"itemListElement\":[{\"@type\":\"ListItem\",\"position\":1,\"name\":\"\u0413\u043b\u0430\u0432\u043d\u0430\u044f \u0441\u0442\u0440\u0430\u043d\u0438\u0446\u0430\",\"item\":\"https:\/\/bodhi.name\/ro\/\"},{\"@type\":\"ListItem\",\"position\":2,\"name\":\"Prima Pagin\u0103\",\"item\":\"https:\/\/bodhi.name\/ro\/\"},{\"@type\":\"ListItem\",\"position\":3,\"name\":\"Povestiri\",\"item\":\"https:\/\/bodhi.name\/ro\/home\/povestiri\/\"},{\"@type\":\"ListItem\",\"position\":4,\"name\":\"Meri\u015foare, dulci pomu\u015foare\"}]},{\"@type\":\"WebSite\",\"@id\":\"https:\/\/bodhi.name\/ru\/#website\",\"url\":\"https:\/\/bodhi.name\/ru\/\",\"name\":\"Selection of Attractive States\",\"description\":\"psihologie experimental\u0103\",\"potentialAction\":[{\"@type\":\"SearchAction\",\"target\":{\"@type\":\"EntryPoint\",\"urlTemplate\":\"https:\/\/bodhi.name\/ru\/?s={search_term_string}\"},\"query-input\":{\"@type\":\"PropertyValueSpecification\",\"valueRequired\":true,\"valueName\":\"search_term_string\"}}],\"inLanguage\":\"ro-RO\"}]}<\/script>\n<!-- \/ Yoast SEO plugin. -->","yoast_head_json":{"title":"Meri\u015foare, dulci pomu\u015foare - Selection of Attractive States","robots":{"index":"index","follow":"follow","max-snippet":"max-snippet:-1","max-image-preview":"max-image-preview:large","max-video-preview":"max-video-preview:-1"},"canonical":"https:\/\/bodhi.name\/ro\/home\/povestiri\/merisoare-dulci-pomusoare\/","og_locale":"ro_RO","og_type":"article","og_title":"Meri\u015foare, dulci pomu\u015foare - Selection of Attractive States","og_description":"1.\u00a0Ei s-au g\u0103sit unul pe altul \u2013 \u00een colbul drumului, \u00een bulboana nepl\u0103cerilor personale, inspira\u0163iilor \u015fi de\u015fert\u0103ciunii \u2013 ei s-au g\u0103sit unul pe altul. \u015ei a fost bine. Au \u00eenchiriat un apartament, serviciul nu-i prea obosea, era vreme, era dragoste, era senza\u0163ia clar\u0103 a faptului s\u0103 lumea se rote\u015fte \u00een direc\u0163ia necesar\u0103. Ei au \u00eenchiriat [&hellip;]","og_url":"https:\/\/bodhi.name\/ro\/home\/povestiri\/merisoare-dulci-pomusoare\/","og_site_name":"Selection of Attractive States","article_modified_time":"2016-06-06T17:15:39+00:00","twitter_card":"summary_large_image","twitter_misc":{"Timp estimat pentru citire":"12 minute"},"schema":{"@context":"https:\/\/schema.org","@graph":[{"@type":"WebPage","@id":"https:\/\/bodhi.name\/ro\/home\/povestiri\/merisoare-dulci-pomusoare\/","url":"https:\/\/bodhi.name\/ro\/home\/povestiri\/merisoare-dulci-pomusoare\/","name":"Meri\u015foare, dulci pomu\u015foare - Selection of Attractive States","isPartOf":{"@id":"https:\/\/bodhi.name\/ru\/#website"},"datePublished":"2016-06-06T17:13:49+00:00","dateModified":"2016-06-06T17:15:39+00:00","breadcrumb":{"@id":"https:\/\/bodhi.name\/ro\/home\/povestiri\/merisoare-dulci-pomusoare\/#breadcrumb"},"inLanguage":"ro-RO","potentialAction":[{"@type":"ReadAction","target":["https:\/\/bodhi.name\/ro\/home\/povestiri\/merisoare-dulci-pomusoare\/"]}]},{"@type":"BreadcrumbList","@id":"https:\/\/bodhi.name\/ro\/home\/povestiri\/merisoare-dulci-pomusoare\/#breadcrumb","itemListElement":[{"@type":"ListItem","position":1,"name":"\u0413\u043b\u0430\u0432\u043d\u0430\u044f \u0441\u0442\u0440\u0430\u043d\u0438\u0446\u0430","item":"https:\/\/bodhi.name\/ro\/"},{"@type":"ListItem","position":2,"name":"Prima Pagin\u0103","item":"https:\/\/bodhi.name\/ro\/"},{"@type":"ListItem","position":3,"name":"Povestiri","item":"https:\/\/bodhi.name\/ro\/home\/povestiri\/"},{"@type":"ListItem","position":4,"name":"Meri\u015foare, dulci pomu\u015foare"}]},{"@type":"WebSite","@id":"https:\/\/bodhi.name\/ru\/#website","url":"https:\/\/bodhi.name\/ru\/","name":"Selection of Attractive States","description":"psihologie experimental\u0103","potentialAction":[{"@type":"SearchAction","target":{"@type":"EntryPoint","urlTemplate":"https:\/\/bodhi.name\/ru\/?s={search_term_string}"},"query-input":{"@type":"PropertyValueSpecification","valueRequired":true,"valueName":"search_term_string"}}],"inLanguage":"ro-RO"}]}},"_links":{"self":[{"href":"https:\/\/bodhi.name\/ro\/wp-json\/wp\/v2\/pages\/15415","targetHints":{"allow":["GET"]}}],"collection":[{"href":"https:\/\/bodhi.name\/ro\/wp-json\/wp\/v2\/pages"}],"about":[{"href":"https:\/\/bodhi.name\/ro\/wp-json\/wp\/v2\/types\/page"}],"author":[{"embeddable":true,"href":"https:\/\/bodhi.name\/ro\/wp-json\/wp\/v2\/users\/4"}],"replies":[{"embeddable":true,"href":"https:\/\/bodhi.name\/ro\/wp-json\/wp\/v2\/comments?post=15415"}],"version-history":[{"count":4,"href":"https:\/\/bodhi.name\/ro\/wp-json\/wp\/v2\/pages\/15415\/revisions"}],"predecessor-version":[{"id":15419,"href":"https:\/\/bodhi.name\/ro\/wp-json\/wp\/v2\/pages\/15415\/revisions\/15419"}],"up":[{"embeddable":true,"href":"https:\/\/bodhi.name\/ro\/wp-json\/wp\/v2\/pages\/15409"}],"wp:attachment":[{"href":"https:\/\/bodhi.name\/ro\/wp-json\/wp\/v2\/media?parent=15415"}],"curies":[{"name":"wp","href":"https:\/\/api.w.org\/{rel}","templated":true}]}}