{"id":15277,"date":"2016-05-23T17:40:45","date_gmt":"2016-05-23T13:40:45","guid":{"rendered":"http:\/\/bodhi.name\/ro\/?page_id=15277"},"modified":"2016-05-23T17:40:45","modified_gmt":"2016-05-23T13:40:45","slug":"senzatiile","status":"publish","type":"page","link":"https:\/\/bodhi.name\/ro\/home\/selectie-2005-calea-spre-o-constiinta-lucida\/senzatiile\/","title":{"rendered":"Senza\u0163iile"},"content":{"rendered":"","protected":false},"excerpt":{"rendered":"","protected":false},"author":4,"featured_media":0,"parent":15243,"menu_order":0,"comment_status":"open","ping_status":"closed","template":"page-with-subsections.php","meta":{"_acf_changed":false,"footnotes":""},"class_list":["post-15277","page","type-page","status-publish","hentry"],"acf":[],"yoast_head":"<!-- This site is optimized with the Yoast SEO plugin v27.4 - https:\/\/yoast.com\/product\/yoast-seo-wordpress\/ -->\n<title>Senza\u0163iile - Selection of Attractive States<\/title>\n<meta name=\"robots\" content=\"index, follow, max-snippet:-1, max-image-preview:large, max-video-preview:-1\" \/>\n<link rel=\"canonical\" href=\"https:\/\/bodhi.name\/ro\/home\/selectie-2005-calea-spre-o-constiinta-lucida\/senzatiile\/\" \/>\n<meta property=\"og:locale\" content=\"ro_RO\" \/>\n<meta property=\"og:type\" content=\"article\" \/>\n<meta property=\"og:title\" content=\"Senza\u0163iile - Selection of Attractive States\" \/>\n<meta property=\"og:url\" content=\"https:\/\/bodhi.name\/ro\/home\/selectie-2005-calea-spre-o-constiinta-lucida\/senzatiile\/\" \/>\n<meta property=\"og:site_name\" content=\"Selection of Attractive States\" \/>\n<meta name=\"twitter:card\" content=\"summary_large_image\" \/>\n<script type=\"application\/ld+json\" class=\"yoast-schema-graph\">{\"@context\":\"https:\\\/\\\/schema.org\",\"@graph\":[{\"@type\":\"WebPage\",\"@id\":\"https:\\\/\\\/bodhi.name\\\/ro\\\/home\\\/selectie-2005-calea-spre-o-constiinta-lucida\\\/senzatiile\\\/\",\"url\":\"https:\\\/\\\/bodhi.name\\\/ro\\\/home\\\/selectie-2005-calea-spre-o-constiinta-lucida\\\/senzatiile\\\/\",\"name\":\"Senza\u0163iile - Selection of Attractive States\",\"isPartOf\":{\"@id\":\"https:\\\/\\\/bodhi.name\\\/ru\\\/#website\"},\"datePublished\":\"2016-05-23T13:40:45+00:00\",\"breadcrumb\":{\"@id\":\"https:\\\/\\\/bodhi.name\\\/ro\\\/home\\\/selectie-2005-calea-spre-o-constiinta-lucida\\\/senzatiile\\\/#breadcrumb\"},\"inLanguage\":\"ro-RO\",\"potentialAction\":[{\"@type\":\"ReadAction\",\"target\":[\"https:\\\/\\\/bodhi.name\\\/ro\\\/home\\\/selectie-2005-calea-spre-o-constiinta-lucida\\\/senzatiile\\\/\"]}]},{\"@type\":\"BreadcrumbList\",\"@id\":\"https:\\\/\\\/bodhi.name\\\/ro\\\/home\\\/selectie-2005-calea-spre-o-constiinta-lucida\\\/senzatiile\\\/#breadcrumb\",\"itemListElement\":[{\"@type\":\"ListItem\",\"position\":1,\"name\":\"\u0413\u043b\u0430\u0432\u043d\u0430\u044f \u0441\u0442\u0440\u0430\u043d\u0438\u0446\u0430\",\"item\":\"https:\\\/\\\/bodhi.name\\\/ro\\\/\"},{\"@type\":\"ListItem\",\"position\":2,\"name\":\"Prima Pagin\u0103\",\"item\":\"https:\\\/\\\/bodhi.name\\\/ro\\\/\"},{\"@type\":\"ListItem\",\"position\":3,\"name\":\"SELEC\u021aIE-2005: Calea spre o con\u015ftiin\u0163\u0103 lucid\u0103\",\"item\":\"https:\\\/\\\/bodhi.name\\\/ro\\\/home\\\/selectie-2005-calea-spre-o-constiinta-lucida\\\/\"},{\"@type\":\"ListItem\",\"position\":4,\"name\":\"Senza\u0163iile\"}]},{\"@type\":\"WebSite\",\"@id\":\"https:\\\/\\\/bodhi.name\\\/ru\\\/#website\",\"url\":\"https:\\\/\\\/bodhi.name\\\/ru\\\/\",\"name\":\"Selection of Attractive States\",\"description\":\"psihologie experimental\u0103\",\"potentialAction\":[{\"@type\":\"SearchAction\",\"target\":{\"@type\":\"EntryPoint\",\"urlTemplate\":\"https:\\\/\\\/bodhi.name\\\/ru\\\/?s={search_term_string}\"},\"query-input\":{\"@type\":\"PropertyValueSpecification\",\"valueRequired\":true,\"valueName\":\"search_term_string\"}}],\"inLanguage\":\"ro-RO\"}]}<\/script>\n<!-- \/ Yoast SEO plugin. -->","yoast_head_json":{"title":"Senza\u0163iile - Selection of Attractive States","robots":{"index":"index","follow":"follow","max-snippet":"max-snippet:-1","max-image-preview":"max-image-preview:large","max-video-preview":"max-video-preview:-1"},"canonical":"https:\/\/bodhi.name\/ro\/home\/selectie-2005-calea-spre-o-constiinta-lucida\/senzatiile\/","og_locale":"ro_RO","og_type":"article","og_title":"Senza\u0163iile - Selection of Attractive States","og_url":"https:\/\/bodhi.name\/ro\/home\/selectie-2005-calea-spre-o-constiinta-lucida\/senzatiile\/","og_site_name":"Selection of Attractive States","twitter_card":"summary_large_image","schema":{"@context":"https:\/\/schema.org","@graph":[{"@type":"WebPage","@id":"https:\/\/bodhi.name\/ro\/home\/selectie-2005-calea-spre-o-constiinta-lucida\/senzatiile\/","url":"https:\/\/bodhi.name\/ro\/home\/selectie-2005-calea-spre-o-constiinta-lucida\/senzatiile\/","name":"Senza\u0163iile - Selection of Attractive States","isPartOf":{"@id":"https:\/\/bodhi.name\/ru\/#website"},"datePublished":"2016-05-23T13:40:45+00:00","breadcrumb":{"@id":"https:\/\/bodhi.name\/ro\/home\/selectie-2005-calea-spre-o-constiinta-lucida\/senzatiile\/#breadcrumb"},"inLanguage":"ro-RO","potentialAction":[{"@type":"ReadAction","target":["https:\/\/bodhi.name\/ro\/home\/selectie-2005-calea-spre-o-constiinta-lucida\/senzatiile\/"]}]},{"@type":"BreadcrumbList","@id":"https:\/\/bodhi.name\/ro\/home\/selectie-2005-calea-spre-o-constiinta-lucida\/senzatiile\/#breadcrumb","itemListElement":[{"@type":"ListItem","position":1,"name":"\u0413\u043b\u0430\u0432\u043d\u0430\u044f \u0441\u0442\u0440\u0430\u043d\u0438\u0446\u0430","item":"https:\/\/bodhi.name\/ro\/"},{"@type":"ListItem","position":2,"name":"Prima Pagin\u0103","item":"https:\/\/bodhi.name\/ro\/"},{"@type":"ListItem","position":3,"name":"SELEC\u021aIE-2005: Calea spre o con\u015ftiin\u0163\u0103 lucid\u0103","item":"https:\/\/bodhi.name\/ro\/home\/selectie-2005-calea-spre-o-constiinta-lucida\/"},{"@type":"ListItem","position":4,"name":"Senza\u0163iile"}]},{"@type":"WebSite","@id":"https:\/\/bodhi.name\/ru\/#website","url":"https:\/\/bodhi.name\/ru\/","name":"Selection of Attractive States","description":"psihologie experimental\u0103","potentialAction":[{"@type":"SearchAction","target":{"@type":"EntryPoint","urlTemplate":"https:\/\/bodhi.name\/ru\/?s={search_term_string}"},"query-input":{"@type":"PropertyValueSpecification","valueRequired":true,"valueName":"search_term_string"}}],"inLanguage":"ro-RO"}]}},"_links":{"self":[{"href":"https:\/\/bodhi.name\/ro\/wp-json\/wp\/v2\/pages\/15277","targetHints":{"allow":["GET"]}}],"collection":[{"href":"https:\/\/bodhi.name\/ro\/wp-json\/wp\/v2\/pages"}],"about":[{"href":"https:\/\/bodhi.name\/ro\/wp-json\/wp\/v2\/types\/page"}],"author":[{"embeddable":true,"href":"https:\/\/bodhi.name\/ro\/wp-json\/wp\/v2\/users\/4"}],"replies":[{"embeddable":true,"href":"https:\/\/bodhi.name\/ro\/wp-json\/wp\/v2\/comments?post=15277"}],"version-history":[{"count":1,"href":"https:\/\/bodhi.name\/ro\/wp-json\/wp\/v2\/pages\/15277\/revisions"}],"predecessor-version":[{"id":15278,"href":"https:\/\/bodhi.name\/ro\/wp-json\/wp\/v2\/pages\/15277\/revisions\/15278"}],"up":[{"embeddable":true,"href":"https:\/\/bodhi.name\/ro\/wp-json\/wp\/v2\/pages\/15243"}],"wp:attachment":[{"href":"https:\/\/bodhi.name\/ro\/wp-json\/wp\/v2\/media?parent=15277"}],"curies":[{"name":"wp","href":"https:\/\/api.w.org\/{rel}","templated":true}]}}