{"id":9831,"date":"2015-04-05T20:19:14","date_gmt":"2015-04-05T16:19:14","guid":{"rendered":"http:\/\/bodhi.name\/?page_id=9831"},"modified":"2015-04-05T20:20:00","modified_gmt":"2015-04-05T16:20:00","slug":"kapittel-44","status":"publish","type":"page","link":"https:\/\/bodhi.name\/nb\/maya-1-force-mineure\/kapittel-44\/","title":{"rendered":"Kapittel 44"},"content":{"rendered":"<p>Etter at jeg har n\u00e6rmet seg inngang, porten har \u00e5pnet seg. Er det noen som passer p\u00e5 den hele tid? Kaoru har v\u00e6rt alene.<\/p>\n<p>&#8211; Kaoru, passer du p\u00e5 inngang hele tid?:)<\/p>\n<p>&#8211; Ikke v\u00e6r dum, Maja. Du lever i det tjuef\u00f8rste \u00e5rhundre. Det st\u00e5r f\u00f8lere langs veien som styrer en mekanisme som \u00e5pner d\u00f8r. Der er ikke noe rart her.<\/p>\n<p>&#8211; Hva om det skal komme noen ukjent?<\/p>\n<p>&#8211; Men dette er jo ikke noen hemmelig sted her! Alle innbyggere vet at dette er en privat skole for yoga. Hvorfor skal noen kommet hit? Det er ikke noe s\u00e6rlig interessant her. Det er sjedelig her&#8230; La oss g\u00e5 til Misjel.<\/p>\n<p>Et hus av Misjel s\u00e5 ikke s\u00e5 vennlig ut.<\/p>\n<p>&#8211; \u201dCommandos\u201d bor her?<\/p>\n<p>&#8211; Ja, &#8211; Kaoru smilte. \u201dCommandos\u201d er bare et sp\u00f8k. Men noe de driver med er ikke s\u00e5 latterlig.<\/p>\n<p>Hun \u00e5pnet d\u00f8r og dytte meg inn. S\u00e5 forsvant hun.<\/p>\n<p>Jeg har ikke forventet \u00e5 se noe jeg s\u00e5 der inne.<\/p>\n<p>&nbsp;<\/p>\n<p style=\"text-align: center;\"><strong>Ti \u00e5r senere<\/strong><\/p>\n<p>&#8211; Vasilij, gi meg kjole!<\/p>\n<p>&#8211; Greit, greit, Maja.. jeg er opptatt n\u00e5. Hver gang jeg setter seg for \u00e5 lese du ber meg om noe&#8230; Greit, jeg skal hente kjole!<\/p>\n<p>&#8211; Og hvor er Grisja? Gikk han til elv igjen? Jeg liker ikke hans venner. H\u00f8rer du hva jeg sier?<\/p>\n<p>&#8211; \u201dSpartak\u201d spiller i dag! Jeg har nesten glemt dette&#8230;<\/p>\n<p>&#8211; Hva?? Nei, jeg er lei av din fotball, &#8212; Maja gikk ut av baderommet halvnaken. \u2013 Jeg skal se p\u00e5 tv i dag. Og du kan g\u00e5 til nabo for \u00e5 se fotball der.<\/p>\n<p>Vasilij s\u00e5 p\u00e5 sin kone hatende.<\/p>\n<p>&#8211; Du vet vel at hans kone skriker p\u00e5 meg helet tid. Hvor skal jeg se fotball?<\/p>\n<p>&#8211; Jeg vet ikke&#8230; Husk at vi skal bes\u00f8ke v\u00e5re bekjente neste uke. Si til Grisja at han m\u00e5 komme hjem p\u00e5 tide. Og husk \u00e5 kj\u00f8pe en gave for v\u00e5re bekjente. Jeg har for mange oppgaver \u00e5 gj\u00f8re\u2026<\/p>\n<p>&#8211; Ikke fortell meg om dette igjen\u2026<\/p>\n<p>&nbsp;<\/p>\n<p>For en vill fantasi&#8230; hva ellers kunne jeg tenke p\u00e5 etter \u00e5 ha sett DETTE? Jeg s\u00e5 et s\u00e5 d\u00e5rlig bilde at jeg kunne ikke si noe annerledes. Jeg s\u00e5 p\u00e5 alt dette og tenkte om sitt fremtidig liv med ektemann.<\/p>\n<p>Misjel spiser et eple og ser p\u00e5 tv. En japaner spiser noe ved siden av henne. De ser p\u00e5 kricket! Helt vanvittig&#8230; Alle i Idnia ser kricket istedenfor fotball&#8230; dette er et av de dummeste spill i verden. En person kaster ball mens en annen sl\u00e5r ballen med en bred pinne. Og dette er alt de gj\u00f8r! De gjentar de samme handlinger tusener av ganger. N\u00e5 forst\u00e5r jeg at praktikanter ser p\u00e5 dette!<\/p>\n<p>Misjel inviterer meg inn.<\/p>\n<p>&#8211; \u00d8nsker du \u00e5 ha te?<\/p>\n<p>\u201dTe\u201d? For en stemme hun har. Den likner en stemme fra mine fantasier om fremtid. Jeg gikk til henne og r\u00f8rte japaner.<\/p>\n<p>&#8211; Kan du oppf\u00f8re seg litt mer anstendig?!<\/p>\n<p>&#8211; HVA??<\/p>\n<p>&#8211; Oppf\u00f8r seg litt mer anstendig, sier jeg!<\/p>\n<p>Hun ser s\u00e5 irritert ut!<\/p>\n<p>&#8211; Sett deg her. Vi har det moro her.<\/p>\n<p>&#8211; Vel&#8230;Misjel&#8230;hva hender her?<\/p>\n<p>&#8211; Jeg forestiller seg hva du opplever akkurat n\u00e5:)<\/p>\n<p>&#8211; Dette er jo helt vanvittig!<\/p>\n<p>&#8211; Ser du dette? \u2013 Misjel viste meg en notisbok. Har du legt merke til det at jeg har en notisbok alltid med seg?<\/p>\n<p>&#8211; Nei.<\/p>\n<p>&#8211; Jeg utf\u00f8rer en praksis av emosjonell polering ved \u00e5 sitte her med en idiotisk ansikt. Jeg gj\u00f8r dette uendelig! For hvis du skal slappe av for en stund, s\u00e5 skal NE oppst\u00e5 umiddelbart. Vi har skaprt spesielle forhold i denne bygning for \u00e5 skape hverdaglige NE i et menneske. Det finnes dumt musikk her ogs\u00e5. Dumme b\u00f8ker, dumme filmer. Folk samler seg her for \u00e5 diskutere om v\u00e6r, politikk. Folk skriker p\u00e5 hverandre her. Folk utrykker sin skuffelse og utilfredshet. Hver menneske oppdager sine form\u00f8rkelser og pr\u00f8ver \u00e5 bli kvitt dem her.<\/p>\n<p>&#8211; Hva for en form\u00f8rkelse er det om man bare spiller en idiot?<\/p>\n<p>&#8211; Det kan v\u00e6re hvilken som helst form\u00f8rkelse. F.eks. avhengighet av folkets mening. Du er redd av det at folk skal tro at du er virkelig dum. Dette er bare det f\u00f8rste trinn her. Den virkelig \u00f8velse begynner n\u00e5r du g\u00e5r ut og spiller en idiot blant vanlige mennesker. Det er veldig vanskelig \u00e5 fjerne bekymring av noens mening i virkelige omstendigheter. Vi kaller dette for sosiale eksperimenter. Vi fjerner veldig mange form\u00f8rkelser ved hjelp av sosiale eksperimenter. Jeg fjerner NE. Jeg skal gj\u00f8re alt for \u00e5 oppn\u00e5 sitt m\u00e5l.<\/p>\n<p>&#8211; Jeg liker din fortvilt bestemthet.<\/p>\n<p>&#8211; Jeg kan sammenlikne denne tilstand med noe. Opplevelser fremiser seg klarere n\u00e5r jeg fjerner NE. Det \u00e5 vende tilbake til tidligere liv er \u00e5 d\u00f8. Jeg \u00f8nsker \u00e5 bekjempe d\u00f8d. Folk tror at de d\u00f8r n\u00e5r deres hjerte stanses. Men i virkelighet de d\u00f8r n\u00e5r de opplever NE.<\/p>\n<p>Jeg har husket at Sart fortalte noe til praktikanter i Bodhgaja. N\u00e5 forstod jeg at de har \u00f8nsket \u00e5 forst\u00e5 han med hele sitt klarhet. N\u00e5 forstod jeg at Misjel sa noe noe riktig og viktig for meg. Jeg forstod at hver eneste negativ emosjon er en liten d\u00f8d.<\/p>\n<p>&#8211; Men alle d\u00f8r jo, Misjel\u2026<\/p>\n<p>&#8211; Hei sann, bestemor!! \u2013 Misjel lo av meg.<\/p>\n<p>&#8211; Hvorfro sier du \u201dbestemor\u201d?<\/p>\n<p>&#8211; Du har sikkert h\u00f8rt dette uttrykk mange ganger fra gamle mennesker. Hva vet du om d\u00f8d? \u201dD\u00f8d\u201d er et ubetydelig ord for deg. Du har aldri opplevd d\u00f8d. Du kan dermed ikke si noe om d\u00f8d. Jeg kan si at b\u00e5de jeg om en vanlig person lever. Men vi lever p\u00e5 ulike m\u00e5ter. Det samme gjelder for d\u00f8d. Det finnes forskjellig d\u00f8d. D\u00f8d er slutt p\u00e5 alt for dem som hadde d\u00e5rlig liv.<\/p>\n<p>Jeg var sjokkert&#8230; et ord \u201dd\u00f8d\u201d har forsvant i meg. Ogs\u00e5 andre ubetydelige ord knyttet til \u201dd\u00f8d\u201d har forsvunnet. N\u00e5 m\u00e5 jeg sikkert unders\u00f8ke alle ord&#8230; Dette likner en opplevelse jeg hadde etter \u00e5 ha sett i \u00f8ynene av Kam&#8230;<\/p>\n<p>&#8211; Fysisk opplevelse?<\/p>\n<p>&#8211; Hva?<\/p>\n<p>&#8211; Opplever du noe uvanlig i kroppen? \u2013 Misjel pekte p\u00e5 et sted hvor jeg opplevde \u201d\u00e5pning\u201d.<\/p>\n<p>&#8211; Akkurat.<\/p>\n<p>Jeg har \u00f8nsket \u00e5 sitte bare uten tanker eller ord. Jeg har opplevd en forst\u00e5else om d\u00f8d p\u00e5 en FYSISK m\u00e5te. Dette var fantastisk&#8230; Men nei, dette er ikke noe opplevelse. Jeg kan ikke f\u00f8le dette med kroppen. S\u00e5 hva er dette da?!<\/p>\n<p>Jeg opplevde frykt pga det som skjedde inne i meg. For en drittsek! Hvorfor har jeg opplevd redsel? Det var s\u00e5 viktig \u00e5 oppleve noe jeg har \u00f8nsket \u00e5 oppleve! Misjel s\u00e5 p\u00e5 meg med interesse&#8230; Jeg har begynt \u00e5 fortelle henne hva jeg opplevde.<\/p>\n<p>&#8211; Maja, du opplever selvmedlidenhet n\u00e5 som du forteller meg om dette.<\/p>\n<p>&#8211; S\u00e5 hva skal jeg gj\u00f8re?<\/p>\n<p>&#8211; Hva skal du gj\u00f8re? Du m\u00e5 gj\u00f8re det samme. Du skal fjerne negative emosjoner. Du skal s\u00f8ke p\u00e5 konsepsjoner som skaper disse NE. Du har nylig opplevd en ny Oppfatning. Dette er akkurat en ny oppfatning. Dette er virkning av direkte veiens praksis. Ettersom du fjerner form\u00f8rkelser og streber etter tiltrekkende for seg tilstander, det fremvises nye oppfatninger i deg. Du f\u00e5r en mulighet til \u00e5 oppdage nye tilstander. Du har f\u00e5tt ny erfaring og det verste ville hadde v\u00e6rt \u00e5 oppleve selvmedlidenhet pga s\u00e5 kortvarig opplevelse. Du har allerde f\u00e5tt denne erfaring! Du m\u00e5 forst\u00e5 at denne erfaring skal ikke forsvinne. Praksis best\u00e5r i det \u00e5 strebe etter tiltrekkende for deg opplevelser. Du blir vel ikke beundret av det at kroppen endrer seg n\u00e5r du blir tolv \u00e5r gammel og at kj\u00f8nnsorganer utvikler seg. Det samme gjelder for oppfatninger. Oppfatninger endres med alder og du f\u00e5r nye muligheter for \u00e5 endre seg. Du m\u00e5 oppsamle sine oppfatninger sekund for sekund. Du m\u00e5 kjempe for hver tiltrekkende for seg fremvisning. Du kunne vel oppleve tiltrekkende for seg tilstander istedenfor \u00e5 fjerne negative emosjoner. Dette f\u00f8les som gjenf\u00f8delse. Og det er umulig \u00e5 beskrive dette. Du m\u00e5 oppleve dette selv.<\/p>\n<p>Vi har i l\u00f8pet av ti minutter til satt stille. Michael og japaner skrev noe i sine notisb\u00f8ker. \u0432\u0431\u043b\u043e\u043a\u043d\u043e\u0442\u044f \u0442\u0430\u043c \u043a\u0430\u043a\u0438\u0435-\u0442\u043e \u043f\u043e\u043c\u0435\u0442\u043a\u0438. ker.tt stille.stander istedenfor \u00e5 fjerne negative emosjoner.ganer utvikler seg.er i deg.<\/p>\n<p>&#8211; Det vil si at alt her er bare et spill\u2026<\/p>\n<p>&#8211; Akkurat. \u00d8nsker du \u00e5 spille?:)<\/p>\n<p>&#8211; Nei, ikke n\u00e5\u2026<\/p>\n<p>&#8211; Du skal bli dum hvis du skal ha et dum ansikt. Og du skal bli idiot hvis du skal si idiotiske ord. Dette er en \u00f8velse. Jeg er sikker i det at du har opplevd tjue NE da du gikk fra d\u00f8r til meg.<\/p>\n<p>&#8211; Ja, jeg har opplevd mange NE. Du har alts\u00e5 sjekket meg da du har snakket irritert med meg, ikke sant?<\/p>\n<p>&#8211; Sjekke deg? Hvorfor skal jeg gj\u00f8re det?:) Maja, du m\u00e5 glemme sine skolevaner. Ingen bryr seg om deg her. Alle praktiserer her. Din tilstedev\u00e6relse her betyr at du har begynt \u00e5 praktisere. Du m\u00e5 bruke situasjonen for \u00e5 fjerne sine NE.<\/p>\n<p>&#8211; Jeg har ikke valgt \u00e5\u2026<\/p>\n<p>&#8211; Hva??<\/p>\n<p>&#8211; Vel, jeg er enig\u2026<\/p>\n<p>Utrolig at jeg opplever fortsatt s\u00e5 mange form\u00f8rkelser.<\/p>\n<p>&#8211; S\u00e5 hva gj\u00f8r dere ellers for \u00e5 \u00f8ve?<\/p>\n<p>&#8211; Hver menneske finner p\u00e5 sine egne m\u00e5ter&#8230;Noen foretrekker \u00e5 fjerne irritasjon, mens noen fjerner tilfredshet \u2026<\/p>\n<p>&#8211; Fjerner dere tilfredshet ogs\u00e5?<\/p>\n<p>&#8211; Selvsagt! Tilfredsher er dritt. Har ikke du merket at tilfredshet gj\u00f8r deg dummere? En som opplever tilfredshet kan \u00f8ve med praksis av skapelse av hverdagsliv for \u00e5 fjerne denne form\u00f8rkelse i seg. Det er verdt \u00e5 forestille seg sex&#8230;<\/p>\n<p>&#8211; Sex?<\/p>\n<p>&#8211; Selvsagt. Vanlige mennesker bruker sex for \u00e5 oppleve tilfredshet.<\/p>\n<p>&#8211; Betyr det at tilfredshet er noe d\u00e5rlig?<\/p>\n<p>&#8211; \u201dD\u00e5rlig\u201d??<\/p>\n<p>&#8211; Helvete, jeg mente&#8230; Alts\u00e5&#8230;<\/p>\n<p>&#8211; Det betyr at du st\u00f8tter en konsepsjon om at det finnes noen d\u00e5rlige og noen gode ting i verden. Det er ikke lett \u00e5 frigj\u00f8re seg fra en vane til \u00e5 st\u00f8tte konsepsjoner. Man kan eksempelvis bruke en praksis av mekanisk utskiftning. Jeg opplever tilfredshet av mange ting. Selve opplevelse av tilfredshet f\u00e5r meg til \u00e5 oppleve den i fremtid. Du m\u00e5 ikke veksle mellom tilfredshet og nytelse. Nytelse for\u00e5rsaker b\u00e5de energi og bestrebelse mens tilfredshet dreper deg. Du kan sjekke dette selv. Den verste konsepsjon handler om det at tilfredshet for\u00e5rsaker nytelse. Men i virkelighet alt er omvendt.<\/p>\n<p>&#8211; S\u00e5hvorfor opplever mennesker ikke for mye tilfredhset for \u00e5 forst\u00e5 dette?<\/p>\n<p>&#8211; Hvordan skal de gj\u00f8re dette?<\/p>\n<p>&#8211; Hva mener du?<\/p>\n<p>&#8211; Hvordan kan de oppleve for mye tilfredshet? Mennesker f\u00f8lger jo nesten aldri etter sine \u00f8nsker. Du opplever tilfredshet n\u00e5r du har noe du \u00f8nsker \u00e5 ha. Og mennesker oppn\u00e5r sine m\u00e5l veldig sjeldent.<\/p>\n<p>&#8211; Ja\u2026 dette er interessant\u2026 dette er vanskelig&#8230;<\/p>\n<p>&#8211; Vanskelig? \u2013 Michael nikket. \u2013 Og er ikke det vanskeligere \u00e5 leve i marasme? Du velger \u00e5 oppleve noe eller ikke selv, Maja.<\/p>\n","protected":false},"excerpt":{"rendered":"<p>Etter at jeg har n\u00e6rmet seg inngang, porten har \u00e5pnet seg. Er det noen som passer p\u00e5 den hele tid? Kaoru har v\u00e6rt alene. &#8211; Kaoru, passer du p\u00e5 inngang hele tid?:) &#8211; Ikke v\u00e6r dum, Maja. Du lever i det tjuef\u00f8rste \u00e5rhundre. Det st\u00e5r f\u00f8lere langs veien som styrer en mekanisme som \u00e5pner d\u00f8r. [&hellip;]<\/p>\n","protected":false},"author":8235,"featured_media":0,"parent":8272,"menu_order":0,"comment_status":"open","ping_status":"closed","template":"","meta":{"_acf_changed":false,"footnotes":""},"class_list":["post-9831","page","type-page","status-publish","hentry"],"acf":[],"yoast_head":"<!-- This site is optimized with the Yoast SEO plugin v27.4 - https:\/\/yoast.com\/product\/yoast-seo-wordpress\/ -->\n<title>Kapittel 44 - Utvalg av tiltrekkende tilstander<\/title>\n<meta name=\"robots\" content=\"index, follow, max-snippet:-1, max-image-preview:large, max-video-preview:-1\" \/>\n<link rel=\"canonical\" href=\"https:\/\/bodhi.name\/nb\/maya-1-force-mineure\/kapittel-44\/\" \/>\n<meta property=\"og:locale\" content=\"nb_NO\" \/>\n<meta property=\"og:type\" content=\"article\" \/>\n<meta property=\"og:title\" content=\"Kapittel 44 - Utvalg av tiltrekkende tilstander\" \/>\n<meta property=\"og:description\" content=\"Etter at jeg har n\u00e6rmet seg inngang, porten har \u00e5pnet seg. Er det noen som passer p\u00e5 den hele tid? Kaoru har v\u00e6rt alene. &#8211; Kaoru, passer du p\u00e5 inngang hele tid?:) &#8211; Ikke v\u00e6r dum, Maja. Du lever i det tjuef\u00f8rste \u00e5rhundre. Det st\u00e5r f\u00f8lere langs veien som styrer en mekanisme som \u00e5pner d\u00f8r. [&hellip;]\" \/>\n<meta property=\"og:url\" content=\"https:\/\/bodhi.name\/nb\/maya-1-force-mineure\/kapittel-44\/\" \/>\n<meta property=\"og:site_name\" content=\"Utvalg av tiltrekkende tilstander\" \/>\n<meta property=\"article:modified_time\" content=\"2015-04-05T16:20:00+00:00\" \/>\n<meta name=\"twitter:card\" content=\"summary_large_image\" \/>\n<meta name=\"twitter:label1\" content=\"Ansl. lesetid\" \/>\n\t<meta name=\"twitter:data1\" content=\"9 minutter\" \/>\n<script type=\"application\/ld+json\" class=\"yoast-schema-graph\">{\"@context\":\"https:\\\/\\\/schema.org\",\"@graph\":[{\"@type\":\"WebPage\",\"@id\":\"https:\\\/\\\/bodhi.name\\\/nb\\\/maya-1-force-mineure\\\/kapittel-44\\\/\",\"url\":\"https:\\\/\\\/bodhi.name\\\/nb\\\/maya-1-force-mineure\\\/kapittel-44\\\/\",\"name\":\"Kapittel 44 - Utvalg av tiltrekkende tilstander\",\"isPartOf\":{\"@id\":\"https:\\\/\\\/bodhi.name\\\/ru\\\/#website\"},\"datePublished\":\"2015-04-05T16:19:14+00:00\",\"dateModified\":\"2015-04-05T16:20:00+00:00\",\"breadcrumb\":{\"@id\":\"https:\\\/\\\/bodhi.name\\\/nb\\\/maya-1-force-mineure\\\/kapittel-44\\\/#breadcrumb\"},\"inLanguage\":\"nb-NO\",\"potentialAction\":[{\"@type\":\"ReadAction\",\"target\":[\"https:\\\/\\\/bodhi.name\\\/nb\\\/maya-1-force-mineure\\\/kapittel-44\\\/\"]}]},{\"@type\":\"BreadcrumbList\",\"@id\":\"https:\\\/\\\/bodhi.name\\\/nb\\\/maya-1-force-mineure\\\/kapittel-44\\\/#breadcrumb\",\"itemListElement\":[{\"@type\":\"ListItem\",\"position\":1,\"name\":\"\u0413\u043b\u0430\u0432\u043d\u0430\u044f \u0441\u0442\u0440\u0430\u043d\u0438\u0446\u0430\",\"item\":\"https:\\\/\\\/bodhi.name\\\/nb\\\/\"},{\"@type\":\"ListItem\",\"position\":2,\"name\":\"Maya-1: Force mineure\",\"item\":\"https:\\\/\\\/bodhi.name\\\/nb\\\/maya-1-force-mineure\\\/\"},{\"@type\":\"ListItem\",\"position\":3,\"name\":\"Kapittel 44\"}]},{\"@type\":\"WebSite\",\"@id\":\"https:\\\/\\\/bodhi.name\\\/ru\\\/#website\",\"url\":\"https:\\\/\\\/bodhi.name\\\/ru\\\/\",\"name\":\"Utvalg av tiltrekkende tilstander\",\"description\":\" Eksperimentell psykologi\",\"potentialAction\":[{\"@type\":\"SearchAction\",\"target\":{\"@type\":\"EntryPoint\",\"urlTemplate\":\"https:\\\/\\\/bodhi.name\\\/ru\\\/?s={search_term_string}\"},\"query-input\":{\"@type\":\"PropertyValueSpecification\",\"valueRequired\":true,\"valueName\":\"search_term_string\"}}],\"inLanguage\":\"nb-NO\"}]}<\/script>\n<!-- \/ Yoast SEO plugin. -->","yoast_head_json":{"title":"Kapittel 44 - Utvalg av tiltrekkende tilstander","robots":{"index":"index","follow":"follow","max-snippet":"max-snippet:-1","max-image-preview":"max-image-preview:large","max-video-preview":"max-video-preview:-1"},"canonical":"https:\/\/bodhi.name\/nb\/maya-1-force-mineure\/kapittel-44\/","og_locale":"nb_NO","og_type":"article","og_title":"Kapittel 44 - Utvalg av tiltrekkende tilstander","og_description":"Etter at jeg har n\u00e6rmet seg inngang, porten har \u00e5pnet seg. Er det noen som passer p\u00e5 den hele tid? Kaoru har v\u00e6rt alene. &#8211; Kaoru, passer du p\u00e5 inngang hele tid?:) &#8211; Ikke v\u00e6r dum, Maja. Du lever i det tjuef\u00f8rste \u00e5rhundre. Det st\u00e5r f\u00f8lere langs veien som styrer en mekanisme som \u00e5pner d\u00f8r. [&hellip;]","og_url":"https:\/\/bodhi.name\/nb\/maya-1-force-mineure\/kapittel-44\/","og_site_name":"Utvalg av tiltrekkende tilstander","article_modified_time":"2015-04-05T16:20:00+00:00","twitter_card":"summary_large_image","twitter_misc":{"Ansl. lesetid":"9 minutter"},"schema":{"@context":"https:\/\/schema.org","@graph":[{"@type":"WebPage","@id":"https:\/\/bodhi.name\/nb\/maya-1-force-mineure\/kapittel-44\/","url":"https:\/\/bodhi.name\/nb\/maya-1-force-mineure\/kapittel-44\/","name":"Kapittel 44 - Utvalg av tiltrekkende tilstander","isPartOf":{"@id":"https:\/\/bodhi.name\/ru\/#website"},"datePublished":"2015-04-05T16:19:14+00:00","dateModified":"2015-04-05T16:20:00+00:00","breadcrumb":{"@id":"https:\/\/bodhi.name\/nb\/maya-1-force-mineure\/kapittel-44\/#breadcrumb"},"inLanguage":"nb-NO","potentialAction":[{"@type":"ReadAction","target":["https:\/\/bodhi.name\/nb\/maya-1-force-mineure\/kapittel-44\/"]}]},{"@type":"BreadcrumbList","@id":"https:\/\/bodhi.name\/nb\/maya-1-force-mineure\/kapittel-44\/#breadcrumb","itemListElement":[{"@type":"ListItem","position":1,"name":"\u0413\u043b\u0430\u0432\u043d\u0430\u044f \u0441\u0442\u0440\u0430\u043d\u0438\u0446\u0430","item":"https:\/\/bodhi.name\/nb\/"},{"@type":"ListItem","position":2,"name":"Maya-1: Force mineure","item":"https:\/\/bodhi.name\/nb\/maya-1-force-mineure\/"},{"@type":"ListItem","position":3,"name":"Kapittel 44"}]},{"@type":"WebSite","@id":"https:\/\/bodhi.name\/ru\/#website","url":"https:\/\/bodhi.name\/ru\/","name":"Utvalg av tiltrekkende tilstander","description":" Eksperimentell psykologi","potentialAction":[{"@type":"SearchAction","target":{"@type":"EntryPoint","urlTemplate":"https:\/\/bodhi.name\/ru\/?s={search_term_string}"},"query-input":{"@type":"PropertyValueSpecification","valueRequired":true,"valueName":"search_term_string"}}],"inLanguage":"nb-NO"}]}},"_links":{"self":[{"href":"https:\/\/bodhi.name\/nb\/wp-json\/wp\/v2\/pages\/9831","targetHints":{"allow":["GET"]}}],"collection":[{"href":"https:\/\/bodhi.name\/nb\/wp-json\/wp\/v2\/pages"}],"about":[{"href":"https:\/\/bodhi.name\/nb\/wp-json\/wp\/v2\/types\/page"}],"author":[{"embeddable":true,"href":"https:\/\/bodhi.name\/nb\/wp-json\/wp\/v2\/users\/8235"}],"replies":[{"embeddable":true,"href":"https:\/\/bodhi.name\/nb\/wp-json\/wp\/v2\/comments?post=9831"}],"version-history":[{"count":2,"href":"https:\/\/bodhi.name\/nb\/wp-json\/wp\/v2\/pages\/9831\/revisions"}],"predecessor-version":[{"id":9833,"href":"https:\/\/bodhi.name\/nb\/wp-json\/wp\/v2\/pages\/9831\/revisions\/9833"}],"up":[{"embeddable":true,"href":"https:\/\/bodhi.name\/nb\/wp-json\/wp\/v2\/pages\/8272"}],"wp:attachment":[{"href":"https:\/\/bodhi.name\/nb\/wp-json\/wp\/v2\/media?parent=9831"}],"curies":[{"name":"wp","href":"https:\/\/api.w.org\/{rel}","templated":true}]}}