{"id":9829,"date":"2015-04-05T10:08:31","date_gmt":"2015-04-05T06:08:31","guid":{"rendered":"http:\/\/bodhi.name\/?page_id=9829"},"modified":"2015-04-05T10:08:31","modified_gmt":"2015-04-05T06:08:31","slug":"kapittel-43","status":"publish","type":"page","link":"https:\/\/bodhi.name\/nb\/maya-1-force-mineure\/kapittel-43\/","title":{"rendered":"Kapittel 43"},"content":{"rendered":"<p>Det var lettere \u00e5 g\u00e5 ut av landsby enn \u00e5 g\u00e5 inn der. Jeg har trykket en knapp og d\u00f8ren \u00e5pnet seg. Frykt er ogs\u00e5 en negativ emosjon. Jeg liker ikke frykt. Men&#8230; frykt kan ogs\u00e5 redde meg i noen situasjoner. Den hjelper meg \u00e5 overleve, ikke sant? Men jeg kan forst\u00e5 at jeg b\u00f8r ikke gj\u00f8re visse ting med sin egen hode. Det er helt klart at frykt er som oftest grunnl\u00f8s. Jeg skal fjerne \u00e5penbart falsk frykt.<\/p>\n<p>En hel gjeng av aper gikk ut av skogen. Det er noen tiere av dem her! De beveger seg forbi meg. Hva om de skal \u00f8nske \u00e5 spise meg?<\/p>\n<p>Etter to minutter de forsvar i skogen igjen. Det sitter en ape med apekatter p\u00e5 seg. Hun ser p\u00e5 meg. Jeg har ingenting \u00e5 gi henne. Jeg gikk til henne og s\u00e5 i hennes \u00f8yne. Jeg opplevde medlidenhet til henne. Oj&#8230; hun ble \u00f8yeblikkelig sint! En annen ape l\u00f8pte ut av skogen og satt seg foran meg. Han var ogs\u00e5 sint. Jeg forstod at jeg m\u00e5 ikke se i hans \u00f8yne. Jeg har gjort noe uventet. Jeg har n\u00e6rmet seg ham og s\u00e5 i hans \u00f8yne igjen. Jeg har begynt \u00e5 skrike p\u00e5 ham og viste ham sine tenner. Han gikk bort. N\u00e5 vet jeg at det er ikke verdt \u00e5 se i \u00f8yner av en ape. Det viser seg at frykt hjelper av og til \u00e5 finne en uventet l\u00f8sning. Jeg skal pr\u00f8ve \u00e5 fjerne noe \u00e5penbart falsk. S\u00e5 skal jeg unders\u00f8ke resten. Jeg skal sikkert kunne oppn\u00e5 mer klarhet n\u00e5r jeg skal fjerne negative emosjoner. \u043e\u044c\u0441\u044f.sikkert kunne oppn\u00e5 mer klarhet n\u00e5r jeg skal fjerne negative emosjoner.\u044b\u043c \u043b\u0438\u0446\u0430\u043c.\u0442\u0435\u043b\u044c\u043d\u043e\u0439 \u0440\u0435\u0434\u0430\u043a\u0446\u0438\u0438\u0435\u043d\u043d\u043e\u0441\u0442\u044c\u044e \u043f\u0435\u0440\u0435\u0435\u0434<\/p>\n<p>Det er s\u00e5 rart&#8230; Kaoru sa at hun er mild mens Misjel er commandos. Men de ser omvendt ut. Kaoru er streng og aktiv mens Misjel er s\u00e5 \u00f8m&#8230;<\/p>\n<p>&nbsp;<\/p>\n<p>Jeg brukte ti minutter for \u00e5 vandre rundt kontor av Den Hellige. Alle d\u00f8rer er \u00e5pne men jeg ser ingen mennesker. En gammel tibatansk mann ser p\u00e5 meg. Han sier noe. Jeg tror at dette er en viss praktisering. Jeg har pr\u00f8vd \u00e5 sp\u00f8rre ham. Men han snakker ikke p\u00e5 engelsk. Han har fortsettet sin praktisering.<\/p>\n<p>Jeg satte seg p\u00e5 en stol som stod i hage. Det er helt annet liv her. Det er vanskelig \u00e5 forestille seg at jeg levde annerledes. Jeg liker \u00e5 opplever b\u00e5de tibetansk type av levem\u00e5te og en levem\u00e5te som eksisterer i vanlig liv.<\/p>\n<p>&#8211; Venter du p\u00e5 noen? \u2013 en ikke s\u00e5 h\u00f8y tibetansk mann spurte meg.<\/p>\n<p>&#8211; Jeg \u00f8nsker \u00e5 snakke med noen fra kontor.<\/p>\n<p>&#8211; Jeg arbeider p\u00e5 kontor.<\/p>\n<p>&#8211; Virkelig? Det er bra:)Vel, si meg hvordan kan jeg m\u00f8te Karmapa.<\/p>\n<p>&#8211; Du m\u00e5 komme til hans kontor i morgen kl 11.<\/p>\n<p>&#8211; Og hvordan kommer jeg dit?<\/p>\n<p>&#8211; Du kan ta drosje. Men dette er for dyrt. Det er bedre \u00e5 ta buss til Norbulingi.<\/p>\n<p>&nbsp;<\/p>\n<p>Jeg skal sikkert aldri bli vant til deres \u201dlocal buss\u201d. Det er helt uvirkelig at denne stykke dritt kan kj\u00f8re! Det satt to hinduer sammen med meg p\u00e5 en sete. Mange passasjerer pr\u00f8vde \u00e5 singe for \u00e5 ikke h\u00f8re all den br\u00e5k som bussen skapte. Jeg gikk ut og tok en drosje.<\/p>\n<p>Etter \u00e5 ha kommet ut av bussen jeg har oppdaget at de ferier noe her. Hinduer sang og skrek noe. Dette var sikkert en av de mange fester.<\/p>\n<p>Jeg l\u00f8pte til en butikk for \u00e5 hvile. Men det stinker s\u00e5 j\u00e6vlig her inne! Jeg skal g\u00e5 ut igjen.<\/p>\n<p>Jeg brukte alle sine krefter for \u00e5 overvinne alle hindringer p\u00e5 vei til parkering.<\/p>\n<p>&nbsp;<\/p>\n<p>Mange mennesker stod og ventet p\u00e5 Karmapa. Karmapa er n\u00f8dt til \u00e5 se alle disse mennesker p\u00e5 sine m\u00f8ter! Alle smiler p\u00e5 den samme m\u00e5te. Hva opplever de n\u00e5? Jeg kan sp\u00f8rre dem! Jeg kommer til en ung gutt som snakker med en kvinne. Jeg sp\u00f8r hva f\u00f8ler de f\u00f8r en m\u00f8te med Karmapa.<\/p>\n<p>&#8211; O! O! Jeg er s\u00e5 bekymret\u2026 For han er jo en levende gud! Jeg f\u00f8ler seg som et barn foran ham. Han er 17 \u00e5r gammel og jeg er 40 \u00e5r gammel.<\/p>\n<p>&#8211; Jeg f\u00f8ler at det skal skje noe viktig med meg i dag, &#8211; sier gutten.<\/p>\n<p>Jeg forst\u00e5r at han er s\u00e5 interissert i det \u00e5 se p\u00e5 \u201dlevende gud\u201d. Men han har sikkert aldri opplevd en virkelig interesse f\u00f8r&#8230; Finnes det mennesker som opplever slik interesse? Ja, jeg har sett dem i Bodhgaja&#8230; Men alle andre mennesker&#8230; har de noe virkelig i seg?<\/p>\n<p>Og jeg opplever jo ofte de samme f\u00f8lelser som de! Jeg ble l\u00e6rt til \u00e5 beundre seg av visse ting ogs\u00e5&#8230; Hvordan har jeg levd f\u00f8r jeg kom til India? Det har alltid virket at livet er fullt med noen opplevelser. Men n\u00e5 husker jeg bare noen \u00f8yeblikk av sitt liv. Alt som jeg har regnet for klar og intensiv synes s\u00e5 ubetydelig n\u00e5. Dette er b\u00e5de skremmende og glad oppdagelse. Men jeg har ogs\u00e5 opplevd svak bestrebelse som har har f\u00e5tt meg til \u00e5 reise hit og begynne \u00e5 endre seg&#8230;<\/p>\n<p>\u2026Hvorfor trenger Karmapa alt dette? Denne ubetydelig leksjon og ubetydelige ritualer&#8230; Han er jo bare sytten \u00e5r gammel. Han ser p\u00e5 meg som et barn eller et dyr&#8230; Jeg \u00f8nsker \u00e5 se i hans \u00f8yne hele tid&#8230; Jeg lurer p\u00e5 om han opplever erotiske dr\u00f8mmer eller ikke.<\/p>\n<p>Jeg forst\u00e5r ingenting i allminnelig buddhisme. Hva betyr det \u00e5 se sin mor i hver vesen? Jeg ville ha forst\u00e5tt om de hadde snakket om Dalai-Lama&#8230; Jeg skj\u00f8nner heller ikke en ide om medlidelse. Det viktigste er hva du gj\u00f8r og ikke hva du opplever. De sier at jeg m\u00e5 gi alt jeg har. Hva om jeg skal gi en person noe og min gave skal ikke hjelpe ham? Nei, jeg er ikke enig i det at noen handlinger kan anses som hjlep. Dette skal ikke f\u00f8re man til noe godt. Alts\u00e5 buddhister tenker at deres \u201dgode\u201d er deres \u201dn\u00e5tid\u201d.<\/p>\n<p>Jeg gikk p\u00e5 en stil i Norbulings park til en bekk. Jeg har stanset her for \u00e5 tenke litt. S\u00e5 hva er bra og d\u00e5rlig? Hvis jeg \u00f8nsker \u00e5 bli forlyst, s\u00e5 skal alt som skal f\u00f8re til forlysning v\u00e6re bra for meg. Men dette kan ogs\u00e5 v\u00e6re ubehagelig for meg! Det betyr at jeg streber etter sine m\u00e5l og skaper situasjoner som skal for\u00e5rsake lidelse i meg. Men finnes det noen som sp\u00f8r meg om mine \u00f8nsker akkurat n\u00e5? Forteller buddhister om dette? Jeg har ikke h\u00f8rt dette&#8230;. Jeg forst\u00e5r ikke.<\/p>\n<p>S\u00e5 hva detyr medlidelse? Felles medlidelse? Tidligere trodde jeg at jeg m\u00e5 lide ogs\u00e5 hvis jeg ser at noen lider. S\u00e5 er dette en vei til forlysning?<\/p>\n<p>Jeg har ingen klarhet i dette. Jeg m\u00e5 g\u00e5 hjem. Men jeg kan sitte her for \u00e5 se p\u00e5 tibetansk kunst. Jeg m\u00e5 gj\u00f8re noe.<\/p>\n","protected":false},"excerpt":{"rendered":"<p>Det var lettere \u00e5 g\u00e5 ut av landsby enn \u00e5 g\u00e5 inn der. Jeg har trykket en knapp og d\u00f8ren \u00e5pnet seg. Frykt er ogs\u00e5 en negativ emosjon. Jeg liker ikke frykt. Men&#8230; frykt kan ogs\u00e5 redde meg i noen situasjoner. Den hjelper meg \u00e5 overleve, ikke sant? Men jeg kan forst\u00e5 at jeg b\u00f8r [&hellip;]<\/p>\n","protected":false},"author":8235,"featured_media":0,"parent":8272,"menu_order":0,"comment_status":"open","ping_status":"closed","template":"","meta":{"_acf_changed":false,"footnotes":""},"class_list":["post-9829","page","type-page","status-publish","hentry"],"acf":[],"yoast_head":"<!-- This site is optimized with the Yoast SEO plugin v27.4 - https:\/\/yoast.com\/product\/yoast-seo-wordpress\/ -->\n<title>Kapittel 43 - Utvalg av tiltrekkende tilstander<\/title>\n<meta name=\"robots\" content=\"index, follow, max-snippet:-1, max-image-preview:large, max-video-preview:-1\" \/>\n<link rel=\"canonical\" href=\"https:\/\/bodhi.name\/nb\/maya-1-force-mineure\/kapittel-43\/\" \/>\n<meta property=\"og:locale\" content=\"nb_NO\" \/>\n<meta property=\"og:type\" content=\"article\" \/>\n<meta property=\"og:title\" content=\"Kapittel 43 - Utvalg av tiltrekkende tilstander\" \/>\n<meta property=\"og:description\" content=\"Det var lettere \u00e5 g\u00e5 ut av landsby enn \u00e5 g\u00e5 inn der. Jeg har trykket en knapp og d\u00f8ren \u00e5pnet seg. Frykt er ogs\u00e5 en negativ emosjon. Jeg liker ikke frykt. Men&#8230; frykt kan ogs\u00e5 redde meg i noen situasjoner. Den hjelper meg \u00e5 overleve, ikke sant? Men jeg kan forst\u00e5 at jeg b\u00f8r [&hellip;]\" \/>\n<meta property=\"og:url\" content=\"https:\/\/bodhi.name\/nb\/maya-1-force-mineure\/kapittel-43\/\" \/>\n<meta property=\"og:site_name\" content=\"Utvalg av tiltrekkende tilstander\" \/>\n<meta name=\"twitter:card\" content=\"summary_large_image\" \/>\n<meta name=\"twitter:label1\" content=\"Ansl. lesetid\" \/>\n\t<meta name=\"twitter:data1\" content=\"6 minutter\" \/>\n<script type=\"application\/ld+json\" class=\"yoast-schema-graph\">{\"@context\":\"https:\\\/\\\/schema.org\",\"@graph\":[{\"@type\":\"WebPage\",\"@id\":\"https:\\\/\\\/bodhi.name\\\/nb\\\/maya-1-force-mineure\\\/kapittel-43\\\/\",\"url\":\"https:\\\/\\\/bodhi.name\\\/nb\\\/maya-1-force-mineure\\\/kapittel-43\\\/\",\"name\":\"Kapittel 43 - Utvalg av tiltrekkende tilstander\",\"isPartOf\":{\"@id\":\"https:\\\/\\\/bodhi.name\\\/ru\\\/#website\"},\"datePublished\":\"2015-04-05T06:08:31+00:00\",\"breadcrumb\":{\"@id\":\"https:\\\/\\\/bodhi.name\\\/nb\\\/maya-1-force-mineure\\\/kapittel-43\\\/#breadcrumb\"},\"inLanguage\":\"nb-NO\",\"potentialAction\":[{\"@type\":\"ReadAction\",\"target\":[\"https:\\\/\\\/bodhi.name\\\/nb\\\/maya-1-force-mineure\\\/kapittel-43\\\/\"]}]},{\"@type\":\"BreadcrumbList\",\"@id\":\"https:\\\/\\\/bodhi.name\\\/nb\\\/maya-1-force-mineure\\\/kapittel-43\\\/#breadcrumb\",\"itemListElement\":[{\"@type\":\"ListItem\",\"position\":1,\"name\":\"\u0413\u043b\u0430\u0432\u043d\u0430\u044f \u0441\u0442\u0440\u0430\u043d\u0438\u0446\u0430\",\"item\":\"https:\\\/\\\/bodhi.name\\\/nb\\\/\"},{\"@type\":\"ListItem\",\"position\":2,\"name\":\"Maya-1: Force mineure\",\"item\":\"https:\\\/\\\/bodhi.name\\\/nb\\\/maya-1-force-mineure\\\/\"},{\"@type\":\"ListItem\",\"position\":3,\"name\":\"Kapittel 43\"}]},{\"@type\":\"WebSite\",\"@id\":\"https:\\\/\\\/bodhi.name\\\/ru\\\/#website\",\"url\":\"https:\\\/\\\/bodhi.name\\\/ru\\\/\",\"name\":\"Utvalg av tiltrekkende tilstander\",\"description\":\" Eksperimentell psykologi\",\"potentialAction\":[{\"@type\":\"SearchAction\",\"target\":{\"@type\":\"EntryPoint\",\"urlTemplate\":\"https:\\\/\\\/bodhi.name\\\/ru\\\/?s={search_term_string}\"},\"query-input\":{\"@type\":\"PropertyValueSpecification\",\"valueRequired\":true,\"valueName\":\"search_term_string\"}}],\"inLanguage\":\"nb-NO\"}]}<\/script>\n<!-- \/ Yoast SEO plugin. -->","yoast_head_json":{"title":"Kapittel 43 - Utvalg av tiltrekkende tilstander","robots":{"index":"index","follow":"follow","max-snippet":"max-snippet:-1","max-image-preview":"max-image-preview:large","max-video-preview":"max-video-preview:-1"},"canonical":"https:\/\/bodhi.name\/nb\/maya-1-force-mineure\/kapittel-43\/","og_locale":"nb_NO","og_type":"article","og_title":"Kapittel 43 - Utvalg av tiltrekkende tilstander","og_description":"Det var lettere \u00e5 g\u00e5 ut av landsby enn \u00e5 g\u00e5 inn der. Jeg har trykket en knapp og d\u00f8ren \u00e5pnet seg. Frykt er ogs\u00e5 en negativ emosjon. Jeg liker ikke frykt. Men&#8230; frykt kan ogs\u00e5 redde meg i noen situasjoner. Den hjelper meg \u00e5 overleve, ikke sant? Men jeg kan forst\u00e5 at jeg b\u00f8r [&hellip;]","og_url":"https:\/\/bodhi.name\/nb\/maya-1-force-mineure\/kapittel-43\/","og_site_name":"Utvalg av tiltrekkende tilstander","twitter_card":"summary_large_image","twitter_misc":{"Ansl. lesetid":"6 minutter"},"schema":{"@context":"https:\/\/schema.org","@graph":[{"@type":"WebPage","@id":"https:\/\/bodhi.name\/nb\/maya-1-force-mineure\/kapittel-43\/","url":"https:\/\/bodhi.name\/nb\/maya-1-force-mineure\/kapittel-43\/","name":"Kapittel 43 - Utvalg av tiltrekkende tilstander","isPartOf":{"@id":"https:\/\/bodhi.name\/ru\/#website"},"datePublished":"2015-04-05T06:08:31+00:00","breadcrumb":{"@id":"https:\/\/bodhi.name\/nb\/maya-1-force-mineure\/kapittel-43\/#breadcrumb"},"inLanguage":"nb-NO","potentialAction":[{"@type":"ReadAction","target":["https:\/\/bodhi.name\/nb\/maya-1-force-mineure\/kapittel-43\/"]}]},{"@type":"BreadcrumbList","@id":"https:\/\/bodhi.name\/nb\/maya-1-force-mineure\/kapittel-43\/#breadcrumb","itemListElement":[{"@type":"ListItem","position":1,"name":"\u0413\u043b\u0430\u0432\u043d\u0430\u044f \u0441\u0442\u0440\u0430\u043d\u0438\u0446\u0430","item":"https:\/\/bodhi.name\/nb\/"},{"@type":"ListItem","position":2,"name":"Maya-1: Force mineure","item":"https:\/\/bodhi.name\/nb\/maya-1-force-mineure\/"},{"@type":"ListItem","position":3,"name":"Kapittel 43"}]},{"@type":"WebSite","@id":"https:\/\/bodhi.name\/ru\/#website","url":"https:\/\/bodhi.name\/ru\/","name":"Utvalg av tiltrekkende tilstander","description":" Eksperimentell psykologi","potentialAction":[{"@type":"SearchAction","target":{"@type":"EntryPoint","urlTemplate":"https:\/\/bodhi.name\/ru\/?s={search_term_string}"},"query-input":{"@type":"PropertyValueSpecification","valueRequired":true,"valueName":"search_term_string"}}],"inLanguage":"nb-NO"}]}},"_links":{"self":[{"href":"https:\/\/bodhi.name\/nb\/wp-json\/wp\/v2\/pages\/9829","targetHints":{"allow":["GET"]}}],"collection":[{"href":"https:\/\/bodhi.name\/nb\/wp-json\/wp\/v2\/pages"}],"about":[{"href":"https:\/\/bodhi.name\/nb\/wp-json\/wp\/v2\/types\/page"}],"author":[{"embeddable":true,"href":"https:\/\/bodhi.name\/nb\/wp-json\/wp\/v2\/users\/8235"}],"replies":[{"embeddable":true,"href":"https:\/\/bodhi.name\/nb\/wp-json\/wp\/v2\/comments?post=9829"}],"version-history":[{"count":1,"href":"https:\/\/bodhi.name\/nb\/wp-json\/wp\/v2\/pages\/9829\/revisions"}],"predecessor-version":[{"id":9830,"href":"https:\/\/bodhi.name\/nb\/wp-json\/wp\/v2\/pages\/9829\/revisions\/9830"}],"up":[{"embeddable":true,"href":"https:\/\/bodhi.name\/nb\/wp-json\/wp\/v2\/pages\/8272"}],"wp:attachment":[{"href":"https:\/\/bodhi.name\/nb\/wp-json\/wp\/v2\/media?parent=9829"}],"curies":[{"name":"wp","href":"https:\/\/api.w.org\/{rel}","templated":true}]}}