{"id":9824,"date":"2015-04-04T18:30:47","date_gmt":"2015-04-04T14:30:47","guid":{"rendered":"http:\/\/bodhi.name\/?page_id=9824"},"modified":"2015-04-04T18:30:47","modified_gmt":"2015-04-04T14:30:47","slug":"kapittel-41","status":"publish","type":"page","link":"https:\/\/bodhi.name\/nb\/maya-1-force-mineure\/kapittel-41\/","title":{"rendered":"Kapittel 41"},"content":{"rendered":"<p>En morgen i Daramsala. Tibetanske fjell som avspeiler kald sollys. Jeg har v\u00e5knet pga tanker om Taj&#8230; Detter ikke tanker&#8230; Jeg har dr\u00f8mt om at han var ved siden av meg og r\u00f8rte meg. Jeg lever p\u00e5 nytt. En ny evighet har begynt i dag. I g\u00e5r. Denne dag skal brenne i min minne. Jeg har fjernet negative emosjoner i g\u00e5r. Jeg vet ikke hvorda jeg har gjort dette. Jeg har blitt til et \u00f8nske selv. Raseri har brent inne i meg. N\u00e5 vet jeg hva Danny har snakket om. N\u00e5 forst\u00e5r jeg ham&#8230;<\/p>\n<p>&nbsp;<\/p>\n<p>Etter \u00e5 ha g\u00e5tt tjue minutter fra Mcleod omr\u00e5de i Daramsala, jeg har kommet til Lessi i Bagsa. Alt er s\u00e5 annerledes her. Jeg vet ikke hvordan kan jeg beskrive dette. Vel&#8230; Det finnes nesten ingen tibetanere, det er hinduer som lever her&#8230; I g\u00e5r jeg har pr\u00f8vd \u00e5 finne noen gutter (men det bor bare idioter her). Jeg har forst\u00e5tt at det finnes stor forskjell mellom tibetanere og hinduer. Tibetanere eier alle de dyreste butikker (smykke, kl\u00e6r, musikk). Hinduer selger gr\u00f8nnsaker og eier drosjeparken. Tibetanske gutter kommuniserer med europeiske jenter mens hinduer ser p\u00e5 dette misunnelig og opplever utilfredshet og sjalusi.<\/p>\n<p>\u2026Jeg m\u00e5 g\u00e5 til vannfall fortest mulig. Jeg g\u00e5r gjennom kloster og et monument av Hanuman.<\/p>\n<p>Jeg g\u00e5r opp til et fjell og ser at monker g\u00e5r dit ogs\u00e5. Vi g\u00e5r litt fortere for \u00e5 g\u00e5 forbi en familie av hinduer.<\/p>\n<p>Det er s\u00e5 bra at jeg kan tie med Lessi. Hun ber meg av og til om \u00e5 stanse for \u00e5 r\u00f8yke. Jeg liker \u00e5 v\u00e6re sammen med henne. Jeg oppfatter henne som et v\u00e5r og frisk luft.<\/p>\n<p>Det er s\u00e5 het. Vi liker \u00e5 g\u00e5 opp fort. Noen roper p\u00e5 oss men vi snur seg ikke. Vi vet hva vi \u00f8nsker \u00e5 gj\u00f8re.<\/p>\n<p>Kafe av Sjiva. Et tre av mariuana, planter med menneskelige ansikter. Noen spiller sjakk og noen ligger bare under sol. Jeg h\u00e5per vi skal g\u00e5 videre? Lessi har sikkert merket at jeg tviler og dyttet meg til \u00e5 g\u00e5 videre. Vi gikk ned fra sti til vannfall.<\/p>\n<p>Jeg har tatt av seg kl\u00e6r og f\u00f8lte varm vann fra vannfall. Lessi har gjort det samme og n\u00e5 kunne jeg se hennes kropp og bryst. S\u00e5 gikk vi til en liten innsj\u00f8 ved vannfall for \u00e5 sv\u00f8mme.<\/p>\n<p>!!! For en kald vann! Veldig kald! Jeg har skriket av kulde. Lessi lo av meg.<\/p>\n<p>&#8211; Uventet?<\/p>\n<p>Jeg l\u00f8pte ut av vann.<\/p>\n<p>&#8211; Uvirkelig kald!<\/p>\n<p>Lessi lo igjen.<\/p>\n<p>&#8211; For et ansiktsuttrykk du har n\u00e5! \u2013 hun s\u00e5 p\u00e5 meg i noen sekunder til og s\u00e5 l\u00e5 seg.<\/p>\n<p>Jeg har blitt varm igjen (<em>det er s\u00e5 behagelig \u00e5 f\u00f8le dette<\/em>). Notisbok, varm stein, vannfall, sol.<\/p>\n<p>Vannfall har f\u00e5tt meg til \u00e5 tenke om sysnbilder&#8230;vannfall og musikk&#8230;N\u00e5 skal jeg forst\u00e5 dette!&#8230; dette er bare en dr\u00f8m.<\/p>\n<p>Jeg har ikke merket at det gikk noen timer. Jeg har ikke skrevet noe i sin notisbok. Jeg tenkte at det er p\u00e5 tide \u00e5 g\u00e5 herfra for \u00e5 spise.<\/p>\n<p>Det er s\u00e5 bra \u00e5 f\u00f8le seg levende! \u2026Alt har endret seg igjen, &#8212; vannfall er avspeilet i steiner. Vann renner ned til dal. Solvarme omkring\u2026 Livet endres betydelig n\u00e5r jeg opplever ingen NE. Kunne jeg forestille seg at jeg skal oppleve noe lignende? Jeg kan ikke beskrive dette. Disse f\u00f8lelser overskrider alle mine forventninger. Men hvordan kan jeg beholde denne tilstand? Jeg m\u00e5 bare fjerne NE. N\u00e5 tenker jeg bare omdet at det skal v\u00e6re slik hele tid og at ingenting skal endre seg. Men jeg har tenkt slik ogs\u00e5 f\u00f8r. Og NE har oppst\u00e5tt igjen og igjen. Jeg venter hele tid p\u00e5 at noe skal v\u00e6re annerledes. Dette likner d\u00f8d&#8230; N\u00e5r jeg begynner \u00e5 kjempe, s\u00e5 opplever jeg Dette! For en underlig oppdagelse. Dette er den viktigste oppdagelse jeg har gjort til n\u00e5!<\/p>\n<p>&#8211; Du er s\u00e5 pen, Maja:)<\/p>\n<p>&#8211; Virkelig? Hvorfor tror du det?<\/p>\n<p>&#8211; Jeg vet ikke\u2026 I g\u00e5r du var s\u00e5 sjedelig. (Hun har merket &#8230; jeg f\u00f8lte skam). Og n\u00e5 du er litt annerledes. Du endrer seg s\u00e5 fort.<\/p>\n<p>Jeg har n\u00e6rmet seg henne og s\u00e5 i hennes \u00f8yne. En b\u00f8lge av friskhet. Hun har klemt mine skuldre og l\u00e5 meg p\u00e5 rygg. Jeg opplevde opphisselse. Lessi\u2026 Jeg s\u00e5 bestemthet og opphisselse i hennes \u00f8yne\u2026 Vi kysser hverandre&#8230; jeg \u00f8nsker \u00e5 st\u00f8nne. Hun r\u00f8rer min bryst&#8230;Vent! Jeg \u00f8nsker ikke \u00e5 oppleve orgasme s\u00e5 fort&#8230; Hvor lenge kan \u201dakkurat n\u00e5\u201d v\u00e6re?<\/p>\n<p>&nbsp;<\/p>\n<p>Vi g\u00e5r tilbake p\u00e5 en vei og h\u00f8rer mange motorriksjaer omkring seg. Jeg pr\u00f8ver \u00e5 sammenligne dagens morgen med n\u00e5tidens oppfatning av tid. Det virker at tanker har stanset og jeg klarer ikke \u00e5 gj\u00f8re dem levende. Jeg opplever lykksalighet i kropp. Hvordan kan jeg beskrive dette?&#8230;Frihet&#8230; Jeg \u00f8nsker \u00e5 v\u00e6re fri! H\u00f8rer du meg? H\u00f8rer du meg???<\/p>\n<p>&nbsp;<\/p>\n<p>&#8211; Lessi, jeg \u00f8nsker \u00e5 bes\u00f8ke en kloster. Er dette mulig?<\/p>\n<p>&#8211; Ja, jeg skal vise deg vei. Denne kloster befinner seg ved Dalai-Lamas bosted&#8230; Men de singer der ikke. De singer bare om dag. Fire monker singer hver dag. Alle monker samler seg for fest. Og du kan v\u00e6re sammen med dem.<\/p>\n<p>&#8211; Virkelig???<\/p>\n<p>&#8211; Hvorfor er du overrasket?<\/p>\n<p>&#8211; Vel&#8230; Er det virkelig mulig \u00e5 bare snakke med monker?<\/p>\n<p>&#8211; Ja.. Men f\u00e5 av dem snakker p\u00e5 engelsk.<\/p>\n<p>&#8211; Jeg s\u00f8ker etter en person som snakker p\u00e5 engelsk.<\/p>\n<p>&#8211; Greit.. Ok, jeg skal vise deg veien.<\/p>\n<p>&#8211; Ble du ikke skuffet pga at jeg forlater deg?<\/p>\n<p>&#8211; Litt:) Jeg \u00f8nsker ikke \u00e5 ha deg her bare pga det at jeg er skuffet. Jeg liker ikke det at jeg ble litt avhengig av deg. Du m\u00e5 ikke v\u00e6re skuffet, lille jente.<\/p>\n<p>&#8211; Du m\u00e5 ikke v\u00e6re skuffet, lille jente.<\/p>\n<p>&nbsp;<\/p>\n<p>Dette er noen blindvei her&#8230; Her kommer jeg! Monker g\u00e5r rundt p\u00e5 et lite omr\u00e5de laget av stein. Noen av dem sitter og leser mantra. Enhver av dem er konsentrert p\u00e5 sin egen praktisering. Men de snakker ikke med hverandre. Jeg ser ingen vennlighet mellom dem. Dette likner heller p\u00e5 en vitenskapelig institutt som forskere arbeider i. En gammel monk s\u00e5 meg og smilte. S\u00e5 gikk han videre og sang \u201dOm Mani Padme Hum\u201d. Jeg f\u00f8ler seg hjemme her! Men jeg vet ogs\u00e5 at jeg har kommet til en tibetansk kloster for f\u00f8rste gang. Jeg satte seg p\u00e5 en benk som jeg kunne se p\u00e5 en dal fra.<\/p>\n<p>Et lite vindue som er opplyst med sollys. Det er ikke s\u00e5 mange ting her. Veldig sterk glede. Dalai-Lama! Hvilken ansikt har han? Jeg kan ikke huske dette.<\/p>\n<p>Jeg stod opp for \u00e5 f\u00e5 vite alt dette med en gang. Jeg gikk til en monk og sier at jeg \u00f8nsker \u00e5 m\u00f8te Dalai-Lama. Han pekte meg p\u00e5 en monk som snakket engelsk.<\/p>\n<p>&#8211; Dalai Lama er ikke i Daramsala n\u00e5. Men han skal kanskje komme hit neste uke.<\/p>\n<p>&#8211; Kjenner dere Lobsang? Finnes det Lobsang her?<\/p>\n<p>De s\u00e5 p\u00e5 hverandre.<\/p>\n<p>&#8211; Jeg \u00f8nsker \u00e5 snakke med noen som kjenner Dalai-Lama godt.<\/p>\n<p>&#8211; Kanskje Karmapa?<\/p>\n<p>&#8211; Hvordan finner jeg ham? Kan jeg m\u00f8te ham?<\/p>\n<p>&#8211; Selvsagt. Det er bare \u00e5 reise til den nederste Daramsala.<\/p>\n<p>&#8211; S\u00e5 kan jeg m\u00f8te ham bare uten noen hindringer?<\/p>\n<p>&#8211; Vel, ja.. Han arrangerer m\u00f8ter tre ganger i uke. Og du kan komme dit. Hans kontor befinner seg ve hotellet Tibet i McLeod. Men det er l\u00f8rdag i dag, s\u00e5 du m\u00e5 vente ca fem dager til.<\/p>\n<p>&#8211; Fem dager? Vel, takk&#8230; Og hvor bor Dalai-Lama?<\/p>\n<p>&#8211; Der, &#8211; munker pekte p\u00e5 portene ikke langt herfra.<\/p>\n<p>Jeg forstod at jeg skal ikke f\u00e5 noen mer informasjon ut av dem. Jeg gikk til inngang.<\/p>\n<p>Vakt s\u00e5 p\u00e5 meg. Jeg spurte om jeg kunne g\u00e5 inn. Nei.. det kunne jeg ikke&#8230; Vel, da skal jeg m\u00f8te noen gutter og kanskje snakke med Lessi.<\/p>\n","protected":false},"excerpt":{"rendered":"<p>En morgen i Daramsala. Tibetanske fjell som avspeiler kald sollys. Jeg har v\u00e5knet pga tanker om Taj&#8230; Detter ikke tanker&#8230; Jeg har dr\u00f8mt om at han var ved siden av meg og r\u00f8rte meg. Jeg lever p\u00e5 nytt. En ny evighet har begynt i dag. I g\u00e5r. Denne dag skal brenne i min minne. Jeg [&hellip;]<\/p>\n","protected":false},"author":8235,"featured_media":0,"parent":8272,"menu_order":0,"comment_status":"open","ping_status":"closed","template":"","meta":{"_acf_changed":false,"footnotes":""},"class_list":["post-9824","page","type-page","status-publish","hentry"],"acf":[],"yoast_head":"<!-- This site is optimized with the Yoast SEO plugin v27.2 - https:\/\/yoast.com\/product\/yoast-seo-wordpress\/ -->\n<title>Kapittel 41 - Utvalg av tiltrekkende tilstander<\/title>\n<meta name=\"robots\" content=\"index, follow, max-snippet:-1, max-image-preview:large, max-video-preview:-1\" \/>\n<link rel=\"canonical\" href=\"https:\/\/bodhi.name\/nb\/maya-1-force-mineure\/kapittel-41\/\" \/>\n<meta property=\"og:locale\" content=\"nb_NO\" \/>\n<meta property=\"og:type\" content=\"article\" \/>\n<meta property=\"og:title\" content=\"Kapittel 41 - Utvalg av tiltrekkende tilstander\" \/>\n<meta property=\"og:description\" content=\"En morgen i Daramsala. Tibetanske fjell som avspeiler kald sollys. Jeg har v\u00e5knet pga tanker om Taj&#8230; Detter ikke tanker&#8230; Jeg har dr\u00f8mt om at han var ved siden av meg og r\u00f8rte meg. Jeg lever p\u00e5 nytt. En ny evighet har begynt i dag. I g\u00e5r. Denne dag skal brenne i min minne. Jeg [&hellip;]\" \/>\n<meta property=\"og:url\" content=\"https:\/\/bodhi.name\/nb\/maya-1-force-mineure\/kapittel-41\/\" \/>\n<meta property=\"og:site_name\" content=\"Utvalg av tiltrekkende tilstander\" \/>\n<meta name=\"twitter:card\" content=\"summary_large_image\" \/>\n<meta name=\"twitter:label1\" content=\"Ansl. lesetid\" \/>\n\t<meta name=\"twitter:data1\" content=\"7 minutter\" \/>\n<script type=\"application\/ld+json\" class=\"yoast-schema-graph\">{\"@context\":\"https:\/\/schema.org\",\"@graph\":[{\"@type\":\"WebPage\",\"@id\":\"https:\/\/bodhi.name\/nb\/maya-1-force-mineure\/kapittel-41\/\",\"url\":\"https:\/\/bodhi.name\/nb\/maya-1-force-mineure\/kapittel-41\/\",\"name\":\"Kapittel 41 - Utvalg av tiltrekkende tilstander\",\"isPartOf\":{\"@id\":\"https:\/\/bodhi.name\/ru\/#website\"},\"datePublished\":\"2015-04-04T14:30:47+00:00\",\"breadcrumb\":{\"@id\":\"https:\/\/bodhi.name\/nb\/maya-1-force-mineure\/kapittel-41\/#breadcrumb\"},\"inLanguage\":\"nb-NO\",\"potentialAction\":[{\"@type\":\"ReadAction\",\"target\":[\"https:\/\/bodhi.name\/nb\/maya-1-force-mineure\/kapittel-41\/\"]}]},{\"@type\":\"BreadcrumbList\",\"@id\":\"https:\/\/bodhi.name\/nb\/maya-1-force-mineure\/kapittel-41\/#breadcrumb\",\"itemListElement\":[{\"@type\":\"ListItem\",\"position\":1,\"name\":\"\u0413\u043b\u0430\u0432\u043d\u0430\u044f \u0441\u0442\u0440\u0430\u043d\u0438\u0446\u0430\",\"item\":\"https:\/\/bodhi.name\/nb\/\"},{\"@type\":\"ListItem\",\"position\":2,\"name\":\"Maya-1: Force mineure\",\"item\":\"https:\/\/bodhi.name\/nb\/maya-1-force-mineure\/\"},{\"@type\":\"ListItem\",\"position\":3,\"name\":\"Kapittel 41\"}]},{\"@type\":\"WebSite\",\"@id\":\"https:\/\/bodhi.name\/ru\/#website\",\"url\":\"https:\/\/bodhi.name\/ru\/\",\"name\":\"Utvalg av tiltrekkende tilstander\",\"description\":\" Eksperimentell psykologi\",\"potentialAction\":[{\"@type\":\"SearchAction\",\"target\":{\"@type\":\"EntryPoint\",\"urlTemplate\":\"https:\/\/bodhi.name\/ru\/?s={search_term_string}\"},\"query-input\":{\"@type\":\"PropertyValueSpecification\",\"valueRequired\":true,\"valueName\":\"search_term_string\"}}],\"inLanguage\":\"nb-NO\"}]}<\/script>\n<!-- \/ Yoast SEO plugin. -->","yoast_head_json":{"title":"Kapittel 41 - Utvalg av tiltrekkende tilstander","robots":{"index":"index","follow":"follow","max-snippet":"max-snippet:-1","max-image-preview":"max-image-preview:large","max-video-preview":"max-video-preview:-1"},"canonical":"https:\/\/bodhi.name\/nb\/maya-1-force-mineure\/kapittel-41\/","og_locale":"nb_NO","og_type":"article","og_title":"Kapittel 41 - Utvalg av tiltrekkende tilstander","og_description":"En morgen i Daramsala. Tibetanske fjell som avspeiler kald sollys. Jeg har v\u00e5knet pga tanker om Taj&#8230; Detter ikke tanker&#8230; Jeg har dr\u00f8mt om at han var ved siden av meg og r\u00f8rte meg. Jeg lever p\u00e5 nytt. En ny evighet har begynt i dag. I g\u00e5r. Denne dag skal brenne i min minne. Jeg [&hellip;]","og_url":"https:\/\/bodhi.name\/nb\/maya-1-force-mineure\/kapittel-41\/","og_site_name":"Utvalg av tiltrekkende tilstander","twitter_card":"summary_large_image","twitter_misc":{"Ansl. lesetid":"7 minutter"},"schema":{"@context":"https:\/\/schema.org","@graph":[{"@type":"WebPage","@id":"https:\/\/bodhi.name\/nb\/maya-1-force-mineure\/kapittel-41\/","url":"https:\/\/bodhi.name\/nb\/maya-1-force-mineure\/kapittel-41\/","name":"Kapittel 41 - Utvalg av tiltrekkende tilstander","isPartOf":{"@id":"https:\/\/bodhi.name\/ru\/#website"},"datePublished":"2015-04-04T14:30:47+00:00","breadcrumb":{"@id":"https:\/\/bodhi.name\/nb\/maya-1-force-mineure\/kapittel-41\/#breadcrumb"},"inLanguage":"nb-NO","potentialAction":[{"@type":"ReadAction","target":["https:\/\/bodhi.name\/nb\/maya-1-force-mineure\/kapittel-41\/"]}]},{"@type":"BreadcrumbList","@id":"https:\/\/bodhi.name\/nb\/maya-1-force-mineure\/kapittel-41\/#breadcrumb","itemListElement":[{"@type":"ListItem","position":1,"name":"\u0413\u043b\u0430\u0432\u043d\u0430\u044f \u0441\u0442\u0440\u0430\u043d\u0438\u0446\u0430","item":"https:\/\/bodhi.name\/nb\/"},{"@type":"ListItem","position":2,"name":"Maya-1: Force mineure","item":"https:\/\/bodhi.name\/nb\/maya-1-force-mineure\/"},{"@type":"ListItem","position":3,"name":"Kapittel 41"}]},{"@type":"WebSite","@id":"https:\/\/bodhi.name\/ru\/#website","url":"https:\/\/bodhi.name\/ru\/","name":"Utvalg av tiltrekkende tilstander","description":" Eksperimentell psykologi","potentialAction":[{"@type":"SearchAction","target":{"@type":"EntryPoint","urlTemplate":"https:\/\/bodhi.name\/ru\/?s={search_term_string}"},"query-input":{"@type":"PropertyValueSpecification","valueRequired":true,"valueName":"search_term_string"}}],"inLanguage":"nb-NO"}]}},"_links":{"self":[{"href":"https:\/\/bodhi.name\/nb\/wp-json\/wp\/v2\/pages\/9824","targetHints":{"allow":["GET"]}}],"collection":[{"href":"https:\/\/bodhi.name\/nb\/wp-json\/wp\/v2\/pages"}],"about":[{"href":"https:\/\/bodhi.name\/nb\/wp-json\/wp\/v2\/types\/page"}],"author":[{"embeddable":true,"href":"https:\/\/bodhi.name\/nb\/wp-json\/wp\/v2\/users\/8235"}],"replies":[{"embeddable":true,"href":"https:\/\/bodhi.name\/nb\/wp-json\/wp\/v2\/comments?post=9824"}],"version-history":[{"count":1,"href":"https:\/\/bodhi.name\/nb\/wp-json\/wp\/v2\/pages\/9824\/revisions"}],"predecessor-version":[{"id":9825,"href":"https:\/\/bodhi.name\/nb\/wp-json\/wp\/v2\/pages\/9824\/revisions\/9825"}],"up":[{"embeddable":true,"href":"https:\/\/bodhi.name\/nb\/wp-json\/wp\/v2\/pages\/8272"}],"wp:attachment":[{"href":"https:\/\/bodhi.name\/nb\/wp-json\/wp\/v2\/media?parent=9824"}],"curies":[{"name":"wp","href":"https:\/\/api.w.org\/{rel}","templated":true}]}}