{"id":9822,"date":"2015-04-04T18:06:51","date_gmt":"2015-04-04T14:06:51","guid":{"rendered":"http:\/\/bodhi.name\/?page_id=9822"},"modified":"2015-04-04T18:06:51","modified_gmt":"2015-04-04T14:06:51","slug":"kapittel-40","status":"publish","type":"page","link":"https:\/\/bodhi.name\/nb\/maya-1-force-mineure\/kapittel-40\/","title":{"rendered":"Kapittel 40"},"content":{"rendered":"<p>R\u00f8d vann renner ved h\u00f8y kyst. Himmel danner rare skygger som for\u00e5rsaker en f\u00f8lelse av lykksalighet i meg. Taj har f\u00f8rt meg hit. Jeg f\u00f8ler at han er n\u00e6rm meg&#8230; B\u00e5de Sart, Kam og Kjara er ikke langt unna&#8230; Hvorfor er disse dr\u00f8mmer s\u00e5 kortvarige? De fyller meg med forventning. Hvis jeg skal ikke finne dem i \u00e5rv\u00e5kenhet, s\u00e5 skal jeg finne dem i s\u00f8vn. Denne sikkerhet st\u00f8tter meg i l\u00f8pet av noen dager. Jeg kan ikke huske hva har for\u00e5rsakt denne sikkerhet.<\/p>\n<p>Daramsala. Jeg har ikke merket at det har g\u00e5tt femten timer i bussen. Solskinne om morgen i Mcleod Gandz. Jeg ser fjell omkring seg. Hvor skal jeg g\u00e5 videre?<\/p>\n<p>For vakre mennesker lever her! Kvinner, barn, monker og gamle mennesker. Dette er en helt annen verden her. Dette er en liten Tibet som dr\u00f8mmer om frihet. Jeg \u00f8nsker \u00e5 smile til alle mennesker omkring.<\/p>\n<p>\u201dSjokoladebygning\u201d \u2013 en bygning jeg \u00f8nsker \u00e5 leve i.<\/p>\n<p>Vert har overrasket meg med god engelsk, italiensk utseende og frihet i uttrykkelse. Hun viste meg den \u00f8verste etasje og jeg har funnet alt n\u00f8dvendig for liv der.<\/p>\n<p>Jeg har \u00f8nsket \u00e5 g\u00e5 ut igjen. Jeg l\u00f8per ut og hopper p\u00e5 grass.<\/p>\n<p>Det sitter en jente der som p\u00e5 meg med interesse.<\/p>\n<p>&#8211; Hvor l\u00f8per du? \u2013 hennes bl\u00e5 \u00f8yne unders\u00f8ker meg.<\/p>\n<p>&#8211; Jeg l\u00f8per for \u00e5 m\u00f8te livet. Hvem er du?<\/p>\n<p>&#8211; Jeg heter Lessi.<\/p>\n<p>&#8211; Lessi:) For et \u00f8m navn! Lever du her?<\/p>\n<p>&#8211; Ja.<\/p>\n<p>&#8211; Kom til meg i dag.<\/p>\n<p>&#8211; Det skal jeg:)<\/p>\n<p>&#8211; La oss m\u00f8te om kveld, ok? Kl. fem.<\/p>\n<p>&#8211; Greit.<\/p>\n<p>&#8211; Ok, vi sees!<\/p>\n<p>&#8211; Jeg skal komme til deg.<\/p>\n<p>Lessi\u2026 Jeg har nesten gripet i henne. Men jeg forstod at jeg kunne ikke bli med henne akkurat. Da skulle jeg oppleve gr\u00e5het igjen. S\u00e5 hvorfor forventer jeg henne om kveld da? Hvorfor har jeg ikke fortsettet \u00e5 kommunisere med henne akkurat n\u00e5?<\/p>\n<p>Jeg lever alltid slik at jeg beveger seg fra punkt A til punkt B p\u00e5 en direkte m\u00e5te. Det spiller ingen rolle n\u00e5r skal jeg m\u00f8te Lessi p\u00e5 sin vei&#8230; jeg f\u00f8ler seg s\u00e5 sykelig pga dette. Dette begrenser meg.<\/p>\n<p>Levende \u00f8nsker er noe som kan hjelpe meg. Jeg vet ikke hva skal jeg gj\u00f8re videre. Hver neste bevegelse er et valg av en ny virkelighet. Jeg vender til vanlighet n\u00e5r jeg miste et levende \u00f8nske. Dette var to helt ulike liv \u2013 det ene med Lessi akkurat n\u00e5 og det andre med Lessi som skal komme om kvled. Hvorfor er dette slik? Jeg vet ikke. Jeg har ingen forklaring for dette.<\/p>\n<p>To jenter l\u00f8pte ut av portene til en tibetansk kloster. De l\u00f8pte ned p\u00e5 en vei. De snakket om noe. Jeg har \u00f8nsket \u00e5 f\u00e5 vite hva de snakker om. Vind bl\u00e5ste i fargede tibetanske flagg. Solskinne ble avspeilet i en lyse-gul bygning av kloster.<\/p>\n<p>Det var mange kr\u00e5ker i himmel. De fortalte om noe til menensker. Jeg har \u00f8nsket \u00e5 g\u00e5 sakte.<\/p>\n<p>En gjeng av hunder l\u00f8per ut av hus og l\u00f8per rundt meg en del tid. Etter at deres mor kommer ut av huset, l\u00f8per de til henne og glemmer om meg. \u00d8mhet har oppst\u00e5tt i min bryst.<\/p>\n<p>Ogs\u00e5 kuer oppf\u00f8rer seg annerledes her! Eller liker jeg dette stedet bare?&#8230;Jeg lurer p\u00e5 hvordan kan jeg finne Lobsang. Skal jeg kunne gj\u00f8re dette i det hele tatt? Danny skrev meg at han reiser til Frankrikke. Jeg vet ikke hvordan Lobsang ser ut&#8230; Skjer det virkelig noe underlig i disse klostre? Jeg opplevde en b\u00f8lge av f\u00f8lelser som har reist seg fra bein og gikk opp til hele kropp.<\/p>\n<p>Jeg opplevde en rar tretthet av disse opplevelser. Jeg har aldri tenkt at jeg kan bli tr\u00f8tt av lykke. Jeg \u00f8nsker \u00e5 oppleve litt dumhet! Jeg skal spise noe godt og h\u00f8re p\u00e5 musikk. Jeg skal kanskje kj\u00f8pe noen kl\u00e6r for seg. Det er s\u00e5 mange gutter omkring&#8230; Hva har hendt med meg? Kanskje jeg skal g\u00e5 til noen kloster for \u00e5 v\u00e6re alene? Lessi skal komme i dag.<\/p>\n<p>F\u00f8rst skal jeg kommunisere med gutter.<\/p>\n<p>&#8211; Hva er \u201dmomo\u201d?<\/p>\n<p>&#8211; Momo? \u2013 tibetansk gutt s\u00e5 p\u00e5 meg med interesse, &#8212; vet du ikke hva dette betyr? Vel&#8230; Momo er momo:) Jeg kan vise deg dette.<\/p>\n<p>&#8211; Ok.<\/p>\n<p>Etter noen minutter de ga meg innbakt skj\u00f8tt.<\/p>\n<p>&#8211; Oj! Greit:) Jeg skal ta dette\u2026 Og hva er tibetansk br\u00f8d?<\/p>\n<p>&#8211; Dette er br\u00f8d&#8230;. den er veldig smakfull. Du skal like den.<\/p>\n<p>&#8211; OK, jeg skal ha den med ost. Jeg skal ogs\u00e5 ta en sjokoladekake og varm sjokolade.<\/p>\n<p>&#8211; Liker du \u00e5 spise kaker?<\/p>\n<p>&#8211; Akkurat:)<\/p>\n<p>En liten kafe med store bord laget av tre og en stor plakate \u201dVi selger ikke kineniske varer!\u201d var nesten tom.<\/p>\n<p>Kinesere har okkupert hel Tibet og venter til innbyggere her skal gi opp. De har allerede \u00f8delagt mange hundre klostre og drepte mange tibetanske monker her. Det har blitt bare seks millioner tibetanere igjen. Kinesere undertrykker fremvisning av tibetansk nasjonalitet. Det finnes ingen Tibet. Det finnes bare en tibetansk omr\u00e5de i Kina.<\/p>\n<p>Verden gir pokker i det som skjer her. Hvem skal si noe imot et sv\u00e6r \u00f8konomisk land? Og hvorfor skal mennesker gj\u00f8re dette? Penger er viktigere for dem. Ingen \u00f8nsker \u00e5 m\u00f8te Dalai-Lama for \u00e5 ikke irritere sine kinesiske partnere.<\/p>\n<p>&nbsp;<\/p>\n<p>Lessi, en \u00f8m jente\u2026 Jeg skal sove n\u00e5 for \u00e5 m\u00f8te henne etterp\u00e5:) \u2026 Det viser seg at jeg ble tr\u00f8tt pga en natt i bussen. Jeg har sovnet nesten \u00f8yeblikkelig. Det er s\u00e5 behagelig \u00e5 tenke om en pen jente n\u00e5r jeg sover&#8230;<\/p>\n<p>&nbsp;<\/p>\n<p>Hun banket p\u00e5 d\u00f8r p\u00e5 en rar m\u00e5te. Jeg tenkte at dette er ikke Lessi. Vel&#8230;dette er en hindu som ber meg om \u00e5 gi ham pass. Jeg s\u00e5 p\u00e5 ham og sa at jeg skal levere passet selv.<\/p>\n<p>Og her kommer Lessi!<\/p>\n<p>&#8211; La oss g\u00e5 p\u00e5 taket. Du skal liker dette stedet.<\/p>\n<p>Vi kunne se p\u00e5 fjellene og kloster fra taket. Det ble nesten m\u00f8rlt og gatelys ble sl\u00e5tt p\u00e5.<\/p>\n<p>Vi har ikke \u00f8nsket \u00e5 snakke. F\u00f8rst h\u00f8rte vi sang av kvinner fra kloster. S\u00e5 har andre stemmer st\u00f8ttet dem. Det var s\u00e5 lett \u00e5 forestille seg jenter som singer der&#8230; Hvordan kan jeg finne Lobsang?<\/p>\n<p>\u2026<\/p>\n<p>&#8211; Er det kaldt, Lessi? \u2013 jeg klemte Lessi.<\/p>\n<p>&#8211; Ja, det er litt kaldt\u2026 Jeg liker ikke hete heller\u2026jeg liker v\u00e5r:)<\/p>\n<p>&#8211; Virkeli? Og jeg \u00f8nskeg \u00e5 oppleve h\u00f8st helet tid! En h\u00f8st som jeg opplever akkurat n\u00e5.<\/p>\n<p>&#8211; Har du v\u00e6rt i Goa?<\/p>\n<p>&#8211; Nei.<\/p>\n<p>&#8211; Det er fortsatt hete der. Men i desember skal det v\u00e6re bra v\u00e6r der.<\/p>\n<p>&#8211; Bra v\u00e6r? Hva mener du?<\/p>\n<p>&#8211; Vel&#8230; Jeg mener at du skal ikke merke v\u00e6ret. Det er verken varmt eller kaldt\u2026<\/p>\n<p>&#8211; Ok, jeg forst\u00e5r dette. Jeg liker dette v\u00e6ret ogs\u00e5. Det likner krystallklarhet\u2026<\/p>\n<p>&#8211; For et bra ord \u201dkrustallklarhet\u201d&#8230;<\/p>\n<p>&#8211; Reiser du virkelig alene?<\/p>\n<p>&#8211; Ja.<\/p>\n<p>&#8211; Hvor gammel er du?<\/p>\n<p>&#8211; Seksten.<\/p>\n<p>&#8211; Seksten???<\/p>\n<p>&#8211; Ja:) Jeg har reist hit med foreldre hele tid. De har m\u00f8tt hverandre i Goa&#8230; Og jeg hadde en veninne med seg.<\/p>\n<p>&#8211; Mener du en vanlig veninne?<\/p>\n<p>&#8211; Nei, jeg er lesbisk.<\/p>\n<p>&#8211; Vel! Jeg m\u00f8ter en s\u00e5 \u00e5pen jente for f\u00f8rste gang. Vet dine foreldre om dette?<\/p>\n<p>&#8211; Ja. Og de liker det at jeg har en veninne&#8230;<\/p>\n<p>&#8211; Virkelig? Du overrasker meg. Og hva har hendt med din veninne?<\/p>\n<p>&#8211; Vi har kranglet. F\u00f8rst \u00f8nsket \u00e5 vi \u00e5 ha et fri forhold slik at vi kunne pule med andre gutter og jenter. Men &#8230;s\u00e5 m\u00f8tte jeg en gutt og hun har blitt sjalu&#8230;Og jeg forstod at jeg kan ikke leve p\u00e5 denne m\u00e5te. Jeg liker \u00e5 ha samleie med ulike mennesker. Hun har til og med sl\u00e5tt meg. Jeg sa at det er slutt p\u00e5 v\u00e5re forhold. Forst\u00e5r du hva jeg mener?<\/p>\n<p>&#8211; Ja, det gj\u00f8r jeg. Sjalusi er d\u00f8d for alt levende:)<\/p>\n<p>&#8211; Akkurat! \u2013 hun lo.<\/p>\n<p>&#8211; S\u00e5 dine foreldre lot deg v\u00e6re alene?<\/p>\n<p>&#8211; De sa at jeg kan v\u00e6re her i l\u00f8pet av en halv \u00e5r til.<\/p>\n<p>&#8211; Lessi! Er det sant? Fortell meg om sine foreldre.<\/p>\n<p>&#8211; De har v\u00e6rt hippie en gang\u2026<\/p>\n<p>&#8211; Jeg forst\u00e5r dette:)<\/p>\n<p>&#8211; \u2026de levde i en telt i Goa. Jeg var tretten da de ga meg marihuana.<\/p>\n<p>&#8211; R\u00f8yker de den selv?<\/p>\n<p>&#8211; De har r\u00f8ykt den hele sitt liv. Dette er deres filosofi. Men jeg er annerledes. Jeg liker ikke narkotikum og gutter. Jeg \u00f8nsker \u00e5 ha sex bare n\u00e5r jeg f\u00f8ler for det.<\/p>\n<p>&#8211; Bare n\u00e5r du f\u00f8ler for det?<\/p>\n<p>&#8211; Ja:) N\u00e5r jeg ser p\u00e5 et menneske og forst\u00e5r at jeg \u00f8nsker ham.<\/p>\n<p>&#8211; Jeg forst\u00e5r deg. Og hva med jenter?<\/p>\n<p>&#8211; Jeg liker jenter mer enn gutter. Jeg skal kanskje ikke ha samleie med gutter i det hele tatt\u2026<\/p>\n<p>&#8211; Nei, Lessi du m\u00e5 bare finne riktige gutter. Jeg har m\u00f8tt slike gutter:) \u2026 La oss g\u00e5 og drikke te. Det er s\u00e5 kaldt her.<\/p>\n<p>&#8211; Men se p\u00e5 stjernene!<\/p>\n<p>Jeg har ikke \u00f8nsket \u00e5 se p\u00e5 stjerner. Jeg opplevde enten utilfredhset eller gr\u00e5het. Jeg har sikkert opplevd skuffelse. Jeg har \u00f8nsket \u00e5 se en \u00f8m og snill Lessi. Og hun fremviser seg s\u00e5 \u00e5penbart her&#8230; Dette er mine forventninger som f\u00e5r meg til \u00e5 oppleve skuffelse. Dette er det samme som \u00e5 komme til en pen hage og ikke kunne lukte en eneste blomst der\u2026<\/p>\n<p>Og hva skal jeg gj\u00f8re n\u00e5? Jeg vet ikke om jeg \u00f8nsker \u00e5 fortsette \u00e5 kommunisere med henne. Jeg skal sikkert gj\u00f8re det. Te! Femten minutter av kommunisering til. Det samme har skjedd i Moskva da jeg har invitert gjester og kunne ikke t\u00e5le deres tilstedev\u00e6relse hjemme. Jeg har \u00f8nsket \u00e5 bli kvitt dem fortest mulig.<\/p>\n<p>&#8211; Hm, det er s\u00e5 bra her! Jeg ser dette for f\u00f8rste gang i India! Du har tv!<\/p>\n<p>&#8211; Er du interissert i noe? \u2013 jeg f\u00f8ler at forhold til henne har endret seg. Jeg spiller en rolle av hennes s\u00f8ster eller mor..<\/p>\n<p>&#8211; Jeg leser&#8230; av og til\u2026 , &#8211; hun opplever kjedelighet.<\/p>\n<p>Jeg har en gang arbeidet i Tyrkia. Jeg har kommunisert med mennesker hele dag. Jeg har merket at det var s\u00e5 lett \u00e5 kommunisere med mennesker da jeg har f\u00f8lt seg bra. Jeg har f\u00f8lt seg s\u00e5 bra pga dette. Men da jeg har opplevd gr\u00e5het, s\u00e5 kunne jeg ikke fremvise sin glede. Ogs\u00e5 Lessi f\u00f8ler n\u00e5 at noe er galt&#8230; Hva kan jeg endre? Jeg har alltid \u00f8nsket \u00e5 kunne endre sin tisltand. Jeg har alltid tenkt at dette er umulig og at jeg m\u00e5 vente til tilstand skal endre seg selv&#8230; Men n\u00e5 ..jeg har f\u00e5tt en mulighet. Hva skal jeg gj\u00f8re videre? Jeg vet at det er mulig \u00e5 endre oppfatninger. Jeg kan oppleve noe jeg \u00f8nsker. S\u00e5 hva venter jeg p\u00e5? Jeg m\u00e5 l\u00e6re seg. Tror jeg at jeg har kjempet nok? Dette l\u00f8gn som jeg \u00f8nsker \u00e5 tro p\u00e5. Jeg har jo helet tid levd p\u00e5 denne m\u00e5te&#8230; jeg har aldri kjempet. Jeg har kanskje brukt noen minutter for \u00e5 bekjempe form\u00f8rkelser&#8230;<\/p>\n<p>Lessi spiser kake og ser p\u00e5 tv. Hun er ikke oppmerksom p\u00e5 meg. Jeg har noen ganger \u00f8nsket \u00e5 si henne at hun b\u00f8r ikke spise kake uten te. Jeg sitter og ser p\u00e5 henne istedenfor \u00e5 kysse og klemme henne. Jeg f\u00f8ler seg som hennes slektning.<\/p>\n<p>Jeg har sluttet \u00e5 drikke te og sier Lessi at jeg \u00f8nsker \u00e5 sove (<em>jeg er l\u00f8gner<\/em>) og at vi kan m\u00f8te i morgen.<\/p>\n<p>&#8211; Har du v\u00e6rt ved vannfall?<\/p>\n<p>&#8211; Nei.<\/p>\n<p>&#8211; Jeg sakl komme til deg i morgen. Det er s\u00e5 bra der. Du kan m\u00f8te monker der:)))<\/p>\n<p>&#8211; Ok, vi sees i morgen.<\/p>\n<p>Jeg har legget seg for \u00e5 sove. Hvorfor har jeg blitt s\u00e5 form\u00f8rkt? Etter \u00e5 ha snakket med Lessi jeg opplevde tomhet. Jeg hadde verken \u00f8nsker eller noen andre oppfatninger. Er det mulig \u00e5 fjerne denne gr\u00e5het? Jeg kan ikke engang huske hva har jeg opplevd om morgen. Jeg husker bare at det var noe klart. Og hva om jeg skal aldri oppleve dette igjen? For da skal jeg sikkert d\u00f8! Hvordan kan jeg sove i en slik tilstand?!?!<\/p>\n<p>Gr\u00e5het har oppst\u00e5tt i meg. Jeg opplevde tyngde. Hva kan st\u00f8tte meg? Hvor kan jeg finne en sjanse til \u00e5 oppleve tiltrekkende for seg tilstand? Hvorfor har jeg i det hele tatt begynt \u00e5 endre seg? Skal disse form\u00f8rkelser forlate meg en dag? Alt var s\u00e5 plagende for meg. B\u00e5de elektrsik lys og dekke p\u00e5 gulvet&#8230; Det var hardt \u00e5 puste. Jeg har manglet luft. Jeg hadde vondt i mage. Jeg har aldri f\u00f8r f\u00f8lt seg s\u00e5 d\u00e5rlig pga negative emosjoner. Hvorfor opplever jeg alt dette? Det virker at jeg skal gr\u00e5te av ingenting akkurat n\u00e5. NEI!! Jeg skal kjempe!!! Jeg skal ikke gi opp!!<\/p>\n<p>Stillhet. For en rar stillhet&#8230; Nei, dette er ikke stillhet&#8230; Rolighet? Sinnsro? Rolig glede?..Rolig glede!!!<\/p>\n<p>Jeg har fjernet noe jeg kalte for negative emosjoner.<\/p>\n","protected":false},"excerpt":{"rendered":"<p>R\u00f8d vann renner ved h\u00f8y kyst. Himmel danner rare skygger som for\u00e5rsaker en f\u00f8lelse av lykksalighet i meg. Taj har f\u00f8rt meg hit. Jeg f\u00f8ler at han er n\u00e6rm meg&#8230; B\u00e5de Sart, Kam og Kjara er ikke langt unna&#8230; Hvorfor er disse dr\u00f8mmer s\u00e5 kortvarige? De fyller meg med forventning. Hvis jeg skal ikke finne [&hellip;]<\/p>\n","protected":false},"author":8235,"featured_media":0,"parent":8272,"menu_order":0,"comment_status":"open","ping_status":"closed","template":"","meta":{"_acf_changed":false,"footnotes":""},"class_list":["post-9822","page","type-page","status-publish","hentry"],"acf":[],"yoast_head":"<!-- This site is optimized with the Yoast SEO plugin v27.2 - https:\/\/yoast.com\/product\/yoast-seo-wordpress\/ -->\n<title>Kapittel 40 - Utvalg av tiltrekkende tilstander<\/title>\n<meta name=\"robots\" content=\"index, follow, max-snippet:-1, max-image-preview:large, max-video-preview:-1\" \/>\n<link rel=\"canonical\" href=\"https:\/\/bodhi.name\/nb\/maya-1-force-mineure\/kapittel-40\/\" \/>\n<meta property=\"og:locale\" content=\"nb_NO\" \/>\n<meta property=\"og:type\" content=\"article\" \/>\n<meta property=\"og:title\" content=\"Kapittel 40 - Utvalg av tiltrekkende tilstander\" \/>\n<meta property=\"og:description\" content=\"R\u00f8d vann renner ved h\u00f8y kyst. Himmel danner rare skygger som for\u00e5rsaker en f\u00f8lelse av lykksalighet i meg. Taj har f\u00f8rt meg hit. Jeg f\u00f8ler at han er n\u00e6rm meg&#8230; B\u00e5de Sart, Kam og Kjara er ikke langt unna&#8230; Hvorfor er disse dr\u00f8mmer s\u00e5 kortvarige? De fyller meg med forventning. Hvis jeg skal ikke finne [&hellip;]\" \/>\n<meta property=\"og:url\" content=\"https:\/\/bodhi.name\/nb\/maya-1-force-mineure\/kapittel-40\/\" \/>\n<meta property=\"og:site_name\" content=\"Utvalg av tiltrekkende tilstander\" \/>\n<meta name=\"twitter:card\" content=\"summary_large_image\" \/>\n<meta name=\"twitter:label1\" content=\"Ansl. lesetid\" \/>\n\t<meta name=\"twitter:data1\" content=\"11 minutter\" \/>\n<script type=\"application\/ld+json\" class=\"yoast-schema-graph\">{\"@context\":\"https:\/\/schema.org\",\"@graph\":[{\"@type\":\"WebPage\",\"@id\":\"https:\/\/bodhi.name\/nb\/maya-1-force-mineure\/kapittel-40\/\",\"url\":\"https:\/\/bodhi.name\/nb\/maya-1-force-mineure\/kapittel-40\/\",\"name\":\"Kapittel 40 - Utvalg av tiltrekkende tilstander\",\"isPartOf\":{\"@id\":\"https:\/\/bodhi.name\/ru\/#website\"},\"datePublished\":\"2015-04-04T14:06:51+00:00\",\"breadcrumb\":{\"@id\":\"https:\/\/bodhi.name\/nb\/maya-1-force-mineure\/kapittel-40\/#breadcrumb\"},\"inLanguage\":\"nb-NO\",\"potentialAction\":[{\"@type\":\"ReadAction\",\"target\":[\"https:\/\/bodhi.name\/nb\/maya-1-force-mineure\/kapittel-40\/\"]}]},{\"@type\":\"BreadcrumbList\",\"@id\":\"https:\/\/bodhi.name\/nb\/maya-1-force-mineure\/kapittel-40\/#breadcrumb\",\"itemListElement\":[{\"@type\":\"ListItem\",\"position\":1,\"name\":\"\u0413\u043b\u0430\u0432\u043d\u0430\u044f \u0441\u0442\u0440\u0430\u043d\u0438\u0446\u0430\",\"item\":\"https:\/\/bodhi.name\/nb\/\"},{\"@type\":\"ListItem\",\"position\":2,\"name\":\"Maya-1: Force mineure\",\"item\":\"https:\/\/bodhi.name\/nb\/maya-1-force-mineure\/\"},{\"@type\":\"ListItem\",\"position\":3,\"name\":\"Kapittel 40\"}]},{\"@type\":\"WebSite\",\"@id\":\"https:\/\/bodhi.name\/ru\/#website\",\"url\":\"https:\/\/bodhi.name\/ru\/\",\"name\":\"Utvalg av tiltrekkende tilstander\",\"description\":\" Eksperimentell psykologi\",\"potentialAction\":[{\"@type\":\"SearchAction\",\"target\":{\"@type\":\"EntryPoint\",\"urlTemplate\":\"https:\/\/bodhi.name\/ru\/?s={search_term_string}\"},\"query-input\":{\"@type\":\"PropertyValueSpecification\",\"valueRequired\":true,\"valueName\":\"search_term_string\"}}],\"inLanguage\":\"nb-NO\"}]}<\/script>\n<!-- \/ Yoast SEO plugin. -->","yoast_head_json":{"title":"Kapittel 40 - Utvalg av tiltrekkende tilstander","robots":{"index":"index","follow":"follow","max-snippet":"max-snippet:-1","max-image-preview":"max-image-preview:large","max-video-preview":"max-video-preview:-1"},"canonical":"https:\/\/bodhi.name\/nb\/maya-1-force-mineure\/kapittel-40\/","og_locale":"nb_NO","og_type":"article","og_title":"Kapittel 40 - Utvalg av tiltrekkende tilstander","og_description":"R\u00f8d vann renner ved h\u00f8y kyst. Himmel danner rare skygger som for\u00e5rsaker en f\u00f8lelse av lykksalighet i meg. Taj har f\u00f8rt meg hit. Jeg f\u00f8ler at han er n\u00e6rm meg&#8230; B\u00e5de Sart, Kam og Kjara er ikke langt unna&#8230; Hvorfor er disse dr\u00f8mmer s\u00e5 kortvarige? De fyller meg med forventning. Hvis jeg skal ikke finne [&hellip;]","og_url":"https:\/\/bodhi.name\/nb\/maya-1-force-mineure\/kapittel-40\/","og_site_name":"Utvalg av tiltrekkende tilstander","twitter_card":"summary_large_image","twitter_misc":{"Ansl. lesetid":"11 minutter"},"schema":{"@context":"https:\/\/schema.org","@graph":[{"@type":"WebPage","@id":"https:\/\/bodhi.name\/nb\/maya-1-force-mineure\/kapittel-40\/","url":"https:\/\/bodhi.name\/nb\/maya-1-force-mineure\/kapittel-40\/","name":"Kapittel 40 - Utvalg av tiltrekkende tilstander","isPartOf":{"@id":"https:\/\/bodhi.name\/ru\/#website"},"datePublished":"2015-04-04T14:06:51+00:00","breadcrumb":{"@id":"https:\/\/bodhi.name\/nb\/maya-1-force-mineure\/kapittel-40\/#breadcrumb"},"inLanguage":"nb-NO","potentialAction":[{"@type":"ReadAction","target":["https:\/\/bodhi.name\/nb\/maya-1-force-mineure\/kapittel-40\/"]}]},{"@type":"BreadcrumbList","@id":"https:\/\/bodhi.name\/nb\/maya-1-force-mineure\/kapittel-40\/#breadcrumb","itemListElement":[{"@type":"ListItem","position":1,"name":"\u0413\u043b\u0430\u0432\u043d\u0430\u044f \u0441\u0442\u0440\u0430\u043d\u0438\u0446\u0430","item":"https:\/\/bodhi.name\/nb\/"},{"@type":"ListItem","position":2,"name":"Maya-1: Force mineure","item":"https:\/\/bodhi.name\/nb\/maya-1-force-mineure\/"},{"@type":"ListItem","position":3,"name":"Kapittel 40"}]},{"@type":"WebSite","@id":"https:\/\/bodhi.name\/ru\/#website","url":"https:\/\/bodhi.name\/ru\/","name":"Utvalg av tiltrekkende tilstander","description":" Eksperimentell psykologi","potentialAction":[{"@type":"SearchAction","target":{"@type":"EntryPoint","urlTemplate":"https:\/\/bodhi.name\/ru\/?s={search_term_string}"},"query-input":{"@type":"PropertyValueSpecification","valueRequired":true,"valueName":"search_term_string"}}],"inLanguage":"nb-NO"}]}},"_links":{"self":[{"href":"https:\/\/bodhi.name\/nb\/wp-json\/wp\/v2\/pages\/9822","targetHints":{"allow":["GET"]}}],"collection":[{"href":"https:\/\/bodhi.name\/nb\/wp-json\/wp\/v2\/pages"}],"about":[{"href":"https:\/\/bodhi.name\/nb\/wp-json\/wp\/v2\/types\/page"}],"author":[{"embeddable":true,"href":"https:\/\/bodhi.name\/nb\/wp-json\/wp\/v2\/users\/8235"}],"replies":[{"embeddable":true,"href":"https:\/\/bodhi.name\/nb\/wp-json\/wp\/v2\/comments?post=9822"}],"version-history":[{"count":1,"href":"https:\/\/bodhi.name\/nb\/wp-json\/wp\/v2\/pages\/9822\/revisions"}],"predecessor-version":[{"id":9823,"href":"https:\/\/bodhi.name\/nb\/wp-json\/wp\/v2\/pages\/9822\/revisions\/9823"}],"up":[{"embeddable":true,"href":"https:\/\/bodhi.name\/nb\/wp-json\/wp\/v2\/pages\/8272"}],"wp:attachment":[{"href":"https:\/\/bodhi.name\/nb\/wp-json\/wp\/v2\/media?parent=9822"}],"curies":[{"name":"wp","href":"https:\/\/api.w.org\/{rel}","templated":true}]}}