{"id":9513,"date":"2015-03-18T17:42:25","date_gmt":"2015-03-18T13:42:25","guid":{"rendered":"http:\/\/bodhi.name\/?page_id=9513"},"modified":"2015-03-18T17:42:25","modified_gmt":"2015-03-18T13:42:25","slug":"kapittel-36","status":"publish","type":"page","link":"https:\/\/bodhi.name\/nb\/maya-1-force-mineure\/kapittel-36\/","title":{"rendered":"Kapittel 36"},"content":{"rendered":"<p><em>\u201d** av oktober.<\/em><\/p>\n<p><em>Enhver av oss har et sp\u00f8rsm\u00e5l som vi kan ikke uttrykke. Og de svar som vi f\u00e5r i form av klarhet gj\u00f8r dette sp\u00f8rsm\u00e5l bare mer aktuell.\u0441\u043f\u0440\u0438\u0438\u043d\u043e\u0433\u0434\u0430 \u043f\u0440\u043e\u0440\u044b\u0432\u0430\u044f\u0441\u044c \u0432\u0430\u044f\u0441\u044c \u0441\u043blarhet gj\u00f8r dette sp\u00f8rsm\u00e5l bare mer aktuell.g din reise i en verden av sex skal begynne.<\/em><\/p>\n<p><em>Jeg liker en posisjon av \u201duvissthet\u201d som Kam viste meg. Jeg m\u00e5 l\u00e6re seg \u00e5 tenke p\u00e5 en annen m\u00e5te. Hva er eksempelvis rom og tid? Jeg tenker at jeg vet noe om dette. Men dette er l\u00f8gn som dreper meg! Rom\u2026 det er naturlig \u00e5 sp\u00f8rre om rom fra en posisjon av observering av verden. Hvordan renner en elv, hvordan bl\u00e5ser vind og hvordan skjer en bevegelse. Hva betyr ute, inne, n\u00e6rmt og langt unna, sakte og fort\u2026 Du f\u00f8ler at alle vanlige svar er l\u00f8gn. Og du har ikke andre svar p\u00e5 dette. Alt som blir igjen er \u00e5 innr\u00f8mme at du vet ingenting om dette. Du kan bare observere begivenheter. Og underlige ting skjer.<\/em><\/p>\n<p><em>Jeg spender noen timer om dag i sitt rom. Jeg ble vant til \u00e5 ikke oppleve alt \u201dytrig\u201d. Men hva hindrer meg til \u00e5 oppfatte meg noe som befinner seg bak veggene? Kan jeg oppfatte ting bare med \u00f8yne? Hva f\u00f8ler jeg \u00f8mhet og andre oppfatninger med? Hvorfor er en vegg hinder for disse oppfatninger? Er det fordi at jeg er vant til dette? Jeg har tidligere flyktet fra lidelser ved \u00e5 stenge seg inn i rom. Men hva har jeg f\u00e5tt isteden? Jeg skal ikke gj\u00f8re dette lenger. N\u00e5 som jeg er klar til \u00e5 m\u00f8te negative emosjoner, jeg skal kanskje begynne \u00e5 oppfatte hele verden uten begrensninger igjen. N\u00e5r jeg tenker p\u00e5 denne m\u00e5te oppst\u00e5r det fremvisninger av underlig tilstand av gjennomsiktighet. Jeg f\u00f8lerat alle begrensninger forsvinner og jeg kan f\u00f8le noen som befinner seg langt unna fra meg. Synsbilde oppl\u00f8ser seg og alt omkring begynner \u00e5 bevege seg. Det samme skjer med lyd&#8230; Jeg begynner \u00e5 oppfatte alt samtidig. Jeg kan ikke si hvor jeg befinner seg. Det finnes ingen \u201dute\u201d eller \u201dinne\u201d. Alt som blir igjen er \u00e5 oppfatte rom som renner gjennom meg uavhengig av min tilstedev\u00e6relse. Jeg kan heller ikke oppfatte seg selv. Utf\u00f8rer jeg en h\u00e5ndbevegelse eller en h\u00e5ndbevegelser utf\u00f8rer inne i meg?<\/em><\/p>\n<p><em>N\u00e5r jeg spaserer, s\u00e5 ser jeg p\u00e5 alt samtidig ogs\u00e5. Jeg kan ikke si at jeg ser p\u00e5 noenting&#8230;biler&#8230;mennesker. Verden renner gjennom meg. Jeg kan f\u00f8le de samme oppfatninger som et tre har.<\/em><\/p>\n<p><em>Kroppens oppfatninger endrer seg. Jeg beveger seg p\u00e5 en annen m\u00e5te. Jeg kan enn\u00e5 ikke si hvordan jeg gj\u00f8r dette.<\/em><\/p>\n<p><em>Jeg ser p\u00e5 himmel omkring og forst\u00e5r at den befinner seg inne i meg. Jeg beveger seg sammen med himmel. Jeg ser at et blad faller og forst\u00e5r at jeg faller sammen med dette bladet. Jeg liker \u00e5 observere. Tidligere jeg kunne bruke noen timer for \u00e5 sitte og se i vindu. Men f\u00f8r jeg ble kjent med praktikanter og opplevde FORST\u00c5ELSE, jeg hadde ingen klarhet i det hvorfor er dette s\u00e5 tiltrekkende for meg. Og n\u00e5 har jeg f\u00e5tt en sti \u00e5 g\u00e5 p\u00e5. Jeg kan \u00e5pne \u00f8yne og bevege seg og m\u00f8te underlige mennesker og opplevelser.\u201d<\/em><\/p>\n<p>&nbsp;<\/p>\n<p>Noen banket p\u00e5 d\u00f8ren. Jeg hater disse plutselige bes\u00f8kere!<\/p>\n<p>&#8211; Hvem er det?<\/p>\n<p>&#8211; Det er meg, tispe!<\/p>\n<p>Tajga! Jeg har \u00e5pnet d\u00f8r og hun gikk inn. Og jeg var jo helt naken:)\u2026 Og jeg \u00f8nsker \u00e5 spille med henne!<\/p>\n<p>Jeg pekte p\u00e5 seng og snart vi har ligget der sammen. Jeg har pr\u00f8vd \u00e5 r\u00f8re hennes bryst, men Tajga har stanset meg.<\/p>\n<p>&#8211; Har du blitt vant til meg n\u00e5? Synes du at du m\u00e5 ha samleie hvis du ligger naken i seng? \u201dM\u00e5\u201d. \u2013 Tajga har n\u00e6rmet seg og sa, &#8212; ordet \u201dm\u00e5\u201d dreper deg. Du er s\u00e5 uerfaren hva gjelder sex. Hver gang du \u00f8nsker \u00e5 ha samleie, du m\u00e5 sp\u00f8rre seg \u201d\u00f8nsker jeg \u00e5 gj\u00f8re dette eller ikke?\u201d. Er du sikker i at du har \u00f8nsket \u00e5 kj\u00e6le min bryst akkurat n\u00e5? Kanskje du har \u00f8nsket \u00e5 kysse mine f\u00f8tter? Eller synes du at det spiller ingen rolle hva skal du gj\u00f8re f\u00f8rst? Di seksualitet tenker litt annerledes. Jeg \u00f8nsker eksempelvis akkurat n\u00e5 \u00e5 r\u00f8re din fytta med sine fingre.<\/p>\n<p>&#8211; S\u00e5\u2026 &#8211; hennes fingre har kj\u00e6let meg mellom bein. Jeg s\u00e5 i hennes \u00f8yne. Det oppstod en f\u00f8lelse av nytelse i mage. Jeg har gjenkjent denne f\u00f8lelse. Den samme f\u00f8lelse jeg har for f\u00f8rste gang opplevd i Risjikesj. Men dagens f\u00f8lelse har liksom gjennomtrengt meg. Jeg f\u00f8lte den i hals og mage. Dette var s\u00e5 rart og bra&#8230;<\/p>\n<p>&#8211; Sex er en underlig verden som \u00e5pnes bare for en som lar sin seksualitet leve. Du skal ikke kunne \u00e5pne seg om du skal fortsette \u00e5 st\u00f8tte sine form\u00f8rkelser. Det er ogs\u00e5 n\u00f8dvendig \u00e5 fjerne alle konsepsjoner som sier deg at du \u201dm\u00e5\u201d gj\u00f8re noe. \u2013 Tajga har dyttet sin finger mellom mine fingre og jeg har opplevd krampaktig nytelse. Denne nytelse har oppst\u00e5tt i min mage og bryst ogs\u00e5. Det at jeg s\u00e5 i hennes \u00f8yne har opphisset meg mer enn det at hun har kj\u00e6let meg.<\/p>\n<p>&#8211; Hvordan kan jeg hjelpe sin seksualitet?<\/p>\n<p>Hun har n\u00e6rmet seg slik at v\u00e5re lepper har nesten r\u00f8rt hverandre.<\/p>\n<p>&#8211; Si dette en gang til.<\/p>\n<p>&#8211; Hvordan\u2026 &#8211; Tajga har n\u00e6rmet seg enda mer slik at v\u00e5re lepper har r\u00f8rt hverandre da jeg har sagt noe.<\/p>\n<p>&#8211; Hvordan\u2026 kan jeg\u2026 hjelpe sin\u2026 seksualitet\u2026<\/p>\n<p>Hun har snakket istedenfor meg n\u00e5.<\/p>\n<p>&#8211; Du kan hjelpe sin seksualitet ved \u00e5 masturbere. Liker du \u00e5 masturbere?<\/p>\n<p>&#8211; Ja\u2026<\/p>\n<p>&#8211; Skal du vise meg dette?<\/p>\n<p>&#8211; Ja\u2026<\/p>\n<p>&#8211; \u00d8nsker du \u00e5 vise meg?<\/p>\n<p>&#8211; Ja\u2026<\/p>\n<p>&#8211; \u00d8nsker du \u00e5 f\u00e5 meg til \u00e5 se p\u00e5 dette?\u2026<\/p>\n<p>&#8211; Ja\u2026<\/p>\n<p>Hun har begynt \u00e5 slikke mine lepper, skinn og munn. Jeg har nesten opplevd orgasme! En b\u00f8lge an sterk nytelse har spredt seg i min kropp.<\/p>\n<p>&#8211; Jeg \u00f8nsker \u00e5 v\u00e6re akkurat som du er, Tajga. Jeg \u00f8nsker \u00e5 ha en levende kropp.<\/p>\n<p>&#8211; La oss g\u00e5. \u2013 Tajga stod opp og satt seg p\u00e5 sofa. Jeg har begynt \u00e5 kle p\u00e5 seg.<\/p>\n<p>&#8211; Du har i l\u00f8pet av mange \u00e5r drept sin seksualitet ved \u00e5 forby seg alt. N\u00e5 skal du hjelpe den \u00e5 fremvise seg. N\u00e5r du masturberer, s\u00e5 n\u00e6rmer du seg orgasme. Du kan slutte \u00e5 masturbere rett f\u00f8r orgasme. Pr\u00f8vd \u00e5 fantasere om noe og beskrive sine fantasier i en notisbok. Sett opp en liste av fantasier som du opplever i l\u00f8pet av masturbering. S\u00e5 pr\u00f8v \u00e5 analysere dem. Du skal oppdage at det finnes noen \u201duanstendige\u201d fantasier blant dem. Dette er noe du skulle ha aldrig tenkt om i en vanlig tilstand. Det er n\u00f8dvendig \u00e5 stanse for \u00e5 forklare seg selv at noe som opphisser deg kan ikke v\u00e6re uanstendig. Du skal dermed kunne \u00f8delegge konsepsjoner for \u00e5 realisere noe du har fantasert om. Hva er dette? \u2013 Tajga tok min notisbok.<\/p>\n<p>Jeg har \u00f8nsket \u00e5 ta den fra henne og gjemme den.<\/p>\n<p>&#8211; Har du noen hemmeligheter??<\/p>\n<p>&#8211; Nei, dette er bare noe uviktig. Du kan lese dette.<\/p>\n<p>Tajga har begynt \u00e5 lese min notisbok.<\/p>\n<p>&#8211; Finner du noe interessant der?<\/p>\n<p>&#8211; Ja, men dette er en notisbok av en filosofer og ikke av en praktikant. Dette er unyttig notisbok. Du kan bare \u00f8ve med bruk av pene ord her.<\/p>\n<p>&#8211; S\u00e5 hvilken notisbok m\u00e5 jeg f\u00f8re for \u00e5 praktisere?<\/p>\n<p>&#8211; Det er bedre \u00e5 sp\u00f8rre seg hvordan m\u00e5 jeg praktisere for \u00e5 kunne f\u00e5 en bra notisbok:) Du tenker som en filosof, f.eks. \u201djeg har begynt \u00e5 oppleve mindre ubehagelighet i situasjoner n\u00e5r\u201d. Dette er et nyttel\u00f8s uttrykk. Enhver praktikant skal sp\u00f8rre deg \u201dhva betyr \u201dmindre\u201d\u201d?<\/p>\n<p>&#8211; Hvordan kan keg m\u00e5le sine f\u00f8lelser?<\/p>\n<p>&#8211; For dum du er\u2026 &#8211; Tajga har nikket med hode. \u2013 Dette er jo s\u00e5 lett&#8230; \u2013 Hun tok penn og har begynt \u00e5 skrive noe i min notisbok. \u2013 Du kan ta eksempelvis en situasjon som for\u00e5rsaker noen bestemte negative emosjoner i deg. Du kan g\u00e5 ut for \u00e5 se p\u00e5 dumme ansikter av hinduer. Du kan ta en viss del av tid til betraktning. Pr\u00f8ve \u00e5 fjerne alle fremvisninger av negativ forhold i l\u00f8pet av en halvtime. Det er verdt \u00e5 m\u00e5e antall sekunder du trenger for \u00e5 oppn\u00e5 m\u00e5let samt om du klarer \u00e5 forlenge en lyst opp oppfatning etter \u00e5 ha fjernet en form\u00f8rkelse. Pr\u00f8v eksempelvis \u00e5 skape \u00f8mhet eller glede pga det at du har fjernet form\u00f8rkelse. S\u00e5 kan du skrive ned resultater.<\/p>\n<p>&nbsp;<\/p>\n<p>Et eksempel:<\/p>\n<p>3 \u2013<\/p>\n<p>5 +<\/p>\n<p>2 \u2013<\/p>\n<p>og s\u00e5 videre. Et tall betyr antall sekunder og et tegn etter tallet \u2013 det om du har klart \u00e5 skape LoO eller ikke.<\/p>\n<p>&nbsp;<\/p>\n<p>Resultater:<\/p>\n<p>Det oppstod 90 NR i l\u00f8pet av 30 minutter. 20 av dem var fjernet i l\u00f8pet av 1 sek, 30 av dem har eksistert i l\u00f8pet av 2 sekunder.<\/p>\n<p>Det gikk an \u00e5 skape en lyst opp oppfatning etter den tiende pr\u00f8ve.<\/p>\n<p>&nbsp;<\/p>\n<p>&#8211; Det er alt du trenger! Etter \u00e5 ha beskrevet noen tiere av slike eksperimenter, du skal kunne si \u201djeg har forbedret fjerning av negativ forhold med et viss antall sekunder\u201d.<\/p>\n<p>&#8211; Du brukte noen ukjente forkortelser.<\/p>\n<p>&#8211; NF er negativ forhold. Du m\u00e5 bli vant til forkortelser. Vi bruker dem ofte i v\u00e5re samtaler. NF, NE (negative emosjon), NB (negativ bakgrunn), NET (negativ energetisk tilstand). Vi sier NE og mener alle disse fire forkortelser. Slike forkortelser skal hjelpe deg \u00e5 unng\u00e5 selvbedrag. Du kan sjekke mine ord. Det er STOR forskjell mellom en praktikant som f\u00f8rer rapport og en som gj\u00f8r dette ikke.<\/p>\n<p>&#8211; Og hva betyr \u201ddet \u00e5 skape en oppfatning\u201d? Jeg skal ikke klare dette&#8230; jeg har enn\u00e5 ikke l\u00e6rt seg \u00e5 fjerne dem heller.<\/p>\n<p>&#8211; Maja, du m\u00e5 bare begynne \u00e5 gj\u00f8re dette. Du skal ikke kunne l\u00e6re seg i tilfelle du skal sitte \u00e5 tenke om dem.<\/p>\n<p>&#8211; Jeg aner ikke hva betyr \u201dnegativ bakgrunn\u201d og \u201dnegativ energetisk tilstand\u201d. Hva mener du med disse uttrykk?<\/p>\n<p>&#8211; Sart skal fortelle deg om dette.<\/p>\n<p>&#8211; Men hvorfor Sart? Kam har ogs\u00e5 sagt det samme til meg. Du kan jo fortelle meg det samme.<\/p>\n<p>Tajga s\u00e5 p\u00e5 meg medlidende.<\/p>\n<p>&#8211; Du er s\u00e5 dum, Maja. Det er ikke noe rart i dette fordi at du har ikke enn\u00e5 begynt \u00e5 fjerne dumhet. Det er rart at du har interesse til praktisering. Men du sp\u00f8rrer av og til slike sp\u00f8rsm\u00e5l som f\u00e5r meg til \u00e5 tenke d\u00e5rlig om deg.<\/p>\n<p>Jeg har allerede tenkt om at jeg spurte et mekanisk sp\u00f8rsm\u00e5l.<\/p>\n<p>&#8211; Ok, s\u00e5 hvorfor skal Sart fortelle meg dette? Vet han mer om dette enn du?<\/p>\n<p>&#8211; Det er betydelig HVA et menneske som forteller deg dette opplever. Du tenker vel at det spiller ingen rolle hvem forteller deg om praktisering?<\/p>\n<p>&#8211; Vel, jeg forst\u00e5r at\u2026<\/p>\n<p>&#8211; Du forst\u00e5r ingenting. La oss g\u00e5 til lysning. Vi skal snakke der.<\/p>\n<p>Det var s\u00e5 het p\u00e5 gate. Jeg skal aldri bli vant til dette&#8230;<\/p>\n<p>&#8211; Hvis noen forteller deg om v\u00e6ret, s\u00e5 spiller det egentlig ingen rolle hvem denne person er. Men det er helt annet situasjon med negative emosjoner. Husker du sin f\u00f8rste negativ emosjon?<\/p>\n<p>&#8211; Selvsagt ikke:)<\/p>\n<p>&#8211; Hva betyr \u201dselvsagt\u201d? Fremviser du dumhet igjen?<\/p>\n<p><em>(Helvete\u2026 dette er jo s\u00e5 lett \u00e5 tenke f\u00f8r jeg sier noe\u2026)<\/em><\/p>\n<p>&#8211; Jeg har eksempelvis opplevd irritasjon da moren min har begynt \u00e5 tygge h\u00f8yt. Farens ansikt har endret seg med det samme. Han har begynt \u00e5 snakke grovt med mor. Jeg s\u00e5 p\u00e5 ham og har begynt den nye for seg f\u00f8lelse \u2013 nemli irritasjon. Og jo lengre jeg s\u00e5 p\u00e5 ham, jo klarere forstod jeg at jeg har TATT i BRUK hans form\u00f8rkelse. Jeg vet ikke hvordan vi gj\u00f8r dette. Enhver menneske har denne talent. Jeg har mange ganger sett at dyr kan gj\u00f8re det samme. Se p\u00e5 mennesker som g\u00e5r ut med sine dyr. De likner hverandre. Jeg tror dermed at det finnes forlyste dyr. Hva om noen dyr skal begynne \u00e5 f\u00f8le det samme som et menneske f\u00f8ler? N\u00e5r vi havner til denne verden, s\u00e5 begynner vi \u00e5 l\u00e6re seg ting. Det \u00e5 l\u00e6re seg noe betyr egentlig \u00e5 ta i f\u00f8le noen oppfatinger. S\u00e5 Sart skal fortelle deg om negative emosjoner og han skal OPPLEVE sin fortelling. N\u00e5r han skal fortelle deg hva betyr \u201danstrengelse\u201d, s\u00e5 skal han oppleve denne anstrengelse. N\u00e5r han skal fortelle deg om Opplevelse, s\u00e5 skal han oppleve den ogs\u00e5. Og du skal kunne h\u00f8re alt dette og oppleve sympati til ham. Du skal ha en sjanse til \u00e5 l\u00e6re seg alt dette. Sart opplever et \u00f8nske til \u00e5 fortelle om dette deg selv. S\u00e5 dette er en veldig god lykke for deg&#8230;<\/p>\n<p>Etter \u00e5 ha sagt dette Tajga har tiet og vi gikk til lysning. N\u00e5 forstod jeg den oppmerksomhet som alle praktikanter lyttet etter Sart med. De har lyttet etter hans opplevelser. N\u00e5r han skal fortelle meg om NE, s\u00e5 skal jeg den samme sjanse som de har. Jeg m\u00e5 bruke denne sjanse for \u00e5 endre seg. Og de m\u00e5 takknemlige meg for det at jeg er s\u00e5 dum. Hadde jeg ikke m\u00f8tt dem, s\u00e5 skulle Sart muligens ikke oppleve et \u00f8nske til \u00e5 fortelle om dette. Denne tanker har for\u00e5rsakt sikkerhet i meg.<\/p>\n","protected":false},"excerpt":{"rendered":"<p>\u201d** av oktober. Enhver av oss har et sp\u00f8rsm\u00e5l som vi kan ikke uttrykke. Og de svar som vi f\u00e5r i form av klarhet gj\u00f8r dette sp\u00f8rsm\u00e5l bare mer aktuell.\u0441\u043f\u0440\u0438\u0438\u043d\u043e\u0433\u0434\u0430 \u043f\u0440\u043e\u0440\u044b\u0432\u0430\u044f\u0441\u044c \u0432\u0430\u044f\u0441\u044c \u0441\u043blarhet gj\u00f8r dette sp\u00f8rsm\u00e5l bare mer aktuell.g din reise i en verden av sex skal begynne. Jeg liker en posisjon av \u201duvissthet\u201d som [&hellip;]<\/p>\n","protected":false},"author":8235,"featured_media":0,"parent":8272,"menu_order":0,"comment_status":"open","ping_status":"closed","template":"","meta":{"_acf_changed":false,"footnotes":""},"class_list":["post-9513","page","type-page","status-publish","hentry"],"acf":[],"yoast_head":"<!-- This site is optimized with the Yoast SEO plugin v27.2 - https:\/\/yoast.com\/product\/yoast-seo-wordpress\/ -->\n<title>Kapittel 36 - Utvalg av tiltrekkende tilstander<\/title>\n<meta name=\"robots\" content=\"index, follow, max-snippet:-1, max-image-preview:large, max-video-preview:-1\" \/>\n<link rel=\"canonical\" href=\"https:\/\/bodhi.name\/nb\/maya-1-force-mineure\/kapittel-36\/\" \/>\n<meta property=\"og:locale\" content=\"nb_NO\" \/>\n<meta property=\"og:type\" content=\"article\" \/>\n<meta property=\"og:title\" content=\"Kapittel 36 - Utvalg av tiltrekkende tilstander\" \/>\n<meta property=\"og:description\" content=\"\u201d** av oktober. Enhver av oss har et sp\u00f8rsm\u00e5l som vi kan ikke uttrykke. Og de svar som vi f\u00e5r i form av klarhet gj\u00f8r dette sp\u00f8rsm\u00e5l bare mer aktuell.\u0441\u043f\u0440\u0438\u0438\u043d\u043e\u0433\u0434\u0430 \u043f\u0440\u043e\u0440\u044b\u0432\u0430\u044f\u0441\u044c \u0432\u0430\u044f\u0441\u044c \u0441\u043blarhet gj\u00f8r dette sp\u00f8rsm\u00e5l bare mer aktuell.g din reise i en verden av sex skal begynne. Jeg liker en posisjon av \u201duvissthet\u201d som [&hellip;]\" \/>\n<meta property=\"og:url\" content=\"https:\/\/bodhi.name\/nb\/maya-1-force-mineure\/kapittel-36\/\" \/>\n<meta property=\"og:site_name\" content=\"Utvalg av tiltrekkende tilstander\" \/>\n<meta name=\"twitter:card\" content=\"summary_large_image\" \/>\n<meta name=\"twitter:label1\" content=\"Ansl. lesetid\" \/>\n\t<meta name=\"twitter:data1\" content=\"11 minutter\" \/>\n<script type=\"application\/ld+json\" class=\"yoast-schema-graph\">{\"@context\":\"https:\/\/schema.org\",\"@graph\":[{\"@type\":\"WebPage\",\"@id\":\"https:\/\/bodhi.name\/nb\/maya-1-force-mineure\/kapittel-36\/\",\"url\":\"https:\/\/bodhi.name\/nb\/maya-1-force-mineure\/kapittel-36\/\",\"name\":\"Kapittel 36 - Utvalg av tiltrekkende tilstander\",\"isPartOf\":{\"@id\":\"https:\/\/bodhi.name\/ru\/#website\"},\"datePublished\":\"2015-03-18T13:42:25+00:00\",\"breadcrumb\":{\"@id\":\"https:\/\/bodhi.name\/nb\/maya-1-force-mineure\/kapittel-36\/#breadcrumb\"},\"inLanguage\":\"nb-NO\",\"potentialAction\":[{\"@type\":\"ReadAction\",\"target\":[\"https:\/\/bodhi.name\/nb\/maya-1-force-mineure\/kapittel-36\/\"]}]},{\"@type\":\"BreadcrumbList\",\"@id\":\"https:\/\/bodhi.name\/nb\/maya-1-force-mineure\/kapittel-36\/#breadcrumb\",\"itemListElement\":[{\"@type\":\"ListItem\",\"position\":1,\"name\":\"\u0413\u043b\u0430\u0432\u043d\u0430\u044f \u0441\u0442\u0440\u0430\u043d\u0438\u0446\u0430\",\"item\":\"https:\/\/bodhi.name\/nb\/\"},{\"@type\":\"ListItem\",\"position\":2,\"name\":\"Maya-1: Force mineure\",\"item\":\"https:\/\/bodhi.name\/nb\/maya-1-force-mineure\/\"},{\"@type\":\"ListItem\",\"position\":3,\"name\":\"Kapittel 36\"}]},{\"@type\":\"WebSite\",\"@id\":\"https:\/\/bodhi.name\/ru\/#website\",\"url\":\"https:\/\/bodhi.name\/ru\/\",\"name\":\"Utvalg av tiltrekkende tilstander\",\"description\":\" Eksperimentell psykologi\",\"potentialAction\":[{\"@type\":\"SearchAction\",\"target\":{\"@type\":\"EntryPoint\",\"urlTemplate\":\"https:\/\/bodhi.name\/ru\/?s={search_term_string}\"},\"query-input\":{\"@type\":\"PropertyValueSpecification\",\"valueRequired\":true,\"valueName\":\"search_term_string\"}}],\"inLanguage\":\"nb-NO\"}]}<\/script>\n<!-- \/ Yoast SEO plugin. -->","yoast_head_json":{"title":"Kapittel 36 - Utvalg av tiltrekkende tilstander","robots":{"index":"index","follow":"follow","max-snippet":"max-snippet:-1","max-image-preview":"max-image-preview:large","max-video-preview":"max-video-preview:-1"},"canonical":"https:\/\/bodhi.name\/nb\/maya-1-force-mineure\/kapittel-36\/","og_locale":"nb_NO","og_type":"article","og_title":"Kapittel 36 - Utvalg av tiltrekkende tilstander","og_description":"\u201d** av oktober. Enhver av oss har et sp\u00f8rsm\u00e5l som vi kan ikke uttrykke. Og de svar som vi f\u00e5r i form av klarhet gj\u00f8r dette sp\u00f8rsm\u00e5l bare mer aktuell.\u0441\u043f\u0440\u0438\u0438\u043d\u043e\u0433\u0434\u0430 \u043f\u0440\u043e\u0440\u044b\u0432\u0430\u044f\u0441\u044c \u0432\u0430\u044f\u0441\u044c \u0441\u043blarhet gj\u00f8r dette sp\u00f8rsm\u00e5l bare mer aktuell.g din reise i en verden av sex skal begynne. Jeg liker en posisjon av \u201duvissthet\u201d som [&hellip;]","og_url":"https:\/\/bodhi.name\/nb\/maya-1-force-mineure\/kapittel-36\/","og_site_name":"Utvalg av tiltrekkende tilstander","twitter_card":"summary_large_image","twitter_misc":{"Ansl. lesetid":"11 minutter"},"schema":{"@context":"https:\/\/schema.org","@graph":[{"@type":"WebPage","@id":"https:\/\/bodhi.name\/nb\/maya-1-force-mineure\/kapittel-36\/","url":"https:\/\/bodhi.name\/nb\/maya-1-force-mineure\/kapittel-36\/","name":"Kapittel 36 - Utvalg av tiltrekkende tilstander","isPartOf":{"@id":"https:\/\/bodhi.name\/ru\/#website"},"datePublished":"2015-03-18T13:42:25+00:00","breadcrumb":{"@id":"https:\/\/bodhi.name\/nb\/maya-1-force-mineure\/kapittel-36\/#breadcrumb"},"inLanguage":"nb-NO","potentialAction":[{"@type":"ReadAction","target":["https:\/\/bodhi.name\/nb\/maya-1-force-mineure\/kapittel-36\/"]}]},{"@type":"BreadcrumbList","@id":"https:\/\/bodhi.name\/nb\/maya-1-force-mineure\/kapittel-36\/#breadcrumb","itemListElement":[{"@type":"ListItem","position":1,"name":"\u0413\u043b\u0430\u0432\u043d\u0430\u044f \u0441\u0442\u0440\u0430\u043d\u0438\u0446\u0430","item":"https:\/\/bodhi.name\/nb\/"},{"@type":"ListItem","position":2,"name":"Maya-1: Force mineure","item":"https:\/\/bodhi.name\/nb\/maya-1-force-mineure\/"},{"@type":"ListItem","position":3,"name":"Kapittel 36"}]},{"@type":"WebSite","@id":"https:\/\/bodhi.name\/ru\/#website","url":"https:\/\/bodhi.name\/ru\/","name":"Utvalg av tiltrekkende tilstander","description":" Eksperimentell psykologi","potentialAction":[{"@type":"SearchAction","target":{"@type":"EntryPoint","urlTemplate":"https:\/\/bodhi.name\/ru\/?s={search_term_string}"},"query-input":{"@type":"PropertyValueSpecification","valueRequired":true,"valueName":"search_term_string"}}],"inLanguage":"nb-NO"}]}},"_links":{"self":[{"href":"https:\/\/bodhi.name\/nb\/wp-json\/wp\/v2\/pages\/9513","targetHints":{"allow":["GET"]}}],"collection":[{"href":"https:\/\/bodhi.name\/nb\/wp-json\/wp\/v2\/pages"}],"about":[{"href":"https:\/\/bodhi.name\/nb\/wp-json\/wp\/v2\/types\/page"}],"author":[{"embeddable":true,"href":"https:\/\/bodhi.name\/nb\/wp-json\/wp\/v2\/users\/8235"}],"replies":[{"embeddable":true,"href":"https:\/\/bodhi.name\/nb\/wp-json\/wp\/v2\/comments?post=9513"}],"version-history":[{"count":1,"href":"https:\/\/bodhi.name\/nb\/wp-json\/wp\/v2\/pages\/9513\/revisions"}],"predecessor-version":[{"id":9514,"href":"https:\/\/bodhi.name\/nb\/wp-json\/wp\/v2\/pages\/9513\/revisions\/9514"}],"up":[{"embeddable":true,"href":"https:\/\/bodhi.name\/nb\/wp-json\/wp\/v2\/pages\/8272"}],"wp:attachment":[{"href":"https:\/\/bodhi.name\/nb\/wp-json\/wp\/v2\/media?parent=9513"}],"curies":[{"name":"wp","href":"https:\/\/api.w.org\/{rel}","templated":true}]}}