{"id":9511,"date":"2015-03-18T17:40:40","date_gmt":"2015-03-18T13:40:40","guid":{"rendered":"http:\/\/bodhi.name\/?page_id=9511"},"modified":"2015-03-18T17:40:40","modified_gmt":"2015-03-18T13:40:40","slug":"kapittel-35","status":"publish","type":"page","link":"https:\/\/bodhi.name\/nb\/maya-1-force-mineure\/kapittel-35\/","title":{"rendered":"Kapittel 35"},"content":{"rendered":"<p>Hete har f\u00e5tt alle til \u00e5 sitte hjemme. Jeg kunne sove noen timer p\u00e5 hotell. Jeg gikk sammen med en jente-praktikant til en m\u00f8te. Jeg s\u00e5 p\u00e5 hennes rumpe. Hun har plutselig stanset og spurte:<\/p>\n<p>&#8211; \u00d8nsker du?<\/p>\n<p>&#8211; Hva?<\/p>\n<p>&#8211; \u00d8nsker du \u00e5 ha meg?<\/p>\n<p>For et uventet sp\u00f8rsm\u00e5l. Jeg har ogs\u00e5 regnet seg for \u00e5pen hva gjelder sex&#8230;men &#8230; jeg opplevde b\u00e5de opphisselse og nysjerrighet.<\/p>\n<p>&#8211; Jeg vet ikke, &#8212; svarte jeg.<\/p>\n<p>Er dette meg? Det virker at en annen person svarer for meg.<\/p>\n<p>&#8211; Ok, la oss g\u00e5, &#8211; hun tok min h\u00e5nd og vi gikk videre. \u2013 Det er ikke vanskelig \u00e5 si hva du \u00f8nsker \u00e5 oppleve. Hvis du svarer p\u00e5 et sp\u00f8rsm\u00e5l med et ansiktsuttrykk, s\u00e5 betyr dette at du opplever ingen sikkrhet.<\/p>\n<p>&#8211; Jeg skal sp\u00f8rre deg en gang til \u2013 \u00f8nsker du \u00e5 ha meg? Du kan bare si hva du f\u00f8ler til meg. Legg sin anstendelse og h\u00f8flighet til side. Jeg er VELDIG uanstendig og uh\u00f8flig. Blir du redd av dette? \u043b\u0430\u044f \u043d\u0435\u043f\u0440\u0438\u043b\u0438\u0447\u043d\u0430\u044f. \u2013 \u041e\u043d\u0430 \u0437\u0430\u0433\u043b\u044f\u043d\u0443\u043b\u0430 til side.tsuttrykk, s\u00e5 betyr dette at du opplever ingen sikkrhet.jeg opplever.art \u00e5 anta at jeg<\/p>\n<p>&#8211; Jeg er heller tiltrukket av dette\u2026 jeg er ikke redd. Jeg har alltid likt tynne jenter&#8230; Men for \u00e5 si det sant&#8230;<\/p>\n<p>Hun har stanset meg.<\/p>\n<p>&#8211; Ved \u00e5 si \u201dfor \u00e5 si det sant\u201d du mener at du har til n\u00e5 lyvet til meg. Du m\u00e5 tenke over sine ord. Skal du fortsette \u00e5 si ubetydelig ord, s\u00e5 skal du aldri l\u00e6re seg \u00e5 tenke klart, &#8212; hinduer som har g\u00e5tt forbi oss s\u00e5 p\u00e5 oss med nysjerrighet.<\/p>\n<p>&#8211; Jeg har h\u00f8rt at det er forbudt \u00e5 holde i hender her i India&#8230;<\/p>\n<p>&#8211; Jeg gir pokker i hva de forbyr hverandre. Jeg er HVIT KVINNE. Og jeg bestemmer selv hva skal jeg gj\u00f8re.<\/p>\n<p>Hun har stanset meg og kysset med rett p\u00e5 gata. S\u00e5 snudde hun seg til hinduer som har stanset for \u00e5 se p\u00e5 oss og sa \u201dLiker dere kyssing? Dere kan g\u00e5 og kysse deres kvinner\u201d.<\/p>\n<p>Jeg kunne ikke se seg omkring. Jeg var s\u00e5 opphisset og sjokkert av hennes handling.<\/p>\n<p>&#8211; De medlider meg. Se p\u00e5 deres ansikter. De tenker at jeg har forverret sin karma. \u2013 Hun klemte meg og vi gikk videre.<\/p>\n<p>&#8211; Ja, vent litt\u2026 Jeg m\u00e5 konsentrere seg.<\/p>\n<p>&#8211; Konsentrere seg? Er noe galt med deg? \u2013 hun smilte og dyttet meg.<\/p>\n<p>Hun er sikkert vanvittig. Hva skal jeg gj\u00f8re videre?<\/p>\n<p>&#8211; Du ser ut som om du har m\u00f8tt sin mor:))) \u2026 Du tenker sikkert at jeg er vanvittig?<\/p>\n<p>Jeg har opplevd skam pga sine antakelser. Jeg har regnet henne for vanvittig bare fordi at hun gjorde noe jeg opplevde fyrkt av.<\/p>\n<p>&#8211; Unnskyld meg, jeg f\u00f8ler seg ikke s\u00e5 bra&#8230; Jeg \u00f8nsker \u00e5 fortsette v\u00e5r samtale&#8230; jeg har ikke stor erfaring av sex med jenter.<\/p>\n<p>&#8211; Maja, du m\u00e5 si det \u00e6rlig.<\/p>\n<p>&#8211; Jeg pr\u00f8ver \u00e5 si dette! Du har sjokert meg med sin atferd og jeg opplevde dumhet. Jeg forst\u00e5r ikke hvorfor sier jeg dette. Tenker du at jeg liker \u00e5 v\u00e6re slik? Jeg liker dette ikke selv. Jeg kan ikke svare p\u00e5 dine sp\u00f8rsm\u00e5l. Jeg frykter negativ reaksjon av hinduer&#8230; Jeg liker din rumpe og dine bein.<\/p>\n<p>&#8211; Det er bra! \u2013 hun klemte meg litt sterkere. \u2013 Fortsett.<\/p>\n<p>&#8211; Jeg vet fortsatt ikke hva du heter.<\/p>\n<p>&#8211; Bryr du seg om mitt navn? Jeg heter Tajga.<\/p>\n<p>&#8211; Dette navn har minnet meg om et menneske. Kjenner du Taj?<\/p>\n<p>&#8211; Hr aldri h\u00f8rt om ham, &#8211; hennes intonasjon fortalte meg at hun \u00f8nsker ikke \u00e5 fortsette \u00e5 snakke om dette. Dette likner ikke p\u00e5 alle mine tidligere veninner. De skulle sikkert fortsette \u00e5 sp\u00f8rre meg.<\/p>\n<p>&#8211; Ok&#8230; Jeg likte \u00e5 se p\u00e5 dine bein og.. jeg \u00f8nsker \u00e5 slikke dem.<\/p>\n<p>&#8211; Fortsett\u2026<\/p>\n<p>&#8211; Jeg \u00f8nsker \u00e5 ha deg. Jeg har aldri likt \u00e5 ha mekanisk samleie.<\/p>\n<p>&#8211; Maja, du m\u00e5 huske at det spiller ingen rolle hvordan du fremviser sin opphisselse. Det oppst\u00e5r av og til et \u00f8nske til \u00e5 slikke hverandre p\u00e5 hotell. Eller s\u00e5 kan du \u00f8nske \u00e5 pule bare for moros skyld. Hvem skal vurdere din seksualitet?<\/p>\n<p>&#8211; Jeg forst\u00e5r at ingen skal vurdere min seksualitet&#8230; men dette er for \u00e5 si det mildt&#8230;<\/p>\n<p>&#8211; For \u00e5 si det mildt?? Du m\u00e5 slutte \u00e5 si ubetydelige ord. Si alt med direkte og betydelige ord. Pass p\u00e5 sin tunge!<\/p>\n<p>Tispe!<\/p>\n<p>Jeg likte hennes rolle av en l\u00e6rer. Hennes r\u00e5d var s\u00e5 klare for meg. Men jeg har fortsatt opplevd forn\u00e6rmelse for seg selv. Jeg har f\u00f8lt seg s\u00e5 dum ved siden av henne. Jeg har opplevd det samme i barndom. Det virket at jeg er den dummeste og ikke interessant for andre. Men jeg har opplevd mer oppmerksomhet etter \u00e5 ha forst\u00e5tt at jeg kan tiltrekke gutter. Og en jente sier til meg n\u00e5 at jeg m\u00e5 passe p\u00e5 sine ord! Jeg har akseptert det at Sart forteller meg noe. Men en jente! Noe i meg har pr\u00f8vd \u00e5 motst\u00e5. Men jeg har ogs\u00e5 opplevd klar sympati til Tajga. Hun har uttrykket sin posisjon til form\u00f8rkelser. Og jeg likte dette.<\/p>\n<p>&#8211; Jeg forst\u00e5r at seksuell tiltrekkelse vurderes med selve tiltrekkelse, &#8212; jeg sier dette men opplever ingen klarhet pga dette.<\/p>\n<p>&#8211; Men du uttrykker seg slik at du tenker at det finnes noen som kan vurdere din seksualitet.<\/p>\n<p>&#8211; Jeg forst\u00e5r ikke hvorfor dette skjer! Jeg forst\u00e5r jo dette, men jeg forst\u00e5r ogs\u00e5 at jeg synes at sex uten kj\u00e6rlighet er noe forvrengt.<\/p>\n<p>&#8211; Du har aldri arbeidet med fjerning av konsepsjoner. Vi skal snakke om dette senere. Hva ellers \u00f8nsker du \u00e5 fortelle meg? \u2013 hun smilte igjen. Hun mente sikkert sex igjen. For en fort endring! Jeg ville har aldri tenkt at hun er s\u00e5 forvrengt.<\/p>\n<p>&#8211; Jeg blir opphisset n\u00e5r du klemmer meg&#8230; Hvor skal vi g\u00e5?<\/p>\n<p>&#8211; ? For et barn du er\u2026 vi g\u00e5r for \u00e5 PULE? Jeg skal pule deg og gj\u00f8re som jeg \u00f8nsker.<\/p>\n<p>Jeg ble s\u00e5 opphisset igjen. Kaotiske tanker oppstod i min hode&#8230; Hun skal g\u00e5 naken p\u00e5 gata og pule meg der&#8230; Skal jeg ikke g\u00e5 med henne? Jeg kan ikke stanse&#8230;<\/p>\n<p>En d\u00f8r laget av glass, trapp..hun stenger d\u00f8ren.<\/p>\n<p>&#8211; Jeg skal gj\u00f8re alt jeg \u00f8nsker. Og jeg anbefaler deg \u00e5 gj\u00f8re det samme.<\/p>\n<p>&#8211; Og hva om noen av oss skal ikke like dette?<\/p>\n<p>&#8211; Et typisk sp\u00f8rsm\u00e5l av en jomfru jente&#8230; Du skal bare si meg om du skal ikke like noe. Og jeg skal pr\u00f8ve \u00e5 f\u00f8le dette. Det \u00e5 gj\u00f8re noe man \u00d8NSKER \u00e5 gj\u00f8re betyr ikke \u00e5 voldta noen.<\/p>\n<p>Jeg har forst\u00e5tt alt.<\/p>\n<p>&#8211; Jeg \u00f8nsker \u00e5 begynne\u2026<\/p>\n<p>&#8211; Vel&#8230;vi skal ikke begynne da.<\/p>\n<p>&#8211; Hva mener du??<\/p>\n<p>&#8211; N\u00e5r du sier \u201djeg \u00f8nsker \u00e5 begynne\u201d, s\u00e5 skal du aldri begynne. JEG vet dette sikkert.<\/p>\n<p>Hun kom til meg og legget hender p\u00e5 mine skuldre&#8230; jeg har satt seg.<\/p>\n<p>&#8211; Ta av meg shorts.<\/p>\n<p>Det er s\u00e5 uvanlig \u00e5 f\u00f8le seg jomfru som har havnet til en erfaren jente. Jeg har opplevd b\u00e5de nytelse og udmykelse.<\/p>\n<p>Jeg tok av hennes shorts og luktet hennes nesten transparent undert\u00f8y.<\/p>\n<p>Det \u00e5 slikke hennes l\u00e5r og bein er s\u00e5 behagelig&#8230; Min jente&#8230; Jeg kysser hennes rumpe. Jeg kysser hennes undert\u00f8y og slikker mellom hennes bein&#8230;<\/p>\n<p>\u2026Tajgas hender klemmer min hode. Jeg st\u00e5r opp og tar av sin kl\u00e6r. Hun tar av sin kl\u00e6r ogs\u00e5 og jeg ser vakker bryst.<\/p>\n<p>&#8211; Sug p\u00e5 dem! \u2013 hun sier meg.<\/p>\n<p>Jeg tar hennes bryst med begge hender og suger den. Hun opplever sikkert nytelse p\u00e5 den samme m\u00e5te som jeg.<\/p>\n<p>Jeg f\u00f8ler at hun dytter meg til veggen og r\u00f8rer min mage, bryst og rumpe&#8230; Hun r\u00f8rer mellom mine bein&#8230; (<em>hun er s\u00e5 sterk!<\/em>).<\/p>\n<p>Hun r\u00f8rer meg gjennom min kl\u00e6r&#8230;tispe&#8230; Jeg skal oppleve orgasme akkurat n\u00e5.<\/p>\n<p>&#8211; Er du v\u00e5t?<\/p>\n<p>&#8211; Ja\u2026<\/p>\n<p>&#8211; Det er bra. \u2013 Tajga satte seg p\u00e5 sofa. Jeg stod ved vegg og visste ikke hva jeg skal gj\u00f8re videre.<\/p>\n<p>&#8211; Vet du ikke hva du skal gj\u00f8re?<\/p>\n<p>&#8211; Akkurat!<\/p>\n<p>&#8211; For et problem\u2026 gj\u00f8r noe du \u00f8nsker \u00e5 gj\u00f8re. Hvorfor sp\u00f8rrer du seg ikke \u201dHva \u00f8nsker jeg \u00e5 gj\u00f8re n\u00e5\u201d?<\/p>\n<p>&#8211; Noe som vi gj\u00f8r n\u00e5 likner ikke p\u00e5 mine forestillinger.<\/p>\n<p>&#8211; Liker du dette ikke?<\/p>\n<p>&#8211; Jo, jeg liker dette. Men du sjokerer meg. Jeg er ikke s\u00e5 sjenert egentlig.<\/p>\n<p>&#8211; Men du lyver jo. Du er sjenert. Du pr\u00f8ver \u00e5 si dette med noen ubetydelige ord.<\/p>\n<p>&#8211; Jeg er enig. Men jeg er jo mer \u00e5pent enn andre!<\/p>\n<p>&#8211; Kom hit. \u2013 Hun pekte p\u00e5 et sted ved sine bein og jeg satte seg der. \u2013 Liker du mine bein?<\/p>\n<p>&#8211; Ja, jeg like dem. \u2013 Jeg har tatt av hennes sko og tok f\u00f8tter i sine hender. Jeg har begynt \u00e5 spille med dem.<\/p>\n<p>&#8211; Det er dumt \u00e5 sammenlikne seg med andre mennesker. Du m\u00e5 sammenlikne seg bare med seg selv. Gi pokker i andre. Sp\u00f8rsm\u00e5let er ikke om du er \u00e5pen enn andre eller ikke. Det er viktig om din \u00e5pnehet lar din seksualitet fremvise seg eller ikke.<\/p>\n<p>&#8211; Jeg vet ikke. Hvordan f\u00e5r jeg vite dette? Jeg merker at jeg blir mer \u00e5pen og f\u00f8lsom. Tidligere jeg trodde at jeg kan ikke oppleve slik nytelse bare ved \u00e5 kysse f\u00f8tter av en ukjent jente. Taj fortalte meg at det er ikke n\u00f8dvendig \u00e5 oppleve orgasme. Jeg f\u00e5r vite noe nytt hele tid. Jeg endrer seg hele tid. Men hvordan f\u00e5r jeg vite at min seksualitet har v\u00e5knet? Finnes det noen terskel for dette?<\/p>\n<p>&#8211; Jeg liker dine sp\u00f8rsm\u00e5l:) Du er s\u00e5 levende og jeg liker dette. Praksis av det \u00e5 stanse rett f\u00f8r orgasme&#8230; mente du denne praksis? Denne praksis er veldig vanskelig. Men hvis du skal ikke arbeide, s\u00e5 skal du, skal du ikke kunne utvikle seg. Gutter sliter med realisering av sine \u00f8nsker. Men jenter kan gj\u00f8re hva som helst. Og jenter m\u00e5 bruke denne sjanse. Jeg skal vise deg.<\/p>\n<p>Hun tok p\u00e5 seg kl\u00e6r og vi gikk ut.<\/p>\n<p>&#8211; Tajga\u2026 &#8211; jeg har begynt \u00e5 snakke.<\/p>\n<p>Hun s\u00e5 i mine \u00f8yne.<\/p>\n<p>&#8211; Du m\u00e5 tro p\u00e5 meg.<\/p>\n<p>Etter \u00e5 ha sett p\u00e5 henne jeg har ikke spurt hvor skal vi g\u00e5.<\/p>\n<p>Vi gikk til n\u00e6rmeste kafe. Tajga har valgt en kafe med noen turister.Tajga har satt seg slik at vi kunne se p\u00e5 turister sammen.<\/p>\n<p>&#8211; Liker du gutta der? \u2013 hun pekte p\u00e5 to gutter (ca 25 \u00e5r gammel).<\/p>\n<p>&#8211; Vel&#8230; disse gutta for\u00e5rsaker ingen f\u00f8lelser hos meg.<\/p>\n<p>&#8211; Jeg sp\u00f8rrer deg en gang til. Liker du disse gutta?<\/p>\n<p>&#8211; Jeg vet ikke\u2026 jeg forholder seg n\u00f8ytralt.<\/p>\n<p>&#8211; For en dum jente du er, &#8212; Tajga har plutselig begynt \u00e5 r\u00f8re meg mellom bein igjen, \u2013 du m\u00e5 tenke med DETTE! Jeg skal hjelpe deg. Forestill seg at de er nakne. \u00d8nsker du \u00e5 se dem naken?<\/p>\n<p>&#8211; Vel&#8230;jeg ville sikkert se p\u00e5 dem.<\/p>\n<p>&#8211; Ville du r\u00f8rer deres kuker?<\/p>\n<p>&#8211; Hmm&#8230; det avhenger av form. Jeg liker ikke alle kuker.<\/p>\n<p>&#8211; Skal vi se\u2026 men selve tanke om at de kan ha st\u00e5ende kuker opphisser deg, ikke sant? Ville du ha r\u00f8rt en kukk av en gutt som du liker? Hvilke gutter liker du?<\/p>\n<p>&#8211; Jeg liker kukker av middels lengde. De m\u00e5 ikke v\u00e6re for store eller for sm\u00e5.<\/p>\n<p>&#8211; Ville du ha sugt en slik kukk?&#8230; Liker du \u00e5 suge i det hele tatt?<\/p>\n<p>&#8211; Jeg liker det:) Jeg liker \u00e5 suge og slikke egg.<\/p>\n<p>&#8211; Greit. Det er nok for n\u00e5. \u2013 Tajga stod opp og gikk til et bord for \u00e5 snakke med de to gutta. Noen minutter senere jeg h\u00f8rte at de snakket om noen vanlige ting. S\u00e5 har de alle sammen kommet til mitt bord og jeg tenkte da at de ser ut som alle vanlige turister.<\/p>\n<p>&#8211; Alesj, &#8211; Tajga har begynt \u00e5 snakke med en av dem, &#8212; Maja liker kukker av middels lengde. Hun liker \u00e5 suge og slikke dem. Alesj, har du en slik kukk?<\/p>\n<p>Guttens ansikt ble m\u00f8rk. Jeg har ogs\u00e5 opplevd skam&#8230; Jeg s\u00e5 ned og kunne ikke se p\u00e5 deres ansikter pga skam.<\/p>\n<p>&#8211; Alesj, s\u00e5 hvilken st\u00f8rrelse har du? Og du? \u2013 hun spurte den andre gutten.<\/p>\n<p>Den andre gutten har samlet seg og sa at han har \u201dneste den samme st\u00f8rrelse\u201d.<\/p>\n<p>&#8211; Virkelig? Det er s\u00e5 bra! Maja, du har sagt at du skal r\u00f8re p\u00e5 en slik kukk. V\u00e6r s\u00e5 god!<\/p>\n<p>R\u00f8re den??? Akkurat her??? Nei, Tajga, dette er for mye. Jeg kan ikke se p\u00e5 ham engang. Jeg s\u00e5 p\u00e5 henne.<\/p>\n<p>&#8211; Dere oppf\u00f8rer seg akurat som barn&#8230; \u2013 hun satte seg ved oss og tok min h\u00e5nd. Hun hvisket meg \u201dskal du ikke r\u00f8re hans kunn, s\u00e5 skal du aldri se meg igjen\u201d.<\/p>\n<p>Jeg forstod at min h\u00e5nd ligger mellom hans bein og at jeg kan miste Tajga for alltid. Tajga har i sin tur begynt \u00e5 r\u00f8re Alesjas kukk.<\/p>\n<p>&#8211; F\u00e5 sin h\u00e5nd p\u00e5 hans kukk!<\/p>\n<p>Nei&#8230; jeg kan ikke gj\u00f8re dette. Noen skal se meg&#8230; Tajga ser p\u00e5 meg strengt og jeg kan ikke stanse&#8230;<\/p>\n<p>&#8211; Maja, det er ikke noe problem hvis noen skal seg deg! R\u00f8rer du hans kukk?<\/p>\n<p>&#8211; Ja, jeg gj\u00f8r det.<\/p>\n<p>For en fin kukk han har!<\/p>\n<p>&#8211; Liker du hans kukk?<\/p>\n<p>&#8211; Ja!!! \u2013 det viser seg at jeg kan r\u00f8re kukk i kafe!<\/p>\n<p>Gutter satt bare og det virket at de tenker om noe.<\/p>\n<p>&#8211; Har det noen betydning for deg at din gutt er ikke s\u00e5 spesiell? Hindrer det \u00e5 oppleve nytelse?<\/p>\n<p>&#8211; Nei, dette hindrer meg ikke.<\/p>\n<p>&#8211; Det er bra. Har du tatt hans kukk ut av bokse?<\/p>\n<p>&#8211; Nei\u2026<\/p>\n<p>&#8211; Ta den ut.<\/p>\n<p>&#8211; Og hva gj\u00f8r du?<\/p>\n<p>&#8211; Vel&#8230; jeg spiller med hans kukk. Jeg klemmer den. Og han skal oppleve orgasme snart. Alesj, du m\u00e5 holde litt mer for meg. Og en kukk du spiller med ser ogs\u00e5 bra ut.<\/p>\n<p>&#8211; Akkurat, den er bra..<\/p>\n<p>&#8211; Du kan vel suge p\u00e5 den!<\/p>\n<p>&#8211; Hva?? Nei, jeg kan ikke gj\u00f8re dette\u2026<\/p>\n<p>Hun s\u00e5 p\u00e5 meg strengt igjen. Jeg har husket at praktikanter forholder seg til meg if\u00f8lge de oppfatninger jeg opplever. Det virker at Tajga reagerer p\u00e5 mine konsepsjoner. Jeg har ingen tvil i det at hun kan st\u00e5 opp og g\u00e5 fra meg n\u00e5r som helst&#8230; Jeg s\u00e5 seg omkring og har b\u00f8yd seg ned for \u00e5 suge p\u00e5 kukk. For en smakfull kukk! Jeg s\u00e5 at Tajga r\u00f8rer kukk av den andre gutt under bordet. Hun har ogs\u00e5 b\u00f8yd seg for \u00e5 suge p\u00e5 kukk. Jeg har ogs\u00e5 begynt \u00e5 oppleve et \u00f8nske til \u00e5 ha samleie med med henne. Hun s\u00e5 p\u00e5 meg og smilte. Snart etter vi stod opp og gikk fra kafe.<\/p>\n<p>&#8211; La oss g\u00e5, Maja.<\/p>\n<p>Vi stod opp og gikk ut.<\/p>\n<p>&#8211; \u00d8nsker du \u00e5 sove? \u2013 Tajga luktet luft, &#8211; Jeg \u00f8nsker \u00e5 sove. Men hvis vi skal g\u00e5 sammen, s\u00e5 skal vi ha samleie. Opplever du ukomfortabelthet pga det at vi har forlatt disse gutter?<\/p>\n<p>&#8211; Jeg opplever s\u00e5 mange oppfatninger akkurat n\u00e5! \u2026Det som gjelder gutter&#8230; Jeg \u00f8nsker \u00e5 gj\u00f8re noe jeg \u00f8nsker. Og jeg liker at andre mennesker gj\u00f8r det samme. Ingenting har hindret dem til \u00e5 fremvise sine f\u00f8lelser. Men de har ikke gjort noen ting. De har dermed gjort sin valg.<\/p>\n<p>&#8211; Jeg har gjort sin valg ogs\u00e5:) \u2013 Tajga lo. \u2013 en viktig prosedyre til &#8230; \u2013 hun tok en flaske ut av lomme. \u2013 Rens munnen med denne vann. Hold den i munn til du skal komme hjem. Dette er kolloid s\u00f8lv. Har du noen gang f\u00e5tt en kukk rett i hals? Nei? Jeg skal vise deg dette. Og du m\u00e5 bli vant til at din seksualitet gir pokker i alt omkring. Seksualitet kan fremvise seg i helt uvanlige situasjoner. Skal du ikke hindre denne fremvisning, s\u00e5 skal din seksualitet bli levende og din reise i en verden av sex skal begynne. G\u00e5 for \u00e5 sove og vi skal snakke senere.<\/p>\n","protected":false},"excerpt":{"rendered":"<p>Hete har f\u00e5tt alle til \u00e5 sitte hjemme. Jeg kunne sove noen timer p\u00e5 hotell. Jeg gikk sammen med en jente-praktikant til en m\u00f8te. Jeg s\u00e5 p\u00e5 hennes rumpe. Hun har plutselig stanset og spurte: &#8211; \u00d8nsker du? &#8211; Hva? &#8211; \u00d8nsker du \u00e5 ha meg? For et uventet sp\u00f8rsm\u00e5l. Jeg har ogs\u00e5 regnet seg [&hellip;]<\/p>\n","protected":false},"author":8235,"featured_media":0,"parent":8272,"menu_order":0,"comment_status":"open","ping_status":"closed","template":"","meta":{"_acf_changed":false,"footnotes":""},"class_list":["post-9511","page","type-page","status-publish","hentry"],"acf":[],"yoast_head":"<!-- This site is optimized with the Yoast SEO plugin v27.2 - https:\/\/yoast.com\/product\/yoast-seo-wordpress\/ -->\n<title>Kapittel 35 - Utvalg av tiltrekkende tilstander<\/title>\n<meta name=\"robots\" content=\"index, follow, max-snippet:-1, max-image-preview:large, max-video-preview:-1\" \/>\n<link rel=\"canonical\" href=\"https:\/\/bodhi.name\/nb\/maya-1-force-mineure\/kapittel-35\/\" \/>\n<meta property=\"og:locale\" content=\"nb_NO\" \/>\n<meta property=\"og:type\" content=\"article\" \/>\n<meta property=\"og:title\" content=\"Kapittel 35 - Utvalg av tiltrekkende tilstander\" \/>\n<meta property=\"og:description\" content=\"Hete har f\u00e5tt alle til \u00e5 sitte hjemme. Jeg kunne sove noen timer p\u00e5 hotell. Jeg gikk sammen med en jente-praktikant til en m\u00f8te. Jeg s\u00e5 p\u00e5 hennes rumpe. Hun har plutselig stanset og spurte: &#8211; \u00d8nsker du? &#8211; Hva? &#8211; \u00d8nsker du \u00e5 ha meg? For et uventet sp\u00f8rsm\u00e5l. Jeg har ogs\u00e5 regnet seg [&hellip;]\" \/>\n<meta property=\"og:url\" content=\"https:\/\/bodhi.name\/nb\/maya-1-force-mineure\/kapittel-35\/\" \/>\n<meta property=\"og:site_name\" content=\"Utvalg av tiltrekkende tilstander\" \/>\n<meta name=\"twitter:card\" content=\"summary_large_image\" \/>\n<meta name=\"twitter:label1\" content=\"Ansl. lesetid\" \/>\n\t<meta name=\"twitter:data1\" content=\"14 minutter\" \/>\n<script type=\"application\/ld+json\" class=\"yoast-schema-graph\">{\"@context\":\"https:\/\/schema.org\",\"@graph\":[{\"@type\":\"WebPage\",\"@id\":\"https:\/\/bodhi.name\/nb\/maya-1-force-mineure\/kapittel-35\/\",\"url\":\"https:\/\/bodhi.name\/nb\/maya-1-force-mineure\/kapittel-35\/\",\"name\":\"Kapittel 35 - Utvalg av tiltrekkende tilstander\",\"isPartOf\":{\"@id\":\"https:\/\/bodhi.name\/ru\/#website\"},\"datePublished\":\"2015-03-18T13:40:40+00:00\",\"breadcrumb\":{\"@id\":\"https:\/\/bodhi.name\/nb\/maya-1-force-mineure\/kapittel-35\/#breadcrumb\"},\"inLanguage\":\"nb-NO\",\"potentialAction\":[{\"@type\":\"ReadAction\",\"target\":[\"https:\/\/bodhi.name\/nb\/maya-1-force-mineure\/kapittel-35\/\"]}]},{\"@type\":\"BreadcrumbList\",\"@id\":\"https:\/\/bodhi.name\/nb\/maya-1-force-mineure\/kapittel-35\/#breadcrumb\",\"itemListElement\":[{\"@type\":\"ListItem\",\"position\":1,\"name\":\"\u0413\u043b\u0430\u0432\u043d\u0430\u044f \u0441\u0442\u0440\u0430\u043d\u0438\u0446\u0430\",\"item\":\"https:\/\/bodhi.name\/nb\/\"},{\"@type\":\"ListItem\",\"position\":2,\"name\":\"Maya-1: Force mineure\",\"item\":\"https:\/\/bodhi.name\/nb\/maya-1-force-mineure\/\"},{\"@type\":\"ListItem\",\"position\":3,\"name\":\"Kapittel 35\"}]},{\"@type\":\"WebSite\",\"@id\":\"https:\/\/bodhi.name\/ru\/#website\",\"url\":\"https:\/\/bodhi.name\/ru\/\",\"name\":\"Utvalg av tiltrekkende tilstander\",\"description\":\" Eksperimentell psykologi\",\"potentialAction\":[{\"@type\":\"SearchAction\",\"target\":{\"@type\":\"EntryPoint\",\"urlTemplate\":\"https:\/\/bodhi.name\/ru\/?s={search_term_string}\"},\"query-input\":{\"@type\":\"PropertyValueSpecification\",\"valueRequired\":true,\"valueName\":\"search_term_string\"}}],\"inLanguage\":\"nb-NO\"}]}<\/script>\n<!-- \/ Yoast SEO plugin. -->","yoast_head_json":{"title":"Kapittel 35 - Utvalg av tiltrekkende tilstander","robots":{"index":"index","follow":"follow","max-snippet":"max-snippet:-1","max-image-preview":"max-image-preview:large","max-video-preview":"max-video-preview:-1"},"canonical":"https:\/\/bodhi.name\/nb\/maya-1-force-mineure\/kapittel-35\/","og_locale":"nb_NO","og_type":"article","og_title":"Kapittel 35 - Utvalg av tiltrekkende tilstander","og_description":"Hete har f\u00e5tt alle til \u00e5 sitte hjemme. Jeg kunne sove noen timer p\u00e5 hotell. Jeg gikk sammen med en jente-praktikant til en m\u00f8te. Jeg s\u00e5 p\u00e5 hennes rumpe. Hun har plutselig stanset og spurte: &#8211; \u00d8nsker du? &#8211; Hva? &#8211; \u00d8nsker du \u00e5 ha meg? For et uventet sp\u00f8rsm\u00e5l. Jeg har ogs\u00e5 regnet seg [&hellip;]","og_url":"https:\/\/bodhi.name\/nb\/maya-1-force-mineure\/kapittel-35\/","og_site_name":"Utvalg av tiltrekkende tilstander","twitter_card":"summary_large_image","twitter_misc":{"Ansl. lesetid":"14 minutter"},"schema":{"@context":"https:\/\/schema.org","@graph":[{"@type":"WebPage","@id":"https:\/\/bodhi.name\/nb\/maya-1-force-mineure\/kapittel-35\/","url":"https:\/\/bodhi.name\/nb\/maya-1-force-mineure\/kapittel-35\/","name":"Kapittel 35 - Utvalg av tiltrekkende tilstander","isPartOf":{"@id":"https:\/\/bodhi.name\/ru\/#website"},"datePublished":"2015-03-18T13:40:40+00:00","breadcrumb":{"@id":"https:\/\/bodhi.name\/nb\/maya-1-force-mineure\/kapittel-35\/#breadcrumb"},"inLanguage":"nb-NO","potentialAction":[{"@type":"ReadAction","target":["https:\/\/bodhi.name\/nb\/maya-1-force-mineure\/kapittel-35\/"]}]},{"@type":"BreadcrumbList","@id":"https:\/\/bodhi.name\/nb\/maya-1-force-mineure\/kapittel-35\/#breadcrumb","itemListElement":[{"@type":"ListItem","position":1,"name":"\u0413\u043b\u0430\u0432\u043d\u0430\u044f \u0441\u0442\u0440\u0430\u043d\u0438\u0446\u0430","item":"https:\/\/bodhi.name\/nb\/"},{"@type":"ListItem","position":2,"name":"Maya-1: Force mineure","item":"https:\/\/bodhi.name\/nb\/maya-1-force-mineure\/"},{"@type":"ListItem","position":3,"name":"Kapittel 35"}]},{"@type":"WebSite","@id":"https:\/\/bodhi.name\/ru\/#website","url":"https:\/\/bodhi.name\/ru\/","name":"Utvalg av tiltrekkende tilstander","description":" Eksperimentell psykologi","potentialAction":[{"@type":"SearchAction","target":{"@type":"EntryPoint","urlTemplate":"https:\/\/bodhi.name\/ru\/?s={search_term_string}"},"query-input":{"@type":"PropertyValueSpecification","valueRequired":true,"valueName":"search_term_string"}}],"inLanguage":"nb-NO"}]}},"_links":{"self":[{"href":"https:\/\/bodhi.name\/nb\/wp-json\/wp\/v2\/pages\/9511","targetHints":{"allow":["GET"]}}],"collection":[{"href":"https:\/\/bodhi.name\/nb\/wp-json\/wp\/v2\/pages"}],"about":[{"href":"https:\/\/bodhi.name\/nb\/wp-json\/wp\/v2\/types\/page"}],"author":[{"embeddable":true,"href":"https:\/\/bodhi.name\/nb\/wp-json\/wp\/v2\/users\/8235"}],"replies":[{"embeddable":true,"href":"https:\/\/bodhi.name\/nb\/wp-json\/wp\/v2\/comments?post=9511"}],"version-history":[{"count":1,"href":"https:\/\/bodhi.name\/nb\/wp-json\/wp\/v2\/pages\/9511\/revisions"}],"predecessor-version":[{"id":9512,"href":"https:\/\/bodhi.name\/nb\/wp-json\/wp\/v2\/pages\/9511\/revisions\/9512"}],"up":[{"embeddable":true,"href":"https:\/\/bodhi.name\/nb\/wp-json\/wp\/v2\/pages\/8272"}],"wp:attachment":[{"href":"https:\/\/bodhi.name\/nb\/wp-json\/wp\/v2\/media?parent=9511"}],"curies":[{"name":"wp","href":"https:\/\/api.w.org\/{rel}","templated":true}]}}