{"id":9506,"date":"2015-03-18T17:36:46","date_gmt":"2015-03-18T13:36:46","guid":{"rendered":"http:\/\/bodhi.name\/?page_id=9506"},"modified":"2015-03-18T17:36:46","modified_gmt":"2015-03-18T13:36:46","slug":"kapittel-33","status":"publish","type":"page","link":"https:\/\/bodhi.name\/nb\/maya-1-force-mineure\/kapittel-33\/","title":{"rendered":"Kapittel 33"},"content":{"rendered":"<p>Jeg har v\u00e5knet opp tidligere enn vanlig (kl. fem). Jeg hadde noen kaotiske dr\u00f8mme om Bodhgaja, barndom, og vanvittige hinduer. Jeg har \u00f8nsket \u00e5 fjerne all denne s\u00f8ppel og se noe mer behagelig i sin s\u00f8vn. Jeg gikk ut til balkong.<\/p>\n<p>Det er forholdsvis kladt her om natt. Jeg er s\u00e5 lei av hete om dag. Dusj er til ingen nytte her. Jeg er lei av deres oppmerksomhet til meg. De sp\u00f8r meg, de skriker p\u00e5 meg. Kanskje jeg m\u00e5 oppf\u00f8re seg mer strengt med dem? Jeg er lei av all denne s\u00f8ppel p\u00e5 gater og kaos omkring.<\/p>\n<p>Jeg har v\u00e5knet opp i en ikke s\u00e5 bra tilstand. Hva for en dritt jeg tenker om? I g\u00e5r jeg kommuniserte med s\u00e5 vitkige for seg personer&#8230; Jeg bryr seg om ingenting n\u00e5r jeg er sammen med dem.<\/p>\n<p>Og n\u00e5 st\u00e5r jeg p\u00e5 balkong og opplever utilfredshet. Det virker at jeg har ikke opplevd noe i Kulu, Risjikesj. Hvorfor hender det slik? Kastaneda skrev om det at han har glemt deler av sitt liv. Han forklarte det med form\u00f8rkelser. Kanskje jeg skal ikke kunne oppleve de samme tiltrekkende for seg f\u00f8lelser igjen?<\/p>\n<p>\u2026I g\u00e5r trodde jeg at dumhet skal aldri mer oppst\u00e5 i meg. Men i dag&#8230; Hva skal jeg gj\u00f8re n\u00e5? Jeg f\u00f8lte en f\u00f8lelse av tap pga en tanke om at jeg m\u00e5tte nekte tanker om et punkt av samling. Dette er avhengighet&#8230; Fortvilelse oppstod i meg. Jeg har \u00f8nsket \u00e5 gr\u00e5te. Jeg vet ikke hva skal jeg gj\u00f8re med alt dette. Jeg skal heller g\u00e5 og sove.<\/p>\n<p>Jeg gikk til seng igjen. Jeg ville ha Krist her med seg n\u00e5&#8230; Jeg ville kysse og klemme henne&#8230; jeg \u00f8nsker \u00e5 spille med hennes brystvorter og hennes rumpe&#8230; Jeg har lukket \u00f8yne og forestillte seg henne\u2026<\/p>\n<p>Det oppstod et sterk \u00f8nske til \u00e5 sove igjen&#8230; synsbilder har mikset seg i min hode&#8230; et ansikt av Kam, Sart&#8230;Kristis bryst&#8230; Vi kj\u00e6ler hverandre. Vi klemmer hverandre. Kam ligger i grass. Er dette en dr\u00f8mm eller ikke? Plutselig opplevde jeg et synsbilde veldig klart. Dette var \u201djeg\u201d. Og all denne kaos omkring var ogs\u00e5 \u201djeg\u201d.<\/p>\n<p>Jeg har sett seg selv fra en annen side. Jeg opplevde alt som har skjedd med meg i datidens situasjon. Hvordan kunne dette hende med meg?<\/p>\n<p>Jeg lurer p\u00e5 om jeg kan gjenoppleve en m\u00f8te med praktikanter. Det oppstod et synsbilde av lysning som alle satt p\u00e5. Sart snakker om noe med en jente. Her sitter ogs\u00e5 Kam og jeg. JEG???<\/p>\n<p>Kanskje dette er hallusinasjon? Dette er sikkert ikke min forestilling! N\u00e5r jeg forestiller seg noe, s\u00e5 vet jeg hva jeg \u00f8nsker \u00e5 forestille. Men n\u00e5 ser jeg noe jeg har opplevd. Og jeg kan ikke p\u00e5virke dette synsbildet! Det virker at jeg ser seg selv p\u00e5 kino!<\/p>\n<p>Dette er ikke dr\u00f8mmer. Dette er noe helt annet. Dette er noe levende og noe jeg kan obsereve. Der sitter det to mennesker som jeg har ikke blitt kjent med i g\u00e5r. N\u00e5 ser jeg dem klart. Jeg ser p\u00e5 et ansikt til en av dem. Dette er utrolig!<\/p>\n<p>Ser han virkelig ut p\u00e5 denne m\u00e5te??? Denne har b\u00e5de skremt og forbauset meg samtidig. Nei&#8230; dette er bare min s\u00f8vn&#8230; Men for en nytelse jeg opplever pga denne s\u00f8vn. Jeg vet ikke hvordan kan jeg beskrive dette. Kanskje noe skal forsvinne akkurat n\u00e5?<\/p>\n<p>Men ingenting forsvinner. Jeg kan til og med tenke om noe annet i l\u00f8pet av observering av dette bildet. Han har s\u00e5 pene \u00f8yne! Plutselig opplevde jeg sterk frykt. Disse \u00f8yne SER p\u00e5 meg! Dette er utrolig&#8230; Jeg m\u00e5 slutte denne erfaring straks&#8230; Alt har forsvunnet.<\/p>\n<p>Jeg har opplevd lettelse.. men etter noen minutter tenkte jeg om at jeg m\u00e5tte ikke avslutte denne erfaring. Jeg m\u00e5 begynne alt p\u00e5 nytt! Jeg har \u201dlivligjort\u201d bilde igjen. Det sitter mennesker og snakker om noe.. Jeg ser p\u00e5 hans ansikt igjen. Plutselig opplever jeg frykt igjen. HAN SER P\u00c5 MEG! Nei, jeg skal ikke fortsette&#8230; Men jeg kan ikke slutte \u00e5 se p\u00e5 ham!<\/p>\n<p>Han har merket at jeg observerer ham og han ser p\u00e5 meg ogs\u00e5! Jeg m\u00e5 \u00e5pne \u00f8yne fordi at jeg sover jo ikke&#8230; Men jeg klarer ikke \u00e5 gj\u00f8re dette! Jeg opplever s\u00e5 sterk frykt! Jeg kan verken bevege seg eller \u00e5pne \u00f8yne.<\/p>\n<p>Jeg \u00f8nsker \u00e5 skrike h\u00f8yt. Men jeg kan ikke bevege sin tunge. Etter at frykt har overstiget et viss grad, jeg har samlet alle sine krefter og har til slutt klart \u00e5 bevege seg.<\/p>\n<p>Jeg har klart i hvert fall noe&#8230; n\u00e5 skal jeg \u00e5pne \u00f8yne og st\u00e5 opp. Men det virker at mine \u00f8yne er allerede \u00e5pnet. Jeg kan se rommet omkring seg. Jeg har forst\u00e5tt at jeg ser p\u00e5 sitt eget kropp!!! Jeg ligger p\u00e5 rygg og jeg ser p\u00e5 seg selv fra side samtidig!<\/p>\n<p>Jeg har \u00f8nsket \u00e5 skrike. Men jeg forstod at min virkelige kropp kunne ikke bevege seg. Hva skla jeg gj\u00f8re??? Det oppstod en tanke om at jeg er d\u00f8d. Jeg har skrikt \u201dSart, hjelp meg!\u201d flere ganger. Jeg kunne ikke roe seg ned med en tanke om dr\u00f8mm. Dette var for virkelig. Frykt har nesten forsvunnet og jeg har fortsatt snakket til Sart. Det oppstod rolighet inne i meg. Rolighet har forsterket seg slik at jeg har begynt \u00e5 oppleve behagelig vibrasjon inne i seg. Frykt har eksistert i et annet sted og kunne ikke trenge seg inne i rolighet. S\u00e5 h\u00f8rte jeg en stemme av Sart \u201dse i hans \u00f8yne og opplev tillit til ham\u201d. Dette var sikkert stemme av Sart. Jeg kunne ikke forst\u00e5 hvor har denne stemme kommet fra.<\/p>\n<p>Tillit til Sart var veldig sterk og jeg har konsentrert seg for \u00e5 se dette synsbilde igjen. Jeg har sett det samme menneske igjen. Jeg har sett det samme menneske igjen. Jeg s\u00e5 i hans ansikt og kunne ikke bestemme seg i l\u00f8pet av noen sekunder. Jeg har pustet inn og s\u00e5 i hans \u00f8yne opplevde frykt igjen. Kan jeg bli vant til dette?<\/p>\n<p>Han har uttrykket smil men jeg har ikke \u00f8nsket \u00e5 le. Jeg harfortsettet \u00e5 se i hans \u00f8yne. Det virket at han har p\u00e5virket meg. Men Sart sa meg at jeg kan oppleve tillit til ham. Synsbilde har forst\u00f8rret seg og jeg s\u00e5 hans h\u00f8yre \u00f8ye. Hans \u00f8ye s\u00e5 veldig utrolig ut.<\/p>\n","protected":false},"excerpt":{"rendered":"<p>Jeg har v\u00e5knet opp tidligere enn vanlig (kl. fem). Jeg hadde noen kaotiske dr\u00f8mme om Bodhgaja, barndom, og vanvittige hinduer. Jeg har \u00f8nsket \u00e5 fjerne all denne s\u00f8ppel og se noe mer behagelig i sin s\u00f8vn. Jeg gikk ut til balkong. Det er forholdsvis kladt her om natt. Jeg er s\u00e5 lei av hete om [&hellip;]<\/p>\n","protected":false},"author":8235,"featured_media":0,"parent":8272,"menu_order":0,"comment_status":"open","ping_status":"closed","template":"","meta":{"_acf_changed":false,"footnotes":""},"class_list":["post-9506","page","type-page","status-publish","hentry"],"acf":[],"yoast_head":"<!-- This site is optimized with the Yoast SEO plugin v27.2 - https:\/\/yoast.com\/product\/yoast-seo-wordpress\/ -->\n<title>Kapittel 33 - Utvalg av tiltrekkende tilstander<\/title>\n<meta name=\"robots\" content=\"index, follow, max-snippet:-1, max-image-preview:large, max-video-preview:-1\" \/>\n<link rel=\"canonical\" href=\"https:\/\/bodhi.name\/nb\/maya-1-force-mineure\/kapittel-33\/\" \/>\n<meta property=\"og:locale\" content=\"nb_NO\" \/>\n<meta property=\"og:type\" content=\"article\" \/>\n<meta property=\"og:title\" content=\"Kapittel 33 - Utvalg av tiltrekkende tilstander\" \/>\n<meta property=\"og:description\" content=\"Jeg har v\u00e5knet opp tidligere enn vanlig (kl. fem). Jeg hadde noen kaotiske dr\u00f8mme om Bodhgaja, barndom, og vanvittige hinduer. Jeg har \u00f8nsket \u00e5 fjerne all denne s\u00f8ppel og se noe mer behagelig i sin s\u00f8vn. Jeg gikk ut til balkong. Det er forholdsvis kladt her om natt. Jeg er s\u00e5 lei av hete om [&hellip;]\" \/>\n<meta property=\"og:url\" content=\"https:\/\/bodhi.name\/nb\/maya-1-force-mineure\/kapittel-33\/\" \/>\n<meta property=\"og:site_name\" content=\"Utvalg av tiltrekkende tilstander\" \/>\n<meta name=\"twitter:card\" content=\"summary_large_image\" \/>\n<meta name=\"twitter:label1\" content=\"Ansl. lesetid\" \/>\n\t<meta name=\"twitter:data1\" content=\"5 minutter\" \/>\n<script type=\"application\/ld+json\" class=\"yoast-schema-graph\">{\"@context\":\"https:\/\/schema.org\",\"@graph\":[{\"@type\":\"WebPage\",\"@id\":\"https:\/\/bodhi.name\/nb\/maya-1-force-mineure\/kapittel-33\/\",\"url\":\"https:\/\/bodhi.name\/nb\/maya-1-force-mineure\/kapittel-33\/\",\"name\":\"Kapittel 33 - Utvalg av tiltrekkende tilstander\",\"isPartOf\":{\"@id\":\"https:\/\/bodhi.name\/ru\/#website\"},\"datePublished\":\"2015-03-18T13:36:46+00:00\",\"breadcrumb\":{\"@id\":\"https:\/\/bodhi.name\/nb\/maya-1-force-mineure\/kapittel-33\/#breadcrumb\"},\"inLanguage\":\"nb-NO\",\"potentialAction\":[{\"@type\":\"ReadAction\",\"target\":[\"https:\/\/bodhi.name\/nb\/maya-1-force-mineure\/kapittel-33\/\"]}]},{\"@type\":\"BreadcrumbList\",\"@id\":\"https:\/\/bodhi.name\/nb\/maya-1-force-mineure\/kapittel-33\/#breadcrumb\",\"itemListElement\":[{\"@type\":\"ListItem\",\"position\":1,\"name\":\"\u0413\u043b\u0430\u0432\u043d\u0430\u044f \u0441\u0442\u0440\u0430\u043d\u0438\u0446\u0430\",\"item\":\"https:\/\/bodhi.name\/nb\/\"},{\"@type\":\"ListItem\",\"position\":2,\"name\":\"Maya-1: Force mineure\",\"item\":\"https:\/\/bodhi.name\/nb\/maya-1-force-mineure\/\"},{\"@type\":\"ListItem\",\"position\":3,\"name\":\"Kapittel 33\"}]},{\"@type\":\"WebSite\",\"@id\":\"https:\/\/bodhi.name\/ru\/#website\",\"url\":\"https:\/\/bodhi.name\/ru\/\",\"name\":\"Utvalg av tiltrekkende tilstander\",\"description\":\" Eksperimentell psykologi\",\"potentialAction\":[{\"@type\":\"SearchAction\",\"target\":{\"@type\":\"EntryPoint\",\"urlTemplate\":\"https:\/\/bodhi.name\/ru\/?s={search_term_string}\"},\"query-input\":{\"@type\":\"PropertyValueSpecification\",\"valueRequired\":true,\"valueName\":\"search_term_string\"}}],\"inLanguage\":\"nb-NO\"}]}<\/script>\n<!-- \/ Yoast SEO plugin. -->","yoast_head_json":{"title":"Kapittel 33 - Utvalg av tiltrekkende tilstander","robots":{"index":"index","follow":"follow","max-snippet":"max-snippet:-1","max-image-preview":"max-image-preview:large","max-video-preview":"max-video-preview:-1"},"canonical":"https:\/\/bodhi.name\/nb\/maya-1-force-mineure\/kapittel-33\/","og_locale":"nb_NO","og_type":"article","og_title":"Kapittel 33 - Utvalg av tiltrekkende tilstander","og_description":"Jeg har v\u00e5knet opp tidligere enn vanlig (kl. fem). Jeg hadde noen kaotiske dr\u00f8mme om Bodhgaja, barndom, og vanvittige hinduer. Jeg har \u00f8nsket \u00e5 fjerne all denne s\u00f8ppel og se noe mer behagelig i sin s\u00f8vn. Jeg gikk ut til balkong. Det er forholdsvis kladt her om natt. Jeg er s\u00e5 lei av hete om [&hellip;]","og_url":"https:\/\/bodhi.name\/nb\/maya-1-force-mineure\/kapittel-33\/","og_site_name":"Utvalg av tiltrekkende tilstander","twitter_card":"summary_large_image","twitter_misc":{"Ansl. lesetid":"5 minutter"},"schema":{"@context":"https:\/\/schema.org","@graph":[{"@type":"WebPage","@id":"https:\/\/bodhi.name\/nb\/maya-1-force-mineure\/kapittel-33\/","url":"https:\/\/bodhi.name\/nb\/maya-1-force-mineure\/kapittel-33\/","name":"Kapittel 33 - Utvalg av tiltrekkende tilstander","isPartOf":{"@id":"https:\/\/bodhi.name\/ru\/#website"},"datePublished":"2015-03-18T13:36:46+00:00","breadcrumb":{"@id":"https:\/\/bodhi.name\/nb\/maya-1-force-mineure\/kapittel-33\/#breadcrumb"},"inLanguage":"nb-NO","potentialAction":[{"@type":"ReadAction","target":["https:\/\/bodhi.name\/nb\/maya-1-force-mineure\/kapittel-33\/"]}]},{"@type":"BreadcrumbList","@id":"https:\/\/bodhi.name\/nb\/maya-1-force-mineure\/kapittel-33\/#breadcrumb","itemListElement":[{"@type":"ListItem","position":1,"name":"\u0413\u043b\u0430\u0432\u043d\u0430\u044f \u0441\u0442\u0440\u0430\u043d\u0438\u0446\u0430","item":"https:\/\/bodhi.name\/nb\/"},{"@type":"ListItem","position":2,"name":"Maya-1: Force mineure","item":"https:\/\/bodhi.name\/nb\/maya-1-force-mineure\/"},{"@type":"ListItem","position":3,"name":"Kapittel 33"}]},{"@type":"WebSite","@id":"https:\/\/bodhi.name\/ru\/#website","url":"https:\/\/bodhi.name\/ru\/","name":"Utvalg av tiltrekkende tilstander","description":" Eksperimentell psykologi","potentialAction":[{"@type":"SearchAction","target":{"@type":"EntryPoint","urlTemplate":"https:\/\/bodhi.name\/ru\/?s={search_term_string}"},"query-input":{"@type":"PropertyValueSpecification","valueRequired":true,"valueName":"search_term_string"}}],"inLanguage":"nb-NO"}]}},"_links":{"self":[{"href":"https:\/\/bodhi.name\/nb\/wp-json\/wp\/v2\/pages\/9506","targetHints":{"allow":["GET"]}}],"collection":[{"href":"https:\/\/bodhi.name\/nb\/wp-json\/wp\/v2\/pages"}],"about":[{"href":"https:\/\/bodhi.name\/nb\/wp-json\/wp\/v2\/types\/page"}],"author":[{"embeddable":true,"href":"https:\/\/bodhi.name\/nb\/wp-json\/wp\/v2\/users\/8235"}],"replies":[{"embeddable":true,"href":"https:\/\/bodhi.name\/nb\/wp-json\/wp\/v2\/comments?post=9506"}],"version-history":[{"count":1,"href":"https:\/\/bodhi.name\/nb\/wp-json\/wp\/v2\/pages\/9506\/revisions"}],"predecessor-version":[{"id":9507,"href":"https:\/\/bodhi.name\/nb\/wp-json\/wp\/v2\/pages\/9506\/revisions\/9507"}],"up":[{"embeddable":true,"href":"https:\/\/bodhi.name\/nb\/wp-json\/wp\/v2\/pages\/8272"}],"wp:attachment":[{"href":"https:\/\/bodhi.name\/nb\/wp-json\/wp\/v2\/media?parent=9506"}],"curies":[{"name":"wp","href":"https:\/\/api.w.org\/{rel}","templated":true}]}}