{"id":9498,"date":"2015-03-18T17:30:02","date_gmt":"2015-03-18T13:30:02","guid":{"rendered":"http:\/\/bodhi.name\/?page_id=9498"},"modified":"2015-03-18T17:30:02","modified_gmt":"2015-03-18T13:30:02","slug":"kapittel-29","status":"publish","type":"page","link":"https:\/\/bodhi.name\/nb\/maya-1-force-mineure\/kapittel-29\/","title":{"rendered":"Kapittel 29"},"content":{"rendered":"<p>Noen banker p\u00e5 d\u00f8r da jeg sovde. Det var enn\u00e5 m\u00f8rkt. Jeg har en ekskursjon i dag. Jeg skriker at jeg har v\u00e5knet opp og sl\u00e5r p\u00e5 lys. Jeg opplever kaotiske tanker og en f\u00f8lelse av ukomfortabelthet pga rommet.<\/p>\n<p>Jeg husker at jeg har g\u00e5tt ut tidlig om morge i barndom. Dette gjenklanger med ensomhet. Alle sover mens jeg kan g\u00e5 ut og f\u00f8le seg alene. Jeg er s\u00e5 lei av dem&#8230; det er m\u00f8rkt og friskt ute\u2026 T\u00e5ket dekker meg. Jeg s\u00e5 p\u00e5 m\u00f8rk flekk ved et tre og opplevde redsel og glede av fullstendig ensomhet. Denne glede fyller og kj\u00e6ler meg. Denne glede for\u00e5rsaker et \u00f8nske til \u00e5 elske. Hvem skal jeg elske? Det finnes ikke \u201dhvem\u201d. Jeg skal bare elske. Jeg g\u00e5r forbi huset og forsvinner. Alt er dekket med m\u00f8rke. Lyset kan ikke redde meg. Et lukt av et liv jeg har aldri hatt. Ensomhet skal forsvinne etter en halv time. Jeg \u00f8nsker \u00e5 forbli i denne m\u00f8rk og v\u00e5t frihet for alltid. Jeg \u00f8nsker \u00e5 vende hit en gang. Jeg vet at jeg skal bli som alle andre igjen. Jeg vet at jeg m\u00e5 vende tilbake. Jeg \u00f8nsker ikke \u00e5 v\u00e6re alene. Jeg \u00f8nsker \u00e5 dele denne f\u00f8lelse med andre. Jeg skal vende hit. Jeg er igenting uten denne f\u00f8lelse.<\/p>\n<p>Det sinner noen turister nede allerde. De smilte da de s\u00e5 meg. En arbeider fra hotell f\u00f8rte oss til b\u00e5t. \u043f\u0440\u0430\u0432\u0440\u0430\u0432\u043b\u0435\u043d\u0438\u044f. \u0418 \u0432\u043f\u0440\u0430\u043d\u044ctil b\u00e5t.igjen.t for alltid. av fullstendig ensomhet.r \u00e5 fjerne denne NE<\/p>\n<p>B\u00e5ter blir dyttet fra kyst og sklir p\u00e5 Ganga.<\/p>\n<p>&#8211; Hvor mange \u201dgat\u201d er det her? \u2013 noens sp\u00f8rsm\u00e5l.<\/p>\n<p>&#8211; Ca 360, &#8211; b\u00e5tf\u00f8rer \u00f8nsker ikke \u00e5 snakke.<\/p>\n<p>&#8211; Og hvor mye tid trengs det for \u00e5 bes\u00f8ke dem alle?<\/p>\n<p>&#8211; Ca tre timer.<\/p>\n<p>Slutt av samtale. Hver menneske ser p\u00e5 sine egne ting.<\/p>\n<p>Jeg skal kunne reise til utrolige steder en dag. Jeg m\u00e5 finne veien. Men hva om jeg skal havne til et ukjent sted og skal ikke finne utvei? Et annet liv skal omringe meg. Og jeg skal f\u00f8le seg tapt. Jeg skal ikke vite hvordan \u00e5 vende tilbake. Absolutt ensomhet.<\/p>\n<p>Det finnes et synsbilde som gjenklanger klart med fullstendig ensomhet. Klar sol om ettermiddag belyser en liten by. Det er h\u00f8st snart. Jeg sitter p\u00e5 en benk i park. Og det g\u00e5r ukjente mennesker forbi. Jeg skal aldri finne et n\u00e6r for seg menneske. Alle sover og ser sine egne dr\u00f8mmer. Jeg har blitt absolutt alene. Alt jeg kan gj\u00f8re er \u00e5 f\u00f8le ensomhet. Jeg kan oppleve kj\u00e6rlighet til de mennesker som jeg skal m\u00f8te aldri mer. Jeg kan bare fortsette sin reise uansett av alle omstendigheter.<\/p>\n<p>Solen skal st\u00e5 opp snart. B\u00e5ten sklir p\u00e5 vann ikke langt unna kyst. Vi ser stadig mer folk p\u00e5 kyst. De fyller flasker med vann (for \u00e5 koke??). Alle vasker seg selv og pusser tenner. Menn og kvinner bader. Kvinner bader i sari!!! Jeg forst\u00e5r dette ikke. De ber rett ved vann. Jeg ser ingen glede p\u00e5 deres ansikt. Bare religi\u00f8s vanlighet\u2026 En delfin! Er dette mulig? Enda en!<\/p>\n<p>&#8211; Er dette delfiner?<\/p>\n<p>&#8211; De lever i elver.<\/p>\n<p>&#8211; Men elven er jo s\u00e5 skitten!<\/p>\n<p>&#8211; En annen elv utspringer herfra.<\/p>\n<p>Jeg kan se p\u00e5 sol i l\u00f8pet av lang tid. Denne farge hypnotiserer meg.<\/p>\n<p>Og hva er dette??? Noe ligger i vann ved siden av v\u00e5res b\u00e5t. Dette er et d\u00f8d lik&#8230;<\/p>\n<p>&#8211; Et d\u00f8d menneske, &#8212; en kommentar fra b\u00e5tf\u00f8rer. \u2013 Det er mye av dem her. Dere m\u00e5 gjemme kameraer fordi at vi skal n\u00e6rme oss et sted hvor de brenner d\u00f8de mennesker.<\/p>\n<p>&#8211; Men de brenner ingen der n\u00e5!<\/p>\n<p>&#8211; Det spiller ingen rolle. Det er forbudt \u00e5 ta bilder.<\/p>\n<p>Vi n\u00e6rmer oss kysten og jeg ser en jente som spiller rett ved vann. Hva gj\u00f8r hun der?<\/p>\n<p>&#8211; De samler gull her hver morgen&#8230;gull fra d\u00f8de mennesker.<\/p>\n<p>Vi stanser foran hovedgat for \u00e5 g\u00e5 til kyst. Jeg f\u00f8ler seg s\u00e5 ukomfortabelt her. Det er ikke plass for et annet kultur her. Fattige mennesker som ber om hjelp, v\u00e5te kvinner og menn omkring meg&#8230; alle ser p\u00e5 meg og ler av meg\u2026<\/p>\n<p>Det har blitt veldig varmt rett etter at solen stod opp. Alt dette er fantastisk. Men jeg \u00f8nsker \u00e5 se p\u00e5 dette fra et stor avstand.<\/p>\n<p>&#8211; Stans her! \u2013 jeg har funnet et ledig sted i kafe.<\/p>\n<p>&#8211; Ok.<\/p>\n<p>Det st\u00e5r fire bord laget av tre og en kelner gir meg en meny.<\/p>\n<p>&#8211; Hei! Kan jeg ha frokost her? \u2013 en stemme bak meg.<\/p>\n<p>Hm, en kjekk fyr\u2026<\/p>\n<p>&#8211; Selvsagt:)<\/p>\n<p>&#8211; Jeg heter Roj.<\/p>\n<p>&#8211; Maja.<\/p>\n<p>&#8211; Bra \u00e5 m\u00f8te deg.<\/p>\n<p>Han er kjekk men jeg kan ikke forst\u00e5 hvorfor er jeg s\u00e5 likegyldig til ham? Jeg har likt slike gutter tidligere. Han ser s\u00e5 usikker ut. Og jeg \u00f8nsker \u00e5 ha en aktiv gutt for seg.<\/p>\n<p>&#8211; Jeg skal reise for \u00e5 se lokale klostre i dag. \u00d8nsker du \u00e5 reise med meg?<\/p>\n<p>&#8211; Ja! \u2013 jeg s\u00e5 et h\u00e5p i hans \u00f8yne.<\/p>\n<p>&#8211; Vet du disse steder?<\/p>\n<p>&#8211; Ja, jeg bor her i l\u00f8pet av to m\u00e5neder allerde\u2026<\/p>\n<p>&#8211; To m\u00e5neder??? \u2013 det er utrolig. \u2013 Jeg befinner seg her bare to dager og jeg tenker allerede at jeg m\u00e5 flytte til et mer ren og rolig sted. S\u00e5 hva gj\u00f8r du her?<\/p>\n<p>&#8211; Jeg l\u00e6rer seg \u00e5 spille noen etnisk musikk, jeg tar yoga-kurser og leser.<\/p>\n<p>&#8211; Men du kunne ha gjort alt dette et annet sted, ikke sant?<\/p>\n<p>&#8211; Ja, sikkert&#8230; men jeg liker \u00e5 v\u00e6re her.<\/p>\n<p>&#8211; Utrolig!<\/p>\n<p>&#8211; Skal du reise snart?<\/p>\n<p>&#8211; Jeg tror det. Jeg skal reise til Sarnath her i India. Har du h\u00f8rt noe om dette stedet?<\/p>\n<p>&#8211; Buddha har lest sin siste leksjon der f\u00f8r han har oppn\u00e5dd forlysning.<\/p>\n<p>&#8211; Det vet jeg ogs\u00e5:) Er det interessant der?<\/p>\n<p>&#8211; Det er mange klostre og parker der&#8230; Men jeg likte ikke denne by. Klostre av Varanasi er fullt med spesiell styrke. Du skal f\u00f8le dette med en gang.<\/p>\n<p>&#8211; Med spesiell styrke?:)<\/p>\n<p>&#8211; Akkurat med styrke. Varanasi, kloster og Ganga er lokale styrker.<\/p>\n<p>&#8211; Har du lest Kastaneda?<\/p>\n<p>&#8211; Jeg har lest noe av ham. Jeg f\u00f8ler denne styrke.<\/p>\n<p>&#8211; Og hvordan f\u00f8ler du den?<\/p>\n<p>&#8211; Vel\u2026 Jeg har aldri pr\u00f8vd \u00e5 beskrive den. Jeg tenker at du m\u00e5 f\u00f8le den for seg selv.<\/p>\n<p>&#8211; Men du kunne ha beskrevt den. Mange mennesker forteller om noe de opplever. Men de kan ikke beskrive sine f\u00f8lelser.<\/p>\n<p>&#8211; Kanskje du forst\u00e5r ikke?&#8230; Jeg har ikke \u00f8nsket \u00e5 forn\u00e6rme deg. Namkaj Norbu Rimpotsje har sagt at om du har ikke erfaring av forlyste tilstander, s\u00e5 skal du sp\u00f8rre og pr\u00f8ve \u00e5 forst\u00e5 noe. Men det er umulig \u00e5 forst\u00e5 noe har fortalte om p\u00e5 en vanlig m\u00e5te. Han anbefaler \u00e5 ikke bli skuffet i buddhisme samt \u00e5 endre seg for \u00e5 kunne forst\u00e5 disse ord med hjerte.<\/p>\n<p>&#8211; Det virker at jeg h\u00f8rer en leksjon:) Hvorfor henviser du seg p\u00e5 noen? Har du forst\u00e5else av dette sp\u00f8rsm\u00e5l selv?<\/p>\n<p>&#8211; Jeg har den samme mening som Rimpotsje.<\/p>\n<p>&#8211; Har du ment dette f\u00f8r du fikk vite at Rimpotsje har den samme mening?<\/p>\n<p>&#8211; \u2026Nei, men \u2013 han f\u00f8lte seg ukomfortabelt, &#8212; men da jeg fikk h\u00f8re hans mening, s\u00e5 forstod jeg at dette er noe jeg har pr\u00f8vd \u00e5 si. Jeg har akseptert hans mening med en gang&#8230; Dette virket som veldig forst\u00e5elig for meg.<\/p>\n<p>Jeg kjenner dette. Men hva skal jeg velge av? Skal jeg vandre p\u00e5 disse gater og se p\u00e5 alt dette? Jeg pr\u00f8ver \u00e5 analysere sine \u00f8nsker.<\/p>\n<p>&#8211; S\u00e5 dette virker forst\u00e5elig for deg. La oss si det. Jeg pr\u00f8ver ikke \u00e5 overbevise deg i noe. Jeg ber kun om \u00e5 beskrive den. Dette betyr ikke at jeg skal forst\u00e5 deg. Men kanskje jeg skal f\u00f8le din \u00e6rlighet eller l\u00f8gn i beskrivelse. Forst\u00e5 du meg?<\/p>\n<p>&#8211; Jeg forst\u00e5r deg ikke fullstendig&#8230; Jeg tenker at det er umulig \u00e5 beskrive mystisk erfaring.<\/p>\n<p>&#8211; Kastaneda og Ramakrisjan har beskrevet sin erfaring. Krisjnamurti og Rimpotsje har gjort dette ogs\u00e5. Jeg har ingen tvil i det at de har tenkt alt dette opp. Jeg har tidligere tenkt p\u00e5 en annen m\u00e5te.<\/p>\n<p>&#8211; Skal du fortelle meg om dette?<\/p>\n<p>&#8211; Kanskje&#8230;senere.<\/p>\n<p>Jeg har begynt \u00e5 oppleve forgiftelse av v\u00e5re samtale. Det er rart&#8230; Jeg har alltid likt slike samtaler. Jeg kunne snakke p\u00e5 denne m\u00e5te i l\u00f8pet av mange timer. Men n\u00e5 jeg har ikke \u00f8nsket \u00e5 snakke mer.<\/p>\n<p>&#8211; OK, Roj, jeg \u00f8nsker \u00e5 ta en tur til en kloster. Dette er ikke langt herfra. Blir du med?<\/p>\n<p>&#8211; Ja,vi har jo avtalt dette.<\/p>\n<p>Jeg har aldri tenkt at gutter med slik utseende kan oppleve usikkehet, bekymring.<\/p>\n<p>Det virker at gutter og jenter kan ikke ha noen gode forhold i det hele tatt. En kamp mellom selvmedlidenhet og selvsikkerhet. F\u00f8rst oppst\u00e5r det sympati. Og s\u00e5 utskiftes sympati med lidelser. En lider pga at \u201djeg blir ikke elsket\u201d mens en annen lider pga \u201dkj\u00e6rlighet\u201d. Hva for en kj\u00e6rlighet er dette? Jeg har mange ganger sett at jenter \u00f8nsker ikke \u00e5 g\u00e5 fra sine gutter hvis gutter begynner \u00e5 oppf\u00f8re seg kaldblodig. De begynner \u00e5 v\u00e6re sjalu&#8230; Sjalusi er sikkert et annet navn for kj\u00e6rlighet. Sjalusi omgj\u00f8r meg til et uhyre. S\u00e5 hvorfor kaller vi DETTE for kj\u00e6rlighet? Sjalusi er jo ikke forenlig med \u00f8mhet og bestrebelse. Dette er \u00e5penbart for meg n\u00e5..<\/p>\n<p>Ideelle forhold betyr at man og kvinne opplever ingenn bekymring eller skalusi. Det spiller ingen rolle at da oppst\u00e5r det total gr\u00e5het. Dette kalles for virkelig \u201dkj\u00e6rlighet\u201d. Et uttrykk \u201dhan har asldri forr\u00e5rdt henne\u201d betyr at han elsker henne. Ingen bryr seg om hva \u201dhan\u201d har opplevd.<\/p>\n<p>Plutselig h\u00f8rer jeg et veldig h\u00f8y og irriterende lyd rett ved sine \u00f8rer. Jeg snur seg og ser et rar vesen. F\u00f8rst trodde jeg at dette er en ape eller en vanvittig mann. Men s\u00e5 forstod jeg&#8230;<\/p>\n<p>&#8211; Hello! \u2013 han skriker igjen. \u2013 Penger? Jeg trenger ikke s\u00e5 mye.\u2026<\/p>\n<p>Og n\u00e5 forst\u00e5r jeg hvem dette er. Jeg husker ikke hvordan kalles deres praksis. Disse mennesker pr\u00f8ver \u00e5 etterlikne sine guder i alt. Jeg har lest om at Ramakrisjna har gjort det samme. Jeg ga ham 10 rupier. Et forlyst menneske tok penger og har begynt \u00e5 hoppeav g\u00e5rdet.<\/p>\n<p>Aper sitter p\u00e5 taket av kloster og s\u00f8ker p\u00e5 et sted \u00e5 f\u00e5 mat i. En gateselger har v\u00e5pen med seg for \u00e5 beskytte sin hadel.<\/p>\n<p>&#8211; Liker du dette stedet? \u2013 jeg sp\u00f8r Roj.<\/p>\n<p>&#8211; Ja, det gj\u00f8r jeg. Dette er en gammel kloster. F\u00f8ler du ikke styrke av Sjakti?<\/p>\n<p>&#8211; Nei, det gj\u00f8r jeg ikke. Jeg f\u00f8ler bare nysjerrighet. Kan jeg ta bilder her?<\/p>\n<p>&#8211; Du kan gj\u00f8re dette utenfra.<\/p>\n<p>Jeg tok bilder av noen jenter og vi gikk videre.<\/p>\n<p>Det st\u00e5r mange \u201dhuser\u201d lang veier i byen. Disse er laget av kartong, flasker og s\u00f8ppel. Barn og voksne sover der. Alle barn hadde p\u00e5 seg skitten kl\u00e6r og spilte med s\u00f8ppel. Deres m\u00f8dre \u201dkoker\u201d noe rett ved et \u201dhus\u201d. Jeg s\u00e5 ingen menn der. De kommer sikkert om kveld. Det sitter en gravid kvinne ved vei. Hun ser s\u00e5 glad ut. Kanskje hun er virkelig glad?<\/p>\n<p>Liv av disse mennesker endres ikke med tid. De blir f\u00f8dt i fattigdom og de d\u00f8r i fattigdom. De vet at de kan ikke endre noe. De kan bare tjene for mat og kl\u00e6r. Europeere tenker derimot om oppl\u00e6ring og karriere. Men mennesker her bekymrer seg ikke om noe. Kanskje de \u00f8nsker ikke \u00e5 endre noe i sitt liv.<\/p>\n<p>Neste kloster har ikke imponert oss. Roj har opplevd skuffelse. Men noe i ham har tiltrekket meg. Jeg tenkte at vi kunne spise sammen&#8230; Kjedelig.<\/p>\n<p>&#8211; Maja, vi er to forskjellige mennesker. Men jeg liker deg uansett. \u00d8nsker du \u00e5 spise?<\/p>\n<p>&#8211; Ok:) La oss g\u00e5.<\/p>\n<p>&nbsp;<\/p>\n<p>Hans kukk hadde veldig god smak. Det virket at jeg har opplevd nytelse. Men jeg opplevde fortsatt en f\u00f8lelse av tomhet. Alt skjedde s\u00e5 fort. Det oppstod gr\u00e5het etter at vi hadde samleie.<\/p>\n<p>&#8211; Hva skriver du? Er dette en slags dagbok?<\/p>\n<p>&#8211; Du har rett.<\/p>\n<p>&#8211; Jeg har en dagbok ogs\u00e5\u2026<\/p>\n<p>Vi spiste ferdgi og gikk hver sin vei.<\/p>\n<p>&nbsp;<\/p>\n<p><em>\u201d** av oktober<\/em><\/p>\n<p><em>Jeg opplevde en sterk innerste samtale om det hvordan skal jeg beskrive sine opplevelser. Jeg har bestemt \u00e5 stanse denne samtale. Jeg har pr\u00f8vd \u00e5 stanse tanker men de har oppst\u00e5tt igjen og igjen. Etter hvert jeg har neste gitt opp. S\u00e5 husket jeg et ansikt av person jeg har m\u00f8tt i tog. Han fortalte meg om innerste samtale. Jeg har \u00f8nsket \u00e5 oppleve noe han har opplevd. Jeg lurer p\u00e5 om han kunne hjelpe meg eller ikke.<\/em><\/p>\n<p><em>Plutselig opplevde jeg rolighet. Tanker har stanset. Ogs\u00e5 tilfredshet har forsvunnet. Alt har stanset for en stund. Jeg tenkte p\u00e5 at det har v\u00e6rt s\u00e5 mye st\u00f8y omkring meg hele tid. Og n\u00e5 har jeg blitt alene. \u201dIskald tomhet\u201d har bare blitt igjen. Det virket at jeg s\u00e5 sitt eget liv fra en uvanlig side. Det oppstod en tanke \u201dJeg vet ingenting om hvordan skal jeg leve. Jeg gj\u00f8r noe hele tid og jeg har noen m\u00e5l, men jeg vet fortsatt ingenting om det hvorfor jeg lever og hva skal mitt liv f\u00f8re til\u201d. Denne tanke har fyllt meg. Med andre ord jeg har opplevd en tanke \u201djeg vet ingenting om det hvordan b\u00f8r jeg leve\u201d. Denne tanke har for\u00e5rsakt et sp\u00f8rsm\u00e5l i meg. Men et svar var ikke betydelig for meg. S\u00e5 har stillhet oppst\u00e5tt igjen. Jeg s\u00e5 p\u00e5 Ganga fra en vegg. Det oppstod et synsbilde \u201djeg h\u00f8rer et rop fra en annen side av elv. Dette er noe uvirkelig og helt annet for meg. Jeg hadde en sikkerhet i det at dette er en tilstand som jeg kan oppleve hele tid. Med andre ord det finnes ikke \u201djeg\u201d i denne tilstand. Det oppstod sikkerhet i det at jeg m\u00e5 oppleve stillhet for \u00e5 forsterke dette rop. Jeg m\u00e5 fjerne alle tanker og emosjoner. Et rop var for\u00e5rsakt av noe mystisk og barnslig. Dette er noe veldig ustabilt. Denne oppfatning var helt ukjent for meg.<\/em><\/p>\n<p><em>En rar sikkerhet i seg selv&#8230; Den er veldig enkelt og glad. Men den er ogs\u00e5 naturlig. Dette er absolutt fryktl\u00f8shet. Det oppstod en tanke om at denne tilstand har oppst\u00e5tt pga at jeg har realisert mange \u00f8nsker i det siste. Jeg har blitt mer fri og jeg realiserer de viktigste for seg \u00f8nsker. Jeg har opplevd frihet og sikkerhet i det at jeg skal kunne gj\u00f8re noe jeg \u00f8nsker. Frav\u00e6r av \u00f8nsker har for\u00e5rsakt spesiell glede. Det oppstod klarhet i det at en stor del av mine \u00f8nsker tilh\u00f8rer meg ikke. Dette er bare mekanismer som har blitt satt i gang if\u00f8lge frykt, lidelser og andre form\u00f8rkelser. Jeg opplever helt motsatte \u00f8nsker etter \u00e5 ha fjernet disse mekaniske \u00f8nsker.<\/em><\/p>\n<p><em>En rar sikkerhet i seg selv&#8230; Et ord \u201dseg selv\u201d passer ikke her. Den oppfattes som om jeg har blitt voksen. Det finnes sikkerhet i det at jeg oppsamler erfaring av sikkerhet som skal kunne endre meg. Det finnes et enest\u00e5ene egenskap, nemlig uung\u00e5elighet som skal ikke la meg vende til min tidligere liv. Alt annet er \u00f8yeblikkelig. Det finnes ingen oppfatning av det at alder oppsamles. Det er sikkert at noe endres i meg&#8230; Jeg \u00f8nsker \u00e5 se et menneske for \u00e5 fortelle ham om dette. Det er s\u00e5 bra at han har invitert meg. Jeg \u00f8nsker \u00e5 reise til ham og vise ham at jeg har endret seg litt.\u201d<\/em><\/p>\n","protected":false},"excerpt":{"rendered":"<p>Noen banker p\u00e5 d\u00f8r da jeg sovde. Det var enn\u00e5 m\u00f8rkt. Jeg har en ekskursjon i dag. Jeg skriker at jeg har v\u00e5knet opp og sl\u00e5r p\u00e5 lys. Jeg opplever kaotiske tanker og en f\u00f8lelse av ukomfortabelthet pga rommet. Jeg husker at jeg har g\u00e5tt ut tidlig om morge i barndom. Dette gjenklanger med ensomhet. [&hellip;]<\/p>\n","protected":false},"author":8235,"featured_media":0,"parent":8272,"menu_order":0,"comment_status":"open","ping_status":"closed","template":"","meta":{"_acf_changed":false,"footnotes":""},"class_list":["post-9498","page","type-page","status-publish","hentry"],"acf":[],"yoast_head":"<!-- This site is optimized with the Yoast SEO plugin v27.2 - https:\/\/yoast.com\/product\/yoast-seo-wordpress\/ -->\n<title>Kapittel 29 - Utvalg av tiltrekkende tilstander<\/title>\n<meta name=\"robots\" content=\"index, follow, max-snippet:-1, max-image-preview:large, max-video-preview:-1\" \/>\n<link rel=\"canonical\" href=\"https:\/\/bodhi.name\/nb\/maya-1-force-mineure\/kapittel-29\/\" \/>\n<meta property=\"og:locale\" content=\"nb_NO\" \/>\n<meta property=\"og:type\" content=\"article\" \/>\n<meta property=\"og:title\" content=\"Kapittel 29 - Utvalg av tiltrekkende tilstander\" \/>\n<meta property=\"og:description\" content=\"Noen banker p\u00e5 d\u00f8r da jeg sovde. Det var enn\u00e5 m\u00f8rkt. Jeg har en ekskursjon i dag. Jeg skriker at jeg har v\u00e5knet opp og sl\u00e5r p\u00e5 lys. Jeg opplever kaotiske tanker og en f\u00f8lelse av ukomfortabelthet pga rommet. Jeg husker at jeg har g\u00e5tt ut tidlig om morge i barndom. Dette gjenklanger med ensomhet. [&hellip;]\" \/>\n<meta property=\"og:url\" content=\"https:\/\/bodhi.name\/nb\/maya-1-force-mineure\/kapittel-29\/\" \/>\n<meta property=\"og:site_name\" content=\"Utvalg av tiltrekkende tilstander\" \/>\n<meta name=\"twitter:card\" content=\"summary_large_image\" \/>\n<meta name=\"twitter:label1\" content=\"Ansl. lesetid\" \/>\n\t<meta name=\"twitter:data1\" content=\"13 minutter\" \/>\n<script type=\"application\/ld+json\" class=\"yoast-schema-graph\">{\"@context\":\"https:\/\/schema.org\",\"@graph\":[{\"@type\":\"WebPage\",\"@id\":\"https:\/\/bodhi.name\/nb\/maya-1-force-mineure\/kapittel-29\/\",\"url\":\"https:\/\/bodhi.name\/nb\/maya-1-force-mineure\/kapittel-29\/\",\"name\":\"Kapittel 29 - Utvalg av tiltrekkende tilstander\",\"isPartOf\":{\"@id\":\"https:\/\/bodhi.name\/ru\/#website\"},\"datePublished\":\"2015-03-18T13:30:02+00:00\",\"breadcrumb\":{\"@id\":\"https:\/\/bodhi.name\/nb\/maya-1-force-mineure\/kapittel-29\/#breadcrumb\"},\"inLanguage\":\"nb-NO\",\"potentialAction\":[{\"@type\":\"ReadAction\",\"target\":[\"https:\/\/bodhi.name\/nb\/maya-1-force-mineure\/kapittel-29\/\"]}]},{\"@type\":\"BreadcrumbList\",\"@id\":\"https:\/\/bodhi.name\/nb\/maya-1-force-mineure\/kapittel-29\/#breadcrumb\",\"itemListElement\":[{\"@type\":\"ListItem\",\"position\":1,\"name\":\"\u0413\u043b\u0430\u0432\u043d\u0430\u044f \u0441\u0442\u0440\u0430\u043d\u0438\u0446\u0430\",\"item\":\"https:\/\/bodhi.name\/nb\/\"},{\"@type\":\"ListItem\",\"position\":2,\"name\":\"Maya-1: Force mineure\",\"item\":\"https:\/\/bodhi.name\/nb\/maya-1-force-mineure\/\"},{\"@type\":\"ListItem\",\"position\":3,\"name\":\"Kapittel 29\"}]},{\"@type\":\"WebSite\",\"@id\":\"https:\/\/bodhi.name\/ru\/#website\",\"url\":\"https:\/\/bodhi.name\/ru\/\",\"name\":\"Utvalg av tiltrekkende tilstander\",\"description\":\" Eksperimentell psykologi\",\"potentialAction\":[{\"@type\":\"SearchAction\",\"target\":{\"@type\":\"EntryPoint\",\"urlTemplate\":\"https:\/\/bodhi.name\/ru\/?s={search_term_string}\"},\"query-input\":{\"@type\":\"PropertyValueSpecification\",\"valueRequired\":true,\"valueName\":\"search_term_string\"}}],\"inLanguage\":\"nb-NO\"}]}<\/script>\n<!-- \/ Yoast SEO plugin. -->","yoast_head_json":{"title":"Kapittel 29 - Utvalg av tiltrekkende tilstander","robots":{"index":"index","follow":"follow","max-snippet":"max-snippet:-1","max-image-preview":"max-image-preview:large","max-video-preview":"max-video-preview:-1"},"canonical":"https:\/\/bodhi.name\/nb\/maya-1-force-mineure\/kapittel-29\/","og_locale":"nb_NO","og_type":"article","og_title":"Kapittel 29 - Utvalg av tiltrekkende tilstander","og_description":"Noen banker p\u00e5 d\u00f8r da jeg sovde. Det var enn\u00e5 m\u00f8rkt. Jeg har en ekskursjon i dag. Jeg skriker at jeg har v\u00e5knet opp og sl\u00e5r p\u00e5 lys. Jeg opplever kaotiske tanker og en f\u00f8lelse av ukomfortabelthet pga rommet. Jeg husker at jeg har g\u00e5tt ut tidlig om morge i barndom. Dette gjenklanger med ensomhet. [&hellip;]","og_url":"https:\/\/bodhi.name\/nb\/maya-1-force-mineure\/kapittel-29\/","og_site_name":"Utvalg av tiltrekkende tilstander","twitter_card":"summary_large_image","twitter_misc":{"Ansl. lesetid":"13 minutter"},"schema":{"@context":"https:\/\/schema.org","@graph":[{"@type":"WebPage","@id":"https:\/\/bodhi.name\/nb\/maya-1-force-mineure\/kapittel-29\/","url":"https:\/\/bodhi.name\/nb\/maya-1-force-mineure\/kapittel-29\/","name":"Kapittel 29 - Utvalg av tiltrekkende tilstander","isPartOf":{"@id":"https:\/\/bodhi.name\/ru\/#website"},"datePublished":"2015-03-18T13:30:02+00:00","breadcrumb":{"@id":"https:\/\/bodhi.name\/nb\/maya-1-force-mineure\/kapittel-29\/#breadcrumb"},"inLanguage":"nb-NO","potentialAction":[{"@type":"ReadAction","target":["https:\/\/bodhi.name\/nb\/maya-1-force-mineure\/kapittel-29\/"]}]},{"@type":"BreadcrumbList","@id":"https:\/\/bodhi.name\/nb\/maya-1-force-mineure\/kapittel-29\/#breadcrumb","itemListElement":[{"@type":"ListItem","position":1,"name":"\u0413\u043b\u0430\u0432\u043d\u0430\u044f \u0441\u0442\u0440\u0430\u043d\u0438\u0446\u0430","item":"https:\/\/bodhi.name\/nb\/"},{"@type":"ListItem","position":2,"name":"Maya-1: Force mineure","item":"https:\/\/bodhi.name\/nb\/maya-1-force-mineure\/"},{"@type":"ListItem","position":3,"name":"Kapittel 29"}]},{"@type":"WebSite","@id":"https:\/\/bodhi.name\/ru\/#website","url":"https:\/\/bodhi.name\/ru\/","name":"Utvalg av tiltrekkende tilstander","description":" Eksperimentell psykologi","potentialAction":[{"@type":"SearchAction","target":{"@type":"EntryPoint","urlTemplate":"https:\/\/bodhi.name\/ru\/?s={search_term_string}"},"query-input":{"@type":"PropertyValueSpecification","valueRequired":true,"valueName":"search_term_string"}}],"inLanguage":"nb-NO"}]}},"_links":{"self":[{"href":"https:\/\/bodhi.name\/nb\/wp-json\/wp\/v2\/pages\/9498","targetHints":{"allow":["GET"]}}],"collection":[{"href":"https:\/\/bodhi.name\/nb\/wp-json\/wp\/v2\/pages"}],"about":[{"href":"https:\/\/bodhi.name\/nb\/wp-json\/wp\/v2\/types\/page"}],"author":[{"embeddable":true,"href":"https:\/\/bodhi.name\/nb\/wp-json\/wp\/v2\/users\/8235"}],"replies":[{"embeddable":true,"href":"https:\/\/bodhi.name\/nb\/wp-json\/wp\/v2\/comments?post=9498"}],"version-history":[{"count":1,"href":"https:\/\/bodhi.name\/nb\/wp-json\/wp\/v2\/pages\/9498\/revisions"}],"predecessor-version":[{"id":9499,"href":"https:\/\/bodhi.name\/nb\/wp-json\/wp\/v2\/pages\/9498\/revisions\/9499"}],"up":[{"embeddable":true,"href":"https:\/\/bodhi.name\/nb\/wp-json\/wp\/v2\/pages\/8272"}],"wp:attachment":[{"href":"https:\/\/bodhi.name\/nb\/wp-json\/wp\/v2\/media?parent=9498"}],"curies":[{"name":"wp","href":"https:\/\/api.w.org\/{rel}","templated":true}]}}