{"id":9496,"date":"2015-03-18T17:28:01","date_gmt":"2015-03-18T13:28:01","guid":{"rendered":"http:\/\/bodhi.name\/?page_id=9496"},"modified":"2015-03-18T17:28:01","modified_gmt":"2015-03-18T13:28:01","slug":"kapittel-28","status":"publish","type":"page","link":"https:\/\/bodhi.name\/nb\/maya-1-force-mineure\/kapittel-28\/","title":{"rendered":"Kapittel 28"},"content":{"rendered":"<p>Benares er et senter for silkeindustri i India. ENHVER menneske p\u00e5 gate skal fortelle deg om silk og pr\u00f8ve \u00e5 vise deg vei til den n\u00e6rmeste silkebutikk. Enhver innbygger i Varanasi arbeider som en silkeagent. De s\u00f8ker p\u00e5 nye klienter hele tid. De pr\u00f8ver \u00e5 selge silk hele tid. Alle slektninger deltar i denne hadel.<\/p>\n<p>Jeg har ikke enn\u00e5 kommet til elv men jeg har h\u00f8rt et ord \u201dsilk\u201d mange ganger. Barn har pr\u00f8vd \u00e5 ta meg med seg for \u00e5 vise en butikk. En gutt har pekt p\u00e5 min ur og sa \u201dgi meg dine ur\u201d. Jeg blir kvitt disse irriterende barn og sier \u201dNO!\u201d. Men de ler av meg. Jeg pr\u00f8ver \u00e5 l\u00f8pe fra dem. Jeg kan ikke sl\u00e5 dem fordi at de er s\u00e5 skittne. Jeg s\u00e5 en utlending som gikk i motsatt retning. Han skal hjelpe meg \u00e5 komme til Gang.<\/p>\n<p>&#8211; Hei, vet du hvor Gang befinner seg?<\/p>\n<p>Han lo.<\/p>\n<p>&#8211; Det vet jeg. Og vet du hvor er utvei?<\/p>\n<p>&#8211; Jeg tror at jeg vet det:))) De her, &#8212; jeg viser ham kart. Han peker p\u00e5 et sted hvor jeg skla g\u00e5. Og s\u00e5 g\u00e5r vi hver sin vei.<\/p>\n<p>Jeg har endelig kommet til Benares sitt elv. For etygge hunder lever her&#8230; De er s\u00e5 sultne og s\u00e5 sm\u00e5&#8230;Jeg trodde at jeg elsker alle dyr&#8230;<\/p>\n<p>Et trapp laget av stein har f\u00f8rt meg rett til vann. Det var mye dritt og s\u00f8ppel i vann. Men gutter bader her! De ler og har god tid i elv full av dritt!<\/p>\n<p>Noen kvinner vasker rett i elv.<\/p>\n<p>Det finnes ingen frisk luft langs hele kyst. Man kan puste lett bare p\u00e5 fjerde elelr femte etasje. Det er s\u00e5 varmt her. Det lukter med dritt fordi at mennesker g\u00e5r p\u00e5 do rett i vann. De dritter rett i Gang! Jeg kan ikke forestille seg at det finnes noen ren og rolig sted her.<\/p>\n<p>Fargede klostre og halvt-\u00f8delagte bygninger danner arkitektur her i byen. Jeg kan ikke oppfatte alt omkring som et virkelig liv. Synes noen at DENNE by er den eneste by for dem? Jeg kunne bli f\u00f8dt her ogs\u00e5. Hvorfor ble jeg f\u00f8dt akkurat i et sted jeg ble egentlig f\u00f8dt? Hvordan har dette hendt? Natur skal en dag \u00f8delegge \u201djeg\u201d.<\/p>\n<p>\u2026Sjivala gat, Tusli gat, Reva gat, Gangamahal gat, Badaini gat. Det finnes tiere og hundre av dem. Mange mennesker utf\u00f8rer ulike ritualer. Noen b\u00e6rer d\u00f8de mennesker kledd i r\u00f8d. De vasker lik i elv. Ingen gr\u00e5ter eller skriker. Dette er en vanlig ting. De brenner lik. Turister sitter p\u00e5 trapp og ser p\u00e5 alt dette.<\/p>\n<p>Jeg kommer veldig n\u00e6r ild og f\u00f8ler hete. Det brenner et lik p\u00e5 en smal ild. Barn spiller rett ved siden av ild&#8230; En kvinne bader sitt barn i vann. Jeg h\u00f8rer musikk fra noen fest ikke langt fra oss. En hund spiser en del av noens h\u00e5nd&#8230; Liv og d\u00f8d har mikset seg her. Jeg tror ikke at det finnes noen stabilitet her i det hele tatt. Jeg har ingen garanti i det at jeg skal ikke d\u00f8 i dag eller i morgen. D\u00f8d kan komme n\u00e5r som helst. Hva kan jeg si til d\u00f8d? Jeg kan bare strebe etter frihet og liv.<\/p>\n<p>Jeg vet at det er forbudt \u00e5 ta bilder av denn ritual. Jeg sp\u00f8r en mann om jeg kan ta et bilde og han sier \u201dja\u201d til det. Det er s\u00e5 bra! Jeg tar ut kamera og tar noen bilder. Helvete! De begynner \u00e5 skrike p\u00e5 meg. Jeg rekker \u00e5 gjemme kamera til sekken.<\/p>\n<p>&#8211; Det er forbudt!!! Det er forbudt \u00e5 ta bilder her!!! Du m\u00e5 betale en tusen dollars for forbrytelse!!! Politi!!!<\/p>\n<p>Jeg er sjokert av dette. Jeg kan ikke si et ord. De skal drepe meg n\u00e5. Jeg ser p\u00e5 turister men de legger ikke merke til dette.<\/p>\n<p>En liten hindu kommer til meg. Han ser strengt p\u00e5 meg.<\/p>\n<p>&#8211; Du vet sikkert at det er forbudt \u00e5 ta bilder, ikke sant?<\/p>\n<p>&#8211; Nei, jeg h\u00f8rer dette for f\u00f8rste gang!<\/p>\n<p>&#8211; Du lyver! Dette er skrevet i envher veiledning. Har du en veiledning?<\/p>\n<p>&#8211; Det har jeg.<\/p>\n<p>&#8211; F\u00e5 den.<\/p>\n<p>Jeg gir ham Lonely Planet. Jeg er redd av det at han er sikker i sine handlinger. Jeg tenker p\u00e5 hva skal de gj\u00f8re videre. De er s\u00e5 aggressive. Han har funnet noe og viser meg.<\/p>\n<p>Jeg bruker mye tid for \u00e5 lese noe han viser meg. Det er skrevet der at man b\u00f8r oppf\u00f8re seg godt med sadhu. Det finnes kriminelle blant sadhu ogs\u00e5. Men det er ikke skrevet noe om forbudt fotografering! Jeg viser ham veildning igjen.<\/p>\n<p>&#8211; Men alle andre veiledninger&#8230;<\/p>\n<p>&#8211; Jeg har ikke andre veiledninger. Lonely Planet er den beste!<\/p>\n<p>Jeg f\u00f8ler at jeg har vant. Han sier noe til andre hinduer og vi forlater dette sted.<\/p>\n<p>&#8211; Jeg heter Dzaj. Jeg er den viktigste her. La oss g\u00e5 og sete oss.<\/p>\n<p>Vi g\u00e5r opp og seter oss p\u00e5 et lite omr\u00e5de som hever seg over ild.<\/p>\n<p>&#8211; Visste du ikke at det er forbudt \u00e5 ta bilder?<\/p>\n<p>&#8211; Jeg befinner seg her bare i l\u00f8pet av en dag.<\/p>\n<p>&#8211; Dette er skrevet i alle veiledninger&#8230; men det er sikkert rart at din veiledning inneholder ikke dette forbudt. Forst\u00e5r du ikke at det er d\u00e5rlig \u00e5 ta bilder av d\u00f8de mennesker?<\/p>\n<p>&#8211; Det forst\u00e5r jeg. Jeg var sjokert av noe jeg s\u00e5 her. Jeg er journalist.<\/p>\n<p>&#8211; Er du det? Hadde du hatt en tillatelse, s\u00e5 skulle det ikke oppst\u00e5 noen problemer.<\/p>\n<p>&#8211; Jeg har ingen tillatelse.<\/p>\n<p>&#8211; Det er bra at vi gikk ikke til politi. Jeg har redded deg i tide.<\/p>\n<p>Han mener sikkert at jeg m\u00e5 v\u00e6re takknemlig.<\/p>\n<p>&#8211; Du har misforst\u00e5tt meg. jeg trenger ikke penger. Jeg har bestemt \u00e5 hjelpe deg bare. Dette er min arbeid.<\/p>\n<p>&#8211; Liker du sin arbeid?<\/p>\n<p>&#8211; Ja, jeg liker den.<\/p>\n<p>&#8211; Du har sikkert rett.<\/p>\n<p>&#8211; Alle mennesker i India er delt i grupper. Hver grupper har sin egen arbeid. Min familie selger ild og plass for brenning.<\/p>\n<p>&#8211; Selger du ild?<\/p>\n<p>&#8211; Jeg skal vise deg dette senere. Du m\u00e5 bruke Sjivas ild for \u00e5 sette fyr p\u00e5 et lik.<\/p>\n<p>&#8211; Hvorfor det?<\/p>\n<p>&#8211; En d\u00f8d person m\u00e5 havne til Sjiva. Har du ikke vist dette?<\/p>\n<p>&#8211; Jo, men dette er fortsatt uforst\u00e5elig for meg. Det betyr at dine handlinger i livet har ingen betydning for Sjiva.<\/p>\n<p>Han kunne ikke svare p\u00e5 dette.<\/p>\n<p>&#8211; Ikke alle blir brent. Muslimer, sadhu, syke og selvmordere blir ikke brent.<\/p>\n<p>&#8211; Blir de begravd?<\/p>\n<p>&#8211; Nei, vi kaster dem bare i elv.<\/p>\n<p>&#8211; ???<\/p>\n<p>&#8211; Hvorfor er du forbl\u00f8ffet?<\/p>\n<p>&#8211; Jeg har sett at mennesker bader der og vasker kl\u00e6r i Gang.<\/p>\n<p>&#8211; Gang er v\u00e5res mor. Jeg utf\u00f8rer ritualer der hver morgen. Jeg er f\u00f8rti n\u00e5. Og ingenting har hendt meg meg pga skitten vann. Gang er hellig for oss.<\/p>\n<p>&#8211; Dzaj, kanskje folk er syk og de frykter \u00e5 tro noe d\u00e5rlig om Gang?<\/p>\n<p>&#8211; Du forst\u00e5r ikke\u2026<\/p>\n<p>&#8211; Men noen er syk her hele tid! S\u00e5 hvorfor tenker mennesker ikke at vann er et \u00e5rsak til deres sykdommer? Jeg har lest at Ganga inneholder mye mer bakterier enn vann i Europa.<\/p>\n<p>&#8211; Du har kanskje rett. Men dette er ubetydelig for oss. Ganga er mor og Sjiva er far for oss.<\/p>\n<p>&#8211; Greit:)<\/p>\n<p>&#8211; \u00d8nsker du \u00e5 drikke litt vann fra Ganga? Dette skal forbedre din karma.<\/p>\n<p>&#8211; Nei, jeg \u00f8nsker ikke.<\/p>\n<p>&#8211; Er du redd av vann?<\/p>\n<p>&#8211; Jeg har en annen religion. Det er rart at ingen gr\u00e5ter her. Jeg har h\u00f8rt at folk har et annet forhold til d\u00f8d i hinduisme. Frykter dere ikke d\u00f8d?<\/p>\n<p>&#8211; Har du lagt merke til at bare menn befinner seg her?<\/p>\n<p>&#8211; Ja, det har jeg.<\/p>\n<p>&#8211; Vet du hvorfor hender det slik?<\/p>\n<p>&#8211; Kvinner gr\u00e5ter hjemme?<\/p>\n<p>&#8211; Akkurat! Alle frykter d\u00f8d. Men vi viser ikke v\u00e5re emosjoner.<\/p>\n<p>&#8211; S\u00e5 du tror at du skal havne til gud etter sin d\u00f8d? Og du frykter d\u00f8d uansett?<\/p>\n<p>&#8211; Ja, jeg er uansett redd av d\u00f8d. Og det er s\u00e5 vondt n\u00e5r mine slektninger d\u00f8r. Min mor har d\u00f8dd et \u00e5r siden. Jeg hadde veldig mange smertefulle emosjoner da.<\/p>\n<p>&#8211; Du har sikkert blitt vant til d\u00f8d.<\/p>\n<p>&#8211; Ja, men det er fortsatt vondt n\u00e5r d\u00f8d kommer til min familie.<\/p>\n<p>&#8211; Ok&#8230;.og hva for en bygning er dette?<\/p>\n<p>&#8211; Dette er krematorium. De som har ikke penger blir brent her. Blir mennesker begravd i ditt land?<\/p>\n<p>&#8211; Ja. Og slektninger kommer til begravelse for \u00e5 kommunisere med sine d\u00f8de slektninger.<\/p>\n<p>&#8211; Men de har jo allerede blitt gjenf\u00f8dt!<\/p>\n<p>&#8211; Mennesker tror ikke p\u00e5 dette i mitt land:)))<\/p>\n<p>&#8211; S\u00e5 hva tror de p\u00e5?<\/p>\n<p>&#8211; De tror p\u00e5 hell og paradis. Og mange tror ikke at det finnes no etter d\u00f8d.<\/p>\n<p>&#8211; S\u00e5 hvordan lever de??? Det er sikkert d\u00e5rlig \u00e5 ikke tro p\u00e5 noe.<\/p>\n<p>&#8211; Det spiller ingen rolle hva du tror p\u00e5. Det er viktig hvordan du lever.<\/p>\n<p>&#8211; Du har rett. Men jeg kan ikke forestille seg et liv uten tro&#8230; Tror du p\u00e5 det samme?<\/p>\n<p>&#8211; Jeg vet ingenting om dette. Jeg har ikke erfaring av dette.<\/p>\n<p>&#8211; Jeg har ikke slik erfaring heller. Men jeg tror p\u00e5 noe som er skrevet i Veder.<\/p>\n<p>&#8211; Jeg forst\u00e5r deg, Dzaj. Dette er ditt valg.<\/p>\n<p>Det har blitt m\u00f8rkt. Jeg har husket at jeg m\u00e5 g\u00e5 tilbake.<\/p>\n<p>&#8211; Jeg skal vise deg Sjivas ild.<\/p>\n<p>&#8211; OK.<\/p>\n<p>Det st\u00e5r ovn ikke langt fra elv. Det brenner ild der.<\/p>\n<p>&#8211; Du kan komme n\u00e5r som helst.<\/p>\n<p>&#8211; Det skal jeg gj\u00f8re. Vet du veien til Sjivala gat?<\/p>\n<p>&#8211; Dette er ikke langt unna herfra, &#8211; du kan komme dit i timinutter. Og v\u00e6r forsiktig med hunder. De kan drepe deg. Jeg kan komme med deg.<\/p>\n<p>Jeg tenkte p\u00e5 det at han er en silk-agent.<\/p>\n<p>&#8211; Nei, takk, jeg bor ikke langt unna her.<\/p>\n<p>&#8211; Bor du ved siden av amerikansk kafe?<\/p>\n<p>&#8211; Jeg vet ikke. Jeg bor i \u201dSunrise Hotel\u201d.<\/p>\n<p>&#8211; Ja, dette er ved siden av amerikansk kafe. Skal du kj\u00f8pe meg en kake?<\/p>\n<p>Jeg ble beundret av disse ord.<\/p>\n<p>&#8211; Det skal jeg:) Jeg skla kj\u00f8pe en for deg.<\/p>\n<p>&nbsp;<\/p>\n<p><em>\u201d** av november.<\/em><\/p>\n<p><em>Tre dager av arbeid. Jeg har ikke klart \u00e5 oppn\u00e5 noe. Jeg har oppdaget tre store hindringer. Jeg tror at dette er viktig. F\u00f8r visste jeg ikke hva jeg skulle gj\u00f8re i det hele tatt. Dette er sikkert en positiv endring.<\/em><\/p>\n<p><em>Den f\u00f8rste hindring er at jeg begynner \u00e5 tenke om hvorfor NE har oppst\u00e5tt isteden for \u00e5 fjerne denne NE. Jeg begynner \u00e5 tenke om jeg kan gj\u00f8re noe med denne NE eller ikke. Men jeg m\u00e5 begynne \u00e5 GJ\u00d8RE noe.<\/em><\/p>\n<p><em>Den andre hindring er en f\u00f8lelse av medlidenhet. Jeg har lest at envher menneske ser p\u00e5 sin egen dritt f\u00f8r den forsvinner p\u00e5 do. Mine negative emosjoner er MINE negative emosjoner. Og jeg opplever medlidenhet f\u00f8r jeg blir kvitt dem. Taj hadde rett. Jeg \u201d\u00f8nsker ikke\u201d \u00e5 endre seg. Det virker at jeg mister eiendom n\u00e5r jeg blir kvitt NE. Jeg m\u00e5 sikkert begynne \u00e5 \u00f8nske. Jeg m\u00e5 pr\u00f8ve mange ganger f\u00f8r jeg skal oppn\u00e5 et resultat. Jeg skal sette noen minstem\u00e5l foran seg. Jeg skal pr\u00f8ve \u00e5 leve uten NE i l\u00f8pet minst fem sekunder.\u201d<\/em><\/p>\n","protected":false},"excerpt":{"rendered":"<p>Benares er et senter for silkeindustri i India. ENHVER menneske p\u00e5 gate skal fortelle deg om silk og pr\u00f8ve \u00e5 vise deg vei til den n\u00e6rmeste silkebutikk. Enhver innbygger i Varanasi arbeider som en silkeagent. De s\u00f8ker p\u00e5 nye klienter hele tid. De pr\u00f8ver \u00e5 selge silk hele tid. Alle slektninger deltar i denne hadel. [&hellip;]<\/p>\n","protected":false},"author":8235,"featured_media":0,"parent":8272,"menu_order":0,"comment_status":"open","ping_status":"closed","template":"","meta":{"_acf_changed":false,"footnotes":""},"class_list":["post-9496","page","type-page","status-publish","hentry"],"acf":[],"yoast_head":"<!-- This site is optimized with the Yoast SEO plugin v27.4 - https:\/\/yoast.com\/product\/yoast-seo-wordpress\/ -->\n<title>Kapittel 28 - Utvalg av tiltrekkende tilstander<\/title>\n<meta name=\"robots\" content=\"index, follow, max-snippet:-1, max-image-preview:large, max-video-preview:-1\" \/>\n<link rel=\"canonical\" href=\"https:\/\/bodhi.name\/nb\/maya-1-force-mineure\/kapittel-28\/\" \/>\n<meta property=\"og:locale\" content=\"nb_NO\" \/>\n<meta property=\"og:type\" content=\"article\" \/>\n<meta property=\"og:title\" content=\"Kapittel 28 - Utvalg av tiltrekkende tilstander\" \/>\n<meta property=\"og:description\" content=\"Benares er et senter for silkeindustri i India. ENHVER menneske p\u00e5 gate skal fortelle deg om silk og pr\u00f8ve \u00e5 vise deg vei til den n\u00e6rmeste silkebutikk. Enhver innbygger i Varanasi arbeider som en silkeagent. De s\u00f8ker p\u00e5 nye klienter hele tid. De pr\u00f8ver \u00e5 selge silk hele tid. Alle slektninger deltar i denne hadel. [&hellip;]\" \/>\n<meta property=\"og:url\" content=\"https:\/\/bodhi.name\/nb\/maya-1-force-mineure\/kapittel-28\/\" \/>\n<meta property=\"og:site_name\" content=\"Utvalg av tiltrekkende tilstander\" \/>\n<meta name=\"twitter:card\" content=\"summary_large_image\" \/>\n<meta name=\"twitter:label1\" content=\"Ansl. lesetid\" \/>\n\t<meta name=\"twitter:data1\" content=\"10 minutter\" \/>\n<script type=\"application\/ld+json\" class=\"yoast-schema-graph\">{\"@context\":\"https:\\\/\\\/schema.org\",\"@graph\":[{\"@type\":\"WebPage\",\"@id\":\"https:\\\/\\\/bodhi.name\\\/nb\\\/maya-1-force-mineure\\\/kapittel-28\\\/\",\"url\":\"https:\\\/\\\/bodhi.name\\\/nb\\\/maya-1-force-mineure\\\/kapittel-28\\\/\",\"name\":\"Kapittel 28 - Utvalg av tiltrekkende tilstander\",\"isPartOf\":{\"@id\":\"https:\\\/\\\/bodhi.name\\\/ru\\\/#website\"},\"datePublished\":\"2015-03-18T13:28:01+00:00\",\"breadcrumb\":{\"@id\":\"https:\\\/\\\/bodhi.name\\\/nb\\\/maya-1-force-mineure\\\/kapittel-28\\\/#breadcrumb\"},\"inLanguage\":\"nb-NO\",\"potentialAction\":[{\"@type\":\"ReadAction\",\"target\":[\"https:\\\/\\\/bodhi.name\\\/nb\\\/maya-1-force-mineure\\\/kapittel-28\\\/\"]}]},{\"@type\":\"BreadcrumbList\",\"@id\":\"https:\\\/\\\/bodhi.name\\\/nb\\\/maya-1-force-mineure\\\/kapittel-28\\\/#breadcrumb\",\"itemListElement\":[{\"@type\":\"ListItem\",\"position\":1,\"name\":\"\u0413\u043b\u0430\u0432\u043d\u0430\u044f \u0441\u0442\u0440\u0430\u043d\u0438\u0446\u0430\",\"item\":\"https:\\\/\\\/bodhi.name\\\/nb\\\/\"},{\"@type\":\"ListItem\",\"position\":2,\"name\":\"Maya-1: Force mineure\",\"item\":\"https:\\\/\\\/bodhi.name\\\/nb\\\/maya-1-force-mineure\\\/\"},{\"@type\":\"ListItem\",\"position\":3,\"name\":\"Kapittel 28\"}]},{\"@type\":\"WebSite\",\"@id\":\"https:\\\/\\\/bodhi.name\\\/ru\\\/#website\",\"url\":\"https:\\\/\\\/bodhi.name\\\/ru\\\/\",\"name\":\"Utvalg av tiltrekkende tilstander\",\"description\":\" Eksperimentell psykologi\",\"potentialAction\":[{\"@type\":\"SearchAction\",\"target\":{\"@type\":\"EntryPoint\",\"urlTemplate\":\"https:\\\/\\\/bodhi.name\\\/ru\\\/?s={search_term_string}\"},\"query-input\":{\"@type\":\"PropertyValueSpecification\",\"valueRequired\":true,\"valueName\":\"search_term_string\"}}],\"inLanguage\":\"nb-NO\"}]}<\/script>\n<!-- \/ Yoast SEO plugin. -->","yoast_head_json":{"title":"Kapittel 28 - Utvalg av tiltrekkende tilstander","robots":{"index":"index","follow":"follow","max-snippet":"max-snippet:-1","max-image-preview":"max-image-preview:large","max-video-preview":"max-video-preview:-1"},"canonical":"https:\/\/bodhi.name\/nb\/maya-1-force-mineure\/kapittel-28\/","og_locale":"nb_NO","og_type":"article","og_title":"Kapittel 28 - Utvalg av tiltrekkende tilstander","og_description":"Benares er et senter for silkeindustri i India. ENHVER menneske p\u00e5 gate skal fortelle deg om silk og pr\u00f8ve \u00e5 vise deg vei til den n\u00e6rmeste silkebutikk. Enhver innbygger i Varanasi arbeider som en silkeagent. De s\u00f8ker p\u00e5 nye klienter hele tid. De pr\u00f8ver \u00e5 selge silk hele tid. Alle slektninger deltar i denne hadel. [&hellip;]","og_url":"https:\/\/bodhi.name\/nb\/maya-1-force-mineure\/kapittel-28\/","og_site_name":"Utvalg av tiltrekkende tilstander","twitter_card":"summary_large_image","twitter_misc":{"Ansl. lesetid":"10 minutter"},"schema":{"@context":"https:\/\/schema.org","@graph":[{"@type":"WebPage","@id":"https:\/\/bodhi.name\/nb\/maya-1-force-mineure\/kapittel-28\/","url":"https:\/\/bodhi.name\/nb\/maya-1-force-mineure\/kapittel-28\/","name":"Kapittel 28 - Utvalg av tiltrekkende tilstander","isPartOf":{"@id":"https:\/\/bodhi.name\/ru\/#website"},"datePublished":"2015-03-18T13:28:01+00:00","breadcrumb":{"@id":"https:\/\/bodhi.name\/nb\/maya-1-force-mineure\/kapittel-28\/#breadcrumb"},"inLanguage":"nb-NO","potentialAction":[{"@type":"ReadAction","target":["https:\/\/bodhi.name\/nb\/maya-1-force-mineure\/kapittel-28\/"]}]},{"@type":"BreadcrumbList","@id":"https:\/\/bodhi.name\/nb\/maya-1-force-mineure\/kapittel-28\/#breadcrumb","itemListElement":[{"@type":"ListItem","position":1,"name":"\u0413\u043b\u0430\u0432\u043d\u0430\u044f \u0441\u0442\u0440\u0430\u043d\u0438\u0446\u0430","item":"https:\/\/bodhi.name\/nb\/"},{"@type":"ListItem","position":2,"name":"Maya-1: Force mineure","item":"https:\/\/bodhi.name\/nb\/maya-1-force-mineure\/"},{"@type":"ListItem","position":3,"name":"Kapittel 28"}]},{"@type":"WebSite","@id":"https:\/\/bodhi.name\/ru\/#website","url":"https:\/\/bodhi.name\/ru\/","name":"Utvalg av tiltrekkende tilstander","description":" Eksperimentell psykologi","potentialAction":[{"@type":"SearchAction","target":{"@type":"EntryPoint","urlTemplate":"https:\/\/bodhi.name\/ru\/?s={search_term_string}"},"query-input":{"@type":"PropertyValueSpecification","valueRequired":true,"valueName":"search_term_string"}}],"inLanguage":"nb-NO"}]}},"_links":{"self":[{"href":"https:\/\/bodhi.name\/nb\/wp-json\/wp\/v2\/pages\/9496","targetHints":{"allow":["GET"]}}],"collection":[{"href":"https:\/\/bodhi.name\/nb\/wp-json\/wp\/v2\/pages"}],"about":[{"href":"https:\/\/bodhi.name\/nb\/wp-json\/wp\/v2\/types\/page"}],"author":[{"embeddable":true,"href":"https:\/\/bodhi.name\/nb\/wp-json\/wp\/v2\/users\/8235"}],"replies":[{"embeddable":true,"href":"https:\/\/bodhi.name\/nb\/wp-json\/wp\/v2\/comments?post=9496"}],"version-history":[{"count":1,"href":"https:\/\/bodhi.name\/nb\/wp-json\/wp\/v2\/pages\/9496\/revisions"}],"predecessor-version":[{"id":9497,"href":"https:\/\/bodhi.name\/nb\/wp-json\/wp\/v2\/pages\/9496\/revisions\/9497"}],"up":[{"embeddable":true,"href":"https:\/\/bodhi.name\/nb\/wp-json\/wp\/v2\/pages\/8272"}],"wp:attachment":[{"href":"https:\/\/bodhi.name\/nb\/wp-json\/wp\/v2\/media?parent=9496"}],"curies":[{"name":"wp","href":"https:\/\/api.w.org\/{rel}","templated":true}]}}