{"id":8555,"date":"2015-02-23T15:33:42","date_gmt":"2015-02-23T11:33:42","guid":{"rendered":"http:\/\/bodhi.name\/?page_id=8555"},"modified":"2015-02-23T15:33:42","modified_gmt":"2015-02-23T11:33:42","slug":"kapittel-24","status":"publish","type":"page","link":"https:\/\/bodhi.name\/nb\/maya-1-force-mineure\/kapittel-24\/","title":{"rendered":"Kapittel 24"},"content":{"rendered":"<p>&#8211; Hvem er et n\u00e6r menneske for deg? \u2013 spurte han meg.<\/p>\n<p>&#8211; De mennesker jeg liker.<\/p>\n<p>&#8211; Hender det at du liker noen etter \u00e5 ha sett denne person for f\u00f8rste gang?<\/p>\n<p>&#8211; Ja, det hender slik av og til.<\/p>\n<p>&#8211; Blir ikke dette menneske n\u00e6r deg i dette \u00f8yeblikk?<\/p>\n<p>&#8211; Ja, det bli de. Jeg f\u00f8ler iblant at jeg har visst dette menneske i l\u00f8pet av hele livet\u2026<\/p>\n<p>&#8211; Fortell meg hva har du opplevd da jeg har r\u00f8rt deg&#8230; og tok din h\u00e5nd&#8230;<\/p>\n<p>Han har klemmet min h\u00e5nd og jeg f\u00f8lte at han smiler.<\/p>\n<p>&#8211; Er dette viktig nok for \u00e5 regne meg for et n\u00e6r menneske?<\/p>\n<p>&#8211; Jeg kan regne deg for et n\u00e6r menneske. Men jeg kan ikke si at jeg kjenner deg bra.<\/p>\n<p>&#8211; Hva skulle skulle hende om du hadde fulgt etter sin vane? Du skulle g\u00e5 hjem. Akkurat n\u00e5 du g\u00e5r sammen med meg i m\u00f8rke. Du kjenner meg ikke s\u00e5 bra. Hva tenker du om?<\/p>\n<p>&#8211; Det er vanskelig \u00e5 tro at jeg g\u00e5r sammen med deg n\u00e5. Jeg tenker ogs\u00e5 om at jeg&#8230;liker \u00e5 g\u00e5 sammen med deg.<\/p>\n<p>&#8211; Dette er et virkelig bevis for meg. Du skal f\u00f8rst fjerne alle negative emosjoner.<\/p>\n<p>Jeg var s\u00e5 overrasket av det han sa meg.<\/p>\n<p>&#8211; Utrolig! Sa du \u201ddet \u00e5 fjerne negative emosjoner\u201d?<\/p>\n<p>&#8211; Akkurat.<\/p>\n<p>&#8211; Vet du noen ting om praksis av den direkte vei?<\/p>\n<p>Han var sikkert ikke forbl\u00f8ffet av dette sp\u00f8rsm\u00e5l. Han tok en pause.<\/p>\n<p>&#8211; Og hva vet du om denne praksis?<\/p>\n<p>&#8211; Nesten ingenting! Jeg har bare masse sp\u00f8rsm\u00e5l og nesten ingen informasjon. Praktiserer du?<\/p>\n<p>&#8211; Jeg kan ikke svare p\u00e5 dette sp\u00f8rsm\u00e5l fordi at du skal sikkert ikke forst\u00e5 meg. Du kan omformulere sitt sp\u00f8rsm\u00e5l.<\/p>\n<p>&#8211; OK. Er du fri fra negative emosjoner?<\/p>\n<p>&#8211; Ja.<\/p>\n<p>&#8211; Vet du hva betyr rolig glede?<\/p>\n<p>&#8211; Det vet jeg.<\/p>\n<p>&#8211; Kjenner du Lobsang?<\/p>\n<p>&#8211; Et ikke interessant sp\u00f8rsm\u00e5l.<\/p>\n<p>&#8211; Jeg er enig. Hvilke oppfatninger kjenner du?<\/p>\n<p>&#8211; Og hvilke oppfatninger kjenner du? Skal du kunne forst\u00e5 mine oppfatninger?<\/p>\n<p>&#8211; Er du sikker i det at jeg skal ikke kunne forst\u00e5 deg?<\/p>\n<p>&#8211; Jeg er sikker i dette. Hvis du opplever ingen negative emosjoner, s\u00e5 skal du kunne se dem klart i en annen person. Det er umulig \u00e5 skjule dem. Det samme gjelder for andre oppfatninger. Du betyr ingenting for meg akkurat n\u00e5. \u0440\u0438\u0442, \u043c\u043e\u043b\u0447\u0438\u0442, \u0445\u043e\u0434, \u0445\u043e\u0434\u0438\u0442, \u043f\u0438\u0448\u0435mosjoner, s\u00e5 skal du kunne se dem klart i en annen person.<\/p>\n<p>Jeg var overrasket igjen.<\/p>\n<p>&#8211; S\u00e5 hvorfor har du snakket med meg da?<\/p>\n<p>&#8211; Dette er et sp\u00f8rsm\u00e5l fra dine negative emosjoner. \u2013 han tok sin h\u00e5nd fra meg og jeg f\u00f8lte seg enslig. \u2013 Forestill seg en erfaren trener som ser et uerfaren 5 \u00e5rig barn. Men trener kan siom dette barnet skal kunne oppn\u00e5 noe eller ikke.<\/p>\n<p>&#8211; Jeg forst\u00e5r det, \u2013 jeg har pr\u00f8vd \u00e5 ta hans h\u00e5nd igjen.<\/p>\n<p>Jeg har opplevd forn\u00e6rmelse igjen.<\/p>\n<p>&#8211; Du tenker sikkert at jeg straffer deg for din dumhet.<\/p>\n<p>&#8211; Er ikke dette sant?<\/p>\n<p>&#8211; Nei, det er ikke sant. Hvis jeg \u00f8nsker \u00e5 forklare deg noe slik at du skal forst\u00e5 dette, s\u00e5 kan jeg gj\u00f8re noe som din personlighet skal ikke like. Og da skal du v\u00e6re n\u00f8dt til \u00e5 endre seg for \u00e5 forst\u00e5 meg. Skal ditt liv ikke endre seg, s\u00e5 skal du ikke arbeide for \u00e5 forst\u00e5 noe ufattelig for en vanlig person. Jeg har \u00f8nsket \u00e5 vise deg at vi skal ikke kommunisere n\u00e6rt i tilfelle du skal fortsette \u00e5 st\u00f8tte sine negative emosjoner. Jeg \u00f8nsker ikke \u00e5 kommunisere med et vesen som foretrekker \u00e5 oppleve forn\u00e6rmelse istedenfor sympati og tillit. Jeg \u201d\u00f8nsker\u201d ikke \u00e5 gj\u00f8re dette. Forst\u00e5r du meg?<\/p>\n<p>&#8211; Men dette likner en straff?<\/p>\n<p>&#8211; Straff er for\u00e5rsakt av negative emosjoner og konsepsjoner. Jeg handler derimot bare pga sin sympati til deg.<\/p>\n<p>&#8211; Mine foreldre har sagt meg noe liknende\u2026<\/p>\n<p>&#8211; Er dine foreldre frie fra negative emosjoner?<\/p>\n<p>&#8211; Selvsagt ikke. De opplever bestandige NE.<\/p>\n<p>&#8211; S\u00e5 hvorfor sammenligner du meg med dem?<\/p>\n<p>&#8211; Men jeg kjenner deg ikke godt nok enn\u00e5\u2026<\/p>\n<p>&#8211; Dette er ikke sant. Du har blitt til den lille dum jente igjen.<\/p>\n<p>&#8211; Jeg kan ikke bare tro p\u00e5 det at du er fri fra negative emosjoner! \u2013 jeg opplevde fortvilelse pga at jeg kunne ikke forklare ham at jeg tviler i det at jeg kan bli til et annet menneske i et \u00f8yeblikk&#8230;<\/p>\n<p>&#8211; Det kan du gj\u00f8re!<\/p>\n<p>&#8211; Hva?!<\/p>\n<p>&#8211; Jeg sa at du kan bli til et annet menneske n\u00e5r du skal \u00f8nske \u00e5 gj\u00f8re dette. Det finnes en konsepsjon om at endringer skjer langsomt. Kan du bevise meg det at endringer skjer langsomt?<\/p>\n<p>&#8211; Nei, jeg kan ikke bevise dette\u2026 Har du lest mine tanker?<\/p>\n<p>&#8211; Jeg kjenner mennesker godt fordi at jeg har brukt mye tid for \u00e5 unders\u00f8ke seg selv. Jeg m\u00e5 ikke sp\u00e5 for \u00e5 forst\u00e5 hva tenker du i l\u00f8pet av fortvilelse. Du m\u00e5 ikke tro p\u00e5 alt jeg sier. Men du er heller ikke \u00e5pent for noe nytt. Du vet alt og du fortolker mine ord p\u00e5 en vanlig m\u00e5te. Vi kan dermed ikke fortsette \u00e5 kommunisere. Hvordan kan jeg fortelle deg om noe nytt om du skal fortolke dette som noe kjent for deg med en gang?<\/p>\n<p>Jeg har aldri f\u00f8r f\u00f8lt seg s\u00e5 uforsvarlig. Jeg har ingenting \u00e5 forsvare seg med. Og jeg f\u00f8ler seg s\u00e5 svakt ved siden av dette menneske. Og jeg begynner \u00e5 forst\u00e5 at jeg har regnet seg for et sterk og klok menneske.<\/p>\n<p>&#8211; Jeg kunne ikke forestille seg at jeg kan v\u00e6re dum.<\/p>\n<p>&#8211; Ja, du er veldig dum!<\/p>\n<p>&#8211; Jeg er sikkert ikke en filosof\u2026<\/p>\n<p>&#8211; Du forbauser meg, Maja!<\/p>\n<p>Jeg var forbauset av det at han visste mitt navn.<\/p>\n<p>&#8211; Vet du hva jeg heter?<\/p>\n<p>&#8211; Det er ikke noe underlig i dette. Du har snakket s\u00e5 h\u00f8yt i g\u00e5r&#8230;<\/p>\n<p>Vi tok en pause i v\u00e5r samtale. Hva har vi kommet til? Jeg aner ikke. Pr\u00f8ver jeg \u00e5 imponere seg selv? Hvorfor gj\u00f8r jeg dette?<\/p>\n<p>&#8211; La oss vende til det hvorfor har du kommet hit i dag.<\/p>\n<p>&#8211; Jeg vet ikke.<\/p>\n<p>&#8211; Jeg vet at du har \u00f8nsket \u00e5 kjempe for rettferdighet. Du har \u00f8nsket \u00e5 vise alle at han er en l\u00f8gner.<\/p>\n<p>&#8211; Betyr det at jeg m\u00e5tte ikke komme?<\/p>\n<p>&#8211; Jeg har ikke sagt dette. Det viktigste er motivasjon. Hr du ingen klarhet i dette sp\u00f8rsm\u00e5l, s\u00e5 betyr dette at din motivasjon har oppst\u00e5tt p\u00e5 en mekanisk m\u00e5te. Hvilken motivasjon kan en form\u00f8rkt persom ha?<\/p>\n<p>&#8211; Jeg er ikke enig med deg. Jeg har for det f\u00f8rste \u00f8nsket \u00e5 vite hva for et menneske er han&#8230;<\/p>\n<p>&#8211; Du m\u00e5 ikke begynne \u00e5 forsvare seg igjen. Vi skal ikke kunne forst\u00e5 hverandre p\u00e5 denne m\u00e5te. Er jeg et menneske som snakker pga sine emosjoner?<\/p>\n<p>&#8211; Nei.<\/p>\n<p>&#8211; S\u00e5 la oss tenke litt f\u00f8rst du skal svare p\u00e5 et sp\u00f8rsm\u00e5l.<\/p>\n<p>Jeg har glemt om det at jeg har \u00f8nsket \u00e5 kalle politit noen minutter tilbake. Jeg har begynt \u00e5 lytte etter ham som en l\u00e6rer. Ingen har sikkert klart \u00e5 for\u00e5rsake s\u00e5 mye interesse i meg tidligere.<\/p>\n<p>&#8211; Greit.<\/p>\n<p>&#8211; N\u00e5r du handler i strid med samfunn, s\u00e5 kan du ha ulik motivasjon. Hvis du handler pga et \u00f8nske til \u00e5 f\u00e5 vite sannhet eller overvinne sin frykt, s\u00e5 betyr dette ikke at du er fri fra form\u00f8rkelser. Dine \u00f8nsker inneholder negative emosjoner. Har ikke jeg rett?<\/p>\n<p>&#8211; Ja! Og jeg har aldri tenkt om det at glade \u00f8nsker kan inneholde form\u00f8rkelser.<\/p>\n<p>&#8211; Det \u00e5 rense sine handlinger fra form\u00f8rkelser er en kunst. Jeg har sett mer en revolusjon\u00e6r i deg i g\u00e5r. Dette er et grunn til det at jeg snakker med deg n\u00e5.<\/p>\n<p>Jeg har \u00f8nsket \u00e5 fortelle om sin f\u00f8rste erfaring av kamp. Jeg har fortalt ham om tantrisk guru.<\/p>\n<p>&#8211; Har du forst\u00e5tt hva har du fryktet mest?<\/p>\n<p>&#8211; Jeg har aldri tenkt om dette.<\/p>\n<p>&#8211; Skal jeg fortelle deg om dette? \u00d8nsker du ikke \u00e5 tenke om dette selv?<\/p>\n<p>Jeg f\u00f8lte seg som en skolelev. Jeg har pr\u00f8vs \u00e5 imponere ham med sin fortelling&#8230; Hva \u00f8nsker jeg egentlig \u00e5 oppn\u00e5? \u00d8nsker jeg \u00e5 v\u00e6re fri eller \u00e5 leve p\u00e5 en vanlig m\u00e5te? Dette menneske sp\u00f8r meg om mitt eget liv. Og jeg opplever forn\u00e6rmelse pga denne samtale. Men jeg \u00f8nsker ikke \u00e5 g\u00e5 fra ham. Jeg \u00f8nsker \u00e5 f\u00e5 ham til \u00e5 forst\u00e5 at han m\u00e5 ikke snakke med meg p\u00e5 denne m\u00e5te. Det virker at jeg skal utrykke alle sine forn\u00e6rmelser til ham snart&#8230; Jeg tvinger seg til \u00e5 tenke p\u00e5 det han sp\u00f8r meg om.<\/p>\n<p>&#8211; Jeg har fryktet det at de vil gj\u00f8re noe slemt med meg\u2026<\/p>\n<p>&#8211; Er du tilfredsstillt med dette svar? Du \u00f8nsker ikke \u00e5 oppn\u00e5 klarhet.<\/p>\n<p>&#8211; Ok, greit, jeg skal pr\u00f8ve \u00e5 tenke.<\/p>\n<p>Vi har spasert i stillhet for en stund. Jeg er ikke vant til \u00e5 tenke mye om noe&#8230; De mest interessante tanker har som oftest oppst\u00e5tt av seg selv. Hadde jeg ikke f\u00e5tt noen interessante ideer eller tanker, s\u00e5 opplevde jeg som oftest h\u00e5pl\u00f8shet. Jeg har i l\u00f8pet av lang tid v\u00e6rt den beste i matte i v\u00e5r klasse. Jeg var ikke beundret av det l\u00f8sning av et problem har oppst\u00e5tt i min hode av seg selv. Men jeg var den verste i klasse hva gjelder fysikk. Jeg kunne ikke forst\u00e5 en eneste ting. Jeg kunne ikke anstrenge seg for \u00e5 forst\u00e5 noe. Jeg opplevde raseri og kastet b\u00f8ker ned da jeg kunne ikke l\u00f8se en oppgave.<\/p>\n<p>Jeg har opplevd de samme problemer n\u00e5. Jeg visste ikke hvordan skulle jeg tenke videre.<\/p>\n<p>&#8211; Kan du fortelle meg hva gj\u00f8r du n\u00e5? \u2013 jeg f\u00f8lte at hans stemme har uttykket interesse til meg.<\/p>\n<p>&#8211; Jeg tenker om frykt.<\/p>\n<p>&#8211; Hva mener du med \u00e5 \u201dtenke\u201d?<\/p>\n<p>&#8211; Vel\u2026<\/p>\n<p>&#8211; Dette er ikke s\u00e5 n\u00f8dvendig.<\/p>\n<p>&#8211; Tja\u2026<\/p>\n<p>&#8211; Dette ogs\u00e5.<\/p>\n<p>Alle mine handlinger er s\u00e5 dumme. Eller er det pga at jeg snakker med ham? Jeg har ikke merket dette tidligere.<\/p>\n<p>&#8211; Jeg unders\u00f8ker ulike typer av frykt.<\/p>\n<p>&#8211; Men dette er en veldig enkel m\u00e5te. Du vet jo ingenting om unders\u00f8kelse.<\/p>\n<p>&#8211; Hvorfor tenker du slik?<\/p>\n<p>&#8211; Du er sikkert mye klokere enn en gammel hindu over der. Men jeg skal fortelle deg om en tankem\u00e5te som skal la deg gj\u00f8re noen virkelig store oppdagelser.<\/p>\n<p>For en dumskalle jeg er! Hvorfor begynner jeg \u00e5 forsvare seg selv igjen?<\/p>\n<p>&#8211; Husk sin tilstand en gang til. Du m\u00e5 konsentrere seg p\u00e5 denne tilstand og et \u00f8nske til \u00e5 forst\u00e5 hva har for\u00e5rsakt din frykt. Ikke la andre tanker forhindre din tankegang.<\/p>\n<p>Det ble s\u00e5 varmt. Jeg har konsentrert seg p\u00e5 et synsbilde av datidens situasjon&#8230; men s\u00e5 f\u00f8lte jeg at jeg skal ikke klare \u00e5 forst\u00e5&#8230; Jeg \u00f8nsker \u00e5 f\u00e5 et klar svar&#8230; Denne oppdagelse kan endre mitt liv! S\u00e5 har plutselig noe \u00e5pnet seg for meg. Jeg har FORST\u00c5TT!<\/p>\n<p>&#8211; Jeg har fryktet mening av andre mennesker.<\/p>\n<p>Det virket at min ansikt utstr\u00e5ler lys.<\/p>\n<p>&#8211; Og hva tenker du om dette n\u00e5?<\/p>\n<p>&#8211; Mening av andre mennesker har ingen betydning. Denne frykt har ingen grunnlag fordi at mening av andre mennesker har ingen p\u00e5virkning p\u00e5 mitt liv.<\/p>\n<p>For en endring har skjedd! Min stemme har ogs\u00e5 endret seg! Et vitende og vis menneske har begynt \u00e5 tale isteden for meg. Jeg f\u00f8lte myk gull lys i hode. Dette lys har skapt tanker som har for\u00e5rsakt nytelse i min hode og hjerte. Kaotiske tanker har forsvunnet samt at jeg har ikke \u00f8nsket \u00e5 tenke om noe uvitkig. Jeg har opplevd nytelse av det at jeg konsentrerte seg p\u00e5 gull stillhet.<\/p>\n<p>&#8211; Hvordan klarte jeg \u00e5 gj\u00f8re dette?<\/p>\n<p>&#8211; Dette er \u00e6rlige anstrengelser samt effekt av tilstedev\u00e6relse.<\/p>\n<p>&#8211; Samt hva?<\/p>\n<p>&#8211; Det spiller ingen rolle\u2026<\/p>\n<p>\u2026 Jeg s\u00e5 en hage foran seg. M\u00e5ne har lyst opp en vei som gikk til inngang. Jeg s\u00e5 ogs\u00e5 et hus i hage. Jeg forstod at en ukjent person har vist meg et hus han bor i.<\/p>\n<p>&#8211; Er dette ditt hus? \u2013 jeg spurte dette med en streng stemme.<\/p>\n<p>Han lo av meg og dyttet meg frem.<\/p>\n<p>&#8211; Antar du fortsatt at jeg kan drepe eller voldta noen?<\/p>\n<p>&#8211; Nei&#8230; men jeg opplever frykt.<\/p>\n<p>&#8211; Du skal like dette stedet her.<\/p>\n<p>Jeg ble kvitt frykt. Jeg \u00f8nsker ikke \u00e5 v\u00e5kne opp \u2026<\/p>\n<p>Hus hadde et lukt av en harpiks. Jeg gikk til inngang og s\u00e5 noen d\u00f8r som f\u00f8rte til uvissthet.<\/p>\n<p>&#8211; Jeg liker det allerede:) Det virker at dette er ditt hus\u2026<\/p>\n<p>Og jeg tror at jeg vet hva befinner seg bak d\u00f8ren her&#8230; Et rom med et gulv laget av tre. Noen store m\u00f8bler og et bred vindu. Jeg \u00f8nsker \u00e5 g\u00e5 inn&#8230;<\/p>\n<p>&#8211; \u00d8nsker du \u00e5 spise?<\/p>\n<p>Jeg har forst\u00e5tt at jeg er veldig sulten etter at han spurte meg om dette.<\/p>\n<p>&#8211; Du kan g\u00e5 til kj\u00f8kken for \u00e5 spise. Du skal finne dusj og toalette der&#8230; Du skal finne alt du trenger.<\/p>\n<p>Han har forsvunnet.<\/p>\n<p>Rommet s\u00e5 p\u00e5 meg med nysjerrighet. Jeg lukker \u00f8yne og husker at jeg har sett alt dette f\u00f8r. Det virker at jeg befinner seg p\u00e5 et skip som beveger seg pga b\u00f8lger. Helvete! Jeg skal falle ned n\u00e5! Jeg \u00e5pner \u00f8yne og alt blir rolig igjen. Jeg forst\u00e5r ikke om jeg sover eller ikke. Jeg r\u00f8rer ting omkring seg&#8230; Nei, dette er ikke en dr\u00f8m&#8230; kanskje han ga meg noen narkotika? Men han likner ikke p\u00e5 en slem person. Jeg opplever ikke en vanlig tilstans likevel. Jeg veldig tr\u00f8tt for \u00e5 tenke videre&#8230; Det er s\u00e5 koselig her. Jeg har aldri tenkt at det kan v\u00e6re s\u00e5 koselig.<\/p>\n<p>\u2026Hvor befinner jeg seg? Det er m\u00f8rkt omkring meg. Har jeg sovet? Jeg \u00f8nsker \u00e5 spise s\u00e5 fryktelig. Jeg husker at jeg ofte s\u00e5 en korridor foran seg da jeg har legget seg for \u00e5 sove i barndom. Jeg \u00f8nsker \u00e5 g\u00e5 frem for \u00e5 vite hva skal jeg m\u00f8te der. Jeg g\u00e5r frem og s\u00e5 m\u00f8ter jeg en tiger der. Jeg har opplevd denne dr\u00f8m i l\u00f8pet av noen dager. Jeg har pr\u00f8vd \u00e5 fortelle om dette til sine foreldre. Men de har bare anbefalt meg \u00e5 g\u00e5 til lege. Lege sa at jeg opplever \u201dlitt mer emosjoner\u201d.<\/p>\n<p>Jeg har fryktet m\u00f8rke siden. Jeg har ogs\u00e5 fryktet \u00e5 ligge uten et teppe. Jeg f\u00f8lte seg trygg bare hvis jeg visste akkurat hvor jeg skulle g\u00e5 i et m\u00f8rk leilighet. Men n\u00e5 frykter jeg \u00e5 st\u00e5 opp for \u00e5 g\u00e5 til kj\u00f8kken. Jeg har bedd vise mennesker om \u00e5 \u201dfinne\u201d meg da jeg har lest Kastaneda for siste gang. Men jeg kan ikke finne et kj\u00f8kken! Jeg er tjue fem \u00e5r gammel allerede! Jeg st\u00e5r opp og g\u00e5 til m\u00f8rke. Det verste er uvissthet. Jeg st\u00e5r i m\u00f8rke og frykter \u00e5 bevege seg. Jeg frykter at noen uhyre skal hoppe p\u00e5 meg.<\/p>\n<p>Men det skjer ingenting. Jeg h\u00f8rer bare stillhet. Frykt blir litt svakere. Jeg g\u00e5r til et annet hj\u00f8rnet i rommet og st\u00e5r der ogs\u00e5. Jeg snur ryggen til rommets senter. S\u00e5 h\u00f8rer jeg plutselig noe! Jeg snur seg og opplever stor angst. Men rommet var tom. Det er nok for i dag. Jeg slo p\u00e5 lys og m\u00f8rke forsvant.<\/p>\n<p>Det finnes ingen m\u00f8bler her i det hele tatt. Det st\u00e5r bare et kj\u00f8leskap p\u00e5 kj\u00f8kken. Det er ikke s\u00e5 mye tallerker her heller. Det er s\u00e5 enkelt her. Jeg \u00f8nsker \u00e5 leve p\u00e5 denne m\u00e5te. Men jeg kunne ikke bare kaste ut noe unyttig fra sin leilighet. Jeg \u00f8nsker ikke \u00e5 huske om dette n\u00e5. Jeg skal sikkert kaste ut alt n\u00e5r jeg skal vende tilbake dit. Jeg har begynt \u00e5 tenke hvem skal f\u00e5 mine ting. Hverdagliv har begynt \u00e5 p\u00e5virke meg igjen. Jeg s\u00e5 omkring seg. Det er bra at Han ser meg ikke n\u00e5. Han skulle sikkert kaste meg ut med en gang. Jeg opplevde frykt pga en tanke om at noen kunne seg meg.<\/p>\n<p>Det finnes heller ingen m\u00f8bler i et rom som han viste meg. Jeg har legget seg og f\u00f8lte som om jeg flyr veldig h\u00f8yt i himmel. Noens stemme har sagt noe til meg. Enda en stemme har sagt noe. Jeg begynner \u00e5 dr\u00f8mme om at jeg har d\u00f8dd og at alle gr\u00e5ter omkring. Det er s\u00e5 bra at jeg har d\u00f8dd. Jeg er ikke n\u00f8dt til \u00e5 skrive og forklare noe. Jeg kan v\u00e6re her for evig. Det finnes ingen tid&#8230;<\/p>\n","protected":false},"excerpt":{"rendered":"<p>&#8211; Hvem er et n\u00e6r menneske for deg? \u2013 spurte han meg. &#8211; De mennesker jeg liker. &#8211; Hender det at du liker noen etter \u00e5 ha sett denne person for f\u00f8rste gang? &#8211; Ja, det hender slik av og til. &#8211; Blir ikke dette menneske n\u00e6r deg i dette \u00f8yeblikk? &#8211; Ja, det bli [&hellip;]<\/p>\n","protected":false},"author":8235,"featured_media":0,"parent":8272,"menu_order":0,"comment_status":"open","ping_status":"closed","template":"","meta":{"_acf_changed":false,"footnotes":""},"class_list":["post-8555","page","type-page","status-publish","hentry"],"acf":[],"yoast_head":"<!-- This site is optimized with the Yoast SEO plugin v27.2 - https:\/\/yoast.com\/product\/yoast-seo-wordpress\/ -->\n<title>Kapittel 24 - Utvalg av tiltrekkende tilstander<\/title>\n<meta name=\"robots\" content=\"index, follow, max-snippet:-1, max-image-preview:large, max-video-preview:-1\" \/>\n<link rel=\"canonical\" href=\"https:\/\/bodhi.name\/nb\/maya-1-force-mineure\/kapittel-24\/\" \/>\n<meta property=\"og:locale\" content=\"nb_NO\" \/>\n<meta property=\"og:type\" content=\"article\" \/>\n<meta property=\"og:title\" content=\"Kapittel 24 - Utvalg av tiltrekkende tilstander\" \/>\n<meta property=\"og:description\" content=\"&#8211; Hvem er et n\u00e6r menneske for deg? \u2013 spurte han meg. &#8211; De mennesker jeg liker. &#8211; Hender det at du liker noen etter \u00e5 ha sett denne person for f\u00f8rste gang? &#8211; Ja, det hender slik av og til. &#8211; Blir ikke dette menneske n\u00e6r deg i dette \u00f8yeblikk? &#8211; Ja, det bli [&hellip;]\" \/>\n<meta property=\"og:url\" content=\"https:\/\/bodhi.name\/nb\/maya-1-force-mineure\/kapittel-24\/\" \/>\n<meta property=\"og:site_name\" content=\"Utvalg av tiltrekkende tilstander\" \/>\n<meta name=\"twitter:card\" content=\"summary_large_image\" \/>\n<meta name=\"twitter:label1\" content=\"Ansl. lesetid\" \/>\n\t<meta name=\"twitter:data1\" content=\"14 minutter\" \/>\n<script type=\"application\/ld+json\" class=\"yoast-schema-graph\">{\"@context\":\"https:\/\/schema.org\",\"@graph\":[{\"@type\":\"WebPage\",\"@id\":\"https:\/\/bodhi.name\/nb\/maya-1-force-mineure\/kapittel-24\/\",\"url\":\"https:\/\/bodhi.name\/nb\/maya-1-force-mineure\/kapittel-24\/\",\"name\":\"Kapittel 24 - Utvalg av tiltrekkende tilstander\",\"isPartOf\":{\"@id\":\"https:\/\/bodhi.name\/ru\/#website\"},\"datePublished\":\"2015-02-23T11:33:42+00:00\",\"breadcrumb\":{\"@id\":\"https:\/\/bodhi.name\/nb\/maya-1-force-mineure\/kapittel-24\/#breadcrumb\"},\"inLanguage\":\"nb-NO\",\"potentialAction\":[{\"@type\":\"ReadAction\",\"target\":[\"https:\/\/bodhi.name\/nb\/maya-1-force-mineure\/kapittel-24\/\"]}]},{\"@type\":\"BreadcrumbList\",\"@id\":\"https:\/\/bodhi.name\/nb\/maya-1-force-mineure\/kapittel-24\/#breadcrumb\",\"itemListElement\":[{\"@type\":\"ListItem\",\"position\":1,\"name\":\"\u0413\u043b\u0430\u0432\u043d\u0430\u044f \u0441\u0442\u0440\u0430\u043d\u0438\u0446\u0430\",\"item\":\"https:\/\/bodhi.name\/nb\/\"},{\"@type\":\"ListItem\",\"position\":2,\"name\":\"Maya-1: Force mineure\",\"item\":\"https:\/\/bodhi.name\/nb\/maya-1-force-mineure\/\"},{\"@type\":\"ListItem\",\"position\":3,\"name\":\"Kapittel 24\"}]},{\"@type\":\"WebSite\",\"@id\":\"https:\/\/bodhi.name\/ru\/#website\",\"url\":\"https:\/\/bodhi.name\/ru\/\",\"name\":\"Utvalg av tiltrekkende tilstander\",\"description\":\" Eksperimentell psykologi\",\"potentialAction\":[{\"@type\":\"SearchAction\",\"target\":{\"@type\":\"EntryPoint\",\"urlTemplate\":\"https:\/\/bodhi.name\/ru\/?s={search_term_string}\"},\"query-input\":{\"@type\":\"PropertyValueSpecification\",\"valueRequired\":true,\"valueName\":\"search_term_string\"}}],\"inLanguage\":\"nb-NO\"}]}<\/script>\n<!-- \/ Yoast SEO plugin. -->","yoast_head_json":{"title":"Kapittel 24 - Utvalg av tiltrekkende tilstander","robots":{"index":"index","follow":"follow","max-snippet":"max-snippet:-1","max-image-preview":"max-image-preview:large","max-video-preview":"max-video-preview:-1"},"canonical":"https:\/\/bodhi.name\/nb\/maya-1-force-mineure\/kapittel-24\/","og_locale":"nb_NO","og_type":"article","og_title":"Kapittel 24 - Utvalg av tiltrekkende tilstander","og_description":"&#8211; Hvem er et n\u00e6r menneske for deg? \u2013 spurte han meg. &#8211; De mennesker jeg liker. &#8211; Hender det at du liker noen etter \u00e5 ha sett denne person for f\u00f8rste gang? &#8211; Ja, det hender slik av og til. &#8211; Blir ikke dette menneske n\u00e6r deg i dette \u00f8yeblikk? &#8211; Ja, det bli [&hellip;]","og_url":"https:\/\/bodhi.name\/nb\/maya-1-force-mineure\/kapittel-24\/","og_site_name":"Utvalg av tiltrekkende tilstander","twitter_card":"summary_large_image","twitter_misc":{"Ansl. lesetid":"14 minutter"},"schema":{"@context":"https:\/\/schema.org","@graph":[{"@type":"WebPage","@id":"https:\/\/bodhi.name\/nb\/maya-1-force-mineure\/kapittel-24\/","url":"https:\/\/bodhi.name\/nb\/maya-1-force-mineure\/kapittel-24\/","name":"Kapittel 24 - Utvalg av tiltrekkende tilstander","isPartOf":{"@id":"https:\/\/bodhi.name\/ru\/#website"},"datePublished":"2015-02-23T11:33:42+00:00","breadcrumb":{"@id":"https:\/\/bodhi.name\/nb\/maya-1-force-mineure\/kapittel-24\/#breadcrumb"},"inLanguage":"nb-NO","potentialAction":[{"@type":"ReadAction","target":["https:\/\/bodhi.name\/nb\/maya-1-force-mineure\/kapittel-24\/"]}]},{"@type":"BreadcrumbList","@id":"https:\/\/bodhi.name\/nb\/maya-1-force-mineure\/kapittel-24\/#breadcrumb","itemListElement":[{"@type":"ListItem","position":1,"name":"\u0413\u043b\u0430\u0432\u043d\u0430\u044f \u0441\u0442\u0440\u0430\u043d\u0438\u0446\u0430","item":"https:\/\/bodhi.name\/nb\/"},{"@type":"ListItem","position":2,"name":"Maya-1: Force mineure","item":"https:\/\/bodhi.name\/nb\/maya-1-force-mineure\/"},{"@type":"ListItem","position":3,"name":"Kapittel 24"}]},{"@type":"WebSite","@id":"https:\/\/bodhi.name\/ru\/#website","url":"https:\/\/bodhi.name\/ru\/","name":"Utvalg av tiltrekkende tilstander","description":" Eksperimentell psykologi","potentialAction":[{"@type":"SearchAction","target":{"@type":"EntryPoint","urlTemplate":"https:\/\/bodhi.name\/ru\/?s={search_term_string}"},"query-input":{"@type":"PropertyValueSpecification","valueRequired":true,"valueName":"search_term_string"}}],"inLanguage":"nb-NO"}]}},"_links":{"self":[{"href":"https:\/\/bodhi.name\/nb\/wp-json\/wp\/v2\/pages\/8555","targetHints":{"allow":["GET"]}}],"collection":[{"href":"https:\/\/bodhi.name\/nb\/wp-json\/wp\/v2\/pages"}],"about":[{"href":"https:\/\/bodhi.name\/nb\/wp-json\/wp\/v2\/types\/page"}],"author":[{"embeddable":true,"href":"https:\/\/bodhi.name\/nb\/wp-json\/wp\/v2\/users\/8235"}],"replies":[{"embeddable":true,"href":"https:\/\/bodhi.name\/nb\/wp-json\/wp\/v2\/comments?post=8555"}],"version-history":[{"count":1,"href":"https:\/\/bodhi.name\/nb\/wp-json\/wp\/v2\/pages\/8555\/revisions"}],"predecessor-version":[{"id":8556,"href":"https:\/\/bodhi.name\/nb\/wp-json\/wp\/v2\/pages\/8555\/revisions\/8556"}],"up":[{"embeddable":true,"href":"https:\/\/bodhi.name\/nb\/wp-json\/wp\/v2\/pages\/8272"}],"wp:attachment":[{"href":"https:\/\/bodhi.name\/nb\/wp-json\/wp\/v2\/media?parent=8555"}],"curies":[{"name":"wp","href":"https:\/\/api.w.org\/{rel}","templated":true}]}}