{"id":8547,"date":"2015-02-22T18:13:09","date_gmt":"2015-02-22T14:13:09","guid":{"rendered":"http:\/\/bodhi.name\/?page_id=8547"},"modified":"2015-02-22T18:13:09","modified_gmt":"2015-02-22T14:13:09","slug":"kapittel-20","status":"publish","type":"page","link":"https:\/\/bodhi.name\/nb\/maya-1-force-mineure\/kapittel-20\/","title":{"rendered":"Kapittel 20"},"content":{"rendered":"<p>Kristi har drikket saft med is gjennom en tynn tr\u00e5d. Hun spilte med en stein. Det var ikke enn\u00e5 m\u00f8rkt.<\/p>\n<p>&#8211; Himmel likner p\u00e5 en mystisk kloster (hun har s\u00e5 fin stemme). Se hvor fin mene er.<\/p>\n<p>&#8211; Kristi, du er s\u00e5 pen:)<\/p>\n<p>Hun har tiet for en stund. Hun har ikke svart meg noe jeg har \u00f8nkset \u00e5 f\u00e5 h\u00f8re.<\/p>\n<p>&#8211; Jeg har tenkt om deg. \u2013 Hun har valgt hvert ord. \u2013 Du likner ikke p\u00e5 andre. Jeg kan sikkert ikke forsrt\u00e5 dette. Jeg liker deg:), &#8212; Skal du ha kaffe?<\/p>\n<p>&#8211; Ok, jeg skal ta den. Reiser du alene?<\/p>\n<p>&#8211; Jeg har kommet hit for f\u00f8rste gang fem \u00e5r siden. Jeg har v\u00e6rt her sammen min sin kj\u00e6reste. Dette var forferdelig. Etter to m\u00e5neder av samliv jeg har lovet seg at jeg skal aldri gifte seg. Jeg har hele tid \u00f8nsket \u00e5 bli kjent med noen og ha god tid. Men han har forbudt meg alt dette. Han har en gang funnet marihuana hos meg. Han ble s\u00e5 sint&#8230; Og n\u00e5 jeg har endret seg. Jeg blir sjeldent kjent med noen. Jeg bes\u00f8ker ikke ulike trans-party. Jeg r\u00f8yker ikke marihuana. Mange kommer hot bare for \u00e5 gj\u00f8re dette (billig narkotika, sex, fjell). F\u00f8rst blir du beundret av dette. Du f\u00f8ler seg s\u00e5 fri etter \u00e5 ha levd i Europa. Men s\u00e5 skj\u00f8nner du at at dette er ikke en d\u00f8r til frihet. Du kan selvsagt v\u00e6re her hele liv. Men jeg ble lei av dette. N\u00e5 kan du fortelle hvordan du har havnet dit. Du er jo alene?<\/p>\n<p>&#8211; Jeg er tr\u00f8tt til \u00e5 leve med alt som foreldre har bygd for meg. Jeg har sluttet \u00e5 leve p\u00e5 en gammel m\u00e5te. Jeg forst\u00e5r at jeg skal ikke vende tilbake.<\/p>\n<p>Hun har begynt \u00e5 le.<\/p>\n<p>&#8211; Du har rett! Hva s\u00f8ker du her? Ikke si meg at du s\u00f8ker forlysning.<\/p>\n<p>&#8211; Ja, du kan si dette. Idnia er min dr\u00f8m. Jeg har alltid strebet etter noe som jeg kunne finne verken i Europa eller i Russland. Jeg kan ikke si hva har jeg strebet etter. Forslysning er et noks\u00e5 t\u00e5kete begrep. Jeg leser iblant en bok og s\u00e5 f\u00e5r boken meg til \u00e5 tro at jeg skal en dag leve et liv som jeg har alltid \u00f8nsket seg. Men slik skjer det sjeldent&#8230; Jeg har opplevd dette da jeg har lest Kastaneda. Denne f\u00f8lelse har oppst\u00e5tt da jeg har lest bare vanlige beskrivelser.<\/p>\n<p>&#8211; Disse forfattere (jeg mener Kastaneda, Taisja Abellar, Florinda Donner) har jo sagt at \u00e5nd har hjelpet dem \u00e5 skrive&#8230;<\/p>\n<p>&#8211; Dette forklarer jo ingenting:) Jeg har reist til India og tenkte at livet skal endre seg her. Jeg har ikke forventet kjedelighet og vanlighet. Jeg tenkte at det skal v\u00e6re s\u00e5 interessant her. Du har sikkert h\u00f8rt at det finnes noen spesielle magnetiske omr\u00e5der her i India.<\/p>\n<p>&#8211; Synes du at det er dumt \u00e5 tro dette? Kanskje disse omr\u00e5der virkelig eksisterer. Jeg kan si at India har forandret meg. Jeg f\u00f8ler et forskjell mellom sine tilstander. Hver dag i India er en mystisk erfaring.<\/p>\n<p>&#8211; Kanskje du opplever dette fordi at du tror p\u00e5 dette?.. Kanskje du bare lar seg oppleve noe mystisk her?<\/p>\n<p>&#8211; Dette er en god tanke!<\/p>\n<p>&#8211; Jeg \u00f8nsker ofte \u00e5 overbevise seg i det at det finnes ingen \u201dutenom\u201d som kunne ha p\u00e5virket meg. Men hvis vi analyserer mine observasjoner, s\u00e5 finner vi at jeg opplever ingen p\u00e5virkning som kunne ha endret min tilstand. Jeg kan se p\u00e5 disse fjellene i dag og oppleve noe mystisk. Og i morgen jeg skal jeg oppleve bare vanlighet.<\/p>\n<p>&#8211; Betyr dette at du er ikke i stand til \u00e5 oppfatte stemning av disse fjellene? Hindrer noe deg? Du kan eksempelvis tvile i det at noe p\u00e5virker deg. Se p\u00e5 meg, jeg tviler ikke:)<\/p>\n<p>&#8211; Og hva opplever du egentlig?<\/p>\n<p>&#8211; \u00d8nsker du \u00e5 vite dette? \u2013 hennes \u00f8yne ble glimrende. \u2013 La oss g\u00e5!<\/p>\n<p>Hun har tatt min h\u00e5nd og vi gikk til en liten hus i fjell.<\/p>\n<p>\u2026Hun har s\u00e5 varme lepper og hun kysser meg som en gutt. Hennes bevevegelser var ogs\u00e5 bestemte. Det var s\u00e5 bra \u00e5 klemme henne. Jeg har ventet p\u00e5 dette lenge. Hun kysser mine brystvorter. Hun dytter meg og jeg faller p\u00e5 en seng. Hun tar av seg kl\u00e6r og legger seg ved siden av meg. Hun har muskler&#8230; Jeg r\u00f8rer p\u00e5 hennes rumpe og l\u00e5r. Jeg begynner \u00e5 st\u00f8nne av erotisk opphisselse&#8230; Hennes hender klemmer meg mens jeg puler hennes rumpe med sin finger&#8230; N\u00e5 \u00f8nsker jeg \u00e5 r\u00f8re hennes fytta. Det er ufattelig at jeg puler en jentes rumpa med sin finger! Jeg blir s\u00e5 k\u00e5t. Hun stanser meg og begynner \u00e5 kysse meg&#8230; Men jeg stanser ikke. Jeg \u00f8nsker \u00e5 oppleve alle de beste opplevelser med henne. Jeg \u00f8nsker \u00e5 kysse henne hele tid. Hun har s\u00e5 s\u00f8te f\u00f8tter. Vi kysser og slikker f\u00f8tter av hverandre. Og s\u00e5 begynner jeg \u00e5 slikke hennes fytta. Jeg klemmer hennes bryst. Jeg biter dem med sine tenner&#8230; Hun skriker! Og jeg skriker sammen med henne. Vi har ingen ord for \u00e5 uttrykke all den nytelse.<\/p>\n<p>&nbsp;<\/p>\n<p>\u2026<\/p>\n<p>&#8211; Det er p\u00e5 tide \u00e5 huske noe, &#8212; hun s\u00e5 i mine \u00f8yne og jeg har forst\u00e5tt at noe glad og viktig skal skje n\u00e5. \u2013 Vi skal g\u00e5 til et sted hvor fu har en gang v\u00e6rt f\u00f8r\u2026<\/p>\n<p>\u2026Hvem er dette? Jeg ser p\u00e5 dette kjent ansikt og kan ikke forst\u00e5 hvem dette er. Hun smiler. Hun er s\u00e5 glad at hun kan \u00e5pne meg det at&#8230;<\/p>\n<p>&#8211; \u2026dette har skjedd for mange \u00e5r siden. Du har v\u00e6rt s\u00e5 ung. Vi har kommet dit sammen med ham, &#8212; hun gjorde en h\u00e5ndbevegelse og pekte bak seg&#8230;Oj, jeg vet ham ogs\u00e5. Men hvem er han?<\/p>\n<p>&#8211; Denne dag har endret mitt liv, &#8212; en lav stemme som har uttrykket bekyrimg&#8230; \u2013 Denne Kvinne\u2026<\/p>\n<p>&#8211; Hun skal se alt selv, &#8212; hun har avbrtytet ham. \u2013 La oss g\u00e5, &#8212; hun tok min h\u00e5nd&#8230;<\/p>\n<p>\u2026Kveld. Men alt er s\u00e5 rart! Hvorfor er det s\u00e5 lyst her?\u2026 Jeg ser et hus! Jeg kjenner dette sted. Dette er et hus laget av tre. Dette huset likner en kinesisk kloster. Jeg \u00f8nsker \u00e5 g\u00e5 inn, men jeg kan ikke gj\u00f8re dette. Jeg begynner \u00e5 gr\u00e5te&#8230;Hennes arm klemmer meg. Hvorfor gr\u00e5ter jeg? Jeg vet ikke&#8230; Dette likner en gjennombrudd. Dette er en forventning av at jeg skal huske noe vitkig for seg. En d\u00f8r \u00e5pner seg og vind dytter meg inn&#8230; Nei, vent litt, ikke forlat meg&#8230; Men vind har allerede tatt henne. Jeg kommer inne og gr\u00e5ter. Hun er s\u00e5 gammel. Men hun klemmer meg.<\/p>\n<p>&#8211; Og n\u00e5 du er tilbake. Du har kommet til meg. Du gr\u00e5ter&#8230;.<\/p>\n<p>Hennes ansikt er dekket med rynker. Hun klemmer meg og jeg ser ingen medlidenhet i hennes \u00f8yne. Hun ser p\u00e5 meg som en mor ser p\u00e5 et barn. Hun vet at jeg opplever ingen lidelser. Dette er bare en begynnelse av evighet&#8230;<\/p>\n<p>Tre unge kvinner ser p\u00e5 meg kaldblodig. De likner hverandre. Der er kledd i den samme kl\u00e6r&#8230; Nei, det viser seg at de atskiller seg fra hverandre. Jeg ler&#8230;<\/p>\n<p>&#8211; Vi har bare \u00f8nsket \u00e5 likne hverandre for en stund:)<\/p>\n<p>&#8211; Husker du dem ikke?:) Du kan ikke huske dem fordi at dette er koner av min s\u00f8nn.<\/p>\n<p>En h\u00f8y ung mann har oppst\u00e5tt i rommets hj\u00f8rnet. Men jeg kunne ikke se ham klart.<\/p>\n<p>&#8211; Du skal sikkert huske ham snart, &#8212; sa Hun.<\/p>\n<p>Jeg f\u00f8lte som om jeg har kommet til sin hjem. Jeg har aldri f\u00f8lt seg s\u00e5 koselig. Det var s\u00e5 vanskelig \u00e5 slutte \u00e5 gr\u00e5te. Dette har ikke liknet p\u00e5 emosjoner i det hele tatt. Dette har ikke liknet p\u00e5 mine vanlige oppfatninger. Dette var noe helt annet&#8230; Dette var ikke noe betydelig. Og jeg hat kjent denne verden s\u00e5 godt. Hvordan kunne jeg glemme den?<\/p>\n<p>\u2026Noen spedbarn har sittet i rommet. De s\u00e5 p\u00e5 meg med \u00f8yne av gamle mennesker. Ingen har passet p\u00e5 dem&#8230; Jeg har forst\u00e5tt at dette er Hennes barnebarn&#8230; Og hva med meg? Hvem er jeg?<\/p>\n<p>Jeg \u00e5pner d\u00f8r og ser at det er natt allerede. Eller er dette ikke en natt? Fjell har utstr\u00e5let noen myk lys. Dette er s\u00e5 pent! En gammel kvinner sitter der og ser i himmel. Hun mater et spedbarn med bryst. Jeg kjenner dem begge! Jeg opplever en virkelig sympati til dem!<\/p>\n<p>Er dette en dr\u00f8m? &#8230;EN DR\u00d8M!!! Eksiterer det slike dr\u00f8mmer? Jeg kjenner denne verden! Jeg begynner \u00e5 huske alt. Det finnes ingen sol her&#8230; Det finnes ingen sol p\u00e5 denne lille planet. Det finnes verken krig eller emosjoener her&#8230; Og dette er ikke mennesker! Forst\u00e5r jeg at dette er bare en dr\u00f8m?<\/p>\n<p>&#8211; Bestemor! Bestemor! Jeg husker deg! \u2013 jeg l\u00f8per til huset\u2026 Har jeg kalt henne for bestemor???<\/p>\n<p>Spedbarn ble til noen lys som s\u00e5 p\u00e5 meg. Jeg har sett dette mange ganger.<\/p>\n<p>&#8211; Kan du vise meg hvor bestemor er? Fortere! \u2013 solen har allerede vekket meg. Men jeg har enn\u00e5 opplevd sine dr\u00f8mmer.<\/p>\n<p>Jeg har lenge ligget og f\u00f8lte at denne lille verden forsvinner. Disse dr\u00f8mmer f\u00e5r meg til \u00e5 tro at dr\u00f8mmer er bare en fortolkning av \u00e5rv\u00e5kenhet. Jeg vet ikke om den virkelige verden er mer virkelig enn mine dr\u00f8mmer. Hvordan kan jeg m\u00e5le virkelighet? Den andre verden er sikkert mer virkelig hvis vi skal g\u00e5 ut fra intesitet av oppfatninger. Jeg ser som oftest bare vanlige dr\u00f8mmer som jeg har ingen kontroll over. Men det skjer av og til at jeg \u201dv\u00e5kner\u201d i sine dr\u00f8mmer og da opplever jeg sine dr\u00f8mmer mer klart. Jeg vet ikke hvordan kan jeg v\u00e6re oppleve bevisste dr\u00f8mmer hele tid. Jeg har ingen tvil i det at mine dr\u00f8mmer kan bli s\u00e5 virkelige som virkelighet. Jeg tenker iblant om at det finnes kanskje ingen grense mellom dr\u00f8mmer og \u00e5rv\u00e5kenhet.<\/p>\n","protected":false},"excerpt":{"rendered":"<p>Kristi har drikket saft med is gjennom en tynn tr\u00e5d. Hun spilte med en stein. Det var ikke enn\u00e5 m\u00f8rkt. &#8211; Himmel likner p\u00e5 en mystisk kloster (hun har s\u00e5 fin stemme). Se hvor fin mene er. &#8211; Kristi, du er s\u00e5 pen:) Hun har tiet for en stund. Hun har ikke svart meg noe [&hellip;]<\/p>\n","protected":false},"author":8235,"featured_media":0,"parent":8272,"menu_order":20,"comment_status":"open","ping_status":"closed","template":"","meta":{"_acf_changed":false,"footnotes":""},"class_list":["post-8547","page","type-page","status-publish","hentry"],"acf":[],"yoast_head":"<!-- This site is optimized with the Yoast SEO plugin v27.2 - https:\/\/yoast.com\/product\/yoast-seo-wordpress\/ -->\n<title>Kapittel 20 - Utvalg av tiltrekkende tilstander<\/title>\n<meta name=\"robots\" content=\"index, follow, max-snippet:-1, max-image-preview:large, max-video-preview:-1\" \/>\n<link rel=\"canonical\" href=\"https:\/\/bodhi.name\/nb\/maya-1-force-mineure\/kapittel-20\/\" \/>\n<meta property=\"og:locale\" content=\"nb_NO\" \/>\n<meta property=\"og:type\" content=\"article\" \/>\n<meta property=\"og:title\" content=\"Kapittel 20 - Utvalg av tiltrekkende tilstander\" \/>\n<meta property=\"og:description\" content=\"Kristi har drikket saft med is gjennom en tynn tr\u00e5d. Hun spilte med en stein. Det var ikke enn\u00e5 m\u00f8rkt. &#8211; Himmel likner p\u00e5 en mystisk kloster (hun har s\u00e5 fin stemme). Se hvor fin mene er. &#8211; Kristi, du er s\u00e5 pen:) Hun har tiet for en stund. Hun har ikke svart meg noe [&hellip;]\" \/>\n<meta property=\"og:url\" content=\"https:\/\/bodhi.name\/nb\/maya-1-force-mineure\/kapittel-20\/\" \/>\n<meta property=\"og:site_name\" content=\"Utvalg av tiltrekkende tilstander\" \/>\n<meta name=\"twitter:card\" content=\"summary_large_image\" \/>\n<meta name=\"twitter:label1\" content=\"Ansl. lesetid\" \/>\n\t<meta name=\"twitter:data1\" content=\"8 minutter\" \/>\n<script type=\"application\/ld+json\" class=\"yoast-schema-graph\">{\"@context\":\"https:\/\/schema.org\",\"@graph\":[{\"@type\":\"WebPage\",\"@id\":\"https:\/\/bodhi.name\/nb\/maya-1-force-mineure\/kapittel-20\/\",\"url\":\"https:\/\/bodhi.name\/nb\/maya-1-force-mineure\/kapittel-20\/\",\"name\":\"Kapittel 20 - Utvalg av tiltrekkende tilstander\",\"isPartOf\":{\"@id\":\"https:\/\/bodhi.name\/ru\/#website\"},\"datePublished\":\"2015-02-22T14:13:09+00:00\",\"breadcrumb\":{\"@id\":\"https:\/\/bodhi.name\/nb\/maya-1-force-mineure\/kapittel-20\/#breadcrumb\"},\"inLanguage\":\"nb-NO\",\"potentialAction\":[{\"@type\":\"ReadAction\",\"target\":[\"https:\/\/bodhi.name\/nb\/maya-1-force-mineure\/kapittel-20\/\"]}]},{\"@type\":\"BreadcrumbList\",\"@id\":\"https:\/\/bodhi.name\/nb\/maya-1-force-mineure\/kapittel-20\/#breadcrumb\",\"itemListElement\":[{\"@type\":\"ListItem\",\"position\":1,\"name\":\"\u0413\u043b\u0430\u0432\u043d\u0430\u044f \u0441\u0442\u0440\u0430\u043d\u0438\u0446\u0430\",\"item\":\"https:\/\/bodhi.name\/nb\/\"},{\"@type\":\"ListItem\",\"position\":2,\"name\":\"Maya-1: Force mineure\",\"item\":\"https:\/\/bodhi.name\/nb\/maya-1-force-mineure\/\"},{\"@type\":\"ListItem\",\"position\":3,\"name\":\"Kapittel 20\"}]},{\"@type\":\"WebSite\",\"@id\":\"https:\/\/bodhi.name\/ru\/#website\",\"url\":\"https:\/\/bodhi.name\/ru\/\",\"name\":\"Utvalg av tiltrekkende tilstander\",\"description\":\" Eksperimentell psykologi\",\"potentialAction\":[{\"@type\":\"SearchAction\",\"target\":{\"@type\":\"EntryPoint\",\"urlTemplate\":\"https:\/\/bodhi.name\/ru\/?s={search_term_string}\"},\"query-input\":{\"@type\":\"PropertyValueSpecification\",\"valueRequired\":true,\"valueName\":\"search_term_string\"}}],\"inLanguage\":\"nb-NO\"}]}<\/script>\n<!-- \/ Yoast SEO plugin. -->","yoast_head_json":{"title":"Kapittel 20 - Utvalg av tiltrekkende tilstander","robots":{"index":"index","follow":"follow","max-snippet":"max-snippet:-1","max-image-preview":"max-image-preview:large","max-video-preview":"max-video-preview:-1"},"canonical":"https:\/\/bodhi.name\/nb\/maya-1-force-mineure\/kapittel-20\/","og_locale":"nb_NO","og_type":"article","og_title":"Kapittel 20 - Utvalg av tiltrekkende tilstander","og_description":"Kristi har drikket saft med is gjennom en tynn tr\u00e5d. Hun spilte med en stein. Det var ikke enn\u00e5 m\u00f8rkt. &#8211; Himmel likner p\u00e5 en mystisk kloster (hun har s\u00e5 fin stemme). Se hvor fin mene er. &#8211; Kristi, du er s\u00e5 pen:) Hun har tiet for en stund. Hun har ikke svart meg noe [&hellip;]","og_url":"https:\/\/bodhi.name\/nb\/maya-1-force-mineure\/kapittel-20\/","og_site_name":"Utvalg av tiltrekkende tilstander","twitter_card":"summary_large_image","twitter_misc":{"Ansl. lesetid":"8 minutter"},"schema":{"@context":"https:\/\/schema.org","@graph":[{"@type":"WebPage","@id":"https:\/\/bodhi.name\/nb\/maya-1-force-mineure\/kapittel-20\/","url":"https:\/\/bodhi.name\/nb\/maya-1-force-mineure\/kapittel-20\/","name":"Kapittel 20 - Utvalg av tiltrekkende tilstander","isPartOf":{"@id":"https:\/\/bodhi.name\/ru\/#website"},"datePublished":"2015-02-22T14:13:09+00:00","breadcrumb":{"@id":"https:\/\/bodhi.name\/nb\/maya-1-force-mineure\/kapittel-20\/#breadcrumb"},"inLanguage":"nb-NO","potentialAction":[{"@type":"ReadAction","target":["https:\/\/bodhi.name\/nb\/maya-1-force-mineure\/kapittel-20\/"]}]},{"@type":"BreadcrumbList","@id":"https:\/\/bodhi.name\/nb\/maya-1-force-mineure\/kapittel-20\/#breadcrumb","itemListElement":[{"@type":"ListItem","position":1,"name":"\u0413\u043b\u0430\u0432\u043d\u0430\u044f \u0441\u0442\u0440\u0430\u043d\u0438\u0446\u0430","item":"https:\/\/bodhi.name\/nb\/"},{"@type":"ListItem","position":2,"name":"Maya-1: Force mineure","item":"https:\/\/bodhi.name\/nb\/maya-1-force-mineure\/"},{"@type":"ListItem","position":3,"name":"Kapittel 20"}]},{"@type":"WebSite","@id":"https:\/\/bodhi.name\/ru\/#website","url":"https:\/\/bodhi.name\/ru\/","name":"Utvalg av tiltrekkende tilstander","description":" Eksperimentell psykologi","potentialAction":[{"@type":"SearchAction","target":{"@type":"EntryPoint","urlTemplate":"https:\/\/bodhi.name\/ru\/?s={search_term_string}"},"query-input":{"@type":"PropertyValueSpecification","valueRequired":true,"valueName":"search_term_string"}}],"inLanguage":"nb-NO"}]}},"_links":{"self":[{"href":"https:\/\/bodhi.name\/nb\/wp-json\/wp\/v2\/pages\/8547","targetHints":{"allow":["GET"]}}],"collection":[{"href":"https:\/\/bodhi.name\/nb\/wp-json\/wp\/v2\/pages"}],"about":[{"href":"https:\/\/bodhi.name\/nb\/wp-json\/wp\/v2\/types\/page"}],"author":[{"embeddable":true,"href":"https:\/\/bodhi.name\/nb\/wp-json\/wp\/v2\/users\/8235"}],"replies":[{"embeddable":true,"href":"https:\/\/bodhi.name\/nb\/wp-json\/wp\/v2\/comments?post=8547"}],"version-history":[{"count":1,"href":"https:\/\/bodhi.name\/nb\/wp-json\/wp\/v2\/pages\/8547\/revisions"}],"predecessor-version":[{"id":8548,"href":"https:\/\/bodhi.name\/nb\/wp-json\/wp\/v2\/pages\/8547\/revisions\/8548"}],"up":[{"embeddable":true,"href":"https:\/\/bodhi.name\/nb\/wp-json\/wp\/v2\/pages\/8272"}],"wp:attachment":[{"href":"https:\/\/bodhi.name\/nb\/wp-json\/wp\/v2\/media?parent=8547"}],"curies":[{"name":"wp","href":"https:\/\/api.w.org\/{rel}","templated":true}]}}