{"id":8543,"date":"2015-02-22T18:10:31","date_gmt":"2015-02-22T14:10:31","guid":{"rendered":"http:\/\/bodhi.name\/?page_id=8543"},"modified":"2015-02-22T18:10:31","modified_gmt":"2015-02-22T14:10:31","slug":"kapittel-18","status":"publish","type":"page","link":"https:\/\/bodhi.name\/nb\/maya-1-force-mineure\/kapittel-18\/","title":{"rendered":"Kapittel 18"},"content":{"rendered":"<p>En stor bl\u00e5 Sjiva smiler til meg gjennom busker av marihuana. Hans \u00f8yne m\u00e5 uttrykke en forlyst tilstand. Men han likner heller p\u00e5 en full person. Det var en kloster bak Sjiva. Der satt det en sadhu og r\u00f8ykte.<\/p>\n<p>Han s\u00e5 p\u00e5 meg og smilte. Han har hilset p\u00e5 meg.<\/p>\n<p>&#8211; Velkommen til Sjivas hus:) \u2013 han smilte. \u2013 \u00d8nsker du \u00e5 r\u00f8yke sammen med meg? \u00d8nsker du \u00e5 snakke med Sjiva sammen med meg?<\/p>\n<p>&#8211; Jeg r\u00f8yker ikke.<\/p>\n<p>&#8211; ??? Alle r\u00f8yker her.<\/p>\n<p>&#8211; Er ikke dette forbudt \u00e5 r\u00f8yke her?<\/p>\n<p>&#8211; Jo, men&#8230; alle gj\u00f8r dette. Du kan sikkert r\u00f8yke i Sjivas kloster:)<\/p>\n<p>&#8211; ?<\/p>\n<p>&#8211; Visste du ikke at r\u00f8yking av marihuana er en ritual av Sjivas etterf\u00f8lgere? Du kan r\u00f8yke her s\u00e5 mye du vil. Sjiva liker dette.<\/p>\n<p>&#8211; Hvor kjenner du ham fra?<\/p>\n<p>&#8211; Dette er jo \u00e5pnebart:)<\/p>\n<p>&#8211; Er du sadhu?<\/p>\n<p>&#8211; Jeg har v\u00e6rt sadhu en dag. Men n\u00e5 lever jeg her. Jeg rydder her og tjener Sjiva:)<\/p>\n<p>Han har smilt hele tid. Men det har virket at han trenger ingen \u00e5 snakker med. Han er lykkelig i dette stedet. Han har sagt meg at \u201dSjiva befinner seg allesteds og Sjiva er s\u00e5 mektig\u201d. Jeg sa farvel til ham og gikk vekk.<\/p>\n<p>Dette er sikkert veldig behagelig \u00e5 gjemme seg bak Sjiva eller en anne gud og unnskylde alle seg med disse guder. Jeg husker at jeg har en gang bes\u00f8kt en ezoterisk m\u00f8te i Moskva. Jeg var interissert i alt knyttet til \u00e5ndelig s\u00f8k&#8230;<\/p>\n<p>\u2026Dette var en m\u00f8te av sjivaitisk \u201d\u00e5ndelig samfunn\u201d i en av skoler i Moskva. Det var b\u00e5de nybegynnere og kjente personer der. Jeg var beundret av det at alle var bedt om \u00e5 fortelle sit navn og fortelle om sin jobb. Jeg sa at jeg \u00f8nsker ikke \u00e5 fortelle om sin jobb. En av ledere (Kostya) har begynt \u00e5 fortelle en jente om en \u00e5ndelig l\u00e6rer i India. Han sa et uttrykk:<\/p>\n<p>&#8211; &#8230;det finnes noen s\u00e6rtrekke som viser at Vidzaj er et forlyst menneske.<\/p>\n<p>&#8211; Kan du fortelle meg om disse s\u00e6rtrekk? \u2013 spurte jeg.<\/p>\n<p>Kostja har snudd seg til meg.<\/p>\n<p>&#8211; Han inkaller aldri noen til seg.<\/p>\n<p>&#8211; Er dette et grunnlag til \u00e5 tro at han er forlyst?<\/p>\n<p>&#8211; Jo, for kriminelle personer innkaller som oftest mennesker til seg.<\/p>\n<p>&#8211; Ja er enig med dette. Men dette er jo fortsatt ikke et \u00e5rsak til \u00e5 regne ham for en forlyst person, ikke sant?<\/p>\n<p>(stemme av en aggressiv person): \u201ddu kan jo sp\u00f8rre ham selv. Hva \u00f8nsker du \u00e5 f\u00e5 h\u00f8re fra Kostja?\u201d<\/p>\n<p>&#8211; Jeg kan ikke forst\u00e5 hva for et menneske er Vidzaj. Jeg er interissert i det hvorfor regner Kostja ham for et forlyst menneske.<\/p>\n<p>&#8211; Vidzak gj\u00f8r kommer alltid i rett tid. Hvis han sier at han skal komme kl. 6, s\u00e5 skal han gj\u00f8re dette.<\/p>\n<p>&#8211; Betyr dette at det \u00e5 komme i rett tid er et s\u00e6rtrekk av en forlyst person?<\/p>\n<p>&#8211; Nei. Men hadde ikke v\u00e6rt forlyst om han hadde ikke kommet i rett tid.<\/p>\n<p>&#8211; Er dette alle s\u00e6rtrekk?<\/p>\n<p>&#8211; Nei, jeg ser lys i ham.<\/p>\n<p>&#8211; Oh! Det er rart at du har ikke sagt dette f\u00f8r. Hva for et lys er dette? Ser du det med dine \u00f8yne?<\/p>\n<p>&#8211; Jeg har veldig utviklete kinestetisk-sensoriske kanaler&#8230;<\/p>\n<p>&#8211; Jeg forst\u00e5r deg ikke. Ser du lyset med sine \u00f8yne?<\/p>\n<p>&#8211; &#8230; Akkurat.<\/p>\n<p>&#8211; Kan du beskrive noe du ser?<\/p>\n<p>(aggressiv stemme av en person): \u201dhelvete, Hva trenger du? Hvorfor sp\u00f8r du om dette? Du kan f\u00f8le dette med intuisjon\u201d.<\/p>\n<p>&#8211; Og hva er intuisjon? \u2013 Alle ble sinte etter \u00e5 ha f\u00e5 h\u00f8rt dette sp\u00f8rsm\u00e5l. \u201dIntuisjon?\u201d. \u201dVet du ikke hva dette betyr?\u201d.<\/p>\n<p>&#8211; Men hva betyr den egentlig? Hvordan atskiller dere intuisjon fra andre oppfatninger? Fortell meg om dette.<\/p>\n<p>&#8211; Energi i mine chakra forteller meg alltid om et menneske jeg snakker med akkurat n\u00e5, &#8212; Kostja har begynt \u00e5 bruke ubetydelige ord igjen.<\/p>\n<p>&#8211; Hva mener du med energi og chakra?<\/p>\n<p>&#8211; Chakra betyr et hjul p\u00e5 sanskrit.<\/p>\n<p>&#8211; Og hvordan oppfater du chakra?<\/p>\n<p>(<em>Folk omrking skal snart sl\u00e5 meg<\/em>): \u201dDe tar hele oppmerksomhet til seg. Vi har ogs\u00e5 mange sp\u00f8rsm\u00e5l.\u201d<\/p>\n<p>&#8211; Er dere ikke interissert i dette emne? Er dere ikke interissert i s\u00f8k p\u00e5 sannhet?<\/p>\n<p>&#8211; Dette er veldig interessant for oss. Men la oss diskutere om dette senere.<\/p>\n<p>&#8211; Hvis dere har noen oppfatning, s\u00e5 kan de sikkert beskrive den. Jeg opplever eksempelvis \u00f8mhet og jeg kan bruke ti sider for \u00e5 beskrive denne \u00f8mhet. Er dere enig med meg? Men dere kan ikke beskrive intuisjon.<\/p>\n<p>&#8211; Men dette er jo \u00e5penbart. Hvorfor m\u00e5 vi beskrive dette?<\/p>\n<p>&#8211; Dette er ikke \u00e5penbart for meg. Det er interessant hva mener dere med dette ordet.<\/p>\n<p>&#8211; Jeg tror at du har ikke kommet hit bare for \u00e5 snakke med oss. Kanskje du er en psykolog og du unders\u00f8ker oss. Dette er sikkert deres jobb \u00e5 sp\u00f8rre om ting.<\/p>\n<p>&#8211; Regner du seg selv for en person som streber etter frihet og sannhet?<\/p>\n<p>&#8211; Det gj\u00f8r jeg sikkert.<\/p>\n<p>&#8211; S\u00e5 hvorfor liker du ikke mine sp\u00f8rsm\u00e5l? For jeg pr\u00f8ver jo \u00e5 finne ut sannhet.<\/p>\n<p>&#8211; Og jeg skal kjekke hvor utdannet du er! Vet du hva \u201ddharana\u201d betyr?<\/p>\n<p>&#8211; Jeg vet ikke hva dette betyr. Hva mener du med dette?<\/p>\n<p>&#8211; Dette ordet betyr \u201dkonsentrasjon\u201d.<\/p>\n<p>&#8211; Jeg vet ikke hva dett er. Hva mener du med dette ordet?<\/p>\n<p>&#8211; Du vet jo ingenting! Du m\u00e5 l\u00e6re mye. Du har ingen erfaring. Det er umulig \u00e5 forklare deg noe!<\/p>\n<p>&#8211; Jeg trenger ingen forklaring. Jeg ber om en beksrivelse.<\/p>\n<p>(<em>stemme av folk<\/em>): \u201dhvorfor har du kommet hit? Kanskje du \u00f8nsker \u00e5 betale oss for alt dette?\u201d.<\/p>\n<p>&#8211; Kostja, du har jo praktisert med yoga i l\u00f8pet av femten \u00e5r. Og du opplever s\u00e5 sterk hat til meg n\u00e5&#8230;<\/p>\n<p>(stemme av folk): \u201dOg hva s\u00e5?\u201d, \u201dHun stjeler v\u00e5r energi\u201d, \u201dDu opplever jo hat ogs\u00e5\u201d, \u201dDu for\u00e5rsaker lidelser hos seg selv og andre mennesker her\u201d, \u201dHvorfor har du kommet hit\u201d?<\/p>\n<p>Til slutt Kostja sa:<\/p>\n<p>&#8211; Det er s\u00e5 vanskelig \u00e5 snakke med deg&#8230;\u201d<\/p>\n<p>&#8211; Hva \u00f8nsker du \u00e5 si?<\/p>\n<p>&#8211; Jeg tror at det er n\u00f8dvendig \u00e5 v\u00e6re tolerant i forhold til hverandre.<\/p>\n<p>&#8211; Jeg har ikke kommet hit for \u00e5 drikke te med dere. Jeg snakker jo med mennesker som \u00f8nsker \u00e5 bli fri&#8230;<\/p>\n<p>Vi hadde denne samtale i l\u00f8pet av en time. Jeg har pr\u00f8vd \u00e5 f\u00e5 svar p\u00e5 sine sp\u00f8rsm\u00e5l. Og de har beskyldt meg i det at jeg krever noe fra dem. De var veldig nerv\u00f8se.<\/p>\n<p>Senere alle gikk til et annet rom der en kjent hypnotis\u00f8r fra moskva (la oss kalle ham G.) har sagt at alle skal drikke te. Jeg har nektet \u00e5 utf\u00f8re denne ritual.<\/p>\n<ol>\n<li>har sagt at denne ritual henvises til den vise l\u00e6rer Sjiva som har skapt alt p\u00e5 jord. Jeg har opplevd bekymring pga det at jeg har \u00f8nsket \u00e5 sp\u00f8rre ham om Sjiva. Kanskje han kan hypnotisere meg. Han er jo en autoritet her. Men jeg kunne ikke bare sitte og gj\u00f8re ingenting. Jeg har spurt ham noen sp\u00f8rsm\u00e5l som han har nektet \u00e5 svare p\u00e5. Han har snudd seg til sin nabo da jeg har pr\u00f8vd \u00e5 sp\u00f8rre ham om noe. Senere sa han at det skal v\u00e6re tid for sp\u00f8rsm\u00e5l etter den tredje kopp av te.<\/li>\n<li>har sagt at alle m\u00e5 fortelle litt om seg selv. Mange sa at de er interissert i frigj\u00f8relse. Kostja sa at han er en \u201dyog\u201d og at han lider pga det at hans hjemland er delt opp i mange deler. Noen sa at deres liv er ment for \u00e5 tjene Sjiva. G. sa at han er en etterf\u00f8lger av Sjiva og at han har funnet seg selv.<\/li>\n<\/ol>\n<p>&#8211; Og hvem eller hva kaller dere for \u201dSjiva\u201d? \u2013 spurte jeg.<\/p>\n<ol>\n<li>har opplevd utilfredhset og pr\u00f8vde \u00e5 gjemme den. Han har ikke sett i mine \u00f8yne. Og det virket at han forst\u00e5r ikke hva jeg sp\u00f8r om.<\/li>\n<\/ol>\n<p>&#8211; Sjiva er en mektig yog.<\/p>\n<p>&#8211; S\u00e5 dere tjener en historisk person?<\/p>\n<p>&#8211; Nei, det har ikke eksistert en slik historisk person.<\/p>\n<p>&#8211; S\u00e5 hvem tjener dere?<\/p>\n<p>&#8211; Dere kan kalle ham for Brahma.<\/p>\n<p>&#8211; Og hva er dette?<\/p>\n<p>&#8211; Det finnes en slik figur&#8230;<\/p>\n<p>&#8211; S\u00e5 tjener dere en figur?<\/p>\n<p>&#8211; Nei, det gj\u00f8r vi ikke.<\/p>\n<p>&#8211; Kanskje dere ser ham p\u00e5 en m\u00e5te?<\/p>\n<p>&#8211; Nei, jeg ser ham ikke.<\/p>\n<p>&#8211; S\u00e5 hva er \u201dSjiva\u201d?<\/p>\n<p>&#8211; IKKE SI \u201dHVA\u201d n\u00e5r du snakker om Sjiva. G\u00e5 og les noen b\u00f8ker om ham.Hvorfor sitter dere ikke stille?<\/p>\n<p>&#8211; Fordi at jeg forst\u00e5r ikke hva dere snakker om. Kan dere forklare meg hva er Sjiva?<\/p>\n<p>&#8211; Sjiva er alt omkring. Sjiva er ogs\u00e5 denne te foran deg.<\/p>\n<p>&#8211; Men hvorfor sier de da ikke bare \u201dte\u201d istedenfor \u201dSjiva\u201d?<\/p>\n<p>&#8211; Det er umulig \u00e5 forklare dette med ord! Det er ikke mulig \u00e5 forst\u00e5 Sjiva med et sinn!<\/p>\n<p>&#8211; Men kan du beskrive dette p\u00e5 en m\u00e5te?<\/p>\n<p>Jeg s\u00e5 at to personer har kranglet over en kopp te. Jeg sa \u00e5penbart at alle som har samlet seg her lyver til seg selv og s\u00f8ker ikke p\u00e5 noen frihet. Alle ble sinte og har begynt \u00e5 forn\u00e6rme meg. Jeg gikk ut.<\/p>\n<p>\u2026Jeg har oppdaget at jeg har kommet til en kloster av Kali. Jeg har tidligere forventet \u00e5 bes\u00f8ke en av hindu klostre. Men det viste seg at klostre var bare noen bygninger.<\/p>\n<p>Oj, hvem er dette? Det virker at dette er jakokse. De stod ved siden av sine eiere. En gutt kom til meg og r\u00f8rte p\u00e5 meg<\/p>\n<p>&#8211; Hva trenger du?<\/p>\n<p>&#8211; Veldig billig sjafran, &#8211; han ga meg en liten boks.<\/p>\n<p>Jeg likte gutten. Han var ikke aggressiv. Jeg har \u00f8nsket \u00e5 snakke med ham.<\/p>\n<p>&#8211; Snakker du engelsk?<\/p>\n<p>&#8211; Litt.<\/p>\n<p>&#8211; G\u00e5r du p\u00e5 skole?<\/p>\n<p>&#8211; Nei.<\/p>\n<p>&#8211; Studerer du i det hele tatt?<\/p>\n<p>&#8211; Jeg bes\u00f8ker ikke skole.<\/p>\n<p>&#8211; Hvor gammel er du?<\/p>\n<p>&#8211; 12\u2026 jeg har veldig billig shafran.<\/p>\n<p>Han hadde triste \u00f8yne og han hud var pent. Han var barf\u00f8tt. Hans kl\u00e6r var skitten. Det ville ha v\u00e6rt bra \u00e5 kysse ham. Jeg klemte ham.<\/p>\n<p>&#8211; Du skal f\u00e5 50 rupier av meg. Hvor er kloster?<\/p>\n<p>&#8211; Den er der&#8230; \u2013 det virket at han har ikke merket at jeg ga ham penger.<\/p>\n<p>&nbsp;<\/p>\n<p>Jeg har tatt av sine sko og gikk gjennom hage til en kloster fullt at musikk og emosjoner&#8230; jeg har g\u00e5tt inn og s\u00e5 en figur av Kali dekket med blomster. Religi\u00f8se ferier i hinduisme betyr latter og glede for vanlig folk. Jeg har husket hva vetyr religi\u00f8se ferier i kristendom. Gjendyrket lidelse og en f\u00f8lelse av selvubetydelighet. Disse f\u00f8lelser er ikke for meg. Men ogs\u00e5 hinduisme har ikke for\u00e5rsakt noen stor sympati hos meg. Jeg har ikke \u00f8nsket \u00e5 bli religi\u00f8s. Mesteparten av hindu mennesker har s\u00f8kt en st\u00f8tte for sin vanlighet.<\/p>\n<p>For en vakker pike! Jeg s\u00e5 en fin rumpe og et pen ansikt.<\/p>\n<p>&#8211; Hei:)<\/p>\n<p>Hun har vakre \u00f8yne.<\/p>\n<p>Hei:) Jeg heter Kristi.<\/p>\n<p>&#8211; Jeg heter Maya.<\/p>\n<p>&#8211; Alt dette likner p\u00e5 en fest, ikke sant?<\/p>\n<p>&#8211; Akkurat!<\/p>\n<p>&#8211; Har du sett at de har drept et dyr her?<\/p>\n<p>&#8211; Nei. Er dette er ritual?<\/p>\n<p>&#8211; Ja, for dette er en kloster av Kali. Det har v\u00e6rt et bryllup her i dag. Jeg har for det f\u00f8rste sett at noen drepte et dyr.<\/p>\n<p>&#8211; Og hva synes du?<\/p>\n<p>&#8211; Dette er rare f\u00f8lelser. Jeg tenker at jeg ville ha opplevd avsky om jeg hadde sette dette i et annet land. Men her d\u00f8d for\u00e5rsaker ingen frykt. Jeg har en gang sett et lik p\u00e5 vei i Portugal. Jeg kunne ikke oppleve verken glede eller frykt i fire dager etterp\u00e5. Og jeg kunne ikke unng\u00e5 denne tomhet&#8230; Og s\u00e5 har jeg sett at noen d\u00f8de mennesker ble brent i Varanasi. Og da jeg har ikke opplevd noen ting. I dag opplevde jeg&#8230; Jeg skj\u00f8nte plutselig at d\u00f8d er uung\u00e5elig. Jeg har sett d\u00f8d i \u00f8yne av dette dyr. Det virket at tiden har stanset for dyret. Jeg reiser i India i l\u00f8pet av lang tid. Og dets skjer noe uvanlig her hele tid. Vanlighet mister sine krefter og du kan leve p\u00e5 en UVANLIG m\u00e5te.<\/p>\n<p>Jeg s\u00e5 p\u00e5 hennes f\u00f8tter og brystvorter hele tid. Jeg skj\u00f8nte at hun f\u00f8ler min interesse og hun likte dette. Det virket at vi har begynt \u00e5 spille.<\/p>\n<p>&#8211; Det virker at jeg har frigjort seg fra noe og har begynt \u00e5 se p\u00e5 verden fra en annen side. Det virker at jeg har sette verden bare fra en posisjon hele tid.<\/p>\n<p>&#8211; Opplever du noe spesielt?<\/p>\n<p>&#8211; Vel&#8230;<\/p>\n<p>Hun likte \u00e5 unders\u00f8ke seg selv. Hun har ikke opplevd noen fortvilt bestrebelse. Jeg likte \u00e5 v\u00e6re sammen med henne. Jeg likte det at hun har nytet av hver eneste skritt. Jeg har \u00f8nsket \u00e5 le og spille med henne.<\/p>\n<p>&#8211; Jeg kan si at jeg opplever en forsterket interesse til liv. Det oppst\u00e5r ulike ideer&#8230; jeg liker \u00e5 tegne. Og dette er et av grunner til min v\u00e6relse her. Jeg \u00f8nsker \u00e5 tegne deg ogs\u00e5. Skal du komme til meg?)<\/p>\n<p>&#8211; Jeg skal selvsagt komme til deg.<\/p>\n<p>&#8211; Jeg lever der borte i fjellene. Liker du \u00e5 drikke vin?<\/p>\n<p>&#8211; Jeg drikker den av og til.<\/p>\n<p>&#8211; Jeg har dog vin fra Portugal. Skal du komme i morgen?<\/p>\n<p>Jeg skal sikkert bes\u00f8ke henne. Jeg forlot Kristi ved et stor tre ved Kalis kloster. Jeg har \u00f8nsket \u00e5 v\u00e6re litt alene for \u00e5 skrive ned sine tanker og emosjoner. Jeg har opplevd erotisk sympati til denne jente. Og denne sympati har vekket inspirasjon i meg.<\/p>\n<p>&nbsp;<\/p>\n<p>\u00ab** av september<\/p>\n<p>Jeg tenker iblant om det at jeg kan tenke hele tid om et eller annet person som jeg f\u00f8ler n\u00e6rhet i . Men jeg mister denne evne n\u00e5r jeg tenker om noen personlig forhold til dette menneske. Dvs. hvis jeg \u00f8nsker \u00e5 f\u00e5 noe fra dette menneske, s\u00e5 mister jeg en evne til \u00e5 f\u00f8le dette menneske. Det kan f.eks. v\u00e6re et \u00f8nske til \u00e5 oppleve glede pga det at jeg har kommunisert med en interessant person. Bare \u00e6rlig og lett glede som oppst\u00e5r pga kommunisering med et menneske kan for\u00e5rsake glad kj\u00e6rlighet.<\/p>\n<p>Det er ikke lett \u00e5 oppleve denne tilstand. Og et \u00f8nske til \u00e5 f\u00e5 noe fra en person oppst\u00e5r umerkbart. Jeg pr\u00f8ver derfor \u00e5 unders\u00f8ke seg selv i viktige for seg situasjoner. Jeg pr\u00f8ver \u00e5 finne et \u00f8nske til \u00e5 eie noe. Dette for\u00e5rsaker friskhet.<\/p>\n<p>Det er interessant at denne f\u00f8lelse blir fulgt av en veldig rar nydelse som oppst\u00e5r i hals. Dette likner en liten orgasme i hals. Denne f\u00f8lelse er b\u00e5de gjennomtrengende og glad. Det er bra at jeg har m\u00f8tt Kristi.\u201d<\/p>\n","protected":false},"excerpt":{"rendered":"<p>En stor bl\u00e5 Sjiva smiler til meg gjennom busker av marihuana. Hans \u00f8yne m\u00e5 uttrykke en forlyst tilstand. Men han likner heller p\u00e5 en full person. Det var en kloster bak Sjiva. Der satt det en sadhu og r\u00f8ykte. Han s\u00e5 p\u00e5 meg og smilte. Han har hilset p\u00e5 meg. &#8211; Velkommen til Sjivas hus:) [&hellip;]<\/p>\n","protected":false},"author":8235,"featured_media":0,"parent":8272,"menu_order":18,"comment_status":"open","ping_status":"closed","template":"","meta":{"_acf_changed":false,"footnotes":""},"class_list":["post-8543","page","type-page","status-publish","hentry"],"acf":[],"yoast_head":"<!-- This site is optimized with the Yoast SEO plugin v27.4 - https:\/\/yoast.com\/product\/yoast-seo-wordpress\/ -->\n<title>Kapittel 18 - Utvalg av tiltrekkende tilstander<\/title>\n<meta name=\"robots\" content=\"index, follow, max-snippet:-1, max-image-preview:large, max-video-preview:-1\" \/>\n<link rel=\"canonical\" href=\"https:\/\/bodhi.name\/nb\/maya-1-force-mineure\/kapittel-18\/\" \/>\n<meta property=\"og:locale\" content=\"nb_NO\" \/>\n<meta property=\"og:type\" content=\"article\" \/>\n<meta property=\"og:title\" content=\"Kapittel 18 - Utvalg av tiltrekkende tilstander\" \/>\n<meta property=\"og:description\" content=\"En stor bl\u00e5 Sjiva smiler til meg gjennom busker av marihuana. Hans \u00f8yne m\u00e5 uttrykke en forlyst tilstand. Men han likner heller p\u00e5 en full person. Det var en kloster bak Sjiva. Der satt det en sadhu og r\u00f8ykte. Han s\u00e5 p\u00e5 meg og smilte. Han har hilset p\u00e5 meg. &#8211; Velkommen til Sjivas hus:) [&hellip;]\" \/>\n<meta property=\"og:url\" content=\"https:\/\/bodhi.name\/nb\/maya-1-force-mineure\/kapittel-18\/\" \/>\n<meta property=\"og:site_name\" content=\"Utvalg av tiltrekkende tilstander\" \/>\n<meta name=\"twitter:card\" content=\"summary_large_image\" \/>\n<meta name=\"twitter:label1\" content=\"Ansl. lesetid\" \/>\n\t<meta name=\"twitter:data1\" content=\"13 minutter\" \/>\n<script type=\"application\/ld+json\" class=\"yoast-schema-graph\">{\"@context\":\"https:\\\/\\\/schema.org\",\"@graph\":[{\"@type\":\"WebPage\",\"@id\":\"https:\\\/\\\/bodhi.name\\\/nb\\\/maya-1-force-mineure\\\/kapittel-18\\\/\",\"url\":\"https:\\\/\\\/bodhi.name\\\/nb\\\/maya-1-force-mineure\\\/kapittel-18\\\/\",\"name\":\"Kapittel 18 - Utvalg av tiltrekkende tilstander\",\"isPartOf\":{\"@id\":\"https:\\\/\\\/bodhi.name\\\/ru\\\/#website\"},\"datePublished\":\"2015-02-22T14:10:31+00:00\",\"breadcrumb\":{\"@id\":\"https:\\\/\\\/bodhi.name\\\/nb\\\/maya-1-force-mineure\\\/kapittel-18\\\/#breadcrumb\"},\"inLanguage\":\"nb-NO\",\"potentialAction\":[{\"@type\":\"ReadAction\",\"target\":[\"https:\\\/\\\/bodhi.name\\\/nb\\\/maya-1-force-mineure\\\/kapittel-18\\\/\"]}]},{\"@type\":\"BreadcrumbList\",\"@id\":\"https:\\\/\\\/bodhi.name\\\/nb\\\/maya-1-force-mineure\\\/kapittel-18\\\/#breadcrumb\",\"itemListElement\":[{\"@type\":\"ListItem\",\"position\":1,\"name\":\"\u0413\u043b\u0430\u0432\u043d\u0430\u044f \u0441\u0442\u0440\u0430\u043d\u0438\u0446\u0430\",\"item\":\"https:\\\/\\\/bodhi.name\\\/nb\\\/\"},{\"@type\":\"ListItem\",\"position\":2,\"name\":\"Maya-1: Force mineure\",\"item\":\"https:\\\/\\\/bodhi.name\\\/nb\\\/maya-1-force-mineure\\\/\"},{\"@type\":\"ListItem\",\"position\":3,\"name\":\"Kapittel 18\"}]},{\"@type\":\"WebSite\",\"@id\":\"https:\\\/\\\/bodhi.name\\\/ru\\\/#website\",\"url\":\"https:\\\/\\\/bodhi.name\\\/ru\\\/\",\"name\":\"Utvalg av tiltrekkende tilstander\",\"description\":\" Eksperimentell psykologi\",\"potentialAction\":[{\"@type\":\"SearchAction\",\"target\":{\"@type\":\"EntryPoint\",\"urlTemplate\":\"https:\\\/\\\/bodhi.name\\\/ru\\\/?s={search_term_string}\"},\"query-input\":{\"@type\":\"PropertyValueSpecification\",\"valueRequired\":true,\"valueName\":\"search_term_string\"}}],\"inLanguage\":\"nb-NO\"}]}<\/script>\n<!-- \/ Yoast SEO plugin. -->","yoast_head_json":{"title":"Kapittel 18 - Utvalg av tiltrekkende tilstander","robots":{"index":"index","follow":"follow","max-snippet":"max-snippet:-1","max-image-preview":"max-image-preview:large","max-video-preview":"max-video-preview:-1"},"canonical":"https:\/\/bodhi.name\/nb\/maya-1-force-mineure\/kapittel-18\/","og_locale":"nb_NO","og_type":"article","og_title":"Kapittel 18 - Utvalg av tiltrekkende tilstander","og_description":"En stor bl\u00e5 Sjiva smiler til meg gjennom busker av marihuana. Hans \u00f8yne m\u00e5 uttrykke en forlyst tilstand. Men han likner heller p\u00e5 en full person. Det var en kloster bak Sjiva. Der satt det en sadhu og r\u00f8ykte. Han s\u00e5 p\u00e5 meg og smilte. Han har hilset p\u00e5 meg. &#8211; Velkommen til Sjivas hus:) [&hellip;]","og_url":"https:\/\/bodhi.name\/nb\/maya-1-force-mineure\/kapittel-18\/","og_site_name":"Utvalg av tiltrekkende tilstander","twitter_card":"summary_large_image","twitter_misc":{"Ansl. lesetid":"13 minutter"},"schema":{"@context":"https:\/\/schema.org","@graph":[{"@type":"WebPage","@id":"https:\/\/bodhi.name\/nb\/maya-1-force-mineure\/kapittel-18\/","url":"https:\/\/bodhi.name\/nb\/maya-1-force-mineure\/kapittel-18\/","name":"Kapittel 18 - Utvalg av tiltrekkende tilstander","isPartOf":{"@id":"https:\/\/bodhi.name\/ru\/#website"},"datePublished":"2015-02-22T14:10:31+00:00","breadcrumb":{"@id":"https:\/\/bodhi.name\/nb\/maya-1-force-mineure\/kapittel-18\/#breadcrumb"},"inLanguage":"nb-NO","potentialAction":[{"@type":"ReadAction","target":["https:\/\/bodhi.name\/nb\/maya-1-force-mineure\/kapittel-18\/"]}]},{"@type":"BreadcrumbList","@id":"https:\/\/bodhi.name\/nb\/maya-1-force-mineure\/kapittel-18\/#breadcrumb","itemListElement":[{"@type":"ListItem","position":1,"name":"\u0413\u043b\u0430\u0432\u043d\u0430\u044f \u0441\u0442\u0440\u0430\u043d\u0438\u0446\u0430","item":"https:\/\/bodhi.name\/nb\/"},{"@type":"ListItem","position":2,"name":"Maya-1: Force mineure","item":"https:\/\/bodhi.name\/nb\/maya-1-force-mineure\/"},{"@type":"ListItem","position":3,"name":"Kapittel 18"}]},{"@type":"WebSite","@id":"https:\/\/bodhi.name\/ru\/#website","url":"https:\/\/bodhi.name\/ru\/","name":"Utvalg av tiltrekkende tilstander","description":" Eksperimentell psykologi","potentialAction":[{"@type":"SearchAction","target":{"@type":"EntryPoint","urlTemplate":"https:\/\/bodhi.name\/ru\/?s={search_term_string}"},"query-input":{"@type":"PropertyValueSpecification","valueRequired":true,"valueName":"search_term_string"}}],"inLanguage":"nb-NO"}]}},"_links":{"self":[{"href":"https:\/\/bodhi.name\/nb\/wp-json\/wp\/v2\/pages\/8543","targetHints":{"allow":["GET"]}}],"collection":[{"href":"https:\/\/bodhi.name\/nb\/wp-json\/wp\/v2\/pages"}],"about":[{"href":"https:\/\/bodhi.name\/nb\/wp-json\/wp\/v2\/types\/page"}],"author":[{"embeddable":true,"href":"https:\/\/bodhi.name\/nb\/wp-json\/wp\/v2\/users\/8235"}],"replies":[{"embeddable":true,"href":"https:\/\/bodhi.name\/nb\/wp-json\/wp\/v2\/comments?post=8543"}],"version-history":[{"count":1,"href":"https:\/\/bodhi.name\/nb\/wp-json\/wp\/v2\/pages\/8543\/revisions"}],"predecessor-version":[{"id":8544,"href":"https:\/\/bodhi.name\/nb\/wp-json\/wp\/v2\/pages\/8543\/revisions\/8544"}],"up":[{"embeddable":true,"href":"https:\/\/bodhi.name\/nb\/wp-json\/wp\/v2\/pages\/8272"}],"wp:attachment":[{"href":"https:\/\/bodhi.name\/nb\/wp-json\/wp\/v2\/media?parent=8543"}],"curies":[{"name":"wp","href":"https:\/\/api.w.org\/{rel}","templated":true}]}}