{"id":8539,"date":"2015-02-22T18:05:35","date_gmt":"2015-02-22T14:05:35","guid":{"rendered":"http:\/\/bodhi.name\/?page_id=8539"},"modified":"2015-02-22T18:05:35","modified_gmt":"2015-02-22T14:05:35","slug":"kapittel-16","status":"publish","type":"page","link":"https:\/\/bodhi.name\/nb\/maya-1-force-mineure\/kapittel-16\/","title":{"rendered":"Kapittel 16"},"content":{"rendered":"<p>\u2026Vinden er s\u00e5 sterk at der er vanskelig \u00e5 st\u00e5. Det er umulig \u00e5 g\u00e5 videre. Vi har verken tid eller krefter. Vi beveger seg p\u00e5 glatt is i l\u00f8pet av seks timer allered. Vi griper i is med sine sko. Jeg opplever b\u00e5de frykt og bekymring. Skal jeg holde ut? Vi er v\u00e5te fordi at enhver av oss m\u00e5 sikre bevegelse av partner. Og da legger vi oss p\u00e5 is og blir v\u00e5te. Det er forferdelig kladt her pga v\u00e5t kl\u00e6r og vind. Tre dager siden sju mennesker gikk ned forbi oss. Tre av dem hadde ikke ansikter. Jeg vet ikke hvordan skal de leve videre. Hvorfor har jeg ikke stanset og gikk ikke ned? Var jeg redd pga Oleg? Andrej g\u00e5r videre for \u00e5 finne noen hull \u00e5 gjemme seg i\u2026 Det virker at ogs\u00e5 han skal oppleve fortvilelse sn\u00e6rt. Det \u00e5 oppleve panikk i fjellene er det samme som \u00e5 d\u00f8. Vi m\u00e5 sette opp telt akkurat her. Vi skal d\u00f8 hvis vi ikke setter den f\u00f8r solnedgang. Oleg er s\u00e5 tr\u00f8tt at det virker at han forst\u00e5r ikke hva han gj\u00f8r. Det virker at er syk.Vi har bestemt \u00e5 sette opp telt rett i midten av en stor isbane som befinner seg under 30 graders vinkel til jord. Det \u00e5 falle her er det samme som \u00e5 d\u00f8. Jeg \u00f8nsker \u00e5 lukke \u00f8yne og slappe av. Men jeg samler seg og gj\u00f8r det samme som gutta gj\u00f8r. Vi griper i is med ishakker for \u00e5 sikre oss selv. S\u00e5 legger jeg sn\u00f8 over ishakke slik at sol skal ikke varme den om morgen. S\u00e5 bruker vi andre ishakker for \u00e5 henge v\u00e5re sekker. S\u00e5 begynner jeg \u00e5 hugge et trap i is. Jeg er s\u00e5 tr\u00f8tt og v\u00e5t. Jeg svetter som en hest. Hvordan klarer jeg \u00e5 bevege seg i det hele tatt? Frykter jeg d\u00f8d? Jeg utf\u00f8rer kun ordrer av Andrej. Oleg arbeider ogs\u00e5 stille. N\u00e5 kan vi endelig st\u00e5 rett og se all denne uendelighet omrking. Vinden er s\u00e5 sterk at jeg kan legge seg p\u00e5 den! Vinden kunne bl\u00e5se meg fra fjell. N\u00e5 skal vi utpakke telt fra sekker. Vi tar forsiktig hver del av telt og setter den opp.<\/p>\n<p>Hver gang jeg \u00f8nsker \u00e5 slutte \u00e5 arbeide, jeg husker at jeg er ikke hjemme og at jeg kan d\u00f8 om jeg stanser. Oleg pr\u00f8ver \u00e5 strekke ut telt for \u00e5 legge den over r\u00f8r. Men vinde er veldig sterk&#8230; Vi pr\u00f8ver \u00e5 sette den opp i l\u00f8pet av en time allerede. Sol har satt seg ned og det ble mye kaldere uten den. Vi bestemmer \u00e5 ikke sette telt fordi at den kan bl\u00e5se oss fra fjell. Vi legger telt p\u00e5 sn\u00f8 og bruker ishakker for \u00e5 holde den p\u00e5 is. S\u00e5 legger vi oss inn i den som i en stor pose. Jeg henger og pr\u00f8ver \u00e5 sove. Vi skal sikkert d\u00f8 pga mangel av vann. Vi skal ikke kunne overnatte her. F\u00e5r jeg ikke vann akkurat n\u00e5, s\u00e5 skal jeg hoppe ned i avgrunn. Nei, dette er bare en s\u00f8vn. Det finnes bare is omkring. Noen av gutter har g\u00e5tt ut og tok is for \u00e5 smelte den inne. Etter noen timer vi har klart \u00e5 f\u00e5 litt vann for \u00e5 drikke. Vi henger p\u00e5 sikkerhetstr\u00e5d&#8230;. Vi m\u00e5 holde ut til morgen. Etter to timer til hele telt blir fullt av sn\u00f8! Vi ligger under sn\u00f8. Etter noen timer til sn\u00f8 blir s\u00e5 tett at vi klarer ikke \u00e5 bevege seg. Jeg opplever b\u00e5de dr\u00f8mmer og virkelighet samtidig. Alt dette er s\u00e5 evig som alle fjellene omkring.<\/p>\n<p>En morgen&#8230; er dette den f\u00f8rste morgen eller allerede den andre? Er dette morgen i det hele tatt? Torden har ikke blitt svakere. Jeg forst\u00e5r ikke hvordan Oleg og Andrej har klart \u00e5 f\u00e5 seg ut fra telt. De har klart \u00e5 ta ut b\u00e5de ost og kj\u00f8tt. Jeg pr\u00f8ver \u00e5 suge mat sakte. Den er veldig kald. Er det dag eller kveld n\u00e5? N\u00e5 m\u00e5 vi overlede til neste morgen. Vi har en sjanse til \u00e5 overleve. Helvete&#8230;jeg f\u00f8ler smak av olje i munnen. De har s\u00f8let olje p\u00e5 mat da de hat pr\u00f8vd \u00e5 ta den ut. Jeg skal kaste opp n\u00e5! Det er n\u00f8dvendig \u00e5 f\u00e5 fyr for \u00e5 koke litt og f\u00e5 litt mer vann. Plutselig f\u00f8ler jeg smerte i hjerte pga ojleforgiftelse. Er dette allerede neste morgen? Ingenting endrer seg. La meg bare d\u00f8 her. Det er s\u00e5 bra der nede. Jeg har v\u00e6rt s\u00e5 lykkelig der! Det finnes s\u00e5 mye mat der nede og jeg kan ha sex der. Skal jeg aldri mer ha sex? Vi kan g\u00e5 ned. Vi skal g\u00e5 dit uten ansikter, uten hender og f\u00f8tter. Nei&#8230;alt dette er bare en dr\u00f8m. Hvor lenge har vi v\u00e6rt her? Tre dager??? Det finnes verken emosjoner eller tanker \u2013 lykksalighet sier meg at jeg skal d\u00f8 i dag. Jeg skal ikke oppleve lidelser mer.<\/p>\n<p>Morgen \u2026 det er mye sol og det finnes ingen vind. Vi v\u00e5kner opp og koker seg suppe. Jeg har ikke tisset i l\u00f8pet av tre dager. Jeg har ikke styrke for \u00e5 g\u00e5 til side. Jeg tisser akkurat her. Dette er s\u00e5 nydelig. Vi pakker sammen for \u00e5 g\u00e5 ned. Jeg \u00f8nsker \u00e5 spise virkelig mat&#8230; Oleg g\u00e5r ned f\u00f8rst. Plutselig jeg h\u00f8rer et rop&#8230;Oleg faller ned og forsvinner. Jeg forst\u00e5r ikke hvordan har dette skjedd. Vi kommer til et hull der Oleg har d\u00f8dd. Han har ikke brukt ishakke&#8230;dette er bare en enkel feil. Vi tar ut de ting som vi skal trenge og kaster resten til hullet. Jeg har verken ord eller tanker. Men vi m\u00e5 fortsette \u00e5 g\u00e5. Vi m\u00e5 ikke gj\u00f8re de samme feil. Hva er dette? Olegs dagbok? Jeg skal ta den med seg.<\/p>\n","protected":false},"excerpt":{"rendered":"<p>\u2026Vinden er s\u00e5 sterk at der er vanskelig \u00e5 st\u00e5. Det er umulig \u00e5 g\u00e5 videre. Vi har verken tid eller krefter. Vi beveger seg p\u00e5 glatt is i l\u00f8pet av seks timer allered. Vi griper i is med sine sko. Jeg opplever b\u00e5de frykt og bekymring. Skal jeg holde ut? Vi er v\u00e5te fordi [&hellip;]<\/p>\n","protected":false},"author":8235,"featured_media":0,"parent":8272,"menu_order":16,"comment_status":"open","ping_status":"closed","template":"","meta":{"_acf_changed":false,"footnotes":""},"class_list":["post-8539","page","type-page","status-publish","hentry"],"acf":[],"yoast_head":"<!-- This site is optimized with the Yoast SEO plugin v27.4 - https:\/\/yoast.com\/product\/yoast-seo-wordpress\/ -->\n<title>Kapittel 16 - Utvalg av tiltrekkende tilstander<\/title>\n<meta name=\"robots\" content=\"index, follow, max-snippet:-1, max-image-preview:large, max-video-preview:-1\" \/>\n<link rel=\"canonical\" href=\"https:\/\/bodhi.name\/nb\/maya-1-force-mineure\/kapittel-16\/\" \/>\n<meta property=\"og:locale\" content=\"nb_NO\" \/>\n<meta property=\"og:type\" content=\"article\" \/>\n<meta property=\"og:title\" content=\"Kapittel 16 - Utvalg av tiltrekkende tilstander\" \/>\n<meta property=\"og:description\" content=\"\u2026Vinden er s\u00e5 sterk at der er vanskelig \u00e5 st\u00e5. Det er umulig \u00e5 g\u00e5 videre. Vi har verken tid eller krefter. Vi beveger seg p\u00e5 glatt is i l\u00f8pet av seks timer allered. Vi griper i is med sine sko. Jeg opplever b\u00e5de frykt og bekymring. Skal jeg holde ut? Vi er v\u00e5te fordi [&hellip;]\" \/>\n<meta property=\"og:url\" content=\"https:\/\/bodhi.name\/nb\/maya-1-force-mineure\/kapittel-16\/\" \/>\n<meta property=\"og:site_name\" content=\"Utvalg av tiltrekkende tilstander\" \/>\n<meta name=\"twitter:card\" content=\"summary_large_image\" \/>\n<meta name=\"twitter:label1\" content=\"Ansl. lesetid\" \/>\n\t<meta name=\"twitter:data1\" content=\"5 minutter\" \/>\n<script type=\"application\/ld+json\" class=\"yoast-schema-graph\">{\"@context\":\"https:\\\/\\\/schema.org\",\"@graph\":[{\"@type\":\"WebPage\",\"@id\":\"https:\\\/\\\/bodhi.name\\\/nb\\\/maya-1-force-mineure\\\/kapittel-16\\\/\",\"url\":\"https:\\\/\\\/bodhi.name\\\/nb\\\/maya-1-force-mineure\\\/kapittel-16\\\/\",\"name\":\"Kapittel 16 - Utvalg av tiltrekkende tilstander\",\"isPartOf\":{\"@id\":\"https:\\\/\\\/bodhi.name\\\/ru\\\/#website\"},\"datePublished\":\"2015-02-22T14:05:35+00:00\",\"breadcrumb\":{\"@id\":\"https:\\\/\\\/bodhi.name\\\/nb\\\/maya-1-force-mineure\\\/kapittel-16\\\/#breadcrumb\"},\"inLanguage\":\"nb-NO\",\"potentialAction\":[{\"@type\":\"ReadAction\",\"target\":[\"https:\\\/\\\/bodhi.name\\\/nb\\\/maya-1-force-mineure\\\/kapittel-16\\\/\"]}]},{\"@type\":\"BreadcrumbList\",\"@id\":\"https:\\\/\\\/bodhi.name\\\/nb\\\/maya-1-force-mineure\\\/kapittel-16\\\/#breadcrumb\",\"itemListElement\":[{\"@type\":\"ListItem\",\"position\":1,\"name\":\"\u0413\u043b\u0430\u0432\u043d\u0430\u044f \u0441\u0442\u0440\u0430\u043d\u0438\u0446\u0430\",\"item\":\"https:\\\/\\\/bodhi.name\\\/nb\\\/\"},{\"@type\":\"ListItem\",\"position\":2,\"name\":\"Maya-1: Force mineure\",\"item\":\"https:\\\/\\\/bodhi.name\\\/nb\\\/maya-1-force-mineure\\\/\"},{\"@type\":\"ListItem\",\"position\":3,\"name\":\"Kapittel 16\"}]},{\"@type\":\"WebSite\",\"@id\":\"https:\\\/\\\/bodhi.name\\\/ru\\\/#website\",\"url\":\"https:\\\/\\\/bodhi.name\\\/ru\\\/\",\"name\":\"Utvalg av tiltrekkende tilstander\",\"description\":\" Eksperimentell psykologi\",\"potentialAction\":[{\"@type\":\"SearchAction\",\"target\":{\"@type\":\"EntryPoint\",\"urlTemplate\":\"https:\\\/\\\/bodhi.name\\\/ru\\\/?s={search_term_string}\"},\"query-input\":{\"@type\":\"PropertyValueSpecification\",\"valueRequired\":true,\"valueName\":\"search_term_string\"}}],\"inLanguage\":\"nb-NO\"}]}<\/script>\n<!-- \/ Yoast SEO plugin. -->","yoast_head_json":{"title":"Kapittel 16 - Utvalg av tiltrekkende tilstander","robots":{"index":"index","follow":"follow","max-snippet":"max-snippet:-1","max-image-preview":"max-image-preview:large","max-video-preview":"max-video-preview:-1"},"canonical":"https:\/\/bodhi.name\/nb\/maya-1-force-mineure\/kapittel-16\/","og_locale":"nb_NO","og_type":"article","og_title":"Kapittel 16 - Utvalg av tiltrekkende tilstander","og_description":"\u2026Vinden er s\u00e5 sterk at der er vanskelig \u00e5 st\u00e5. Det er umulig \u00e5 g\u00e5 videre. Vi har verken tid eller krefter. Vi beveger seg p\u00e5 glatt is i l\u00f8pet av seks timer allered. Vi griper i is med sine sko. Jeg opplever b\u00e5de frykt og bekymring. Skal jeg holde ut? Vi er v\u00e5te fordi [&hellip;]","og_url":"https:\/\/bodhi.name\/nb\/maya-1-force-mineure\/kapittel-16\/","og_site_name":"Utvalg av tiltrekkende tilstander","twitter_card":"summary_large_image","twitter_misc":{"Ansl. lesetid":"5 minutter"},"schema":{"@context":"https:\/\/schema.org","@graph":[{"@type":"WebPage","@id":"https:\/\/bodhi.name\/nb\/maya-1-force-mineure\/kapittel-16\/","url":"https:\/\/bodhi.name\/nb\/maya-1-force-mineure\/kapittel-16\/","name":"Kapittel 16 - Utvalg av tiltrekkende tilstander","isPartOf":{"@id":"https:\/\/bodhi.name\/ru\/#website"},"datePublished":"2015-02-22T14:05:35+00:00","breadcrumb":{"@id":"https:\/\/bodhi.name\/nb\/maya-1-force-mineure\/kapittel-16\/#breadcrumb"},"inLanguage":"nb-NO","potentialAction":[{"@type":"ReadAction","target":["https:\/\/bodhi.name\/nb\/maya-1-force-mineure\/kapittel-16\/"]}]},{"@type":"BreadcrumbList","@id":"https:\/\/bodhi.name\/nb\/maya-1-force-mineure\/kapittel-16\/#breadcrumb","itemListElement":[{"@type":"ListItem","position":1,"name":"\u0413\u043b\u0430\u0432\u043d\u0430\u044f \u0441\u0442\u0440\u0430\u043d\u0438\u0446\u0430","item":"https:\/\/bodhi.name\/nb\/"},{"@type":"ListItem","position":2,"name":"Maya-1: Force mineure","item":"https:\/\/bodhi.name\/nb\/maya-1-force-mineure\/"},{"@type":"ListItem","position":3,"name":"Kapittel 16"}]},{"@type":"WebSite","@id":"https:\/\/bodhi.name\/ru\/#website","url":"https:\/\/bodhi.name\/ru\/","name":"Utvalg av tiltrekkende tilstander","description":" Eksperimentell psykologi","potentialAction":[{"@type":"SearchAction","target":{"@type":"EntryPoint","urlTemplate":"https:\/\/bodhi.name\/ru\/?s={search_term_string}"},"query-input":{"@type":"PropertyValueSpecification","valueRequired":true,"valueName":"search_term_string"}}],"inLanguage":"nb-NO"}]}},"_links":{"self":[{"href":"https:\/\/bodhi.name\/nb\/wp-json\/wp\/v2\/pages\/8539","targetHints":{"allow":["GET"]}}],"collection":[{"href":"https:\/\/bodhi.name\/nb\/wp-json\/wp\/v2\/pages"}],"about":[{"href":"https:\/\/bodhi.name\/nb\/wp-json\/wp\/v2\/types\/page"}],"author":[{"embeddable":true,"href":"https:\/\/bodhi.name\/nb\/wp-json\/wp\/v2\/users\/8235"}],"replies":[{"embeddable":true,"href":"https:\/\/bodhi.name\/nb\/wp-json\/wp\/v2\/comments?post=8539"}],"version-history":[{"count":1,"href":"https:\/\/bodhi.name\/nb\/wp-json\/wp\/v2\/pages\/8539\/revisions"}],"predecessor-version":[{"id":8540,"href":"https:\/\/bodhi.name\/nb\/wp-json\/wp\/v2\/pages\/8539\/revisions\/8540"}],"up":[{"embeddable":true,"href":"https:\/\/bodhi.name\/nb\/wp-json\/wp\/v2\/pages\/8272"}],"wp:attachment":[{"href":"https:\/\/bodhi.name\/nb\/wp-json\/wp\/v2\/media?parent=8539"}],"curies":[{"name":"wp","href":"https:\/\/api.w.org\/{rel}","templated":true}]}}