{"id":8535,"date":"2015-02-22T18:03:11","date_gmt":"2015-02-22T14:03:11","guid":{"rendered":"http:\/\/bodhi.name\/?page_id=8535"},"modified":"2015-02-22T18:03:11","modified_gmt":"2015-02-22T14:03:11","slug":"chernovik","status":"publish","type":"page","link":"https:\/\/bodhi.name\/nb\/maya-1-force-mineure\/chernovik\/","title":{"rendered":"Kapittel 14"},"content":{"rendered":"<p>Det er bra at jeg m\u00e5 ikke haste noen sted i dag. Jeg \u00f8nsker bare \u00e5 sitte under et tre og skrive noe i sin notisbok. Jeg skal skirve alt vi har snakket med Danny. Jeg skal sitte under sol og f\u00f8le varme. Jeg skal skrive alle sine tanke om den mystiske praksis av den direkte veien. Hvorfor har jeg ikke funnet noen b\u00f8ker om denne praksis? Kanskje dette er en hemmelig praksis? Jeg likte \u00e5 f\u00f8le at jeg er en del av mysterium som er knyttet til den \u00e5ndelige praksis. Jeg likte \u00e5 tenke om det at denne praksis er veldig hemmelig. Jeg har sittet under et tre og tenkte om hemmelige ritualer.<\/p>\n<p>Helvete! Jeg kan sitte slik i l\u00f8pet av hele mitt liv! Jeg har hver dag lest b\u00f8ker i barndom. Jeg kunne dermed glemme om alle problemer og hverdaglighet omrking. Jeg var n\u00f8dt \u00e5 f\u00f8lgre etter ordre av mine foreldre resten av tid. Jeg f\u00f8ler all den tyngde fra barndom. Jeg husker at moren har alltid skrikt p\u00e5 meg da jeg har spilt sammen med gutte ved siden av en elv. Hva gj\u00f8r <em>du<\/em> sammen med <em>disse<\/em> gutter? Men dr\u00f8mmer har ikke endret mitt liv til yoga. Gr\u00e5 hverdagsliv var erstattet med kjedelig ferie.<\/p>\n<p>Dette er m\u00f8rke som har dekket meg mesteparten av skoletid. Dette er negative emosjoner. Kunne jeg fjerne DETTE? Jeg opplever dette ikke n\u00e5. Men lever jeg et fullt liv? Nei, jeg har ikke et fullt liv n\u00e5. M\u00f8rke har blitt erstattet med gr\u00e5het. Sommer forlyser denne gr\u00e5het mens vinter for\u00e5rsaker mer bekymringer. Hvor lenge skal jeg holde ut? Mennesker lever jo p\u00e5 denne m\u00e5te. Men jeg \u00f8nsker \u00e5 endre seg. Hva skal jeg gj\u00f8re? Jeg opplevr ingen negative emosjoner akkurat n\u00e5. Betyr dette at jeg har ingenting \u00e5 fjerne? Ok, da skal jeg bare skrive slik \u201ddet finnes ingen negative emosjoner\u201d. Jeg merker i hvert fall ingen negative emosjoner.<\/p>\n<p>Men jeg har opplevd glede etter \u00e5 ha bestemt \u00e5 skrive ned alle tanker knyttet til s\u00f8k av klarhet. Jeg har opplevd et sterk \u00f8nske til \u00e5 l\u00f8pe omkring og gj\u00f8re noe fort&#8230; Slik har jeg begynt \u00e5 skrive en notisbok av sin praksis.<\/p>\n<p>Jeg har ikke \u00f8nsket \u00e5 sitte mer. Jeg har bestemt \u00e5 se p\u00e5 Rerihs museum. En gammel dame har m\u00f8tt meg ved inngang. Hun s\u00e5 p\u00e5 meg og jeg f\u00f8lte b\u00e5de ubehagelighet og nysjerrighet. Hun pekte p\u00e5 en trapp som f\u00f8rte til andre etasje. Jeg likte henne fordi at hun s\u00e5 ikke ut som en gammel dame. Det virket at hun s\u00e5 ut p\u00e5 denne m\u00e5te hele sitt liv. Jeg har \u00f8nsket \u00e5 snakke med henne. Men hun har alllerede g\u00e5tt inn og lukte d\u00f8ren etter seg. Jeg har kommet til denne d\u00f8r pga nysjerrighet. Jeg f\u00f8lte hennes lukt. Dette var en lukt av et tre som blir v\u00e5t og gr\u00e5 pga sesong vind og varm pga sol.<\/p>\n<p>Jeg har banket p\u00e5 d\u00f8r, men ingen svarte meg. Jeg har banket en gang til. Fikk ingen svar heller.<\/p>\n<p>&#8211; \u00d8nsker de noe?<\/p>\n<p>Jeg var overrasket til \u00e5 se en gammel man foran seg. Det var klart at han lever her. Han smilte til meg og jeg tenkte at vi kan ha en liten samtale.<\/p>\n<p>&#8211; Det gikk en kvinne inn her. Jeg \u00f8nsker \u00e5 snakke med henne. Kan du kalle henne?<\/p>\n<p>&#8211; Nei, jeg tror ikke det.<\/p>\n<p>&#8211; Hvorfor?<\/p>\n<p>&#8211; Hun er opptatt n\u00e5.<\/p>\n<p>&#8211; Passer hun p\u00e5 huset her?<\/p>\n<p>Han lo.<\/p>\n<p>&#8211; Ja, du kan si dette&#8230; Det er forbudt \u00e5 g\u00e5 inn i huset akkurat n\u00e5. S\u00e5 du kan g\u00e5 opp for \u00e5 se inn gjennom vinduer eller se p\u00e5 bildene der, &#8212; han pekte p\u00e5 den venstre side av huset. Jeg har forst\u00e5tt at han \u00f8nsker ikke \u00e5 snakke med meg.<\/p>\n<p>Jeg har g\u00e5tt opp p\u00e5 andre etasje og s\u00e5 noen turister der. De s\u00e5 inn gjennom vinduer. Jeg har ogs\u00e5 kommet for \u00e5 se en halv m\u00f8rk rom. Det stod ogs\u00e5 en stol, et bord og noen b\u00f8ker der. Hvorfor ser jeg dit? Jeg s\u00e5 noen guder laget av stein nede i en hage. En gammel man som jeg har snakket med ryddet omrking disse guder. Det stod ogs\u00e5 noen stearinlys rundt disse guder.<\/p>\n<p>Jeg har \u00f8nsket \u00e5 komme n\u00e6rmere for \u00e5 se p\u00e5 dem. En gammel man f\u00f8lte meg og snudde seg. Han s\u00e5 p\u00e5 meg og tenkte sikkert p\u00e5 om det er verdt \u00e5 snakke med meg eller ikke. Det var rart \u00e5 se p\u00e5 ham. Det virket at jeg skal kunne forst\u00e5 noe underlig om jeg skal se i hans \u00f8yne lenge nok.<\/p>\n<p>&#8211; Skal ikke du ta bilder?<\/p>\n<p>&#8211; Nei, jeg har bare \u00f8nsket \u00e5 komme n\u00e6rmere dette stedet.<\/p>\n<p>&#8211; Hvorfor har ikke du sett p\u00e5 et rom der oppe?<\/p>\n<p>&#8211; Det er ikke noe interessant i dem?<\/p>\n<p>Han lo av meg.<\/p>\n<p>&#8211; Jeg vet det:), men det kommer mange mennesker hit hver dag. De ser p\u00e5 rommet gjennom vinduet. Noen kommer hit flere ganger. Jeg vet ikke hvorfor synes de at det er interessant \u00e5 se p\u00e5 et m\u00f8rkt rom.<\/p>\n<p>Han snakker bra engelsk og det virker at han \u00f8nsket \u00e5 snakke med meg. Han var sikkert forbauset av min atferd. Jeg har opplevd en f\u00f8lelse av selvbetydeligher med en gang. Dette er en veldig dum og forgiftende f\u00f8lelse. Hvorfor er jeg s\u00e5 interissert i ham?<\/p>\n<p>&#8211; Jeg har ogs\u00e5 sett gjennom vinduet og forstod at dette er s\u00e5 dumt.<\/p>\n<p>&#8211; Liker du disse figurer? \u2013 han pekte p\u00e5 guder av stein.<\/p>\n<p>&#8211; Jeg vet egentligikke. Men jeg liker noe her. Jeg kan enn\u00e5 ikke forklare dette med ord.<\/p>\n<p>&#8211; Det finnes <em>tilstedev\u00e6relse<\/em> her, &#8212; jeg forstod ikke hva han mente.<\/p>\n<p>&#8211; Tilstedev\u00e6relse?<\/p>\n<p>&#8211; De er i live, &#8211; han sa dette med en stemme som har for\u00e5rsakt beundring hos meg.<\/p>\n<p>&#8211; Hvem er i live?<\/p>\n<p>Han pekte p\u00e5 guder laget av stein. Jeg var sikker i det at han pr\u00f8ver \u00e5 peke p\u00e5 dem slik at ingen skal se dette. Det virket at han har ikke \u00f8nsket \u00e5 vekke utilfredshet hos guder.<\/p>\n<p>Jeg visste ikke hvordan jeg skulle reagere p\u00e5 dette. Han liknte ikke p\u00e5 en syk person. Men jeg kunne sikkert ikke forestille seg at disse guder var i live.<\/p>\n<p>&#8211; Jeg h\u00f8rte at de snakker, &#8211; han s\u00e5 p\u00e5 meg.<\/p>\n<p>&#8211; Hva har de snakket om?<\/p>\n<p>&#8211; Du tror meg ikke, gj\u00f8r du? \u2013 han smilte.<\/p>\n<p>&#8211; Nei, dette er utrolig. Jeg er ikke religi\u00f8s og jeg har ingen bevis p\u00e5 det du sier meg.<\/p>\n<p>Han s\u00e5 medlidende p\u00e5 meg.<\/p>\n<p>&#8211; Det er ikke nok \u00e5 h\u00f8re eller \u00e5 se.<\/p>\n<p>&#8211; Og hva trengs det?<\/p>\n<p>&#8211; Man m\u00e5 \u00e5pne sin hjerte og tro. Man m\u00e5 elske dem mer enn sine slektninger eller venner (<em>mener han dette?).<\/em><\/p>\n<p>&#8211; Har du virkelig sett at de snakker med hverandre? Eller tror du bare p\u00e5 dette?<\/p>\n<p>&#8211; Jeg har sett dette. Men mine ord er ubetydelige for deg. Jeg har ingen bevis for dette. Kunne du oppleve den kj\u00e6rlighet jeg f\u00f8ler for dem, s\u00e5 skulle du ikke tvile i det jeg sier. Du ser noen steinmonumenter foran seg mens jeg ser en lenevende \u00e5nd. Du er vant til \u00e5 tro at alt som beveger seg og snakker er levende. Men jeg l\u00e6rer seg \u00e5 se noe levende i alle ting. Det spiller ingen rolle om dette er et menneske eller en stein. Hvordan kan vi formisnke Gudens fremvisninger? Hadde han nok visdom for \u00e5 skape denne verden, s\u00e5 klarer han sikkert \u00e5 fremvise seg i hvilken som helst form.<\/p>\n<p>&#8211; Jeg har lest om dette i en bok om Ramakrisjna.<\/p>\n<p>&#8211; Ja, &#8211; hans \u00f8yne har uttrykket interesse, &#8211; Ramakrisjna var det mest elskede barnet hos mor Kali. Hun har kommet til ham hver gang han har \u00f8nsket dette. Han har sett henne i alle ting omkring fordi at han har elsket henne. Han har sl\u00e5tt sit eget ansikt pga fortvilelse da hun har ikke v\u00e6rt sammen med ham. Hun har kommet til ham som en mor som \u00f8nsker \u00e5 leke med barnet sitt. Tror du ikke p\u00e5 dette?<\/p>\n<p>&#8211; Jeg vet ikke&#8230; Da jeg har lest en bok om Ramakrisjan og Kali, s\u00e5 har jeg gr\u00e5tet av alle den \u00e6rlighet i boken. Men&#8230; en stein forblir en stein for meg.<\/p>\n<p>&#8211; Det betyr at enten guder har ikke enn\u00e5 bestemt \u00e5 fremvise seg for deg, eller at din kj\u00e6rlighet er enn\u00e5 for svak.<\/p>\n<p>&#8211; Men et hel liv kan komme forbi!!!<\/p>\n<p>&#8211; Snakk litt stillere:) Synes du at forventning er ubetydelige? N\u00e5r du venter p\u00e5 guder, s\u00e5 ber du med sin hjerte. Jeg tenker om Henne uavhengig av det hva jeg gj\u00f8r. Jeg tenker om Kali. En forelsket jente glemmer aldri om sin kj\u00e6reste.<\/p>\n<p>&#8211; Men hvorda kan du elske noen du har aldri sett? Betyr dette at du elsker et synsbilde?<\/p>\n<p>&#8211; Nei. F\u00f8rst tror du p\u00e5 det at guder eksisterer. Jeg vet ikke hvor kommer de fra og hvor forsvinner de. Men jeg tror p\u00e5 det at de bringer kj\u00e6rligher, viten og skj\u00f8nnhet. De bringer de mest verdifulle ting jeg kan forestille seg. Er troen din sterk nok, s\u00e5 skal du en gang v\u00e5kne og se en gud du har alltid trodd p\u00e5.<\/p>\n<p>&#8211; Har dette skjedd med deg?<\/p>\n<p>Stillhet.<\/p>\n<p>&#8211; Har dette skjedd med deg? Hvorfor \u00f8nsker du ikke \u00e5 snakke om dette?<\/p>\n<p>&#8211; Skal du invitere en tredje person n\u00e5r du har samleie med sin kj\u00e6reste?<\/p>\n<p>(Dette er en interessant ide\u2026:)<\/p>\n<p>&#8211; Og hva med Ramakrisjna? Han har jo fortalt om sine m\u00f8ter med Kali.<\/p>\n<p>&#8211; Ramakrisjan kunne la seg gj\u00f8re dette fordi at han ble til en gud selv. Jeg kan derimot ikke fortelle om sin forhold med gud. Du b\u00f8r ikke tro p\u00e5 de mennesker som sier at de vet mye og gud. Det er mange av disse mennesker i India.<\/p>\n<p>&#8211; Hvordan vet jeg hvem lyver meg?<\/p>\n<p>&#8211; Hvis du kan ikke atskille l\u00f8gn fra sannhet, s\u00e5 betyr dette at du lyver til seg selv. Jeg vet ikke hvordan skal <em>du<\/em> kunne gj\u00f8re dette. Dette er ikke vanskelig for meg. Hvis jeg ser p\u00e5 et menneske og min kj\u00e6rlighet til gud forsterker seg, s\u00e5 tror jeg at dette menneske skal ikke si noen ubetydelige ord.<\/p>\n<p>&#8211; Og hva f\u00f8lte du i forhold til meg?<\/p>\n<p>&#8211; Jeg var ikke sikker i forhold til deg. Jeg likte deg men jeg tenkte ogs\u00e5 at du har kommet hit for \u00e5 f\u00e5 noen opplevelser.<\/p>\n<p>&#8211; Vel&#8230; du har delvis rett. Jeg hadde en dr\u00f8m om Sjambala. Og jeg har husket at Rerih har skrevet mange om dette mystisk land. Jeg har kommet til Naggar. Og jeg har \u00f8nsket \u00e5 snakke med den gamle dama da jeg s\u00e5 henne fordi at jeg f\u00f8lte interesse til henne. Tror du p\u00e5 Sjambala?<\/p>\n<p>&#8211; Du snakker om guder og Sjambal som om noen ekskursjoner. Jeg tror selvsagt p\u00e5 det at dette landet eksisterer. Men dets eksistens avviker seg fra almindelig eksistens.<\/p>\n<p>&#8211; Hva mener du?<\/p>\n<p>&#8211; Dette landet eksisterer ikke for vanlige mennesker. De kan ikke g\u00e5 dit med sine f\u00f8tter eller oppdage det med noen utstyr. Dette landet befinner seg i en annen verden. Og den usynlige verden eksisterer i den vanlige verden som du kan oppfatte med sine hender.<\/p>\n<p>&#8211; Jeg har lest at det finned en inngang i den usynlige verden.<\/p>\n<p>Han lo igjen og tok noen blomstrer for \u00e5 dekorere guder.<\/p>\n<p>&#8211; Du forestiller seg sikkert en d\u00f8r som f\u00f8rer til Sjambala, ikke sant?<\/p>\n<p>&#8211; Jeg har forestillt seg noe lignende:)<\/p>\n<p>&#8211; En inngang til Sjambala befinner seg her, &#8212; han pekte p\u00e5 min mage.<\/p>\n<p>Jeg har ikke forventet ham \u00e5 peke p\u00e5 mage!:) Han kunne peke p\u00e5 bryst, hode eller hjerte, men ikke mage..<\/p>\n<p>&#8211; Forteller du om noe du har lest om eller forteller du om sin egen erfaring?<\/p>\n<p>&#8211; Jeg har enn\u00e5 ikke f\u00e5tt sin egen erfaring&#8230; men jeg tror p\u00e5 sin l\u00e6rer. Han sa at jeg skal f\u00f8le noen spesielle oppfattninger i mage hvis jeg skal praktisere godt nok. Da skal jeg forst\u00e5 at chakra \u00e5pner seg og jeg skal kunne havne til Sjambala.<\/p>\n<p>&#8211; Tror du at dette skal skje en dag?<\/p>\n<p>&#8211; Jeg kan selvsagt ikke v\u00e6re sikker i dette fordi at dette avhenger av min kj\u00e6rlighet. Men Jeg har nylig begynt \u00e5 oppleve en rar f\u00f8lelse i mage. Det virker som om noe pr\u00f8ver \u00e5 f\u00e5 seg ut fra meg. Denne f\u00f8lelse er behagelig. Jeg vet at dette er ikke en sykdom fordi at disse f\u00f8lelser forsterke min kj\u00e6rlighet til guder.<\/p>\n<p>&#8211; Betyr dette er det finnes ingen inngang til Sjambala her i Kulu?<\/p>\n<p>&#8211; Nei.<\/p>\n<p>&#8211; Betyr dette at Rerih har lyvet?<\/p>\n<p>&#8211; Nei, jeg tror at han var en dr\u00f8mmer. Kanskje han mente at han har funnet Sjambala for seg her i Kulu? Kanskje han har \u00f8nsket \u00e5 f\u00e5 mennekser til \u00e5 strebe etter guder. Kanskje han har \u00f8nsket \u00e5 vekke mennesker fra s\u00f8vn? Han likner ikke p\u00e5 et menneske som trenger oppmerksomhet eller penger. Han har liknet p\u00e5 en \u00e6rlig s\u00f8ker.<\/p>\n<p>Noen turister har begynt \u00e5 ta bilder av oss. De s\u00e5 p\u00e5 oss som om vi var en del av ekskursjon. En gammel hindu har \u00f8yeblikkelig blitt til et vanlig halv-dum hindu.<\/p>\n<p>&#8211; Du kan bes\u00f8ke fjellene her i omr\u00e5de. Jeg anbefaler dem \u00e5 bes\u00f8ke Tsjandrakhani i morgen. Min s\u00f8nn kan v\u00e6re deres guide. Han skla ikke ta mye penger fra dem.<\/p>\n<p>Jeg var s\u00e5 overrakset av disse ord. Jeg har snakket med ham p\u00e5 den samme m\u00e5te.<\/p>\n<p>&#8211; Ok, da&#8230;jeg har \u00f8nsket \u00e5 bes\u00f8ke fjellene&#8230;men kanskje ikke i morgen.<\/p>\n<p>Den gamle mannen har avbrytet meg.<\/p>\n<p>&#8211; Jeg<em> anbefaler<\/em> dem \u00e5 bes\u00f8ke fjellene <em>i morgen<\/em>.<\/p>\n<p>Hans ansikt har utttrykket noe som har f\u00e5tt meg til \u00e5 bli seri\u00f8s.<\/p>\n<p>&#8211; Greit. Jeg skal g\u00e5 dit i morgen.<\/p>\n<p>&#8211; Radz skal vente p\u00e5 dem p\u00e5 hotellet. Hvilken hotel lever de i?<\/p>\n<p>&#8211; Naggar Castle.<\/p>\n<p>&#8211; Oh, dette er et dyr hotell.<\/p>\n<p>&#8211; Hvordan kan jeg se dem igjen? Lever du i dette huset?<\/p>\n<p>&#8211; Guder bestemmer alt, &#8212; han har fortsettet \u00e5 pusse guder og dekorere dem med blomster.<\/p>\n","protected":false},"excerpt":{"rendered":"<p>Det er bra at jeg m\u00e5 ikke haste noen sted i dag. Jeg \u00f8nsker bare \u00e5 sitte under et tre og skrive noe i sin notisbok. Jeg skal skirve alt vi har snakket med Danny. Jeg skal sitte under sol og f\u00f8le varme. Jeg skal skrive alle sine tanke om den mystiske praksis av den [&hellip;]<\/p>\n","protected":false},"author":8235,"featured_media":0,"parent":8272,"menu_order":14,"comment_status":"open","ping_status":"closed","template":"","meta":{"_acf_changed":false,"footnotes":""},"class_list":["post-8535","page","type-page","status-publish","hentry"],"acf":[],"yoast_head":"<!-- This site is optimized with the Yoast SEO plugin v27.4 - https:\/\/yoast.com\/product\/yoast-seo-wordpress\/ -->\n<title>Kapittel 14 - Utvalg av tiltrekkende tilstander<\/title>\n<meta name=\"robots\" content=\"index, follow, max-snippet:-1, max-image-preview:large, max-video-preview:-1\" \/>\n<link rel=\"canonical\" href=\"https:\/\/bodhi.name\/nb\/maya-1-force-mineure\/chernovik\/\" \/>\n<meta property=\"og:locale\" content=\"nb_NO\" \/>\n<meta property=\"og:type\" content=\"article\" \/>\n<meta property=\"og:title\" content=\"Kapittel 14 - Utvalg av tiltrekkende tilstander\" \/>\n<meta property=\"og:description\" content=\"Det er bra at jeg m\u00e5 ikke haste noen sted i dag. Jeg \u00f8nsker bare \u00e5 sitte under et tre og skrive noe i sin notisbok. Jeg skal skirve alt vi har snakket med Danny. Jeg skal sitte under sol og f\u00f8le varme. Jeg skal skrive alle sine tanke om den mystiske praksis av den [&hellip;]\" \/>\n<meta property=\"og:url\" content=\"https:\/\/bodhi.name\/nb\/maya-1-force-mineure\/chernovik\/\" \/>\n<meta property=\"og:site_name\" content=\"Utvalg av tiltrekkende tilstander\" \/>\n<meta name=\"twitter:card\" content=\"summary_large_image\" \/>\n<meta name=\"twitter:label1\" content=\"Ansl. lesetid\" \/>\n\t<meta name=\"twitter:data1\" content=\"12 minutter\" \/>\n<script type=\"application\/ld+json\" class=\"yoast-schema-graph\">{\"@context\":\"https:\\\/\\\/schema.org\",\"@graph\":[{\"@type\":\"WebPage\",\"@id\":\"https:\\\/\\\/bodhi.name\\\/nb\\\/maya-1-force-mineure\\\/chernovik\\\/\",\"url\":\"https:\\\/\\\/bodhi.name\\\/nb\\\/maya-1-force-mineure\\\/chernovik\\\/\",\"name\":\"Kapittel 14 - Utvalg av tiltrekkende tilstander\",\"isPartOf\":{\"@id\":\"https:\\\/\\\/bodhi.name\\\/ru\\\/#website\"},\"datePublished\":\"2015-02-22T14:03:11+00:00\",\"breadcrumb\":{\"@id\":\"https:\\\/\\\/bodhi.name\\\/nb\\\/maya-1-force-mineure\\\/chernovik\\\/#breadcrumb\"},\"inLanguage\":\"nb-NO\",\"potentialAction\":[{\"@type\":\"ReadAction\",\"target\":[\"https:\\\/\\\/bodhi.name\\\/nb\\\/maya-1-force-mineure\\\/chernovik\\\/\"]}]},{\"@type\":\"BreadcrumbList\",\"@id\":\"https:\\\/\\\/bodhi.name\\\/nb\\\/maya-1-force-mineure\\\/chernovik\\\/#breadcrumb\",\"itemListElement\":[{\"@type\":\"ListItem\",\"position\":1,\"name\":\"\u0413\u043b\u0430\u0432\u043d\u0430\u044f \u0441\u0442\u0440\u0430\u043d\u0438\u0446\u0430\",\"item\":\"https:\\\/\\\/bodhi.name\\\/nb\\\/\"},{\"@type\":\"ListItem\",\"position\":2,\"name\":\"Maya-1: Force mineure\",\"item\":\"https:\\\/\\\/bodhi.name\\\/nb\\\/maya-1-force-mineure\\\/\"},{\"@type\":\"ListItem\",\"position\":3,\"name\":\"Kapittel 14\"}]},{\"@type\":\"WebSite\",\"@id\":\"https:\\\/\\\/bodhi.name\\\/ru\\\/#website\",\"url\":\"https:\\\/\\\/bodhi.name\\\/ru\\\/\",\"name\":\"Utvalg av tiltrekkende tilstander\",\"description\":\" Eksperimentell psykologi\",\"potentialAction\":[{\"@type\":\"SearchAction\",\"target\":{\"@type\":\"EntryPoint\",\"urlTemplate\":\"https:\\\/\\\/bodhi.name\\\/ru\\\/?s={search_term_string}\"},\"query-input\":{\"@type\":\"PropertyValueSpecification\",\"valueRequired\":true,\"valueName\":\"search_term_string\"}}],\"inLanguage\":\"nb-NO\"}]}<\/script>\n<!-- \/ Yoast SEO plugin. -->","yoast_head_json":{"title":"Kapittel 14 - Utvalg av tiltrekkende tilstander","robots":{"index":"index","follow":"follow","max-snippet":"max-snippet:-1","max-image-preview":"max-image-preview:large","max-video-preview":"max-video-preview:-1"},"canonical":"https:\/\/bodhi.name\/nb\/maya-1-force-mineure\/chernovik\/","og_locale":"nb_NO","og_type":"article","og_title":"Kapittel 14 - Utvalg av tiltrekkende tilstander","og_description":"Det er bra at jeg m\u00e5 ikke haste noen sted i dag. Jeg \u00f8nsker bare \u00e5 sitte under et tre og skrive noe i sin notisbok. Jeg skal skirve alt vi har snakket med Danny. Jeg skal sitte under sol og f\u00f8le varme. Jeg skal skrive alle sine tanke om den mystiske praksis av den [&hellip;]","og_url":"https:\/\/bodhi.name\/nb\/maya-1-force-mineure\/chernovik\/","og_site_name":"Utvalg av tiltrekkende tilstander","twitter_card":"summary_large_image","twitter_misc":{"Ansl. lesetid":"12 minutter"},"schema":{"@context":"https:\/\/schema.org","@graph":[{"@type":"WebPage","@id":"https:\/\/bodhi.name\/nb\/maya-1-force-mineure\/chernovik\/","url":"https:\/\/bodhi.name\/nb\/maya-1-force-mineure\/chernovik\/","name":"Kapittel 14 - Utvalg av tiltrekkende tilstander","isPartOf":{"@id":"https:\/\/bodhi.name\/ru\/#website"},"datePublished":"2015-02-22T14:03:11+00:00","breadcrumb":{"@id":"https:\/\/bodhi.name\/nb\/maya-1-force-mineure\/chernovik\/#breadcrumb"},"inLanguage":"nb-NO","potentialAction":[{"@type":"ReadAction","target":["https:\/\/bodhi.name\/nb\/maya-1-force-mineure\/chernovik\/"]}]},{"@type":"BreadcrumbList","@id":"https:\/\/bodhi.name\/nb\/maya-1-force-mineure\/chernovik\/#breadcrumb","itemListElement":[{"@type":"ListItem","position":1,"name":"\u0413\u043b\u0430\u0432\u043d\u0430\u044f \u0441\u0442\u0440\u0430\u043d\u0438\u0446\u0430","item":"https:\/\/bodhi.name\/nb\/"},{"@type":"ListItem","position":2,"name":"Maya-1: Force mineure","item":"https:\/\/bodhi.name\/nb\/maya-1-force-mineure\/"},{"@type":"ListItem","position":3,"name":"Kapittel 14"}]},{"@type":"WebSite","@id":"https:\/\/bodhi.name\/ru\/#website","url":"https:\/\/bodhi.name\/ru\/","name":"Utvalg av tiltrekkende tilstander","description":" Eksperimentell psykologi","potentialAction":[{"@type":"SearchAction","target":{"@type":"EntryPoint","urlTemplate":"https:\/\/bodhi.name\/ru\/?s={search_term_string}"},"query-input":{"@type":"PropertyValueSpecification","valueRequired":true,"valueName":"search_term_string"}}],"inLanguage":"nb-NO"}]}},"_links":{"self":[{"href":"https:\/\/bodhi.name\/nb\/wp-json\/wp\/v2\/pages\/8535","targetHints":{"allow":["GET"]}}],"collection":[{"href":"https:\/\/bodhi.name\/nb\/wp-json\/wp\/v2\/pages"}],"about":[{"href":"https:\/\/bodhi.name\/nb\/wp-json\/wp\/v2\/types\/page"}],"author":[{"embeddable":true,"href":"https:\/\/bodhi.name\/nb\/wp-json\/wp\/v2\/users\/8235"}],"replies":[{"embeddable":true,"href":"https:\/\/bodhi.name\/nb\/wp-json\/wp\/v2\/comments?post=8535"}],"version-history":[{"count":1,"href":"https:\/\/bodhi.name\/nb\/wp-json\/wp\/v2\/pages\/8535\/revisions"}],"predecessor-version":[{"id":8536,"href":"https:\/\/bodhi.name\/nb\/wp-json\/wp\/v2\/pages\/8535\/revisions\/8536"}],"up":[{"embeddable":true,"href":"https:\/\/bodhi.name\/nb\/wp-json\/wp\/v2\/pages\/8272"}],"wp:attachment":[{"href":"https:\/\/bodhi.name\/nb\/wp-json\/wp\/v2\/media?parent=8535"}],"curies":[{"name":"wp","href":"https:\/\/api.w.org\/{rel}","templated":true}]}}