{"id":8533,"date":"2015-02-22T18:02:00","date_gmt":"2015-02-22T14:02:00","guid":{"rendered":"http:\/\/bodhi.name\/?page_id=8533"},"modified":"2015-02-22T18:02:00","modified_gmt":"2015-02-22T14:02:00","slug":"kapittel-13","status":"publish","type":"page","link":"https:\/\/bodhi.name\/nb\/maya-1-force-mineure\/kapittel-13\/","title":{"rendered":"Kapittel 13"},"content":{"rendered":"<p>Jeg skrek da jeg har h\u00e5ppet opp. Jeg har \u00e5pnet \u00f8ynere. Ubehagelig uvissthet har omringet meg noen stund til. Bussen har reist gjennom en dal til Kula. Jeg s\u00e5 en bl\u00e5 elv nede. Hadde bussen ikke skapt br\u00e5k, s\u00e5 skulle jeg h\u00f8re kun stillhet omkring.<\/p>\n<p>Det ble m\u00f8rkt. Jeg har sluttet \u00e5 merke tretthet pga for lang reise. Det virket at jeg skal sitte slik for evig. Min sete var justert ved hjelp av tre&#8230; Dette var en \u201dkomfortabel\u201d buss. Og hvordan ser \u201dLocal Bus\u201d ut? Jeg f\u00f8lte seg d\u00e5rlig pga kald vind.<\/p>\n<p>Jeg har v\u00e5knet opp igjen etter en kort s\u00f8vn.<\/p>\n<p>&#8211; Vi har kommet til Naggar!<\/p>\n<p>Jeg har kommet ut av buss og tok sekk. Jeg stod midt i veien som f\u00f8rte til m\u00f8rke. Bussen reiste bort og jeg ble alene under stjerner p\u00e5 himmel. En person kom ut av m\u00f8rke. Han visste sikkert hvor jeg trenger.<\/p>\n<p>&#8211; Skal de til Naggar?<\/p>\n<p>&#8211; Hva betyr \u201dNaggar\u201d?<\/p>\n<p>&#8211; Det er ti minutter herfra til Naggar \u2013 han pekte p\u00e5 en vei borte.<\/p>\n<p>&#8211; Hvor mye koster dette?<\/p>\n<p>&#8211; Bare en hundre rupies.<\/p>\n<p>En liten buss liknet hellet p\u00e5 en n\u00e5letre som folk dekker for ny \u00e5r. Den var dekket med lys og jeg h\u00f8rte noen musikk innefra.<\/p>\n<p>&#8211; Er du fra Russland?<\/p>\n<p>&#8211; Hvordan vet du det?<\/p>\n<p>&#8211; Det er mange russere her i Naggar.<\/p>\n<p>&#8211; Oh. Jeg trodde dette er skrevet p\u00e5 min ansikt.<\/p>\n<p>&#8211; Skrevet p\u00e5 din ansikt???<\/p>\n<p>&#8211; Det er et utbredt uttrykk i Russland.<\/p>\n<p>&#8211; Ok, jeg forst\u00e5r det\u2026<\/p>\n<p>&#8211; Synes du at det er mulig \u00e5 leie et rom der i dag. Det er jo kl. 9 om kveld.<\/p>\n<p>&#8211; Det er ikke noe problem her. Det er ikke mange turister der n\u00e5.<\/p>\n<p>Hvorfor m\u00e5tte jeg snakke med ham om dette? Jeg har sikkert blitt s\u00e5 dum pga en lang reise&#8230; Jeg har jo lest om dette i veiledning. Det finnes ingen grunn til \u00e5 bekymre seg pga mangel av rom. Bekymring dreper meg fullstendig. N\u00e5 skal han sp\u00f8rre meg s\u00e5 mange unyttige sp\u00f8rsm\u00e5l. Jeg \u00f8nsker ikke \u00e5 snakke med ham lenger. Men n\u00e5r jeg tenker at jeg skal bare slutte \u00e5 snakke med ham, s\u00e5 opplever jeg ubehagelighet. Jeg sitter i en m\u00f8rk bil og ser ikke en ansikt av denne f\u00f8rer. Hvorfor opplever jeg bekymring? Det spiller ingen rolle hvorfor vi snakker ikke med hverandre. Jeg \u00f8nsker \u00e5 fjerne bekymring. Jeg har husket Danny som har fortalt meg om Lobsang. Men en bil p\u00e5 vei til Naggar er ikke det beste sted for fjerning av bekymring. Og hvilket sted er det beste da? Jeg m\u00e5 sikkert pr\u00f8ve \u00e5 fjerne bekymring her&#8230; ikke undertrykke men fjerne den. Jeg m\u00e5 begynne \u00e5 oppleve noe godt isteden&#8230;\u00f8mhet, glede. Hvorda skal jeg gj\u00f8re dette? Hvordan kan jeg begynne \u00e5 oppleve \u00f8mhet?<\/p>\n<p>Jeg skal si ham \u201djeg liker ikke \u00e5 snakke om seg selv\u201d og han skal oppleve forn\u00e6rmelse. Men han skal oppf\u00f8re seg som om han er ikke forn\u00e6rmet. Og jeg skal bekymre seg igjen. Hvorfor forsterker bekymring seg n\u00e5r jeg tenker om dette? Hva kaller jeg for \u201dgrunnlag for bekymring\u201d? La oss si at f\u00f8rer skal bli mer aggressiv. La oss si at han skal kj\u00f8re et annet sted (<em>dette er ikke et sannsynlig antakelse her i India<\/em>). Hvis mine handlinger skal for\u00e5rsake noen problemer, s\u00e5 er dette bare et \u00e5rsak til \u00e5 tenke om selve mening med mine handlinger. Dette betyr ikke at jeg m\u00e5 bekymre seg. Bekymrer jeg seg over det at styrke av mine \u00f8nsker skal for\u00e5rsake u\u00f8nskede konsekvenser? Hva skal jeg bekymre seg over? Jeg m\u00e5 l\u00f8se et problem og ikke bekymre seg over den.<\/p>\n<p>Tanker utskifter hverandre. Og s\u00e5 plutselig skj\u00f8nner jeg at jeg har glemt om f\u00f8rer da jeg har tenkt om belymring. Og han har tiet etter \u00e5 ha forst\u00e5tt at jeg lyter ikke etter ham. Det betyr at jeg har noe \u00e5 jobbe med her. Jeg m\u00e5 ikke miste denne klarhet. En gang til \u2013 jeg har ikke v\u00e6rt oppmerksom p\u00e5 det hva en f\u00f8rer har sagt til meg. Jeg kunne oppleve bekymring. Jeg hadde grunnlag til det. Men jeg har ikke opplevd den fordi at jeg var opptatt med sine egne tanker. Det betyr at grunnlag for bekymring spiller ingen rolle. Grunnlag betyr ikke at jeg er n\u00f8dt til \u00e5 oppleve bekymring. Jeg \u00f8nsker \u00e5 sove &#8230; sammen med Danny. Jeg \u00f8nsker \u00e5 diskutere med ham om alle sine tanker. Jeg \u00f8nsker \u00e5 ta hans kukk i munnen.<\/p>\n<p>&#8211; Vi har ankommet!<\/p>\n<p>Helvete, kunne du snakke litt mer rolig?<\/p>\n<p>Vi har ankomt. Det er bra. Jeg tar ut sekken. Nei, ikke r\u00f8r den. Jeg skal ta den selv. Ta disse hundre rupier og dra til helvete. Jeg fortsetter \u00e5 tenke om sin klarhet. Jeg har ikke opplevd bekymring da jeg har tenkt om noe annet. Det betyr at&#8230;<\/p>\n<p>&#8211; God kveld. Trenger de et rom? \u2013 et sp\u00f8rsm\u00e5l fra en persom som stod ved siden av et dekorert hus. Ferier de nytt \u00e5r hver dag?<\/p>\n<p>&#8211; Ja, jeg trenger et rom. \u2013 Jeg tar sekken og g\u00e5r inne. \u2013 Hvor skal jeg g\u00e5?<\/p>\n<p>&#8211; Skal de v\u00e6re lenge i Naggar?<\/p>\n<p>&#8211; Jeg er s\u00e5 tr\u00f8tt. Jeg kan ikke svare p\u00e5 noen sp\u00f8rsm\u00e5l n\u00e5. Unnskyld&#8230;<\/p>\n<p>\u201dUnnskyld\u201d har oppst\u00e5tt fra ingensteds\u2026 Jeg har ikke planlagt \u00e5 si dette ordet. Jeg har f\u00f8lt seg enda mer \u201ddummere\u201d etter \u00e5 ha sagt \u201dunnskyld\u201d. Jeg m\u00e5 glemme om bussen s\u00e5 fort som mulig (<em>jeg h\u00e5per de har dusj her<\/em>).<\/p>\n<p>&#8211; Har dere varm vann i dusj?<\/p>\n<p>&#8211; Selvsagt. De sl\u00e5r p\u00e5 varmt vann og venter i l\u00f8pet av fem minutter for vann.<\/p>\n<p>Det er bra det&#8230; jeg skal g\u00e5 i dusj n\u00e5 og legge seg etterp\u00e5&#8230; Nei, jeg kan ikke gj\u00f8re dette. Jeg legger sekken p\u00e5 gulv og setter seg for \u00e5 tenke om klarhet. Alts\u00e5. Jeg kan anta at ved \u00e5 \u201dgjennomsnitte\u201d en negativ emosjon jeg kan slippe \u00e5 fjerne den i hele tatt. Det skal bety at jeg har fjernet denne emosjon. Men hvordan gj\u00f8r jeg dette? Jeg mediterer jo ikke. Jeg kan ikke tenke bare om en ting. Men jeg har klart \u00e5 gj\u00f8re dette i dag. Jeg skal ikke kunne gjenta dette. Hvordan skal jeg endre situasjonen?<\/p>\n<p>Etter \u00e5 ha sittet uten noen ideer et par minutter til, jeg har forst\u00e5tt at jeg skal ikke kunne komme p\u00e5 noe i dag. Jeg har legget seg. De siste tanker var \u201dhvordan gj\u00f8r jeg dette?\u201d.<\/p>\n","protected":false},"excerpt":{"rendered":"<p>Jeg skrek da jeg har h\u00e5ppet opp. Jeg har \u00e5pnet \u00f8ynere. Ubehagelig uvissthet har omringet meg noen stund til. Bussen har reist gjennom en dal til Kula. Jeg s\u00e5 en bl\u00e5 elv nede. Hadde bussen ikke skapt br\u00e5k, s\u00e5 skulle jeg h\u00f8re kun stillhet omkring. Det ble m\u00f8rkt. Jeg har sluttet \u00e5 merke tretthet pga [&hellip;]<\/p>\n","protected":false},"author":8235,"featured_media":0,"parent":8272,"menu_order":13,"comment_status":"open","ping_status":"closed","template":"","meta":{"_acf_changed":false,"footnotes":""},"class_list":["post-8533","page","type-page","status-publish","hentry"],"acf":[],"yoast_head":"<!-- This site is optimized with the Yoast SEO plugin v27.2 - https:\/\/yoast.com\/product\/yoast-seo-wordpress\/ -->\n<title>Kapittel 13 - Utvalg av tiltrekkende tilstander<\/title>\n<meta name=\"robots\" content=\"index, follow, max-snippet:-1, max-image-preview:large, max-video-preview:-1\" \/>\n<link rel=\"canonical\" href=\"https:\/\/bodhi.name\/nb\/maya-1-force-mineure\/kapittel-13\/\" \/>\n<meta property=\"og:locale\" content=\"nb_NO\" \/>\n<meta property=\"og:type\" content=\"article\" \/>\n<meta property=\"og:title\" content=\"Kapittel 13 - Utvalg av tiltrekkende tilstander\" \/>\n<meta property=\"og:description\" content=\"Jeg skrek da jeg har h\u00e5ppet opp. Jeg har \u00e5pnet \u00f8ynere. Ubehagelig uvissthet har omringet meg noen stund til. Bussen har reist gjennom en dal til Kula. Jeg s\u00e5 en bl\u00e5 elv nede. Hadde bussen ikke skapt br\u00e5k, s\u00e5 skulle jeg h\u00f8re kun stillhet omkring. Det ble m\u00f8rkt. Jeg har sluttet \u00e5 merke tretthet pga [&hellip;]\" \/>\n<meta property=\"og:url\" content=\"https:\/\/bodhi.name\/nb\/maya-1-force-mineure\/kapittel-13\/\" \/>\n<meta property=\"og:site_name\" content=\"Utvalg av tiltrekkende tilstander\" \/>\n<meta name=\"twitter:card\" content=\"summary_large_image\" \/>\n<meta name=\"twitter:label1\" content=\"Ansl. lesetid\" \/>\n\t<meta name=\"twitter:data1\" content=\"5 minutter\" \/>\n<script type=\"application\/ld+json\" class=\"yoast-schema-graph\">{\"@context\":\"https:\/\/schema.org\",\"@graph\":[{\"@type\":\"WebPage\",\"@id\":\"https:\/\/bodhi.name\/nb\/maya-1-force-mineure\/kapittel-13\/\",\"url\":\"https:\/\/bodhi.name\/nb\/maya-1-force-mineure\/kapittel-13\/\",\"name\":\"Kapittel 13 - Utvalg av tiltrekkende tilstander\",\"isPartOf\":{\"@id\":\"https:\/\/bodhi.name\/ru\/#website\"},\"datePublished\":\"2015-02-22T14:02:00+00:00\",\"breadcrumb\":{\"@id\":\"https:\/\/bodhi.name\/nb\/maya-1-force-mineure\/kapittel-13\/#breadcrumb\"},\"inLanguage\":\"nb-NO\",\"potentialAction\":[{\"@type\":\"ReadAction\",\"target\":[\"https:\/\/bodhi.name\/nb\/maya-1-force-mineure\/kapittel-13\/\"]}]},{\"@type\":\"BreadcrumbList\",\"@id\":\"https:\/\/bodhi.name\/nb\/maya-1-force-mineure\/kapittel-13\/#breadcrumb\",\"itemListElement\":[{\"@type\":\"ListItem\",\"position\":1,\"name\":\"\u0413\u043b\u0430\u0432\u043d\u0430\u044f \u0441\u0442\u0440\u0430\u043d\u0438\u0446\u0430\",\"item\":\"https:\/\/bodhi.name\/nb\/\"},{\"@type\":\"ListItem\",\"position\":2,\"name\":\"Maya-1: Force mineure\",\"item\":\"https:\/\/bodhi.name\/nb\/maya-1-force-mineure\/\"},{\"@type\":\"ListItem\",\"position\":3,\"name\":\"Kapittel 13\"}]},{\"@type\":\"WebSite\",\"@id\":\"https:\/\/bodhi.name\/ru\/#website\",\"url\":\"https:\/\/bodhi.name\/ru\/\",\"name\":\"Utvalg av tiltrekkende tilstander\",\"description\":\" Eksperimentell psykologi\",\"potentialAction\":[{\"@type\":\"SearchAction\",\"target\":{\"@type\":\"EntryPoint\",\"urlTemplate\":\"https:\/\/bodhi.name\/ru\/?s={search_term_string}\"},\"query-input\":{\"@type\":\"PropertyValueSpecification\",\"valueRequired\":true,\"valueName\":\"search_term_string\"}}],\"inLanguage\":\"nb-NO\"}]}<\/script>\n<!-- \/ Yoast SEO plugin. -->","yoast_head_json":{"title":"Kapittel 13 - Utvalg av tiltrekkende tilstander","robots":{"index":"index","follow":"follow","max-snippet":"max-snippet:-1","max-image-preview":"max-image-preview:large","max-video-preview":"max-video-preview:-1"},"canonical":"https:\/\/bodhi.name\/nb\/maya-1-force-mineure\/kapittel-13\/","og_locale":"nb_NO","og_type":"article","og_title":"Kapittel 13 - Utvalg av tiltrekkende tilstander","og_description":"Jeg skrek da jeg har h\u00e5ppet opp. Jeg har \u00e5pnet \u00f8ynere. Ubehagelig uvissthet har omringet meg noen stund til. Bussen har reist gjennom en dal til Kula. Jeg s\u00e5 en bl\u00e5 elv nede. Hadde bussen ikke skapt br\u00e5k, s\u00e5 skulle jeg h\u00f8re kun stillhet omkring. Det ble m\u00f8rkt. Jeg har sluttet \u00e5 merke tretthet pga [&hellip;]","og_url":"https:\/\/bodhi.name\/nb\/maya-1-force-mineure\/kapittel-13\/","og_site_name":"Utvalg av tiltrekkende tilstander","twitter_card":"summary_large_image","twitter_misc":{"Ansl. lesetid":"5 minutter"},"schema":{"@context":"https:\/\/schema.org","@graph":[{"@type":"WebPage","@id":"https:\/\/bodhi.name\/nb\/maya-1-force-mineure\/kapittel-13\/","url":"https:\/\/bodhi.name\/nb\/maya-1-force-mineure\/kapittel-13\/","name":"Kapittel 13 - Utvalg av tiltrekkende tilstander","isPartOf":{"@id":"https:\/\/bodhi.name\/ru\/#website"},"datePublished":"2015-02-22T14:02:00+00:00","breadcrumb":{"@id":"https:\/\/bodhi.name\/nb\/maya-1-force-mineure\/kapittel-13\/#breadcrumb"},"inLanguage":"nb-NO","potentialAction":[{"@type":"ReadAction","target":["https:\/\/bodhi.name\/nb\/maya-1-force-mineure\/kapittel-13\/"]}]},{"@type":"BreadcrumbList","@id":"https:\/\/bodhi.name\/nb\/maya-1-force-mineure\/kapittel-13\/#breadcrumb","itemListElement":[{"@type":"ListItem","position":1,"name":"\u0413\u043b\u0430\u0432\u043d\u0430\u044f \u0441\u0442\u0440\u0430\u043d\u0438\u0446\u0430","item":"https:\/\/bodhi.name\/nb\/"},{"@type":"ListItem","position":2,"name":"Maya-1: Force mineure","item":"https:\/\/bodhi.name\/nb\/maya-1-force-mineure\/"},{"@type":"ListItem","position":3,"name":"Kapittel 13"}]},{"@type":"WebSite","@id":"https:\/\/bodhi.name\/ru\/#website","url":"https:\/\/bodhi.name\/ru\/","name":"Utvalg av tiltrekkende tilstander","description":" Eksperimentell psykologi","potentialAction":[{"@type":"SearchAction","target":{"@type":"EntryPoint","urlTemplate":"https:\/\/bodhi.name\/ru\/?s={search_term_string}"},"query-input":{"@type":"PropertyValueSpecification","valueRequired":true,"valueName":"search_term_string"}}],"inLanguage":"nb-NO"}]}},"_links":{"self":[{"href":"https:\/\/bodhi.name\/nb\/wp-json\/wp\/v2\/pages\/8533","targetHints":{"allow":["GET"]}}],"collection":[{"href":"https:\/\/bodhi.name\/nb\/wp-json\/wp\/v2\/pages"}],"about":[{"href":"https:\/\/bodhi.name\/nb\/wp-json\/wp\/v2\/types\/page"}],"author":[{"embeddable":true,"href":"https:\/\/bodhi.name\/nb\/wp-json\/wp\/v2\/users\/8235"}],"replies":[{"embeddable":true,"href":"https:\/\/bodhi.name\/nb\/wp-json\/wp\/v2\/comments?post=8533"}],"version-history":[{"count":1,"href":"https:\/\/bodhi.name\/nb\/wp-json\/wp\/v2\/pages\/8533\/revisions"}],"predecessor-version":[{"id":8534,"href":"https:\/\/bodhi.name\/nb\/wp-json\/wp\/v2\/pages\/8533\/revisions\/8534"}],"up":[{"embeddable":true,"href":"https:\/\/bodhi.name\/nb\/wp-json\/wp\/v2\/pages\/8272"}],"wp:attachment":[{"href":"https:\/\/bodhi.name\/nb\/wp-json\/wp\/v2\/media?parent=8533"}],"curies":[{"name":"wp","href":"https:\/\/api.w.org\/{rel}","templated":true}]}}