{"id":8531,"date":"2015-02-22T17:59:55","date_gmt":"2015-02-22T13:59:55","guid":{"rendered":"http:\/\/bodhi.name\/?page_id=8531"},"modified":"2015-02-22T17:59:55","modified_gmt":"2015-02-22T13:59:55","slug":"kapittel-12","status":"publish","type":"page","link":"https:\/\/bodhi.name\/nb\/maya-1-force-mineure\/kapittel-12\/","title":{"rendered":"Kapittel 12"},"content":{"rendered":"<p>\u2026 Jeg kunne ikke sove hele natt. Jeg har befant seg mellom bevissthet og s\u00f8vn. Jeg kunne ikke sove tross all den tretthet. Jeg har opplevd smerte b\u00e5de i mage og i hode. Jeg tenkte om det at jeg skal v\u00e6re n\u00f8dt til \u00e5 g\u00e5 p\u00e5 do ute. Det var s\u00e5 kald der.<\/p>\n<p>Morgen har begynt med det at sola har varmet opp luft omrkring. Jeg har g\u00e5tt ut av telt men det var fortsatt vanskelig \u00e5 puste.<\/p>\n<p>Det var s\u00e5 vanskelig \u00e5 f\u00e5 seg ut fra sovepose. Jeg har glemt om det at jeg m\u00e5 ta p\u00e5 seg solbriller.<\/p>\n<p>&#8211; Og du har sagt at jeg regner deg for et barn, &#8211; sa Oleg.<\/p>\n<p>&#8211; ??? Jeg har jo ikke sagt dette&#8230; Eller har jeg gjort dette?<\/p>\n<p>Jeg var sikker i det at jeg har ikke sagt noe lignende. Meg jeg ville ikke \u00e5 tenke om dette. Jeg var redd at det \u00e5 klatre opp sammen med Oleg.<\/p>\n<p>Sn\u00f8 har avspeilget solskinne. Det var rart at sn\u00f8 har ikke smeltet da det var s\u00e5 varmt omkring. Det var veldig varmt i telt ogs\u00e5.<\/p>\n<p>&#8211; Hvorfor er det s\u00e5 varmt her oppe?<\/p>\n<p>&#8211; Du skal f\u00f8le seg bedre i skygge, &#8211; h\u00f8rte jeg fra telt. \u2013 Vi skal \u00e5pne telt og alt skal v\u00e6re bra.<\/p>\n<p>Gutter har lagt en skygge ved hjelp av telt. Det ble mye kj\u00f8ligere i skygge.<\/p>\n<p>&#8211; Slik hender det i disse omr\u00e5der, &#8212; Andrej har begynt \u00e5 koke, men jeg har ikke \u00f8nsket \u00e5 spise i det hele tatt, &#8211; temperaturforskjell skaper problemer n\u00e5r du skal krysse avgrunn. Det kan v\u00e6re opp til 80 grader i luft og ned til minus 10 grader i skygge. Og du kan bli forskj\u00f8let om du havner i skygge uten kl\u00e6r. Det er farlig \u00e5 bli forskj\u00f8let her. Og om du faller i en av dem, s\u00e5 kan du bli forskj\u00f8let i l\u00f8pet av bare noen minutter.<\/p>\n<p>&#8211; Ja, det er farlig \u00e5 bli forskj\u00f8let\u2026<\/p>\n<p>Andrej smilte.<\/p>\n<p>&#8211; Det er s\u00e5 farlig \u00e5 bli forskj\u00f8let her. Du kan d\u00f8 i l\u00f8pet av kun noen dager her. Om noen hoster av forskj\u00f8lelse, s\u00e5 er vi n\u00f8dt til \u00e5 g\u00e5 ned. Men hvordan vet vi om man bare hoster eller er forskj\u00f8let?<\/p>\n<p>Han s\u00e5 min ansikt og smilte igjen.<\/p>\n<p>&#8211; Du b\u00f8r ikke v\u00e6re redd. Vi har oppn\u00e5dd en h\u00f8yde av ca 5000 meter. Men vi b\u00f8r fortsatt ha p\u00e5 seg mye kl\u00e6r.<\/p>\n<p>Jeg har forestillt seg en liten annerledes fjellklatring. Jeg tenkte at mennesker skal klatre opp med glede og forvetning. Men her sitter jeg p\u00e5 en teppe og det er vondt \u00e5 bevege seg. Jeg kunne ikke ta av brillene fordi at sn\u00f8 skulle gj\u00f8re meg blind. Jeg m\u00e5tte rense dem hele tid pga svette. Jeg hadde p\u00e5 seg ogs\u00e5 en maske for \u00e5 ikke bli solbrent. Jeg f\u00f8lte seg veldig d\u00e5rlig egentlig.<\/p>\n<p>Jeg har bestemt \u00e5 ikke spise frokost \u2013 jeg kunne bare drikke suppe&#8230; gutta har lagt kaffe og fisk&#8230; ser ikke bra ut.<\/p>\n<p>&#8211; Dette er bare en sygdom pga fjellene, &#8212; Andrej har klemt meg, &#8212; man \u00f8nsker ikke \u00e5 ha noe \u00e5 spise samt at mat ser ikke bra ut. Men du m\u00e5 spise for \u00e5 kunne bevege seg. Du m\u00e5 spise og drikke. Men du ser bra ut. Husk at du skal f\u00f8le seg enda verre om du skal bare sitte uten bevegelser.<\/p>\n<p>&#8211; Jeg husker dette\u2026 Hva skal jeg gj\u00f8re?!<\/p>\n<p>&#8211; Gj\u00f8r hva som helst. Du kan hente sekken. Ellers s\u00e5 kan du spasere rundt omrking.<\/p>\n<p>&#8211; O!!! Jeg kan neppe st\u00e5!! Jeg kan ikke g\u00e5\u2026<\/p>\n<p>&#8211; Du m\u00e5 bevege seg for \u00e5 f\u00f8le seg litt bedre. Ingen skal hjelpe deg her. Du skal enten overvinne sin egen sykdom eller s\u00e5 skal sygdommen overvinne deg. St\u00e5 opp og pak sammen son sekk.<\/p>\n<p>Jeg s\u00e5 p\u00e5 Oleg \u2013 han s\u00e5 veldig m\u00f8rkt ut og s\u00e5 ikke p\u00e5 oss. Jeg m\u00e5tte snakke om sine bekymringer hva gjelder Oleg. Jeg har snudd seg til Andrej og viste ham at jeg \u00f8nsker \u00e5 snakke med ham. Han tok ishakke og vi gikk ut.<\/p>\n<p>&#8211; La oss g\u00e5 og se p\u00e5 dagens sn\u00f8. \u2013 Andrej ga meg et tr\u00e5d og vi gikk opp.<\/p>\n<p>Det virket at Oleg har blitt enda m\u00f8rkere i ansiktet. Det virket at han har forst\u00e5tt dette selv&#8230; Eller var det kanskje pga mine solbriller? Jeg har \u00f8nsket \u00e5 snakke med Andrej uansett.<\/p>\n<p>&#8211; Er du sikker i det at Oleg er frisk sett fra psykisk side? I g\u00e5r han fortalte meg om sin reise. Jeg tror at han er gal.<\/p>\n<p>Andrejs ansikt ble grusom.<\/p>\n<p>&#8211; Hva snakker du om? Neim jeg har ikke merket noe rart. Din stemme er s\u00e5 nerv\u00f8s. Jeg kjenner Oleg lenge nok. Jeg tror at han er frisk.<\/p>\n<p>&#8211; Du har visst ham tidiligere! Du skulle vite HVORDAN talte han i g\u00e5r. Jeg er redd til \u00e5 g\u00e5 videre sammen med ham.<\/p>\n<p>&#8211; Maya, du sier alt dette pga fjellsykdom. Du er veldig tr\u00f8tt. Du har ikke sovet lenge. Du m\u00e5 ro ned. Det er farlig \u00e5 g\u00e5 sammen med deg.<\/p>\n<p>&#8211; Sammen med meg??? \u2013 jeg opplevde raseri.<\/p>\n<p>&#8211; Her ser du. Du reagerer p\u00e5 en unormal m\u00e5te\u2026<\/p>\n<p>&#8211; Ja, jeg er s\u00e5 lei for dette Men jeg synes fortsatt at han er gal.<\/p>\n<p>&#8211; La oss slutte \u00e5 snakke om dette. Du er syk. Sn\u00f8 skal smelte snart. S\u00e5 det skal v\u00e6re vanskelig \u00e5 klatre. Vi skal snart legge oss kl. 7 i kveld og st\u00e5 opp kl. 3-4 om natta. Det er lettere \u00e5 g\u00e5 p\u00e5 hard sn\u00f8 om natta.<\/p>\n<p>&#8211; Er det mulig \u00e5 g\u00e5 p\u00e5 sn\u00f8 sammen med sekk?<\/p>\n<p>&#8211; Den skal sikkert hole deg. Du kan vel trekke sin sekk etter seg.<\/p>\n<p>Jeg har forestillt seg at vi klatrer opp med disse tykke sekker. Det var morsomt&#8230;<\/p>\n<p>Vi har kommet tilbake til telt. Lue og store solbriller har dekket nesten hele ansikt av en person som har skremt meg. Jeg forstod at jeg m\u00e5 enten g\u00e5 ned sammen med noen (for at jeg skal ikke finne veien selv) eller klatre opp og oppleve bekymring&#8230;<\/p>\n","protected":false},"excerpt":{"rendered":"<p>\u2026 Jeg kunne ikke sove hele natt. Jeg har befant seg mellom bevissthet og s\u00f8vn. Jeg kunne ikke sove tross all den tretthet. Jeg har opplevd smerte b\u00e5de i mage og i hode. Jeg tenkte om det at jeg skal v\u00e6re n\u00f8dt til \u00e5 g\u00e5 p\u00e5 do ute. Det var s\u00e5 kald der. Morgen har [&hellip;]<\/p>\n","protected":false},"author":8235,"featured_media":0,"parent":8272,"menu_order":12,"comment_status":"open","ping_status":"closed","template":"","meta":{"_acf_changed":false,"footnotes":""},"class_list":["post-8531","page","type-page","status-publish","hentry"],"acf":[],"yoast_head":"<!-- This site is optimized with the Yoast SEO plugin v27.2 - https:\/\/yoast.com\/product\/yoast-seo-wordpress\/ -->\n<title>Kapittel 12 - Utvalg av tiltrekkende tilstander<\/title>\n<meta name=\"robots\" content=\"index, follow, max-snippet:-1, max-image-preview:large, max-video-preview:-1\" \/>\n<link rel=\"canonical\" href=\"https:\/\/bodhi.name\/nb\/maya-1-force-mineure\/kapittel-12\/\" \/>\n<meta property=\"og:locale\" content=\"nb_NO\" \/>\n<meta property=\"og:type\" content=\"article\" \/>\n<meta property=\"og:title\" content=\"Kapittel 12 - Utvalg av tiltrekkende tilstander\" \/>\n<meta property=\"og:description\" content=\"\u2026 Jeg kunne ikke sove hele natt. Jeg har befant seg mellom bevissthet og s\u00f8vn. Jeg kunne ikke sove tross all den tretthet. Jeg har opplevd smerte b\u00e5de i mage og i hode. Jeg tenkte om det at jeg skal v\u00e6re n\u00f8dt til \u00e5 g\u00e5 p\u00e5 do ute. Det var s\u00e5 kald der. Morgen har [&hellip;]\" \/>\n<meta property=\"og:url\" content=\"https:\/\/bodhi.name\/nb\/maya-1-force-mineure\/kapittel-12\/\" \/>\n<meta property=\"og:site_name\" content=\"Utvalg av tiltrekkende tilstander\" \/>\n<meta name=\"twitter:card\" content=\"summary_large_image\" \/>\n<meta name=\"twitter:label1\" content=\"Ansl. lesetid\" \/>\n\t<meta name=\"twitter:data1\" content=\"5 minutter\" \/>\n<script type=\"application\/ld+json\" class=\"yoast-schema-graph\">{\"@context\":\"https:\/\/schema.org\",\"@graph\":[{\"@type\":\"WebPage\",\"@id\":\"https:\/\/bodhi.name\/nb\/maya-1-force-mineure\/kapittel-12\/\",\"url\":\"https:\/\/bodhi.name\/nb\/maya-1-force-mineure\/kapittel-12\/\",\"name\":\"Kapittel 12 - Utvalg av tiltrekkende tilstander\",\"isPartOf\":{\"@id\":\"https:\/\/bodhi.name\/ru\/#website\"},\"datePublished\":\"2015-02-22T13:59:55+00:00\",\"breadcrumb\":{\"@id\":\"https:\/\/bodhi.name\/nb\/maya-1-force-mineure\/kapittel-12\/#breadcrumb\"},\"inLanguage\":\"nb-NO\",\"potentialAction\":[{\"@type\":\"ReadAction\",\"target\":[\"https:\/\/bodhi.name\/nb\/maya-1-force-mineure\/kapittel-12\/\"]}]},{\"@type\":\"BreadcrumbList\",\"@id\":\"https:\/\/bodhi.name\/nb\/maya-1-force-mineure\/kapittel-12\/#breadcrumb\",\"itemListElement\":[{\"@type\":\"ListItem\",\"position\":1,\"name\":\"\u0413\u043b\u0430\u0432\u043d\u0430\u044f \u0441\u0442\u0440\u0430\u043d\u0438\u0446\u0430\",\"item\":\"https:\/\/bodhi.name\/nb\/\"},{\"@type\":\"ListItem\",\"position\":2,\"name\":\"Maya-1: Force mineure\",\"item\":\"https:\/\/bodhi.name\/nb\/maya-1-force-mineure\/\"},{\"@type\":\"ListItem\",\"position\":3,\"name\":\"Kapittel 12\"}]},{\"@type\":\"WebSite\",\"@id\":\"https:\/\/bodhi.name\/ru\/#website\",\"url\":\"https:\/\/bodhi.name\/ru\/\",\"name\":\"Utvalg av tiltrekkende tilstander\",\"description\":\" Eksperimentell psykologi\",\"potentialAction\":[{\"@type\":\"SearchAction\",\"target\":{\"@type\":\"EntryPoint\",\"urlTemplate\":\"https:\/\/bodhi.name\/ru\/?s={search_term_string}\"},\"query-input\":{\"@type\":\"PropertyValueSpecification\",\"valueRequired\":true,\"valueName\":\"search_term_string\"}}],\"inLanguage\":\"nb-NO\"}]}<\/script>\n<!-- \/ Yoast SEO plugin. -->","yoast_head_json":{"title":"Kapittel 12 - Utvalg av tiltrekkende tilstander","robots":{"index":"index","follow":"follow","max-snippet":"max-snippet:-1","max-image-preview":"max-image-preview:large","max-video-preview":"max-video-preview:-1"},"canonical":"https:\/\/bodhi.name\/nb\/maya-1-force-mineure\/kapittel-12\/","og_locale":"nb_NO","og_type":"article","og_title":"Kapittel 12 - Utvalg av tiltrekkende tilstander","og_description":"\u2026 Jeg kunne ikke sove hele natt. Jeg har befant seg mellom bevissthet og s\u00f8vn. Jeg kunne ikke sove tross all den tretthet. Jeg har opplevd smerte b\u00e5de i mage og i hode. Jeg tenkte om det at jeg skal v\u00e6re n\u00f8dt til \u00e5 g\u00e5 p\u00e5 do ute. Det var s\u00e5 kald der. Morgen har [&hellip;]","og_url":"https:\/\/bodhi.name\/nb\/maya-1-force-mineure\/kapittel-12\/","og_site_name":"Utvalg av tiltrekkende tilstander","twitter_card":"summary_large_image","twitter_misc":{"Ansl. lesetid":"5 minutter"},"schema":{"@context":"https:\/\/schema.org","@graph":[{"@type":"WebPage","@id":"https:\/\/bodhi.name\/nb\/maya-1-force-mineure\/kapittel-12\/","url":"https:\/\/bodhi.name\/nb\/maya-1-force-mineure\/kapittel-12\/","name":"Kapittel 12 - Utvalg av tiltrekkende tilstander","isPartOf":{"@id":"https:\/\/bodhi.name\/ru\/#website"},"datePublished":"2015-02-22T13:59:55+00:00","breadcrumb":{"@id":"https:\/\/bodhi.name\/nb\/maya-1-force-mineure\/kapittel-12\/#breadcrumb"},"inLanguage":"nb-NO","potentialAction":[{"@type":"ReadAction","target":["https:\/\/bodhi.name\/nb\/maya-1-force-mineure\/kapittel-12\/"]}]},{"@type":"BreadcrumbList","@id":"https:\/\/bodhi.name\/nb\/maya-1-force-mineure\/kapittel-12\/#breadcrumb","itemListElement":[{"@type":"ListItem","position":1,"name":"\u0413\u043b\u0430\u0432\u043d\u0430\u044f \u0441\u0442\u0440\u0430\u043d\u0438\u0446\u0430","item":"https:\/\/bodhi.name\/nb\/"},{"@type":"ListItem","position":2,"name":"Maya-1: Force mineure","item":"https:\/\/bodhi.name\/nb\/maya-1-force-mineure\/"},{"@type":"ListItem","position":3,"name":"Kapittel 12"}]},{"@type":"WebSite","@id":"https:\/\/bodhi.name\/ru\/#website","url":"https:\/\/bodhi.name\/ru\/","name":"Utvalg av tiltrekkende tilstander","description":" Eksperimentell psykologi","potentialAction":[{"@type":"SearchAction","target":{"@type":"EntryPoint","urlTemplate":"https:\/\/bodhi.name\/ru\/?s={search_term_string}"},"query-input":{"@type":"PropertyValueSpecification","valueRequired":true,"valueName":"search_term_string"}}],"inLanguage":"nb-NO"}]}},"_links":{"self":[{"href":"https:\/\/bodhi.name\/nb\/wp-json\/wp\/v2\/pages\/8531","targetHints":{"allow":["GET"]}}],"collection":[{"href":"https:\/\/bodhi.name\/nb\/wp-json\/wp\/v2\/pages"}],"about":[{"href":"https:\/\/bodhi.name\/nb\/wp-json\/wp\/v2\/types\/page"}],"author":[{"embeddable":true,"href":"https:\/\/bodhi.name\/nb\/wp-json\/wp\/v2\/users\/8235"}],"replies":[{"embeddable":true,"href":"https:\/\/bodhi.name\/nb\/wp-json\/wp\/v2\/comments?post=8531"}],"version-history":[{"count":1,"href":"https:\/\/bodhi.name\/nb\/wp-json\/wp\/v2\/pages\/8531\/revisions"}],"predecessor-version":[{"id":8532,"href":"https:\/\/bodhi.name\/nb\/wp-json\/wp\/v2\/pages\/8531\/revisions\/8532"}],"up":[{"embeddable":true,"href":"https:\/\/bodhi.name\/nb\/wp-json\/wp\/v2\/pages\/8272"}],"wp:attachment":[{"href":"https:\/\/bodhi.name\/nb\/wp-json\/wp\/v2\/media?parent=8531"}],"curies":[{"name":"wp","href":"https:\/\/api.w.org\/{rel}","templated":true}]}}