{"id":8466,"date":"2015-02-16T21:31:47","date_gmt":"2015-02-16T17:31:47","guid":{"rendered":"http:\/\/bodhi.name\/?page_id=8466"},"modified":"2015-02-16T21:31:47","modified_gmt":"2015-02-16T17:31:47","slug":"kapittel-11","status":"publish","type":"page","link":"https:\/\/bodhi.name\/nb\/maya-1-force-mineure\/kapittel-11\/","title":{"rendered":"Kapittel 11"},"content":{"rendered":"<p>&#8230;Uendelige berg med gress og varm himmel over dem. Jeg s\u00e5 p\u00e5 denne verden og h\u00f8rte et kjent lyd. Lydet har oppst\u00e5tt i hodet eller i verden. Jeg f\u00f8lte at jeg mister stabilitet og alt omkring har begynt \u00e5 oppl\u00f8se seg. Gjenklang i min hode har forsterket seg. N\u00e5 h\u00f8rte jeg dette lyd omkring seg&#8230;<\/p>\n<p>Sover jeg eller ikke? Jeg s\u00e5 omrking seg og forstod at jeg sover.<\/p>\n<p>&#8211; Er dette en dr\u00f8m? \u2013 jeg skrikte og min stemme har spredt seg omrking<\/p>\n<p>&#8211; Jeg sover og jeg sover ikke! \u2013 har jeg sagt dette eller har jeg bare tenkt om dette?<\/p>\n<p>Plutselig jeg har v\u00e5knet opp. Det var s\u00e5 stille omkring. Jeg har \u00f8nsket \u00e5 drikke. Meg jeg kunne ikke ta en flaske med vann \u2013 min h\u00e5nd var s\u00e5 tung. Jeg var skremt fordi at jeg tenkte at jeg ble syk. Jeg har \u00f8nsket \u00e5 kalle p\u00e5 Sjafi. Men munne kunne ikke \u00e5pne seg. S\u00e5 har jeg forst\u00e5tt at jeg sover fortsatt. Jeg har eksistert i en anne dr\u00f8m. En stor gotisk kloster var fyllt med en stemme av paster. Min kropp var v\u00e5t av ekstatisme. Jeg har beveget seg med hans stemme. Sjambala! Sjambala! \u2013 h\u00f8rte jeg.<\/p>\n<p>&#8211; Sjambala! \u2013 skrek jeg og satt p\u00e5 en seng. Jeg var glad fordi at en fremtidig reise har \u00e5pnet seg for meg.<\/p>\n<p>Jeg trengte noen minutter for \u00e5 begynne \u00e5 tenke klart igjen. Greit, n\u00e5 kan jeg reise for \u00e5 s\u00f8ke p\u00e5 Atlantida&#8230; Jeg har forst\u00e5tt at dette var bare en dr\u00f8m.<\/p>\n<p>Sjambala er bare en myth.. Men jeg h\u00f8rte at Rerih har funnet en vei til Sjambala.. Rerih har bodd i Kulu!<\/p>\n<p>Jeg har tatt p\u00e5 seg kl\u00e6r og gikkt ut for \u00e5 kj\u00f8pe en veiledning \u201cLonely planet\u201d. Danny sa at det finnes noen gode boknadel i senter.<\/p>\n<p>En bjelle ringet pga det at jeg har dyttet en d\u00f8r laget av glass. Det var m\u00f8rkt og rolig her. Dette har ikke liknet p\u00e5 all den kaos der ute. Noen har g\u00e5tt ut bakfra h\u00f8ye hyller og har hilset p\u00e5 meg.<\/p>\n<p>&#8211; Ram?!<\/p>\n<p>&#8211; Hei sann!<\/p>\n<p>&#8211; Jobber du i bokhandel?<\/p>\n<p>&#8211; Jeg jobber her og. Denne butikk eies av min bror.<\/p>\n<p>&#8211; Ok, da kan du hjelpe meg med en bok. Jeg skal til Kula. Vet du noen ting om dette sted?<\/p>\n<p>&#8211; Ja, visst. Dette er et veldig vakker sted. Selve Krisjna har bodd der.<\/p>\n<p>&#8211; Greit. Og hva med utleie?<\/p>\n<p>&#8211; Det finnes mange hotellrom og marihuana der.<\/p>\n<p>&#8211; Jeg er ikke interissert i narkotika.<\/p>\n<p>&#8211; Det er rart \u00e5 f\u00e5 h\u00f8re dette fra en utlending. Alle reiser dit for \u00e5 r\u00f8yke marihuana som gror rett p\u00e5 gata.<\/p>\n<p>&#8211; S\u00e5 det finnes mange hoteller der, ikke sant?<\/p>\n<p>&#8211; Jo. Det er mange av dem der. Du kan lese om dette i veiledning. Her har du denne bok. Jeg kan selge den for ti dollars. Dette er en brukt bok. Du skal ikke kunne f\u00e5 rabatt p\u00e5 en ny en.<\/p>\n<p>&#8211; Ok, da tar jeg den. Og kanskje noe annet ogs\u00e5&#8230;<\/p>\n<p>&#8211; Hva er du interissert i? Yoga, medisin, austrologi, psykologi, fylosofi, Kastaneda?<\/p>\n<p>&#8211; Har du lest Kastaneda?<\/p>\n<p>&#8211; Nei, men jeg har h\u00f8rt mye om ham fra turister.<\/p>\n<p>&#8211; Er ikke du interissert i denne bok?<\/p>\n<p>&#8211; Jeg leser kun Bhagavat-Gita. For jeg er en etterf\u00f8lger av Krisjna.<\/p>\n<p>&#8211; Ok, greit&#8230;<\/p>\n<p>Det var virkelig mange b\u00f8ker der. Mesteparten av den var ezoteriske b\u00f8ker skrevet p\u00e5 engelsk. Jeg tok noen b\u00f8ker av Kastaneda og en bok om et liv av Ramakrisjna.<\/p>\n<p>&#8211; Kan jeg reise til Kula i dag?<\/p>\n<p>&#8211; Ja, det kan du. Jeg skal vise deg en vei til busstasjon. Det g\u00e5r busser til Kula tre ganger om dag. Du kan ogs\u00e5 reise via Dzamma.<\/p>\n<p>&#8211; Hvo lang tid skal en reise ta?<\/p>\n<p>&#8211; Omtrent tjue timer.<\/p>\n<p>&#8211; Oh, nei!!! \u2013 jeg husker fortsatt om tretti timers reise til Kasjmir.<\/p>\n<p>&#8211; Kasjmir er s\u00e5 langt unna fra andre steder:) Du skal like denne by. Det er s\u00e5 vakkert der.<\/p>\n<p>&#8211; Ram, arbeider du sammen med Krisjna?:))) \u2013 det virket at han f\u00e5r penger fra Krisjna for \u00e5 f\u00e5 turister til \u00e5 bes\u00f8ke Kula.<\/p>\n<p>&#8211; Du kan si dette:)<\/p>\n<p>&#8211; Ja vel, jeg skal reise dit!<\/p>\n","protected":false},"excerpt":{"rendered":"<p>&#8230;Uendelige berg med gress og varm himmel over dem. Jeg s\u00e5 p\u00e5 denne verden og h\u00f8rte et kjent lyd. Lydet har oppst\u00e5tt i hodet eller i verden. Jeg f\u00f8lte at jeg mister stabilitet og alt omkring har begynt \u00e5 oppl\u00f8se seg. Gjenklang i min hode har forsterket seg. N\u00e5 h\u00f8rte jeg dette lyd omkring seg&#8230; [&hellip;]<\/p>\n","protected":false},"author":8235,"featured_media":0,"parent":8272,"menu_order":11,"comment_status":"open","ping_status":"closed","template":"","meta":{"_acf_changed":false,"footnotes":""},"class_list":["post-8466","page","type-page","status-publish","hentry"],"acf":[],"yoast_head":"<!-- This site is optimized with the Yoast SEO plugin v27.2 - https:\/\/yoast.com\/product\/yoast-seo-wordpress\/ -->\n<title>Kapittel 11 - Utvalg av tiltrekkende tilstander<\/title>\n<meta name=\"robots\" content=\"index, follow, max-snippet:-1, max-image-preview:large, max-video-preview:-1\" \/>\n<link rel=\"canonical\" href=\"https:\/\/bodhi.name\/nb\/maya-1-force-mineure\/kapittel-11\/\" \/>\n<meta property=\"og:locale\" content=\"nb_NO\" \/>\n<meta property=\"og:type\" content=\"article\" \/>\n<meta property=\"og:title\" content=\"Kapittel 11 - Utvalg av tiltrekkende tilstander\" \/>\n<meta property=\"og:description\" content=\"&#8230;Uendelige berg med gress og varm himmel over dem. Jeg s\u00e5 p\u00e5 denne verden og h\u00f8rte et kjent lyd. Lydet har oppst\u00e5tt i hodet eller i verden. Jeg f\u00f8lte at jeg mister stabilitet og alt omkring har begynt \u00e5 oppl\u00f8se seg. Gjenklang i min hode har forsterket seg. N\u00e5 h\u00f8rte jeg dette lyd omkring seg&#8230; [&hellip;]\" \/>\n<meta property=\"og:url\" content=\"https:\/\/bodhi.name\/nb\/maya-1-force-mineure\/kapittel-11\/\" \/>\n<meta property=\"og:site_name\" content=\"Utvalg av tiltrekkende tilstander\" \/>\n<meta name=\"twitter:card\" content=\"summary_large_image\" \/>\n<meta name=\"twitter:label1\" content=\"Ansl. lesetid\" \/>\n\t<meta name=\"twitter:data1\" content=\"4 minutter\" \/>\n<script type=\"application\/ld+json\" class=\"yoast-schema-graph\">{\"@context\":\"https:\/\/schema.org\",\"@graph\":[{\"@type\":\"WebPage\",\"@id\":\"https:\/\/bodhi.name\/nb\/maya-1-force-mineure\/kapittel-11\/\",\"url\":\"https:\/\/bodhi.name\/nb\/maya-1-force-mineure\/kapittel-11\/\",\"name\":\"Kapittel 11 - Utvalg av tiltrekkende tilstander\",\"isPartOf\":{\"@id\":\"https:\/\/bodhi.name\/ru\/#website\"},\"datePublished\":\"2015-02-16T17:31:47+00:00\",\"breadcrumb\":{\"@id\":\"https:\/\/bodhi.name\/nb\/maya-1-force-mineure\/kapittel-11\/#breadcrumb\"},\"inLanguage\":\"nb-NO\",\"potentialAction\":[{\"@type\":\"ReadAction\",\"target\":[\"https:\/\/bodhi.name\/nb\/maya-1-force-mineure\/kapittel-11\/\"]}]},{\"@type\":\"BreadcrumbList\",\"@id\":\"https:\/\/bodhi.name\/nb\/maya-1-force-mineure\/kapittel-11\/#breadcrumb\",\"itemListElement\":[{\"@type\":\"ListItem\",\"position\":1,\"name\":\"\u0413\u043b\u0430\u0432\u043d\u0430\u044f \u0441\u0442\u0440\u0430\u043d\u0438\u0446\u0430\",\"item\":\"https:\/\/bodhi.name\/nb\/\"},{\"@type\":\"ListItem\",\"position\":2,\"name\":\"Maya-1: Force mineure\",\"item\":\"https:\/\/bodhi.name\/nb\/maya-1-force-mineure\/\"},{\"@type\":\"ListItem\",\"position\":3,\"name\":\"Kapittel 11\"}]},{\"@type\":\"WebSite\",\"@id\":\"https:\/\/bodhi.name\/ru\/#website\",\"url\":\"https:\/\/bodhi.name\/ru\/\",\"name\":\"Utvalg av tiltrekkende tilstander\",\"description\":\" Eksperimentell psykologi\",\"potentialAction\":[{\"@type\":\"SearchAction\",\"target\":{\"@type\":\"EntryPoint\",\"urlTemplate\":\"https:\/\/bodhi.name\/ru\/?s={search_term_string}\"},\"query-input\":{\"@type\":\"PropertyValueSpecification\",\"valueRequired\":true,\"valueName\":\"search_term_string\"}}],\"inLanguage\":\"nb-NO\"}]}<\/script>\n<!-- \/ Yoast SEO plugin. -->","yoast_head_json":{"title":"Kapittel 11 - Utvalg av tiltrekkende tilstander","robots":{"index":"index","follow":"follow","max-snippet":"max-snippet:-1","max-image-preview":"max-image-preview:large","max-video-preview":"max-video-preview:-1"},"canonical":"https:\/\/bodhi.name\/nb\/maya-1-force-mineure\/kapittel-11\/","og_locale":"nb_NO","og_type":"article","og_title":"Kapittel 11 - Utvalg av tiltrekkende tilstander","og_description":"&#8230;Uendelige berg med gress og varm himmel over dem. Jeg s\u00e5 p\u00e5 denne verden og h\u00f8rte et kjent lyd. Lydet har oppst\u00e5tt i hodet eller i verden. Jeg f\u00f8lte at jeg mister stabilitet og alt omkring har begynt \u00e5 oppl\u00f8se seg. Gjenklang i min hode har forsterket seg. N\u00e5 h\u00f8rte jeg dette lyd omkring seg&#8230; [&hellip;]","og_url":"https:\/\/bodhi.name\/nb\/maya-1-force-mineure\/kapittel-11\/","og_site_name":"Utvalg av tiltrekkende tilstander","twitter_card":"summary_large_image","twitter_misc":{"Ansl. lesetid":"4 minutter"},"schema":{"@context":"https:\/\/schema.org","@graph":[{"@type":"WebPage","@id":"https:\/\/bodhi.name\/nb\/maya-1-force-mineure\/kapittel-11\/","url":"https:\/\/bodhi.name\/nb\/maya-1-force-mineure\/kapittel-11\/","name":"Kapittel 11 - Utvalg av tiltrekkende tilstander","isPartOf":{"@id":"https:\/\/bodhi.name\/ru\/#website"},"datePublished":"2015-02-16T17:31:47+00:00","breadcrumb":{"@id":"https:\/\/bodhi.name\/nb\/maya-1-force-mineure\/kapittel-11\/#breadcrumb"},"inLanguage":"nb-NO","potentialAction":[{"@type":"ReadAction","target":["https:\/\/bodhi.name\/nb\/maya-1-force-mineure\/kapittel-11\/"]}]},{"@type":"BreadcrumbList","@id":"https:\/\/bodhi.name\/nb\/maya-1-force-mineure\/kapittel-11\/#breadcrumb","itemListElement":[{"@type":"ListItem","position":1,"name":"\u0413\u043b\u0430\u0432\u043d\u0430\u044f \u0441\u0442\u0440\u0430\u043d\u0438\u0446\u0430","item":"https:\/\/bodhi.name\/nb\/"},{"@type":"ListItem","position":2,"name":"Maya-1: Force mineure","item":"https:\/\/bodhi.name\/nb\/maya-1-force-mineure\/"},{"@type":"ListItem","position":3,"name":"Kapittel 11"}]},{"@type":"WebSite","@id":"https:\/\/bodhi.name\/ru\/#website","url":"https:\/\/bodhi.name\/ru\/","name":"Utvalg av tiltrekkende tilstander","description":" Eksperimentell psykologi","potentialAction":[{"@type":"SearchAction","target":{"@type":"EntryPoint","urlTemplate":"https:\/\/bodhi.name\/ru\/?s={search_term_string}"},"query-input":{"@type":"PropertyValueSpecification","valueRequired":true,"valueName":"search_term_string"}}],"inLanguage":"nb-NO"}]}},"_links":{"self":[{"href":"https:\/\/bodhi.name\/nb\/wp-json\/wp\/v2\/pages\/8466","targetHints":{"allow":["GET"]}}],"collection":[{"href":"https:\/\/bodhi.name\/nb\/wp-json\/wp\/v2\/pages"}],"about":[{"href":"https:\/\/bodhi.name\/nb\/wp-json\/wp\/v2\/types\/page"}],"author":[{"embeddable":true,"href":"https:\/\/bodhi.name\/nb\/wp-json\/wp\/v2\/users\/8235"}],"replies":[{"embeddable":true,"href":"https:\/\/bodhi.name\/nb\/wp-json\/wp\/v2\/comments?post=8466"}],"version-history":[{"count":1,"href":"https:\/\/bodhi.name\/nb\/wp-json\/wp\/v2\/pages\/8466\/revisions"}],"predecessor-version":[{"id":8467,"href":"https:\/\/bodhi.name\/nb\/wp-json\/wp\/v2\/pages\/8466\/revisions\/8467"}],"up":[{"embeddable":true,"href":"https:\/\/bodhi.name\/nb\/wp-json\/wp\/v2\/pages\/8272"}],"wp:attachment":[{"href":"https:\/\/bodhi.name\/nb\/wp-json\/wp\/v2\/media?parent=8466"}],"curies":[{"name":"wp","href":"https:\/\/api.w.org\/{rel}","templated":true}]}}