{"id":8461,"date":"2015-02-16T21:05:51","date_gmt":"2015-02-16T17:05:51","guid":{"rendered":"http:\/\/bodhi.name\/?page_id=8461"},"modified":"2015-02-16T21:05:51","modified_gmt":"2015-02-16T17:05:51","slug":"kapittel-10","status":"publish","type":"page","link":"https:\/\/bodhi.name\/nb\/maya-1-force-mineure\/kapittel-10\/","title":{"rendered":"Kapittel 10"},"content":{"rendered":"<p>&#8211; Min lille pike&#8230; det er s\u00e5 behagelig \u00e5 r\u00f8re deg. Husker du hvordan sier de \u201d\u00e5 kj\u00e6le\u201d p\u00e5 tibetansk? \u201dTsjutsjurdze\u201d&#8230; er ikke dette pent? Se p\u00e5 meg, jeg \u00f8nsker \u00e5 se dine \u00f8yne.<\/p>\n<p>&#8211;\u00a0 Jeg blir svimmel:). Det er s\u00e5 bra \u00e5 ligge her og kj\u00e6le hverandre&#8230; \u2013 jeg har klemt hans kunn i sin h\u00e5nd.<\/p>\n<p>Danny har klemt meg&#8230;en st\u00f8nne av forventning&#8230; S\u00e5 \u00f8mme hender&#8230; s\u00e5 kraftige og bestemtfulle hender klemmer mine l\u00e5r, klemmer min rumpe og mage. Nytelse og glede sprer seg over min kropp.<\/p>\n<p>\u2026\u00d8nsker du \u00e5 ta meg? Dette er sikkert et ekko i min kropp\u2026 Si meg at du \u00f8nsker \u00e5 ta meg&#8230; jeg \u00f8nsker \u00e5 f\u00e5 h\u00f8re dette fra deg&#8230; du kan r\u00f8re&#8230; det er s\u00e5 v\u00e5t der&#8230; R\u00f8r p\u00e5 meg&#8230; Luft omkring oss er s\u00e5 het&#8230; Jeg \u00f8nsker deg&#8230;mer! mer! Skygger beveger seg fort.\u00a0 Jeg skal gi deg alt du \u00f8nsker.<\/p>\n<p>&nbsp;<\/p>\n<p>&#8211; Jeg skal flytte ut idag. Jeg vet ikke hva skal jeg gj\u00f8re videre.<\/p>\n<p>&#8211; Vi kan reise sammen til Daramsalu<\/p>\n<p>Jeg er s\u00e5 sulten! Jeg \u00f8nsker \u00e5 ha mer en denne frokost.<\/p>\n<p>&#8211; Det er vanskelig \u00e5 utilfredstille deg:)<\/p>\n<p>&#8211; Du ka sikkert le. Men hva om du hadde v\u00e6rt en nesten voldtatt jente?:)<\/p>\n<p>&#8211; Skal vi reise n\u00e5?<\/p>\n<p>Himmel er avspeilet i en innsj\u00f8. Luft er s\u00e5 frisk om morgen. \u00d8nsker jeg noe? Jeg vet ikke hva det \u00e5 \u201d\u00f8nske\u201d betyr. Dette h\u00f8res rart ut&#8230; jeg har glemt hva betyr det \u00e5 \u00f8nske noe sterkt, kraftig (med andre ord det \u00e5 \u00f8nske noe p\u00e5 en virkelig m\u00e5te). Jeg har ikke merket at min forhold til sine egne \u00f8nsker har ednret seg. N\u00e5 tenker jeg at mine \u00f8nsker er noe skamfult. N\u00e5 som jeg har opplevd frihet, jeg m\u00e5 l\u00e6re seg \u00e5 \u00f8nske p\u00e5 nytt.<\/p>\n<p>&#8211; Nei, Danny. Jeg \u00f8nsker ikke \u00e5 skape forbindelse mellom oss n\u00e5. Jeg har det veldig bra med deg. Men jeg kan glemme om alt. Jeg har ikke kommet hit for \u00e5 spasere rundt omkring. Vi kan m\u00f8te om en m\u00e5ned eller to, kanskje i Daramsala. Men jeg \u00f8nsker ikke \u00e5 v\u00e6re sammen med deg hele tid.<\/p>\n<p>Jeg har forst\u00e5tt at Danny opplevde tristhet. Men s\u00e5 etter noen sekunder sa han:<\/p>\n<p>&#8211; Jeg forst\u00e5r deg. Du g\u00e5 ikke lengre sitt eget rom i den f\u00f8rste uke. Men s\u00e5 begynner du \u00e5 oppleve gr\u00e5het. Du forst\u00e5r at du kan ikke leve i denne vanlighet lengre. Du \u00f8nsker ikke \u00e5 oppleve vanlighet i v\u00e5re forhold, ikke sant? \u2013 han smilte og jeg var sikker i det at han har ikke opplevd verken utilfredshet eller tristhet.<\/p>\n<p>&#8211; Du har rett. Jeg \u00f8nsker \u00e5 endre alt dette. Synes du at dette er mulig?<\/p>\n<p>&#8211; Jeg vet ikke. Maya, dette likner p\u00e5 en dr\u00f8m. Jeg har ikke opplevd noe lignende i sitt liv.<\/p>\n<p>&#8211; Kanskje dette er mulig kun med et eneste menneske. Tror du at vi var skapt for hverandre?<\/p>\n<p>&#8211; En vis vestlig person har sagt at din del finnes inne i deg selv.<\/p>\n<p>&#8211; Kanskje han har rett&#8230; men jeg tenker annerledes hver gang jeg blir forelsket. Denne ide er b\u00e5de tiltrekkende og frast\u00f8tende.<\/p>\n<p>&#8211; Og kanskje en som har funnet en del for seg skal ikke f\u00f8le ensomhet?<\/p>\n<p>&#8211; Jeg tror ikke p\u00e5 dette&#8230; jeg \u00f8nsker ikke \u00e5 tro p\u00e5 dette. En f\u00f8lelse av ensomhet er s\u00e5 dyp. Den skremmer meg ikke, men&#8230; jeg vet at det b\u00f8r v\u00e6re annerledes. Jeg \u00f8nsker \u00e5 tro p\u00e5 noe \u201dplutselig\u201d.<\/p>\n<p>&#8211; Hva f\u00f8ler du n\u00e5r du forestiller seg at du har blitt alene og det skal ikke v\u00e6re en person ved siden av deg resten av liv&#8230;<\/p>\n<p>&#8211; Jeg opplever b\u00e5de glede og frykt.<\/p>\n<p>&#8211; Jeg opplever det samme. Frykt er noe som skal forsvinne etter hvert. Verden gjenklanger i meg n\u00e5r jeg begynner \u00e5 tenke p\u00e5 denne m\u00e5te. Forst\u00e5r du meg?<\/p>\n<p>&#8211; Jeg tror at jeg forst\u00e5r deg&#8230; jeg f\u00f8ler dette. Det er rart at jeg liker \u00e5 tro p\u00e5 det at vi skal ikke m\u00f8te hverandre igjen. Jeg opplever deg som en fremvisning av natur. Jeg opplever deg som en fremvisning av uventet glede.<\/p>\n<p>&#8211; Akkurat det! Jeg oppfatter deg p\u00e5 den samme m\u00e5te. Jeg vet ikke hva skal skje i morgen og om vi skal m\u00f8te hverandre i det hele tatt. Og hvor skal du reise videre?<\/p>\n<p>Jeg visste ikke hvor skulle jeg reise n\u00e5. Jeg hadde ingen bestemte \u00f8nsker. Jeg var ikke interissert i \u201dkultur\u201d av India. Jeg visste bare at jeg kunne ikke v\u00e6re her i Sjri Nagara lenger.<\/p>\n<p>Sjikara tok meg bort herfra gjennom en innsj\u00f8. Jeg s\u00e5 p\u00e5 vann helt til mine \u00f8yne ble tr\u00f8tt. Jeg har \u00f8nsket \u00e5 sove. Dette var en behagelig s\u00f8vnighet som har minnet meg om Danny. Jeg har f\u00f8lt Dannys tilstedev\u00e6relse. Det virket at jeg m\u00e5 \u00e5pne \u00f8 Det virket at jeg m\u00e5 \u00e5pne \u00f8yne for \u00e5 se ham. Det var rart at denne f\u00f8lelse var s\u00e5 virkelig! Og hva betyr egentlig \u201ddet \u00e5 v\u00e6re sammen\u201d og \u201ddet \u00e5 ikke v\u00e6re sammen\u201d? Hva om jeg ikke ser p\u00e5 sin kj\u00e6reste n\u00e5r vi sitter i det samme rom? Hva om jeg ikke tenker om ham? Og hva om jeg f\u00f8ler at jeg er sammen med en gutt men han befinner seg langt unna? Det er verdt \u00e5 tenke litt for \u00e5 forst\u00e5 at man kan tvile i \u00e5penbare ting ogs\u00e5&#8230;<\/p>\n<p>Jeg har tenkt om det at jeg forst\u00e5r ikke hva betyr \u201ddet \u00e5 v\u00e6re sammen\u201d. Jeg har opplevd foregripelse pga dette. Det virket at jeg skulle forst\u00e5 noe veldig betydelig for seg snart.<\/p>\n<p>&#8230;H\u00f8y latter, store benker laget av tre, grass, gule tr\u00e6t, himmel, vind, og sol&#8230;Hat alt dette eksistert noen gang? Eller er dette bare en dr\u00f8m? Jeg \u00f8nsker ikke \u00e5 v\u00e5kne opp&#8230; Nei, alt dette har eksistert i min barndom. Jeg l\u00f8pte p\u00e5 vei, og ser opp p\u00e5 et stor tre som \u00f8nsker \u00e5 klemme meg. Jeg kan nesten r\u00f8re p\u00e5 solskinne som str\u00e5ler gjennom blad p\u00e5 grenene.<\/p>\n","protected":false},"excerpt":{"rendered":"<p>&#8211; Min lille pike&#8230; det er s\u00e5 behagelig \u00e5 r\u00f8re deg. Husker du hvordan sier de \u201d\u00e5 kj\u00e6le\u201d p\u00e5 tibetansk? \u201dTsjutsjurdze\u201d&#8230; er ikke dette pent? Se p\u00e5 meg, jeg \u00f8nsker \u00e5 se dine \u00f8yne. &#8211;\u00a0 Jeg blir svimmel:). Det er s\u00e5 bra \u00e5 ligge her og kj\u00e6le hverandre&#8230; \u2013 jeg har klemt hans kunn i [&hellip;]<\/p>\n","protected":false},"author":8235,"featured_media":0,"parent":8272,"menu_order":10,"comment_status":"open","ping_status":"closed","template":"","meta":{"_acf_changed":false,"footnotes":""},"class_list":["post-8461","page","type-page","status-publish","hentry"],"acf":[],"yoast_head":"<!-- This site is optimized with the Yoast SEO plugin v27.4 - https:\/\/yoast.com\/product\/yoast-seo-wordpress\/ -->\n<title>Kapittel 10 - Utvalg av tiltrekkende tilstander<\/title>\n<meta name=\"robots\" content=\"index, follow, max-snippet:-1, max-image-preview:large, max-video-preview:-1\" \/>\n<link rel=\"canonical\" href=\"https:\/\/bodhi.name\/nb\/maya-1-force-mineure\/kapittel-10\/\" \/>\n<meta property=\"og:locale\" content=\"nb_NO\" \/>\n<meta property=\"og:type\" content=\"article\" \/>\n<meta property=\"og:title\" content=\"Kapittel 10 - Utvalg av tiltrekkende tilstander\" \/>\n<meta property=\"og:description\" content=\"&#8211; Min lille pike&#8230; det er s\u00e5 behagelig \u00e5 r\u00f8re deg. Husker du hvordan sier de \u201d\u00e5 kj\u00e6le\u201d p\u00e5 tibetansk? \u201dTsjutsjurdze\u201d&#8230; er ikke dette pent? Se p\u00e5 meg, jeg \u00f8nsker \u00e5 se dine \u00f8yne. &#8211;\u00a0 Jeg blir svimmel:). Det er s\u00e5 bra \u00e5 ligge her og kj\u00e6le hverandre&#8230; \u2013 jeg har klemt hans kunn i [&hellip;]\" \/>\n<meta property=\"og:url\" content=\"https:\/\/bodhi.name\/nb\/maya-1-force-mineure\/kapittel-10\/\" \/>\n<meta property=\"og:site_name\" content=\"Utvalg av tiltrekkende tilstander\" \/>\n<meta name=\"twitter:card\" content=\"summary_large_image\" \/>\n<meta name=\"twitter:label1\" content=\"Ansl. lesetid\" \/>\n\t<meta name=\"twitter:data1\" content=\"5 minutter\" \/>\n<script type=\"application\/ld+json\" class=\"yoast-schema-graph\">{\"@context\":\"https:\\\/\\\/schema.org\",\"@graph\":[{\"@type\":\"WebPage\",\"@id\":\"https:\\\/\\\/bodhi.name\\\/nb\\\/maya-1-force-mineure\\\/kapittel-10\\\/\",\"url\":\"https:\\\/\\\/bodhi.name\\\/nb\\\/maya-1-force-mineure\\\/kapittel-10\\\/\",\"name\":\"Kapittel 10 - Utvalg av tiltrekkende tilstander\",\"isPartOf\":{\"@id\":\"https:\\\/\\\/bodhi.name\\\/ru\\\/#website\"},\"datePublished\":\"2015-02-16T17:05:51+00:00\",\"breadcrumb\":{\"@id\":\"https:\\\/\\\/bodhi.name\\\/nb\\\/maya-1-force-mineure\\\/kapittel-10\\\/#breadcrumb\"},\"inLanguage\":\"nb-NO\",\"potentialAction\":[{\"@type\":\"ReadAction\",\"target\":[\"https:\\\/\\\/bodhi.name\\\/nb\\\/maya-1-force-mineure\\\/kapittel-10\\\/\"]}]},{\"@type\":\"BreadcrumbList\",\"@id\":\"https:\\\/\\\/bodhi.name\\\/nb\\\/maya-1-force-mineure\\\/kapittel-10\\\/#breadcrumb\",\"itemListElement\":[{\"@type\":\"ListItem\",\"position\":1,\"name\":\"\u0413\u043b\u0430\u0432\u043d\u0430\u044f \u0441\u0442\u0440\u0430\u043d\u0438\u0446\u0430\",\"item\":\"https:\\\/\\\/bodhi.name\\\/nb\\\/\"},{\"@type\":\"ListItem\",\"position\":2,\"name\":\"Maya-1: Force mineure\",\"item\":\"https:\\\/\\\/bodhi.name\\\/nb\\\/maya-1-force-mineure\\\/\"},{\"@type\":\"ListItem\",\"position\":3,\"name\":\"Kapittel 10\"}]},{\"@type\":\"WebSite\",\"@id\":\"https:\\\/\\\/bodhi.name\\\/ru\\\/#website\",\"url\":\"https:\\\/\\\/bodhi.name\\\/ru\\\/\",\"name\":\"Utvalg av tiltrekkende tilstander\",\"description\":\" Eksperimentell psykologi\",\"potentialAction\":[{\"@type\":\"SearchAction\",\"target\":{\"@type\":\"EntryPoint\",\"urlTemplate\":\"https:\\\/\\\/bodhi.name\\\/ru\\\/?s={search_term_string}\"},\"query-input\":{\"@type\":\"PropertyValueSpecification\",\"valueRequired\":true,\"valueName\":\"search_term_string\"}}],\"inLanguage\":\"nb-NO\"}]}<\/script>\n<!-- \/ Yoast SEO plugin. -->","yoast_head_json":{"title":"Kapittel 10 - Utvalg av tiltrekkende tilstander","robots":{"index":"index","follow":"follow","max-snippet":"max-snippet:-1","max-image-preview":"max-image-preview:large","max-video-preview":"max-video-preview:-1"},"canonical":"https:\/\/bodhi.name\/nb\/maya-1-force-mineure\/kapittel-10\/","og_locale":"nb_NO","og_type":"article","og_title":"Kapittel 10 - Utvalg av tiltrekkende tilstander","og_description":"&#8211; Min lille pike&#8230; det er s\u00e5 behagelig \u00e5 r\u00f8re deg. Husker du hvordan sier de \u201d\u00e5 kj\u00e6le\u201d p\u00e5 tibetansk? \u201dTsjutsjurdze\u201d&#8230; er ikke dette pent? Se p\u00e5 meg, jeg \u00f8nsker \u00e5 se dine \u00f8yne. &#8211;\u00a0 Jeg blir svimmel:). Det er s\u00e5 bra \u00e5 ligge her og kj\u00e6le hverandre&#8230; \u2013 jeg har klemt hans kunn i [&hellip;]","og_url":"https:\/\/bodhi.name\/nb\/maya-1-force-mineure\/kapittel-10\/","og_site_name":"Utvalg av tiltrekkende tilstander","twitter_card":"summary_large_image","twitter_misc":{"Ansl. lesetid":"5 minutter"},"schema":{"@context":"https:\/\/schema.org","@graph":[{"@type":"WebPage","@id":"https:\/\/bodhi.name\/nb\/maya-1-force-mineure\/kapittel-10\/","url":"https:\/\/bodhi.name\/nb\/maya-1-force-mineure\/kapittel-10\/","name":"Kapittel 10 - Utvalg av tiltrekkende tilstander","isPartOf":{"@id":"https:\/\/bodhi.name\/ru\/#website"},"datePublished":"2015-02-16T17:05:51+00:00","breadcrumb":{"@id":"https:\/\/bodhi.name\/nb\/maya-1-force-mineure\/kapittel-10\/#breadcrumb"},"inLanguage":"nb-NO","potentialAction":[{"@type":"ReadAction","target":["https:\/\/bodhi.name\/nb\/maya-1-force-mineure\/kapittel-10\/"]}]},{"@type":"BreadcrumbList","@id":"https:\/\/bodhi.name\/nb\/maya-1-force-mineure\/kapittel-10\/#breadcrumb","itemListElement":[{"@type":"ListItem","position":1,"name":"\u0413\u043b\u0430\u0432\u043d\u0430\u044f \u0441\u0442\u0440\u0430\u043d\u0438\u0446\u0430","item":"https:\/\/bodhi.name\/nb\/"},{"@type":"ListItem","position":2,"name":"Maya-1: Force mineure","item":"https:\/\/bodhi.name\/nb\/maya-1-force-mineure\/"},{"@type":"ListItem","position":3,"name":"Kapittel 10"}]},{"@type":"WebSite","@id":"https:\/\/bodhi.name\/ru\/#website","url":"https:\/\/bodhi.name\/ru\/","name":"Utvalg av tiltrekkende tilstander","description":" Eksperimentell psykologi","potentialAction":[{"@type":"SearchAction","target":{"@type":"EntryPoint","urlTemplate":"https:\/\/bodhi.name\/ru\/?s={search_term_string}"},"query-input":{"@type":"PropertyValueSpecification","valueRequired":true,"valueName":"search_term_string"}}],"inLanguage":"nb-NO"}]}},"_links":{"self":[{"href":"https:\/\/bodhi.name\/nb\/wp-json\/wp\/v2\/pages\/8461","targetHints":{"allow":["GET"]}}],"collection":[{"href":"https:\/\/bodhi.name\/nb\/wp-json\/wp\/v2\/pages"}],"about":[{"href":"https:\/\/bodhi.name\/nb\/wp-json\/wp\/v2\/types\/page"}],"author":[{"embeddable":true,"href":"https:\/\/bodhi.name\/nb\/wp-json\/wp\/v2\/users\/8235"}],"replies":[{"embeddable":true,"href":"https:\/\/bodhi.name\/nb\/wp-json\/wp\/v2\/comments?post=8461"}],"version-history":[{"count":1,"href":"https:\/\/bodhi.name\/nb\/wp-json\/wp\/v2\/pages\/8461\/revisions"}],"predecessor-version":[{"id":8462,"href":"https:\/\/bodhi.name\/nb\/wp-json\/wp\/v2\/pages\/8461\/revisions\/8462"}],"up":[{"embeddable":true,"href":"https:\/\/bodhi.name\/nb\/wp-json\/wp\/v2\/pages\/8272"}],"wp:attachment":[{"href":"https:\/\/bodhi.name\/nb\/wp-json\/wp\/v2\/media?parent=8461"}],"curies":[{"name":"wp","href":"https:\/\/api.w.org\/{rel}","templated":true}]}}