{"id":8403,"date":"2015-02-16T19:46:51","date_gmt":"2015-02-16T15:46:51","guid":{"rendered":"http:\/\/bodhi.name\/?page_id=8403"},"modified":"2015-02-16T19:46:51","modified_gmt":"2015-02-16T15:46:51","slug":"kapittel-8","status":"publish","type":"page","link":"https:\/\/bodhi.name\/nb\/maya-1-force-mineure\/kapittel-8\/","title":{"rendered":"Kapittel 8"},"content":{"rendered":"<p>&#8230;Sn\u00f8 har blitt t\u00f8rr og hard. Sterk vind har gjort sn\u00f8 s\u00e5 tett at det var vanskelig \u00e5 g\u00e5 p\u00e5 den. Det var vanskelig \u00e5 gripe i sn\u00f8 med ishakke. Den vestlige krone av Elbrus har liknet p\u00e5 en vennlig berg med en bl\u00e5 himmel p\u00e5 bakgrunn. Det var en skygge over krone. Det betydde at det var enstorme over krone. Det virket at toppen befinner seg ikke langt unna. Vi var en halv kilometer unna den. Jeg har opplevd b\u00e5de tretthet og hodepine.<\/p>\n<p>Det var s\u00e5 mye t\u00e5k omkring oss. Det var ogs\u00e5 mye sn\u00f8. Vi har satt opp et telt. Det skal ta va en halv time for \u00e5 klatre opp en isvegg i morgen. Oleg har allerede begynt \u00e5 lide av herpes pga det at han har ikke sm\u00f8rt lepper godt nok i g\u00e5r. Jeg har opplevd apati og s\u00f8vnighet. Det ble varmt i telt og jeg kunne egentlig ikke forst\u00e5 hvordan f\u00f8ler jeg seg. Det var mye d\u00e5rligere enn om jeg hadde f\u00f8lt seg d\u00e5rlig. Det var nok \u00e5 lukke \u00f8yer for \u00e5 se synsbilder av de hardeste dager&#8230; vihar klatret opp skritt for skritt&#8230; ti skritt frem og kort hvile. Et liv er delt opp i ti skritt. Jeg hadde tunge st\u00f8vler \u201dAsolo\u201d p\u00e5 sine bein. Jeg hadde et minutt av hvile etter hundre skritt. Jeg har legget seg p\u00e5 sn\u00f8 og pr\u00f8vde \u00e5 puste med hele bryst&#8230; Jeg pr\u00f8vde \u00e5 ikke tenke om vanskeligheter&#8230; jeg g\u00e5r til toppen igjen. Det er s\u00e5 mange sprekk under mine bein. Jeg har til og med nesten falt i en av sprekkene en gang. Det var umulig \u00e5 f\u00e5 sekken av seg. Jeg forstod at gutter skal trekke meg opp igjen snart. Jeg har ikke opplevd noen frykt da. Jeg har sikkert en fjellsykdom.<\/p>\n<p>&#8211; Du m\u00e5 gj\u00f8re noe, &#8212; noen stemme trekker meg ut fra mine dr\u00f8mmer \u2013 oj, dette er Andrey. \u2013 Det beste m\u00e5te er \u00e5 gj\u00f8re noe. Du kan enten bygge en vegg for \u00e5 beskytte telt fra vind eller snakke med noen.<\/p>\n<p>Jeg f\u00f8ler smerte pga hver eneste bevegelse.<\/p>\n<p>&#8211; Her har du. Drikk dette. \u2013 Andrey gir meg noen tabletter.<\/p>\n<p>&#8211; Hva er dette?<\/p>\n<p>&#8211; Dette er cyanid. Du skal f\u00f8ler seg bedre snart&#8230;<\/p>\n<p>Dette er ikke s\u00e5 latterlig&#8230; er dette analgetikum? Jeg drikker den og sette seg.<\/p>\n<p>&#8211; Hva har du s\u00f8kt p\u00e5 i Meksika? \u2013 jeg sp\u00f8r Oleg.<\/p>\n<p>Han ser p\u00e5 meg og smiler. Han forst\u00e5r at det er ikke bare oppmerksomhet som f\u00e5r meg til \u00e5 sp\u00f8rre ham.<\/p>\n<p>&#8211; Viten som kunne ha f\u00e5tt meg utenom grenser av denne verden.<\/p>\n<p>&#8211; Hvorfor \u00f8nsker du \u00e5 g\u00e5 dit?<\/p>\n<p>&#8211; Du har sikkert lest Kastaneda? \u2013 jeg har nikket og han har fortsettet sin fortelling, &#8212; jeg har \u00f8nsket \u00e5 finne heksemestere. Jeg trodde at jeg skal kunne skape et form\u00e5l for \u00e5 finne dem. (<i>Er du syk eller? Gikk til fjells sammen med ham.. Han skal s\u00f8ke p\u00e5 heksemestere her ogs\u00e5<\/i>). Men jeg har ikke klart \u00e5 finne noen heksemestere der. Jeg har reist fra sted til et sted i l\u00f8pet av noen uker for \u00e5 finne dem. Det var umulig \u00e5 leve i en by pga br\u00e5k og skitt. Og det var farlig \u00e5 leve langt unna turister. Jeg kunne ha fortalt mye om disse reiser. Men dette har ingen betydning fordi at jeg var ikke interissert i selve reiser. Jeg har v\u00e6rt i alle steder Kastaneda har skrevet om. Du kan forestille seg hvor skuffet har jeg v\u00e6rt etter \u00e5 ha sett vanlige steder med mange r\u00f8ykende turister der. Jeg trodde at jeg var klar til \u00e5 se dette.<\/p>\n<p>Han har tiet for en stund og s\u00e5 ned. Det virket at det var vanskelig for ham \u00e5 fortsette. Jeg har opplevd sympati igjen. Han har s\u00f8kt p\u00e5 noe viktig for seg. Og dette vekker gjenklang hos meg. Dette er mye bedre enn et vanlig liv som for\u00e5rsaker kun tilfredshet. Jeg har husket om en veninne som har funnet en mening med liv i det \u00e5 samle ting for dekorering av leilighet \u2026<\/p>\n<p>&#8211; Nesten to \u00e5r av nyttel\u00f8s s\u00f8k har f\u00f8rt meg til et helt umerkbar sted. Det var ingen spesielle bygninger der. Det var noe som har trekt meg som en magnet. Dette var en liten by i nord Meksika. Jeg har v\u00e6rt der f\u00f8r. Men jeg har ikke husket navn p\u00e5 den. Jeg har kommet til denne by sent i morgen. Det skulle bli veldig het. Jeg spiste et m\u00e5ltid i en ikke s\u00e5 god kafe og gikk for \u00e5 spasere i byen. (<i>Han opplever s\u00e5 mye utilfredshet og skuffelse<\/i>). Jeg har tenkt om det at jeg m\u00e5 reise hjem tross det at jeg har bestemt \u00e5 ikke vende tilbake uten et resultat. Disse to \u00e5r har for\u00e5rsakt s\u00e5 mye skuffelse hos meg at jeg har opplevd et \u00f8nske til \u00e5 leve som et vanlig menneske. Jeg kunne ikke fortsette sin reise. Og jeg kune ikke vende tilbake heller.<\/p>\n<p>&#8211; Hvorfor tenkte du at du kan finne noe for seg bare i disse steder?<\/p>\n<p>&#8211; Fordi at jeg har \u00f8nsket \u00e5 reise til et sted hvor Kastaneda har studert.<\/p>\n<p>&#8211; Har ikke du v\u00e6rt skuffet av virkelighet?<\/p>\n<p>&#8211; Jeg vet ikke. Jeg husker ikke. Jeg \u00f8nsker egentlig ikke \u00e5 huske p\u00e5 dette. Jeg har sikkert opplevd b\u00e5de et \u00f8nske til \u00e5 finne noe og bestrebelse samt en f\u00f8lelse av selvviktighet.<\/p>\n<p>&#8211; Og hva har hendt i denne by?<\/p>\n<p>Oleg s\u00e5 p\u00e5 teltens vegg og tenkte om det er verdt \u00e5 fortelle eller ikke. Hans ansikt var velgi seri\u00f8st. Jeg har tiet. Andrey var ikke interissert i v\u00e5r samtale. Andrey har begynt \u00e5 sove med en \u00e5pen munn.<\/p>\n<p>&#8211; Jeg har funnet noe jeg har s\u00f8kt p\u00e5.<\/p>\n<p>&#8211; ???<\/p>\n<p>&#8211; Ja, jeg har funnet noe jeg har s\u00f8kt i l\u00f8pet av to \u00e5r.<\/p>\n<p>&#8211; Hva har du funnet da?<\/p>\n<p>&#8211; Du skal le av meg..:) Men det spiller ingen rolle&#8230; Jeg har allerde mistet alt. Og du kan godt tenke at jeg har blitt gal. Jeg har spasert langs en gate sakte. Jeg har tenkt om det at jeg m\u00e5 gjemme seg fra hete. Jeg har sovet d\u00e5rlig i l\u00f8pet de siste dager. Jeg har ogs\u00e5 r\u00f8yket mye. Jeg gikk til utkant av by og f\u00f8lte seg d\u00e5rlig. Det oppstod en barf\u00f8tt liten jente foran meg. Hun s\u00e5 p\u00e5 meg medlidende og viste meg at jeg kan f\u00f8lge etter henne. Jeg gikk etter henne. Vi har kommet til en gammel hage med h\u00f8ye frukt tre. Jeg har \u00f8nsket \u00e5 sette seg i skygge. Men jenta har trekt meg til et hus. Jeg husker ikke hva for et hus var det. Jeg husker bare at det var kald og m\u00f8rkt der. Etter \u00e5 ha kommet inn jeg f\u00f8lte seg veldig svak. Jenta har ropt p\u00e5 noen. Jeg h\u00f8rte skritt og s\u00e5 har jeg f\u00f8lt at noen hjelper meg \u00e5 komme til et rom og sette seg i en stol. N\u00e5 kunne jeg se p\u00e5 en som har hjelpet meg.<\/p>\n<p>Dette var en liten hindu kvinne. Hennes ansikt var seri\u00f8s med vennlig. Hun har satt meg p\u00e5 en stremadrass og sa (p\u00e5 en d\u00e5rlig spansk) at hun skal hente meg vann. Jeg var alene i en halv m\u00f8rkt rom. Jeg har opplevd redsel. Hvor her jeg egentlig befant seg? Jeg har kommet til et vindu og s\u00e5 bare tr\u00e6r og en stor vegg langt unna. En kvinne har kommet tilbake med vann. Hun spurte hva gj\u00f8r jeg i byen. Jeg har sagt at jeg er en turist. Jeg har ikke \u00f8nsket \u00e5 skremme henne med sine fortellinger om heksemestere. Men hun visste akkurat hvorfor har jeg kommet hit. Jeg har drikket vann og f\u00f8lte at kroppen ble stadig tyngre. Hun har legget meg p\u00e5 madras. Jeg har fortsatt h\u00f8rt hennes stemme som har for\u00e5rsakt en f\u00f8lelse av beskyttelse i meg. Plutselig jeg har befunnet seg i en \u00f8rken. Det er vanskelig \u00e5 tro p\u00e5 dette. Men jeg har virkelig v\u00e6rt i en \u00f8rken. Dette var ikke en dr\u00f8m.<\/p>\n<p>Andrey har snudd seg p\u00e5 ryggen i l\u00f8pet av s\u00f8vn. Oleg har stanset og s\u00e5 p\u00e5 meg. S\u00e5 har han fortsettet sin fortelling.<\/p>\n<p>&#8211; Jeg har opplevd bevisste dr\u00f8mmer flere ganger. Men DETTE var noe helt annet. Dette var virkelig. Jeg har v\u00e6rt der p\u00e5 det samme m\u00e5te som jeg befinner seg her med dere. Jeg hadde kontroll over sin kropp og kunne se omkring seg. Jeg har r\u00f8rt p\u00e5 jord og seg selv. Jeg har ingen tvil i det at dette var ingen dr\u00f8m. Men det skulle sikkert v\u00e6re bedre \u00e5 oppleve en dr\u00f8m for \u00e5 unng\u00e5 alle disse lidelser&#8230; Jeg gikk gjennom \u00f8rken. Jeg s\u00e5 fjell og jeg visste at noe skal skje snart. Jeg var ikke redd fordi at jeg har ventet p\u00e5 det s\u00e5 lenge. Snart s\u00e5 jeg en mann som har g\u00e5tt mot meg. Jeg s\u00e5 p\u00e5 ham. Dette var en hindu kledd som en arbeider. Det virket at han har forlatt sin jobb for \u00e5sankke med meg. Han kom til meg og s\u00e5 p\u00e5 meg. Han s\u00e5 ut akkurat p\u00e5 en m\u00e5te Kastaneda har beskrevet heksemestere p\u00e5! Jeg skal aldri glemme hans \u00f8yer. (<i>Du har sikkert problemer med hode&#8230;). <\/i>Hans \u00f8yer s\u00e5 ut som gudens \u00f8yer. Han sa meg f\u00f8lgende: \u201ddu kan g\u00e5 med meg og da skal du aldri vende tilbake. Men akkurat n\u00e5 d\u00f8r faren din av kreft og det er ingen ved siden av ham for \u00e5 st\u00f8tte ham\u201d. Jeg har opplevd en s\u00e5 sterk lidelse at jeg har nesten gr\u00e5tet. Hvordan kunne jeg g\u00e5 frem vitende at en som harg gitt meg et LIV d\u00f8r? Og hvordan kunne jeg nekte den eneste sjanse? Jeg kunne ikke ta en avgj\u00f8relse&#8230;<\/p>\n<p>Oleg har tiet og ble veldig trist. Plutselig forstod jeg at han har aldri fortalt denne historie til noen. Han har sikkert opplevd mye lidelse pga datidens situasjon.<\/p>\n<p>&#8211; Da jeg har v\u00e5knet opp, s\u00e5 jeg at jeg sitter ved en vegg og barn ser p\u00e5 meg. De trodde sikkert at jeg er full. De lo av meg. Jeg hadde vondt i hele kropp&#8230; Jeg gikk til hotellet og sovnet der. Jeg vet ikke hvor lenge har jeg sovet. Jeg har v\u00e5knet i en annen by og i et annet hotellrom. Jeg har kanskje tatt bussen og drakk \u00f8l. Jeg husker ikke&#8230; Noen har hjelpet meg \u00e5 komme hit. Jeg tok sin sekk og gikk til administrasjon p\u00e5 hotell for \u00e5 f\u00e5 vite hvordan har jeg kommet dit. Administrator har ringet til politi og jeg m\u00e5tte flykte. Jeg tok taxi og reiste til busstasjon. S\u00e5 har jeg reist hjemme.<\/p>\n<p>&#8211; Og hva med din far? Var det sant at han var syk?<\/p>\n<p>&#8211; Det var sant. Han har allerede d\u00f8dd da jeg har kommet hjem.<\/p>\n<p>Jeg har begynt \u00e5 tenke at Oleg er syk etter at han har fortalt meg alt dette. Han har sikkert spist noe d\u00e5rlig i Meksika. Jeg har bestemt \u00e5 snakke om dette med Andrey.<\/p>\n","protected":false},"excerpt":{"rendered":"<p>&#8230;Sn\u00f8 har blitt t\u00f8rr og hard. Sterk vind har gjort sn\u00f8 s\u00e5 tett at det var vanskelig \u00e5 g\u00e5 p\u00e5 den. Det var vanskelig \u00e5 gripe i sn\u00f8 med ishakke. Den vestlige krone av Elbrus har liknet p\u00e5 en vennlig berg med en bl\u00e5 himmel p\u00e5 bakgrunn. Det var en skygge over krone. Det betydde [&hellip;]<\/p>\n","protected":false},"author":8235,"featured_media":0,"parent":8272,"menu_order":8,"comment_status":"open","ping_status":"closed","template":"","meta":{"_acf_changed":false,"footnotes":""},"class_list":["post-8403","page","type-page","status-publish","hentry"],"acf":[],"yoast_head":"<!-- This site is optimized with the Yoast SEO plugin v27.2 - https:\/\/yoast.com\/product\/yoast-seo-wordpress\/ -->\n<title>Kapittel 8 - Utvalg av tiltrekkende tilstander<\/title>\n<meta name=\"robots\" content=\"index, follow, max-snippet:-1, max-image-preview:large, max-video-preview:-1\" \/>\n<link rel=\"canonical\" href=\"https:\/\/bodhi.name\/nb\/maya-1-force-mineure\/kapittel-8\/\" \/>\n<meta property=\"og:locale\" content=\"nb_NO\" \/>\n<meta property=\"og:type\" content=\"article\" \/>\n<meta property=\"og:title\" content=\"Kapittel 8 - Utvalg av tiltrekkende tilstander\" \/>\n<meta property=\"og:description\" content=\"&#8230;Sn\u00f8 har blitt t\u00f8rr og hard. Sterk vind har gjort sn\u00f8 s\u00e5 tett at det var vanskelig \u00e5 g\u00e5 p\u00e5 den. Det var vanskelig \u00e5 gripe i sn\u00f8 med ishakke. Den vestlige krone av Elbrus har liknet p\u00e5 en vennlig berg med en bl\u00e5 himmel p\u00e5 bakgrunn. Det var en skygge over krone. Det betydde [&hellip;]\" \/>\n<meta property=\"og:url\" content=\"https:\/\/bodhi.name\/nb\/maya-1-force-mineure\/kapittel-8\/\" \/>\n<meta property=\"og:site_name\" content=\"Utvalg av tiltrekkende tilstander\" \/>\n<meta name=\"twitter:card\" content=\"summary_large_image\" \/>\n<meta name=\"twitter:label1\" content=\"Ansl. lesetid\" \/>\n\t<meta name=\"twitter:data1\" content=\"9 minutter\" \/>\n<script type=\"application\/ld+json\" class=\"yoast-schema-graph\">{\"@context\":\"https:\/\/schema.org\",\"@graph\":[{\"@type\":\"WebPage\",\"@id\":\"https:\/\/bodhi.name\/nb\/maya-1-force-mineure\/kapittel-8\/\",\"url\":\"https:\/\/bodhi.name\/nb\/maya-1-force-mineure\/kapittel-8\/\",\"name\":\"Kapittel 8 - Utvalg av tiltrekkende tilstander\",\"isPartOf\":{\"@id\":\"https:\/\/bodhi.name\/ru\/#website\"},\"datePublished\":\"2015-02-16T15:46:51+00:00\",\"breadcrumb\":{\"@id\":\"https:\/\/bodhi.name\/nb\/maya-1-force-mineure\/kapittel-8\/#breadcrumb\"},\"inLanguage\":\"nb-NO\",\"potentialAction\":[{\"@type\":\"ReadAction\",\"target\":[\"https:\/\/bodhi.name\/nb\/maya-1-force-mineure\/kapittel-8\/\"]}]},{\"@type\":\"BreadcrumbList\",\"@id\":\"https:\/\/bodhi.name\/nb\/maya-1-force-mineure\/kapittel-8\/#breadcrumb\",\"itemListElement\":[{\"@type\":\"ListItem\",\"position\":1,\"name\":\"\u0413\u043b\u0430\u0432\u043d\u0430\u044f \u0441\u0442\u0440\u0430\u043d\u0438\u0446\u0430\",\"item\":\"https:\/\/bodhi.name\/nb\/\"},{\"@type\":\"ListItem\",\"position\":2,\"name\":\"Maya-1: Force mineure\",\"item\":\"https:\/\/bodhi.name\/nb\/maya-1-force-mineure\/\"},{\"@type\":\"ListItem\",\"position\":3,\"name\":\"Kapittel 8\"}]},{\"@type\":\"WebSite\",\"@id\":\"https:\/\/bodhi.name\/ru\/#website\",\"url\":\"https:\/\/bodhi.name\/ru\/\",\"name\":\"Utvalg av tiltrekkende tilstander\",\"description\":\" Eksperimentell psykologi\",\"potentialAction\":[{\"@type\":\"SearchAction\",\"target\":{\"@type\":\"EntryPoint\",\"urlTemplate\":\"https:\/\/bodhi.name\/ru\/?s={search_term_string}\"},\"query-input\":{\"@type\":\"PropertyValueSpecification\",\"valueRequired\":true,\"valueName\":\"search_term_string\"}}],\"inLanguage\":\"nb-NO\"}]}<\/script>\n<!-- \/ Yoast SEO plugin. -->","yoast_head_json":{"title":"Kapittel 8 - Utvalg av tiltrekkende tilstander","robots":{"index":"index","follow":"follow","max-snippet":"max-snippet:-1","max-image-preview":"max-image-preview:large","max-video-preview":"max-video-preview:-1"},"canonical":"https:\/\/bodhi.name\/nb\/maya-1-force-mineure\/kapittel-8\/","og_locale":"nb_NO","og_type":"article","og_title":"Kapittel 8 - Utvalg av tiltrekkende tilstander","og_description":"&#8230;Sn\u00f8 har blitt t\u00f8rr og hard. Sterk vind har gjort sn\u00f8 s\u00e5 tett at det var vanskelig \u00e5 g\u00e5 p\u00e5 den. Det var vanskelig \u00e5 gripe i sn\u00f8 med ishakke. Den vestlige krone av Elbrus har liknet p\u00e5 en vennlig berg med en bl\u00e5 himmel p\u00e5 bakgrunn. Det var en skygge over krone. Det betydde [&hellip;]","og_url":"https:\/\/bodhi.name\/nb\/maya-1-force-mineure\/kapittel-8\/","og_site_name":"Utvalg av tiltrekkende tilstander","twitter_card":"summary_large_image","twitter_misc":{"Ansl. lesetid":"9 minutter"},"schema":{"@context":"https:\/\/schema.org","@graph":[{"@type":"WebPage","@id":"https:\/\/bodhi.name\/nb\/maya-1-force-mineure\/kapittel-8\/","url":"https:\/\/bodhi.name\/nb\/maya-1-force-mineure\/kapittel-8\/","name":"Kapittel 8 - Utvalg av tiltrekkende tilstander","isPartOf":{"@id":"https:\/\/bodhi.name\/ru\/#website"},"datePublished":"2015-02-16T15:46:51+00:00","breadcrumb":{"@id":"https:\/\/bodhi.name\/nb\/maya-1-force-mineure\/kapittel-8\/#breadcrumb"},"inLanguage":"nb-NO","potentialAction":[{"@type":"ReadAction","target":["https:\/\/bodhi.name\/nb\/maya-1-force-mineure\/kapittel-8\/"]}]},{"@type":"BreadcrumbList","@id":"https:\/\/bodhi.name\/nb\/maya-1-force-mineure\/kapittel-8\/#breadcrumb","itemListElement":[{"@type":"ListItem","position":1,"name":"\u0413\u043b\u0430\u0432\u043d\u0430\u044f \u0441\u0442\u0440\u0430\u043d\u0438\u0446\u0430","item":"https:\/\/bodhi.name\/nb\/"},{"@type":"ListItem","position":2,"name":"Maya-1: Force mineure","item":"https:\/\/bodhi.name\/nb\/maya-1-force-mineure\/"},{"@type":"ListItem","position":3,"name":"Kapittel 8"}]},{"@type":"WebSite","@id":"https:\/\/bodhi.name\/ru\/#website","url":"https:\/\/bodhi.name\/ru\/","name":"Utvalg av tiltrekkende tilstander","description":" Eksperimentell psykologi","potentialAction":[{"@type":"SearchAction","target":{"@type":"EntryPoint","urlTemplate":"https:\/\/bodhi.name\/ru\/?s={search_term_string}"},"query-input":{"@type":"PropertyValueSpecification","valueRequired":true,"valueName":"search_term_string"}}],"inLanguage":"nb-NO"}]}},"_links":{"self":[{"href":"https:\/\/bodhi.name\/nb\/wp-json\/wp\/v2\/pages\/8403","targetHints":{"allow":["GET"]}}],"collection":[{"href":"https:\/\/bodhi.name\/nb\/wp-json\/wp\/v2\/pages"}],"about":[{"href":"https:\/\/bodhi.name\/nb\/wp-json\/wp\/v2\/types\/page"}],"author":[{"embeddable":true,"href":"https:\/\/bodhi.name\/nb\/wp-json\/wp\/v2\/users\/8235"}],"replies":[{"embeddable":true,"href":"https:\/\/bodhi.name\/nb\/wp-json\/wp\/v2\/comments?post=8403"}],"version-history":[{"count":1,"href":"https:\/\/bodhi.name\/nb\/wp-json\/wp\/v2\/pages\/8403\/revisions"}],"predecessor-version":[{"id":8404,"href":"https:\/\/bodhi.name\/nb\/wp-json\/wp\/v2\/pages\/8403\/revisions\/8404"}],"up":[{"embeddable":true,"href":"https:\/\/bodhi.name\/nb\/wp-json\/wp\/v2\/pages\/8272"}],"wp:attachment":[{"href":"https:\/\/bodhi.name\/nb\/wp-json\/wp\/v2\/media?parent=8403"}],"curies":[{"name":"wp","href":"https:\/\/api.w.org\/{rel}","templated":true}]}}