{"id":8292,"date":"2015-02-15T20:08:08","date_gmt":"2015-02-15T16:08:08","guid":{"rendered":"http:\/\/bodhi.name\/?page_id=8292"},"modified":"2015-02-15T20:08:08","modified_gmt":"2015-02-15T16:08:08","slug":"kapittel-6","status":"publish","type":"page","link":"https:\/\/bodhi.name\/nb\/maya-1-force-mineure\/kapittel-6\/","title":{"rendered":"Kapittel 6"},"content":{"rendered":"<p>&#8230;Det har hendt to \u00e5r siden. Min tidligere elskende var en profesjonell fjellklatrer&#8230; har jeg elsket ham pga dette? Jeg har likt alt knyttet til fjell helt fra barndom. Men min tidligere kj\u00e6reste var ogs\u00e5 veldig seksuell. Jeg har i l\u00f8pet av lang tid pr\u00f8vd \u00e5 overbevise ham til \u00e5 ta meg med til en fjellklatring. Men han kunne ikke ta meg fordi at jeg var for svak for \u00e5 holde hans vekt i en n\u00f8dsituasjon. Og s\u00e5 har hans gammel venn dukket opp. Han har s\u00f8kt p\u00e5 noen sjamaner i Meksika i l\u00f8pet av tre siste \u00e5r. Han har vendet tilbake til Moskva. Det var en begynnelse av april. Det var nok tid for \u00e5 forberede seg til fjellklatring i mai. S\u00e5 har jeg f\u00e5tt en ishake, en sekk og kroker. Jeg hadde massevis av n\u00f8dvendig utstyr som skulle redde meg fra kulde og sn\u00f8. Min kl\u00e6r har liknet p\u00e5 romfarers kl\u00e6r. Vi har reist fra Moskva da en virkelig v\u00e5r har begynt.<\/p>\n<p>Oleg har med en gang for\u00e5rsakt interesse hos meg pga sin uagressiv enslighet og et noks\u00e5 rar utseende. Jeg kunne ikke forst\u00e5 hvorfor var han s\u00e5 rar. Han var en person som mennesker kunne si \u201dhan er rar\u201d om. Det var litt bekymrende \u00e5 v\u00e6re sammen med ham. Jeg har \u00f8nsket \u00e5 forst\u00e5 hva for et menneske Oleg er, men han var ikke interissert i det \u00e5 kommunisere med meg. Andrey har fortalt meg at tidligere Oleg var veldig interessant og \u00e5pen person. Og jeg lurte p\u00e5 om en reise til Meksika har endret ham. Jeg har ventet p\u00e5 en sjanse til \u00e5 sp\u00f8rre ham om hva har hendt i l\u00f8pet av siste to \u00e5r.<\/p>\n<p>Ting har begynt \u00e5 skje veldig fort. Vi har reist til Minvodi rett fra Andreys hjem i Zelenograd. Vi tok en bil og fyllte flasker fra cola med lettbensin for lamper. Etter ca 4 timer vi har v\u00e6rt allered i Hurzuk \u2013 den siste landsby p\u00e5 vei til Elbrus. Vi tok alle sine ting ut fra en taxi i Hurzuk og tok dem til en vei som f\u00f8rte opp. Vi tok ut alle ting fra sekker og pakket dem inn igjen. Det var s\u00e5 mange ting der! Utstyr for fjellklatring og utstyr for varme og lys. Min sekk veide omtrent 17 kilogram. Og gutter hadde sekker med 27 kilo p\u00e5 seg. Jeg har kj\u00f8nt at klatring skal v\u00e6re veldig vanskelig allerede etter de f\u00f8rste timer.<\/p>\n<p>Om en dagers tid vi har allerede g\u00e5tt gjennom store mengder av sn\u00f8. Det var veldig vanskelig \u00e5 bevege seg, men jeg har opplevd stor glede pga at det var FJELL omkring. Det er umulig \u00e5 beskrive min glede verken med bilder eller ord. Jeg har gledet seg pga all den uendelighet og mild vind&#8230; Det var allerede m\u00f8rkt da vi har begynt \u00e5 legge seg for \u00e5 sove litt. Jeg har merket at de enkleste handlinger som f.eks. det \u00e5 sette en tent har for\u00e5rsakt veldig stor tretthet hos meg. Jeg har valgt et god plass for observering i tretti meters avstand fra tent. Jeg har \u00f8nsket \u00e5 v\u00e6re alene. Det var ingen skygger p\u00e5 himmel og det var veldig rolig. Kunne jeg h\u00f8re at en elv renner? Det er s\u00e5 rart \u00e5 h\u00f8re hver eneste lyd p\u00e5 en s\u00e5 klar m\u00e5te. Det er rart \u00e5 h\u00f8re sin egen pust (<i>jeg puster p\u00e5 en interessant m\u00e5te<\/i>!). Jeg h\u00f8rer til og med hvordan sn\u00f8 faller. Fjell har blitt r\u00f8de\u00a0 rett etter at sol har begynt \u00e5 g\u00e5 ned. Det virket at det jeg s\u00e5 har gjenklanget med min kropp og for\u00e5rsakte en f\u00f8lelse av glede i meg. Jeg har \u00f8nsket \u00e5 snu seg for \u00e5 kalle p\u00e5 noen, men jeg kunne ikke ta \u00f8yner fra fjellene. Jeg har sluttet \u00e5 f\u00f8le grenser av sin kropp i det hele tatt. Min kropp har blitt til et kald sted som har bevart MIN oppfatning. Jeg vet ikke hvor lenge har denne oppfatning v\u00e6rt. Men s\u00e5 har jeg f\u00f8lt at noen har liksom sl\u00e5tt p\u00e5 lys og jeg fant ut at min rompa har blitt litt forkj\u00f8let. Jeg har f\u00f8lt noe lignende for f\u00f8rste gang i sitt liv.<\/p>\n<p>Jeg f\u00f8lte en liten svakhet etter \u00e5 ha st\u00e5tt opp. Men denne svakhet var behagelig. Det virker at mine venner har ikke merket noe. De var opptatt med hverdaglige handlinger. Jeg har bestemt \u00e5 ikke fortelle dem om sine opplevelser.<\/p>\n<p>Det har blitt veldig kalt etter at solen gikk ned. Jeg kunne ikke forestille seg at hete kan bli erstattet med kulde s\u00e5 raskt! Vi ble ferdige med sin mat og tok p\u00e5 oss sovesekker. Jeg hadde noen ubetydelige dr\u00f8mmer om natt. Og s\u00e5 har jeg plutselig opplevd et klar lys fra allesteds. Det var umulig \u00e5 gjemme seg fra dette lys. Jeg har begynt \u00e5 skrike av redsel. Jeg trodde at lyset skal rive meg i stikker. Jeg har v\u00e5knet opp. Andrey spurte hva har hendt. Jeg har fortalt ham om sin dr\u00f8m. Han sa at dette er sikkert et fjellsykdom.<\/p>\n<p>Oleg har vekket meg om morgen. Han ga meg en lue, solbriller og krem for \u00e5 beskytte seg fra sol.<\/p>\n<p>&#8211; Du m\u00e5 ikke g\u00e5 ut uten disse ting, &#8212; han har snakket med meg p\u00e5 en overholdende m\u00e5te. Og min selvsikkehet har blitt s\u00e5ret pga dette.<\/p>\n<p>Sola skinte sterkt over v\u00e5te hoder. Det var s\u00e5 varmt at jeg har begynt \u00e5 ta av vinterkl\u00e6r. Vi gikk opp med ishakker i v\u00e5re hender. Ingenting har antydet verken p\u00e5 vanskeligheter eller en tragedie.<\/p>\n","protected":false},"excerpt":{"rendered":"<p>&#8230;Det har hendt to \u00e5r siden. Min tidligere elskende var en profesjonell fjellklatrer&#8230; har jeg elsket ham pga dette? Jeg har likt alt knyttet til fjell helt fra barndom. Men min tidligere kj\u00e6reste var ogs\u00e5 veldig seksuell. Jeg har i l\u00f8pet av lang tid pr\u00f8vd \u00e5 overbevise ham til \u00e5 ta meg med til en [&hellip;]<\/p>\n","protected":false},"author":8235,"featured_media":0,"parent":8272,"menu_order":6,"comment_status":"open","ping_status":"closed","template":"","meta":{"_acf_changed":false,"footnotes":""},"class_list":["post-8292","page","type-page","status-publish","hentry"],"acf":[],"yoast_head":"<!-- This site is optimized with the Yoast SEO plugin v27.2 - https:\/\/yoast.com\/product\/yoast-seo-wordpress\/ -->\n<title>Kapittel 6 - Utvalg av tiltrekkende tilstander<\/title>\n<meta name=\"robots\" content=\"index, follow, max-snippet:-1, max-image-preview:large, max-video-preview:-1\" \/>\n<link rel=\"canonical\" href=\"https:\/\/bodhi.name\/nb\/maya-1-force-mineure\/kapittel-6\/\" \/>\n<meta property=\"og:locale\" content=\"nb_NO\" \/>\n<meta property=\"og:type\" content=\"article\" \/>\n<meta property=\"og:title\" content=\"Kapittel 6 - Utvalg av tiltrekkende tilstander\" \/>\n<meta property=\"og:description\" content=\"&#8230;Det har hendt to \u00e5r siden. Min tidligere elskende var en profesjonell fjellklatrer&#8230; har jeg elsket ham pga dette? Jeg har likt alt knyttet til fjell helt fra barndom. Men min tidligere kj\u00e6reste var ogs\u00e5 veldig seksuell. Jeg har i l\u00f8pet av lang tid pr\u00f8vd \u00e5 overbevise ham til \u00e5 ta meg med til en [&hellip;]\" \/>\n<meta property=\"og:url\" content=\"https:\/\/bodhi.name\/nb\/maya-1-force-mineure\/kapittel-6\/\" \/>\n<meta property=\"og:site_name\" content=\"Utvalg av tiltrekkende tilstander\" \/>\n<meta name=\"twitter:card\" content=\"summary_large_image\" \/>\n<meta name=\"twitter:label1\" content=\"Ansl. lesetid\" \/>\n\t<meta name=\"twitter:data1\" content=\"5 minutter\" \/>\n<script type=\"application\/ld+json\" class=\"yoast-schema-graph\">{\"@context\":\"https:\/\/schema.org\",\"@graph\":[{\"@type\":\"WebPage\",\"@id\":\"https:\/\/bodhi.name\/nb\/maya-1-force-mineure\/kapittel-6\/\",\"url\":\"https:\/\/bodhi.name\/nb\/maya-1-force-mineure\/kapittel-6\/\",\"name\":\"Kapittel 6 - Utvalg av tiltrekkende tilstander\",\"isPartOf\":{\"@id\":\"https:\/\/bodhi.name\/ru\/#website\"},\"datePublished\":\"2015-02-15T16:08:08+00:00\",\"breadcrumb\":{\"@id\":\"https:\/\/bodhi.name\/nb\/maya-1-force-mineure\/kapittel-6\/#breadcrumb\"},\"inLanguage\":\"nb-NO\",\"potentialAction\":[{\"@type\":\"ReadAction\",\"target\":[\"https:\/\/bodhi.name\/nb\/maya-1-force-mineure\/kapittel-6\/\"]}]},{\"@type\":\"BreadcrumbList\",\"@id\":\"https:\/\/bodhi.name\/nb\/maya-1-force-mineure\/kapittel-6\/#breadcrumb\",\"itemListElement\":[{\"@type\":\"ListItem\",\"position\":1,\"name\":\"\u0413\u043b\u0430\u0432\u043d\u0430\u044f \u0441\u0442\u0440\u0430\u043d\u0438\u0446\u0430\",\"item\":\"https:\/\/bodhi.name\/nb\/\"},{\"@type\":\"ListItem\",\"position\":2,\"name\":\"Maya-1: Force mineure\",\"item\":\"https:\/\/bodhi.name\/nb\/maya-1-force-mineure\/\"},{\"@type\":\"ListItem\",\"position\":3,\"name\":\"Kapittel 6\"}]},{\"@type\":\"WebSite\",\"@id\":\"https:\/\/bodhi.name\/ru\/#website\",\"url\":\"https:\/\/bodhi.name\/ru\/\",\"name\":\"Utvalg av tiltrekkende tilstander\",\"description\":\" Eksperimentell psykologi\",\"potentialAction\":[{\"@type\":\"SearchAction\",\"target\":{\"@type\":\"EntryPoint\",\"urlTemplate\":\"https:\/\/bodhi.name\/ru\/?s={search_term_string}\"},\"query-input\":{\"@type\":\"PropertyValueSpecification\",\"valueRequired\":true,\"valueName\":\"search_term_string\"}}],\"inLanguage\":\"nb-NO\"}]}<\/script>\n<!-- \/ Yoast SEO plugin. -->","yoast_head_json":{"title":"Kapittel 6 - Utvalg av tiltrekkende tilstander","robots":{"index":"index","follow":"follow","max-snippet":"max-snippet:-1","max-image-preview":"max-image-preview:large","max-video-preview":"max-video-preview:-1"},"canonical":"https:\/\/bodhi.name\/nb\/maya-1-force-mineure\/kapittel-6\/","og_locale":"nb_NO","og_type":"article","og_title":"Kapittel 6 - Utvalg av tiltrekkende tilstander","og_description":"&#8230;Det har hendt to \u00e5r siden. Min tidligere elskende var en profesjonell fjellklatrer&#8230; har jeg elsket ham pga dette? Jeg har likt alt knyttet til fjell helt fra barndom. Men min tidligere kj\u00e6reste var ogs\u00e5 veldig seksuell. Jeg har i l\u00f8pet av lang tid pr\u00f8vd \u00e5 overbevise ham til \u00e5 ta meg med til en [&hellip;]","og_url":"https:\/\/bodhi.name\/nb\/maya-1-force-mineure\/kapittel-6\/","og_site_name":"Utvalg av tiltrekkende tilstander","twitter_card":"summary_large_image","twitter_misc":{"Ansl. lesetid":"5 minutter"},"schema":{"@context":"https:\/\/schema.org","@graph":[{"@type":"WebPage","@id":"https:\/\/bodhi.name\/nb\/maya-1-force-mineure\/kapittel-6\/","url":"https:\/\/bodhi.name\/nb\/maya-1-force-mineure\/kapittel-6\/","name":"Kapittel 6 - Utvalg av tiltrekkende tilstander","isPartOf":{"@id":"https:\/\/bodhi.name\/ru\/#website"},"datePublished":"2015-02-15T16:08:08+00:00","breadcrumb":{"@id":"https:\/\/bodhi.name\/nb\/maya-1-force-mineure\/kapittel-6\/#breadcrumb"},"inLanguage":"nb-NO","potentialAction":[{"@type":"ReadAction","target":["https:\/\/bodhi.name\/nb\/maya-1-force-mineure\/kapittel-6\/"]}]},{"@type":"BreadcrumbList","@id":"https:\/\/bodhi.name\/nb\/maya-1-force-mineure\/kapittel-6\/#breadcrumb","itemListElement":[{"@type":"ListItem","position":1,"name":"\u0413\u043b\u0430\u0432\u043d\u0430\u044f \u0441\u0442\u0440\u0430\u043d\u0438\u0446\u0430","item":"https:\/\/bodhi.name\/nb\/"},{"@type":"ListItem","position":2,"name":"Maya-1: Force mineure","item":"https:\/\/bodhi.name\/nb\/maya-1-force-mineure\/"},{"@type":"ListItem","position":3,"name":"Kapittel 6"}]},{"@type":"WebSite","@id":"https:\/\/bodhi.name\/ru\/#website","url":"https:\/\/bodhi.name\/ru\/","name":"Utvalg av tiltrekkende tilstander","description":" Eksperimentell psykologi","potentialAction":[{"@type":"SearchAction","target":{"@type":"EntryPoint","urlTemplate":"https:\/\/bodhi.name\/ru\/?s={search_term_string}"},"query-input":{"@type":"PropertyValueSpecification","valueRequired":true,"valueName":"search_term_string"}}],"inLanguage":"nb-NO"}]}},"_links":{"self":[{"href":"https:\/\/bodhi.name\/nb\/wp-json\/wp\/v2\/pages\/8292","targetHints":{"allow":["GET"]}}],"collection":[{"href":"https:\/\/bodhi.name\/nb\/wp-json\/wp\/v2\/pages"}],"about":[{"href":"https:\/\/bodhi.name\/nb\/wp-json\/wp\/v2\/types\/page"}],"author":[{"embeddable":true,"href":"https:\/\/bodhi.name\/nb\/wp-json\/wp\/v2\/users\/8235"}],"replies":[{"embeddable":true,"href":"https:\/\/bodhi.name\/nb\/wp-json\/wp\/v2\/comments?post=8292"}],"version-history":[{"count":1,"href":"https:\/\/bodhi.name\/nb\/wp-json\/wp\/v2\/pages\/8292\/revisions"}],"predecessor-version":[{"id":8293,"href":"https:\/\/bodhi.name\/nb\/wp-json\/wp\/v2\/pages\/8292\/revisions\/8293"}],"up":[{"embeddable":true,"href":"https:\/\/bodhi.name\/nb\/wp-json\/wp\/v2\/pages\/8272"}],"wp:attachment":[{"href":"https:\/\/bodhi.name\/nb\/wp-json\/wp\/v2\/media?parent=8292"}],"curies":[{"name":"wp","href":"https:\/\/api.w.org\/{rel}","templated":true}]}}