{"id":8286,"date":"2015-02-15T12:35:36","date_gmt":"2015-02-15T08:35:36","guid":{"rendered":"http:\/\/bodhi.name\/?page_id=8286"},"modified":"2015-02-15T12:35:36","modified_gmt":"2015-02-15T08:35:36","slug":"kapittel-3","status":"publish","type":"page","link":"https:\/\/bodhi.name\/nb\/maya-1-force-mineure\/kapittel-3\/","title":{"rendered":"Kapittel 3"},"content":{"rendered":"<p>Et rom med vellukter, varm badekar, ren seng. Alt dette er en katarsis. Jeg skal bo her i noen dager. Ram hadde rett i det at jeg har aldri f\u00f8lt s\u00e5 stor glede av s\u00e5 enkle ting (vann og seng). Jeg har sovet i l\u00f8pet av tre timer. Det var bare noen minutter over kl. seks om kveld, men m\u00f8rke har allerede spredt seg p\u00e5 gater. Jeg visste ikke hva for et lys har str\u00e5let inn til rommet gjennom vinduer.<\/p>\n<p>Tretthet har fortsatt fremvist seg. En sulten tiger kunne stoppes lettere enn jeg n\u00e5. Jeg har \u00f8nsket \u00e5 bli kjent med det nye livet. Jeg har tatt p\u00e5 seg kl\u00e6r og gikk ut. Lyset var utsr\u00e5lt fra sm\u00e5 sirkelformete gatelyser.<\/p>\n<p>Sjafi sitter ikke langt unna i en plast stol. Han snakker med noen&#8230; Han s\u00e5 meg og gikk til meg.<\/p>\n<p>&#8211; Hadde de en god hvile, mrs?<\/p>\n<p>&#8211; Akkurat!<\/p>\n<p>&#8211; Trenger de noe?<\/p>\n<p>(Jeg trenger selvsagt noe! Jeg har kommet hit pga dette&#8230;)<\/p>\n<p>&#8211; Nei, det er bra. Jeg skal si deg om jeg skal trenge noe.<\/p>\n<p>&#8211; Bare si ifra. Jeg skal gj\u00f8re alt for \u00e5 skape paradis for deg, &#8212; han har sagt dette slik at jeg har opplevd et \u00f8nske til \u00e5 si at jeg trenger ikke s\u00e5 mye ting. \u2013 Hva skal de ha for frokost? Vi skal kunne lage kj\u00f8tt bare i morgen.<\/p>\n<p>&#8211; Jeg blir tilfredsstillt med vegetariansk mat. Men jeg \u00f8nsker ikke \u00e5 ha en krydet mat! \u2013 jeg husker fortsatt krydet mat fra Dehli.<\/p>\n<p>Det er vanskelig \u00e5 forklare til en hindu person at du \u00f8nsker ikke \u00e5 ha krydet mat. De liker \u00e5 spise pikant mat hele tid. Det g\u00e5r ikke heller an \u00e5 si \u201dnot too hot\u201d for at da skal de gi deg kald mat.<\/p>\n<p>Sjafi nikket.<\/p>\n<p>&#8211; Jeg forst\u00e5r deg&#8230; Alle utlendinger ber om denne type mat, &#8212; ingen har v\u00e6rt misforn\u00f8yd med mat her. Min mor koker bra.<\/p>\n<p>&#8211; Og jeg skal ogs\u00e5 ha noen desert med den urtete fra rommet.<\/p>\n<p>Han smilte.<\/p>\n<p>&#8211; Dett er en spesiell te fra Kasjmir. Likte de den?<\/p>\n<p>&#8211; Ja, hva lager dere den av?<\/p>\n<p>Han fortalte om noen ubetydelige for meg ingredienter.<\/p>\n<p>&#8211; Kan jeg kj\u00f8pe den i butikk?<\/p>\n<p>&#8211; Nei! De har ikke den samme smak i butikk. Urtete lages i fjeller. Det blir regnet at bare ugifte jenter kan lage den.<\/p>\n<p>&#8211; Hvorfor bare ugiftige?<\/p>\n<p>(<i>Jo, en ugiftig betyr jomfru i disse steder\u2026<\/i>)<\/p>\n<p>&#8211; Fordi at ingen har enn\u00e5 blitt skadet.<\/p>\n<p>&#8211; Jeg forst\u00e5r&#8230; jeg kan ikke v\u00e6re \u00e6rlig i slike situasjoner. Jeg smiler og tenker p\u00e5 det at jeg f\u00f8ler seg syk pga hans fortellinger og sin egen atferd. Men jeg kan ikke stanse v\u00e5r samtale. \u2013 Har du en god familie?<\/p>\n<p>&#8211; Jeg har fire br\u00f8dre og tre s\u00f8stre. Og mange av kusiner ogs\u00e5. En av mine nev\u00f8er skal ha et bryllup snart. Det ville ha v\u00e6rt bra \u00e5 invitere dere.<\/p>\n<p>Jeg liker denne ide om \u00e5 bes\u00f8ke et hindu bryllup. Jeg har sett hindisk bryllup bare p\u00e5 kino. N\u00e5 forst\u00e5r jeg at noe som blir vist p\u00e5 kino kan ikke sammenliknes med virkelig liv i India.<\/p>\n<p>&#8211; Skal jeg ha tid, s\u00e5 skal jeg sikkert bes\u00f8ke bryllupet.<\/p>\n<p>&#8211; Men du bestemmer jo selv om du skal v\u00e6re her eller ikke?<\/p>\n<p>Dette er de samme sp\u00f8rsm\u00e5l som moren min har spurt meg. Hun kunne ikke fatte at jeg har ingen aning p\u00e5 det n\u00e5r skal jeg v\u00e6re hjemme fra party. Det avhenger bare av om jeg skal oppleve et \u00f8nske til \u00e5 g\u00e5 hjemme eller ikke. Hvordan kan jeg planlegge noe? Moren har alltid \u00f8nsket \u00e5 f\u00e5 meg til \u00e5 handle som hun \u00f8nsker. Jeg m\u00e5tte komme hjemme akkurat i den tid hun har sagt meg.<\/p>\n<p>&#8211; Det om jeg skal v\u00e6re her eller ikke avhenger av mine \u00f8nsker. Og jeg vet ikke hva avhenger mine \u00f8nsker av.<\/p>\n<p>Sjafi har sluttet \u00e5 prate. Han har sikkert ikke forentet noen betydelige tanker fra en turist. Etter en liten pause Sjafi tilbyr meg \u00e5 komme n\u00e6rmere vann. Der st\u00e5r det noen stoler av plast.<\/p>\n<p>Han har sagt at Alen er hans bror&#8230;Han ser egentlig ikke ut som en hindu. Jeg \u00f8nsker \u00e5 fl\u00f8rte. Men nei, jeg f\u00e5r ingenting som et svar. Jeg blir skuffet for en stund. Disse hindu kan ikke v\u00e6re mine partnere.<\/p>\n<p>Det er bra at b\u00e5de Sjafi og hans bror forst\u00e5r at de m\u00e5 gj\u00f8re alt mulig for \u00e5 f\u00e5 meg til \u00e5 leve her s\u00e5 lenge som mulig.<\/p>\n<p>Jeg stanser for \u00e5 h\u00f8re p\u00e5 sine f\u00f8lelser. Jeg opplever behagelig tretthet. Jeg \u00f8nsker ikke \u00e5 gj\u00f8re noe. Men dette er verken lathet eller apati. Denne sinnsro er underlig. Den virker p\u00e5 en umerkbar m\u00e5te. Denne sinnsro uttrykker seg i form av oppfatninger av livets fullhet. Det er ikke mulig \u00e5 m\u00e5le den. Men jeg kan f\u00f8le denne st\u00f8mmen av sinnsro under sine f\u00f8tter. Det er underlig \u00e5 f\u00f8le seg inne i et usynlig atmosf\u00e6re som all verdens kaos kan ikke trenge inn i. Jeg har sitt eget liv inne i dette atmosf\u00e6re. Det finnes b\u00e5de sol og bl\u00e5 rom der. Det finnes b\u00e5de glede og forventning der. Om jeg bare kunne oppleve dette for alltid&#8230; Om jeg bare kunne oppleve dette hele tid&#8230; dette er ikke mulig&#8230;dette er ikke mulig&#8230;livet er en rekke av vanlige og betydelige begivenheter. Og hvor skal jeg finne mer betydelige begivenheter? Jeg skal sikkert ikke f\u00e5 dette fra samtaler med Sjafi og hans bror&#8230;<\/p>\n<p>&#8211; Er ikke du redd av \u00e5 reise alene? \u2013 Alens stemme er lav og behagelig.<\/p>\n<p>&#8211; Nei, det hender sjeldent at jeg blir redd av noe.<\/p>\n<p>&#8211; Er alle europeiske jenter s\u00e5 modige?<\/p>\n<p>&#8211; Jeg vet ikke&#8230; de er de sikker ikke. Jenter er som oftest interissert i noe som trenger ingen modighet.<\/p>\n<p>&#8211; Og hva er du interissert i?<\/p>\n<p>&#8211; Jeg vet ikke. Det \u00e5 s\u00f8ke p\u00e5 noe som jeg kan enn\u00e5 ikke gi navn p\u00e5.<\/p>\n<p>&#8211; \u00c5ndelig s\u00f8k&#8230; Det forst\u00e5r jeg. Er du buddhist? \u2013 dette var et latterlig sp\u00f8rsm\u00e5l. Hvorfor m\u00e5 mennesker alltid finne noe religi\u00f8st i en samtale?<\/p>\n<p>&#8211; Nei, jeg er ikke religi\u00f8s. Og du? \u2013 hvorfor sp\u00f8r jeg om dette? Jeg forst\u00e5r jo at jeg skal ikke kunne snakke p\u00e5 en interessant m\u00e5te med dette menneske.<\/p>\n<p>Min erfaring av kommunisering med mennesker har f\u00f8rt til det at jeg trenger bare to-tre uttrykk for \u00e5 forst\u00e5 om et menneske er interessant for meg eller ikke&#8230; Eller er jeg for selvsikker?<\/p>\n<p>&#8211; Jeg er muslim. (<i>Og hva burde disse ord mene for meg?? Ja vel, dette er jo bare et svar p\u00e5 et sp\u00f8rsm\u00e5l&#8230;). <\/i>Dzammu og Kasjmir er en muslimske stat. Det skal v\u00e6re en stor musulmansk fest her i morgen. Det finnes den viktigste musulmansk moske p\u00e5 et \u00f8y i dette omr\u00e5de. De skal singe og be helt fra morgen. Og om kveld de skal sette mange stearinlys p\u00e5 vann. Har du kommet bare i dag? Det finnes mange pene steder her i fjell. Du kan ta en tur med hest.\u0432\u043e. \u0435\u0434\u044c \u043f\u0440\u0438\u0435\u0441\u0435\u0433\u043e\u0434\u0442\u043e\u043b\u044c\u043a\u043e \u0441\u0435\u0433\u043e\u0434\u043d\u044f?r i fjeller. morgen. til det at jeg trenger bare to-tre uttrykk for \u00e5 forst\u00e5<\/p>\n<p>&#8211; Dette h\u00f8res bra ut! Jeg liker dette.<\/p>\n<p>&#8211; Sjafi kan ta deg dit n\u00e5r som helst.<\/p>\n<p>&#8211; Jeg har ingen tvil i dette&#8230;, ok, dette var bare reklame:)<\/p>\n<p>&#8211; Og her kommer min japansk venn!<\/p>\n<p>Jeg har ikke merket at en b\u00e5t har n\u00e6rmet oss fra m\u00f8rke. Etter noen sekunder en smilende og ung japsner har g\u00e5tt ut av den. N\u00e5 skal jeg har en mulighet til \u00e5 praktisere japansk.<\/p>\n<p>&#8211; Konbanva! \u2013 sa jeg med en gang.<\/p>\n<p>&#8211; O! \u2013 japaner smilte, &#8211; Konbanva!<\/p>\n<p>&#8211; Ikaga des ka?<\/p>\n<p>&#8211; Genki des. Anata va?<\/p>\n<p>Et skuldetrekk av meg mente noe uvisst. Han tok min h\u00e5nd:<\/p>\n<p>&#8211; Boku va Hiro des.<\/p>\n<p>Jeg kan ikke mye japansk. Men jeg kunne forst\u00e5 hva Hiro har snakket om. Jeg har svart ham med noks\u00e5 enkle uttrykk. Det var ogs\u00e5 behagelig \u00e5 forestille seg hvoran han ser ut uten kl\u00e6r. Men han m\u00e5tte jo f\u00f8le at jeg ser p\u00e5 ham p\u00e5 denne m\u00e5te!<\/p>\n<p>Alen h\u00f8rte p\u00e5 v\u00e5rt kort samtale som bestod av enkle uttrykk: \u201dHvor kommer du fra?\u201d, \u201dHvor gammel er du?\u201d, \u201dHvem reiser du sammen med?\u201d, \u201dLiker du India?\u201d. Jeg har for lenge siden merket at det er mulig \u00e5 forst\u00e5 om et menneske s\u00f8ker etter betydelighet i liv ved \u00e5 si noen uttrykk p\u00e5 sjeldne spr\u00e5k. Dette er som oftest nok for \u00e5 vekke interesse og \u00e6rb\u00f8dighet hos din samtalepartner. Jeg er ikke interissert i slike mennesker. Noen kan si at jeg gj\u00f8r konklusjoner for fort. Men skal noen v\u00e6re interissert i et menneske som streber etter et skje laget av gull?<\/p>\n<p>Kald&#8230;det er veldig kald. Dette er ikke rett. Jeg har ikke \u00f8nsket \u00e5 ha en slik reise. Det er sikkert vakkert her i Kasjmir. Men jeg har ikke forlatt sin jobb for \u00e5 se p\u00e5 alt dette.<\/p>\n<p>Sjafi sier at vi g\u00e5 for \u00e5 spise. Jeg f\u00f8lger etter ham og h\u00e5per at japaner ser p\u00e5 meg&#8230; Det st\u00e5r noen rene gryter p\u00e5 et bor. Alt ser s\u00e5 smaktfullt. Dette er bare vegetariansk mat. Sjafi kommer av og til inn for \u00e5 se om jeg er ferdig med mat eller ikke. (<i>Ok, Sjafi, jeg skal si deg n\u00e5r jeg skal v\u00e6re ferdig her<\/i>)&#8230; Ok, n\u00e5 kan jeg ha desert. Sjafi gir meg en velpusset gryte med noe. Jeg tror at dette er desert. Men nei. Det er hvetekrem der. Han sier at dette er kasjmirs desert.<\/p>\n<p>&#8211; Dette er jo hvetekrem!<\/p>\n<p>&#8211; Akkurat. Dette er en nasjonal desert i Kasjmir.<\/p>\n<p>&#8211; Barn i Russland f\u00e5r dette hver morgen, &#8212; jeg forteller ham ikke hvordan barn forholder seg til denne desert.<\/p>\n<p>&#8211; Glimrende! Denne desert skal minne Dem om hjemland!<\/p>\n<p>Jeg \u00f8nsker ikke \u00e5 spise hvetekrem i det hele tatt. Men jeg \u00f8nsker ikke \u00e5 forn\u00e6rme deg Sjafi ogs\u00e5. Etter en liten pause jeg bestemmer \u00e5 si sannhet.<\/p>\n<p>&#8211; Jeg \u00f8nsker ikke \u00e5 forn\u00e6rme deg, Sjafi. Men denne desert er ikke for meg. Jeg har spist den s\u00e5 mange ganger i barndom.<\/p>\n<p>&#8211; Jeg er veldig lei for det, mrs. Hadde jeg bare visst dette f\u00f8r&#8230;<\/p>\n<p>&#8211; Du m\u00e5 ikke unnskylde seg. Hvordan kunne du vite hva liker jeg ikke?<\/p>\n<p>&#8211; Hva kan jeg gj\u00f8re for Dem?<\/p>\n<p>(<i>Jeg h\u00e5per at du skal ikke begynne \u00e5 sove etter dette sp\u00f8rsm\u00e5l&#8230;<\/i>)<\/p>\n<p>&#8211; Har du kjeks?<\/p>\n<p>&#8211; Ja, jeg har kjeks. Jeg skal hente deg noen n\u00e5.<\/p>\n<p>Ok, n\u00e5 begynner vi \u00e5 forst\u00e5 hverandre.<\/p>\n<p>Jeg \u00f8nsker ikke \u00e5 sove enn\u00e5. Jeg skal g\u00e5 og snakke med Hiro og Alen. (<i>Jeg \u00f8nsker \u00e5 oppleve mange nye oppfatninger<\/i>!)<\/p>\n<p>Kulde fra innsj\u00f8 og fjellene omkring har blitt mer kjennbar. Alle har tatt p\u00e5 seg store pledder for \u00e5 sitte p\u00e5 kyst&#8230; Jeg kan ikke bli vant til det at jeg kan legge seg og st\u00e5 opp n\u00e5r som helst. Jeg har uvissthet foran seg. Og jeg er klar til \u00e5 ikke vende fra India i det hele tatt. Uvissthet fyller meg med glad forventning. Jeg venter p\u00e5 noe som kan endre min oppfatning av verden.<\/p>\n","protected":false},"excerpt":{"rendered":"<p>Et rom med vellukter, varm badekar, ren seng. Alt dette er en katarsis. Jeg skal bo her i noen dager. Ram hadde rett i det at jeg har aldri f\u00f8lt s\u00e5 stor glede av s\u00e5 enkle ting (vann og seng). Jeg har sovet i l\u00f8pet av tre timer. Det var bare noen minutter over kl. [&hellip;]<\/p>\n","protected":false},"author":8235,"featured_media":0,"parent":8272,"menu_order":3,"comment_status":"open","ping_status":"closed","template":"","meta":{"_acf_changed":false,"footnotes":""},"class_list":["post-8286","page","type-page","status-publish","hentry"],"acf":[],"yoast_head":"<!-- This site is optimized with the Yoast SEO plugin v27.2 - https:\/\/yoast.com\/product\/yoast-seo-wordpress\/ -->\n<title>Kapittel 3 - Utvalg av tiltrekkende tilstander<\/title>\n<meta name=\"robots\" content=\"index, follow, max-snippet:-1, max-image-preview:large, max-video-preview:-1\" \/>\n<link rel=\"canonical\" href=\"https:\/\/bodhi.name\/nb\/maya-1-force-mineure\/kapittel-3\/\" \/>\n<meta property=\"og:locale\" content=\"nb_NO\" \/>\n<meta property=\"og:type\" content=\"article\" \/>\n<meta property=\"og:title\" content=\"Kapittel 3 - Utvalg av tiltrekkende tilstander\" \/>\n<meta property=\"og:description\" content=\"Et rom med vellukter, varm badekar, ren seng. Alt dette er en katarsis. Jeg skal bo her i noen dager. Ram hadde rett i det at jeg har aldri f\u00f8lt s\u00e5 stor glede av s\u00e5 enkle ting (vann og seng). Jeg har sovet i l\u00f8pet av tre timer. Det var bare noen minutter over kl. [&hellip;]\" \/>\n<meta property=\"og:url\" content=\"https:\/\/bodhi.name\/nb\/maya-1-force-mineure\/kapittel-3\/\" \/>\n<meta property=\"og:site_name\" content=\"Utvalg av tiltrekkende tilstander\" \/>\n<meta name=\"twitter:card\" content=\"summary_large_image\" \/>\n<meta name=\"twitter:label1\" content=\"Ansl. lesetid\" \/>\n\t<meta name=\"twitter:data1\" content=\"9 minutter\" \/>\n<script type=\"application\/ld+json\" class=\"yoast-schema-graph\">{\"@context\":\"https:\/\/schema.org\",\"@graph\":[{\"@type\":\"WebPage\",\"@id\":\"https:\/\/bodhi.name\/nb\/maya-1-force-mineure\/kapittel-3\/\",\"url\":\"https:\/\/bodhi.name\/nb\/maya-1-force-mineure\/kapittel-3\/\",\"name\":\"Kapittel 3 - Utvalg av tiltrekkende tilstander\",\"isPartOf\":{\"@id\":\"https:\/\/bodhi.name\/ru\/#website\"},\"datePublished\":\"2015-02-15T08:35:36+00:00\",\"breadcrumb\":{\"@id\":\"https:\/\/bodhi.name\/nb\/maya-1-force-mineure\/kapittel-3\/#breadcrumb\"},\"inLanguage\":\"nb-NO\",\"potentialAction\":[{\"@type\":\"ReadAction\",\"target\":[\"https:\/\/bodhi.name\/nb\/maya-1-force-mineure\/kapittel-3\/\"]}]},{\"@type\":\"BreadcrumbList\",\"@id\":\"https:\/\/bodhi.name\/nb\/maya-1-force-mineure\/kapittel-3\/#breadcrumb\",\"itemListElement\":[{\"@type\":\"ListItem\",\"position\":1,\"name\":\"\u0413\u043b\u0430\u0432\u043d\u0430\u044f \u0441\u0442\u0440\u0430\u043d\u0438\u0446\u0430\",\"item\":\"https:\/\/bodhi.name\/nb\/\"},{\"@type\":\"ListItem\",\"position\":2,\"name\":\"Maya-1: Force mineure\",\"item\":\"https:\/\/bodhi.name\/nb\/maya-1-force-mineure\/\"},{\"@type\":\"ListItem\",\"position\":3,\"name\":\"Kapittel 3\"}]},{\"@type\":\"WebSite\",\"@id\":\"https:\/\/bodhi.name\/ru\/#website\",\"url\":\"https:\/\/bodhi.name\/ru\/\",\"name\":\"Utvalg av tiltrekkende tilstander\",\"description\":\" Eksperimentell psykologi\",\"potentialAction\":[{\"@type\":\"SearchAction\",\"target\":{\"@type\":\"EntryPoint\",\"urlTemplate\":\"https:\/\/bodhi.name\/ru\/?s={search_term_string}\"},\"query-input\":{\"@type\":\"PropertyValueSpecification\",\"valueRequired\":true,\"valueName\":\"search_term_string\"}}],\"inLanguage\":\"nb-NO\"}]}<\/script>\n<!-- \/ Yoast SEO plugin. -->","yoast_head_json":{"title":"Kapittel 3 - Utvalg av tiltrekkende tilstander","robots":{"index":"index","follow":"follow","max-snippet":"max-snippet:-1","max-image-preview":"max-image-preview:large","max-video-preview":"max-video-preview:-1"},"canonical":"https:\/\/bodhi.name\/nb\/maya-1-force-mineure\/kapittel-3\/","og_locale":"nb_NO","og_type":"article","og_title":"Kapittel 3 - Utvalg av tiltrekkende tilstander","og_description":"Et rom med vellukter, varm badekar, ren seng. Alt dette er en katarsis. Jeg skal bo her i noen dager. Ram hadde rett i det at jeg har aldri f\u00f8lt s\u00e5 stor glede av s\u00e5 enkle ting (vann og seng). Jeg har sovet i l\u00f8pet av tre timer. Det var bare noen minutter over kl. [&hellip;]","og_url":"https:\/\/bodhi.name\/nb\/maya-1-force-mineure\/kapittel-3\/","og_site_name":"Utvalg av tiltrekkende tilstander","twitter_card":"summary_large_image","twitter_misc":{"Ansl. lesetid":"9 minutter"},"schema":{"@context":"https:\/\/schema.org","@graph":[{"@type":"WebPage","@id":"https:\/\/bodhi.name\/nb\/maya-1-force-mineure\/kapittel-3\/","url":"https:\/\/bodhi.name\/nb\/maya-1-force-mineure\/kapittel-3\/","name":"Kapittel 3 - Utvalg av tiltrekkende tilstander","isPartOf":{"@id":"https:\/\/bodhi.name\/ru\/#website"},"datePublished":"2015-02-15T08:35:36+00:00","breadcrumb":{"@id":"https:\/\/bodhi.name\/nb\/maya-1-force-mineure\/kapittel-3\/#breadcrumb"},"inLanguage":"nb-NO","potentialAction":[{"@type":"ReadAction","target":["https:\/\/bodhi.name\/nb\/maya-1-force-mineure\/kapittel-3\/"]}]},{"@type":"BreadcrumbList","@id":"https:\/\/bodhi.name\/nb\/maya-1-force-mineure\/kapittel-3\/#breadcrumb","itemListElement":[{"@type":"ListItem","position":1,"name":"\u0413\u043b\u0430\u0432\u043d\u0430\u044f \u0441\u0442\u0440\u0430\u043d\u0438\u0446\u0430","item":"https:\/\/bodhi.name\/nb\/"},{"@type":"ListItem","position":2,"name":"Maya-1: Force mineure","item":"https:\/\/bodhi.name\/nb\/maya-1-force-mineure\/"},{"@type":"ListItem","position":3,"name":"Kapittel 3"}]},{"@type":"WebSite","@id":"https:\/\/bodhi.name\/ru\/#website","url":"https:\/\/bodhi.name\/ru\/","name":"Utvalg av tiltrekkende tilstander","description":" Eksperimentell psykologi","potentialAction":[{"@type":"SearchAction","target":{"@type":"EntryPoint","urlTemplate":"https:\/\/bodhi.name\/ru\/?s={search_term_string}"},"query-input":{"@type":"PropertyValueSpecification","valueRequired":true,"valueName":"search_term_string"}}],"inLanguage":"nb-NO"}]}},"_links":{"self":[{"href":"https:\/\/bodhi.name\/nb\/wp-json\/wp\/v2\/pages\/8286","targetHints":{"allow":["GET"]}}],"collection":[{"href":"https:\/\/bodhi.name\/nb\/wp-json\/wp\/v2\/pages"}],"about":[{"href":"https:\/\/bodhi.name\/nb\/wp-json\/wp\/v2\/types\/page"}],"author":[{"embeddable":true,"href":"https:\/\/bodhi.name\/nb\/wp-json\/wp\/v2\/users\/8235"}],"replies":[{"embeddable":true,"href":"https:\/\/bodhi.name\/nb\/wp-json\/wp\/v2\/comments?post=8286"}],"version-history":[{"count":1,"href":"https:\/\/bodhi.name\/nb\/wp-json\/wp\/v2\/pages\/8286\/revisions"}],"predecessor-version":[{"id":8287,"href":"https:\/\/bodhi.name\/nb\/wp-json\/wp\/v2\/pages\/8286\/revisions\/8287"}],"up":[{"embeddable":true,"href":"https:\/\/bodhi.name\/nb\/wp-json\/wp\/v2\/pages\/8272"}],"wp:attachment":[{"href":"https:\/\/bodhi.name\/nb\/wp-json\/wp\/v2\/media?parent=8286"}],"curies":[{"name":"wp","href":"https:\/\/api.w.org\/{rel}","templated":true}]}}