{"id":8277,"date":"2015-02-15T11:40:42","date_gmt":"2015-02-15T07:40:42","guid":{"rendered":"http:\/\/bodhi.name\/?page_id=8277"},"modified":"2015-02-15T11:40:42","modified_gmt":"2015-02-15T07:40:42","slug":"kapittel-2","status":"publish","type":"page","link":"https:\/\/bodhi.name\/nb\/maya-1-force-mineure\/kapittel-2\/","title":{"rendered":"Kapittel 2"},"content":{"rendered":"<p>Vi har n\u00e5 i l\u00f8pet av 15 timer kj\u00f8rt gjennom fjeller. Den venstre side av en buss beveger seg veldig n\u00e6rt til avgrunn. Steiner faller ned i avgrunn og om jeg ser ned s\u00e5 virker det at bussen skal snart falle ned. Hinduer er ikke interisserte i situasjonen. Er det pga deres likegylidighet eller karakter? Jeg har h\u00f8rt at det skjer mange bilulykker i India. Jeg tenker at JEG kan jo ikke d\u00f8 p\u00e5 denne m\u00e5te.<\/p>\n<p>Jeg har blitt veldig tr\u00f8tt etter \u00e5 ha reist i bussen i l\u00f8pet av tretti timer. Det kjennes vondt i kropp og jeg bryr seg ikke lenger om fjell. Er dette Himalaja? De ser veldig uvennlig ut. De er ikke s\u00e5 h\u00f8ye som jeg trodde. Dette var bare en lavberg ved siden av virkelige fjeller. Det renner en ikke s\u00e5 ren elv nederst for fjell. Jeg tenkte kun om det n\u00e5r skal jeg kunne slappe av.<\/p>\n<p>Br\u00e5kete utelndinger har blitt stille etter en hel natt med moro. Alle er tr\u00f8tt av en s\u00e5 lang vei. De snakker n\u00e5 bare om hotellrom og priser. Det vireker at samtale har sitt eget liv. Jeg \u00f8nsker verken \u00e5 h\u00f8re eller delta i dem. Det er behagelig \u00e5 f\u00f8le seg uavhengig av alle.<\/p>\n<p>Mange mennesker lever i landsbyer langs veien. De blir f\u00f8dt her. De f\u00f8der selv og d\u00f8r i denne omr\u00e5de&#8230; Dette er ufattelig&#8230; jeg har mange ganger sett p\u00e5 vinduer da jeg har spasert om kveld i barndommen. Jeg har sett mennesker som snakker eller spiser&#8230;De har levd der. Jeg har mange ganger opplevd ubehagelighet&#8230;det virket som om jeg har blitt til et menneske jeg s\u00e5 p\u00e5. Det var fryktelig \u00e5 miste sin personlighet. Lever de virkelig der? Finnes det virkelig et liv utenom de plasser jeg har aldri v\u00e6rt og jeg skal aldri v\u00e6re? Dette liknet p\u00e5 frykt av d\u00f8d fra barndommen. Jeg har gr\u00e5tet i seng da jeg har tenkt p\u00e5 det at jeg skal d\u00f8 en dag. Jeg tenkte at jeg skal forsvinne for ALLTID&#8230; Det er umuilig \u00e5 innr\u00f8mme dette. Jeg kunne ikke slutte \u00e5 tenke om dette. Kanskje jeg pr\u00f8ver \u00e5 glemme ogs\u00e5 andre deler av sitt liv&#8230;<\/p>\n<p>Det er mange huser og mennesker langs vei. De likner p\u00e5 leker. Alt deres liv er synlig for turister som kj\u00f8rer forbi. De spiser, gr\u00e5ter, gleder seg og ler foran oss. Dette er et rollespill som jeg skal aldri delta i.<\/p>\n<p>Det er kveld snart igjen&#8230; Skal dette endre en dag? Bussen stopper og det oppst\u00e5r et menneske som enten ber om noe eller forteller oss noe. En matpause. Femten minutter av stabil jord under f\u00f8tter. Jeg har blitt vant til det at noen mennesker pr\u00f8ver \u00e5 tilby deg noen mat i l\u00f8pet av slike pauser. Et menneske viser meg noe skrevet p\u00e5 et papir. Jeg ser at det st\u00e5r min etternavn p\u00e5 papiren. Han sier at han heter Ram. Jeg synes at hans smil er behagelig. Jeg sier farvel til den gamle bussen. Det har g\u00e5tt bare tre dager siden jeg har kommet til India. Men det virker at jeg har spent her minst ti dager. Jeg er s\u00e5 overrasket av det at bilen som skal hente meg er laget i Sovjetunionen.<\/p>\n<p>Det oppstod bygninger av murstein p\u00e5 begge sider av veien.<\/p>\n<p>&#8211; Er dette en by?<\/p>\n<p>&#8211; Ja, mrs, &#8211; f\u00f8rer snakker med en servilitet intonasjon<\/p>\n<p>&#8211; \u201dMrs\u201d? Ja, vel\u2026<\/p>\n<p>Jeg minner seg at jeg har blitt til \u201dmrs\u201d som alle andre hvite kvinner i India. Denne \u201dmrs\u201d f\u00e5r meg til \u00e5 tenke om noen dominering over disse fattige mennesker. En skal ikke kunne oppleve dette i Europa eller i Russland. Jeg har mange ganger sett at europeiske kvinner har opplevd glede etter \u00e5 ha h\u00f8rt disse \u201dmrs\u201d.<\/p>\n<p>&#8211; Er dette en by allerede??!<\/p>\n<p>&#8211; Ja, mrs!<\/p>\n<p>&#8211; Hvor skal jeg leve? \u2013 jeg blir redd pga det at jeg skal leve i noen d\u00e5rlig plass.<\/p>\n<p>&#8211; Vi skal kj\u00f8re til en stor innsj\u00f8 med bygninger som er plassert p\u00e5 b\u00e5ter.<\/p>\n<p>Han snakker p\u00e5 et enkel engelsk spr\u00e5k. Jeg tenker hele tid p\u00e5 det at han er veldig dum.<\/p>\n<p>&#8211; Denne innsj\u00f8 kalles for Dal Lake, &#8212; han snakker med meg p\u00e5 en veldig enkel m\u00e5te.<\/p>\n<p>Utkant!\u2026 Men utkant i India atskiller seg ikke s\u00e5 mye fra senter. Sjri Nagar (et hovedstad for statene Dzammu og Kasjmir) atskiller seg ikke fra utkant i det hele tatt.<\/p>\n<p>\u00d8delagte veier og bygninger, s\u00f8ppelhauger overalt&#8230; jeg kunne sikkert forestille seg at dette er en by etter den tredje verdenskrig. Jeg kan ikke bli vant til det at ogs\u00e5 natur virker veldig trist her. Etter femtem minutter av ubeahgelig bekymring vi har kommet til en stor innsj\u00f8 som ligger mellom sm\u00e5 bygninger.<\/p>\n<p>&#8211; Kasjmirs Venezia! \u2013 Ram smilte og pekte p\u00e5 innsj\u00f8 for \u00e5 vise hvor \u201dpen\u201d den er.<\/p>\n<p>Jeg ser p\u00e5 ham og kan ikke forst\u00e5 hvor gammel han er. Han er kledd i ikke s\u00e5 fattig kl\u00e6r. Hans ansikt er ung men hans \u00f8yne sier meg at han er ikke s\u00e5 ung. Han oppf\u00f8rer seg p\u00e5 en fyrrig m\u00e5te. Men det virker at han er ogs\u00e5 veldig trist.<\/p>\n<p>Det st\u00e5r bygninger langs innsj\u00f8ens kyst. De kaller dem for \u201dhouse boats\u201d (\u201dSjivas Retrit\u201d, \u201dDansende Sjakti\u201d, \u201dEn smil av Laksjmi\u201d, \u201dSovende Krisjna\u201d)\u2026 Jeg hopper til en stor fargede hondola og setter seg komfortabelt p\u00e5 puter. Jeg \u00f8nsker \u00e5 sitte her og reise langs kysten veldig lenge&#8230;\u00a0 Jeg kan leve p\u00e5 denne innsj\u00f8. En stille hondolf\u00f8rer tar oss til et sted.<\/p>\n<p>B\u00e5ten sv\u00f8mmet gjennom gater som stod p\u00e5 vann. Det fantes nesten ingen mennesker. Alle jeg har m\u00f8tt s\u00e5 p\u00e5 meg med veldig stor interesse. Noen har smilt og noen har sett med utilfredshet p\u00e5 meg. Kanskje de liker ikke det at det kommer stadig mindre turister pga krig. Turisme er deres hovedarbeid. De ser at noen har tatt seg av meg og de forst\u00e5r at de skal ikke kunne tjene p\u00e5 meg. Disse mennesker har ventet p\u00e5 krig hele tiden fra 80-\u00e5rene. Og turister liker ingen krig.<\/p>\n<p>(<i>Hvorfor i helvete skal jeg leve her??<\/i>)<\/p>\n<p>Gondolf\u00f8rer singer noe uklart. Jeg kan ikke slappe av etter en s\u00e5 lang reise. Ram sier meg \u201dderes reise var s\u00e5 lang. De m\u00e5 slapp av n\u00e5&#8230;\u201d. Jevn og glatt vann omkring, blomster som gror p\u00e5 vannets overflate&#8230;<\/p>\n<p>Jeg har lukket \u00f8ynene. Jeg husker nesten ikke hvor jeg befinner seg. Jeg begynner \u00e5 dr\u00f8mme&#8230; jeg ser sin egen avspeilig i en ukjent by. Ram spaserer sammen med meg og forteller om noe. Han f\u00f8rer meg til en rar bygning. Jeg kan ikke forst\u00e5 hvorfor virker den s\u00e5 rart til meg? Jeg snur seg til Ram for \u00e5 sp\u00f8rre ham. Men Ram har forsvunnet. Jeg ser p\u00e5 bygning igjen. Er dette en gammel hinduistisk kyrke eller en festning? Noe absolutt kjent for meg finnes her&#8230;Alle disse lukter er s\u00e5 kjente&#8230; men jeg er s\u00e5 langt unna dem&#8230;<\/p>\n<p>&#8211; Velkommen, mrs! \u2013 b\u00e5ten har st\u00f8tet mot betong trapp som f\u00f8rte til bygning.<\/p>\n<p>Jeg har v\u00e5knet opp. En liten omr\u00e5de av tre foran et hus. Det stod en ung hindu p\u00e5 denne omr\u00e5de. Han hadde p\u00e5 seg bare hvit kl\u00e6r.<\/p>\n<p>&#8211; Hvordan var deres reise?<\/p>\n<p>Jeg har ikke \u00f8nsket \u00e5 fortelle om det at jeg har spent nesten tretti timer sittende i en buss. (<i>du vet jo alt selv. Skaff meg heller en varm dusj og en komfortabel seng<\/i>&#8230;). Jeg sier bare \u201dok\u201d og g\u00e5r ut av b\u00e5ten. Det virker at noe betydelig har hendt i mine dr\u00f8mmer. Jeg skulle sikkert forst\u00e5 hva for en kyrke jeg har sett i sine dr\u00f8mmer om jeg ikke hadde v\u00e5knet opp for tidlig.\u00a0 \u2026Jeg er litt lei pga den personen som har p\u00e5 seg hvit kl\u00e6r. Ram har sagt ham noe og gikk tilbake til b\u00e5ten. B\u00e5ten har begynt sin reise tilbake. Jeg s\u00e5 noe trist i hans \u00f8yner. Jeg har opplevd medlidenhet til ham\u2026<\/p>\n<p>&#8211; Ha det bra, mrs! Kanskje vi skal se hverandre igjen. Dere kan sp\u00f8rre etter Sjafi om dere skal en gang trenge en guide.<\/p>\n<p>Han har tilbudt seg som en guide. Det virket at han har lytet etter mine dr\u00f8mmer! Dette er en rar sammetreff. Disse sammentreff blir ikke mindre betydelige i tilfelle jeg kan ikke finne forklaring for dem. Jeg opplever noe som \u00f8delegger grenser av vanlighet. Det betyr alts\u00e5 at det finnes noe uforst\u00e5elig for meg. Men jeg kan muligens forst\u00e5 dette etterp\u00e5.<\/p>\n","protected":false},"excerpt":{"rendered":"<p>Vi har n\u00e5 i l\u00f8pet av 15 timer kj\u00f8rt gjennom fjeller. Den venstre side av en buss beveger seg veldig n\u00e6rt til avgrunn. Steiner faller ned i avgrunn og om jeg ser ned s\u00e5 virker det at bussen skal snart falle ned. Hinduer er ikke interisserte i situasjonen. Er det pga deres likegylidighet eller karakter? [&hellip;]<\/p>\n","protected":false},"author":8235,"featured_media":0,"parent":8272,"menu_order":2,"comment_status":"open","ping_status":"closed","template":"","meta":{"_acf_changed":false,"footnotes":""},"class_list":["post-8277","page","type-page","status-publish","hentry"],"acf":[],"yoast_head":"<!-- This site is optimized with the Yoast SEO plugin v27.2 - https:\/\/yoast.com\/product\/yoast-seo-wordpress\/ -->\n<title>Kapittel 2 - Utvalg av tiltrekkende tilstander<\/title>\n<meta name=\"robots\" content=\"index, follow, max-snippet:-1, max-image-preview:large, max-video-preview:-1\" \/>\n<link rel=\"canonical\" href=\"https:\/\/bodhi.name\/nb\/maya-1-force-mineure\/kapittel-2\/\" \/>\n<meta property=\"og:locale\" content=\"nb_NO\" \/>\n<meta property=\"og:type\" content=\"article\" \/>\n<meta property=\"og:title\" content=\"Kapittel 2 - Utvalg av tiltrekkende tilstander\" \/>\n<meta property=\"og:description\" content=\"Vi har n\u00e5 i l\u00f8pet av 15 timer kj\u00f8rt gjennom fjeller. Den venstre side av en buss beveger seg veldig n\u00e6rt til avgrunn. Steiner faller ned i avgrunn og om jeg ser ned s\u00e5 virker det at bussen skal snart falle ned. Hinduer er ikke interisserte i situasjonen. Er det pga deres likegylidighet eller karakter? [&hellip;]\" \/>\n<meta property=\"og:url\" content=\"https:\/\/bodhi.name\/nb\/maya-1-force-mineure\/kapittel-2\/\" \/>\n<meta property=\"og:site_name\" content=\"Utvalg av tiltrekkende tilstander\" \/>\n<meta name=\"twitter:card\" content=\"summary_large_image\" \/>\n<meta name=\"twitter:label1\" content=\"Ansl. lesetid\" \/>\n\t<meta name=\"twitter:data1\" content=\"7 minutter\" \/>\n<script type=\"application\/ld+json\" class=\"yoast-schema-graph\">{\"@context\":\"https:\/\/schema.org\",\"@graph\":[{\"@type\":\"WebPage\",\"@id\":\"https:\/\/bodhi.name\/nb\/maya-1-force-mineure\/kapittel-2\/\",\"url\":\"https:\/\/bodhi.name\/nb\/maya-1-force-mineure\/kapittel-2\/\",\"name\":\"Kapittel 2 - Utvalg av tiltrekkende tilstander\",\"isPartOf\":{\"@id\":\"https:\/\/bodhi.name\/ru\/#website\"},\"datePublished\":\"2015-02-15T07:40:42+00:00\",\"breadcrumb\":{\"@id\":\"https:\/\/bodhi.name\/nb\/maya-1-force-mineure\/kapittel-2\/#breadcrumb\"},\"inLanguage\":\"nb-NO\",\"potentialAction\":[{\"@type\":\"ReadAction\",\"target\":[\"https:\/\/bodhi.name\/nb\/maya-1-force-mineure\/kapittel-2\/\"]}]},{\"@type\":\"BreadcrumbList\",\"@id\":\"https:\/\/bodhi.name\/nb\/maya-1-force-mineure\/kapittel-2\/#breadcrumb\",\"itemListElement\":[{\"@type\":\"ListItem\",\"position\":1,\"name\":\"\u0413\u043b\u0430\u0432\u043d\u0430\u044f \u0441\u0442\u0440\u0430\u043d\u0438\u0446\u0430\",\"item\":\"https:\/\/bodhi.name\/nb\/\"},{\"@type\":\"ListItem\",\"position\":2,\"name\":\"Maya-1: Force mineure\",\"item\":\"https:\/\/bodhi.name\/nb\/maya-1-force-mineure\/\"},{\"@type\":\"ListItem\",\"position\":3,\"name\":\"Kapittel 2\"}]},{\"@type\":\"WebSite\",\"@id\":\"https:\/\/bodhi.name\/ru\/#website\",\"url\":\"https:\/\/bodhi.name\/ru\/\",\"name\":\"Utvalg av tiltrekkende tilstander\",\"description\":\" Eksperimentell psykologi\",\"potentialAction\":[{\"@type\":\"SearchAction\",\"target\":{\"@type\":\"EntryPoint\",\"urlTemplate\":\"https:\/\/bodhi.name\/ru\/?s={search_term_string}\"},\"query-input\":{\"@type\":\"PropertyValueSpecification\",\"valueRequired\":true,\"valueName\":\"search_term_string\"}}],\"inLanguage\":\"nb-NO\"}]}<\/script>\n<!-- \/ Yoast SEO plugin. -->","yoast_head_json":{"title":"Kapittel 2 - Utvalg av tiltrekkende tilstander","robots":{"index":"index","follow":"follow","max-snippet":"max-snippet:-1","max-image-preview":"max-image-preview:large","max-video-preview":"max-video-preview:-1"},"canonical":"https:\/\/bodhi.name\/nb\/maya-1-force-mineure\/kapittel-2\/","og_locale":"nb_NO","og_type":"article","og_title":"Kapittel 2 - Utvalg av tiltrekkende tilstander","og_description":"Vi har n\u00e5 i l\u00f8pet av 15 timer kj\u00f8rt gjennom fjeller. Den venstre side av en buss beveger seg veldig n\u00e6rt til avgrunn. Steiner faller ned i avgrunn og om jeg ser ned s\u00e5 virker det at bussen skal snart falle ned. Hinduer er ikke interisserte i situasjonen. Er det pga deres likegylidighet eller karakter? [&hellip;]","og_url":"https:\/\/bodhi.name\/nb\/maya-1-force-mineure\/kapittel-2\/","og_site_name":"Utvalg av tiltrekkende tilstander","twitter_card":"summary_large_image","twitter_misc":{"Ansl. lesetid":"7 minutter"},"schema":{"@context":"https:\/\/schema.org","@graph":[{"@type":"WebPage","@id":"https:\/\/bodhi.name\/nb\/maya-1-force-mineure\/kapittel-2\/","url":"https:\/\/bodhi.name\/nb\/maya-1-force-mineure\/kapittel-2\/","name":"Kapittel 2 - Utvalg av tiltrekkende tilstander","isPartOf":{"@id":"https:\/\/bodhi.name\/ru\/#website"},"datePublished":"2015-02-15T07:40:42+00:00","breadcrumb":{"@id":"https:\/\/bodhi.name\/nb\/maya-1-force-mineure\/kapittel-2\/#breadcrumb"},"inLanguage":"nb-NO","potentialAction":[{"@type":"ReadAction","target":["https:\/\/bodhi.name\/nb\/maya-1-force-mineure\/kapittel-2\/"]}]},{"@type":"BreadcrumbList","@id":"https:\/\/bodhi.name\/nb\/maya-1-force-mineure\/kapittel-2\/#breadcrumb","itemListElement":[{"@type":"ListItem","position":1,"name":"\u0413\u043b\u0430\u0432\u043d\u0430\u044f \u0441\u0442\u0440\u0430\u043d\u0438\u0446\u0430","item":"https:\/\/bodhi.name\/nb\/"},{"@type":"ListItem","position":2,"name":"Maya-1: Force mineure","item":"https:\/\/bodhi.name\/nb\/maya-1-force-mineure\/"},{"@type":"ListItem","position":3,"name":"Kapittel 2"}]},{"@type":"WebSite","@id":"https:\/\/bodhi.name\/ru\/#website","url":"https:\/\/bodhi.name\/ru\/","name":"Utvalg av tiltrekkende tilstander","description":" Eksperimentell psykologi","potentialAction":[{"@type":"SearchAction","target":{"@type":"EntryPoint","urlTemplate":"https:\/\/bodhi.name\/ru\/?s={search_term_string}"},"query-input":{"@type":"PropertyValueSpecification","valueRequired":true,"valueName":"search_term_string"}}],"inLanguage":"nb-NO"}]}},"_links":{"self":[{"href":"https:\/\/bodhi.name\/nb\/wp-json\/wp\/v2\/pages\/8277","targetHints":{"allow":["GET"]}}],"collection":[{"href":"https:\/\/bodhi.name\/nb\/wp-json\/wp\/v2\/pages"}],"about":[{"href":"https:\/\/bodhi.name\/nb\/wp-json\/wp\/v2\/types\/page"}],"author":[{"embeddable":true,"href":"https:\/\/bodhi.name\/nb\/wp-json\/wp\/v2\/users\/8235"}],"replies":[{"embeddable":true,"href":"https:\/\/bodhi.name\/nb\/wp-json\/wp\/v2\/comments?post=8277"}],"version-history":[{"count":1,"href":"https:\/\/bodhi.name\/nb\/wp-json\/wp\/v2\/pages\/8277\/revisions"}],"predecessor-version":[{"id":8278,"href":"https:\/\/bodhi.name\/nb\/wp-json\/wp\/v2\/pages\/8277\/revisions\/8278"}],"up":[{"embeddable":true,"href":"https:\/\/bodhi.name\/nb\/wp-json\/wp\/v2\/pages\/8272"}],"wp:attachment":[{"href":"https:\/\/bodhi.name\/nb\/wp-json\/wp\/v2\/media?parent=8277"}],"curies":[{"name":"wp","href":"https:\/\/api.w.org\/{rel}","templated":true}]}}