{"id":8275,"date":"2015-02-15T11:38:08","date_gmt":"2015-02-15T07:38:08","guid":{"rendered":"http:\/\/bodhi.name\/?page_id=8275"},"modified":"2015-02-15T11:38:08","modified_gmt":"2015-02-15T07:38:08","slug":"kapittel-1","status":"publish","type":"page","link":"https:\/\/bodhi.name\/nb\/maya-1-force-mineure\/kapittel-1\/","title":{"rendered":"Kapittel 1"},"content":{"rendered":"<p>&#8211; Skal du ha vegetariansk eller vanlig mat?<\/p>\n<p>&#8211; Hva sa du? Ok&#8230; Jeg tar vegetariansk\u2026<\/p>\n<p>&#8211; Unnskyld men vi er ut av vegetariansk Skal dere ta vanlig mat?<\/p>\n<p>Jeg har jo \u00f8nsket \u00e5 gj\u00f8re det beste\u2026<\/p>\n<p>&#8211; Hvilken kj\u00f8tt er det?<\/p>\n<p>&#8211; Det er kylling.<\/p>\n<p>Jeg skal ta den fordi at jeg er s\u00e5 sulten.<\/p>\n<p>Det h\u00f8rtes mange stemmer p\u00e5 torget p\u00e5 slutten av dag. Noen skrek og noen har h\u00f8rt p\u00e5 musikk. Jeg hadde et vanlig kaos i sin hode.<\/p>\n<p>&nbsp;<\/p>\n<p>\u2026- \u201dHelvete, Maya, vi m\u00e5 v\u00e6re ferdig med avis snart. Og du har enn\u00e5 ikke levert sin artikkel! Jeg er s\u00e5 tr\u00f8tt av dette!\u201d. Jeg h\u00f8rer de samme ord p\u00e5 telefon\u2026<\/p>\n<p>&#8211; Jeg kommer allerede!<\/p>\n<p>Jeg kaster mobilen til veske og l\u00f8per gjennom inngang for \u00e5 ta heis. Hvor lenge kan jeg vente? Jeg l\u00f8per gjennom et kontor av hoveddirekt\u00f8r og ser at hans nye sekret\u00e6r viser meg at han er ikke p\u00e5 sitt arbeidsplass. Jeg vet hvem befinner seg ved siden av mitt bord.<\/p>\n<p>&#8211; Dere har jo sendt meg til \u00e5pning av et restaurant selv, Vsevolod Vladimirovytsj! Jeg hadde selvsagt ikke tid for \u00e5 redigere en artikkel. Jeg har sagt i morgen at jeg skal ikke kunne rekke \u00e5 gj\u00f8re alt. Jeg har jo sagt dette\u2026<\/p>\n<p>&#8211; Maya, \u00e5pning av et restaurant og en presentasjon&#8230;ja, dette gj\u00f8r meg syk. Maya, jeg har drivet med dette i l\u00f8pet av femten \u00e5r. Jeg er syk av dette ogs\u00e5. Men dette er v\u00e5rt br\u00f8d. Du vet dette akkurat p\u00e5 den m\u00e5ten som jeg gj\u00f8r. Du kan tjene penger p\u00e5 dette. Jeg forst\u00e5r ikke hvorfor sp\u00f8r du meg om dette hele tid. Liker du ikke denne jobb?<\/p>\n<p>Om jeg liker denne jobb? Jeg sp\u00f8r seg om dette stadig oftere. Jeg \u00f8nsker \u00e5 slutte \u00e5 skrive for aviser. Men det oppst\u00e5r alltid visse hinder. Jeg fortsetter \u00e5 jobbe i den gr\u00e5e byen dagen rundt. Noen studenter kan bare dr\u00f8mme om en arbeidsplass jeg har. Men i dag forst\u00e5r jeg ikke hvorfor trenger jeg denne jobb&#8230; En sjefredakt\u00f8r for et noks\u00e5 velkjent avis har i l\u00f8pet av hele tid skyndt seg for \u00e5 rekke \u00e5 publisere avisen. Hundrevis av kollegaer og halvt-spiste luncher har g\u00e5tt gjennom hans liv. Han er jo bare f\u00f8rti \u00e5r gammel. Men har ser veldig d\u00e5rlig ut. Han veier omtrent en hundre kilo og opplever irritasjon og utilfredshet hele tid. Han st\u00e5r foran meg (<i>og tenker sikkert hvorfor st\u00e5r jeg foran ham. Dette er en typisk egosentrisk oppf\u00f8relse<\/i>). Det er ikke mulig \u00e5 forklare noe til ham. Han likner en mekanisme som kan verken h\u00f8re eller se deg. Hans \u00f8yne blir tomme og meningsl\u00f8se n\u00e5r han begynner \u00e5 skrike. Og han har jo sikkert v\u00e6rt inspirert av journalistikk ogs\u00e5. Har jeg \u00f8nsket \u00e5 leve slik?&#8230;<\/p>\n<p>&#8211; H\u00f8rer du p\u00e5 meg i det hele tatt? Hvorfor ser du p\u00e5 meg p\u00e5 en s\u00e5 dum m\u00e5te? Jeg pr\u00f8ver jo \u00e5 forholde seg bra til deg. Du b\u00f8r skynde p\u00e5 deg fordi at alle venter p\u00e5 deg. Du b\u00f8r skrive mer for et avis. Jeg skal gi deg et hardt arbeid&#8230;<\/p>\n<p>&#8211; Jeg gir pokker i det at jeg b\u00f8r skynde seg. Jeg kommer til et vindu og ser alle disse gr\u00e5e mennesker.<\/p>\n<p>&#8211; Hva?? Hvorfor snakker du slik til meg?!<\/p>\n<p>Jeg ser ikke p\u00e5 ham egentlig. Det er ingenting \u00e5 se p\u00e5 her\u2026 jeg vet at han f\u00f8ler s\u00e5 sterk irritasjon. F\u00f8rst opplevde jeg bekymring fordi at jeg har ikke tenkt over noe. Hvordan skal jeg leve videre? Alle mine kollegaer ser p\u00e5 meg medlidende. Men s\u00e5 har jeg opplevd glede.<\/p>\n<p>Jeg har \u00f8nsket \u00e5 slutte \u00e5 bekymre seg for \u00e5 se p\u00e5 ham for siste gang. Jeg har \u00f8nsket \u00e5 si at jeg en ung kvinne som \u00f8nsker \u00e5 ha samleie og leve som jeg \u00f8nsker. Men jeg har begynt \u00e5 oppf\u00f8re seg p\u00e5 en vanlig m\u00e5te isteden. Jeg har begynt \u00e5 tenke om m\u00e5ter \u00e5 skjule sin bekymring p\u00e5\u2026<\/p>\n<p>&nbsp;<\/p>\n<p>&#8211; Skal du ha kaffe, vin eller te? \u2013 ekspeditrise ser p\u00e5 meg.<\/p>\n<p>&#8211; Jeg skal ta kullsyret vann, takk\u2026<\/p>\n<p>&nbsp;<\/p>\n<p>\u2026- Maya, du er jo ikke dum for \u00e5 forlate DENNE jobb! Serezja, hun har sikkert blitt p\u00e5virket av en sekt. Gi meg noen medisin fordi at jeg f\u00f8ler smerte i hjerte. Maya, du m\u00e5 fortelle meg alt fordi at jeg \u00f8nsker \u00e5 hjelpe deg. Du m\u00e5 ikke forlate jobb og reise til India\u2026.Reiser du alene? Skal noen vente p\u00e5 deg? &#8230; Har jeg paranoia?! Du er jo en s\u00e5 dum person! Hvorfor snakker du p\u00e5 en s\u00e5nn m\u00e5te med meg? Jeg skal fengsle deg&#8230; Far, hvorfor sier du ingenting?!<\/p>\n<p>Faren ser d\u00e5rlig ut&#8230;han har sett slik ut hele sitt liv.<\/p>\n<p>&#8211; Er du innblandet i narkotika handel? Skal du bringe dem fra India? Jeg kjenner mennesker i FBR. De skal overv\u00e5ke deg&#8230; Jeg skal ikke sitte og se p\u00e5 dette \u2013 hans ansikt blir r\u00f8d.<\/p>\n<p>Hva skal han gj\u00f8re s\u00e5? Han forst\u00e5r dette ikke selv heller. Han kan ikke gj\u00f8re noe. Han er jo en robot!\u2026<\/p>\n<p>&nbsp;<\/p>\n<p>India blir n\u00e6rmere med hver minutt. Jeg glemmer om alle disse tantriske og psykologiske \u00f8velser. Jeg glemmer om yoga og samtaler om filosofi. Jeg har ikke funnet noen mennesker som skulle tenke p\u00e5 det samme m\u00e5te som jeg gj\u00f8r. Jeg begynner et helt nyu liv. Jeg vet at jeg skal aldri vende tilbake.<\/p>\n<p>&nbsp;<\/p>\n<p>\u2026- Dra til helvete! Jeg har alltid visst at du skal finne en annen. Du gir pokker i mine f\u00f8lelser. Du har aldri elsket meg! Du skal sikkert forlate sin nye venne ogs\u00e5&#8230;<\/p>\n<p>&nbsp;<\/p>\n<p>&#8211; Har dere pledd? Jeg \u00f8nsket \u00e5 sove.<\/p>\n<p>&#8211; Ok, jeg skal hente en for deg.<\/p>\n<p>M\u00f8rke vinduer i et fly likner p\u00e5 mange munner som blir \u00e5pnet n\u00e5r flyet sover&#8230;Pledden er litt stiv men jeg skal fortsatt bruke den\u2026<\/p>\n<p>&nbsp;<\/p>\n<p>\u2026D\u00f8rer til redaksjon har blitt stengt. En vanlig kveld i august likner ikke p\u00e5 andre slike kvelder. Verden har endret seg og det har oppst\u00e5tt en glad forventning. Alt har blitt halvt-virkelig i forhold til mine nye oppfatinger. Solnedgang lyser opp alt omkring. Det virker at solnedgang roper p\u00e5 meg.<\/p>\n<p>Jeg har sluttet \u00e5 dr\u00f8mme om seg som en revosunell journalist som endrer verden. Jeg har sikkert forst\u00e5tt dette helt fra begynnelse men jeg har alltid trodd p\u00e5 seg. Jeg kunne ikke innr\u00f8mme \u00e5penbare ting. Men hvordan kunne jeg innr\u00f8mme noe jeg har gjort s\u00e5 lenge? Hvordan kunne jeg endre seg? Jeg har jo hele tiden levd blant alle disse d\u00f8de mennesker&#8230;<\/p>\n<p>&nbsp;<\/p>\n<p>&#8211; Er det Asjhabad allerede?<\/p>\n<p>Jeg g\u00e5r i en nesten halvt-sovende tilstand gjennom en korridor for \u00e5 sette seg p\u00e5 en stol. Jeg har spent tre timer i en sale for transit-passengers og nesten tre timer i et fly. Jeg er endelig i Dehli etter seks timer. Jeg kan ikke tro p\u00e5 det at jeg flyr til India. Hvem har oppfunnet disse nakne stoler laget av jern p\u00e5 flyhavner? Jeg kan ikke sette seg ordentlig i en slik stol.<\/p>\n<p>&nbsp;<\/p>\n<p>\u2026Det var velig fryktelig \u00e5 endre sitt liv p\u00e5 denne m\u00e5te. Det var fryktelig \u00e5 f\u00f8lge etter uvissthet. Jeg har i l\u00f8pet av en m\u00e5nde s\u00f8kt p\u00e5 informasjon (ogs\u00e5 p\u00e5 nett) etter \u00e5 ha forlatt jobb. Jeg har begynt \u00e5 lese mye igjen. Jeg har f\u00e5tt visa til India og l\u00e5ste d\u00f8ren til sin leilighet.<\/p>\n","protected":false},"excerpt":{"rendered":"<p>&#8211; Skal du ha vegetariansk eller vanlig mat? &#8211; Hva sa du? Ok&#8230; Jeg tar vegetariansk\u2026 &#8211; Unnskyld men vi er ut av vegetariansk Skal dere ta vanlig mat? Jeg har jo \u00f8nsket \u00e5 gj\u00f8re det beste\u2026 &#8211; Hvilken kj\u00f8tt er det? &#8211; Det er kylling. Jeg skal ta den fordi at jeg er s\u00e5 [&hellip;]<\/p>\n","protected":false},"author":8235,"featured_media":0,"parent":8272,"menu_order":1,"comment_status":"open","ping_status":"closed","template":"","meta":{"_acf_changed":false,"footnotes":""},"class_list":["post-8275","page","type-page","status-publish","hentry"],"acf":[],"yoast_head":"<!-- This site is optimized with the Yoast SEO plugin v27.2 - https:\/\/yoast.com\/product\/yoast-seo-wordpress\/ -->\n<title>Kapittel 1 - Utvalg av tiltrekkende tilstander<\/title>\n<meta name=\"robots\" content=\"index, follow, max-snippet:-1, max-image-preview:large, max-video-preview:-1\" \/>\n<link rel=\"canonical\" href=\"https:\/\/bodhi.name\/nb\/maya-1-force-mineure\/kapittel-1\/\" \/>\n<meta property=\"og:locale\" content=\"nb_NO\" \/>\n<meta property=\"og:type\" content=\"article\" \/>\n<meta property=\"og:title\" content=\"Kapittel 1 - Utvalg av tiltrekkende tilstander\" \/>\n<meta property=\"og:description\" content=\"&#8211; Skal du ha vegetariansk eller vanlig mat? &#8211; Hva sa du? Ok&#8230; Jeg tar vegetariansk\u2026 &#8211; Unnskyld men vi er ut av vegetariansk Skal dere ta vanlig mat? Jeg har jo \u00f8nsket \u00e5 gj\u00f8re det beste\u2026 &#8211; Hvilken kj\u00f8tt er det? &#8211; Det er kylling. Jeg skal ta den fordi at jeg er s\u00e5 [&hellip;]\" \/>\n<meta property=\"og:url\" content=\"https:\/\/bodhi.name\/nb\/maya-1-force-mineure\/kapittel-1\/\" \/>\n<meta property=\"og:site_name\" content=\"Utvalg av tiltrekkende tilstander\" \/>\n<meta name=\"twitter:card\" content=\"summary_large_image\" \/>\n<meta name=\"twitter:label1\" content=\"Ansl. lesetid\" \/>\n\t<meta name=\"twitter:data1\" content=\"6 minutter\" \/>\n<script type=\"application\/ld+json\" class=\"yoast-schema-graph\">{\"@context\":\"https:\/\/schema.org\",\"@graph\":[{\"@type\":\"WebPage\",\"@id\":\"https:\/\/bodhi.name\/nb\/maya-1-force-mineure\/kapittel-1\/\",\"url\":\"https:\/\/bodhi.name\/nb\/maya-1-force-mineure\/kapittel-1\/\",\"name\":\"Kapittel 1 - Utvalg av tiltrekkende tilstander\",\"isPartOf\":{\"@id\":\"https:\/\/bodhi.name\/ru\/#website\"},\"datePublished\":\"2015-02-15T07:38:08+00:00\",\"breadcrumb\":{\"@id\":\"https:\/\/bodhi.name\/nb\/maya-1-force-mineure\/kapittel-1\/#breadcrumb\"},\"inLanguage\":\"nb-NO\",\"potentialAction\":[{\"@type\":\"ReadAction\",\"target\":[\"https:\/\/bodhi.name\/nb\/maya-1-force-mineure\/kapittel-1\/\"]}]},{\"@type\":\"BreadcrumbList\",\"@id\":\"https:\/\/bodhi.name\/nb\/maya-1-force-mineure\/kapittel-1\/#breadcrumb\",\"itemListElement\":[{\"@type\":\"ListItem\",\"position\":1,\"name\":\"\u0413\u043b\u0430\u0432\u043d\u0430\u044f \u0441\u0442\u0440\u0430\u043d\u0438\u0446\u0430\",\"item\":\"https:\/\/bodhi.name\/nb\/\"},{\"@type\":\"ListItem\",\"position\":2,\"name\":\"Maya-1: Force mineure\",\"item\":\"https:\/\/bodhi.name\/nb\/maya-1-force-mineure\/\"},{\"@type\":\"ListItem\",\"position\":3,\"name\":\"Kapittel 1\"}]},{\"@type\":\"WebSite\",\"@id\":\"https:\/\/bodhi.name\/ru\/#website\",\"url\":\"https:\/\/bodhi.name\/ru\/\",\"name\":\"Utvalg av tiltrekkende tilstander\",\"description\":\" Eksperimentell psykologi\",\"potentialAction\":[{\"@type\":\"SearchAction\",\"target\":{\"@type\":\"EntryPoint\",\"urlTemplate\":\"https:\/\/bodhi.name\/ru\/?s={search_term_string}\"},\"query-input\":{\"@type\":\"PropertyValueSpecification\",\"valueRequired\":true,\"valueName\":\"search_term_string\"}}],\"inLanguage\":\"nb-NO\"}]}<\/script>\n<!-- \/ Yoast SEO plugin. -->","yoast_head_json":{"title":"Kapittel 1 - Utvalg av tiltrekkende tilstander","robots":{"index":"index","follow":"follow","max-snippet":"max-snippet:-1","max-image-preview":"max-image-preview:large","max-video-preview":"max-video-preview:-1"},"canonical":"https:\/\/bodhi.name\/nb\/maya-1-force-mineure\/kapittel-1\/","og_locale":"nb_NO","og_type":"article","og_title":"Kapittel 1 - Utvalg av tiltrekkende tilstander","og_description":"&#8211; Skal du ha vegetariansk eller vanlig mat? &#8211; Hva sa du? Ok&#8230; Jeg tar vegetariansk\u2026 &#8211; Unnskyld men vi er ut av vegetariansk Skal dere ta vanlig mat? Jeg har jo \u00f8nsket \u00e5 gj\u00f8re det beste\u2026 &#8211; Hvilken kj\u00f8tt er det? &#8211; Det er kylling. Jeg skal ta den fordi at jeg er s\u00e5 [&hellip;]","og_url":"https:\/\/bodhi.name\/nb\/maya-1-force-mineure\/kapittel-1\/","og_site_name":"Utvalg av tiltrekkende tilstander","twitter_card":"summary_large_image","twitter_misc":{"Ansl. lesetid":"6 minutter"},"schema":{"@context":"https:\/\/schema.org","@graph":[{"@type":"WebPage","@id":"https:\/\/bodhi.name\/nb\/maya-1-force-mineure\/kapittel-1\/","url":"https:\/\/bodhi.name\/nb\/maya-1-force-mineure\/kapittel-1\/","name":"Kapittel 1 - Utvalg av tiltrekkende tilstander","isPartOf":{"@id":"https:\/\/bodhi.name\/ru\/#website"},"datePublished":"2015-02-15T07:38:08+00:00","breadcrumb":{"@id":"https:\/\/bodhi.name\/nb\/maya-1-force-mineure\/kapittel-1\/#breadcrumb"},"inLanguage":"nb-NO","potentialAction":[{"@type":"ReadAction","target":["https:\/\/bodhi.name\/nb\/maya-1-force-mineure\/kapittel-1\/"]}]},{"@type":"BreadcrumbList","@id":"https:\/\/bodhi.name\/nb\/maya-1-force-mineure\/kapittel-1\/#breadcrumb","itemListElement":[{"@type":"ListItem","position":1,"name":"\u0413\u043b\u0430\u0432\u043d\u0430\u044f \u0441\u0442\u0440\u0430\u043d\u0438\u0446\u0430","item":"https:\/\/bodhi.name\/nb\/"},{"@type":"ListItem","position":2,"name":"Maya-1: Force mineure","item":"https:\/\/bodhi.name\/nb\/maya-1-force-mineure\/"},{"@type":"ListItem","position":3,"name":"Kapittel 1"}]},{"@type":"WebSite","@id":"https:\/\/bodhi.name\/ru\/#website","url":"https:\/\/bodhi.name\/ru\/","name":"Utvalg av tiltrekkende tilstander","description":" Eksperimentell psykologi","potentialAction":[{"@type":"SearchAction","target":{"@type":"EntryPoint","urlTemplate":"https:\/\/bodhi.name\/ru\/?s={search_term_string}"},"query-input":{"@type":"PropertyValueSpecification","valueRequired":true,"valueName":"search_term_string"}}],"inLanguage":"nb-NO"}]}},"_links":{"self":[{"href":"https:\/\/bodhi.name\/nb\/wp-json\/wp\/v2\/pages\/8275","targetHints":{"allow":["GET"]}}],"collection":[{"href":"https:\/\/bodhi.name\/nb\/wp-json\/wp\/v2\/pages"}],"about":[{"href":"https:\/\/bodhi.name\/nb\/wp-json\/wp\/v2\/types\/page"}],"author":[{"embeddable":true,"href":"https:\/\/bodhi.name\/nb\/wp-json\/wp\/v2\/users\/8235"}],"replies":[{"embeddable":true,"href":"https:\/\/bodhi.name\/nb\/wp-json\/wp\/v2\/comments?post=8275"}],"version-history":[{"count":1,"href":"https:\/\/bodhi.name\/nb\/wp-json\/wp\/v2\/pages\/8275\/revisions"}],"predecessor-version":[{"id":8276,"href":"https:\/\/bodhi.name\/nb\/wp-json\/wp\/v2\/pages\/8275\/revisions\/8276"}],"up":[{"embeddable":true,"href":"https:\/\/bodhi.name\/nb\/wp-json\/wp\/v2\/pages\/8272"}],"wp:attachment":[{"href":"https:\/\/bodhi.name\/nb\/wp-json\/wp\/v2\/media?parent=8275"}],"curies":[{"name":"wp","href":"https:\/\/api.w.org\/{rel}","templated":true}]}}