{"id":8262,"date":"2015-02-15T10:58:32","date_gmt":"2015-02-15T06:58:32","guid":{"rendered":"http:\/\/bodhi.name\/?page_id=8262"},"modified":"2015-02-15T10:58:32","modified_gmt":"2015-02-15T06:58:32","slug":"psykomatika","status":"publish","type":"page","link":"https:\/\/bodhi.name\/nb\/uungaelighet-av-lyst-opp-verden\/psykomatika\/","title":{"rendered":"Psykomatika"},"content":{"rendered":"<p>Ja, dette er akkurat \u201dpsykomatika\u201d og ikke \u201dpsykosomatika\u201d:)<\/p>\n<p>Det er interessant hva skal skje hvis jeg pr\u00f8ver \u00e5 skape en spesiell type matte, noe liknende p\u00e5 \u201dpsykisk algebra\u201d som skal beskrive regler av et psykisk liv. Jeg \u00f8nsker \u00e5 pr\u00f8ve dette bare for moros skyld.<\/p>\n<p>*) Enhver st\u00f8rrelse er en viss begivenhet som er tilgjengelig for v\u00e5r oppfatning. Hvis jeg skriver <b><i>\u0430<\/i><\/b> eller <b><i>b<\/i><\/b>, s\u00e5 er dette ikke ulike tall men ulike begivenheter.<\/p>\n<p>*) Det finnes et uendelig antall ulike tall og det finnes et uendelig antall begivenheter.<\/p>\n<p>*) En begivenhet som st\u00e5r til h\u00f8yre for et tegn \u2192 betegner et resultat av begivenheter som st\u00e5r til venstre for dette tegnet.<\/p>\n<p>*) Et tegn av tilf\u00f8yelse betyr en konsekvent rekkef\u00f8lge av begivenheter.<\/p>\n<p>*) I tilfelle to begivenheter er like, s\u00e5 betyr det at de har de samme konsekvenser<\/p>\n<p>*) <b><i>\u0430<\/i><\/b> + <b><i>b \u2260 b + <\/i><\/b><b><i>\u0430<\/i><\/b><b><i> <\/i><\/b><\/p>\n<p>Det er lett \u00e5 overbevise seg i dette ved \u00e5 ha forestillt seg hvor forskjellige begivenheter skal skje i en situasjon n\u00e5r en jente sier til en gutt \u201djeg er lei av deg\u201d og s\u00e5 \u201djeg opplever sympati til deg\u201d og i en situasjon n\u00e5r hun sier disse uttrykk i omvendt rekkef\u00f8lge. Den f\u00f8rste situasjon skal ende med det at gutten skal sannsynligvis oppleve tilfredshet. Den andre skal f\u00f8re til det at gutten skal g\u00e5 vekk etter \u00e5 ha opplevd forn\u00e6rmelse.<\/p>\n<p>*) Et tegn av multiplisering betyr at to begivenheter har skjedd samtidig.<\/p>\n<p>*) <b><i>\u0430<\/i><\/b><b><i>b = b<\/i><\/b><b><i>\u0430<\/i><\/b><\/p>\n<p>Dette er helt forst\u00e5elig, siden to begivenheter skjer samtidig, s\u00e5 er den ene synkronisert med den andre og vi betegner begge med samme tid.<\/p>\n<p>*) En koeffisient foran betegnelse av en begivenhet betyr antall gjentagelser, dvs <b><i>\u0430<\/i><\/b>+<b><i>\u0430<\/i><\/b> er det samme som <b><i>2<\/i><\/b><b><i>\u0430<\/i><\/b><\/p>\n<p>*) La oss ta i bruk en term \u201dveldig negativ reaksjon\u201d og betegne den som \u2013 1.<\/p>\n<p>*) En noks\u00e5 stor sum av hvilke som helst begivenheter er lik <b>1<\/b>. Dvs:<\/p>\n<p><b><i>n<\/i><\/b><b><i>\u0430<\/i><\/b> \u2192 1\u00a0 med hvilken som helst noks\u00e5 stor <b><i>n<\/i><\/b><\/p>\n<p>Det er nok \u00e5 forst\u00e5 dette. Hvis en eller annen begivenhet utf\u00f8res ti eller tjue ganger p\u00e5 rad, s\u00e5 skal en normal person oppleve irritasjon, tretthet, raseri, aggresjon (til og med hvis du gjentar et uttrykk \u201djeg elsker deg\u201d tjue ganger. Det kreves sikkert ulik antall gjentagelser for ulike situsjoner for \u00e5 kunne oppn\u00e5 en negativ reaksjon.<\/p>\n<p>*) Et resultat av begivenheter samt deres sum eller resultat av multiplisering kan v\u00e6re forskjellige i ulike tidspunkter. Hvis man opplever tilfredshet eller irritasjon, s\u00e5 skal hans reaksjon p\u00e5 de samme begivenheter v\u00e6re forskjellig. Dermed spiller ens tilstand ogs\u00e5 en avgj\u00f8rende rolle i bestemmelse av et resultat av tilf\u00f8ying eller multiplisering. En slik tilstand skal merkes med hakeparentes og skal kalles \u201dmudul\u201d:<\/p>\n<p>[<b>A<\/b>](\u0430) \u2192 c<\/p>\n<p>[<b>\u0412<\/b>](\u0430) \u2192 d<\/p>\n<p>*) Frav\u00e6r av reaksjon skal merkes som null \u2013 0.<\/p>\n<p>&nbsp;<\/p>\n<p>Hva skal jeg gj\u00f8re videre? Dette er alt for i dag. Jeg har ingen mer interesse. Jeg skal skrive neste artikkel.<\/p>\n","protected":false},"excerpt":{"rendered":"<p>Ja, dette er akkurat \u201dpsykomatika\u201d og ikke \u201dpsykosomatika\u201d:) Det er interessant hva skal skje hvis jeg pr\u00f8ver \u00e5 skape en spesiell type matte, noe liknende p\u00e5 \u201dpsykisk algebra\u201d som skal beskrive regler av et psykisk liv. Jeg \u00f8nsker \u00e5 pr\u00f8ve dette bare for moros skyld. *) Enhver st\u00f8rrelse er en viss begivenhet som er tilgjengelig [&hellip;]<\/p>\n","protected":false},"author":8235,"featured_media":0,"parent":8151,"menu_order":0,"comment_status":"open","ping_status":"closed","template":"","meta":{"_acf_changed":false,"footnotes":""},"class_list":["post-8262","page","type-page","status-publish","hentry"],"acf":[],"yoast_head":"<!-- This site is optimized with the Yoast SEO plugin v27.2 - https:\/\/yoast.com\/product\/yoast-seo-wordpress\/ -->\n<title>Psykomatika - Utvalg av tiltrekkende tilstander<\/title>\n<meta name=\"robots\" content=\"index, follow, max-snippet:-1, max-image-preview:large, max-video-preview:-1\" \/>\n<link rel=\"canonical\" href=\"https:\/\/bodhi.name\/nb\/uungaelighet-av-lyst-opp-verden\/psykomatika\/\" \/>\n<meta property=\"og:locale\" content=\"nb_NO\" \/>\n<meta property=\"og:type\" content=\"article\" \/>\n<meta property=\"og:title\" content=\"Psykomatika - Utvalg av tiltrekkende tilstander\" \/>\n<meta property=\"og:description\" content=\"Ja, dette er akkurat \u201dpsykomatika\u201d og ikke \u201dpsykosomatika\u201d:) Det er interessant hva skal skje hvis jeg pr\u00f8ver \u00e5 skape en spesiell type matte, noe liknende p\u00e5 \u201dpsykisk algebra\u201d som skal beskrive regler av et psykisk liv. Jeg \u00f8nsker \u00e5 pr\u00f8ve dette bare for moros skyld. *) Enhver st\u00f8rrelse er en viss begivenhet som er tilgjengelig [&hellip;]\" \/>\n<meta property=\"og:url\" content=\"https:\/\/bodhi.name\/nb\/uungaelighet-av-lyst-opp-verden\/psykomatika\/\" \/>\n<meta property=\"og:site_name\" content=\"Utvalg av tiltrekkende tilstander\" \/>\n<meta name=\"twitter:card\" content=\"summary_large_image\" \/>\n<meta name=\"twitter:label1\" content=\"Ansl. lesetid\" \/>\n\t<meta name=\"twitter:data1\" content=\"2 minutter\" \/>\n<script type=\"application\/ld+json\" class=\"yoast-schema-graph\">{\"@context\":\"https:\/\/schema.org\",\"@graph\":[{\"@type\":\"WebPage\",\"@id\":\"https:\/\/bodhi.name\/nb\/uungaelighet-av-lyst-opp-verden\/psykomatika\/\",\"url\":\"https:\/\/bodhi.name\/nb\/uungaelighet-av-lyst-opp-verden\/psykomatika\/\",\"name\":\"Psykomatika - Utvalg av tiltrekkende tilstander\",\"isPartOf\":{\"@id\":\"https:\/\/bodhi.name\/ru\/#website\"},\"datePublished\":\"2015-02-15T06:58:32+00:00\",\"breadcrumb\":{\"@id\":\"https:\/\/bodhi.name\/nb\/uungaelighet-av-lyst-opp-verden\/psykomatika\/#breadcrumb\"},\"inLanguage\":\"nb-NO\",\"potentialAction\":[{\"@type\":\"ReadAction\",\"target\":[\"https:\/\/bodhi.name\/nb\/uungaelighet-av-lyst-opp-verden\/psykomatika\/\"]}]},{\"@type\":\"BreadcrumbList\",\"@id\":\"https:\/\/bodhi.name\/nb\/uungaelighet-av-lyst-opp-verden\/psykomatika\/#breadcrumb\",\"itemListElement\":[{\"@type\":\"ListItem\",\"position\":1,\"name\":\"\u0413\u043b\u0430\u0432\u043d\u0430\u044f \u0441\u0442\u0440\u0430\u043d\u0438\u0446\u0430\",\"item\":\"https:\/\/bodhi.name\/nb\/\"},{\"@type\":\"ListItem\",\"position\":2,\"name\":\"Uung\u00e5elighet av lyst opp verden\",\"item\":\"https:\/\/bodhi.name\/nb\/uungaelighet-av-lyst-opp-verden\/\"},{\"@type\":\"ListItem\",\"position\":3,\"name\":\"Psykomatika\"}]},{\"@type\":\"WebSite\",\"@id\":\"https:\/\/bodhi.name\/ru\/#website\",\"url\":\"https:\/\/bodhi.name\/ru\/\",\"name\":\"Utvalg av tiltrekkende tilstander\",\"description\":\" Eksperimentell psykologi\",\"potentialAction\":[{\"@type\":\"SearchAction\",\"target\":{\"@type\":\"EntryPoint\",\"urlTemplate\":\"https:\/\/bodhi.name\/ru\/?s={search_term_string}\"},\"query-input\":{\"@type\":\"PropertyValueSpecification\",\"valueRequired\":true,\"valueName\":\"search_term_string\"}}],\"inLanguage\":\"nb-NO\"}]}<\/script>\n<!-- \/ Yoast SEO plugin. -->","yoast_head_json":{"title":"Psykomatika - Utvalg av tiltrekkende tilstander","robots":{"index":"index","follow":"follow","max-snippet":"max-snippet:-1","max-image-preview":"max-image-preview:large","max-video-preview":"max-video-preview:-1"},"canonical":"https:\/\/bodhi.name\/nb\/uungaelighet-av-lyst-opp-verden\/psykomatika\/","og_locale":"nb_NO","og_type":"article","og_title":"Psykomatika - Utvalg av tiltrekkende tilstander","og_description":"Ja, dette er akkurat \u201dpsykomatika\u201d og ikke \u201dpsykosomatika\u201d:) Det er interessant hva skal skje hvis jeg pr\u00f8ver \u00e5 skape en spesiell type matte, noe liknende p\u00e5 \u201dpsykisk algebra\u201d som skal beskrive regler av et psykisk liv. Jeg \u00f8nsker \u00e5 pr\u00f8ve dette bare for moros skyld. *) Enhver st\u00f8rrelse er en viss begivenhet som er tilgjengelig [&hellip;]","og_url":"https:\/\/bodhi.name\/nb\/uungaelighet-av-lyst-opp-verden\/psykomatika\/","og_site_name":"Utvalg av tiltrekkende tilstander","twitter_card":"summary_large_image","twitter_misc":{"Ansl. lesetid":"2 minutter"},"schema":{"@context":"https:\/\/schema.org","@graph":[{"@type":"WebPage","@id":"https:\/\/bodhi.name\/nb\/uungaelighet-av-lyst-opp-verden\/psykomatika\/","url":"https:\/\/bodhi.name\/nb\/uungaelighet-av-lyst-opp-verden\/psykomatika\/","name":"Psykomatika - Utvalg av tiltrekkende tilstander","isPartOf":{"@id":"https:\/\/bodhi.name\/ru\/#website"},"datePublished":"2015-02-15T06:58:32+00:00","breadcrumb":{"@id":"https:\/\/bodhi.name\/nb\/uungaelighet-av-lyst-opp-verden\/psykomatika\/#breadcrumb"},"inLanguage":"nb-NO","potentialAction":[{"@type":"ReadAction","target":["https:\/\/bodhi.name\/nb\/uungaelighet-av-lyst-opp-verden\/psykomatika\/"]}]},{"@type":"BreadcrumbList","@id":"https:\/\/bodhi.name\/nb\/uungaelighet-av-lyst-opp-verden\/psykomatika\/#breadcrumb","itemListElement":[{"@type":"ListItem","position":1,"name":"\u0413\u043b\u0430\u0432\u043d\u0430\u044f \u0441\u0442\u0440\u0430\u043d\u0438\u0446\u0430","item":"https:\/\/bodhi.name\/nb\/"},{"@type":"ListItem","position":2,"name":"Uung\u00e5elighet av lyst opp verden","item":"https:\/\/bodhi.name\/nb\/uungaelighet-av-lyst-opp-verden\/"},{"@type":"ListItem","position":3,"name":"Psykomatika"}]},{"@type":"WebSite","@id":"https:\/\/bodhi.name\/ru\/#website","url":"https:\/\/bodhi.name\/ru\/","name":"Utvalg av tiltrekkende tilstander","description":" Eksperimentell psykologi","potentialAction":[{"@type":"SearchAction","target":{"@type":"EntryPoint","urlTemplate":"https:\/\/bodhi.name\/ru\/?s={search_term_string}"},"query-input":{"@type":"PropertyValueSpecification","valueRequired":true,"valueName":"search_term_string"}}],"inLanguage":"nb-NO"}]}},"_links":{"self":[{"href":"https:\/\/bodhi.name\/nb\/wp-json\/wp\/v2\/pages\/8262","targetHints":{"allow":["GET"]}}],"collection":[{"href":"https:\/\/bodhi.name\/nb\/wp-json\/wp\/v2\/pages"}],"about":[{"href":"https:\/\/bodhi.name\/nb\/wp-json\/wp\/v2\/types\/page"}],"author":[{"embeddable":true,"href":"https:\/\/bodhi.name\/nb\/wp-json\/wp\/v2\/users\/8235"}],"replies":[{"embeddable":true,"href":"https:\/\/bodhi.name\/nb\/wp-json\/wp\/v2\/comments?post=8262"}],"version-history":[{"count":1,"href":"https:\/\/bodhi.name\/nb\/wp-json\/wp\/v2\/pages\/8262\/revisions"}],"predecessor-version":[{"id":8263,"href":"https:\/\/bodhi.name\/nb\/wp-json\/wp\/v2\/pages\/8262\/revisions\/8263"}],"up":[{"embeddable":true,"href":"https:\/\/bodhi.name\/nb\/wp-json\/wp\/v2\/pages\/8151"}],"wp:attachment":[{"href":"https:\/\/bodhi.name\/nb\/wp-json\/wp\/v2\/media?parent=8262"}],"curies":[{"name":"wp","href":"https:\/\/api.w.org\/{rel}","templated":true}]}}