{"id":8218,"date":"2015-02-14T21:31:52","date_gmt":"2015-02-14T17:31:52","guid":{"rendered":"http:\/\/bodhi.name\/?page_id=8218"},"modified":"2015-02-14T21:31:52","modified_gmt":"2015-02-14T17:31:52","slug":"en-kort-psykologisk-ordbok-skrevet-av-bodh-og-jolka","status":"publish","type":"page","link":"https:\/\/bodhi.name\/nb\/uungaelighet-av-lyst-opp-verden\/en-kort-psykologisk-ordbok-skrevet-av-bodh-og-jolka\/","title":{"rendered":"En kort psykologisk ordbok skrevet av Bodh og Jolka"},"content":{"rendered":"<p>Hard karakter er et sett konsepsjoner og \u00f8nsker til \u00e5 gj\u00f8re noe tross naturlig lathet og uvillighet. Et entydig ord \u2013 gjenstridighet og et stabil \u00f8nske til \u00e5 voldta seg selv.<\/p>\n<p>Sterk \u00e5nd \u2013 det samme som hard karakter.<\/p>\n<p>Optimisme \u2013 undertrykkelse av alle bekymringer om livet. F.eks.: et menneske regner at livet begynner bare n\u00e5r du er 50 \u00e5r gammel.<\/p>\n<p>Et sterk menneske er det samme som tyrann og et menneske som bruker vold. Et ord med motsatt betydning \u2013 et menneske med svak \u00e5nd.<\/p>\n<p>Det \u00e5 bygge sitt liv \u2013 betyr \u00e5 \u00f8delegge sitt liv if\u00f8lge konsepsjoner. Det vil si at man velger en viss retning og tvinger seg selv til \u00e5 gj\u00f8re noe.\u00a0 Mennesker med har karakter og sterk \u00e5nd bygger sitt liv (folk som tvinger seg til \u00e5 gj\u00f8re noe tross sine \u00f8nsker. De har nok gjenstridighet for \u00e5 leve p\u00e5 denne m\u00e5te hele sitt liv).<\/p>\n<p>Den utvalgte for en jente er en som har valgt henne for \u00e5 eie henne og oppleve NE sammen med henne.<\/p>\n<p>Det \u00e5 gi opp betyr \u00e5 oppleve intensiv selvmedlidenhet n\u00e5r gjenstridighet forsvinner.<\/p>\n<p>\u201dEt liv er lotto!\u201d \u2013 jeg klarer ikke \u00e5 bestemme noen ting i livet og la andre bestemme for meg. jeg skal st\u00f8tte dem som bestemmer alt.<\/p>\n<p>Et problem i familie \u2013 en situasjon n\u00e5r en tidligere makt av \u201ddiktatur\u201d over \u201doffer\u201d endres slik at partene kan ikke finne en ny m\u00e5te \u00e5 leve p\u00e5 og de begynner \u00e5 leve i en tilstand av \u201dposisjonskrig\u201d. En slik krig utmatter alle involverte.<\/p>\n<p>Pedagogikk \u2013 et sett rekomendasjoner for bedre m\u00e5ter \u00e5 voldta et barn p\u00e5.<\/p>\n<p>Lykke i familie \u2013 et sett regler for oppf\u00f8rsel i familie. Disse regler strider med klarhet og undertrykker selve faktum av opplevelse av sterk NF til hverandre. Disse regler er ogs\u00e5 rettet mot undertrykkelse av et \u00f8nske til \u00e5 bli kvitt hverandre pga frav\u00e6r av hvilken som helst n\u00e6rhet mellom ektefelle.<\/p>\n<p>Et lykkelig ektepar er en mann og en kvinne som handler if\u00f8lge en konsepsjon \u201dvi m\u00e5 ikke fortelle om sine problemer til noen\u201d. De skal aldri vise at de hater hverandre n\u00e5r det er et fremmed menneske i n\u00e6rheten. De oppf\u00f8rer seg veldig h\u00f8flig og oppmerksomt i forhold til hverandre. Et system \u201doffer\u201d-\u201dtyrann\u201d ser ut slik som om en tyrann gleder seg over sin makt og et offer liker \u00e5 bli undertrykt. Et virkelig lykkelig par skifter disse roller av og til. F.eks. n\u00e5r hele familie m\u00e5 lage mat blir moren den viktigste.<\/p>\n<p>Ikke la barnet miste sin barndom = ikke gj\u00f8r noe for \u00e5 la barnet bli selvstndig. Pr\u00f8v \u00e5 utelukke barnet fra all den informasjon som kan hjelpe barnet til \u00e5 utvikle seg. Gj\u00f8r alt for \u00e5 la barnet v\u00e6re dum s\u00e5 lenge som mulig. Ta alle mulige avgj\u00f8relser for barn og ikke la barnet bestemme til og med de minste ting. Ikke bry seg om barnets \u00f8nsker fordi at de er i strid med denne konsepsjon. Overbevis barn i det at han er svak, sykelig, umyndig og dum. Da blir der lettere \u00e5 bekymre seg over ham. Du skal kunne gj\u00f8re barnet mer \u201dlykkelig\u201d pga sin tilfredshet. Alltid snakk med barnet som om du snakker med en dum person. Aldri forklar noen ting og aldri svar p\u00e5 barnets sp\u00f8rsm\u00e5l. Pass p\u00e5 det at andre skal kommunisere med barnet p\u00e5 den samme m\u00e5te.<\/p>\n<p>En lykkelig barndom \u2013 en barndom som barnet har i tilfelle foreldre f\u00f8lger etter en konsepsjon \u2013 \u201dikke ta barndom fra barn\u201d.<\/p>\n<p>En krangel i familie \u2013 en del av hver familieliv. Det hender som oftest at bakgrunns NE i forhold til hverandre blir veldig sterke og mann og kvinne klarer ikke \u00e5 gjemme dem mer. Og s\u00e5 oppst\u00e5r det et \u00f8nske til \u00e5 straffe hverandre. S\u00e5 blir hver eneste ting i hverdagsliv til en \u00e5rsak for fremvisning av disse NE.<\/p>\n<p>Likhet i familie \u2013 et system \u201dtyrann-offer\u201d som for\u00e5rsaker enten total undertrykkelse av dominering eller til skifte av roller.<\/p>\n<p>En familiepsykolog \u2013 et menneske som f\u00e5r penger for overbevisning av mann og kvinne i det at de har felles interesse og n\u00e6rhet. Men det finnes sikkert ingen felles interesse og n\u00e6rhet mellom dem. Psykolog m\u00e5 ogs\u00e5 overbevise ektepar i det at det \u00e5 oppleve NE i forhold til et fremmed og ukjent menneske er en lovlig handling og at det finnes ingen annet liv. En psykolog m\u00e5 finne p\u00e5 \u00e5rsaker for det at disse to mennesker m\u00e5 fortsette \u00e5 leve sammen og fortsette \u00e5 torturere hverandre.<\/p>\n<p>\u201dTo kj\u00e6re mennesker krangler \u2013 og dette er moro for dem\u201d = siden alle krangler og opplever NF til hverandre, m\u00e5 det finnes p\u00e5 en konsepsjon om det at \u201dmennesker kan ikke leve uten krangel\u201d. Det skjer en forbedring pga overgang fra sterke NE til noen PE eller apati. Man kan sl\u00e5 seg hardt og lenge og s\u00e5 legge seg p\u00e5 sofa og si at \u201ddet er mye bedre \u00e5 hvile etter \u00e5 ha opplevd smerte\u201d. Romantisk hat f\u00e5r et ektepar til \u00e5 se \u201dbra\u201dut. Det er ikke rart at mesteparten av familiemedlemmer blir forbauset om du sier til dem at deres familie er full av hat og aggresjon.<\/p>\n<p>Det \u00e5 gi barn en god utdanning \u2013 er det samme som \u00e5 torturere barn og seg selv i l\u00f8pet av lang tid (10-15 \u00e5r). Selvtorturering foreligger i det at foreldre sparer penger p\u00e5 seg selv for \u00e5 betale for studium av barn. Barn f\u00e5r ikke en mulighet til \u00e5 velge sine studier. Foreldre bestemmer alt for ham. De g\u00e5r ut av konsepsjoner (bestefar er en kjemiker, det er visse universiter som gir fordel fremfor andre, osv). Til slutt hater man seg for det \u00e5 ha nektet \u00e5 oppleve noe til trekkende for seg i l\u00f8pet av mange \u00e5r. Foreldre opplever ogs\u00e5 NF til barnet som har for\u00e5rsakt s\u00e5 mange problemer i livet. Enda et levende lik har vokset opp. Alt dette blir f\u00f8lget av uendelige aggressive og presserende NE fordi at det oppst\u00e5r s\u00e5 mange ulike NE i slike forhold. Dette system eksisterer under bestandig undertrykkelse (han \u00f8nsker ikke \u00e5 gj\u00f8re lekser, g\u00e5 p\u00e5 skole. Han hater sin l\u00e6rer osv).<\/p>\n<p>Det \u00e5 vise et bra eksempel til barn \u2013 dette er det samme som \u00e5 torturere seg selv for \u00e5 se p\u00e5 en m\u00e5te foreldre \u00f8nsker at deres barn skal se ut p\u00e5. Dette eksempel brukes som en viss psykisk trykk og utpressing av en f\u00f8lelse av skyld. Slik gj\u00f8res det for \u00e5 f\u00e5 barnet til \u00e5 torturere seg selv. Til slutt opplever barnet hat til livet pga undertrykte \u00f8nsker.<\/p>\n<p>Et problem av adopterte barn \u2013 dette er et veldig stor antall NE som oppst\u00e5r pga at et voksen menneske og et barn er n\u00f8dt til \u00e5 leve sammen og f\u00f8re hverdagsliv. To fremmede mennesker er n\u00f8dt til \u00e5 skape noen forhold (eller late som om de har slike forhold) og undertrykke alle NE som de opplever i forhold til hverandre for \u00e5 ha en \u201dvennlig familie\u201d.<\/p>\n<p>Et bra medlem av familie \u2013 dette er et menneske som undertrykker alle sine \u00f8nsker (bl.a. seksuelle) for \u00e5 gj\u00f8re noe viktig for sin familie. Disse mennesker hater som oftest alle omkring seg. (Ikke s\u00e5 gode medlemmer av familie gj\u00f8r som oftest noe de \u00f8nsker \u2013 bl.a. de har samleie med andre jenter, bes\u00f8ker ikke bestemor og oppf\u00f8rer seg d\u00e5rlig).<\/p>\n","protected":false},"excerpt":{"rendered":"<p>Hard karakter er et sett konsepsjoner og \u00f8nsker til \u00e5 gj\u00f8re noe tross naturlig lathet og uvillighet. Et entydig ord \u2013 gjenstridighet og et stabil \u00f8nske til \u00e5 voldta seg selv. Sterk \u00e5nd \u2013 det samme som hard karakter. Optimisme \u2013 undertrykkelse av alle bekymringer om livet. F.eks.: et menneske regner at livet begynner bare [&hellip;]<\/p>\n","protected":false},"author":8235,"featured_media":0,"parent":8151,"menu_order":0,"comment_status":"open","ping_status":"closed","template":"","meta":{"_acf_changed":false,"footnotes":""},"class_list":["post-8218","page","type-page","status-publish","hentry"],"acf":[],"yoast_head":"<!-- This site is optimized with the Yoast SEO plugin v27.2 - https:\/\/yoast.com\/product\/yoast-seo-wordpress\/ -->\n<title>En kort psykologisk ordbok skrevet av Bodh og Jolka - Utvalg av tiltrekkende tilstander<\/title>\n<meta name=\"robots\" content=\"index, follow, max-snippet:-1, max-image-preview:large, max-video-preview:-1\" \/>\n<link rel=\"canonical\" href=\"https:\/\/bodhi.name\/nb\/uungaelighet-av-lyst-opp-verden\/en-kort-psykologisk-ordbok-skrevet-av-bodh-og-jolka\/\" \/>\n<meta property=\"og:locale\" content=\"nb_NO\" \/>\n<meta property=\"og:type\" content=\"article\" \/>\n<meta property=\"og:title\" content=\"En kort psykologisk ordbok skrevet av Bodh og Jolka - Utvalg av tiltrekkende tilstander\" \/>\n<meta property=\"og:description\" content=\"Hard karakter er et sett konsepsjoner og \u00f8nsker til \u00e5 gj\u00f8re noe tross naturlig lathet og uvillighet. Et entydig ord \u2013 gjenstridighet og et stabil \u00f8nske til \u00e5 voldta seg selv. Sterk \u00e5nd \u2013 det samme som hard karakter. Optimisme \u2013 undertrykkelse av alle bekymringer om livet. F.eks.: et menneske regner at livet begynner bare [&hellip;]\" \/>\n<meta property=\"og:url\" content=\"https:\/\/bodhi.name\/nb\/uungaelighet-av-lyst-opp-verden\/en-kort-psykologisk-ordbok-skrevet-av-bodh-og-jolka\/\" \/>\n<meta property=\"og:site_name\" content=\"Utvalg av tiltrekkende tilstander\" \/>\n<meta name=\"twitter:card\" content=\"summary_large_image\" \/>\n<meta name=\"twitter:label1\" content=\"Ansl. lesetid\" \/>\n\t<meta name=\"twitter:data1\" content=\"6 minutter\" \/>\n<script type=\"application\/ld+json\" class=\"yoast-schema-graph\">{\"@context\":\"https:\/\/schema.org\",\"@graph\":[{\"@type\":\"WebPage\",\"@id\":\"https:\/\/bodhi.name\/nb\/uungaelighet-av-lyst-opp-verden\/en-kort-psykologisk-ordbok-skrevet-av-bodh-og-jolka\/\",\"url\":\"https:\/\/bodhi.name\/nb\/uungaelighet-av-lyst-opp-verden\/en-kort-psykologisk-ordbok-skrevet-av-bodh-og-jolka\/\",\"name\":\"En kort psykologisk ordbok skrevet av Bodh og Jolka - Utvalg av tiltrekkende tilstander\",\"isPartOf\":{\"@id\":\"https:\/\/bodhi.name\/ru\/#website\"},\"datePublished\":\"2015-02-14T17:31:52+00:00\",\"breadcrumb\":{\"@id\":\"https:\/\/bodhi.name\/nb\/uungaelighet-av-lyst-opp-verden\/en-kort-psykologisk-ordbok-skrevet-av-bodh-og-jolka\/#breadcrumb\"},\"inLanguage\":\"nb-NO\",\"potentialAction\":[{\"@type\":\"ReadAction\",\"target\":[\"https:\/\/bodhi.name\/nb\/uungaelighet-av-lyst-opp-verden\/en-kort-psykologisk-ordbok-skrevet-av-bodh-og-jolka\/\"]}]},{\"@type\":\"BreadcrumbList\",\"@id\":\"https:\/\/bodhi.name\/nb\/uungaelighet-av-lyst-opp-verden\/en-kort-psykologisk-ordbok-skrevet-av-bodh-og-jolka\/#breadcrumb\",\"itemListElement\":[{\"@type\":\"ListItem\",\"position\":1,\"name\":\"\u0413\u043b\u0430\u0432\u043d\u0430\u044f \u0441\u0442\u0440\u0430\u043d\u0438\u0446\u0430\",\"item\":\"https:\/\/bodhi.name\/nb\/\"},{\"@type\":\"ListItem\",\"position\":2,\"name\":\"Uung\u00e5elighet av lyst opp verden\",\"item\":\"https:\/\/bodhi.name\/nb\/uungaelighet-av-lyst-opp-verden\/\"},{\"@type\":\"ListItem\",\"position\":3,\"name\":\"En kort psykologisk ordbok skrevet av Bodh og Jolka\"}]},{\"@type\":\"WebSite\",\"@id\":\"https:\/\/bodhi.name\/ru\/#website\",\"url\":\"https:\/\/bodhi.name\/ru\/\",\"name\":\"Utvalg av tiltrekkende tilstander\",\"description\":\" Eksperimentell psykologi\",\"potentialAction\":[{\"@type\":\"SearchAction\",\"target\":{\"@type\":\"EntryPoint\",\"urlTemplate\":\"https:\/\/bodhi.name\/ru\/?s={search_term_string}\"},\"query-input\":{\"@type\":\"PropertyValueSpecification\",\"valueRequired\":true,\"valueName\":\"search_term_string\"}}],\"inLanguage\":\"nb-NO\"}]}<\/script>\n<!-- \/ Yoast SEO plugin. -->","yoast_head_json":{"title":"En kort psykologisk ordbok skrevet av Bodh og Jolka - Utvalg av tiltrekkende tilstander","robots":{"index":"index","follow":"follow","max-snippet":"max-snippet:-1","max-image-preview":"max-image-preview:large","max-video-preview":"max-video-preview:-1"},"canonical":"https:\/\/bodhi.name\/nb\/uungaelighet-av-lyst-opp-verden\/en-kort-psykologisk-ordbok-skrevet-av-bodh-og-jolka\/","og_locale":"nb_NO","og_type":"article","og_title":"En kort psykologisk ordbok skrevet av Bodh og Jolka - Utvalg av tiltrekkende tilstander","og_description":"Hard karakter er et sett konsepsjoner og \u00f8nsker til \u00e5 gj\u00f8re noe tross naturlig lathet og uvillighet. Et entydig ord \u2013 gjenstridighet og et stabil \u00f8nske til \u00e5 voldta seg selv. Sterk \u00e5nd \u2013 det samme som hard karakter. Optimisme \u2013 undertrykkelse av alle bekymringer om livet. F.eks.: et menneske regner at livet begynner bare [&hellip;]","og_url":"https:\/\/bodhi.name\/nb\/uungaelighet-av-lyst-opp-verden\/en-kort-psykologisk-ordbok-skrevet-av-bodh-og-jolka\/","og_site_name":"Utvalg av tiltrekkende tilstander","twitter_card":"summary_large_image","twitter_misc":{"Ansl. lesetid":"6 minutter"},"schema":{"@context":"https:\/\/schema.org","@graph":[{"@type":"WebPage","@id":"https:\/\/bodhi.name\/nb\/uungaelighet-av-lyst-opp-verden\/en-kort-psykologisk-ordbok-skrevet-av-bodh-og-jolka\/","url":"https:\/\/bodhi.name\/nb\/uungaelighet-av-lyst-opp-verden\/en-kort-psykologisk-ordbok-skrevet-av-bodh-og-jolka\/","name":"En kort psykologisk ordbok skrevet av Bodh og Jolka - Utvalg av tiltrekkende tilstander","isPartOf":{"@id":"https:\/\/bodhi.name\/ru\/#website"},"datePublished":"2015-02-14T17:31:52+00:00","breadcrumb":{"@id":"https:\/\/bodhi.name\/nb\/uungaelighet-av-lyst-opp-verden\/en-kort-psykologisk-ordbok-skrevet-av-bodh-og-jolka\/#breadcrumb"},"inLanguage":"nb-NO","potentialAction":[{"@type":"ReadAction","target":["https:\/\/bodhi.name\/nb\/uungaelighet-av-lyst-opp-verden\/en-kort-psykologisk-ordbok-skrevet-av-bodh-og-jolka\/"]}]},{"@type":"BreadcrumbList","@id":"https:\/\/bodhi.name\/nb\/uungaelighet-av-lyst-opp-verden\/en-kort-psykologisk-ordbok-skrevet-av-bodh-og-jolka\/#breadcrumb","itemListElement":[{"@type":"ListItem","position":1,"name":"\u0413\u043b\u0430\u0432\u043d\u0430\u044f \u0441\u0442\u0440\u0430\u043d\u0438\u0446\u0430","item":"https:\/\/bodhi.name\/nb\/"},{"@type":"ListItem","position":2,"name":"Uung\u00e5elighet av lyst opp verden","item":"https:\/\/bodhi.name\/nb\/uungaelighet-av-lyst-opp-verden\/"},{"@type":"ListItem","position":3,"name":"En kort psykologisk ordbok skrevet av Bodh og Jolka"}]},{"@type":"WebSite","@id":"https:\/\/bodhi.name\/ru\/#website","url":"https:\/\/bodhi.name\/ru\/","name":"Utvalg av tiltrekkende tilstander","description":" Eksperimentell psykologi","potentialAction":[{"@type":"SearchAction","target":{"@type":"EntryPoint","urlTemplate":"https:\/\/bodhi.name\/ru\/?s={search_term_string}"},"query-input":{"@type":"PropertyValueSpecification","valueRequired":true,"valueName":"search_term_string"}}],"inLanguage":"nb-NO"}]}},"_links":{"self":[{"href":"https:\/\/bodhi.name\/nb\/wp-json\/wp\/v2\/pages\/8218","targetHints":{"allow":["GET"]}}],"collection":[{"href":"https:\/\/bodhi.name\/nb\/wp-json\/wp\/v2\/pages"}],"about":[{"href":"https:\/\/bodhi.name\/nb\/wp-json\/wp\/v2\/types\/page"}],"author":[{"embeddable":true,"href":"https:\/\/bodhi.name\/nb\/wp-json\/wp\/v2\/users\/8235"}],"replies":[{"embeddable":true,"href":"https:\/\/bodhi.name\/nb\/wp-json\/wp\/v2\/comments?post=8218"}],"version-history":[{"count":1,"href":"https:\/\/bodhi.name\/nb\/wp-json\/wp\/v2\/pages\/8218\/revisions"}],"predecessor-version":[{"id":8219,"href":"https:\/\/bodhi.name\/nb\/wp-json\/wp\/v2\/pages\/8218\/revisions\/8219"}],"up":[{"embeddable":true,"href":"https:\/\/bodhi.name\/nb\/wp-json\/wp\/v2\/pages\/8151"}],"wp:attachment":[{"href":"https:\/\/bodhi.name\/nb\/wp-json\/wp\/v2\/media?parent=8218"}],"curies":[{"name":"wp","href":"https:\/\/api.w.org\/{rel}","templated":true}]}}