{"id":8212,"date":"2015-02-14T21:24:59","date_gmt":"2015-02-14T17:24:59","guid":{"rendered":"http:\/\/bodhi.name\/?page_id=8212"},"modified":"2015-02-14T21:24:59","modified_gmt":"2015-02-14T17:24:59","slug":"min-mor-var-glad","status":"publish","type":"page","link":"https:\/\/bodhi.name\/nb\/uungaelighet-av-lyst-opp-verden\/min-mor-var-glad\/","title":{"rendered":"Min mor var glad\u2026"},"content":{"rendered":"<p>Denne historie gjentas s\u00e5 ofte at jeg m\u00e5tte sikkert publisere en unders\u00f8kelse om dette. En jente skriver til meg og forteller noe liknende: \u201dmoren min var glad for det at jeg ble tatt opp til universitet\u201d. N\u00e5r jeg f\u00e5r h\u00f8re noe lignende, s\u00e5 sp\u00f8r jeg (og vet hva for et svar jeg skal f\u00e5): opplever moren din glede? Og hvilke andre LoO opplever moren? For det er jo umulig \u00e5 oppleve en eneste LoO, ikke sant? For LoO gjenklanger jo med hverandre.<\/p>\n<p>En jente begynner \u00e5 tenke litt. Etter en halv minutt sier hun at mamma opplever ogs\u00e5 andre LoO. Etter \u00e5 ha sagd dette, velger et menneske mellom aggressiv forsvar av sin mor eller tvil i det at moren opplever egentlig noen LoO. Velger man aggressiv forsvar, s\u00e5 kan du slutte \u00e5 kommunisere med dette menneske. Jo lengre du skal snakke med et aggressiv menneske, jo mer aggressiv man skal bli. Samtale skal fortsette p\u00e5 denne m\u00e5te:<\/p>\n<p>&#8211; Hvilke LoO opplever moren din?<\/p>\n<p>&#8211; \u00d8mhet\u2026<\/p>\n<p>&#8211; Noe mer?<\/p>\n<p>&#8211; \u2026 Sympati\u2026<\/p>\n<p>&#8211; Greit. Betyr det at hun opplever glede, \u00f8mhet, sympat og ..sikkert en f\u00f8lelse av skj\u00f8nnhet?<\/p>\n<p>&#8211; \u2026Ja.<\/p>\n<p>S\u00e5 sier jeg f\u00f8lgende.<\/p>\n<p>&#8211; Hvis din mor opplever s\u00e5 mange ulike LoO, s\u00e5 betyr dette at hun har erfaring av oppleverlse av LoO. Hvis et menneske som har erfaring av opplevelse av ulike LoO blir fortalt om utvalg av oppfatninger, om mer intensiv opplevelse av LoO samt om fjerning av negative emosjoner og dogmer, s\u00e5 skal dette menneske forholde seg positivt til dette. Hun kan sikkert uttrykke skepsis og tenke at det er umulig \u00e5 fjerne NE. Hun kan la v\u00e6re \u00e5 gj\u00f8re noe. Hun kan gj\u00f8re hva som helst UTENOM AGGRESJON. Et menneske som har erfaring av opplevelse av LoO skal aldri oppleve aggresjon i forhold til en ide om utvalg av tiltrekkende tilstander. Dette er umulig. Skal moren din f\u00e5 vite om din kommunisering med andre praktikanter, s\u00e5 skal hun ikke forholde seg aggressivt til dette.<\/p>\n<p>Etter \u00e5 ha diskutert om dette din samtalepartner sitter stille. Det er ingen vits i \u00e5 sp\u00f8rre ham videre. Alt er forst\u00e5tt. Jeg sp\u00f8r henne \u201dhar du pr\u00f8vd \u00e5 fortelle sin mor om Utvalg?\u201d. Hun svarer \u201djeg har pr\u00f8vd litt&#8230;\u201d. Forst\u00e5r du ikke hennes svar, s\u00e5 kan du pr\u00f8ve \u00e5 fortelle om Utvalg til sin mor. Gi henne lenke til min bok, men pass p\u00e5 aggresjon fra hennes side.<\/p>\n<p>Hvis vi ser p\u00e5 dette sp\u00f8rsm\u00e5l fra en annen side, s\u00e5 skal det sikkert ikke oppst\u00e5 likegyldighet til mine ideer hos et menneske som opplever LoO minst av og til.<\/p>\n<p>Men en konsepsjon om \u201dmorens glede\u201d er s\u00e5 sterk at det er nesten umulig \u00e5 fjerne den. Det er sikkert klart at dette er ikke glede. Dette er noe langt fra glede. Dette er som oftest tilfredshet (jeg skal ha mindre problemer n\u00e5 som hun er opptatt), stolthet (min datter studerer p\u00e5 universitet), skadefro (hennes venne klarte ikke \u00e5 studere der), gr\u00e5dighet (hun skal finne seg en rik gutt), selvtilfredshet (Jeg klarte \u00e5 oppdra en s\u00e5 klok jente), tilfredshet av en sadist (alle mine strenge handlinger i forhold til henne var ikke forgjeves), s\u00f8rgelighet (andre slektninger ville ha v\u00e6re glade ogs\u00e5).<\/p>\n<p>&#8211; Men kanskje hun har opplevd glede da jeg sa dette til henne? \u2013 Hun pr\u00f8ver sin siste sjanse.<\/p>\n<p>&#8211; Ja, dette er kanskje sant. Vi kan sjekke dette.<\/p>\n<p>&#8211; Hvordan kan vi gj\u00f8re det?<\/p>\n<p>&#8211; Dette er enkelt. Har hun opplevd glede da du har sagd dette til henne, s\u00e5 blir det nok \u00e5 gjenta de samme ord n\u00e5r hun skal v\u00e6re i godt hum\u00f8r igjen. Og da skal hun sikkert oppleve glede igjen. Du kan sp\u00f8rre henne om hun opplever glede eller ikke. Sier hun ja, s\u00e5 fortell henne om en mulighe til \u00e5 fjerne NE og oppleve LoO oftere. Se p\u00e5 hennes reaksjon og du skal forst\u00e5 alt.<\/p>\n<p>Det viser seg som oftest at klarhet oppst\u00e5r f\u00f8r utf\u00f8ring av eksperimentet. Enhver menneske kjenner sine mor godt nok.<\/p>\n<p>Ingenting hindrer dette menneske til \u00e5 fortelle om den \u201dglede\u201d hennes mor har opplevd.<\/p>\n<p>Folk liker \u00e5 bruke ord \u201d\u00f8m\u201d, \u201dpent\u201d osv. Folk liker \u00e5 lyve til seg selv og tro p\u00e5 det at alle opplever lyste opp oppfatninger. Det er nok \u00e5 utf\u00f8re noen enkle eksperimenter for \u00e5 f\u00e5 bort denne l\u00f8gn.<\/p>\n<p>Jeg skriver til hver nybegynner nesten det samme i l\u00f8pet av flere \u00e5r. Jeg anbefaler \u00e5 unders\u00f8ke noen bekjent eller slektning p\u00e5 en f\u00f8lgende m\u00e5te:<\/p>\n<p>&nbsp;<\/p>\n<p>1) gi en beskrivelse av hans tiltrekkende egenskap (f.eks. \u00f8mhet)<\/p>\n<p>2) gi et eksempel p\u00e5 fremvisning av denne egenskap (f.eks. han kysser mine f\u00f8tter \u00f8mt)<\/p>\n<p>3) tilby to-tre mulige fortolkninger av oppf\u00f8rsel av et annet menneske som handler p\u00e5 den samme m\u00e5te med sin jente (f.eks.): a) han \u00f8nsker \u00e5 imponere henne, b) han gj\u00f8r dette pga en f\u00f8lelse av plikt, c) han gj\u00f8r dette for \u00e5 f\u00e5 noe fra henne.<\/p>\n<p>4) forklar hvorfor har du valgt den ene fortolkning blant andre<\/p>\n<p>5) gjennomf\u00f8r en undes\u00f8kelse \u2013 si ham at det spiller ingen rolle for deg om han gj\u00f8r dette eller ikke. Se p\u00e5 hans reaksjon.<\/p>\n<p>&nbsp;<\/p>\n<p>NESTEN INGEN av nybegynnere har utf\u00f8rt denne oppgave godt nok. I det verste tilfelle nybegynner har sluttet \u00e5 kommunisere med meg. I det beste tilfelle man har pr\u00f8vd \u00e5 skifte emne. Man var ikke interissert i dette sp\u00f8rsm\u00e5l. Dette er sikkert noks\u00e5 forutsigelig og \u00e5penbart. Han har sikkert \u00f8nsket \u00e5 snakke om karma&#8230; Og jeg er interissert i det \u00e5 bli kvitt l\u00f8gn.<\/p>\n<p>Det er interessant at de som st\u00f8tter slike verdier som familie, h\u00f8flighet, plikt forholder seg veldig negativt til denne unders\u00f8kelse. Men dette er jo paradoksalt. Hvis du er et menneske som planlegger \u00e5 ha familie og barn, s\u00e5 m\u00e5 \u00e6rlighet og klarhet v\u00e6re det viktigste for deg! Du skal jo inng\u00e5 ekteskap med et menneske som du skal ha barn med. Du skal oppleve plikt til \u00e5 ikke ha samleie med andre mennesker. Forestill seg hva for en mareritt du skal oppleve i tilfelle du skal ikke unders\u00f8ke grundig nok sin fremtidig ektefelle. Dette er jo selvmord! Hvis du er en forelder som har barn som skal arve alle disse verdier, s\u00e5 fortjener du \u00e5 bli kalt en forbryter i tilfelle du ikke lar sine barn f\u00e5 vite om Utvalg av oppfatninger (minst den del som forteller om fjerning av tilf\u00f8yelser, l\u00f8gn og om unders\u00f8kelse av mennesker).<\/p>\n<p>Jeg blir ofte beskylt i det at jeg pr\u00f8ver \u00e5 \u00f8delegge familier. Jeg har ogs\u00e5 h\u00f8rt at noen \u00f8nsker \u00e5 d\u00f8mme meg for det at jeg bryter en russisk lov som forbyr oppfordring til \u00e5 nekte \u00e5 utf\u00f8re sine sosiale forpliktelser. For det f\u00f8rste jeg synes at denne lov er idiotisk. Jeg sier dette \u00e5penbart. Undertrykkelse av ytringsfrihet er en egenskap av diktatur. For det andre jeg oppfordrer ikke til \u00f8deleggelse av familier fordi at jeg bryr seg ikke om disse ubetydelige ritualer. Jeg oppfordrer folk til mer klarhet, frihet fra dumhet. Ettersom 100% av alle familier er oppbygd p\u00e5 dumhet og u\u00e6rlighet, blir det ikke s\u00e5 rart at en person som er interissert i Utvalg av oppfatninger skal ikke ha en familie.<\/p>\n<p>Dette har minnet meg en annen historie:<\/p>\n<p>&nbsp;<\/p>\n<p>\u201dPilat har sagt dette p\u00e5 gresk:<\/p>\n<p>&#8211; Har du \u00f8delagt kloster og oppfordret folk til dette?<\/p>\n<p>Fange har blitt merlivlig og har ogs\u00e5 sagt f\u00f8lgende p\u00e5 gresk:<\/p>\n<p>&#8211; Jeg, igemon, har aldri planlagt \u00e5 \u00f8delegge kloster og har aldri oppfordret noen til dette.<\/p>\n<p>&#8211; Mange forskjellige mennesker kommer til byen for helg. Det er blant disse magikere, astrologer, sp\u00e5mennesker og mordere, &#8212; sa anklager. Du er eksempelvis en l\u00f8gner. Det er skrevet klart her: du har oppfordret folk til \u00e5 \u00f8delegge kloster. Det er vitner til dette.<\/p>\n<p>&#8211; Disse snille mennesker har misforst\u00e5tt alt jeg har snakket om. Jeg frykter at denne misforst\u00e5else skal vare for veldig mange \u00e5r. Det hele skjedde pga at han har skrevet mine ord feilaktig. Jeg har en gang sett p\u00e5 hans notater og ble forbauset. Jeg har ikke sagt et ord av noe han har skrevet der!<\/p>\n<p>&#8211; Og hva har du sagt til folket om kloster?<\/p>\n<p>&#8211; Jeg, igemon, har sagt at den gamle kloster skal falle og en ny kloster av sannhet skal oppst\u00e5. Jeg har sag dette slik at de kunne forst\u00e5 dette.\u201d<\/p>\n<p>&nbsp;<\/p>\n<p>Og jeg pr\u00f8ver \u00e5 uttrykke seg veldig klart. Men hvem skal unders\u00f8ke alt dette? Hvis mannen oppdager at hans ektefelle sp\u00f8r ham og gj\u00f8r noen ubehagelige konklusjoner og deres samliv skal snart v\u00e6rt over&#8230; hvis foreldre-sadister (alts\u00e5 alle foreldre) oppdager at deres tidligere lydig barn gj\u00f8r noe ubehagelig, s\u00e5 hvem skal v\u00e6re en fiende? En som har oppfordret dem til \u00e5 v\u00e6re \u00e6rlige er en fiende.<\/p>\n","protected":false},"excerpt":{"rendered":"<p>Denne historie gjentas s\u00e5 ofte at jeg m\u00e5tte sikkert publisere en unders\u00f8kelse om dette. En jente skriver til meg og forteller noe liknende: \u201dmoren min var glad for det at jeg ble tatt opp til universitet\u201d. N\u00e5r jeg f\u00e5r h\u00f8re noe lignende, s\u00e5 sp\u00f8r jeg (og vet hva for et svar jeg skal f\u00e5): opplever [&hellip;]<\/p>\n","protected":false},"author":8235,"featured_media":0,"parent":8151,"menu_order":0,"comment_status":"open","ping_status":"closed","template":"","meta":{"_acf_changed":false,"footnotes":""},"class_list":["post-8212","page","type-page","status-publish","hentry"],"acf":[],"yoast_head":"<!-- This site is optimized with the Yoast SEO plugin v27.2 - https:\/\/yoast.com\/product\/yoast-seo-wordpress\/ -->\n<title>Min mor var glad\u2026 - Utvalg av tiltrekkende tilstander<\/title>\n<meta name=\"robots\" content=\"index, follow, max-snippet:-1, max-image-preview:large, max-video-preview:-1\" \/>\n<link rel=\"canonical\" href=\"https:\/\/bodhi.name\/nb\/uungaelighet-av-lyst-opp-verden\/min-mor-var-glad\/\" \/>\n<meta property=\"og:locale\" content=\"nb_NO\" \/>\n<meta property=\"og:type\" content=\"article\" \/>\n<meta property=\"og:title\" content=\"Min mor var glad\u2026 - Utvalg av tiltrekkende tilstander\" \/>\n<meta property=\"og:description\" content=\"Denne historie gjentas s\u00e5 ofte at jeg m\u00e5tte sikkert publisere en unders\u00f8kelse om dette. En jente skriver til meg og forteller noe liknende: \u201dmoren min var glad for det at jeg ble tatt opp til universitet\u201d. N\u00e5r jeg f\u00e5r h\u00f8re noe lignende, s\u00e5 sp\u00f8r jeg (og vet hva for et svar jeg skal f\u00e5): opplever [&hellip;]\" \/>\n<meta property=\"og:url\" content=\"https:\/\/bodhi.name\/nb\/uungaelighet-av-lyst-opp-verden\/min-mor-var-glad\/\" \/>\n<meta property=\"og:site_name\" content=\"Utvalg av tiltrekkende tilstander\" \/>\n<meta name=\"twitter:card\" content=\"summary_large_image\" \/>\n<meta name=\"twitter:label1\" content=\"Ansl. lesetid\" \/>\n\t<meta name=\"twitter:data1\" content=\"7 minutter\" \/>\n<script type=\"application\/ld+json\" class=\"yoast-schema-graph\">{\"@context\":\"https:\/\/schema.org\",\"@graph\":[{\"@type\":\"WebPage\",\"@id\":\"https:\/\/bodhi.name\/nb\/uungaelighet-av-lyst-opp-verden\/min-mor-var-glad\/\",\"url\":\"https:\/\/bodhi.name\/nb\/uungaelighet-av-lyst-opp-verden\/min-mor-var-glad\/\",\"name\":\"Min mor var glad\u2026 - Utvalg av tiltrekkende tilstander\",\"isPartOf\":{\"@id\":\"https:\/\/bodhi.name\/ru\/#website\"},\"datePublished\":\"2015-02-14T17:24:59+00:00\",\"breadcrumb\":{\"@id\":\"https:\/\/bodhi.name\/nb\/uungaelighet-av-lyst-opp-verden\/min-mor-var-glad\/#breadcrumb\"},\"inLanguage\":\"nb-NO\",\"potentialAction\":[{\"@type\":\"ReadAction\",\"target\":[\"https:\/\/bodhi.name\/nb\/uungaelighet-av-lyst-opp-verden\/min-mor-var-glad\/\"]}]},{\"@type\":\"BreadcrumbList\",\"@id\":\"https:\/\/bodhi.name\/nb\/uungaelighet-av-lyst-opp-verden\/min-mor-var-glad\/#breadcrumb\",\"itemListElement\":[{\"@type\":\"ListItem\",\"position\":1,\"name\":\"\u0413\u043b\u0430\u0432\u043d\u0430\u044f \u0441\u0442\u0440\u0430\u043d\u0438\u0446\u0430\",\"item\":\"https:\/\/bodhi.name\/nb\/\"},{\"@type\":\"ListItem\",\"position\":2,\"name\":\"Uung\u00e5elighet av lyst opp verden\",\"item\":\"https:\/\/bodhi.name\/nb\/uungaelighet-av-lyst-opp-verden\/\"},{\"@type\":\"ListItem\",\"position\":3,\"name\":\"Min mor var glad\u2026\"}]},{\"@type\":\"WebSite\",\"@id\":\"https:\/\/bodhi.name\/ru\/#website\",\"url\":\"https:\/\/bodhi.name\/ru\/\",\"name\":\"Utvalg av tiltrekkende tilstander\",\"description\":\" Eksperimentell psykologi\",\"potentialAction\":[{\"@type\":\"SearchAction\",\"target\":{\"@type\":\"EntryPoint\",\"urlTemplate\":\"https:\/\/bodhi.name\/ru\/?s={search_term_string}\"},\"query-input\":{\"@type\":\"PropertyValueSpecification\",\"valueRequired\":true,\"valueName\":\"search_term_string\"}}],\"inLanguage\":\"nb-NO\"}]}<\/script>\n<!-- \/ Yoast SEO plugin. -->","yoast_head_json":{"title":"Min mor var glad\u2026 - Utvalg av tiltrekkende tilstander","robots":{"index":"index","follow":"follow","max-snippet":"max-snippet:-1","max-image-preview":"max-image-preview:large","max-video-preview":"max-video-preview:-1"},"canonical":"https:\/\/bodhi.name\/nb\/uungaelighet-av-lyst-opp-verden\/min-mor-var-glad\/","og_locale":"nb_NO","og_type":"article","og_title":"Min mor var glad\u2026 - Utvalg av tiltrekkende tilstander","og_description":"Denne historie gjentas s\u00e5 ofte at jeg m\u00e5tte sikkert publisere en unders\u00f8kelse om dette. En jente skriver til meg og forteller noe liknende: \u201dmoren min var glad for det at jeg ble tatt opp til universitet\u201d. N\u00e5r jeg f\u00e5r h\u00f8re noe lignende, s\u00e5 sp\u00f8r jeg (og vet hva for et svar jeg skal f\u00e5): opplever [&hellip;]","og_url":"https:\/\/bodhi.name\/nb\/uungaelighet-av-lyst-opp-verden\/min-mor-var-glad\/","og_site_name":"Utvalg av tiltrekkende tilstander","twitter_card":"summary_large_image","twitter_misc":{"Ansl. lesetid":"7 minutter"},"schema":{"@context":"https:\/\/schema.org","@graph":[{"@type":"WebPage","@id":"https:\/\/bodhi.name\/nb\/uungaelighet-av-lyst-opp-verden\/min-mor-var-glad\/","url":"https:\/\/bodhi.name\/nb\/uungaelighet-av-lyst-opp-verden\/min-mor-var-glad\/","name":"Min mor var glad\u2026 - Utvalg av tiltrekkende tilstander","isPartOf":{"@id":"https:\/\/bodhi.name\/ru\/#website"},"datePublished":"2015-02-14T17:24:59+00:00","breadcrumb":{"@id":"https:\/\/bodhi.name\/nb\/uungaelighet-av-lyst-opp-verden\/min-mor-var-glad\/#breadcrumb"},"inLanguage":"nb-NO","potentialAction":[{"@type":"ReadAction","target":["https:\/\/bodhi.name\/nb\/uungaelighet-av-lyst-opp-verden\/min-mor-var-glad\/"]}]},{"@type":"BreadcrumbList","@id":"https:\/\/bodhi.name\/nb\/uungaelighet-av-lyst-opp-verden\/min-mor-var-glad\/#breadcrumb","itemListElement":[{"@type":"ListItem","position":1,"name":"\u0413\u043b\u0430\u0432\u043d\u0430\u044f \u0441\u0442\u0440\u0430\u043d\u0438\u0446\u0430","item":"https:\/\/bodhi.name\/nb\/"},{"@type":"ListItem","position":2,"name":"Uung\u00e5elighet av lyst opp verden","item":"https:\/\/bodhi.name\/nb\/uungaelighet-av-lyst-opp-verden\/"},{"@type":"ListItem","position":3,"name":"Min mor var glad\u2026"}]},{"@type":"WebSite","@id":"https:\/\/bodhi.name\/ru\/#website","url":"https:\/\/bodhi.name\/ru\/","name":"Utvalg av tiltrekkende tilstander","description":" Eksperimentell psykologi","potentialAction":[{"@type":"SearchAction","target":{"@type":"EntryPoint","urlTemplate":"https:\/\/bodhi.name\/ru\/?s={search_term_string}"},"query-input":{"@type":"PropertyValueSpecification","valueRequired":true,"valueName":"search_term_string"}}],"inLanguage":"nb-NO"}]}},"_links":{"self":[{"href":"https:\/\/bodhi.name\/nb\/wp-json\/wp\/v2\/pages\/8212","targetHints":{"allow":["GET"]}}],"collection":[{"href":"https:\/\/bodhi.name\/nb\/wp-json\/wp\/v2\/pages"}],"about":[{"href":"https:\/\/bodhi.name\/nb\/wp-json\/wp\/v2\/types\/page"}],"author":[{"embeddable":true,"href":"https:\/\/bodhi.name\/nb\/wp-json\/wp\/v2\/users\/8235"}],"replies":[{"embeddable":true,"href":"https:\/\/bodhi.name\/nb\/wp-json\/wp\/v2\/comments?post=8212"}],"version-history":[{"count":1,"href":"https:\/\/bodhi.name\/nb\/wp-json\/wp\/v2\/pages\/8212\/revisions"}],"predecessor-version":[{"id":8213,"href":"https:\/\/bodhi.name\/nb\/wp-json\/wp\/v2\/pages\/8212\/revisions\/8213"}],"up":[{"embeddable":true,"href":"https:\/\/bodhi.name\/nb\/wp-json\/wp\/v2\/pages\/8151"}],"wp:attachment":[{"href":"https:\/\/bodhi.name\/nb\/wp-json\/wp\/v2\/media?parent=8212"}],"curies":[{"name":"wp","href":"https:\/\/api.w.org\/{rel}","templated":true}]}}