{"id":8210,"date":"2015-02-14T21:23:00","date_gmt":"2015-02-14T17:23:00","guid":{"rendered":"http:\/\/bodhi.name\/?page_id=8210"},"modified":"2015-02-14T21:23:00","modified_gmt":"2015-02-14T17:23:00","slug":"tre-typer-av-mekaniske-onsker","status":"publish","type":"page","link":"https:\/\/bodhi.name\/nb\/uungaelighet-av-lyst-opp-verden\/tre-typer-av-mekaniske-onsker\/","title":{"rendered":"Tre typer av mekaniske \u00f8nsker"},"content":{"rendered":"<p>For \u00e5 forst\u00e5 begrepet \u201dfrysepunkt\u201d mer n\u00f8yaktig (samt for \u00e5 gi en sjanse for utvikling til en person som har minst en subpersonlighet som streber etter LoO), vi skal kunne atskille minst tre typer av mekaniske \u00f8nsker.<\/p>\n<p>Det er lett \u00e5 forst\u00e5 hva et mekanisk \u00f8nkse betyr. Hvis et \u00f8nske du opplever blir ikke fulgt av forventning, s\u00e5 er dette \u00f8nske mekanisk. Det virker at enhver mekanisk \u00f8nsker for\u00e5rsaker negativ tilstand. Men det er viktig \u00e5 forst\u00e5 at mesteparten av livet er form\u00f8kt og dette betyr at du opplever bare negative \u00f8nsker i l\u00f8pet av form\u00f8kt tid.<\/p>\n<p>La oss g\u00e5 fra \u201djeg\u201d til subpersonligheter.<\/p>\n<p>Man opplever lyste opp oppfatninger og LoB sjeldent. La oss anta at du opplever LoO eller LoB i l\u00f8pet av en minutt om dag (dette er noks\u00e5 mye). en lyst opp subpersonlighet klarer ikke \u00e5 fjerne eller hindre fremvisning av form\u00f8rkelser i l\u00f8pet av en minutt. LoSP kan forst\u00e5 at det er ikke godt \u00e5 oppleve orgasme ofte samt at det er ikke mulig \u00e5 endre noe fordi at en anne subpersonlighet (en form\u00f8rkt en) skal styre deg i l\u00f8pet av orgasme.<\/p>\n<p>LoSP kan etter hvert ogs\u00e5 forst\u00e5 at bare vold kan endre situasjon. LoSP m\u00e5 ta makt over FSP ved hjelp av styrke. Og dette er ikke s\u00e5 enkelt. F.eks. LoSP kan hevde at \u201djeg skal ikke oppleve orgasme oftere enn en gang om uke\u201d. S\u00e5 forsvinner LoSP og FSP f\u00e5r makten. FSP forst\u00e5r at det \u00e5 oppleve orgasme er \u00e5 svekke FSV (f\u00f8lelse av selvviktighet). Er ikke du i stand til \u00e5 kontrollere seg?<\/p>\n<p>Begynner du \u00e5 runke i ensomhet, s\u00e5 oppst\u00e5r FSV ogs\u00e5 (du har jo sagt at du skal ikke gj\u00f8re dette s\u00e5 ofte).<\/p>\n<p>LoSP kan p\u00e5virke FSP enda mer hardere.<\/p>\n<p>Det er vesentlig forskjell mellom konsekvenser av realisering av m\u00f8 som har oppst\u00e5tt fra ulike kilder. Du kan sjekke dette selv. Hvis du ringer til sin mor fordi at du er redd for hennes aggresjon, s\u00e5 blir du forgiftet sterkt. Du har dermed realisert et mekanisk \u00f8nske av dn f\u00f8rste type.<\/p>\n<p>Hvis du utf\u00f8rer loo-trening (du skaper enhver tilgjengelig LoO i rekkef\u00f8lge) fordi at andre praktikanter gj\u00f8r dette, s\u00e5 realiserer du et m\u00f8 ogs\u00e5. Men jeg kaller et slik m\u00f8 for m\u00f8 av den tredje type fordi at du har jo opplevd LoO etter \u00e5 ha realisert det!<\/p>\n<p>M\u00d8 av den tredje type er ogs\u00e5 uglad. Dette \u00f8nske blir ikke fulgt av forventning p\u00e5 den samme m\u00e5te som m\u00f8 av den f\u00f8rste type. Men dette m\u00f8 er begrunnet med \u201doppn\u00e5else av lyste opp verdier\u201d (som f.eks. \u201dutf\u00f8ring av loo-trening\u201d, \u201ddet \u00e5 f\u00f8lge etter Bodhs r\u00e5d\u201d, \u201ddet er ikke bra \u00e5 ikke utf\u00f8re utvalg av oppfatninger\u201d).<\/p>\n<p>Erfaring viser at konsekvenser av uglad realisering av m\u00f8 rettet mot \u201dlyste opp verdier\u201d kan f\u00f8re til LoO. Og dette er ikke rart siden \u201dlyste opp verdier\u201d er ikke moral. F.eks. en australsk opprinnelig innbygger blir plassert p\u00e5 hotell. Du sier ham at hvis han plasserer denne ting (st\u00f8psel fra tekanne) her (stikkkontakt) s\u00e5 skal han f\u00e5 varm vann. Og denne person skal forst\u00e5 dette slik \u201ddet er godt \u00e5 gj\u00f8re dette og guder skal v\u00e6re forn\u00f8yde pga mine handlinger). Og han skal virkerlig f\u00f8le seg bedre om han f\u00e5r varm vann. Sett fra en religi\u00f8s side han skal f\u00e5 et \u00f8nskelig for seg resultat if\u00f8lge en bestemt rekkef\u00f8lge av handlinger.<\/p>\n<p>Skal man f\u00f8lge etter lyst opp moral, s\u00e5 skal man ikke bli kvitt dumhet. Men dette skal ikke minst f\u00f8re til konsekvenser som skal hjelpe man \u00e5 oppn\u00e5 lyste opp oppfatninger senere.<\/p>\n<p>Et mekanisk \u00f8nske av andre type (m\u00f82t) er et \u00f8nske som er baseret p\u00e5 ulike forpliktelser og moralske kategorier. M\u00f82t og m\u00f83t handler ofte sammen og forhindrer fremvisning av m\u00f81t.<\/p>\n<p>Jeg tror at n\u00e5r jeg sier \u201drealisering av mekaniske \u00f8nsker kan f\u00f8re til LoO\u201d, s\u00e5 oppst\u00e5r det mange problemer. Det oppst\u00e5r folk som hevder at \u201dutvalg\u201d er idiotiske handlinger. De hevder at Bodh selv sier at form\u00f8rkelser kan v\u00e6re nyttige og at det er ingen fare i m\u00f8 siden de kan for\u00e5rsake LoO. De sier at selve ide med utvalg av tiltrekkende tilstander er dumhet. Andre sier at m\u00f8 er \u201dlyste opp m\u00f8\u201d og NE er \u201dlyste opp NE\u201d. Pr\u00f8v \u00e5 ikke likne p\u00e5 disse idioter. Pr\u00f8v \u00e5 oppn\u00e5 klarhet i alt knyttet med ulike mekaniske \u00f8nsker. Du m\u00e5 ikke bli en dumming. Du m\u00e5 ikke ha tvil i det at du er en dumming. Du opplever LoO veldig sjeldent og veldig svakt. Du kan ikke styre seg med noe utenom mekaniske \u00f8nsker. Men det er ogs\u00e5 sant at du kan velge hvilken p\u00e5virkning skal du gi etter. Det er umulig \u00e5 leve uten at noe p\u00e5virker deg. Men du kan velge de p\u00e5virkninger som skal endre deg. Du kan verken nekte eller glemme om dette valg. Det at du nekter \u00e5 velge noe betyr egentlig at du tar et viss valg.<\/p>\n","protected":false},"excerpt":{"rendered":"<p>For \u00e5 forst\u00e5 begrepet \u201dfrysepunkt\u201d mer n\u00f8yaktig (samt for \u00e5 gi en sjanse for utvikling til en person som har minst en subpersonlighet som streber etter LoO), vi skal kunne atskille minst tre typer av mekaniske \u00f8nsker. Det er lett \u00e5 forst\u00e5 hva et mekanisk \u00f8nkse betyr. Hvis et \u00f8nske du opplever blir ikke fulgt [&hellip;]<\/p>\n","protected":false},"author":8235,"featured_media":0,"parent":8151,"menu_order":0,"comment_status":"open","ping_status":"closed","template":"","meta":{"_acf_changed":false,"footnotes":""},"class_list":["post-8210","page","type-page","status-publish","hentry"],"acf":[],"yoast_head":"<!-- This site is optimized with the Yoast SEO plugin v27.2 - https:\/\/yoast.com\/product\/yoast-seo-wordpress\/ -->\n<title>Tre typer av mekaniske \u00f8nsker - Utvalg av tiltrekkende tilstander<\/title>\n<meta name=\"robots\" content=\"index, follow, max-snippet:-1, max-image-preview:large, max-video-preview:-1\" \/>\n<link rel=\"canonical\" href=\"https:\/\/bodhi.name\/nb\/uungaelighet-av-lyst-opp-verden\/tre-typer-av-mekaniske-onsker\/\" \/>\n<meta property=\"og:locale\" content=\"nb_NO\" \/>\n<meta property=\"og:type\" content=\"article\" \/>\n<meta property=\"og:title\" content=\"Tre typer av mekaniske \u00f8nsker - Utvalg av tiltrekkende tilstander\" \/>\n<meta property=\"og:description\" content=\"For \u00e5 forst\u00e5 begrepet \u201dfrysepunkt\u201d mer n\u00f8yaktig (samt for \u00e5 gi en sjanse for utvikling til en person som har minst en subpersonlighet som streber etter LoO), vi skal kunne atskille minst tre typer av mekaniske \u00f8nsker. Det er lett \u00e5 forst\u00e5 hva et mekanisk \u00f8nkse betyr. Hvis et \u00f8nske du opplever blir ikke fulgt [&hellip;]\" \/>\n<meta property=\"og:url\" content=\"https:\/\/bodhi.name\/nb\/uungaelighet-av-lyst-opp-verden\/tre-typer-av-mekaniske-onsker\/\" \/>\n<meta property=\"og:site_name\" content=\"Utvalg av tiltrekkende tilstander\" \/>\n<meta name=\"twitter:card\" content=\"summary_large_image\" \/>\n<meta name=\"twitter:label1\" content=\"Ansl. lesetid\" \/>\n\t<meta name=\"twitter:data1\" content=\"4 minutter\" \/>\n<script type=\"application\/ld+json\" class=\"yoast-schema-graph\">{\"@context\":\"https:\/\/schema.org\",\"@graph\":[{\"@type\":\"WebPage\",\"@id\":\"https:\/\/bodhi.name\/nb\/uungaelighet-av-lyst-opp-verden\/tre-typer-av-mekaniske-onsker\/\",\"url\":\"https:\/\/bodhi.name\/nb\/uungaelighet-av-lyst-opp-verden\/tre-typer-av-mekaniske-onsker\/\",\"name\":\"Tre typer av mekaniske \u00f8nsker - Utvalg av tiltrekkende tilstander\",\"isPartOf\":{\"@id\":\"https:\/\/bodhi.name\/ru\/#website\"},\"datePublished\":\"2015-02-14T17:23:00+00:00\",\"breadcrumb\":{\"@id\":\"https:\/\/bodhi.name\/nb\/uungaelighet-av-lyst-opp-verden\/tre-typer-av-mekaniske-onsker\/#breadcrumb\"},\"inLanguage\":\"nb-NO\",\"potentialAction\":[{\"@type\":\"ReadAction\",\"target\":[\"https:\/\/bodhi.name\/nb\/uungaelighet-av-lyst-opp-verden\/tre-typer-av-mekaniske-onsker\/\"]}]},{\"@type\":\"BreadcrumbList\",\"@id\":\"https:\/\/bodhi.name\/nb\/uungaelighet-av-lyst-opp-verden\/tre-typer-av-mekaniske-onsker\/#breadcrumb\",\"itemListElement\":[{\"@type\":\"ListItem\",\"position\":1,\"name\":\"\u0413\u043b\u0430\u0432\u043d\u0430\u044f \u0441\u0442\u0440\u0430\u043d\u0438\u0446\u0430\",\"item\":\"https:\/\/bodhi.name\/nb\/\"},{\"@type\":\"ListItem\",\"position\":2,\"name\":\"Uung\u00e5elighet av lyst opp verden\",\"item\":\"https:\/\/bodhi.name\/nb\/uungaelighet-av-lyst-opp-verden\/\"},{\"@type\":\"ListItem\",\"position\":3,\"name\":\"Tre typer av mekaniske \u00f8nsker\"}]},{\"@type\":\"WebSite\",\"@id\":\"https:\/\/bodhi.name\/ru\/#website\",\"url\":\"https:\/\/bodhi.name\/ru\/\",\"name\":\"Utvalg av tiltrekkende tilstander\",\"description\":\" Eksperimentell psykologi\",\"potentialAction\":[{\"@type\":\"SearchAction\",\"target\":{\"@type\":\"EntryPoint\",\"urlTemplate\":\"https:\/\/bodhi.name\/ru\/?s={search_term_string}\"},\"query-input\":{\"@type\":\"PropertyValueSpecification\",\"valueRequired\":true,\"valueName\":\"search_term_string\"}}],\"inLanguage\":\"nb-NO\"}]}<\/script>\n<!-- \/ Yoast SEO plugin. -->","yoast_head_json":{"title":"Tre typer av mekaniske \u00f8nsker - Utvalg av tiltrekkende tilstander","robots":{"index":"index","follow":"follow","max-snippet":"max-snippet:-1","max-image-preview":"max-image-preview:large","max-video-preview":"max-video-preview:-1"},"canonical":"https:\/\/bodhi.name\/nb\/uungaelighet-av-lyst-opp-verden\/tre-typer-av-mekaniske-onsker\/","og_locale":"nb_NO","og_type":"article","og_title":"Tre typer av mekaniske \u00f8nsker - Utvalg av tiltrekkende tilstander","og_description":"For \u00e5 forst\u00e5 begrepet \u201dfrysepunkt\u201d mer n\u00f8yaktig (samt for \u00e5 gi en sjanse for utvikling til en person som har minst en subpersonlighet som streber etter LoO), vi skal kunne atskille minst tre typer av mekaniske \u00f8nsker. Det er lett \u00e5 forst\u00e5 hva et mekanisk \u00f8nkse betyr. Hvis et \u00f8nske du opplever blir ikke fulgt [&hellip;]","og_url":"https:\/\/bodhi.name\/nb\/uungaelighet-av-lyst-opp-verden\/tre-typer-av-mekaniske-onsker\/","og_site_name":"Utvalg av tiltrekkende tilstander","twitter_card":"summary_large_image","twitter_misc":{"Ansl. lesetid":"4 minutter"},"schema":{"@context":"https:\/\/schema.org","@graph":[{"@type":"WebPage","@id":"https:\/\/bodhi.name\/nb\/uungaelighet-av-lyst-opp-verden\/tre-typer-av-mekaniske-onsker\/","url":"https:\/\/bodhi.name\/nb\/uungaelighet-av-lyst-opp-verden\/tre-typer-av-mekaniske-onsker\/","name":"Tre typer av mekaniske \u00f8nsker - Utvalg av tiltrekkende tilstander","isPartOf":{"@id":"https:\/\/bodhi.name\/ru\/#website"},"datePublished":"2015-02-14T17:23:00+00:00","breadcrumb":{"@id":"https:\/\/bodhi.name\/nb\/uungaelighet-av-lyst-opp-verden\/tre-typer-av-mekaniske-onsker\/#breadcrumb"},"inLanguage":"nb-NO","potentialAction":[{"@type":"ReadAction","target":["https:\/\/bodhi.name\/nb\/uungaelighet-av-lyst-opp-verden\/tre-typer-av-mekaniske-onsker\/"]}]},{"@type":"BreadcrumbList","@id":"https:\/\/bodhi.name\/nb\/uungaelighet-av-lyst-opp-verden\/tre-typer-av-mekaniske-onsker\/#breadcrumb","itemListElement":[{"@type":"ListItem","position":1,"name":"\u0413\u043b\u0430\u0432\u043d\u0430\u044f \u0441\u0442\u0440\u0430\u043d\u0438\u0446\u0430","item":"https:\/\/bodhi.name\/nb\/"},{"@type":"ListItem","position":2,"name":"Uung\u00e5elighet av lyst opp verden","item":"https:\/\/bodhi.name\/nb\/uungaelighet-av-lyst-opp-verden\/"},{"@type":"ListItem","position":3,"name":"Tre typer av mekaniske \u00f8nsker"}]},{"@type":"WebSite","@id":"https:\/\/bodhi.name\/ru\/#website","url":"https:\/\/bodhi.name\/ru\/","name":"Utvalg av tiltrekkende tilstander","description":" Eksperimentell psykologi","potentialAction":[{"@type":"SearchAction","target":{"@type":"EntryPoint","urlTemplate":"https:\/\/bodhi.name\/ru\/?s={search_term_string}"},"query-input":{"@type":"PropertyValueSpecification","valueRequired":true,"valueName":"search_term_string"}}],"inLanguage":"nb-NO"}]}},"_links":{"self":[{"href":"https:\/\/bodhi.name\/nb\/wp-json\/wp\/v2\/pages\/8210","targetHints":{"allow":["GET"]}}],"collection":[{"href":"https:\/\/bodhi.name\/nb\/wp-json\/wp\/v2\/pages"}],"about":[{"href":"https:\/\/bodhi.name\/nb\/wp-json\/wp\/v2\/types\/page"}],"author":[{"embeddable":true,"href":"https:\/\/bodhi.name\/nb\/wp-json\/wp\/v2\/users\/8235"}],"replies":[{"embeddable":true,"href":"https:\/\/bodhi.name\/nb\/wp-json\/wp\/v2\/comments?post=8210"}],"version-history":[{"count":1,"href":"https:\/\/bodhi.name\/nb\/wp-json\/wp\/v2\/pages\/8210\/revisions"}],"predecessor-version":[{"id":8211,"href":"https:\/\/bodhi.name\/nb\/wp-json\/wp\/v2\/pages\/8210\/revisions\/8211"}],"up":[{"embeddable":true,"href":"https:\/\/bodhi.name\/nb\/wp-json\/wp\/v2\/pages\/8151"}],"wp:attachment":[{"href":"https:\/\/bodhi.name\/nb\/wp-json\/wp\/v2\/media?parent=8210"}],"curies":[{"name":"wp","href":"https:\/\/api.w.org\/{rel}","templated":true}]}}