{"id":8208,"date":"2015-02-14T21:21:08","date_gmt":"2015-02-14T17:21:08","guid":{"rendered":"http:\/\/bodhi.name\/?page_id=8208"},"modified":"2015-02-14T21:21:08","modified_gmt":"2015-02-14T17:21:08","slug":"laer-seg-a-skrive-riktig-forst","status":"publish","type":"page","link":"https:\/\/bodhi.name\/nb\/uungaelighet-av-lyst-opp-verden\/laer-seg-a-skrive-riktig-forst\/","title":{"rendered":"L\u00e6r seg \u00e5 skrive riktig f\u00f8rst!"},"content":{"rendered":"<p>Jeg f\u00e5r mange brev i sin e-post. Det kommer av og til veldig mange av dem s\u00e5 jeg m\u00e5 sortere dem f\u00f8rst. Dette tar ikke s\u00e5 mye tid \u00e5 slette aggressive brev. Det finnes interessante brev. Men det er ogs\u00e5 mange av brev fra aggressive og dumme personer. Mange av dem skrives p\u00e5 den samme m\u00e5te. Det finnes \u201dSp\u00f8rsm\u00e5l og Svar\u201d p\u00e5 min nettside samt mange andre artikkler for mennesker som \u00f8nsker \u00e5 forst\u00e5 og tenke. De som \u00f8nsker ikke \u00e5 forst\u00e5 noen ting f\u00e5r ingen nytte av min praksis. Det er hensiktsl\u00f8s \u00e5 skrive noe som \u201dSvar p\u00e5 beskyldning\u201d fordi at kloke mennesker beskylder meg ikke mens de dumme og aggressive \u00f8nsker ikke \u00e5 forst\u00e5 meg.<\/p>\n<p>Jeg har en gang oppdaget Feynmans fortelling som jeg n\u00e5 \u00f8nsker \u00e5 sitere fra. De beskyler meg ofte p\u00e5 denne m\u00e5te her: \u201dBodhi, du skriver noen dumheter her. Alle disse LoO, NE, m\u00f8, g\u00f8. Alt dette er forferdelig! Hvem skal unders\u00f8ke alt dette?? Det er enda mer forkortelser i \u201dArtikkler av praktikanter\u201d \u2013 \u201dfsv\u201d, \u201dntls\u201d osv. L\u00e6r seg \u00e5 skrive <i>forst\u00e5elig<\/i> f\u00f8rst, og s\u00e5 jeg skal lese dine b\u00f8ker\u201d. Disse mennesker synes at de er de viktigste i verden! De tror at <i>jeg<\/i> trenger dem til \u00e5 lese mine b\u00f8ker. De \u00f8nsker ikke \u00e5 lese en liste over forkortelser som finnes ogs\u00e5 p\u00e5 min nettside. Og de \u00f8nsker ikke \u00e5 huske de viktigste forkortelser som blir brukt i boken.<\/p>\n<p>Noen mener at det at jeg bruker forkortelser for kommunisering med mordaer betyr at jeg skaper en sekt. Noen mener at de trenger mine forkortelser for \u00e5 f\u00f8le seg spesielle mennesker.<\/p>\n<p>Det er interessant \u00e5 lese om dette i Feynmans bok (det er snakk om tid da Feynman har deltatt i kommisjon som har unders\u00f8kt \u201dChallenger\u201d katastrofe. Han m\u00e5tte arbeide med teknikere fra NASA):<\/p>\n<p>&nbsp;<\/p>\n<p>\u201dDet f\u00f8rste vi m\u00e5tte gj\u00f8re var \u00e5 studere alle disse forkortelser de bruker i sin arbeid: \u201dFDRM\u201d \u2013 fast drivstoffs rakettmotor, \u201dHMRS\u201d \u2013 hovedmotor av romskip\u201d som bruker \u201dFH\u201d \u2013 flytende hydrogen og \u201dFO\u201d \u2013 flytende oksygen. Drivstoffet oppbevares i \u201dYB\u201d \u2013 yterste beholder. Det fantes ogs\u00e5 forkortelser for sm\u00e5 deler til romskipet. De sa oss \u201dvi skal gi dere en ordbok med alle forkortelser. Alt dette er noks\u00e5 enkelt\u201d. Dette er sikkert enkelt, men denne ordbok er veldig stor. Vi m\u00e5tte bruke tid for \u00e5 finne noe som \u201dDPST\u201d (drivstoffpumpe av stor trykk) eller \u201dODPST\u201d (oksygen-drivstoffpumpe av stor trykk)\u201d.<\/p>\n<p>&nbsp;<\/p>\n<p>Var disse ingen\u00f8rer fra NASA idioter som jeg? Feynman gir dem i hvert fall en veldig h\u00f8y karakter. Eller kanskje dette er upassende eksempel? Her er det snakk om ingen\u00f8rer og de bruker som oftest mange forkortelser for \u00e5 lette sine tekster. Og hva skriver jeg om? Jeg skriver om ingen\u00f8rkunst av oppfatninger. Ezoteriker hater meg for dette og de \u00f8nsker ikke \u00e5 bruke bestemte begrep fordi at da skal de ikke kunne si noe.<\/p>\n","protected":false},"excerpt":{"rendered":"<p>Jeg f\u00e5r mange brev i sin e-post. Det kommer av og til veldig mange av dem s\u00e5 jeg m\u00e5 sortere dem f\u00f8rst. Dette tar ikke s\u00e5 mye tid \u00e5 slette aggressive brev. Det finnes interessante brev. Men det er ogs\u00e5 mange av brev fra aggressive og dumme personer. Mange av dem skrives p\u00e5 den samme [&hellip;]<\/p>\n","protected":false},"author":8235,"featured_media":0,"parent":8151,"menu_order":0,"comment_status":"open","ping_status":"closed","template":"","meta":{"_acf_changed":false,"footnotes":""},"class_list":["post-8208","page","type-page","status-publish","hentry"],"acf":[],"yoast_head":"<!-- This site is optimized with the Yoast SEO plugin v27.4 - https:\/\/yoast.com\/product\/yoast-seo-wordpress\/ -->\n<title>L\u00e6r seg \u00e5 skrive riktig f\u00f8rst! - Utvalg av tiltrekkende tilstander<\/title>\n<meta name=\"robots\" content=\"index, follow, max-snippet:-1, max-image-preview:large, max-video-preview:-1\" \/>\n<link rel=\"canonical\" href=\"https:\/\/bodhi.name\/nb\/uungaelighet-av-lyst-opp-verden\/laer-seg-a-skrive-riktig-forst\/\" \/>\n<meta property=\"og:locale\" content=\"nb_NO\" \/>\n<meta property=\"og:type\" content=\"article\" \/>\n<meta property=\"og:title\" content=\"L\u00e6r seg \u00e5 skrive riktig f\u00f8rst! - Utvalg av tiltrekkende tilstander\" \/>\n<meta property=\"og:description\" content=\"Jeg f\u00e5r mange brev i sin e-post. Det kommer av og til veldig mange av dem s\u00e5 jeg m\u00e5 sortere dem f\u00f8rst. Dette tar ikke s\u00e5 mye tid \u00e5 slette aggressive brev. Det finnes interessante brev. Men det er ogs\u00e5 mange av brev fra aggressive og dumme personer. Mange av dem skrives p\u00e5 den samme [&hellip;]\" \/>\n<meta property=\"og:url\" content=\"https:\/\/bodhi.name\/nb\/uungaelighet-av-lyst-opp-verden\/laer-seg-a-skrive-riktig-forst\/\" \/>\n<meta property=\"og:site_name\" content=\"Utvalg av tiltrekkende tilstander\" \/>\n<meta name=\"twitter:card\" content=\"summary_large_image\" \/>\n<meta name=\"twitter:label1\" content=\"Ansl. lesetid\" \/>\n\t<meta name=\"twitter:data1\" content=\"2 minutter\" \/>\n<script type=\"application\/ld+json\" class=\"yoast-schema-graph\">{\"@context\":\"https:\\\/\\\/schema.org\",\"@graph\":[{\"@type\":\"WebPage\",\"@id\":\"https:\\\/\\\/bodhi.name\\\/nb\\\/uungaelighet-av-lyst-opp-verden\\\/laer-seg-a-skrive-riktig-forst\\\/\",\"url\":\"https:\\\/\\\/bodhi.name\\\/nb\\\/uungaelighet-av-lyst-opp-verden\\\/laer-seg-a-skrive-riktig-forst\\\/\",\"name\":\"L\u00e6r seg \u00e5 skrive riktig f\u00f8rst! - Utvalg av tiltrekkende tilstander\",\"isPartOf\":{\"@id\":\"https:\\\/\\\/bodhi.name\\\/ru\\\/#website\"},\"datePublished\":\"2015-02-14T17:21:08+00:00\",\"breadcrumb\":{\"@id\":\"https:\\\/\\\/bodhi.name\\\/nb\\\/uungaelighet-av-lyst-opp-verden\\\/laer-seg-a-skrive-riktig-forst\\\/#breadcrumb\"},\"inLanguage\":\"nb-NO\",\"potentialAction\":[{\"@type\":\"ReadAction\",\"target\":[\"https:\\\/\\\/bodhi.name\\\/nb\\\/uungaelighet-av-lyst-opp-verden\\\/laer-seg-a-skrive-riktig-forst\\\/\"]}]},{\"@type\":\"BreadcrumbList\",\"@id\":\"https:\\\/\\\/bodhi.name\\\/nb\\\/uungaelighet-av-lyst-opp-verden\\\/laer-seg-a-skrive-riktig-forst\\\/#breadcrumb\",\"itemListElement\":[{\"@type\":\"ListItem\",\"position\":1,\"name\":\"\u0413\u043b\u0430\u0432\u043d\u0430\u044f \u0441\u0442\u0440\u0430\u043d\u0438\u0446\u0430\",\"item\":\"https:\\\/\\\/bodhi.name\\\/nb\\\/\"},{\"@type\":\"ListItem\",\"position\":2,\"name\":\"Uung\u00e5elighet av lyst opp verden\",\"item\":\"https:\\\/\\\/bodhi.name\\\/nb\\\/uungaelighet-av-lyst-opp-verden\\\/\"},{\"@type\":\"ListItem\",\"position\":3,\"name\":\"L\u00e6r seg \u00e5 skrive riktig f\u00f8rst!\"}]},{\"@type\":\"WebSite\",\"@id\":\"https:\\\/\\\/bodhi.name\\\/ru\\\/#website\",\"url\":\"https:\\\/\\\/bodhi.name\\\/ru\\\/\",\"name\":\"Utvalg av tiltrekkende tilstander\",\"description\":\" Eksperimentell psykologi\",\"potentialAction\":[{\"@type\":\"SearchAction\",\"target\":{\"@type\":\"EntryPoint\",\"urlTemplate\":\"https:\\\/\\\/bodhi.name\\\/ru\\\/?s={search_term_string}\"},\"query-input\":{\"@type\":\"PropertyValueSpecification\",\"valueRequired\":true,\"valueName\":\"search_term_string\"}}],\"inLanguage\":\"nb-NO\"}]}<\/script>\n<!-- \/ Yoast SEO plugin. -->","yoast_head_json":{"title":"L\u00e6r seg \u00e5 skrive riktig f\u00f8rst! - Utvalg av tiltrekkende tilstander","robots":{"index":"index","follow":"follow","max-snippet":"max-snippet:-1","max-image-preview":"max-image-preview:large","max-video-preview":"max-video-preview:-1"},"canonical":"https:\/\/bodhi.name\/nb\/uungaelighet-av-lyst-opp-verden\/laer-seg-a-skrive-riktig-forst\/","og_locale":"nb_NO","og_type":"article","og_title":"L\u00e6r seg \u00e5 skrive riktig f\u00f8rst! - Utvalg av tiltrekkende tilstander","og_description":"Jeg f\u00e5r mange brev i sin e-post. Det kommer av og til veldig mange av dem s\u00e5 jeg m\u00e5 sortere dem f\u00f8rst. Dette tar ikke s\u00e5 mye tid \u00e5 slette aggressive brev. Det finnes interessante brev. Men det er ogs\u00e5 mange av brev fra aggressive og dumme personer. Mange av dem skrives p\u00e5 den samme [&hellip;]","og_url":"https:\/\/bodhi.name\/nb\/uungaelighet-av-lyst-opp-verden\/laer-seg-a-skrive-riktig-forst\/","og_site_name":"Utvalg av tiltrekkende tilstander","twitter_card":"summary_large_image","twitter_misc":{"Ansl. lesetid":"2 minutter"},"schema":{"@context":"https:\/\/schema.org","@graph":[{"@type":"WebPage","@id":"https:\/\/bodhi.name\/nb\/uungaelighet-av-lyst-opp-verden\/laer-seg-a-skrive-riktig-forst\/","url":"https:\/\/bodhi.name\/nb\/uungaelighet-av-lyst-opp-verden\/laer-seg-a-skrive-riktig-forst\/","name":"L\u00e6r seg \u00e5 skrive riktig f\u00f8rst! - Utvalg av tiltrekkende tilstander","isPartOf":{"@id":"https:\/\/bodhi.name\/ru\/#website"},"datePublished":"2015-02-14T17:21:08+00:00","breadcrumb":{"@id":"https:\/\/bodhi.name\/nb\/uungaelighet-av-lyst-opp-verden\/laer-seg-a-skrive-riktig-forst\/#breadcrumb"},"inLanguage":"nb-NO","potentialAction":[{"@type":"ReadAction","target":["https:\/\/bodhi.name\/nb\/uungaelighet-av-lyst-opp-verden\/laer-seg-a-skrive-riktig-forst\/"]}]},{"@type":"BreadcrumbList","@id":"https:\/\/bodhi.name\/nb\/uungaelighet-av-lyst-opp-verden\/laer-seg-a-skrive-riktig-forst\/#breadcrumb","itemListElement":[{"@type":"ListItem","position":1,"name":"\u0413\u043b\u0430\u0432\u043d\u0430\u044f \u0441\u0442\u0440\u0430\u043d\u0438\u0446\u0430","item":"https:\/\/bodhi.name\/nb\/"},{"@type":"ListItem","position":2,"name":"Uung\u00e5elighet av lyst opp verden","item":"https:\/\/bodhi.name\/nb\/uungaelighet-av-lyst-opp-verden\/"},{"@type":"ListItem","position":3,"name":"L\u00e6r seg \u00e5 skrive riktig f\u00f8rst!"}]},{"@type":"WebSite","@id":"https:\/\/bodhi.name\/ru\/#website","url":"https:\/\/bodhi.name\/ru\/","name":"Utvalg av tiltrekkende tilstander","description":" Eksperimentell psykologi","potentialAction":[{"@type":"SearchAction","target":{"@type":"EntryPoint","urlTemplate":"https:\/\/bodhi.name\/ru\/?s={search_term_string}"},"query-input":{"@type":"PropertyValueSpecification","valueRequired":true,"valueName":"search_term_string"}}],"inLanguage":"nb-NO"}]}},"_links":{"self":[{"href":"https:\/\/bodhi.name\/nb\/wp-json\/wp\/v2\/pages\/8208","targetHints":{"allow":["GET"]}}],"collection":[{"href":"https:\/\/bodhi.name\/nb\/wp-json\/wp\/v2\/pages"}],"about":[{"href":"https:\/\/bodhi.name\/nb\/wp-json\/wp\/v2\/types\/page"}],"author":[{"embeddable":true,"href":"https:\/\/bodhi.name\/nb\/wp-json\/wp\/v2\/users\/8235"}],"replies":[{"embeddable":true,"href":"https:\/\/bodhi.name\/nb\/wp-json\/wp\/v2\/comments?post=8208"}],"version-history":[{"count":1,"href":"https:\/\/bodhi.name\/nb\/wp-json\/wp\/v2\/pages\/8208\/revisions"}],"predecessor-version":[{"id":8209,"href":"https:\/\/bodhi.name\/nb\/wp-json\/wp\/v2\/pages\/8208\/revisions\/8209"}],"up":[{"embeddable":true,"href":"https:\/\/bodhi.name\/nb\/wp-json\/wp\/v2\/pages\/8151"}],"wp:attachment":[{"href":"https:\/\/bodhi.name\/nb\/wp-json\/wp\/v2\/media?parent=8208"}],"curies":[{"name":"wp","href":"https:\/\/api.w.org\/{rel}","templated":true}]}}