{"id":8169,"date":"2015-02-14T17:11:08","date_gmt":"2015-02-14T13:11:08","guid":{"rendered":"http:\/\/bodhi.name\/?page_id=8169"},"modified":"2015-02-14T17:11:08","modified_gmt":"2015-02-14T13:11:08","slug":"gaende-psykokraftstasjon","status":"publish","type":"page","link":"https:\/\/bodhi.name\/nb\/uungaelighet-av-lyst-opp-verden\/gaende-psykokraftstasjon\/","title":{"rendered":"G\u00e5ende psykokraftstasjon"},"content":{"rendered":"<p>Enda et eksperiment kan beskrives hva gjelder nydelig vibrasjon som oppst\u00e5r pga for stor opphisselse. Det er \u00f8nskelig \u00e5 ikke oppleve orgasme p\u00e5 lenge for \u00e5 merke disse f\u00f8lelser.<\/p>\n<p>Pr\u00f8v \u00e5 slappe av munn og tunge. La tungen ligge i munn uten bevegelse. Du skal etter hvert merke at tungens f\u00f8lsomhet har blitt lavere samt at det kan f\u00f8les at en del av tunge har forsvunnet. De samme f\u00f8lelser oppst\u00e5r i en del av kroppen som ligger i hvile (noen minutter). Enda en f\u00f8lelse oppst\u00e5r lett i tunge. Elektrisk ladning kan oppst\u00e5 lett i tunge. Om du venter litt s\u00e5 skal de samme f\u00f8lelser oppst\u00e5 i hele munn. Elektrisistet skal \u201dbevege\u201d seg fra bunn til topp.<\/p>\n<p>Noks\u00e5 langvarig opplevelse av lyst opp bakgrunn gjenklanger med nytelse i kroppen. Nytelse kan oppst\u00e5 hvor som helst. Noks\u00e5 langvarig nytelse f\u00f8rer til en interessant f\u00f8lelse \u2013 behagelig tretthet oppst\u00e5r i ryggen. Det oppst\u00e5r et \u00f8nske til \u00e5 gj\u00f8re noe for \u00e5 bli kvitt denne spenning. N\u00e5r man realiserer dette \u00f8nske, s\u00e5 begynner kroppen \u00e5 utarbeide en b\u00f8lge av nytelse som sprer seg fra nederst del av ryggen opp til hode. Kroppen b\u00f8yer seg og man st\u00f8nner p\u00e5 den samme m\u00e5te som pga orgasme. Denne prosess likner p\u00e5 orgasme. Men\u00a0 den for\u00e5rsaker ingen utt\u00f8mming og kan vare mange ganger p\u00e5 rad uten hvile. \u0443\u0441\u0442\u043e\u0448\u0435\u043d\u0438\u044e, \u0438 \u043c\u043e\u0436\u0435\u0442\u00a0 \u043f\u0440\u043e\u0434\u043e\u043bog kan vare mange ganger p\u00e5 rad.\u00f8lge av nytelse som sprer seg fra nederst del av ryggen opp til<\/p>\n<p>Vi kjenner at svak elektrisk ladning brukes for \u00e5 unders\u00f8ke hjerne. Eksperimenter av kanadisk neurokirurg Wilder Penfield er velkjente. Han ble ikke st\u00f8ttet i amerika og m\u00e5tte reise til Montreal for \u00e5 utf\u00f8re sine eksperimenter med p\u00e5virkning av epileptikers hjerne med svak elektrisk ladning. Eksperimente viste at elektrisk ladning kan f\u00e5 pasienter til \u00e5 huske noen glemte begivenheter. De kunne f\u00f8le smak og lukt fra sine minner. Kvalitet av minner var veldig h\u00f8y. Penfield har beskrevd en situasjon da en av pasienter har husket en sommerfugl og strekte ut h\u00e5nd for \u00e5 r\u00f8re den.<\/p>\n<p>Her f\u00e5r vi en bevis p\u00e5 det at lyste opp oppfatninger f\u00f8rer til det at kroppen v\u00e5kner opp og opplever nytelse. Dette f\u00f8rer i sin tur til det at svak elektrisk ladning som skapes i ulike deler av kroppen f\u00e5r hjerne til \u00e5 v\u00e5kne opp slik at man kan unders\u00f8ke og oppleve nye oppfatninger. Det oppst\u00e5r minner. De viktigste av dem inneholder opplevelse av lyste opp oppfatninger i barndom. Dette er ikke bare \u201dtanker om LoO\u201d. Dette er selve LoO som v\u00e5kner sammen med syn, smak og h\u00f8rsel man hadde i visse situasjoner i fortid.<\/p>\n<p>Den \u201dgrove\u201d kroppen er et utstyr av kraftstasjon. Hjerne er elektronisk ladning og LoO danner et system sammen med hjerne og kroppen. Dette system er ikke bare samvirkende. Systemet utvikler seg.<\/p>\n<p>V\u00e5re celler blir erstattet av nye celler hele tid. Celler av mage blir erstattet hver tredje dag! Neuroner blir erstattet veldig sakte. Mange trodde f\u00f8r at \u201dnerveceller blir ikke gjenoppbygd\u201d. Men de blir sikkert erstattet av nye celler.<\/p>\n<p>Det blir regnet at de betydelige mutasjoner skjer bare i forplantningsceller (gameter). Hvilken betydning har mutasjon som skjer i min \u00f8re? Denne mutasjon skal ikke arves av noen. Men n\u00e5 som vi har forst\u00e5tt forbindelse mellom LoO og utvikling av kroppen, ogs\u00e5 mutajson i \u00f8re har betydning. De mutasjoner som skal hjelpe deg \u00e5 oppleve elektrisk st\u00f8rm skal p\u00e5virke deg mest. Denne elektrisk ladning er sikkert en aktiv mutagen, dvs stoff som forsynder mutasjon. Elektrisk ladning likner p\u00e5 lyn som har skapt aminosyre p\u00e5 Jord.<\/p>\n<p>Det ville ha v\u00e6rt veldig interessant \u00e5 m\u00e5le hastighet av skapelse av mutasjoner i de celler av kroppen hvor man opplever nytelse ofte. Og dette er ikke kj\u00f8nnsorganer! De viktigste deler er bryst, hals og hjerte. Jeg ville ha tatt deler av hud fra bryst. Ogs\u00e5 h\u00e5nd og ryggen passer for unders\u00f8kelser. Det hele skal avhenge av det hvor du skal oppleve nytelse lenge ig intensivt. Kj\u00f8nnsorganer passer ikke for unders\u00f8kelser fordi at nytelse oppst\u00e5r ikke der. Den oppst\u00e5r i kroppen og f\u00f8les i kj\u00f8nnsorganer bare like ved orgasme. Samt at man kan ikke oppleve orgasme lenge. Nytelse i hals, hender eller hjerte kan oppleves lenge uten tretthet. Jo lengre du opplever den, jo mer du \u00f8nsker \u00e5 oppleve den, og jo lengre er gjenklang med lyst opp bakgrunn og LoO.<\/p>\n<p>Ettersom eggceller g\u00e5r ut av jenter hver m\u00e5ned, s\u00e5 det ville ha v\u00e6rt interessant \u00e5 unders\u00f8ke dem hva gjelder mutasjon i tilfelle jente ville ha skapt nytelse i sine kj\u00f8nnsorganer lenge og intensivt. Dette er ikke s\u00e5 vanskelig \u00e5 kontrollere sin nytelse. Det er nok \u00e5 konsentrere seg. Hvis jeg opplever nytelse i hjerte, s\u00e5 kan jeg omkonsentrere seg for \u00e5 skape nytelse i mage. Det er til stor hjelp \u00e5 skape et \u00f8nske til \u00e5 oppleve nytelse. Et \u00f8nske er et stor mysterium. Kanskje dette er det st\u00f8rste mysterium av alle. Vi forst\u00e5r dette ikke fordi at vi opplever nesten ingen \u00f8nsker. Alle \u00f8nsker undertrykkes og \u00f8delegges. Man har bare noen deler av \u00f8nsker allerede i barndom. Vi \u00f8nsker noe fordi at \u201dvi m\u00e5\u201d. Det er dermed rart \u00e5 forvente nytelse i sin kropp. Det er ikke rart at \u00f8nsker forsvinner fra folk som lever dypt i dogmatisme, frykt, sykdommer og negative emosjoner. Jeg skal skrive mer om \u00f8nsker senere.<\/p>\n","protected":false},"excerpt":{"rendered":"<p>Enda et eksperiment kan beskrives hva gjelder nydelig vibrasjon som oppst\u00e5r pga for stor opphisselse. Det er \u00f8nskelig \u00e5 ikke oppleve orgasme p\u00e5 lenge for \u00e5 merke disse f\u00f8lelser. Pr\u00f8v \u00e5 slappe av munn og tunge. La tungen ligge i munn uten bevegelse. Du skal etter hvert merke at tungens f\u00f8lsomhet har blitt lavere samt [&hellip;]<\/p>\n","protected":false},"author":8235,"featured_media":0,"parent":8151,"menu_order":0,"comment_status":"open","ping_status":"closed","template":"","meta":{"_acf_changed":false,"footnotes":""},"class_list":["post-8169","page","type-page","status-publish","hentry"],"acf":[],"yoast_head":"<!-- This site is optimized with the Yoast SEO plugin v27.4 - https:\/\/yoast.com\/product\/yoast-seo-wordpress\/ -->\n<title>G\u00e5ende psykokraftstasjon - Utvalg av tiltrekkende tilstander<\/title>\n<meta name=\"robots\" content=\"index, follow, max-snippet:-1, max-image-preview:large, max-video-preview:-1\" \/>\n<link rel=\"canonical\" href=\"https:\/\/bodhi.name\/nb\/uungaelighet-av-lyst-opp-verden\/gaende-psykokraftstasjon\/\" \/>\n<meta property=\"og:locale\" content=\"nb_NO\" \/>\n<meta property=\"og:type\" content=\"article\" \/>\n<meta property=\"og:title\" content=\"G\u00e5ende psykokraftstasjon - Utvalg av tiltrekkende tilstander\" \/>\n<meta property=\"og:description\" content=\"Enda et eksperiment kan beskrives hva gjelder nydelig vibrasjon som oppst\u00e5r pga for stor opphisselse. Det er \u00f8nskelig \u00e5 ikke oppleve orgasme p\u00e5 lenge for \u00e5 merke disse f\u00f8lelser. Pr\u00f8v \u00e5 slappe av munn og tunge. La tungen ligge i munn uten bevegelse. Du skal etter hvert merke at tungens f\u00f8lsomhet har blitt lavere samt [&hellip;]\" \/>\n<meta property=\"og:url\" content=\"https:\/\/bodhi.name\/nb\/uungaelighet-av-lyst-opp-verden\/gaende-psykokraftstasjon\/\" \/>\n<meta property=\"og:site_name\" content=\"Utvalg av tiltrekkende tilstander\" \/>\n<meta name=\"twitter:card\" content=\"summary_large_image\" \/>\n<meta name=\"twitter:label1\" content=\"Ansl. lesetid\" \/>\n\t<meta name=\"twitter:data1\" content=\"5 minutter\" \/>\n<script type=\"application\/ld+json\" class=\"yoast-schema-graph\">{\"@context\":\"https:\\\/\\\/schema.org\",\"@graph\":[{\"@type\":\"WebPage\",\"@id\":\"https:\\\/\\\/bodhi.name\\\/nb\\\/uungaelighet-av-lyst-opp-verden\\\/gaende-psykokraftstasjon\\\/\",\"url\":\"https:\\\/\\\/bodhi.name\\\/nb\\\/uungaelighet-av-lyst-opp-verden\\\/gaende-psykokraftstasjon\\\/\",\"name\":\"G\u00e5ende psykokraftstasjon - Utvalg av tiltrekkende tilstander\",\"isPartOf\":{\"@id\":\"https:\\\/\\\/bodhi.name\\\/ru\\\/#website\"},\"datePublished\":\"2015-02-14T13:11:08+00:00\",\"breadcrumb\":{\"@id\":\"https:\\\/\\\/bodhi.name\\\/nb\\\/uungaelighet-av-lyst-opp-verden\\\/gaende-psykokraftstasjon\\\/#breadcrumb\"},\"inLanguage\":\"nb-NO\",\"potentialAction\":[{\"@type\":\"ReadAction\",\"target\":[\"https:\\\/\\\/bodhi.name\\\/nb\\\/uungaelighet-av-lyst-opp-verden\\\/gaende-psykokraftstasjon\\\/\"]}]},{\"@type\":\"BreadcrumbList\",\"@id\":\"https:\\\/\\\/bodhi.name\\\/nb\\\/uungaelighet-av-lyst-opp-verden\\\/gaende-psykokraftstasjon\\\/#breadcrumb\",\"itemListElement\":[{\"@type\":\"ListItem\",\"position\":1,\"name\":\"\u0413\u043b\u0430\u0432\u043d\u0430\u044f \u0441\u0442\u0440\u0430\u043d\u0438\u0446\u0430\",\"item\":\"https:\\\/\\\/bodhi.name\\\/nb\\\/\"},{\"@type\":\"ListItem\",\"position\":2,\"name\":\"Uung\u00e5elighet av lyst opp verden\",\"item\":\"https:\\\/\\\/bodhi.name\\\/nb\\\/uungaelighet-av-lyst-opp-verden\\\/\"},{\"@type\":\"ListItem\",\"position\":3,\"name\":\"G\u00e5ende psykokraftstasjon\"}]},{\"@type\":\"WebSite\",\"@id\":\"https:\\\/\\\/bodhi.name\\\/ru\\\/#website\",\"url\":\"https:\\\/\\\/bodhi.name\\\/ru\\\/\",\"name\":\"Utvalg av tiltrekkende tilstander\",\"description\":\" Eksperimentell psykologi\",\"potentialAction\":[{\"@type\":\"SearchAction\",\"target\":{\"@type\":\"EntryPoint\",\"urlTemplate\":\"https:\\\/\\\/bodhi.name\\\/ru\\\/?s={search_term_string}\"},\"query-input\":{\"@type\":\"PropertyValueSpecification\",\"valueRequired\":true,\"valueName\":\"search_term_string\"}}],\"inLanguage\":\"nb-NO\"}]}<\/script>\n<!-- \/ Yoast SEO plugin. -->","yoast_head_json":{"title":"G\u00e5ende psykokraftstasjon - Utvalg av tiltrekkende tilstander","robots":{"index":"index","follow":"follow","max-snippet":"max-snippet:-1","max-image-preview":"max-image-preview:large","max-video-preview":"max-video-preview:-1"},"canonical":"https:\/\/bodhi.name\/nb\/uungaelighet-av-lyst-opp-verden\/gaende-psykokraftstasjon\/","og_locale":"nb_NO","og_type":"article","og_title":"G\u00e5ende psykokraftstasjon - Utvalg av tiltrekkende tilstander","og_description":"Enda et eksperiment kan beskrives hva gjelder nydelig vibrasjon som oppst\u00e5r pga for stor opphisselse. Det er \u00f8nskelig \u00e5 ikke oppleve orgasme p\u00e5 lenge for \u00e5 merke disse f\u00f8lelser. Pr\u00f8v \u00e5 slappe av munn og tunge. La tungen ligge i munn uten bevegelse. Du skal etter hvert merke at tungens f\u00f8lsomhet har blitt lavere samt [&hellip;]","og_url":"https:\/\/bodhi.name\/nb\/uungaelighet-av-lyst-opp-verden\/gaende-psykokraftstasjon\/","og_site_name":"Utvalg av tiltrekkende tilstander","twitter_card":"summary_large_image","twitter_misc":{"Ansl. lesetid":"5 minutter"},"schema":{"@context":"https:\/\/schema.org","@graph":[{"@type":"WebPage","@id":"https:\/\/bodhi.name\/nb\/uungaelighet-av-lyst-opp-verden\/gaende-psykokraftstasjon\/","url":"https:\/\/bodhi.name\/nb\/uungaelighet-av-lyst-opp-verden\/gaende-psykokraftstasjon\/","name":"G\u00e5ende psykokraftstasjon - Utvalg av tiltrekkende tilstander","isPartOf":{"@id":"https:\/\/bodhi.name\/ru\/#website"},"datePublished":"2015-02-14T13:11:08+00:00","breadcrumb":{"@id":"https:\/\/bodhi.name\/nb\/uungaelighet-av-lyst-opp-verden\/gaende-psykokraftstasjon\/#breadcrumb"},"inLanguage":"nb-NO","potentialAction":[{"@type":"ReadAction","target":["https:\/\/bodhi.name\/nb\/uungaelighet-av-lyst-opp-verden\/gaende-psykokraftstasjon\/"]}]},{"@type":"BreadcrumbList","@id":"https:\/\/bodhi.name\/nb\/uungaelighet-av-lyst-opp-verden\/gaende-psykokraftstasjon\/#breadcrumb","itemListElement":[{"@type":"ListItem","position":1,"name":"\u0413\u043b\u0430\u0432\u043d\u0430\u044f \u0441\u0442\u0440\u0430\u043d\u0438\u0446\u0430","item":"https:\/\/bodhi.name\/nb\/"},{"@type":"ListItem","position":2,"name":"Uung\u00e5elighet av lyst opp verden","item":"https:\/\/bodhi.name\/nb\/uungaelighet-av-lyst-opp-verden\/"},{"@type":"ListItem","position":3,"name":"G\u00e5ende psykokraftstasjon"}]},{"@type":"WebSite","@id":"https:\/\/bodhi.name\/ru\/#website","url":"https:\/\/bodhi.name\/ru\/","name":"Utvalg av tiltrekkende tilstander","description":" Eksperimentell psykologi","potentialAction":[{"@type":"SearchAction","target":{"@type":"EntryPoint","urlTemplate":"https:\/\/bodhi.name\/ru\/?s={search_term_string}"},"query-input":{"@type":"PropertyValueSpecification","valueRequired":true,"valueName":"search_term_string"}}],"inLanguage":"nb-NO"}]}},"_links":{"self":[{"href":"https:\/\/bodhi.name\/nb\/wp-json\/wp\/v2\/pages\/8169","targetHints":{"allow":["GET"]}}],"collection":[{"href":"https:\/\/bodhi.name\/nb\/wp-json\/wp\/v2\/pages"}],"about":[{"href":"https:\/\/bodhi.name\/nb\/wp-json\/wp\/v2\/types\/page"}],"author":[{"embeddable":true,"href":"https:\/\/bodhi.name\/nb\/wp-json\/wp\/v2\/users\/8235"}],"replies":[{"embeddable":true,"href":"https:\/\/bodhi.name\/nb\/wp-json\/wp\/v2\/comments?post=8169"}],"version-history":[{"count":1,"href":"https:\/\/bodhi.name\/nb\/wp-json\/wp\/v2\/pages\/8169\/revisions"}],"predecessor-version":[{"id":8170,"href":"https:\/\/bodhi.name\/nb\/wp-json\/wp\/v2\/pages\/8169\/revisions\/8170"}],"up":[{"embeddable":true,"href":"https:\/\/bodhi.name\/nb\/wp-json\/wp\/v2\/pages\/8151"}],"wp:attachment":[{"href":"https:\/\/bodhi.name\/nb\/wp-json\/wp\/v2\/media?parent=8169"}],"curies":[{"name":"wp","href":"https:\/\/api.w.org\/{rel}","templated":true}]}}