{"id":8161,"date":"2015-02-13T23:30:57","date_gmt":"2015-02-13T19:30:57","guid":{"rendered":"http:\/\/bodhi.name\/?page_id=8161"},"modified":"2015-02-13T23:30:57","modified_gmt":"2015-02-13T19:30:57","slug":"hvor-mye-koster-deres-forventning","status":"publish","type":"page","link":"https:\/\/bodhi.name\/nb\/uungaelighet-av-lyst-opp-verden\/hvor-mye-koster-deres-forventning\/","title":{"rendered":"\u201dHvor mye koster deres forventning?\u201d"},"content":{"rendered":"<p>La oss forestille seg at du som leser denne bok er sjef for CIA. Er det vanskelig \u00e5 forestille seg dette? Ok, forestill seg at du er direkt\u00f8r for hydroelektrostasjon som utarbeider elektiristet for halv av en by Kuala-Lumpur (en asiatisk by). Hydroelektrostasjon best\u00e5r av en stor r\u00f8r som det renner en elv eller foss gjennom. Vann oppdeles i deler, og hver av del beveger en motor som utarbeider elektrisitet. Ikke s\u00e5 mye utstyr for \u00e5 kontrollere str\u00f8mmen, noen datamaskiner som betjens av arbeidere. I tilfelle alt g\u00e5r bra arbeidere fortsettet \u00e5 slappe av og se pornoblad. Hvis det skjer noe uventet, s\u00e5 trykker de p\u00e5 knapper for \u00e5 endre situasjon eller ringer til spesialist. Da jeg har bes\u00f8kt denne fem etasjet bygning, s\u00e5 jeg var overrasket av det hvor enkelt var alt der. Det virket at jeg har havnet til 19 \u00e5rhundre. Men det er viktig \u00e5 ha sterke nerver der i tilfelle noe g\u00e5r galt.<\/p>\n<p>Og hva om du er ansvarlig for lansering av ballistiske raketter som et svar av lansering av raketter av fiende?<\/p>\n<p>Hva om du er politisjef som blir anklaget i for stor vold av sine underordene politimenn?<\/p>\n<p>Det er ikke noe \u00e5 tenke opp her. Hva om du er en vanlig eier av en lite firma som er ansvarlig for en ikke s\u00e5 h\u00f8flig arbeider? Hva om du er en far til en en s\u00f8nn som \u00f8delegger alt omkring?<\/p>\n<p>Alle disse tilfelle f\u00e5r deg til \u00e5 tenke om det er verdt \u00e5 oppl\u00e6re sin s\u00f8nn, underorden eller soldat slik at de skal oppleve mindre NE?<\/p>\n<p>Forretningsmenn liker \u00e5 tro p\u00e5 ulike \u201dkurser\u201d som en mirakel som kan gj\u00f8re deres forretning mer effektiv. Mange firmaer tjener p\u00e5 dette. Det hender ofte at mennesker h\u00f8rer p\u00e5 noen som f\u00f8rer en slik \u201dkurs\u201d og forst\u00e5r ikke en dritt. Og alle er forn\u00f8yd med dette. Den ene f\u00e5r penger mens de andre slapper av. En arbeidsgiver er ogs\u00e5 forn\u00f8yd med det at arbeider \u201dforh\u00f8eyer\u201d sin kvalifikasjon. Men det er viktig \u00e5 bes\u00f8ke kurs som skal oppl\u00e6re deg \u00e5 fjerne eller minske NE. NE kan lett omgj\u00f8re en potensiell kunde til et helt fremmed menneske.<\/p>\n<p>Det er dermed ikke lenge f\u00f8r jeg skal f\u00e5 et brev fra FBI eller noen lignende organisasjon som skal tilby meg \u00e5 f\u00f8re kurs for dem. Siden mine metoder er virkelig effektive (spesielt n\u00e5r man har motivasjon), s\u00e5 det skal snart oppst\u00e5 en morda-firma som skal tilby slike tjenester. Noe lignende kan man finne i film \u201dTeori av L\u00f8gn\u201d. Jeg liker slik morda-forretning. Mordaer skal \u00f8ve med p\u00e5virkning p\u00e5 folk. Og mordaer skal kunne st\u00f8tte morda-kultur med penger. Det skal kanskje v\u00e6re mulig \u00e5 finne mennesker som skal \u00f8nske \u00e5 fjerne negative emosjoner og skape lyste opp oppfatninger hele tid.<\/p>\n<p>Det er interessant at konkurranse i denne brasnje vil avvike seg fra andre bransjer. Hvis en form\u00f8rkt person vil starte en slik forretning, s\u00e5 skal resultater av hans arbeid ikke v\u00e6re bedre enn snittlig feil. Og hvis noen fjerner sine form\u00f8rkelser, s\u00e5 skal dette menneske \u00f8nske \u00e5 bli en del av morda-samfunn. Det er lett \u00e5 forestille seg en situasjon i en vanlig forretning n\u00e5r to firmaer konkurrerer. Denne situasjon er umulig i tilfelle med et firma som handler med oppl\u00e6ring av fjerning av negative emosjoner. En som oppl\u00e6rer m\u00e5 v\u00e6re fri fra NE selv. Dette betyr i sin tur at l\u00e6rer skal oppleve LoO og \u00f8nske \u00e5 kommunisere med andre mordaer.<\/p>\n<p>Hvor mye skal koste en trening som f\u00f8rer til svekkelse av NE og dumhet? Hvor mye skal koste forventning? Jeg vet enn\u00e5 ikke. Vi skal vente p\u00e5 bestilling f\u00f8rst. Det blir sikkert mye vanskeligere \u00e5 samle en gruppe i Himalaya for \u00e5 \u00f8ve der enn \u00e5 utf\u00f8re en slik trening i et klasserom.<\/p>\n<p>&nbsp;<\/p>\n<p>Det finnes en interessant del av dette sp\u00f8rsm\u00e5let til. La oss forestillse seg et menneske p\u00e5 60-80 \u00e5r som har tjent en milliard dollars. Man forst\u00e5r at alder bringer med seg stadig mer sykdommer og tretthet. Skal man bli villig til \u00e5 gi en tiende del av sine penger for \u00e5 l\u00e6re seg \u00e5 kontrollere sikkerhet? For da kunne dette menneske endre sin helse og forlenge sitt liv&#8230; kanskje bare for 10 \u00e5r&#8230;og kanskje for 20-30 \u00e5r? Og hva betyr egentlig \u201dbare for 10 \u00e5r\u201d? Ordet \u201dbare\u201d kan brukes bare av en som er 20 eller 30 \u00e5r gammel. Og n\u00e5r du er 70 s\u00e5 forholder du seg annerledes til 10 \u00e5r av liv. Jeg tror at man skal si ja til \u00e5 l\u00e6re seg \u00e5 forlenge sitt liv. Man skal pr\u00f8ve \u00e5 gj\u00f8re det mer komfortabel og fri fra sykdommer. Det \u00e5 v\u00e6re sikker i noe er \u00e5 ha stor makt. Det \u00e5 beherske denne makt er verdt mye. Og det tar ikke mye for \u00e5 bruke denne makt for \u00e5 bli kvitt sykdommer. Det skal ta deg en eller to m\u00e5neder av intensiv oppl\u00e6ring samt fremtidig hverdaglige \u00f8velser for \u00e5 beherske denne makt. Bruksanvisning for behersking av sikkerhet skal aldri bli tilgjengelig i \u00e5pne kilder. Jeg skal heller ikke frotelle om \u00e5rsaker til en slik avgj\u00f8relse. Jeg planlegger \u00e5 f\u00e5 penger for en slik oppl\u00e6ring. Jeg trenger penger for \u00e5 utvikle morda-kultur, morda-forretning og morda-prosjekter. Dermed hvis et rik menneske skal henvende seg til meg, s\u00e5 jeg skal oppl\u00e6re ham\/henne for tiende del av hans\/hennes penger.<\/p>\n","protected":false},"excerpt":{"rendered":"<p>La oss forestille seg at du som leser denne bok er sjef for CIA. Er det vanskelig \u00e5 forestille seg dette? Ok, forestill seg at du er direkt\u00f8r for hydroelektrostasjon som utarbeider elektiristet for halv av en by Kuala-Lumpur (en asiatisk by). Hydroelektrostasjon best\u00e5r av en stor r\u00f8r som det renner en elv eller foss [&hellip;]<\/p>\n","protected":false},"author":8235,"featured_media":0,"parent":8151,"menu_order":0,"comment_status":"open","ping_status":"closed","template":"","meta":{"_acf_changed":false,"footnotes":""},"class_list":["post-8161","page","type-page","status-publish","hentry"],"acf":[],"yoast_head":"<!-- This site is optimized with the Yoast SEO plugin v27.4 - https:\/\/yoast.com\/product\/yoast-seo-wordpress\/ -->\n<title>\u201dHvor mye koster deres forventning?\u201d - Utvalg av tiltrekkende tilstander<\/title>\n<meta name=\"robots\" content=\"index, follow, max-snippet:-1, max-image-preview:large, max-video-preview:-1\" \/>\n<link rel=\"canonical\" href=\"https:\/\/bodhi.name\/nb\/uungaelighet-av-lyst-opp-verden\/hvor-mye-koster-deres-forventning\/\" \/>\n<meta property=\"og:locale\" content=\"nb_NO\" \/>\n<meta property=\"og:type\" content=\"article\" \/>\n<meta property=\"og:title\" content=\"\u201dHvor mye koster deres forventning?\u201d - Utvalg av tiltrekkende tilstander\" \/>\n<meta property=\"og:description\" content=\"La oss forestille seg at du som leser denne bok er sjef for CIA. Er det vanskelig \u00e5 forestille seg dette? Ok, forestill seg at du er direkt\u00f8r for hydroelektrostasjon som utarbeider elektiristet for halv av en by Kuala-Lumpur (en asiatisk by). Hydroelektrostasjon best\u00e5r av en stor r\u00f8r som det renner en elv eller foss [&hellip;]\" \/>\n<meta property=\"og:url\" content=\"https:\/\/bodhi.name\/nb\/uungaelighet-av-lyst-opp-verden\/hvor-mye-koster-deres-forventning\/\" \/>\n<meta property=\"og:site_name\" content=\"Utvalg av tiltrekkende tilstander\" \/>\n<meta name=\"twitter:card\" content=\"summary_large_image\" \/>\n<meta name=\"twitter:label1\" content=\"Ansl. lesetid\" \/>\n\t<meta name=\"twitter:data1\" content=\"4 minutter\" \/>\n<script type=\"application\/ld+json\" class=\"yoast-schema-graph\">{\"@context\":\"https:\\\/\\\/schema.org\",\"@graph\":[{\"@type\":\"WebPage\",\"@id\":\"https:\\\/\\\/bodhi.name\\\/nb\\\/uungaelighet-av-lyst-opp-verden\\\/hvor-mye-koster-deres-forventning\\\/\",\"url\":\"https:\\\/\\\/bodhi.name\\\/nb\\\/uungaelighet-av-lyst-opp-verden\\\/hvor-mye-koster-deres-forventning\\\/\",\"name\":\"\u201dHvor mye koster deres forventning?\u201d - Utvalg av tiltrekkende tilstander\",\"isPartOf\":{\"@id\":\"https:\\\/\\\/bodhi.name\\\/ru\\\/#website\"},\"datePublished\":\"2015-02-13T19:30:57+00:00\",\"breadcrumb\":{\"@id\":\"https:\\\/\\\/bodhi.name\\\/nb\\\/uungaelighet-av-lyst-opp-verden\\\/hvor-mye-koster-deres-forventning\\\/#breadcrumb\"},\"inLanguage\":\"nb-NO\",\"potentialAction\":[{\"@type\":\"ReadAction\",\"target\":[\"https:\\\/\\\/bodhi.name\\\/nb\\\/uungaelighet-av-lyst-opp-verden\\\/hvor-mye-koster-deres-forventning\\\/\"]}]},{\"@type\":\"BreadcrumbList\",\"@id\":\"https:\\\/\\\/bodhi.name\\\/nb\\\/uungaelighet-av-lyst-opp-verden\\\/hvor-mye-koster-deres-forventning\\\/#breadcrumb\",\"itemListElement\":[{\"@type\":\"ListItem\",\"position\":1,\"name\":\"\u0413\u043b\u0430\u0432\u043d\u0430\u044f \u0441\u0442\u0440\u0430\u043d\u0438\u0446\u0430\",\"item\":\"https:\\\/\\\/bodhi.name\\\/nb\\\/\"},{\"@type\":\"ListItem\",\"position\":2,\"name\":\"Uung\u00e5elighet av lyst opp verden\",\"item\":\"https:\\\/\\\/bodhi.name\\\/nb\\\/uungaelighet-av-lyst-opp-verden\\\/\"},{\"@type\":\"ListItem\",\"position\":3,\"name\":\"\u201dHvor mye koster deres forventning?\u201d\"}]},{\"@type\":\"WebSite\",\"@id\":\"https:\\\/\\\/bodhi.name\\\/ru\\\/#website\",\"url\":\"https:\\\/\\\/bodhi.name\\\/ru\\\/\",\"name\":\"Utvalg av tiltrekkende tilstander\",\"description\":\" Eksperimentell psykologi\",\"potentialAction\":[{\"@type\":\"SearchAction\",\"target\":{\"@type\":\"EntryPoint\",\"urlTemplate\":\"https:\\\/\\\/bodhi.name\\\/ru\\\/?s={search_term_string}\"},\"query-input\":{\"@type\":\"PropertyValueSpecification\",\"valueRequired\":true,\"valueName\":\"search_term_string\"}}],\"inLanguage\":\"nb-NO\"}]}<\/script>\n<!-- \/ Yoast SEO plugin. -->","yoast_head_json":{"title":"\u201dHvor mye koster deres forventning?\u201d - Utvalg av tiltrekkende tilstander","robots":{"index":"index","follow":"follow","max-snippet":"max-snippet:-1","max-image-preview":"max-image-preview:large","max-video-preview":"max-video-preview:-1"},"canonical":"https:\/\/bodhi.name\/nb\/uungaelighet-av-lyst-opp-verden\/hvor-mye-koster-deres-forventning\/","og_locale":"nb_NO","og_type":"article","og_title":"\u201dHvor mye koster deres forventning?\u201d - Utvalg av tiltrekkende tilstander","og_description":"La oss forestille seg at du som leser denne bok er sjef for CIA. Er det vanskelig \u00e5 forestille seg dette? Ok, forestill seg at du er direkt\u00f8r for hydroelektrostasjon som utarbeider elektiristet for halv av en by Kuala-Lumpur (en asiatisk by). Hydroelektrostasjon best\u00e5r av en stor r\u00f8r som det renner en elv eller foss [&hellip;]","og_url":"https:\/\/bodhi.name\/nb\/uungaelighet-av-lyst-opp-verden\/hvor-mye-koster-deres-forventning\/","og_site_name":"Utvalg av tiltrekkende tilstander","twitter_card":"summary_large_image","twitter_misc":{"Ansl. lesetid":"4 minutter"},"schema":{"@context":"https:\/\/schema.org","@graph":[{"@type":"WebPage","@id":"https:\/\/bodhi.name\/nb\/uungaelighet-av-lyst-opp-verden\/hvor-mye-koster-deres-forventning\/","url":"https:\/\/bodhi.name\/nb\/uungaelighet-av-lyst-opp-verden\/hvor-mye-koster-deres-forventning\/","name":"\u201dHvor mye koster deres forventning?\u201d - Utvalg av tiltrekkende tilstander","isPartOf":{"@id":"https:\/\/bodhi.name\/ru\/#website"},"datePublished":"2015-02-13T19:30:57+00:00","breadcrumb":{"@id":"https:\/\/bodhi.name\/nb\/uungaelighet-av-lyst-opp-verden\/hvor-mye-koster-deres-forventning\/#breadcrumb"},"inLanguage":"nb-NO","potentialAction":[{"@type":"ReadAction","target":["https:\/\/bodhi.name\/nb\/uungaelighet-av-lyst-opp-verden\/hvor-mye-koster-deres-forventning\/"]}]},{"@type":"BreadcrumbList","@id":"https:\/\/bodhi.name\/nb\/uungaelighet-av-lyst-opp-verden\/hvor-mye-koster-deres-forventning\/#breadcrumb","itemListElement":[{"@type":"ListItem","position":1,"name":"\u0413\u043b\u0430\u0432\u043d\u0430\u044f \u0441\u0442\u0440\u0430\u043d\u0438\u0446\u0430","item":"https:\/\/bodhi.name\/nb\/"},{"@type":"ListItem","position":2,"name":"Uung\u00e5elighet av lyst opp verden","item":"https:\/\/bodhi.name\/nb\/uungaelighet-av-lyst-opp-verden\/"},{"@type":"ListItem","position":3,"name":"\u201dHvor mye koster deres forventning?\u201d"}]},{"@type":"WebSite","@id":"https:\/\/bodhi.name\/ru\/#website","url":"https:\/\/bodhi.name\/ru\/","name":"Utvalg av tiltrekkende tilstander","description":" Eksperimentell psykologi","potentialAction":[{"@type":"SearchAction","target":{"@type":"EntryPoint","urlTemplate":"https:\/\/bodhi.name\/ru\/?s={search_term_string}"},"query-input":{"@type":"PropertyValueSpecification","valueRequired":true,"valueName":"search_term_string"}}],"inLanguage":"nb-NO"}]}},"_links":{"self":[{"href":"https:\/\/bodhi.name\/nb\/wp-json\/wp\/v2\/pages\/8161","targetHints":{"allow":["GET"]}}],"collection":[{"href":"https:\/\/bodhi.name\/nb\/wp-json\/wp\/v2\/pages"}],"about":[{"href":"https:\/\/bodhi.name\/nb\/wp-json\/wp\/v2\/types\/page"}],"author":[{"embeddable":true,"href":"https:\/\/bodhi.name\/nb\/wp-json\/wp\/v2\/users\/8235"}],"replies":[{"embeddable":true,"href":"https:\/\/bodhi.name\/nb\/wp-json\/wp\/v2\/comments?post=8161"}],"version-history":[{"count":1,"href":"https:\/\/bodhi.name\/nb\/wp-json\/wp\/v2\/pages\/8161\/revisions"}],"predecessor-version":[{"id":8162,"href":"https:\/\/bodhi.name\/nb\/wp-json\/wp\/v2\/pages\/8161\/revisions\/8162"}],"up":[{"embeddable":true,"href":"https:\/\/bodhi.name\/nb\/wp-json\/wp\/v2\/pages\/8151"}],"wp:attachment":[{"href":"https:\/\/bodhi.name\/nb\/wp-json\/wp\/v2\/media?parent=8161"}],"curies":[{"name":"wp","href":"https:\/\/api.w.org\/{rel}","templated":true}]}}