{"id":8155,"date":"2015-02-13T23:17:29","date_gmt":"2015-02-13T19:17:29","guid":{"rendered":"http:\/\/bodhi.name\/?page_id=8155"},"modified":"2015-02-13T23:17:55","modified_gmt":"2015-02-13T19:17:55","slug":"forord","status":"publish","type":"page","link":"https:\/\/bodhi.name\/nb\/uungaelighet-av-lyst-opp-verden\/forord\/","title":{"rendered":"Forord"},"content":{"rendered":"<p>Det er noks\u00e5 vanskelig for meg \u00e5 skrive b\u00f8ker. Jeg kan godt velge passende ord og uttrykk men det er vanskelig \u00e5 sette sammen materiale slik at en leser skal kunne forst\u00e5 den lett. Jeg skal ikke ha slike problemer med denne boken her for at dette er ikke en kunstnerisk bok og jeg er ikke n\u00f8dt til \u00e5 holde riktig historie. Denne boken er ikke om psykologi heller. Boken her er bare et sett tanker skrevet i frvillig rekkef\u00f8lge. Alle emner er knyttet seg imellom bare med lyste opp oppfatninger og deres rolle i fortid. Jeg \u00f8nsker \u00e5 utmerke at jeg skriver alt dette p\u00e5 sin egen m\u00e5te. Jeg analyserer ikke alt omkring. Dette er en bok av et menneske som erfarer lyste opp oppfatninger (LoO). Jeg \u00f8nsker \u00e5 forestille seg LoO rolle i fortid, n\u00e5tid og fremtid.<\/p>\n<p>&nbsp;<\/p>\n<p>(<i>Utdrag fra \u201dUtvalg av tiltrekkende tilstander\u201d: \u201dLyste opp oppfatninger\u201d (\u201dLoO\u201d) er de oppfatninger som vi betegner med f\u00f8lgende ord: \u00f8mhet, en f\u00f8lelse av skj\u00f8nnhet, bestrebelse, sinnsro, glede av kunst, sympati, glede, forventning, foregripelse osv.<\/i><\/p>\n<p><i>S\u00e6regenheter av LoO:<\/i><\/p>\n<p><i>1) det at oppfatninger f\u00f8les som ikke-objekterte, frav\u00e6r av \u201dtilegnelse\u201d og \u201der rettet mot noen\u201d samt magnetisme, all-omfattende evne, dybde og gjennomtrengende evne (se definering av egenskaper i kapittel \u201dFaguttrykk\u201d). <\/i><\/p>\n<p><i>2) enhver LoO gjenklanger med andre LoO (dvs. n\u00e5r det finnes en LoO, s\u00e5 blir de andre forsterket samt at det er st\u00f8rre sannsynlig at en annen LoO skal oppst\u00e5).<\/i><\/p>\n<p><i>3) LoO er ikke forenlige med negative emosjoner (NE) og dumhet. Jo st\u00f8rre er disse form\u00f8rkelser jo svakere fremvises LOO.)<\/i><\/p>\n<p>&nbsp;<\/p>\n<p>Bill Brajson har skrevet f\u00f8lgende i sin bok \u201dEn Kort Historie av Nesten Alt p\u00e5 Jord\u201d: \u201dda jeg har fl\u00f8yt over det atlantiske havet for fire eller fem \u00e5r siden jeg tenkte om at jeg vet ingenting om en planet jeg skal leve hele sitt liv p\u00e5. Jeg visste ikke hvorfor er havet saltet mens de store innsj\u00f8 inneholder ikke salt. Ingen aning om det. Jeg visste ikke om havet blir mer saltet med tid eller ikke. Skulle jeg bekymre seg over dette? Det var ubehagelig \u00e5 tenke om dette. (Jeg er glad til \u00e5 si at vitenskapsmenn hadde ingen svar p\u00e5 disse sp\u00f8rsm\u00e5l heller f\u00f8r 1970 \u00e5rene). Havets salthet var bare en bit av min uviten. Jeg visste ikke hva er proton og protein og kunne ikke atskille kvark fra kvasar. Jeg visste nesten ingenting.\u201d<\/p>\n<p>Jeg kjenner denne tilstand fordi at jeg har opplevd den ogs\u00e5. Jeg har opplevd den i forhold til alt som skjer inne i meg. Det er s\u00e5 ufattelig \u00e5 leve uten \u00e5 vite hva skjer med sine egne oppfatninger. Jeg har begynt \u00e5 unders\u00f8ke seg. Jeg har funnet p\u00e5 noen lovmessigheter som jeg har beskrevet i sin bok \u201dUtvalg av tiltrekkende tilstander\u201d.<\/p>\n<p>&nbsp;<\/p>\n<p>Mesteparten av mennesker skal tenke at denne bok er sjedelig fordi at det er ikke s\u00e5 interessant \u00e5 lese om noe som har ingen forhold til deg. En ape Lana som kan bruke 200 ord har sett en film \u201dAnatomi av utvikling av aper\u201d 245 ganger. Men hun har ikke lagt merke til andre filmer.<\/p>\n<p>Ettersom ditt liv skal bli fullt av stadig mer LoO, b\u00f8ker og artikler om LoO skal bli mer interessante for deg.<\/p>\n","protected":false},"excerpt":{"rendered":"<p>Det er noks\u00e5 vanskelig for meg \u00e5 skrive b\u00f8ker. Jeg kan godt velge passende ord og uttrykk men det er vanskelig \u00e5 sette sammen materiale slik at en leser skal kunne forst\u00e5 den lett. Jeg skal ikke ha slike problemer med denne boken her for at dette er ikke en kunstnerisk bok og jeg er [&hellip;]<\/p>\n","protected":false},"author":8235,"featured_media":0,"parent":8151,"menu_order":0,"comment_status":"open","ping_status":"closed","template":"","meta":{"_acf_changed":false,"footnotes":""},"class_list":["post-8155","page","type-page","status-publish","hentry"],"acf":[],"yoast_head":"<!-- This site is optimized with the Yoast SEO plugin v27.2 - https:\/\/yoast.com\/product\/yoast-seo-wordpress\/ -->\n<title>Forord - Utvalg av tiltrekkende tilstander<\/title>\n<meta name=\"robots\" content=\"index, follow, max-snippet:-1, max-image-preview:large, max-video-preview:-1\" \/>\n<link rel=\"canonical\" href=\"https:\/\/bodhi.name\/nb\/uungaelighet-av-lyst-opp-verden\/forord\/\" \/>\n<meta property=\"og:locale\" content=\"nb_NO\" \/>\n<meta property=\"og:type\" content=\"article\" \/>\n<meta property=\"og:title\" content=\"Forord - Utvalg av tiltrekkende tilstander\" \/>\n<meta property=\"og:description\" content=\"Det er noks\u00e5 vanskelig for meg \u00e5 skrive b\u00f8ker. Jeg kan godt velge passende ord og uttrykk men det er vanskelig \u00e5 sette sammen materiale slik at en leser skal kunne forst\u00e5 den lett. Jeg skal ikke ha slike problemer med denne boken her for at dette er ikke en kunstnerisk bok og jeg er [&hellip;]\" \/>\n<meta property=\"og:url\" content=\"https:\/\/bodhi.name\/nb\/uungaelighet-av-lyst-opp-verden\/forord\/\" \/>\n<meta property=\"og:site_name\" content=\"Utvalg av tiltrekkende tilstander\" \/>\n<meta property=\"article:modified_time\" content=\"2015-02-13T19:17:55+00:00\" \/>\n<meta name=\"twitter:card\" content=\"summary_large_image\" \/>\n<meta name=\"twitter:label1\" content=\"Ansl. lesetid\" \/>\n\t<meta name=\"twitter:data1\" content=\"3 minutter\" \/>\n<script type=\"application\/ld+json\" class=\"yoast-schema-graph\">{\"@context\":\"https:\/\/schema.org\",\"@graph\":[{\"@type\":\"WebPage\",\"@id\":\"https:\/\/bodhi.name\/nb\/uungaelighet-av-lyst-opp-verden\/forord\/\",\"url\":\"https:\/\/bodhi.name\/nb\/uungaelighet-av-lyst-opp-verden\/forord\/\",\"name\":\"Forord - Utvalg av tiltrekkende tilstander\",\"isPartOf\":{\"@id\":\"https:\/\/bodhi.name\/ru\/#website\"},\"datePublished\":\"2015-02-13T19:17:29+00:00\",\"dateModified\":\"2015-02-13T19:17:55+00:00\",\"breadcrumb\":{\"@id\":\"https:\/\/bodhi.name\/nb\/uungaelighet-av-lyst-opp-verden\/forord\/#breadcrumb\"},\"inLanguage\":\"nb-NO\",\"potentialAction\":[{\"@type\":\"ReadAction\",\"target\":[\"https:\/\/bodhi.name\/nb\/uungaelighet-av-lyst-opp-verden\/forord\/\"]}]},{\"@type\":\"BreadcrumbList\",\"@id\":\"https:\/\/bodhi.name\/nb\/uungaelighet-av-lyst-opp-verden\/forord\/#breadcrumb\",\"itemListElement\":[{\"@type\":\"ListItem\",\"position\":1,\"name\":\"\u0413\u043b\u0430\u0432\u043d\u0430\u044f \u0441\u0442\u0440\u0430\u043d\u0438\u0446\u0430\",\"item\":\"https:\/\/bodhi.name\/nb\/\"},{\"@type\":\"ListItem\",\"position\":2,\"name\":\"Uung\u00e5elighet av lyst opp verden\",\"item\":\"https:\/\/bodhi.name\/nb\/uungaelighet-av-lyst-opp-verden\/\"},{\"@type\":\"ListItem\",\"position\":3,\"name\":\"Forord\"}]},{\"@type\":\"WebSite\",\"@id\":\"https:\/\/bodhi.name\/ru\/#website\",\"url\":\"https:\/\/bodhi.name\/ru\/\",\"name\":\"Utvalg av tiltrekkende tilstander\",\"description\":\" Eksperimentell psykologi\",\"potentialAction\":[{\"@type\":\"SearchAction\",\"target\":{\"@type\":\"EntryPoint\",\"urlTemplate\":\"https:\/\/bodhi.name\/ru\/?s={search_term_string}\"},\"query-input\":{\"@type\":\"PropertyValueSpecification\",\"valueRequired\":true,\"valueName\":\"search_term_string\"}}],\"inLanguage\":\"nb-NO\"}]}<\/script>\n<!-- \/ Yoast SEO plugin. -->","yoast_head_json":{"title":"Forord - Utvalg av tiltrekkende tilstander","robots":{"index":"index","follow":"follow","max-snippet":"max-snippet:-1","max-image-preview":"max-image-preview:large","max-video-preview":"max-video-preview:-1"},"canonical":"https:\/\/bodhi.name\/nb\/uungaelighet-av-lyst-opp-verden\/forord\/","og_locale":"nb_NO","og_type":"article","og_title":"Forord - Utvalg av tiltrekkende tilstander","og_description":"Det er noks\u00e5 vanskelig for meg \u00e5 skrive b\u00f8ker. Jeg kan godt velge passende ord og uttrykk men det er vanskelig \u00e5 sette sammen materiale slik at en leser skal kunne forst\u00e5 den lett. Jeg skal ikke ha slike problemer med denne boken her for at dette er ikke en kunstnerisk bok og jeg er [&hellip;]","og_url":"https:\/\/bodhi.name\/nb\/uungaelighet-av-lyst-opp-verden\/forord\/","og_site_name":"Utvalg av tiltrekkende tilstander","article_modified_time":"2015-02-13T19:17:55+00:00","twitter_card":"summary_large_image","twitter_misc":{"Ansl. lesetid":"3 minutter"},"schema":{"@context":"https:\/\/schema.org","@graph":[{"@type":"WebPage","@id":"https:\/\/bodhi.name\/nb\/uungaelighet-av-lyst-opp-verden\/forord\/","url":"https:\/\/bodhi.name\/nb\/uungaelighet-av-lyst-opp-verden\/forord\/","name":"Forord - Utvalg av tiltrekkende tilstander","isPartOf":{"@id":"https:\/\/bodhi.name\/ru\/#website"},"datePublished":"2015-02-13T19:17:29+00:00","dateModified":"2015-02-13T19:17:55+00:00","breadcrumb":{"@id":"https:\/\/bodhi.name\/nb\/uungaelighet-av-lyst-opp-verden\/forord\/#breadcrumb"},"inLanguage":"nb-NO","potentialAction":[{"@type":"ReadAction","target":["https:\/\/bodhi.name\/nb\/uungaelighet-av-lyst-opp-verden\/forord\/"]}]},{"@type":"BreadcrumbList","@id":"https:\/\/bodhi.name\/nb\/uungaelighet-av-lyst-opp-verden\/forord\/#breadcrumb","itemListElement":[{"@type":"ListItem","position":1,"name":"\u0413\u043b\u0430\u0432\u043d\u0430\u044f \u0441\u0442\u0440\u0430\u043d\u0438\u0446\u0430","item":"https:\/\/bodhi.name\/nb\/"},{"@type":"ListItem","position":2,"name":"Uung\u00e5elighet av lyst opp verden","item":"https:\/\/bodhi.name\/nb\/uungaelighet-av-lyst-opp-verden\/"},{"@type":"ListItem","position":3,"name":"Forord"}]},{"@type":"WebSite","@id":"https:\/\/bodhi.name\/ru\/#website","url":"https:\/\/bodhi.name\/ru\/","name":"Utvalg av tiltrekkende tilstander","description":" Eksperimentell psykologi","potentialAction":[{"@type":"SearchAction","target":{"@type":"EntryPoint","urlTemplate":"https:\/\/bodhi.name\/ru\/?s={search_term_string}"},"query-input":{"@type":"PropertyValueSpecification","valueRequired":true,"valueName":"search_term_string"}}],"inLanguage":"nb-NO"}]}},"_links":{"self":[{"href":"https:\/\/bodhi.name\/nb\/wp-json\/wp\/v2\/pages\/8155","targetHints":{"allow":["GET"]}}],"collection":[{"href":"https:\/\/bodhi.name\/nb\/wp-json\/wp\/v2\/pages"}],"about":[{"href":"https:\/\/bodhi.name\/nb\/wp-json\/wp\/v2\/types\/page"}],"author":[{"embeddable":true,"href":"https:\/\/bodhi.name\/nb\/wp-json\/wp\/v2\/users\/8235"}],"replies":[{"embeddable":true,"href":"https:\/\/bodhi.name\/nb\/wp-json\/wp\/v2\/comments?post=8155"}],"version-history":[{"count":1,"href":"https:\/\/bodhi.name\/nb\/wp-json\/wp\/v2\/pages\/8155\/revisions"}],"predecessor-version":[{"id":8156,"href":"https:\/\/bodhi.name\/nb\/wp-json\/wp\/v2\/pages\/8155\/revisions\/8156"}],"up":[{"embeddable":true,"href":"https:\/\/bodhi.name\/nb\/wp-json\/wp\/v2\/pages\/8151"}],"wp:attachment":[{"href":"https:\/\/bodhi.name\/nb\/wp-json\/wp\/v2\/media?parent=8155"}],"curies":[{"name":"wp","href":"https:\/\/api.w.org\/{rel}","templated":true}]}}