{"id":8089,"date":"2015-02-11T17:06:52","date_gmt":"2015-02-11T13:06:52","guid":{"rendered":"http:\/\/bodhi.name\/?page_id=8089"},"modified":"2015-02-11T17:06:52","modified_gmt":"2015-02-11T13:06:52","slug":"tyttebaer-er-et-smakfull-baer","status":"publish","type":"page","link":"https:\/\/bodhi.name\/nb\/home\/historier\/tyttebaer-er-et-smakfull-baer\/","title":{"rendered":"Tytteb\u00e6r er et smakfull b\u00e6r"},"content":{"rendered":"<p><b>1.<\/b> De har funnet hverandre blant st\u00f8v p\u00e5 veien og blant all den hverdaglivets kaos. Og det var bra. De leiet en leilighet. Det var tid for kj\u00e6rlighet og forst\u00e5else av at alt g\u00e5r sin vei. De leliet en to-roms leilighet. De brukte lille rommet for \u00e5 bevare sine saker. De levde i stor rom. De ville skape en uvanlig atmosf\u00e6re: gulvteppe, gr\u00f8nne planter, mye luft og lys.<\/p>\n<p>En m\u00e5ned siden. De har ikke enn\u00e5 ryddet leilighet. De har samlet krefter for \u00e5 overvinne kaos i leilighet.<\/p>\n<p>Enda ett m\u00e5ned har g\u00e5tt. Det lille rommet har blitt til et plass som alle lo av. De dr\u00f8mmet om at en dag de skulle rydde i dette rommet. Endelig en dag de stod opp og begynte \u00e5 rydde i det lille rommet. Gud, det var mye st\u00f8v der. De ryddet helt til kveld&#8230;Han klemmet henne og hun smilte. N\u00e5 var det rent i rommet. Lodden gulvteppe l\u00e5 i midten av rommet. Det var s\u00e5 koselig der&#8230; De stod og tenkte om at dette rommet var det eneste som forbindet dem. Og n\u00e5 var det ingen bro mellom dem. De stod og tiet. De gikk fra hverandre neste dag.<\/p>\n<p>&nbsp;<\/p>\n<p><b>2.<\/b> Det var en morsomt ide. Dere husker sikkert hvordan det hele var gjort. Du sier til ei jente \u201dJeg elsker&#8230;\u201d, og s\u00e5 tillegger du etter en pause \u201d\u00e5 sl\u00e5 deg med en feiekost\u201d. Han visste sikkert at det samme skulle gj\u00f8res med ei ny jente i deres klasse.<\/p>\n<p>Hun pakket igjen sine saker i sekken og var klar til \u00e5 g\u00e5 ut. Han kom til henne og sa \u201dJeg elsker deg..\u201d Hun var ikke sjenert og hun s\u00e5 gjennom ham&#8230;<\/p>\n<p>De gikk sammen p\u00e5 gata. Det var varmt og p\u00f8ler har nesten t\u00f8rket ut.<\/p>\n<p>&nbsp;<\/p>\n<p><b>3.<\/b> Han gikk inn i byen om morgen. Dette er kanskje symbolsk og kanskje ikke. Jeg foretrekker \u00e5 se realistisk p\u00e5 ting. Sola har allerede st\u00e5tt opp. Det var ikke enn\u00e5 varmt. Sola har liksom lovet \u00e5 gi varme. Jeg forst\u00e5r at et l\u00f8fte er mye mer klarere enn hvilken som helst sikkerhet. Han m\u00f8tte noen mennesker som hadde uklare ansikter. Noens ansikt var veldig uklare. Han hadde ingen klar m\u00e5l. Han var nettop f\u00f8dt.<\/p>\n<p>Han har iblant h\u00f8rt noe mer enn bare samtale p\u00e5 gater. Dette skulle heller nevnes for husking. Men han kunne selvsagt ikke huske noe fordi at han var nettop f\u00f8dt. Da sj\u00f8en kastet ham ut p\u00e5 kyst, tr\u00e6r har hjelpet ham \u00e5 komme ned p\u00e5 jord. Gress og st\u00f8v viste ham klart vei. Ingen tanker oppstod i bryst. Han likte ikke \u00e5 ha tanker i sin hode. Noen rare hoder viste seg men de forsvant straks da han merket dem. Da han gikk forbi et lang gul hus, en fisk som het Enslighet viste seg. Han hadde verken stang eller et \u00f8nske til \u00e5 fiske. Fisken forsvant.<\/p>\n<p>Han hadde et hull i bryst. Vi vet selvsagt at det finnes ingen hull i bryst. Men han hadde et hull. Der bl\u00e5ste det vind og hans h\u00e5r p\u00e5 bakhode reiste seg pga vind.<\/p>\n<p>Ei jente satt p\u00e5 andre etasje. Hennes bein hang ned. B\u00e5de mamma og pappa har sagt henne at det er ikke bra \u00e5 sitte slik. Men hun gir pokker i deres mening. Hun skulle ikke gr\u00e5te mye om de hadde d\u00f8dd. Hun satt der allerede i to timer. Sola har varmt opp hennes bein. Hun f\u00f8lte varme i sine armhuler.<\/p>\n<p>Da han n\u00e6rmet seg en gate med poppel, de bl\u00e5ste fnugg i hans ansikt. Han ble veldig glad av det. Han gikk til en annen gate. Han s\u00e5 p\u00e5 bein av ei jente. De var veldig tiltrekkende. Han kom til henne og s\u00e5 i hennes \u00f8yne. Og da oppstod det tordenskrall.<\/p>\n<p>&nbsp;<\/p>\n<p>***<\/p>\n<p>&nbsp;<\/p>\n<p>&#8211; Vet jeg deg?<\/p>\n<p>&#8211; Vet jeg deg?<\/p>\n<p>&#8211; Jeg vet deg.<\/p>\n<p>&#8211; Jeg vet deg.<\/p>\n<p>&#8211; Det var t\u00e5k, det var syrin, det var svart jord. Blikket mitt var klar, min stemme ristet, jeg v\u00e5knet opp. Jeg \u00f8nsket \u00e5 sovne igjen. Jeg ville ha gitt alt for \u00e5 sove ett minutt til. Jeg har s\u00e5 lenge dr\u00f8mt om s\u00f8vn. S\u00f8vn er s\u00e5 klar som t\u00e5re.<\/p>\n<p>&#8211; Jeg visste ikke om ditt eksistens. Jeg har ikke sett deg. Jeg har ikke sett deg i avspeiling av vanndr\u00e5pe. Jeg har bare dr\u00f8mt om deg&#8230;Grov bark av et tre, fast bekk, uendelig himmel. Slik har jeg s\u00f8kt etter deg. Jeg satt og sol skinnet i mine \u00f8yne, solskinne gnistret og blinded meg. Jeg senket \u00f8yne. Slik har jeg funnet deg.<\/p>\n<p>&#8211; Hva kan vi si til hverandre?<\/p>\n<p>&#8211; Vi beh\u00f8ver ikke \u00e5 snakke.<\/p>\n<p>&#8211; Hva kan vi gj\u00f8re for hverandre?<\/p>\n<p>&#8211; Alt er allerede gjort.<\/p>\n<p>&#8211; Det er greit.<\/p>\n<p>&#8211; Det er greit. Skal jeg virkelig leve sitt liv p\u00e5 denne m\u00e5te? Skal virkelig gj\u00f8re det?<\/p>\n<p>&#8211; Det kunne v\u00e6re bare slik.<\/p>\n<p>&#8211; Hva skal vi gj\u00f8re videre?<\/p>\n<p>&#8211; Vi skal ikke gj\u00f8re noen ting. Vi skal gj\u00f8re ingenting, Det hender slik at det finnes ingenting i fremtiden. Det finnes bare dypere eller s\u00e5 finnes det bare annerledes.<\/p>\n<p>&#8211; Jeg er redd; jeg er i perlehum\u00f8r; jeg f\u00f8ler seg fullt.<\/p>\n<p>&#8211; Jeg f\u00f8ler kulde og jeg f\u00f8ler hete. Jeg f\u00f8ler seg rolig.<\/p>\n<p>&#8211; Skal de la oss g\u00e5?<\/p>\n<p>&#8211; De kan ikke gj\u00f8re noe. De sover. Se i deres \u00f8yne.<\/p>\n<p>&#8211; De kan ikke gj\u00f8re noe&#8230; de sover&#8230; det er bra. Det betyr at det hender noe! Kan jeg gjenta dette tusen ganger til? \u201dDet hender!\u201d<\/p>\n<p>&nbsp;<\/p>\n<p>***<\/p>\n<p>Da det har begynt \u00e5 regne, vann rennet p\u00e5 gulvteppe gjennnom \u00e5pen vindu. N\u00e5 m\u00e5 jeg t\u00f8rke den ut igjen.<\/p>\n<p>&nbsp;<\/p>\n<p><b>4.<\/b> Han hoppet bakfra s\u00f8ppelkasse. De har sikkert ikke ventet p\u00e5 ham \u2013 alle l\u00f8pte fra ham. En av dem l\u00f8pte plutselig p\u00e5 ham. Han trakk avtrekker. \u201dTa-ta-ta\u201d\u2014lyd av skudd. En maskinpistol laget av tre skremte gutten. Gutten l\u00f8pte videre tross det at han var allerede d\u00f8d. \u201dDu m\u00e5 d\u00f8!\u201d Gutten stoppet \u201dDu har levd nok!\u201d<\/p>\n<p>Kr\u00e5ke skrek i busker.<\/p>\n<p>&nbsp;<\/p>\n<p><b>5.<\/b> Det regnet. Plutselig tordenv\u00e6r begynte. Alle har begynt \u00e5 s\u00f8ke dekke. Jeg s\u00e5 at to gamle kvinner sa farvel til hverandre. Ei som har ventet p\u00e5 buss tok sine sekker og gikk. Ei annen kvinne skrek \u201ddet skal ikke komme busser mer\u201d. Gammel kvinne snudde seg og jeg s\u00e5 at hun f\u00f8lte skam og frykt. Hun var veldig redd. Resten av mennesker tok bussen og reiste av g\u00e5rde. Da jeg gikk hjem, jeg s\u00e5 ei gammel kvinne med hund. Det var rart. Jeg hadde smakfulle boller i min sekk.<\/p>\n","protected":false},"excerpt":{"rendered":"<p>1. De har funnet hverandre blant st\u00f8v p\u00e5 veien og blant all den hverdaglivets kaos. Og det var bra. De leiet en leilighet. Det var tid for kj\u00e6rlighet og forst\u00e5else av at alt g\u00e5r sin vei. De leliet en to-roms leilighet. De brukte lille rommet for \u00e5 bevare sine saker. De levde i stor rom. [&hellip;]<\/p>\n","protected":false},"author":1,"featured_media":0,"parent":8082,"menu_order":0,"comment_status":"open","ping_status":"closed","template":"","meta":{"_acf_changed":false,"footnotes":""},"class_list":["post-8089","page","type-page","status-publish","hentry"],"acf":[],"yoast_head":"<!-- This site is optimized with the Yoast SEO plugin v27.2 - https:\/\/yoast.com\/product\/yoast-seo-wordpress\/ -->\n<title>Tytteb\u00e6r er et smakfull b\u00e6r - Utvalg av tiltrekkende tilstander<\/title>\n<meta name=\"robots\" content=\"index, follow, max-snippet:-1, max-image-preview:large, max-video-preview:-1\" \/>\n<link rel=\"canonical\" href=\"https:\/\/bodhi.name\/nb\/home\/historier\/tyttebaer-er-et-smakfull-baer\/\" \/>\n<meta property=\"og:locale\" content=\"nb_NO\" \/>\n<meta property=\"og:type\" content=\"article\" \/>\n<meta property=\"og:title\" content=\"Tytteb\u00e6r er et smakfull b\u00e6r - Utvalg av tiltrekkende tilstander\" \/>\n<meta property=\"og:description\" content=\"1. De har funnet hverandre blant st\u00f8v p\u00e5 veien og blant all den hverdaglivets kaos. Og det var bra. De leiet en leilighet. Det var tid for kj\u00e6rlighet og forst\u00e5else av at alt g\u00e5r sin vei. De leliet en to-roms leilighet. De brukte lille rommet for \u00e5 bevare sine saker. De levde i stor rom. [&hellip;]\" \/>\n<meta property=\"og:url\" content=\"https:\/\/bodhi.name\/nb\/home\/historier\/tyttebaer-er-et-smakfull-baer\/\" \/>\n<meta property=\"og:site_name\" content=\"Utvalg av tiltrekkende tilstander\" \/>\n<meta name=\"twitter:card\" content=\"summary_large_image\" \/>\n<meta name=\"twitter:label1\" content=\"Ansl. lesetid\" \/>\n\t<meta name=\"twitter:data1\" content=\"6 minutter\" \/>\n<script type=\"application\/ld+json\" class=\"yoast-schema-graph\">{\"@context\":\"https:\/\/schema.org\",\"@graph\":[{\"@type\":\"WebPage\",\"@id\":\"https:\/\/bodhi.name\/nb\/home\/historier\/tyttebaer-er-et-smakfull-baer\/\",\"url\":\"https:\/\/bodhi.name\/nb\/home\/historier\/tyttebaer-er-et-smakfull-baer\/\",\"name\":\"Tytteb\u00e6r er et smakfull b\u00e6r - Utvalg av tiltrekkende tilstander\",\"isPartOf\":{\"@id\":\"https:\/\/bodhi.name\/ru\/#website\"},\"datePublished\":\"2015-02-11T13:06:52+00:00\",\"breadcrumb\":{\"@id\":\"https:\/\/bodhi.name\/nb\/home\/historier\/tyttebaer-er-et-smakfull-baer\/#breadcrumb\"},\"inLanguage\":\"nb-NO\",\"potentialAction\":[{\"@type\":\"ReadAction\",\"target\":[\"https:\/\/bodhi.name\/nb\/home\/historier\/tyttebaer-er-et-smakfull-baer\/\"]}]},{\"@type\":\"BreadcrumbList\",\"@id\":\"https:\/\/bodhi.name\/nb\/home\/historier\/tyttebaer-er-et-smakfull-baer\/#breadcrumb\",\"itemListElement\":[{\"@type\":\"ListItem\",\"position\":1,\"name\":\"\u0413\u043b\u0430\u0432\u043d\u0430\u044f \u0441\u0442\u0440\u0430\u043d\u0438\u0446\u0430\",\"item\":\"https:\/\/bodhi.name\/nb\/\"},{\"@type\":\"ListItem\",\"position\":2,\"name\":\"\u0413\u043b\u0430\u0432\u043d\u0430\u044f\",\"item\":\"https:\/\/bodhi.name\/nb\/\"},{\"@type\":\"ListItem\",\"position\":3,\"name\":\"Historier\",\"item\":\"https:\/\/bodhi.name\/nb\/home\/historier\/\"},{\"@type\":\"ListItem\",\"position\":4,\"name\":\"Tytteb\u00e6r er et smakfull b\u00e6r\"}]},{\"@type\":\"WebSite\",\"@id\":\"https:\/\/bodhi.name\/ru\/#website\",\"url\":\"https:\/\/bodhi.name\/ru\/\",\"name\":\"Utvalg av tiltrekkende tilstander\",\"description\":\" Eksperimentell psykologi\",\"potentialAction\":[{\"@type\":\"SearchAction\",\"target\":{\"@type\":\"EntryPoint\",\"urlTemplate\":\"https:\/\/bodhi.name\/ru\/?s={search_term_string}\"},\"query-input\":{\"@type\":\"PropertyValueSpecification\",\"valueRequired\":true,\"valueName\":\"search_term_string\"}}],\"inLanguage\":\"nb-NO\"}]}<\/script>\n<!-- \/ Yoast SEO plugin. -->","yoast_head_json":{"title":"Tytteb\u00e6r er et smakfull b\u00e6r - Utvalg av tiltrekkende tilstander","robots":{"index":"index","follow":"follow","max-snippet":"max-snippet:-1","max-image-preview":"max-image-preview:large","max-video-preview":"max-video-preview:-1"},"canonical":"https:\/\/bodhi.name\/nb\/home\/historier\/tyttebaer-er-et-smakfull-baer\/","og_locale":"nb_NO","og_type":"article","og_title":"Tytteb\u00e6r er et smakfull b\u00e6r - Utvalg av tiltrekkende tilstander","og_description":"1. De har funnet hverandre blant st\u00f8v p\u00e5 veien og blant all den hverdaglivets kaos. Og det var bra. De leiet en leilighet. Det var tid for kj\u00e6rlighet og forst\u00e5else av at alt g\u00e5r sin vei. De leliet en to-roms leilighet. De brukte lille rommet for \u00e5 bevare sine saker. De levde i stor rom. [&hellip;]","og_url":"https:\/\/bodhi.name\/nb\/home\/historier\/tyttebaer-er-et-smakfull-baer\/","og_site_name":"Utvalg av tiltrekkende tilstander","twitter_card":"summary_large_image","twitter_misc":{"Ansl. lesetid":"6 minutter"},"schema":{"@context":"https:\/\/schema.org","@graph":[{"@type":"WebPage","@id":"https:\/\/bodhi.name\/nb\/home\/historier\/tyttebaer-er-et-smakfull-baer\/","url":"https:\/\/bodhi.name\/nb\/home\/historier\/tyttebaer-er-et-smakfull-baer\/","name":"Tytteb\u00e6r er et smakfull b\u00e6r - Utvalg av tiltrekkende tilstander","isPartOf":{"@id":"https:\/\/bodhi.name\/ru\/#website"},"datePublished":"2015-02-11T13:06:52+00:00","breadcrumb":{"@id":"https:\/\/bodhi.name\/nb\/home\/historier\/tyttebaer-er-et-smakfull-baer\/#breadcrumb"},"inLanguage":"nb-NO","potentialAction":[{"@type":"ReadAction","target":["https:\/\/bodhi.name\/nb\/home\/historier\/tyttebaer-er-et-smakfull-baer\/"]}]},{"@type":"BreadcrumbList","@id":"https:\/\/bodhi.name\/nb\/home\/historier\/tyttebaer-er-et-smakfull-baer\/#breadcrumb","itemListElement":[{"@type":"ListItem","position":1,"name":"\u0413\u043b\u0430\u0432\u043d\u0430\u044f \u0441\u0442\u0440\u0430\u043d\u0438\u0446\u0430","item":"https:\/\/bodhi.name\/nb\/"},{"@type":"ListItem","position":2,"name":"\u0413\u043b\u0430\u0432\u043d\u0430\u044f","item":"https:\/\/bodhi.name\/nb\/"},{"@type":"ListItem","position":3,"name":"Historier","item":"https:\/\/bodhi.name\/nb\/home\/historier\/"},{"@type":"ListItem","position":4,"name":"Tytteb\u00e6r er et smakfull b\u00e6r"}]},{"@type":"WebSite","@id":"https:\/\/bodhi.name\/ru\/#website","url":"https:\/\/bodhi.name\/ru\/","name":"Utvalg av tiltrekkende tilstander","description":" Eksperimentell psykologi","potentialAction":[{"@type":"SearchAction","target":{"@type":"EntryPoint","urlTemplate":"https:\/\/bodhi.name\/ru\/?s={search_term_string}"},"query-input":{"@type":"PropertyValueSpecification","valueRequired":true,"valueName":"search_term_string"}}],"inLanguage":"nb-NO"}]}},"_links":{"self":[{"href":"https:\/\/bodhi.name\/nb\/wp-json\/wp\/v2\/pages\/8089","targetHints":{"allow":["GET"]}}],"collection":[{"href":"https:\/\/bodhi.name\/nb\/wp-json\/wp\/v2\/pages"}],"about":[{"href":"https:\/\/bodhi.name\/nb\/wp-json\/wp\/v2\/types\/page"}],"author":[{"embeddable":true,"href":"https:\/\/bodhi.name\/nb\/wp-json\/wp\/v2\/users\/1"}],"replies":[{"embeddable":true,"href":"https:\/\/bodhi.name\/nb\/wp-json\/wp\/v2\/comments?post=8089"}],"version-history":[{"count":1,"href":"https:\/\/bodhi.name\/nb\/wp-json\/wp\/v2\/pages\/8089\/revisions"}],"predecessor-version":[{"id":8090,"href":"https:\/\/bodhi.name\/nb\/wp-json\/wp\/v2\/pages\/8089\/revisions\/8090"}],"up":[{"embeddable":true,"href":"https:\/\/bodhi.name\/nb\/wp-json\/wp\/v2\/pages\/8082"}],"wp:attachment":[{"href":"https:\/\/bodhi.name\/nb\/wp-json\/wp\/v2\/media?parent=8089"}],"curies":[{"name":"wp","href":"https:\/\/api.w.org\/{rel}","templated":true}]}}