{"id":8087,"date":"2015-02-11T17:04:10","date_gmt":"2015-02-11T13:04:10","guid":{"rendered":"http:\/\/bodhi.name\/?page_id=8087"},"modified":"2015-02-11T17:04:10","modified_gmt":"2015-02-11T13:04:10","slug":"mote","status":"publish","type":"page","link":"https:\/\/bodhi.name\/nb\/home\/historier\/mote\/","title":{"rendered":"M\u00f8te"},"content":{"rendered":"<p>Jeg ser p\u00e5 et bildet av deg i flere minutter. Plutselig bildet blir levende og jeg finner seg selv foran en sofa. Du ligger p\u00e5 sofa. Jeg vet ikke hvorhen jeg m\u00e5 g\u00e5. Jeg setter seg ved siden av deg. Jeg holder dine f\u00f8tter. Jeg ser p\u00e5 dine bein og jeg begynner \u00e5 f\u00f8le vekt av dine bein. Jeg tar forsiktig din fots\u00e5le med min venstre h\u00e5nd og din ankel med min h\u00f8yre h\u00e5nd. Plutselig jeg opplever varme. Jeg f\u00f8ler at hete fyller meg. Jeg f\u00f8ler varme mellom dine l\u00e5r. Jeg f\u00f8ler med min hjerte at du svetter mellom l\u00e5r. Jeg legger din bein p\u00e5 min kne. Jeg holder fortsatt din fots\u00e5le med min venstre h\u00e5nd. Og min h\u00e5nd blir fullt av din smak. Mine fingrer r\u00f8rer og sklir p\u00e5 din bein. Det oppst\u00e5r vibrasjon mellom fingre. Jeg f\u00f8ler hete og smak av dine bein (som om jeg hadde slikket dine bein). Du snur seg og legger seg p\u00e5 ryggen. Jeg tar din andre bein og legger den p\u00e5 min kne. Du retter seg ut pga s\u00f8t energi som oppst\u00e5r mellom mine fingre og dine bein. Du drar sine kn\u00e6r fra hverandre fordi at du f\u00f8ler opphisselse. Jeg r\u00f8rer p\u00e5 dine kn\u00e6r. Jeg f\u00f8ler varme i min bryst. Jeg tar din fots\u00e5le og klemmer den til min kinne. S\u00e5 begynner jeg \u00e5 slikke din fots\u00e5le med tunge. Jeg \u00f8nsker \u00e5 f\u00f8le smak av din fots\u00e5le. Jeg f\u00f8ler at gnister og str\u00f8m fyller meg. Din kne opplever krampe og jeg m\u00e5 bruke styrke for \u00e5 ta din kne&#8230;jeg slikker din fots\u00e5le langsomt. Jeg f\u00f8ler hudens smak gjennom dine str\u00f8mpebukser. Jeg f\u00f8ler smak av dine bein&#8230; denne smak dekker min bryst og min mage&#8230; jeg slikker mellom dine fingre&#8230;det er nesten ut\u00e5lelig..jeg begynner \u00e5 bite dine fingre. Du skriker og jeg ser at det oppst\u00e5r en flammeball mellom dine bein. Jeg f\u00f8ler at jeg blir opphisset&#8230;dette er bare en begynnelse.<\/p>\n<p>N\u00e5r jeg legger seg, s\u00e5 klemmer jeg deg. Jeg begynner \u00e5 f\u00f8le deg. Jeg begynner \u00e5 r\u00f8rer p\u00e5 din bryst. S\u00e5 begynner jeg \u00e5 slikke dine bryster. S\u00e5 legger jeg seg over deg og begynner \u00e5 kysse deg. Jeg kysser dine kinner, din nese og panne. Men det tilfredstiller meg ikke. Jeg slikker din ansikt. Du klemmer meg med sine bein. Jeg vet hva jeg \u00f8nsker. Jeg setter meg og holder dine l\u00e5r. Du tar min kukk og jeg begynner \u00e5 bevege seg slik at kukken sklir i dine hender. Du klemmer min kukk til sin mage og etterp\u00e5 jeg f\u00f8ler at kukken st\u00f8ter p\u00e5 noe varmt og v\u00e5t. Jeg f\u00f8ler at jeg befinner seg ved inngang. Jeg r\u00f8rer p\u00e5 fitta og mine fingrer blir v\u00e5te. Jeg vil kjenne denne smak. Jeg legger seg p\u00e5 deg og vi begynner \u00e5 kysse og klemme hverandre. Jeg begynner \u00e5 slikke din fitta. Endelig begynner jeg \u00e5 pule deg. Jeg gj\u00f8r dette langsomt. Vi kan ikke gj\u00f8re noe i det hele tatt. Vi f\u00f8ler at v\u00e5re sjeler g\u00e5r inn i hverandre. Jeg f\u00f8ler at dine tenner biter meg. Du klemmer meg sterkt med sine l\u00e5r.<\/p>\n<p>Vi kunne ha opplevd orgasme ti ganger. Men vi handler annerledes. Jeg legger seg ved siden av deg og kysser dine brystvorter. Vi skjelver av opphisselse. Vi m\u00e5 sove for \u00e5 gjenta det samme i morgen. Vi kan jo ikke sove n\u00e5r v\u00e5re kropper er forbindet og vi har et \u00f8nske til \u00e5 elske hverandre. Jeg vil voldta deg. Jeg vil f\u00e5 deg til \u00e5 skrike av nytelse n\u00e5r jeg skal pule deg. Jeg vil pule deg helt til du skal ikke v\u00e6re i stand til \u00e5 skrike og helt til du skal begynne \u00e5 gr\u00e5te av nytelse.. Vi skulle gj\u00f8re det beste ut av det. Vi skal l\u00e6re oss \u00e5 sove n\u00e5r kroppen koker av kj\u00e6rlighet. Vi skal sove for \u00e5 gjenta det samme i morgen. Men vi kan sove bare ett time&#8230;<\/p>\n<p>Er dette din dr\u00f8m? Eller er dette ikke din dr\u00f8m? Kukken som g\u00e5r ut av fitta. Brystvorter som har blod-farge. Vakre bein og b\u00f8yde kneer. \u00d8yner som ser skr\u00e5 av opphisselse; nesten lukket munn. Alt dette skaper spesiell spenning. Han kysser dine bein langsomt. Du tar i munn hans kukk og slikker den med sin tunge. Du tar hans l\u00e5r med sine hender og suger kukken. Etter noen f\u00e5 minutter han kan ikke lenger holde seg og du f\u00f8ler en str\u00e5le av s\u00e6d inni i munnen\u2026og hans hode og magemuskler og hender og dine brystvorter som har blitt s\u00e5 f\u00f8lsomme&#8230;<\/p>\n<p>Jeg hadde det veldig bra med deg i dag. V\u00e5rt spill er s\u00e5 naturlig. Det er s\u00e5 underlig \u00e5 f\u00e5 b\u00e5de erotisk og estetisk nytelse. Her blir ogs\u00e5 min tanke glad. Min hjerte utsr\u00e5ler seg selv i deg. Jeg er bare et organ som du bruker for \u00e5 spille kj\u00e6rlighetens melodi\u2026og v\u00e5re lyder forbindes. Du sover og jeg ser p\u00e5 deg. Du heldigris \u2013 du sover! Jeg tar forsiktig din brystvorte i munnen. Jeg vil ikke vekke deg. Du er s\u00e5 pen&#8230;jeg kysser dine hender. Hva skal jeg gj\u00f8re med kukken min? Den er jo s\u00e5 spent. Jeg legger sin bein over deg og klemmer deg forsiktig. Du sover&#8230;jeg kysser deg og setter seg ved siden av deg. Du er s\u00e5 vakker&#8230;kroppen din er veldig vakker til og med n\u00e5r du sover. Jeg stikker sin nese mellom dine bein og lukter. Det er s\u00e5 bra at du har ikke tatt dusj f\u00f8r. Jeg f\u00f8ler at din lukt trenger seg inn i meg. Mine lunger blir fullt med din lukt. Jeg kysser dine fots\u00e5ler og bein. Plutselig en fantasi oppst\u00e5r i min hode. Jeg setter seg ved din hode og legger kukken p\u00e5 din ansikt. Jeg r\u00f8rer dine \u00f8yne og nese med sin kukk. Jeg r\u00f8rer dine lepper med min kukk&#8230;jeg vil g\u00e5 inn. Jeg \u00f8nsker ikke \u00e5 vekke deg. Jeg \u00e5pner forsiktig munnen din med mine fingrer&#8230;jeg putter langsomt kukken i din munn. Jeg f\u00f8ler at din tunge r\u00f8rer p\u00e5 min kukk. Men nei, du har ikke v\u00e5knet. Jeg begynner \u00e5 bevege seg fram og tilbake veldig langsomt. Jeg ser hele tiden p\u00e5 din ansikt og dine lepper. Du ser sikkert god dr\u00f8m:). Kanskje du dr\u00f8mmer om det som skjer i virkeligheten. Jeg vet hva du dr\u00f8mmer om. Din dr\u00f8m handler om det at jeg sover og du spiller med min kukk. Du slikker min kukk med sine v\u00e5te lepper. Du biter ham. S\u00e5 legger du seg mellom mine kneer. Du kysser mine kneer. Du ser p\u00e5 min kukk og begynner \u00e5 slikke den langsomt&#8230;Jeg vet ikke hvem av oss dr\u00f8mmer om det. Jeg legger seg over deg og bare sklir p\u00e5 deg. Dette er ikke en dr\u00f8m i det hele tatt&#8230; Vi sitter p\u00e5 elvebredden. Sola skinner og gress er gr\u00f8nn. Jeg klemmer deg og kysser din h\u00e5r. Evighet ser p\u00e5 oss og misunner v\u00e5rt flyktighet. Sterke mennesker med bl\u00e5 \u00f8yne g\u00e5r forbi og smiler til oss. Vi ler. Denne latter h\u00f8res som en storm over v\u00e5re hoder. S\u00e5 renner det ned gule dr\u00e5per fra himmel. Verden \u00e5pner sine uendelige dimensjoner. Vi oppl\u00f8ses i alt vi ser omkring&#8230;<\/p>\n","protected":false},"excerpt":{"rendered":"<p>Jeg ser p\u00e5 et bildet av deg i flere minutter. Plutselig bildet blir levende og jeg finner seg selv foran en sofa. Du ligger p\u00e5 sofa. Jeg vet ikke hvorhen jeg m\u00e5 g\u00e5. Jeg setter seg ved siden av deg. Jeg holder dine f\u00f8tter. Jeg ser p\u00e5 dine bein og jeg begynner \u00e5 f\u00f8le vekt [&hellip;]<\/p>\n","protected":false},"author":1,"featured_media":0,"parent":8082,"menu_order":0,"comment_status":"open","ping_status":"closed","template":"","meta":{"_acf_changed":false,"footnotes":""},"class_list":["post-8087","page","type-page","status-publish","hentry"],"acf":[],"yoast_head":"<!-- This site is optimized with the Yoast SEO plugin v27.2 - https:\/\/yoast.com\/product\/yoast-seo-wordpress\/ -->\n<title>M\u00f8te - Utvalg av tiltrekkende tilstander<\/title>\n<meta name=\"robots\" content=\"index, follow, max-snippet:-1, max-image-preview:large, max-video-preview:-1\" \/>\n<link rel=\"canonical\" href=\"https:\/\/bodhi.name\/nb\/home\/historier\/mote\/\" \/>\n<meta property=\"og:locale\" content=\"nb_NO\" \/>\n<meta property=\"og:type\" content=\"article\" \/>\n<meta property=\"og:title\" content=\"M\u00f8te - Utvalg av tiltrekkende tilstander\" \/>\n<meta property=\"og:description\" content=\"Jeg ser p\u00e5 et bildet av deg i flere minutter. Plutselig bildet blir levende og jeg finner seg selv foran en sofa. Du ligger p\u00e5 sofa. Jeg vet ikke hvorhen jeg m\u00e5 g\u00e5. Jeg setter seg ved siden av deg. Jeg holder dine f\u00f8tter. Jeg ser p\u00e5 dine bein og jeg begynner \u00e5 f\u00f8le vekt [&hellip;]\" \/>\n<meta property=\"og:url\" content=\"https:\/\/bodhi.name\/nb\/home\/historier\/mote\/\" \/>\n<meta property=\"og:site_name\" content=\"Utvalg av tiltrekkende tilstander\" \/>\n<meta name=\"twitter:card\" content=\"summary_large_image\" \/>\n<meta name=\"twitter:label1\" content=\"Ansl. lesetid\" \/>\n\t<meta name=\"twitter:data1\" content=\"6 minutter\" \/>\n<script type=\"application\/ld+json\" class=\"yoast-schema-graph\">{\"@context\":\"https:\/\/schema.org\",\"@graph\":[{\"@type\":\"WebPage\",\"@id\":\"https:\/\/bodhi.name\/nb\/home\/historier\/mote\/\",\"url\":\"https:\/\/bodhi.name\/nb\/home\/historier\/mote\/\",\"name\":\"M\u00f8te - Utvalg av tiltrekkende tilstander\",\"isPartOf\":{\"@id\":\"https:\/\/bodhi.name\/ru\/#website\"},\"datePublished\":\"2015-02-11T13:04:10+00:00\",\"breadcrumb\":{\"@id\":\"https:\/\/bodhi.name\/nb\/home\/historier\/mote\/#breadcrumb\"},\"inLanguage\":\"nb-NO\",\"potentialAction\":[{\"@type\":\"ReadAction\",\"target\":[\"https:\/\/bodhi.name\/nb\/home\/historier\/mote\/\"]}]},{\"@type\":\"BreadcrumbList\",\"@id\":\"https:\/\/bodhi.name\/nb\/home\/historier\/mote\/#breadcrumb\",\"itemListElement\":[{\"@type\":\"ListItem\",\"position\":1,\"name\":\"\u0413\u043b\u0430\u0432\u043d\u0430\u044f \u0441\u0442\u0440\u0430\u043d\u0438\u0446\u0430\",\"item\":\"https:\/\/bodhi.name\/nb\/\"},{\"@type\":\"ListItem\",\"position\":2,\"name\":\"\u0413\u043b\u0430\u0432\u043d\u0430\u044f\",\"item\":\"https:\/\/bodhi.name\/nb\/\"},{\"@type\":\"ListItem\",\"position\":3,\"name\":\"Historier\",\"item\":\"https:\/\/bodhi.name\/nb\/home\/historier\/\"},{\"@type\":\"ListItem\",\"position\":4,\"name\":\"M\u00f8te\"}]},{\"@type\":\"WebSite\",\"@id\":\"https:\/\/bodhi.name\/ru\/#website\",\"url\":\"https:\/\/bodhi.name\/ru\/\",\"name\":\"Utvalg av tiltrekkende tilstander\",\"description\":\" Eksperimentell psykologi\",\"potentialAction\":[{\"@type\":\"SearchAction\",\"target\":{\"@type\":\"EntryPoint\",\"urlTemplate\":\"https:\/\/bodhi.name\/ru\/?s={search_term_string}\"},\"query-input\":{\"@type\":\"PropertyValueSpecification\",\"valueRequired\":true,\"valueName\":\"search_term_string\"}}],\"inLanguage\":\"nb-NO\"}]}<\/script>\n<!-- \/ Yoast SEO plugin. -->","yoast_head_json":{"title":"M\u00f8te - Utvalg av tiltrekkende tilstander","robots":{"index":"index","follow":"follow","max-snippet":"max-snippet:-1","max-image-preview":"max-image-preview:large","max-video-preview":"max-video-preview:-1"},"canonical":"https:\/\/bodhi.name\/nb\/home\/historier\/mote\/","og_locale":"nb_NO","og_type":"article","og_title":"M\u00f8te - Utvalg av tiltrekkende tilstander","og_description":"Jeg ser p\u00e5 et bildet av deg i flere minutter. Plutselig bildet blir levende og jeg finner seg selv foran en sofa. Du ligger p\u00e5 sofa. Jeg vet ikke hvorhen jeg m\u00e5 g\u00e5. Jeg setter seg ved siden av deg. Jeg holder dine f\u00f8tter. Jeg ser p\u00e5 dine bein og jeg begynner \u00e5 f\u00f8le vekt [&hellip;]","og_url":"https:\/\/bodhi.name\/nb\/home\/historier\/mote\/","og_site_name":"Utvalg av tiltrekkende tilstander","twitter_card":"summary_large_image","twitter_misc":{"Ansl. lesetid":"6 minutter"},"schema":{"@context":"https:\/\/schema.org","@graph":[{"@type":"WebPage","@id":"https:\/\/bodhi.name\/nb\/home\/historier\/mote\/","url":"https:\/\/bodhi.name\/nb\/home\/historier\/mote\/","name":"M\u00f8te - Utvalg av tiltrekkende tilstander","isPartOf":{"@id":"https:\/\/bodhi.name\/ru\/#website"},"datePublished":"2015-02-11T13:04:10+00:00","breadcrumb":{"@id":"https:\/\/bodhi.name\/nb\/home\/historier\/mote\/#breadcrumb"},"inLanguage":"nb-NO","potentialAction":[{"@type":"ReadAction","target":["https:\/\/bodhi.name\/nb\/home\/historier\/mote\/"]}]},{"@type":"BreadcrumbList","@id":"https:\/\/bodhi.name\/nb\/home\/historier\/mote\/#breadcrumb","itemListElement":[{"@type":"ListItem","position":1,"name":"\u0413\u043b\u0430\u0432\u043d\u0430\u044f \u0441\u0442\u0440\u0430\u043d\u0438\u0446\u0430","item":"https:\/\/bodhi.name\/nb\/"},{"@type":"ListItem","position":2,"name":"\u0413\u043b\u0430\u0432\u043d\u0430\u044f","item":"https:\/\/bodhi.name\/nb\/"},{"@type":"ListItem","position":3,"name":"Historier","item":"https:\/\/bodhi.name\/nb\/home\/historier\/"},{"@type":"ListItem","position":4,"name":"M\u00f8te"}]},{"@type":"WebSite","@id":"https:\/\/bodhi.name\/ru\/#website","url":"https:\/\/bodhi.name\/ru\/","name":"Utvalg av tiltrekkende tilstander","description":" Eksperimentell psykologi","potentialAction":[{"@type":"SearchAction","target":{"@type":"EntryPoint","urlTemplate":"https:\/\/bodhi.name\/ru\/?s={search_term_string}"},"query-input":{"@type":"PropertyValueSpecification","valueRequired":true,"valueName":"search_term_string"}}],"inLanguage":"nb-NO"}]}},"_links":{"self":[{"href":"https:\/\/bodhi.name\/nb\/wp-json\/wp\/v2\/pages\/8087","targetHints":{"allow":["GET"]}}],"collection":[{"href":"https:\/\/bodhi.name\/nb\/wp-json\/wp\/v2\/pages"}],"about":[{"href":"https:\/\/bodhi.name\/nb\/wp-json\/wp\/v2\/types\/page"}],"author":[{"embeddable":true,"href":"https:\/\/bodhi.name\/nb\/wp-json\/wp\/v2\/users\/1"}],"replies":[{"embeddable":true,"href":"https:\/\/bodhi.name\/nb\/wp-json\/wp\/v2\/comments?post=8087"}],"version-history":[{"count":1,"href":"https:\/\/bodhi.name\/nb\/wp-json\/wp\/v2\/pages\/8087\/revisions"}],"predecessor-version":[{"id":8088,"href":"https:\/\/bodhi.name\/nb\/wp-json\/wp\/v2\/pages\/8087\/revisions\/8088"}],"up":[{"embeddable":true,"href":"https:\/\/bodhi.name\/nb\/wp-json\/wp\/v2\/pages\/8082"}],"wp:attachment":[{"href":"https:\/\/bodhi.name\/nb\/wp-json\/wp\/v2\/media?parent=8087"}],"curies":[{"name":"wp","href":"https:\/\/api.w.org\/{rel}","templated":true}]}}