{"id":8040,"date":"2015-02-11T11:55:41","date_gmt":"2015-02-11T07:55:41","guid":{"rendered":"http:\/\/bodhi.name\/?page_id=8040"},"modified":"2015-02-11T11:55:41","modified_gmt":"2015-02-11T07:55:41","slug":"forord","status":"publish","type":"page","link":"https:\/\/bodhi.name\/nb\/home\/utvalg-2005-den-direkte-veien-til-en-klar-bevissthet\/forord\/","title":{"rendered":"Forord"},"content":{"rendered":"<p>Jeg heter Bodhi.<\/p>\n<p>Den her boken er en veiledning. I boka finnes det mange inderlige og instendige metoder som man burde ha fulgt. Hvis man klarer \u00e5 gj\u00f8re slik, s\u00e5 f\u00f8rer disse metodene en til \u00e5 bli fri av lidelser (negative emosjoner, falske oppfatninger, mekaniske \u00f8nsker, ubehagelige fornemmelser). Etter \u00e5 ha lest boka leseren vil begynne et helt nytt liv fullt av nye oppdagelser og lyste opp oppfatninger.<\/p>\n<p>Boka er tilpasset n\u00e5tidens liv og detaljert nok, for jeg har ingen lyst til \u00e5 fremkalle kortvarige emosjoner hos leseren som i etterkant vil f\u00f8re ham til tilstand med det gr\u00e5e livet han har hadd f\u00f8r. Jeg vil bare vise en vei til lyste opp oppfatninger.<\/p>\n<p>Minstem\u00e5let er \u00e5 oppn\u00e5 en tilstand n\u00e5r ved d\u00f8dspunktet bevissthetens klarhet vil bevares. Det vil tillate en \u00e5 fortsette med sin praksis b\u00e5de i tilstandene mellom f\u00f8dsler og i neste f\u00f8dsler uten avbrytelse. Tilstanden vil ogs\u00e5 f\u00e5 man til \u00e5 fjerne form\u00f8rkelser og lidelser samt begynne \u00e5 oppleve lyste opp oppfatninger (<b>LoO<\/b>). Det er ganske vanskelig \u00e5 finne uttrykk p\u00e5 en sv\u00e6r avgrunn som ligger mellom vanlige mennesker og den som har allerede oppn\u00e5dd denne tilstanden.<\/p>\n<p>Ved h\u00e5p om at det er ikke forgjeves har jeg begynt \u00e5 skrive denne boken i \u00e5ret 2000. M\u00e5let med boken var at den skulle vinne folkets geh\u00f8r og fortelle folk om noe som det er veldig godt \u00e5 leve med. Jeg visste ikke n\u00e5r og hvordan det skulle hende. Tusenvis av mennesker har lest boken delvis eller fullstendig til \u00e5ret 2005. Noen hundre av dem har pr\u00f8vd \u00e5 bruke mine metoder. Og bare ti av dem har forandret livet sitt skarpt og n\u00e5 vil de aldri vende tilbake til dyrkelse av lidelsene. Jeg er klar over det at boken min kan bli popul\u00e6r bare om et eller to tusen \u00e5r. Inntil da skal bare et f\u00e5tall ha lyst til \u00e5 bli frie vesener. Boken er skrevet akkurat for de som vil reise til lyse sansebildens verden n\u00e5 eller om 20 eller om 2000 \u00e5r.<\/p>\n<p>Enormt tall av n\u00e5tidens folk<b> <\/b>kjenner<b> <\/b>mild skepsis eller sterkt hat, utst\u00f8tt av bokens tilv\u00e6relse. Det er b\u00e5de de, som vil fortsette \u00e5 oppleve negative f\u00f8lelser (jeg gir jo en direkte metode til \u00e5 fjerne dem) og de som stuper inn i de tall\u00f8se dogmer (jeg gir jo en direkte m\u00e5te til \u00e5 feie bort alle dogmer og alt som er ikke basert p\u00e5 en personlig erfaring; en metode for utvikling av fri og klar tenking). Tilhengere av hvilken som helst religion er ogs\u00e5 misforn\u00f8yde (jeg gir jo en metode som f\u00f8rer enhver til lyste opp oppfatninger, uavhengig av religionsinstitusjoner, gudene og andre mellommenn). De som regner seg for ezoteriker<b> <\/b>er vrede p\u00e5 meg<b> <\/b>(alle <b>\u00ab<\/b>ezoteriske<b>\u00bb <\/b>kunnskaper dikterer jo at veien til forlysning er veldig lang og vanskelig og jeg gir en enkel framgangsm\u00e5te som vil f\u00f8re de mest form\u00f8rkete individene til frihet fra lidelser og til begynnelsen av et helt nytt liv bare etter noen \u00e5r av et h\u00e5rdnakket arbeid!). \u201dEzoteriker\u201d er s\u00e6rlig irritert av det at jeg er \u201den oppstart\u201d, at jeg har ingen diplomer. Jeg har ikke sluttet \u201dhemmelige skoler\u201d, jeg ble ikke oppl\u00e6rt av noen, jeg st\u00f8tter seg ikke til autoriteter, jeg henviser seg ikke til de hellige skriftene. Men ikke desto mindre jeg tilbyr en rett vei som f\u00f8rer til en klar bevissthet, som jeg har oppdaget selv etter h\u00e5rdnakket arbeid, inderlig streben etter klarhet og frigj\u00f8relsen fra lidelser. Jeg har ingen<b> <\/b>bevisbyrde<b> <\/b>som bekrefter fullmakten til \u00e5 tilby denne boken, og jeg handler bare p\u00e5 grunn av det glade \u00f8nsket og min egen og andre praktikeres erfaring.<\/p>\n<p>Det har blitt skrevet en god del forskjellige \u201dkloke b\u00f8ker\u201d &#8230; som stiller minst tre sp\u00f8rsm\u00e5l:<\/p>\n<p>1) Hva n\u00f8yaktig skal man gj\u00f8re? Hvordan skal det gj\u00f8res? Hvordan skal sm\u00e5 hindringer ofte i formen av uovervinnelige anst\u00f8tssteiner overvinnes?<\/p>\n<p>2) Om det er gitt et r\u00e5d i boka \u2013 hva og hvordan skal gj\u00f8res s\u00e5 oppst\u00e5r det et annet sp\u00f8rsm\u00e5l: hvorfor er det slik? Hvorfor akkurat dette? Hvorfor skal jeg bli sikker p\u00e5 at den brukte tiden til de ene eller andre handlingene skal sammenlagt gi noe tiltrekkende for meg?<\/p>\n<p>3) Hvordan kan noen forst\u00e5 hva han skal gj\u00f8re videre? Skal man v\u00e6re avhengig av en kilde?<\/p>\n<p>Boken min gir svar p\u00e5 det f\u00f8rste sp\u00f8rsm\u00e5let, og det andre sp\u00f8rsm\u00e5let er ikke aktuelt lenger. For det f\u00f8rste, utf\u00f8ring av anstrengelsen krever ikke suggesjon eller tro, du retter seg bare etter det glade \u00f8nsket som er fulgt av forventning. Slik f\u00e5r du forn\u00f8yelsen av handlingene akkurat n\u00e5, uavhengig av deres resultat. For det annet, resultater av dine anstrengelser er \u00e5penbare med det samme, og du nyter av dem akkurat n\u00e5. Hvis du klarer \u00e5 fjerne de negative f\u00f8lelser akkurat n\u00e5, s\u00e5 akkurat n\u00e5 skal du oppleve lyste opp oppfatninger..<\/p>\n<p>Hvis du arbeider med praksisen min, skal du bli din egen kompass, du skal f\u00e5 full klarhet i metodene, du skal oppleve glade \u00f8nsker og andre lyste opp oppfatninger som f\u00f8rer direkte til tiltrekkende for deg tilstander. Veien min best\u00e5r av\u00a0\u00a0\u00a0\u00a0\u00a0\u00a0\u00a0\u00a0 den direkte fjerningen av lidelsene, og rendyrking av streben etter lyste opp oppfatningene. MAN KAN SLUTTE \u00c5 OPPLEVE NEGATIVE F\u00d8LELSER &#8211; ikke undertrykke, ikke rettferdiggj\u00f8re, ikke \u201dantage dem, som de er\u201d, men akkurat slutte \u00e5 oppleve.<\/p>\n<p>I stedet for \u00e5 fantasere om at i Himalayafjellene under ledelse av en vis l\u00e6rer du kunne ha g\u00e5tt frem p\u00e5 veien til en klar bevissthet, akkurat her og n\u00e5 kan du gj\u00f8re framgang i den uendelige, glade, spennende bevissthetens reise.<\/p>\n<p>Du kan v\u00e6re et veldig form\u00f8rket vesen. Du kan hate, v\u00e6re sjalu, misunne, \u00f8nske d\u00f8d noen, v\u00e6re ut\u00e5lmodig, begj\u00e6rlig \u2013 v\u00e6re hvem som helst! Du vil alltid finne en utvei, hvis du vil oppleve tiltrekkelige for deg fornemmelser og hvis du har et \u00f8nske til \u00e5 gj\u00f8re praktiske skritt. Om du havner i en slik situasjon, s\u00e5 m\u00e5 du ta det konstruktivt. Det spiller ingen rolle hvorfor det er blitt slik. Det er n\u00f8dvendig \u00e5 forst\u00e5 hva skal gj\u00f8res og begynne \u00e5 gj\u00f8re det.<\/p>\n<p>Vesteuropeisk mann er allerede en selvoppofrende forkjemper. Man er klar \u00e5 pantsette hele sitt liv, undertrykke alt levende i seg for \u00e5 f\u00e5 en bil, leilighet, og v\u00e6re \u201dsom alle skikkelige mennesker\u201d. I \u00e5rtier kan man opprettholde sitt ekteskap for anstendighetens skyld. Og for \u00e5 ha en ny, n\u00e5tidig bil og leilighet\u00a0 kan en arbeide i \u00e5rtier hvilel\u00f8st. N\u00e5tidens vesteuropeisk mann er i stand til \u00e5 overvinne. Han er asket, men denne askese er heslig. Man overvinner ikke hindringer i \u00e5 f\u00f8le tiltrekkende f\u00f8lelser, men det motsatte \u2013 han overvinner sine glade \u00f8nsker.<\/p>\n<p>Mennesket av i dag er en asket. Men hensikten av denne selvoppofrelsen er urimelig og p\u00e5tvinget utenfra. Det f\u00f8rer et mennesket til uopph\u00f8rlige lidelser.<\/p>\n<p>Det oppst\u00e5r en spesiell f\u00f8lelse av \u201cgjenkjennelse\u201d av og til, n\u00e5r du liksom ber\u00f8rer noe som du har alltid \u00f8nsket til \u00e5 si til seg selv, noe du har \u00f8nsket \u00e5 tro p\u00e5, noe du f\u00f8ler anspent og grundig sannhet i. Da er det lettere \u00e5 gj\u00f8re en anstrengelse, b\u00e5de krefter og selvsikkerheten dukker opp.<\/p>\n<p>Omverdens press er altfor stor til tider. Av den grunn en kan slutte \u00e5 tro p\u00e5 muligheten av \u00e5 leve og f\u00f8le annerledes, p\u00e5 et ekte liv i det hele tatt. Jeg skriver det for alle som vil forst\u00e5 \u2013 det finnes en mulighet for et sant liv, det er gjennomf\u00f8rlig. Et vanlig menneske med to hender og f\u00f8tter og ett hode lever s\u00e5nt. P\u00e5 denne m\u00e5ten lever andre mennesker som f\u00f8lger min praksis \u2013 alt dette er mulig for alle som inderlig streber etter det samme. Denne boken er et uttrykk av det gladet \u00f8nsket til \u00e5 vise den virkelige og levende eksempel p\u00e5 hvordan man kan leve. Jeg sjenerer seg ikke for \u00e5 peke p\u00e5 seg selv og si \u201dse p\u00e5 meg, jeg lever annerledes, jeg lever s\u00e5nn og du kan gj\u00f8re det samme\u201d. Og alt dette er \u00e5pent for deg \u2013 gi pokker i alt du var innbillet i; i det at du er svak, dum, urett, syndig o.l.; i det at du m\u00e5 gj\u00f8re det og det. Du m\u00e5 v\u00e6re klar over det at du kan utf\u00f8re praksisen som f\u00f8rer til en reise i lyste opp oppfatningers verden.<\/p>\n<p>Denne boken er beregnet p\u00e5 alle som er enig med meg i f\u00f8lgende: uavhengig av veien, frigj\u00f8relse fra de mest vanskelige form\u00f8rkelser (negative emosjoner, mekaniske konsepsjoner, mekaniske \u00f8nsker) vil fremme din framgang p\u00e5 veien du har valgt.<\/p>\n<p>Det allerede kommer fram mennesker som vet \u201cinnenfra\u201d mitt liv, praksis og omgangen med andre praktikanter. Disse mennesker skjeller og smeller meg og praksisen min. De veksler mellom fors\u00f8k p\u00e5 fornuftig kritikk og \u00e5penbar l\u00f8gn. Det skal dukke opp b\u00e5de \u201ceksperter\u201d og kommentatorer av praksisen av den rette veien. De skal sjonglere med fagutrykk, \u201cpresisere\u201d henne, \u201cforbedre\u201d ham, \u201cforklare\u201d og kritisere overlegent. De skal tilby sin hjelp til andre praktikanter. De skal erkl\u00e6re seg for mine elever eller mine praksis-partnere, eller bare praktikanter som forst\u00e5r alt skrevet s\u00e5 bra, at de trenger ingen bekreftelse av deres forst\u00e5else fra meg. Det har kommet fram mennesker som antyder t\u00e5kete p\u00e5 noen personlig konakt med meg.<\/p>\n<p>De erkl\u00e6rer seg for mine tidligere elever eller til \u00e5 med medforfattere. Gjendrivelse av l\u00f8gn er en meningsl\u00f8s besettelse. For det f\u00f8rste, det skal alltid v\u00e6re mer l\u00f8gn enn det er mulig \u00e5 gjendrive. For det annet, jeg vil ikke kaste bort tid p\u00e5 det. De som syns at bokens innhold er aktuell, skal lett vite hvor landet ligger.<\/p>\n<p>Jeg gj\u00f8r mitt beste for \u00e5 forst\u00f8rre antall av praktikanter og praksis-kjennere. Jeg vil dem til \u00e5 opptre som eksperter, r\u00e5dgivere og forbilder foran nybegynnere. N\u00e5 dukker det opp mennesker som kaller seg for \u201cmordi\u201d (snuter). Dette ordet knytter seg til \u00f8mhet og sympati som de f\u00f8ler for dyr. Jeg har en klar rekke av kriterier som brukes for \u00e5 skille mellom \u201cmordi\u201d og \u201cikke-mordi\u201d. Vi er ogs\u00e5 vant til \u00e5 bruke ordet \u201chvost\u201d (hale) for \u00e5 beskrive en person som driver med praksis men har ikke enn\u00e5 oppn\u00e5tt inderlighet, besluttsomhet, iherdighet, klarhet og streben etter LoO.<\/p>\n<p>Tviler du p\u00e5 om personen som konsulterer deg i Den Direkte Veiens Praksis (<b>DVP<\/b>) er virkelig \u201dmorda\u201d eller \u201dhvost\u201d, kan du gjerne ta kontakt med meg via e-post. Du er ogs\u00e5 velkommen til \u00e5 sp\u00f8rre om denne personen er form\u00f8rket p\u00e5 den samme m\u00e5te som du er.<\/p>\n<p>Du vil finne stadig oppdatert kapitler av boken min p\u00e5 nettside <a href=\"http:\/\/www.bodhi.ru\/\">www.bodhi.ru<\/a>. Der finnes det ogs\u00e5 artikler skrevet av andre praktikanter, en bok \u201dMaya\u201d og annet stoff. Nybegynnere kan alltid kommunisere med andre praktikanter ved hjelp av en online konferanse p\u00e5 nettside v\u00e5rt.<\/p>\n<p>F\u00f8rst da jeg har begynt \u00e5 skrive boken var det viktig \u00e5 bruke ord som folk flest var vant til \u00e5 bruke i hverdagsliv. Disse ord uansett om de har noen bestemt mening eller ikke, kunne bringe mine tanker til leseren p\u00e5 den mest klart og kort m\u00e5te. Ideen med alt detter var \u00e5 hindre misf\u00e5rst\u00e5else som kunne ha oppst\u00e5tt hos leseren som har aldri f\u00f8r lest noe liknende. Jeg har regnet med at praksisen selv vil f\u00e5 ham til \u00e5 omtenke sitt liv og rengj\u00f8re sin tenkning. N\u00e5 har m\u00e5ten jeg skriver p\u00e5 blitt skiftet. Dels fordi at den forrige skive-stilen er for komplisert, dels fordi at det blir stadig mer praktikanter og akkurat for dem vil jeg skrive veldig klart. Antall p\u00e5 leserne som \u00f8nsker \u00e5 oppleve kortvarige oppfatninger skal bli stadig mindre etter at boken blir gjort om igjen. Kvaliteten p\u00e5 dem som blir igjen vil derimot forbedres. Det \u00e5 bortkaste oppmerksomhet p\u00e5 de som vil ikke fjerne sine lidelser er ikke noe jeg g\u00e5r med p\u00e5.<\/p>\n<p>Jeg har planlagt \u00e5 skrive noen b\u00f8ker, hvert med sin egen betydning: \u201dVeien til en Klar Bevissthet\u201d skal v\u00e6re en bruksanvisning og oppslagsbok. \u201dMaya\u201d av meg og Skvo skal beskrive praktikernes liv i mer kunstnerisk form. Denne boken er skapt for \u00e5 gi mer oppfatninger enn instruksjoner. Boken \u201dTigers trekk\u201d er tilpasset spesielt for ungdom, men innholdet likner p\u00e5 \u201dMaya\u201d. Det finnes ogs\u00e5 en samling av fortellinger om Seksuelle Emosjoner (<b>SE<\/b>). De som er interrisert i seksuell utvikling og tror at deres seksuelle \u00f8nsker kan hjelpe med \u00e5 forandre seg selv, vil benytte denne samlingen. Samlingen inneholder mange praktiske r\u00e5d om utvikling av seksualitet og fjerning av form\u00f8rkelse knyttet til seksualitet. Boken inneholder ogs\u00e5 massevis av oppfatninger. \u201dSamling av Praktikernes Artikler\u201d er bestemt for mer detaljert beskrivning av spesielle sp\u00f8rsm\u00e5l som mordi ofte st\u00f8ter p\u00e5 under sin praksis. Og s\u00e5 videre. Jeg har planlagt \u00e5 utgi flere b\u00f8ker (mordi liker \u00e5 skrive ogs\u00e5). Enhver bok og verk skal inneholde ulike kapsler med en innpakket \u201dkjerne\u201d av praksis innerst. M\u00e5let med prosjektet er faktisk \u00e5 bygge et helt nytt kultur som vokser seg stor ut av friheten fra NE og konsepsjoner. Den nye kultur skal springe ut av lyste opp oppfatninger og glade \u00f8nsker.<\/p>\n<p>Det har dukket opp en sp\u00f8rsm\u00e5l under bokens redigering \u2013 hvorfor henvender jeg til lesere-mannfolk? Hvorfor skriver jeg \u201dhan \u00f8nsker\u201d istedenfor \u201dhun \u00f8nsker\u201d? Det er alminnelig \u00e5 henvende seg til mannfolk. Derimot det viser seg at mesteparten av virkelig aktive og \u00e6rlige praktikanter av DVP er akkurat kvinner. Jeg har ingen forklaring for dette. Muligens er mannfolkets rolle i samfunn, konsepsjoner og NE mer d\u00f8delige. Mannfolk har en utrolig stor f\u00f8lelse av selvviktighet, aggresjon og nesten stormannsgalskap. Alt dette for\u00e5rsaker i sin tur sl\u00f8vhet. (\u201dDumhet\u201d er frav\u00e6r av ferdigheter i \u00e5ndsarbeid, mens \u201dsl\u00f8vhet\u201d er en manglende evne til logisk og klar tankegang for\u00e5rskaet av negative emosjoner. Derfor er intellektueller ofte overordentlig sl\u00f8ve). Kvinnfolk opplever ofte en f\u00f8lelse av selvmangelfull, selvmedlidenhet og usikkerhet. Det viser seg at disse f\u00f8lelser er mindre d\u00f8delige. P\u00e5 den ene eller andre m\u00e5ten jeg har bestemt \u00e5 henvende seg til kvinnfolk fordi at det er ingen mening i \u00e5 f\u00f8lge den skapte stereotypen. Jeg er klar over at det blir massevis av forakt fra mannfolk fordi at de tror at de er \u201davanserte\u201d og \u201dkloke\u201d. Problemet er at kvinner anses fortsatt som sekund\u00e6re.<\/p>\n","protected":false},"excerpt":{"rendered":"<p>Jeg heter Bodhi. Den her boken er en veiledning. I boka finnes det mange inderlige og instendige metoder som man burde ha fulgt. Hvis man klarer \u00e5 gj\u00f8re slik, s\u00e5 f\u00f8rer disse metodene en til \u00e5 bli fri av lidelser (negative emosjoner, falske oppfatninger, mekaniske \u00f8nsker, ubehagelige fornemmelser). Etter \u00e5 ha lest boka leseren vil [&hellip;]<\/p>\n","protected":false},"author":1,"featured_media":0,"parent":8037,"menu_order":0,"comment_status":"open","ping_status":"closed","template":"","meta":{"_acf_changed":false,"footnotes":""},"class_list":["post-8040","page","type-page","status-publish","hentry"],"acf":[],"yoast_head":"<!-- This site is optimized with the Yoast SEO plugin v27.2 - https:\/\/yoast.com\/product\/yoast-seo-wordpress\/ -->\n<title>Forord - Utvalg av tiltrekkende tilstander<\/title>\n<meta name=\"robots\" content=\"index, follow, max-snippet:-1, max-image-preview:large, max-video-preview:-1\" \/>\n<link rel=\"canonical\" href=\"https:\/\/bodhi.name\/nb\/home\/utvalg-2005-den-direkte-veien-til-en-klar-bevissthet\/forord\/\" \/>\n<meta property=\"og:locale\" content=\"nb_NO\" \/>\n<meta property=\"og:type\" content=\"article\" \/>\n<meta property=\"og:title\" content=\"Forord - Utvalg av tiltrekkende tilstander\" \/>\n<meta property=\"og:description\" content=\"Jeg heter Bodhi. Den her boken er en veiledning. I boka finnes det mange inderlige og instendige metoder som man burde ha fulgt. Hvis man klarer \u00e5 gj\u00f8re slik, s\u00e5 f\u00f8rer disse metodene en til \u00e5 bli fri av lidelser (negative emosjoner, falske oppfatninger, mekaniske \u00f8nsker, ubehagelige fornemmelser). Etter \u00e5 ha lest boka leseren vil [&hellip;]\" \/>\n<meta property=\"og:url\" content=\"https:\/\/bodhi.name\/nb\/home\/utvalg-2005-den-direkte-veien-til-en-klar-bevissthet\/forord\/\" \/>\n<meta property=\"og:site_name\" content=\"Utvalg av tiltrekkende tilstander\" \/>\n<meta name=\"twitter:card\" content=\"summary_large_image\" \/>\n<meta name=\"twitter:label1\" content=\"Ansl. lesetid\" \/>\n\t<meta name=\"twitter:data1\" content=\"12 minutter\" \/>\n<script type=\"application\/ld+json\" class=\"yoast-schema-graph\">{\"@context\":\"https:\/\/schema.org\",\"@graph\":[{\"@type\":\"WebPage\",\"@id\":\"https:\/\/bodhi.name\/nb\/home\/utvalg-2005-den-direkte-veien-til-en-klar-bevissthet\/forord\/\",\"url\":\"https:\/\/bodhi.name\/nb\/home\/utvalg-2005-den-direkte-veien-til-en-klar-bevissthet\/forord\/\",\"name\":\"Forord - Utvalg av tiltrekkende tilstander\",\"isPartOf\":{\"@id\":\"https:\/\/bodhi.name\/ru\/#website\"},\"datePublished\":\"2015-02-11T07:55:41+00:00\",\"breadcrumb\":{\"@id\":\"https:\/\/bodhi.name\/nb\/home\/utvalg-2005-den-direkte-veien-til-en-klar-bevissthet\/forord\/#breadcrumb\"},\"inLanguage\":\"nb-NO\",\"potentialAction\":[{\"@type\":\"ReadAction\",\"target\":[\"https:\/\/bodhi.name\/nb\/home\/utvalg-2005-den-direkte-veien-til-en-klar-bevissthet\/forord\/\"]}]},{\"@type\":\"BreadcrumbList\",\"@id\":\"https:\/\/bodhi.name\/nb\/home\/utvalg-2005-den-direkte-veien-til-en-klar-bevissthet\/forord\/#breadcrumb\",\"itemListElement\":[{\"@type\":\"ListItem\",\"position\":1,\"name\":\"\u0413\u043b\u0430\u0432\u043d\u0430\u044f \u0441\u0442\u0440\u0430\u043d\u0438\u0446\u0430\",\"item\":\"https:\/\/bodhi.name\/nb\/\"},{\"@type\":\"ListItem\",\"position\":2,\"name\":\"\u0413\u043b\u0430\u0432\u043d\u0430\u044f\",\"item\":\"https:\/\/bodhi.name\/nb\/\"},{\"@type\":\"ListItem\",\"position\":3,\"name\":\"Utvalg-2005: \u201cDen direkte veien til en klar bevissthet\u201d\",\"item\":\"https:\/\/bodhi.name\/nb\/home\/utvalg-2005-den-direkte-veien-til-en-klar-bevissthet\/\"},{\"@type\":\"ListItem\",\"position\":4,\"name\":\"Forord\"}]},{\"@type\":\"WebSite\",\"@id\":\"https:\/\/bodhi.name\/ru\/#website\",\"url\":\"https:\/\/bodhi.name\/ru\/\",\"name\":\"Utvalg av tiltrekkende tilstander\",\"description\":\" Eksperimentell psykologi\",\"potentialAction\":[{\"@type\":\"SearchAction\",\"target\":{\"@type\":\"EntryPoint\",\"urlTemplate\":\"https:\/\/bodhi.name\/ru\/?s={search_term_string}\"},\"query-input\":{\"@type\":\"PropertyValueSpecification\",\"valueRequired\":true,\"valueName\":\"search_term_string\"}}],\"inLanguage\":\"nb-NO\"}]}<\/script>\n<!-- \/ Yoast SEO plugin. -->","yoast_head_json":{"title":"Forord - Utvalg av tiltrekkende tilstander","robots":{"index":"index","follow":"follow","max-snippet":"max-snippet:-1","max-image-preview":"max-image-preview:large","max-video-preview":"max-video-preview:-1"},"canonical":"https:\/\/bodhi.name\/nb\/home\/utvalg-2005-den-direkte-veien-til-en-klar-bevissthet\/forord\/","og_locale":"nb_NO","og_type":"article","og_title":"Forord - Utvalg av tiltrekkende tilstander","og_description":"Jeg heter Bodhi. Den her boken er en veiledning. I boka finnes det mange inderlige og instendige metoder som man burde ha fulgt. Hvis man klarer \u00e5 gj\u00f8re slik, s\u00e5 f\u00f8rer disse metodene en til \u00e5 bli fri av lidelser (negative emosjoner, falske oppfatninger, mekaniske \u00f8nsker, ubehagelige fornemmelser). Etter \u00e5 ha lest boka leseren vil [&hellip;]","og_url":"https:\/\/bodhi.name\/nb\/home\/utvalg-2005-den-direkte-veien-til-en-klar-bevissthet\/forord\/","og_site_name":"Utvalg av tiltrekkende tilstander","twitter_card":"summary_large_image","twitter_misc":{"Ansl. lesetid":"12 minutter"},"schema":{"@context":"https:\/\/schema.org","@graph":[{"@type":"WebPage","@id":"https:\/\/bodhi.name\/nb\/home\/utvalg-2005-den-direkte-veien-til-en-klar-bevissthet\/forord\/","url":"https:\/\/bodhi.name\/nb\/home\/utvalg-2005-den-direkte-veien-til-en-klar-bevissthet\/forord\/","name":"Forord - Utvalg av tiltrekkende tilstander","isPartOf":{"@id":"https:\/\/bodhi.name\/ru\/#website"},"datePublished":"2015-02-11T07:55:41+00:00","breadcrumb":{"@id":"https:\/\/bodhi.name\/nb\/home\/utvalg-2005-den-direkte-veien-til-en-klar-bevissthet\/forord\/#breadcrumb"},"inLanguage":"nb-NO","potentialAction":[{"@type":"ReadAction","target":["https:\/\/bodhi.name\/nb\/home\/utvalg-2005-den-direkte-veien-til-en-klar-bevissthet\/forord\/"]}]},{"@type":"BreadcrumbList","@id":"https:\/\/bodhi.name\/nb\/home\/utvalg-2005-den-direkte-veien-til-en-klar-bevissthet\/forord\/#breadcrumb","itemListElement":[{"@type":"ListItem","position":1,"name":"\u0413\u043b\u0430\u0432\u043d\u0430\u044f \u0441\u0442\u0440\u0430\u043d\u0438\u0446\u0430","item":"https:\/\/bodhi.name\/nb\/"},{"@type":"ListItem","position":2,"name":"\u0413\u043b\u0430\u0432\u043d\u0430\u044f","item":"https:\/\/bodhi.name\/nb\/"},{"@type":"ListItem","position":3,"name":"Utvalg-2005: \u201cDen direkte veien til en klar bevissthet\u201d","item":"https:\/\/bodhi.name\/nb\/home\/utvalg-2005-den-direkte-veien-til-en-klar-bevissthet\/"},{"@type":"ListItem","position":4,"name":"Forord"}]},{"@type":"WebSite","@id":"https:\/\/bodhi.name\/ru\/#website","url":"https:\/\/bodhi.name\/ru\/","name":"Utvalg av tiltrekkende tilstander","description":" Eksperimentell psykologi","potentialAction":[{"@type":"SearchAction","target":{"@type":"EntryPoint","urlTemplate":"https:\/\/bodhi.name\/ru\/?s={search_term_string}"},"query-input":{"@type":"PropertyValueSpecification","valueRequired":true,"valueName":"search_term_string"}}],"inLanguage":"nb-NO"}]}},"_links":{"self":[{"href":"https:\/\/bodhi.name\/nb\/wp-json\/wp\/v2\/pages\/8040","targetHints":{"allow":["GET"]}}],"collection":[{"href":"https:\/\/bodhi.name\/nb\/wp-json\/wp\/v2\/pages"}],"about":[{"href":"https:\/\/bodhi.name\/nb\/wp-json\/wp\/v2\/types\/page"}],"author":[{"embeddable":true,"href":"https:\/\/bodhi.name\/nb\/wp-json\/wp\/v2\/users\/1"}],"replies":[{"embeddable":true,"href":"https:\/\/bodhi.name\/nb\/wp-json\/wp\/v2\/comments?post=8040"}],"version-history":[{"count":1,"href":"https:\/\/bodhi.name\/nb\/wp-json\/wp\/v2\/pages\/8040\/revisions"}],"predecessor-version":[{"id":8041,"href":"https:\/\/bodhi.name\/nb\/wp-json\/wp\/v2\/pages\/8040\/revisions\/8041"}],"up":[{"embeddable":true,"href":"https:\/\/bodhi.name\/nb\/wp-json\/wp\/v2\/pages\/8037"}],"wp:attachment":[{"href":"https:\/\/bodhi.name\/nb\/wp-json\/wp\/v2\/media?parent=8040"}],"curies":[{"name":"wp","href":"https:\/\/api.w.org\/{rel}","templated":true}]}}