{"id":5995,"date":"2014-09-25T14:42:16","date_gmt":"2014-09-25T10:42:16","guid":{"rendered":"http:\/\/suri-catt.com\/glavnaya\/"},"modified":"2015-12-18T17:43:03","modified_gmt":"2015-12-18T13:43:03","slug":"home","status":"publish","type":"page","link":"https:\/\/bodhi.name\/lt\/","title":{"rendered":"Prad\u017eia"},"content":{"rendered":"<h4 style=\"text-align: center;\">Ruda\u0161evskij Vsevolod<\/h4>\n<h4 style=\"text-align: center;\">Pilnas ra\u0161t\u0173 rinkinys<\/h4>\n<p>&nbsp;<\/p>\n<p><span style=\"font-size: 16px;\"><strong>Tomas 08. <a href=\"\/Apsakymai\/\">Apsakymai<\/a> <\/strong><a href=\"http:\/\/www.bodhi.name\/pss-for\/lit\/pss-08-lit.zip\">.doc<\/a><\/span><\/p>\n<p><span style=\"font-size: 16px;\"><strong>Tomas 16. <a href=\"\/selekcija-2005-kelias-i-prasvitusia-samone\/\">Selekcija-2005: &#8220;Kelias \u012f pra\u0161vitusi\u0105 s\u0105mon\u0119&#8221;<\/a> <\/strong><a href=\"http:\/\/www.bodhi.name\/pss-for\/lit\/pss-16-lit.zip\">.doc<\/a>\u00a0 <\/span><\/p>\n","protected":false},"excerpt":{"rendered":"<p>Ruda\u0161evskij Vsevolod Pilnas ra\u0161t\u0173 rinkinys &nbsp; Tomas 08. Apsakymai .doc Tomas 16. Selekcija-2005: &#8220;Kelias \u012f pra\u0161vitusi\u0105 s\u0105mon\u0119&#8221; .doc\u00a0<\/p>\n","protected":false},"author":8235,"featured_media":0,"parent":0,"menu_order":0,"comment_status":"open","ping_status":"closed","template":"page-main.php","meta":{"_acf_changed":false,"footnotes":""},"class_list":["post-5995","page","type-page","status-publish","hentry"],"acf":[],"yoast_head":"<!-- This site is optimized with the Yoast SEO plugin v27.2 - https:\/\/yoast.com\/product\/yoast-seo-wordpress\/ -->\n<title>Prad\u017eia - Selection of Attractive States<\/title>\n<meta name=\"robots\" content=\"index, follow, max-snippet:-1, max-image-preview:large, max-video-preview:-1\" \/>\n<link rel=\"canonical\" href=\"https:\/\/bodhi.name\/lt\/\" \/>\n<meta property=\"og:locale\" content=\"lt_LT\" \/>\n<meta property=\"og:type\" content=\"article\" \/>\n<meta property=\"og:title\" content=\"Prad\u017eia - Selection of Attractive States\" \/>\n<meta property=\"og:description\" content=\"Ruda\u0161evskij Vsevolod Pilnas ra\u0161t\u0173 rinkinys &nbsp; Tomas 08. Apsakymai .doc Tomas 16. Selekcija-2005: &#8220;Kelias \u012f pra\u0161vitusi\u0105 s\u0105mon\u0119&#8221; .doc\u00a0\" \/>\n<meta property=\"og:url\" content=\"https:\/\/bodhi.name\/lt\/\" \/>\n<meta property=\"og:site_name\" content=\"Selection of Attractive States\" \/>\n<meta property=\"article:modified_time\" content=\"2015-12-18T13:43:03+00:00\" \/>\n<meta name=\"twitter:card\" content=\"summary_large_image\" \/>\n<script type=\"application\/ld+json\" class=\"yoast-schema-graph\">{\"@context\":\"https:\/\/schema.org\",\"@graph\":[{\"@type\":\"WebPage\",\"@id\":\"https:\/\/bodhi.name\/lt\/\",\"url\":\"https:\/\/bodhi.name\/lt\/\",\"name\":\"Prad\u017eia - Selection of Attractive States\",\"isPartOf\":{\"@id\":\"https:\/\/bodhi.name\/ru\/#website\"},\"datePublished\":\"2014-09-25T10:42:16+00:00\",\"dateModified\":\"2015-12-18T13:43:03+00:00\",\"breadcrumb\":{\"@id\":\"https:\/\/bodhi.name\/lt\/#breadcrumb\"},\"inLanguage\":\"lt\",\"potentialAction\":[{\"@type\":\"ReadAction\",\"target\":[\"https:\/\/bodhi.name\/lt\/\"]}]},{\"@type\":\"BreadcrumbList\",\"@id\":\"https:\/\/bodhi.name\/lt\/#breadcrumb\",\"itemListElement\":[{\"@type\":\"ListItem\",\"position\":1,\"name\":\"\u0413\u043b\u0430\u0432\u043d\u0430\u044f \u0441\u0442\u0440\u0430\u043d\u0438\u0446\u0430\",\"item\":\"https:\/\/bodhi.name\/lt\/\"},{\"@type\":\"ListItem\",\"position\":2,\"name\":\"Prad\u017eia\"}]},{\"@type\":\"WebSite\",\"@id\":\"https:\/\/bodhi.name\/ru\/#website\",\"url\":\"https:\/\/bodhi.name\/ru\/\",\"name\":\"Selection of Attractive States\",\"description\":\"Experimental Psychology\",\"potentialAction\":[{\"@type\":\"SearchAction\",\"target\":{\"@type\":\"EntryPoint\",\"urlTemplate\":\"https:\/\/bodhi.name\/ru\/?s={search_term_string}\"},\"query-input\":{\"@type\":\"PropertyValueSpecification\",\"valueRequired\":true,\"valueName\":\"search_term_string\"}}],\"inLanguage\":\"lt\"}]}<\/script>\n<!-- \/ Yoast SEO plugin. -->","yoast_head_json":{"title":"Prad\u017eia - Selection of Attractive States","robots":{"index":"index","follow":"follow","max-snippet":"max-snippet:-1","max-image-preview":"max-image-preview:large","max-video-preview":"max-video-preview:-1"},"canonical":"https:\/\/bodhi.name\/lt\/","og_locale":"lt_LT","og_type":"article","og_title":"Prad\u017eia - Selection of Attractive States","og_description":"Ruda\u0161evskij Vsevolod Pilnas ra\u0161t\u0173 rinkinys &nbsp; Tomas 08. Apsakymai .doc Tomas 16. Selekcija-2005: &#8220;Kelias \u012f pra\u0161vitusi\u0105 s\u0105mon\u0119&#8221; .doc\u00a0","og_url":"https:\/\/bodhi.name\/lt\/","og_site_name":"Selection of Attractive States","article_modified_time":"2015-12-18T13:43:03+00:00","twitter_card":"summary_large_image","schema":{"@context":"https:\/\/schema.org","@graph":[{"@type":"WebPage","@id":"https:\/\/bodhi.name\/lt\/","url":"https:\/\/bodhi.name\/lt\/","name":"Prad\u017eia - Selection of Attractive States","isPartOf":{"@id":"https:\/\/bodhi.name\/ru\/#website"},"datePublished":"2014-09-25T10:42:16+00:00","dateModified":"2015-12-18T13:43:03+00:00","breadcrumb":{"@id":"https:\/\/bodhi.name\/lt\/#breadcrumb"},"inLanguage":"lt","potentialAction":[{"@type":"ReadAction","target":["https:\/\/bodhi.name\/lt\/"]}]},{"@type":"BreadcrumbList","@id":"https:\/\/bodhi.name\/lt\/#breadcrumb","itemListElement":[{"@type":"ListItem","position":1,"name":"\u0413\u043b\u0430\u0432\u043d\u0430\u044f \u0441\u0442\u0440\u0430\u043d\u0438\u0446\u0430","item":"https:\/\/bodhi.name\/lt\/"},{"@type":"ListItem","position":2,"name":"Prad\u017eia"}]},{"@type":"WebSite","@id":"https:\/\/bodhi.name\/ru\/#website","url":"https:\/\/bodhi.name\/ru\/","name":"Selection of Attractive States","description":"Experimental Psychology","potentialAction":[{"@type":"SearchAction","target":{"@type":"EntryPoint","urlTemplate":"https:\/\/bodhi.name\/ru\/?s={search_term_string}"},"query-input":{"@type":"PropertyValueSpecification","valueRequired":true,"valueName":"search_term_string"}}],"inLanguage":"lt"}]}},"_links":{"self":[{"href":"https:\/\/bodhi.name\/lt\/wp-json\/wp\/v2\/pages\/5995","targetHints":{"allow":["GET"]}}],"collection":[{"href":"https:\/\/bodhi.name\/lt\/wp-json\/wp\/v2\/pages"}],"about":[{"href":"https:\/\/bodhi.name\/lt\/wp-json\/wp\/v2\/types\/page"}],"author":[{"embeddable":true,"href":"https:\/\/bodhi.name\/lt\/wp-json\/wp\/v2\/users\/8235"}],"replies":[{"embeddable":true,"href":"https:\/\/bodhi.name\/lt\/wp-json\/wp\/v2\/comments?post=5995"}],"version-history":[{"count":40,"href":"https:\/\/bodhi.name\/lt\/wp-json\/wp\/v2\/pages\/5995\/revisions"}],"predecessor-version":[{"id":13789,"href":"https:\/\/bodhi.name\/lt\/wp-json\/wp\/v2\/pages\/5995\/revisions\/13789"}],"wp:attachment":[{"href":"https:\/\/bodhi.name\/lt\/wp-json\/wp\/v2\/media?parent=5995"}],"curies":[{"name":"wp","href":"https:\/\/api.w.org\/{rel}","templated":true}]}}