{"id":13137,"date":"2015-11-02T12:11:06","date_gmt":"2015-11-02T08:11:06","guid":{"rendered":"http:\/\/bodhi.name\/lt\/?page_id=13137"},"modified":"2015-11-02T12:11:06","modified_gmt":"2015-11-02T08:11:06","slug":"kelias-link-nepertraukiamu-nss","status":"publish","type":"page","link":"https:\/\/bodhi.name\/lt\/home\/selekcija-2005-kelias-i-prasvitusia-samone\/kelias-link-nepertraukiamu-nss\/","title":{"rendered":"Kelias link nepertraukiam\u0173 N\u0161S"},"content":{"rendered":"","protected":false},"excerpt":{"rendered":"","protected":false},"author":4,"featured_media":0,"parent":12327,"menu_order":0,"comment_status":"open","ping_status":"closed","template":"page-with-subsections.php","meta":{"_acf_changed":false,"footnotes":""},"class_list":["post-13137","page","type-page","status-publish","hentry"],"acf":[],"yoast_head":"<!-- This site is optimized with the Yoast SEO plugin v27.2 - https:\/\/yoast.com\/product\/yoast-seo-wordpress\/ -->\n<title>Kelias link nepertraukiam\u0173 N\u0161S - Selection of Attractive States<\/title>\n<meta name=\"robots\" content=\"index, follow, max-snippet:-1, max-image-preview:large, max-video-preview:-1\" \/>\n<link rel=\"canonical\" href=\"https:\/\/bodhi.name\/lt\/home\/selekcija-2005-kelias-i-prasvitusia-samone\/kelias-link-nepertraukiamu-nss\/\" \/>\n<meta property=\"og:locale\" content=\"lt_LT\" \/>\n<meta property=\"og:type\" content=\"article\" \/>\n<meta property=\"og:title\" content=\"Kelias link nepertraukiam\u0173 N\u0161S - Selection of Attractive States\" \/>\n<meta property=\"og:url\" content=\"https:\/\/bodhi.name\/lt\/home\/selekcija-2005-kelias-i-prasvitusia-samone\/kelias-link-nepertraukiamu-nss\/\" \/>\n<meta property=\"og:site_name\" content=\"Selection of Attractive States\" \/>\n<meta name=\"twitter:card\" content=\"summary_large_image\" \/>\n<script type=\"application\/ld+json\" class=\"yoast-schema-graph\">{\"@context\":\"https:\/\/schema.org\",\"@graph\":[{\"@type\":\"WebPage\",\"@id\":\"https:\/\/bodhi.name\/lt\/home\/selekcija-2005-kelias-i-prasvitusia-samone\/kelias-link-nepertraukiamu-nss\/\",\"url\":\"https:\/\/bodhi.name\/lt\/home\/selekcija-2005-kelias-i-prasvitusia-samone\/kelias-link-nepertraukiamu-nss\/\",\"name\":\"Kelias link nepertraukiam\u0173 N\u0161S - Selection of Attractive States\",\"isPartOf\":{\"@id\":\"https:\/\/bodhi.name\/ru\/#website\"},\"datePublished\":\"2015-11-02T08:11:06+00:00\",\"breadcrumb\":{\"@id\":\"https:\/\/bodhi.name\/lt\/home\/selekcija-2005-kelias-i-prasvitusia-samone\/kelias-link-nepertraukiamu-nss\/#breadcrumb\"},\"inLanguage\":\"lt\",\"potentialAction\":[{\"@type\":\"ReadAction\",\"target\":[\"https:\/\/bodhi.name\/lt\/home\/selekcija-2005-kelias-i-prasvitusia-samone\/kelias-link-nepertraukiamu-nss\/\"]}]},{\"@type\":\"BreadcrumbList\",\"@id\":\"https:\/\/bodhi.name\/lt\/home\/selekcija-2005-kelias-i-prasvitusia-samone\/kelias-link-nepertraukiamu-nss\/#breadcrumb\",\"itemListElement\":[{\"@type\":\"ListItem\",\"position\":1,\"name\":\"\u0413\u043b\u0430\u0432\u043d\u0430\u044f \u0441\u0442\u0440\u0430\u043d\u0438\u0446\u0430\",\"item\":\"https:\/\/bodhi.name\/lt\/\"},{\"@type\":\"ListItem\",\"position\":2,\"name\":\"Prad\u017eia\",\"item\":\"https:\/\/bodhi.name\/lt\/\"},{\"@type\":\"ListItem\",\"position\":3,\"name\":\"Selekcija-2005: &#8220;Kelias \u012f pra\u0161vitusi\u0105 s\u0105mon\u0119&#8221;\",\"item\":\"https:\/\/bodhi.name\/lt\/home\/selekcija-2005-kelias-i-prasvitusia-samone\/\"},{\"@type\":\"ListItem\",\"position\":4,\"name\":\"Kelias link nepertraukiam\u0173 N\u0161S\"}]},{\"@type\":\"WebSite\",\"@id\":\"https:\/\/bodhi.name\/ru\/#website\",\"url\":\"https:\/\/bodhi.name\/ru\/\",\"name\":\"Selection of Attractive States\",\"description\":\"Experimental Psychology\",\"potentialAction\":[{\"@type\":\"SearchAction\",\"target\":{\"@type\":\"EntryPoint\",\"urlTemplate\":\"https:\/\/bodhi.name\/ru\/?s={search_term_string}\"},\"query-input\":{\"@type\":\"PropertyValueSpecification\",\"valueRequired\":true,\"valueName\":\"search_term_string\"}}],\"inLanguage\":\"lt\"}]}<\/script>\n<!-- \/ Yoast SEO plugin. -->","yoast_head_json":{"title":"Kelias link nepertraukiam\u0173 N\u0161S - Selection of Attractive States","robots":{"index":"index","follow":"follow","max-snippet":"max-snippet:-1","max-image-preview":"max-image-preview:large","max-video-preview":"max-video-preview:-1"},"canonical":"https:\/\/bodhi.name\/lt\/home\/selekcija-2005-kelias-i-prasvitusia-samone\/kelias-link-nepertraukiamu-nss\/","og_locale":"lt_LT","og_type":"article","og_title":"Kelias link nepertraukiam\u0173 N\u0161S - Selection of Attractive States","og_url":"https:\/\/bodhi.name\/lt\/home\/selekcija-2005-kelias-i-prasvitusia-samone\/kelias-link-nepertraukiamu-nss\/","og_site_name":"Selection of Attractive States","twitter_card":"summary_large_image","schema":{"@context":"https:\/\/schema.org","@graph":[{"@type":"WebPage","@id":"https:\/\/bodhi.name\/lt\/home\/selekcija-2005-kelias-i-prasvitusia-samone\/kelias-link-nepertraukiamu-nss\/","url":"https:\/\/bodhi.name\/lt\/home\/selekcija-2005-kelias-i-prasvitusia-samone\/kelias-link-nepertraukiamu-nss\/","name":"Kelias link nepertraukiam\u0173 N\u0161S - Selection of Attractive States","isPartOf":{"@id":"https:\/\/bodhi.name\/ru\/#website"},"datePublished":"2015-11-02T08:11:06+00:00","breadcrumb":{"@id":"https:\/\/bodhi.name\/lt\/home\/selekcija-2005-kelias-i-prasvitusia-samone\/kelias-link-nepertraukiamu-nss\/#breadcrumb"},"inLanguage":"lt","potentialAction":[{"@type":"ReadAction","target":["https:\/\/bodhi.name\/lt\/home\/selekcija-2005-kelias-i-prasvitusia-samone\/kelias-link-nepertraukiamu-nss\/"]}]},{"@type":"BreadcrumbList","@id":"https:\/\/bodhi.name\/lt\/home\/selekcija-2005-kelias-i-prasvitusia-samone\/kelias-link-nepertraukiamu-nss\/#breadcrumb","itemListElement":[{"@type":"ListItem","position":1,"name":"\u0413\u043b\u0430\u0432\u043d\u0430\u044f \u0441\u0442\u0440\u0430\u043d\u0438\u0446\u0430","item":"https:\/\/bodhi.name\/lt\/"},{"@type":"ListItem","position":2,"name":"Prad\u017eia","item":"https:\/\/bodhi.name\/lt\/"},{"@type":"ListItem","position":3,"name":"Selekcija-2005: &#8220;Kelias \u012f pra\u0161vitusi\u0105 s\u0105mon\u0119&#8221;","item":"https:\/\/bodhi.name\/lt\/home\/selekcija-2005-kelias-i-prasvitusia-samone\/"},{"@type":"ListItem","position":4,"name":"Kelias link nepertraukiam\u0173 N\u0161S"}]},{"@type":"WebSite","@id":"https:\/\/bodhi.name\/ru\/#website","url":"https:\/\/bodhi.name\/ru\/","name":"Selection of Attractive States","description":"Experimental Psychology","potentialAction":[{"@type":"SearchAction","target":{"@type":"EntryPoint","urlTemplate":"https:\/\/bodhi.name\/ru\/?s={search_term_string}"},"query-input":{"@type":"PropertyValueSpecification","valueRequired":true,"valueName":"search_term_string"}}],"inLanguage":"lt"}]}},"_links":{"self":[{"href":"https:\/\/bodhi.name\/lt\/wp-json\/wp\/v2\/pages\/13137","targetHints":{"allow":["GET"]}}],"collection":[{"href":"https:\/\/bodhi.name\/lt\/wp-json\/wp\/v2\/pages"}],"about":[{"href":"https:\/\/bodhi.name\/lt\/wp-json\/wp\/v2\/types\/page"}],"author":[{"embeddable":true,"href":"https:\/\/bodhi.name\/lt\/wp-json\/wp\/v2\/users\/4"}],"replies":[{"embeddable":true,"href":"https:\/\/bodhi.name\/lt\/wp-json\/wp\/v2\/comments?post=13137"}],"version-history":[{"count":1,"href":"https:\/\/bodhi.name\/lt\/wp-json\/wp\/v2\/pages\/13137\/revisions"}],"predecessor-version":[{"id":13138,"href":"https:\/\/bodhi.name\/lt\/wp-json\/wp\/v2\/pages\/13137\/revisions\/13138"}],"up":[{"embeddable":true,"href":"https:\/\/bodhi.name\/lt\/wp-json\/wp\/v2\/pages\/12327"}],"wp:attachment":[{"href":"https:\/\/bodhi.name\/lt\/wp-json\/wp\/v2\/media?parent=13137"}],"curies":[{"name":"wp","href":"https:\/\/api.w.org\/{rel}","templated":true}]}}