{"id":12327,"date":"2015-07-16T22:30:43","date_gmt":"2015-07-16T18:30:43","guid":{"rendered":"http:\/\/bodhi.name\/?page_id=12327"},"modified":"2015-12-18T17:45:16","modified_gmt":"2015-12-18T13:45:16","slug":"selekcija-2005-kelias-i-prasvitusia-samone","status":"publish","type":"page","link":"https:\/\/bodhi.name\/lt\/home\/selekcija-2005-kelias-i-prasvitusia-samone\/","title":{"rendered":"Selekcija-2005: &#8220;Kelias \u012f pra\u0161vitusi\u0105 s\u0105mon\u0119&#8221;"},"content":{"rendered":"","protected":false},"excerpt":{"rendered":"","protected":false},"author":4,"featured_media":0,"parent":5995,"menu_order":0,"comment_status":"open","ping_status":"closed","template":"content-inner.php","meta":{"_acf_changed":false,"footnotes":""},"class_list":["post-12327","page","type-page","status-publish","hentry"],"acf":[],"yoast_head":"<!-- This site is optimized with the Yoast SEO plugin v27.2 - https:\/\/yoast.com\/product\/yoast-seo-wordpress\/ -->\n<title>Selekcija-2005: &quot;Kelias \u012f pra\u0161vitusi\u0105 s\u0105mon\u0119&quot; - Selection of Attractive States<\/title>\n<meta name=\"robots\" content=\"index, follow, max-snippet:-1, max-image-preview:large, max-video-preview:-1\" \/>\n<link rel=\"canonical\" href=\"https:\/\/bodhi.name\/lt\/home\/selekcija-2005-kelias-i-prasvitusia-samone\/\" \/>\n<meta property=\"og:locale\" content=\"lt_LT\" \/>\n<meta property=\"og:type\" content=\"article\" \/>\n<meta property=\"og:title\" content=\"Selekcija-2005: &quot;Kelias \u012f pra\u0161vitusi\u0105 s\u0105mon\u0119&quot; - Selection of Attractive States\" \/>\n<meta property=\"og:url\" content=\"https:\/\/bodhi.name\/lt\/home\/selekcija-2005-kelias-i-prasvitusia-samone\/\" \/>\n<meta property=\"og:site_name\" content=\"Selection of Attractive States\" \/>\n<meta property=\"article:modified_time\" content=\"2015-12-18T13:45:16+00:00\" \/>\n<meta name=\"twitter:card\" content=\"summary_large_image\" \/>\n<script type=\"application\/ld+json\" class=\"yoast-schema-graph\">{\"@context\":\"https:\/\/schema.org\",\"@graph\":[{\"@type\":\"WebPage\",\"@id\":\"https:\/\/bodhi.name\/lt\/home\/selekcija-2005-kelias-i-prasvitusia-samone\/\",\"url\":\"https:\/\/bodhi.name\/lt\/home\/selekcija-2005-kelias-i-prasvitusia-samone\/\",\"name\":\"Selekcija-2005: \\\"Kelias \u012f pra\u0161vitusi\u0105 s\u0105mon\u0119\\\" - Selection of Attractive States\",\"isPartOf\":{\"@id\":\"https:\/\/bodhi.name\/ru\/#website\"},\"datePublished\":\"2015-07-16T18:30:43+00:00\",\"dateModified\":\"2015-12-18T13:45:16+00:00\",\"breadcrumb\":{\"@id\":\"https:\/\/bodhi.name\/lt\/home\/selekcija-2005-kelias-i-prasvitusia-samone\/#breadcrumb\"},\"inLanguage\":\"lt\",\"potentialAction\":[{\"@type\":\"ReadAction\",\"target\":[\"https:\/\/bodhi.name\/lt\/home\/selekcija-2005-kelias-i-prasvitusia-samone\/\"]}]},{\"@type\":\"BreadcrumbList\",\"@id\":\"https:\/\/bodhi.name\/lt\/home\/selekcija-2005-kelias-i-prasvitusia-samone\/#breadcrumb\",\"itemListElement\":[{\"@type\":\"ListItem\",\"position\":1,\"name\":\"\u0413\u043b\u0430\u0432\u043d\u0430\u044f \u0441\u0442\u0440\u0430\u043d\u0438\u0446\u0430\",\"item\":\"https:\/\/bodhi.name\/lt\/\"},{\"@type\":\"ListItem\",\"position\":2,\"name\":\"Prad\u017eia\",\"item\":\"https:\/\/bodhi.name\/lt\/\"},{\"@type\":\"ListItem\",\"position\":3,\"name\":\"Selekcija-2005: &#8220;Kelias \u012f pra\u0161vitusi\u0105 s\u0105mon\u0119&#8221;\"}]},{\"@type\":\"WebSite\",\"@id\":\"https:\/\/bodhi.name\/ru\/#website\",\"url\":\"https:\/\/bodhi.name\/ru\/\",\"name\":\"Selection of Attractive States\",\"description\":\"Experimental Psychology\",\"potentialAction\":[{\"@type\":\"SearchAction\",\"target\":{\"@type\":\"EntryPoint\",\"urlTemplate\":\"https:\/\/bodhi.name\/ru\/?s={search_term_string}\"},\"query-input\":{\"@type\":\"PropertyValueSpecification\",\"valueRequired\":true,\"valueName\":\"search_term_string\"}}],\"inLanguage\":\"lt\"}]}<\/script>\n<!-- \/ Yoast SEO plugin. -->","yoast_head_json":{"title":"Selekcija-2005: \"Kelias \u012f pra\u0161vitusi\u0105 s\u0105mon\u0119\" - Selection of Attractive States","robots":{"index":"index","follow":"follow","max-snippet":"max-snippet:-1","max-image-preview":"max-image-preview:large","max-video-preview":"max-video-preview:-1"},"canonical":"https:\/\/bodhi.name\/lt\/home\/selekcija-2005-kelias-i-prasvitusia-samone\/","og_locale":"lt_LT","og_type":"article","og_title":"Selekcija-2005: \"Kelias \u012f pra\u0161vitusi\u0105 s\u0105mon\u0119\" - Selection of Attractive States","og_url":"https:\/\/bodhi.name\/lt\/home\/selekcija-2005-kelias-i-prasvitusia-samone\/","og_site_name":"Selection of Attractive States","article_modified_time":"2015-12-18T13:45:16+00:00","twitter_card":"summary_large_image","schema":{"@context":"https:\/\/schema.org","@graph":[{"@type":"WebPage","@id":"https:\/\/bodhi.name\/lt\/home\/selekcija-2005-kelias-i-prasvitusia-samone\/","url":"https:\/\/bodhi.name\/lt\/home\/selekcija-2005-kelias-i-prasvitusia-samone\/","name":"Selekcija-2005: \"Kelias \u012f pra\u0161vitusi\u0105 s\u0105mon\u0119\" - Selection of Attractive States","isPartOf":{"@id":"https:\/\/bodhi.name\/ru\/#website"},"datePublished":"2015-07-16T18:30:43+00:00","dateModified":"2015-12-18T13:45:16+00:00","breadcrumb":{"@id":"https:\/\/bodhi.name\/lt\/home\/selekcija-2005-kelias-i-prasvitusia-samone\/#breadcrumb"},"inLanguage":"lt","potentialAction":[{"@type":"ReadAction","target":["https:\/\/bodhi.name\/lt\/home\/selekcija-2005-kelias-i-prasvitusia-samone\/"]}]},{"@type":"BreadcrumbList","@id":"https:\/\/bodhi.name\/lt\/home\/selekcija-2005-kelias-i-prasvitusia-samone\/#breadcrumb","itemListElement":[{"@type":"ListItem","position":1,"name":"\u0413\u043b\u0430\u0432\u043d\u0430\u044f \u0441\u0442\u0440\u0430\u043d\u0438\u0446\u0430","item":"https:\/\/bodhi.name\/lt\/"},{"@type":"ListItem","position":2,"name":"Prad\u017eia","item":"https:\/\/bodhi.name\/lt\/"},{"@type":"ListItem","position":3,"name":"Selekcija-2005: &#8220;Kelias \u012f pra\u0161vitusi\u0105 s\u0105mon\u0119&#8221;"}]},{"@type":"WebSite","@id":"https:\/\/bodhi.name\/ru\/#website","url":"https:\/\/bodhi.name\/ru\/","name":"Selection of Attractive States","description":"Experimental Psychology","potentialAction":[{"@type":"SearchAction","target":{"@type":"EntryPoint","urlTemplate":"https:\/\/bodhi.name\/ru\/?s={search_term_string}"},"query-input":{"@type":"PropertyValueSpecification","valueRequired":true,"valueName":"search_term_string"}}],"inLanguage":"lt"}]}},"_links":{"self":[{"href":"https:\/\/bodhi.name\/lt\/wp-json\/wp\/v2\/pages\/12327","targetHints":{"allow":["GET"]}}],"collection":[{"href":"https:\/\/bodhi.name\/lt\/wp-json\/wp\/v2\/pages"}],"about":[{"href":"https:\/\/bodhi.name\/lt\/wp-json\/wp\/v2\/types\/page"}],"author":[{"embeddable":true,"href":"https:\/\/bodhi.name\/lt\/wp-json\/wp\/v2\/users\/4"}],"replies":[{"embeddable":true,"href":"https:\/\/bodhi.name\/lt\/wp-json\/wp\/v2\/comments?post=12327"}],"version-history":[{"count":2,"href":"https:\/\/bodhi.name\/lt\/wp-json\/wp\/v2\/pages\/12327\/revisions"}],"predecessor-version":[{"id":13791,"href":"https:\/\/bodhi.name\/lt\/wp-json\/wp\/v2\/pages\/12327\/revisions\/13791"}],"up":[{"embeddable":true,"href":"https:\/\/bodhi.name\/lt\/wp-json\/wp\/v2\/pages\/5995"}],"wp:attachment":[{"href":"https:\/\/bodhi.name\/lt\/wp-json\/wp\/v2\/media?parent=12327"}],"curies":[{"name":"wp","href":"https:\/\/api.w.org\/{rel}","templated":true}]}}