{"id":9636,"date":"2015-03-20T20:26:54","date_gmt":"2015-03-20T16:26:54","guid":{"rendered":"http:\/\/bodhi.name\/?page_id=9636"},"modified":"2015-03-20T20:36:08","modified_gmt":"2015-03-20T16:36:08","slug":"lairelle-est-une-baie-delicieuse","status":"publish","type":"page","link":"https:\/\/bodhi.name\/fr\/home\/histoires\/lairelle-est-une-baie-delicieuse\/","title":{"rendered":"L\u2019airelle est une baie d\u00e9licieuse\u00a0"},"content":{"rendered":"<p>1. Ils se sont trouv\u00e9s, parmi les poussi\u00e8res de la route, dans les tourbillons de soucis de chacun, des inspirations et le quotidien, ils se sont trouv\u00e9s. Et c\u2019\u00e9tait du bonheur. Ont lou\u00e9 un appartement, le travail ne causait pas trop de probl\u00e8mes \u2013 ils avaient du temps, de l\u2019amour, un sentiment tout simple du monde tournant dans la bonne direction. Ils ont lou\u00e9 un deux pi\u00e8ces, ont d\u00e9charg\u00e9 les affaires dans la premi\u00e8re \u2013 la plus petite des deux &#8211; et se sont install\u00e9 dans la grande en attendant. Ils voulaient arranger la petite pi\u00e8ce quelque part diff\u00e9remment \u2013 sans meubles, un tapis aux poils longs sur le sol, beaucoup de plantes, d\u2019air et de lumi\u00e8re, il fallait juste trier d\u2019abord tout le d\u00e9bris.<\/p>\n<p>Un mois plus tard. La pi\u00e8ce restait toujours non rang\u00e9e &#8211; des soucis par ci par l\u00e0, vous savez \u2013 l\u2019ordre c\u2019est quand tout est propre, et si l\u2019on range par des bribes, on a travaill\u00e9, mais \u00e7a ne se voit pas, alors ils attendaient le moment o\u00f9 ils auraient assez de forces pour inspirer le plus d\u2019air possible et faire tout en une fois.<\/p>\n<p>Encore un mois est pass\u00e9. La pi\u00e8ce s\u2019est transform\u00e9e en un point autour duquel de nombreuses gaffes se faisaient, ils aimaient se moquer d\u2019eux-m\u00eames et continuaient \u00e0 faire des projets en se disant comment ce serait chouette une foie tout est rang\u00e9. Une sorte de folklore de chambre, de famille s\u2019est fa\u00e7onn\u00e9 chez eux o\u00f9 la pi\u00e8ce jouait le r\u00f4le d\u2019une pierre d\u2019achoppement \u2013 c\u2019\u00e9tait \u00e0 la fois marrant et promettant. Finalement, le Jour est arriv\u00e9, ils se sont lev\u00e9s t\u00f4t le matin et commenc\u00e9 \u00e0 ranger. Mon Dieu, combien de salet\u00e9 et de poussi\u00e8re a \u00e9t\u00e9 enlev\u00e9s, des livres innombrables\u2026 Le soir, \u00e0 la cuisine ils \u00e9taient fatigu\u00e9s mais contents. Il l\u2019a prise dans ses bras, elle riait. En passant \u00e0 c\u00f4t\u00e9 ils se sont fait plaisir \u00e0 y jeter encore un coup d\u2019\u0153il. La pi\u00e8ce rayonnait. Un tapis aux poils longs couvrait le sol. Un palmier splendide dans un coin. Des lampes sympas, un fauteuil confortable \u2013 en y entrant un bien-\u00eatre doux et d\u00e9sinvolte se fait ressentir, celui de l\u2019esprit et du corps, rien de superflu, beaucoup d\u2019espace libre \u2013 beaucoup d\u2019espace dans la t\u00eate. Ils \u00e9taient debout, pieds nus, au milieu de la pi\u00e8ce, ils s\u2019embrassaient, et \u00e0 cet instant l\u00e0 ils ont ressenti qu\u2019ils n\u2019avaient plus rien en commun, que \u00e7a se trouve que cette id\u00e9e a \u00e9t\u00e9 un seul pont entre eux, et maintenant le pont s\u2019est \u00e9croul\u00e9 en laissant rien \u00e0 sa place de mani\u00e8re tout \u00e0 fait inattendue. Ils ont rest\u00e9 encore une vingtaine de minutes comme \u00e7a, il n\u2019y avait plus rien \u00e0 se dire, m\u00eame les conversations semblaient perdre tout sens. Le lendemain ils se sont s\u00e9par\u00e9s pour de bon.<\/p>\n<p>&nbsp;<br \/>\n2. C\u2019\u00e9tait une farce parfaite. Vous devez la conna\u00eetre \u2013 on s\u2019approche d\u2019une fille pour lui dire\u00a0: \u00abJe t\u2019aime, j\u2019aime\u2026\u00bb, et apr\u00e8s une pause, chacun arrive \u00e0 la tenir plus ou moins longtemps, avant que les copains de classe explosent de rire, et que la fille en question ait assez de temps pour rougir et se sentir mal \u00e0 l\u2019aise, on rajout\u00a0: \u00ab\u2026te chasser dans le couloir avec un balaye\u00bb. Tout le monde conna\u00eet cette blague, mais \u00e0 chaque fois elle n\u2019en est pas moins rigolote. Lorsqu\u2019une nouvelle fille a apparu dans la classe, il savait pertinemment qu\u2019il allait la lui faire.<\/p>\n<p>Apr\u00e8s avoir mis les affaires dans le cartable avec un air tr\u00e8s concentr\u00e9 elle s\u2019est dirig\u00e9e vers la sortie. Il lui a barr\u00e9 la route. Elle l\u2019a l\u00e9g\u00e8rement bascul\u00e9 avec son \u00e9paule et, \u00e9tonn\u00e9e par sa rigidit\u00e9, s\u2019est appuy\u00e9 maladroitement sur la table. Il la d\u00e9visageait. Tout le monde semblait avoir compris la com\u00e9die imminente, et en pressentant la rigolade g\u00e9n\u00e9rale, il a prononc\u00e9 fermement: \u00abJe t\u2019aime. J\u2019aime\u2026\u00bb, et s\u2019est mis \u00e0 tenir la pause. Il savait \u2013 la plus longue est la pause, le mieux mis\u00e9 est le coup. En jetant des regards sur les c\u00f4t\u00e9s il voyait toute la classe se pr\u00e9parer \u00e0 se fendre du rire permettant de se d\u00e9barrasser du stress du cours pass\u00e9. Elle n\u2019a pas rougi, la pause se prolongeait. Elle restait \u00e0 le regarder tout simplement \u2013 quelque part au fond de lui \u2013 dans la profondeur m\u00eame de son \u00eatre\u2026<\/p>\n<p>Ils marchaient dans la rue, il y avait beaucoup de lumi\u00e8re, les flaques d\u2019eau se r\u00e9duisaient sous le soleil.<\/p>\n<p>&nbsp;<br \/>\n3. Il est entr\u00e9 la ville un matin. Quelqu\u2019un y verrait un symbole quelconque, l\u2019autre &#8211; pas. Moi personnellement, je pr\u00e9f\u00e8re voir les choses simplement \u2013 il y est entr\u00e9, point. Le soleil a d\u00e9j\u00e0 apparu et l\u2019asphalte dans les rues \u00e9troites \u00e9tait l\u00e9g\u00e8rement chaud. Cette chaleur ne chauffait pas, mais plut\u00f4t promettait de le faire. Cette promesse \u00e9tait agr\u00e9able pour lui. Je le comprends \u2013 une promesse est toujours plus fra\u00eeche et poignante que n\u2019importe quelle certitude, si seulement cette certitude n\u2019est pas celle qui est vide \u00e0 la base, susceptible de tout engloutir \u00e0 n\u2019importe quel moment. Il croisait des gens, bien s\u00fbr \u2013 avez-vous vu une ville sans personne \u2013 leurs visages \u00e9taient comme dans des nuages, des nuages tout l\u00e9gers, qui cachaient les traits de visage chez certains, et chez les autres les visages ne se voyaient pas du tout. Peut-\u00eatre n\u2019\u00e9tait-ce que des exhalations perc\u00e9es par les rayons de soleil qui donnait un effet si myst\u00e9rieux. Il marchait sans aucun but \u2013 il venait de na\u00eetre, alors il n\u2019avait pas encore de but.<\/p>\n<p>Parfois tant\u00f4t une fa\u00e7ade d\u2019une maison, tant\u00f4t des bribes indistinctes de conversation lui apportaient quelque chose plus important qu\u2019une simple impression &#8211; cela pourrait s\u2019appeler un souvenir, mais \u00e7a n\u2019en \u00e9tait certainement pas un, puisqu\u2019il venait de na\u00eetre, et il n\u2019avait rien \u00e0 s\u2019en souvenir. Quand la mer l\u2019a laiss\u00e9 sur le rivage, quand les arbres se sont pench\u00e9s pour le laisser descendre doucement de leurs ramures sur la terre, l\u2019herbe l\u2019a laiss\u00e9 passer et le chemin est devenu clair et c\u2019\u00e9tait tout simple. Lorsqu\u2019il n\u2019y avait plus d\u2019herbe, la poussi\u00e8re sur le chemin s\u2019est \u00e9tal\u00e9e devant lui et le chemin restait aussi clair. Aucune pens\u00e9e ne venait pas \u00e0 l\u2019int\u00e9rieur &#8211; il n\u2019aimait pas les pens\u00e9es dans la t\u00eate \u2013 il ne les sympathisait pas \u00e0 tel point qu\u2019elles le ressentaient de loin et t\u00e2chaient de le contourner. De diverses cr\u00e9atures \u00e9mergeaient leurs t\u00eates chim\u00e9riques du fond &#8211; mais m\u00eame elles essayaient de plonger le plus profond\u00e9ment possible, lorsque son attention jetait un coup d\u2019\u0153il instantan\u00e9 sur elles. Au moment o\u00f9 il passait \u00e0 c\u00f4t\u00e9 d\u2019une longue fa\u00e7ade jaune avec des rebords de fen\u00eatres blancs mis \u00e0 l\u2019envers, un poisson nomm\u00e9 Solitude a \u00e9merg\u00e9, il a tourn\u00e9 la t\u00eate dans tous les sens, le ciel \u00e9tait clair. Il n\u2019avait pas de canne \u00e0 p\u00eache, ni de hame\u00e7on, ni l\u2019envie de p\u00eacher \u2013 et le poisson est parti en agitant sa queue en rythme avec ses pas, et tout \u00e7a procurait un tel bonheur que m\u00eame le chemin s\u2019est courb\u00e9 de plaisir, et il a d\u00fb faire un petit crochet autour d\u2019un trou dans le trottoir.<\/p>\n<p>Il avait un trou dans la poitrine. C\u2019est-\u00e0-dire qu\u2019on sait certes tous qu\u2019il n\u2019y a nuls trous par l\u00e0, on peut m\u00eame palper la poitrine si quelqu\u2019un p\u00e8te les plombs et n\u2019en est pas s\u00fbr s\u2019il a un trou dans sa poitrine ou pas, mais lui, il avait un trou dans sa poitrine, et le vent sifflait l\u00e0-dedans, un vent violet et visqueux, qui en sortant par derri\u00e8re, faisait des courbes et emm\u00ealait ses cheveux en les dressant dr\u00f4lement sur la nuque.<\/p>\n<p>Une fillette \u00e9tait assise sur le rebord d\u2019une fen\u00eatre au premier \u00e9tage en balan\u00e7ant les jambes. Bien s\u00fbr, maman et papa lui ont dis que c\u2019est dangereux de s\u2019asseoir comme \u00e7a, mais elle s\u2019en fichait pas mal de la maman et du papa, et s\u2019ils \u00e9taient morts en un instant, elle aurait certainement pleur\u00e9 un coup, mais pas longtemps, on pleure ainsi \u00e0 la cr\u00e8che quand un buisson s\u00e9ch\u00e9 est enlev\u00e9, le buisson sous lequel elle aimait tant se mettre pour fixer les t\u00eates. Ca faisait d\u00e9j\u00e0 plus qu\u2019une heure qu\u2019elle y \u00e9tait assise, le soleil lui a chauff\u00e9 les jambes, en la chatouillant l\u00e9g\u00e8rement il montait plus haut sous la jupe et s\u2019\u00e9talait doucement sous les bras. On dit \u00ab\u00a0sous les bras\u00a0\u00bb\u00a0? Ou on dit autrement\u00a0? En tout cas, c\u2019\u00e9tait agr\u00e9able et chaud sous ses bras.<\/p>\n<p>Quand il s\u2019est approch\u00e9 de l\u2019all\u00e9e avec des peupliers, ces derniers lui ont jet\u00e9 une touffe de coton dans le visage. C\u2019\u00e9tait tr\u00e8s rigolo, mais, bien s\u00fbr, il ne l\u2019a pas montr\u00e9 \u2013 qu\u2019ils pensent que cela lui \u00e9tait \u00e9gal, qu\u2019il \u00e9tait en train de r\u00e9fl\u00e9chir, et pour lui, cette touffe de coton n\u2019\u00e9tait rien du tout, \u2026 ses jambes l\u2019ont emmen\u00e9 quand m\u00eame dans la direction de la rue \u00e0 c\u00f4t\u00e9. Son regard est tout de suite tomb\u00e9 sur les jambes de la fillette. Elles \u00e9taient tellement all\u00e9chantes, avec les doigts tr\u00e8s doux jouant leur jeu myst\u00e9rieux, avec du duvet des plus fins sur les mollets et les cuisses, qui ne se voyait que de si pr\u00e8s qu\u2019il \u00e9tait facilement possible \u00e0 cette de sentir l\u2019odeur de la peau. Il s\u2019est approch\u00e9 et, en s\u2019arr\u00eatant lev\u00e9 la t\u00eate. Des lapins roses sautillaient sous sa jupe et lui emp\u00eachaient de se concentrer. Puis il a regard\u00e9 plus haut et vu ses yeux. Les cieux se sont alors fendus et un tonnerre a \u00e9clat\u00e9.<\/p>\n<p>* * *<\/p>\n<p>&#8211; Je te connais?<\/p>\n<p>&#8211; Je te connais?<\/p>\n<p>&#8211; Je te connais.<\/p>\n<p>&#8211; Je te connais.<\/p>\n<p>&#8211; Il y avait du brouillard, des lilas, de la terre noire, mon regard transparent, ma voix m\u2019a trahi, une boule est venue dans ma gorge, ma poitrine a pouss\u00e9 un cri, un tourbillon s\u2019est lev\u00e9, je me suis r\u00e9veill\u00e9 pour me cogner la t\u00eate. Je voulais retomber dans le sommeil, je pouvais tout donner pour encore une minute de sommeil \u2013 j\u2019attendais autant, je r\u00eavais tellement, et quoi \u2013 cela m\u2019est donn\u00e9 dans un instant unique de sommeil\u00a0? Le sommeil est pur comme une larme, les larmes sont aussi inutiles que le sommeil\u2026<\/p>\n<p>&#8211; Je ne savais rien de toi, je ne t\u2019ai pas vu, je n\u2019ai pas vu ton reflet dans une goutte d\u2019eau, je n\u2019ai pas entendu ta voix dans le sifflement du vent, je r\u00eavais\u2026 De l\u2019\u00e9corce r\u00eache de l\u2019arbre, de l\u2019eau rapide d\u2019un ruisseau, le ciel infini \u2013 je te cherchais ainsi. J\u2019\u00e9tais assise en balan\u00e7ant mes jambes, le soleil brillait dans mes yeux, un rayon de soleil scintillant m\u2019a aveugl\u00e9, j\u2019ai baiss\u00e9 les yeux. Ainsi je t\u2019ai trouv\u00e9.<\/p>\n<p>&#8211; Que peut-on dire l\u2019un \u00e0 l\u2019autre?<\/p>\n<p>&#8211; On n\u2019a pas besoin de parler.<\/p>\n<p>&#8211; Que peut-on faire l\u2019un pour l\u2019autre?<\/p>\n<p>&#8211; Tout est d\u00e9j\u00e0 fait.<\/p>\n<p>&#8211; C\u2019est si bien.<\/p>\n<p>&#8211; Oui, c\u2019est si bien. Est-ce si t\u00f4t et si simplement que je vais passer ma vie\u00a0? Est-ce tellement simple?<\/p>\n<p>&#8211; Cela ne pouvait qu\u2019\u00eatre simple.<\/p>\n<p>&#8211; Et quoi ensuite?<\/p>\n<p>&#8211; Rien. Tout simplement rien. Il arrive qu\u2019il n\u2019y ait rien ensuite. Il n\u2019y a que plus profond\u00e9ment et autrement. Maintenant, c\u2019est autrement.<\/p>\n<p>&#8211; J\u2019ai peur, je suis heureuse, je me sens dense et remplie.<\/p>\n<p>&#8211; J\u2019ai chaud, j\u2019ai froid, je suis calme.<\/p>\n<p>&#8211; Vont-ils nous laisser?<\/p>\n<p>&#8211; Ils n\u2019y peuvent rien. Ils dorment. Regarde dans leurs yeux.<\/p>\n<p>&#8211; Ils n\u2019y peuvent rien\u2026 ils dorment\u2026 c\u2019est si bien \u2026 si bien\u2026\u00e7a veut dire que \u00e7a existe, existe, existe! Puis-je le r\u00e9p\u00e9ter encore une mille fois \u2013\u00abCa existe!\u00bb.<\/p>\n<p>* * *<\/p>\n<p>Quand il a plu, un peu d\u2019eau est pass\u00e9e par la fen\u00eatre ouverte en mouillaient l\u00e9g\u00e8rement le tapis \u2013 il faudrait le s\u00e9cher \u2013 sinon, il va moisir de nouveau, on peut le faire avec un aspirateur ou au pire un s\u00e8che cheveux!<\/p>\n<p>&nbsp;<br \/>\n4. Pench\u00e9 en\u00a0avant, il a saut\u00e9 de derri\u00e8re la poubelle \u2013 apparemment- personne ne l\u2019attendait ici \u2013 ils se sont pr\u00e9cipit\u00e9 dans tous les sens. Mais l\u2019un d\u2019eux courait envers lui, par surprise. Il a appuy\u00e9 sur la g\u00e2chette. \u00abTra-ta-ta-ta-ta\u00bb &#8211; une mitrailleuse en bois s\u2019est plant\u00e9e au ventre du gar\u00e7on, ses yeux exprimaient une terreur absolue, bien qu\u2019il soit assassin\u00e9 il a continu\u00e9 \u00e0 courir.<\/p>\n<p>\u00abTra-ta-ta-ta-ta\u00bb l\u2019a suivi, \u00abtu a assez v\u00e9cu, meurs!\u00bb. Il a ralenti sa course. \u00abTu a assez v\u00e9cu!\u00bb<\/p>\n<p>Un corbeau s\u2019est mis \u00e0 beugler sauvagement dans les buissons.<\/p>\n<p>&nbsp;<br \/>\n5. Il bruinait, tant\u00f4t fort, tant\u00f4t l\u00e9g\u00e8rement, tout \u00e0 coup des gouttes d\u2019eau se sont mises \u00e0 tambouriner avec plus de rapidit\u00e9, et tout le petit monde autour de l\u2019arr\u00eat de bus s\u2019est anim\u00e9 \u2013 les gens ont pr\u00e9cipit\u00e9 \u00e0 s\u2019abriter sous une toiture la plus proche. En jetant des coups d\u2019\u0153il sur le c\u00f4t\u00e9 j\u2019observais deux femmes du troisi\u00e8me \u00e2ge se dire au revoir, visiblement, cela faisait d\u00e9j\u00e0 quelques minutes que leurs l\u00e8vres moulaient de fa\u00e7on habituelle le r\u00e9sidu des mots, leurs visages \u00e9tant d\u2019une bont\u00e9 de brique. Celle qui attendait le bus s\u2019est agit\u00e9e pour prendre ses sacs et s\u2019est dirig\u00e9 vers l\u2019arr\u00eat en tra\u00eenant les pieds. Soudainement, le visage de l\u2019autre s\u2019est d\u00e9figur\u00e9, de l\u2019int\u00e9rieur de la foule elle a cri\u00e9 avec une voix aigue au dos de la premi\u00e8re \u2013 \u00abil n\u2019y aura plus de bus\u00bb. L\u2019air est devenu dense de panique, un tourbillon s\u2019est form\u00e9 dans lequel les deux bonnes femmes tournaient prestement, et autour, le bloc de foule compact restait tranquille. \u00abIl n\u2019y aura plus de bus\u00bb, continuait-elle \u00e0 vocif\u00e9rer avec de l\u2019obstinence \u00e9perdue. La femme qui courait s\u2019est tourn\u00e9e, elle souriait d\u2019un sourire qui laissait entrevoir sa honte et sa terreur. Elle \u00e9tait terroris\u00e9e &#8211; elle a eu une peur d\u2019enfer. Elle avait honte parce qu\u2019elle comprenait l\u2019absurdit\u00e9 de la situation, mais ne pouvait rien y faire. \u00abIl n\u2019y aura plus de bus!\u00bb &#8211; l\u2019autre s\u2019est tourn\u00e9e pour s\u2019en aller apr\u00e8s avoir encore pouss\u00e9 un cri. Tout le monde a \u00e9t\u00e9 aspir\u00e9 dans le bus. Le tourbillon a disparu. Quand je m\u2019approchais de ma maison, j\u2019ai crois\u00e9 une vieille avec un chien \u2013 c\u2019est bizarre\u2026 On dit qu\u2019elle se prom\u00e8ne avec un faux\u2026 Et il n\u2019y avait pas de raison qu\u2019elle se prom\u00e8ne \u2013 j\u2019ai tout compris moi-m\u00eame. Quelle ind\u00e9licatesse! Je portais dans mon sac de d\u00e9licieux beignets, entre autre!<\/p>\n","protected":false},"excerpt":{"rendered":"<p>1. Ils se sont trouv\u00e9s, parmi les poussi\u00e8res de la route, dans les tourbillons de soucis de chacun, des inspirations et le quotidien, ils se sont trouv\u00e9s. Et c\u2019\u00e9tait du bonheur. Ont lou\u00e9 un appartement, le travail ne causait pas trop de probl\u00e8mes \u2013 ils avaient du temps, de l\u2019amour, un sentiment tout simple du [&hellip;]<\/p>\n","protected":false},"author":8235,"featured_media":0,"parent":7897,"menu_order":0,"comment_status":"open","ping_status":"closed","template":"","meta":{"_acf_changed":false,"footnotes":""},"class_list":["post-9636","page","type-page","status-publish","hentry"],"acf":[],"yoast_head":"<!-- This site is optimized with the Yoast SEO plugin v27.2 - https:\/\/yoast.com\/product\/yoast-seo-wordpress\/ -->\n<title>L\u2019airelle est une baie d\u00e9licieuse\u00a0 - Selection of Attractive States<\/title>\n<meta name=\"robots\" content=\"index, follow, max-snippet:-1, max-image-preview:large, max-video-preview:-1\" \/>\n<link rel=\"canonical\" href=\"https:\/\/bodhi.name\/fr\/home\/histoires\/lairelle-est-une-baie-delicieuse\/\" \/>\n<meta property=\"og:locale\" content=\"fr_FR\" \/>\n<meta property=\"og:type\" content=\"article\" \/>\n<meta property=\"og:title\" content=\"L\u2019airelle est une baie d\u00e9licieuse\u00a0 - Selection of Attractive States\" \/>\n<meta property=\"og:description\" content=\"1. Ils se sont trouv\u00e9s, parmi les poussi\u00e8res de la route, dans les tourbillons de soucis de chacun, des inspirations et le quotidien, ils se sont trouv\u00e9s. Et c\u2019\u00e9tait du bonheur. Ont lou\u00e9 un appartement, le travail ne causait pas trop de probl\u00e8mes \u2013 ils avaient du temps, de l\u2019amour, un sentiment tout simple du [&hellip;]\" \/>\n<meta property=\"og:url\" content=\"https:\/\/bodhi.name\/fr\/home\/histoires\/lairelle-est-une-baie-delicieuse\/\" \/>\n<meta property=\"og:site_name\" content=\"Selection of Attractive States\" \/>\n<meta property=\"article:modified_time\" content=\"2015-03-20T16:36:08+00:00\" \/>\n<meta name=\"twitter:card\" content=\"summary_large_image\" \/>\n<meta name=\"twitter:label1\" content=\"Dur\u00e9e de lecture estim\u00e9e\" \/>\n\t<meta name=\"twitter:data1\" content=\"13 minutes\" \/>\n<script type=\"application\/ld+json\" class=\"yoast-schema-graph\">{\"@context\":\"https:\/\/schema.org\",\"@graph\":[{\"@type\":\"WebPage\",\"@id\":\"https:\/\/bodhi.name\/fr\/home\/histoires\/lairelle-est-une-baie-delicieuse\/\",\"url\":\"https:\/\/bodhi.name\/fr\/home\/histoires\/lairelle-est-une-baie-delicieuse\/\",\"name\":\"L\u2019airelle est une baie d\u00e9licieuse\u00a0 - Selection of Attractive States\",\"isPartOf\":{\"@id\":\"https:\/\/bodhi.name\/ru\/#website\"},\"datePublished\":\"2015-03-20T16:26:54+00:00\",\"dateModified\":\"2015-03-20T16:36:08+00:00\",\"breadcrumb\":{\"@id\":\"https:\/\/bodhi.name\/fr\/home\/histoires\/lairelle-est-une-baie-delicieuse\/#breadcrumb\"},\"inLanguage\":\"fr-FR\",\"potentialAction\":[{\"@type\":\"ReadAction\",\"target\":[\"https:\/\/bodhi.name\/fr\/home\/histoires\/lairelle-est-une-baie-delicieuse\/\"]}]},{\"@type\":\"BreadcrumbList\",\"@id\":\"https:\/\/bodhi.name\/fr\/home\/histoires\/lairelle-est-une-baie-delicieuse\/#breadcrumb\",\"itemListElement\":[{\"@type\":\"ListItem\",\"position\":1,\"name\":\"\u0413\u043b\u0430\u0432\u043d\u0430\u044f \u0441\u0442\u0440\u0430\u043d\u0438\u0446\u0430\",\"item\":\"https:\/\/bodhi.name\/fr\/\"},{\"@type\":\"ListItem\",\"position\":2,\"name\":\"Page d&rsquo;accueil\",\"item\":\"https:\/\/bodhi.name\/fr\/\"},{\"@type\":\"ListItem\",\"position\":3,\"name\":\"Histoires\",\"item\":\"https:\/\/bodhi.name\/fr\/home\/histoires\/\"},{\"@type\":\"ListItem\",\"position\":4,\"name\":\"L\u2019airelle est une baie d\u00e9licieuse\u00a0\"}]},{\"@type\":\"WebSite\",\"@id\":\"https:\/\/bodhi.name\/ru\/#website\",\"url\":\"https:\/\/bodhi.name\/ru\/\",\"name\":\"Selection of Attractive States\",\"description\":\"Psychologie exp\u00e9rimentale\",\"potentialAction\":[{\"@type\":\"SearchAction\",\"target\":{\"@type\":\"EntryPoint\",\"urlTemplate\":\"https:\/\/bodhi.name\/ru\/?s={search_term_string}\"},\"query-input\":{\"@type\":\"PropertyValueSpecification\",\"valueRequired\":true,\"valueName\":\"search_term_string\"}}],\"inLanguage\":\"fr-FR\"}]}<\/script>\n<!-- \/ Yoast SEO plugin. -->","yoast_head_json":{"title":"L\u2019airelle est une baie d\u00e9licieuse\u00a0 - Selection of Attractive States","robots":{"index":"index","follow":"follow","max-snippet":"max-snippet:-1","max-image-preview":"max-image-preview:large","max-video-preview":"max-video-preview:-1"},"canonical":"https:\/\/bodhi.name\/fr\/home\/histoires\/lairelle-est-une-baie-delicieuse\/","og_locale":"fr_FR","og_type":"article","og_title":"L\u2019airelle est une baie d\u00e9licieuse\u00a0 - Selection of Attractive States","og_description":"1. Ils se sont trouv\u00e9s, parmi les poussi\u00e8res de la route, dans les tourbillons de soucis de chacun, des inspirations et le quotidien, ils se sont trouv\u00e9s. Et c\u2019\u00e9tait du bonheur. Ont lou\u00e9 un appartement, le travail ne causait pas trop de probl\u00e8mes \u2013 ils avaient du temps, de l\u2019amour, un sentiment tout simple du [&hellip;]","og_url":"https:\/\/bodhi.name\/fr\/home\/histoires\/lairelle-est-une-baie-delicieuse\/","og_site_name":"Selection of Attractive States","article_modified_time":"2015-03-20T16:36:08+00:00","twitter_card":"summary_large_image","twitter_misc":{"Dur\u00e9e de lecture estim\u00e9e":"13 minutes"},"schema":{"@context":"https:\/\/schema.org","@graph":[{"@type":"WebPage","@id":"https:\/\/bodhi.name\/fr\/home\/histoires\/lairelle-est-une-baie-delicieuse\/","url":"https:\/\/bodhi.name\/fr\/home\/histoires\/lairelle-est-une-baie-delicieuse\/","name":"L\u2019airelle est une baie d\u00e9licieuse\u00a0 - Selection of Attractive States","isPartOf":{"@id":"https:\/\/bodhi.name\/ru\/#website"},"datePublished":"2015-03-20T16:26:54+00:00","dateModified":"2015-03-20T16:36:08+00:00","breadcrumb":{"@id":"https:\/\/bodhi.name\/fr\/home\/histoires\/lairelle-est-une-baie-delicieuse\/#breadcrumb"},"inLanguage":"fr-FR","potentialAction":[{"@type":"ReadAction","target":["https:\/\/bodhi.name\/fr\/home\/histoires\/lairelle-est-une-baie-delicieuse\/"]}]},{"@type":"BreadcrumbList","@id":"https:\/\/bodhi.name\/fr\/home\/histoires\/lairelle-est-une-baie-delicieuse\/#breadcrumb","itemListElement":[{"@type":"ListItem","position":1,"name":"\u0413\u043b\u0430\u0432\u043d\u0430\u044f \u0441\u0442\u0440\u0430\u043d\u0438\u0446\u0430","item":"https:\/\/bodhi.name\/fr\/"},{"@type":"ListItem","position":2,"name":"Page d&rsquo;accueil","item":"https:\/\/bodhi.name\/fr\/"},{"@type":"ListItem","position":3,"name":"Histoires","item":"https:\/\/bodhi.name\/fr\/home\/histoires\/"},{"@type":"ListItem","position":4,"name":"L\u2019airelle est une baie d\u00e9licieuse\u00a0"}]},{"@type":"WebSite","@id":"https:\/\/bodhi.name\/ru\/#website","url":"https:\/\/bodhi.name\/ru\/","name":"Selection of Attractive States","description":"Psychologie exp\u00e9rimentale","potentialAction":[{"@type":"SearchAction","target":{"@type":"EntryPoint","urlTemplate":"https:\/\/bodhi.name\/ru\/?s={search_term_string}"},"query-input":{"@type":"PropertyValueSpecification","valueRequired":true,"valueName":"search_term_string"}}],"inLanguage":"fr-FR"}]}},"_links":{"self":[{"href":"https:\/\/bodhi.name\/fr\/wp-json\/wp\/v2\/pages\/9636","targetHints":{"allow":["GET"]}}],"collection":[{"href":"https:\/\/bodhi.name\/fr\/wp-json\/wp\/v2\/pages"}],"about":[{"href":"https:\/\/bodhi.name\/fr\/wp-json\/wp\/v2\/types\/page"}],"author":[{"embeddable":true,"href":"https:\/\/bodhi.name\/fr\/wp-json\/wp\/v2\/users\/8235"}],"replies":[{"embeddable":true,"href":"https:\/\/bodhi.name\/fr\/wp-json\/wp\/v2\/comments?post=9636"}],"version-history":[{"count":4,"href":"https:\/\/bodhi.name\/fr\/wp-json\/wp\/v2\/pages\/9636\/revisions"}],"predecessor-version":[{"id":9640,"href":"https:\/\/bodhi.name\/fr\/wp-json\/wp\/v2\/pages\/9636\/revisions\/9640"}],"up":[{"embeddable":true,"href":"https:\/\/bodhi.name\/fr\/wp-json\/wp\/v2\/pages\/7897"}],"wp:attachment":[{"href":"https:\/\/bodhi.name\/fr\/wp-json\/wp\/v2\/media?parent=9636"}],"curies":[{"name":"wp","href":"https:\/\/api.w.org\/{rel}","templated":true}]}}