{"id":9616,"date":"2015-03-19T23:07:15","date_gmt":"2015-03-19T19:07:15","guid":{"rendered":"http:\/\/bodhi.name\/?page_id=9616"},"modified":"2015-03-19T23:07:15","modified_gmt":"2015-03-19T19:07:15","slug":"chapitre-43","status":"publish","type":"page","link":"https:\/\/bodhi.name\/fr\/maya-livre-1\/chapitre-43\/","title":{"rendered":"Chapitre 43"},"content":{"rendered":"<p>Sortir de l\u2019habitation s\u2019est av\u00e9r\u00e9 plus facile que d\u2019y entrer. A l\u2019endroit le plus en vue un bouton bien en \u00e9vidence \u00e9tait plant\u00e9 \u2013 j\u2019ai appuy\u00e9 dessus, le portillon s\u2019est ouvert. Comment est-ce que j\u2019avais pu ne pas le remarquer lorsque je m\u2019affolais l\u00e0 en recherche de la sortie, en envisageant me jeter sur les barbel\u00e9es\u2026 que fait la peur avec les gens quand m\u00eame\u2026 d\u2019ailleurs, je dirais que la peur est aussi une \u00e9motion n\u00e9gative, je n\u2019aime pas cette \u00e9motion. De l\u2019autre c\u00f4t\u00e9\u2026 j\u2019avance maintenant sur le sentier, mais si je fais un pas de c\u00f4t\u00e9 \u2013 je me casse la figure, la peur est donc un gardien, elle aide \u00e0 survivre? \u00a0Ou pas? \u00a0Mais juste en y r\u00e9fl\u00e9chissant, je ne comprends pas que je me casserais la figure? \u00a0Bien s\u00fbr que si. Il est absolument clair qu\u2019une \u00e9norme partie des peurs est tout \u00e0 fait insens\u00e9e et inutile, ce n\u2019est qu\u2019un lest, qui tra\u00eene derri\u00e8re lui le spasme commun, l\u2019immersion totale dans les \u00e9motions n\u00e9gatives, au moins, je voudrais s\u00fbrement arr\u00eater ces peurs sottes.<\/p>\n<p>Une bande enti\u00e8re de singes a soudainement d\u00e9boul\u00e9 de la for\u00eat \u2013 il y en avait dix, vingt\u2026 quarante\u2026 combien \u00e9taient-ils? \u00a0La jungle s\u2019est raviv\u00e9e, des centaines de branches \u00e9taient secou\u00e9s, des buissons froufroutaient, du mouvement venait de partout, dizaines et dizaines de singes de tailles vari\u00e9es affluaient sur la route \u2013 de minuscules singes jusqu\u2019aux g\u00e9ants de taille humaine, j\u2019ai vu quelque chose du genre dans le dessin anim\u00e9 sur Maugli \u2013 je n\u2019ai jamais pens\u00e9 qu\u2019un dessin anim\u00e9 puisse ressembler autant \u00e0 la r\u00e9alit\u00e9! \u00a0Tout simplement une rivi\u00e8re \u2013 une vraie rivi\u00e8re de singes. Ils me contournaient, telle de l\u2019eau, des deux c\u00f4t\u00e9s\u2026 j\u2019avais tr\u00e8s peur, d\u2019ailleurs! \u00a0J\u2019\u00e9tais plant\u00e9e comme un piquet au milieu d\u2019un courant vivant, et s\u2019ils se jettaient sur moi?<\/p>\n<p>Pendant \u00e0 peu pr\u00e8s deux minutes la rivi\u00e8re vivante coulait de la jungle d\u2019un c\u00f4t\u00e9 de la route dans la jungle de l\u2019autre c\u00f4t\u00e9, et elle est venue au bout de mani\u00e8re aussi soudaine qu\u2019elle avait commenc\u00e9. La jungle se remuait encore, respirait comme la mer, mais en r\u00e9cession, en reculant. Juste une femelle avec deux petits s\u2019est attard\u00e9e sur l\u2019accotement, elle \u00e9tait rest\u00e9e assise \u00e0 me regarder \u2013 de fa\u00e7on pitoyable ou triste \u2013 elle \u00e9tait l\u00e0, me fixait, en se grattant de mani\u00e8re rigolote, des petits microscopiques se sont agripp\u00e9s \u00e0 ses poils et pendaient comme \u2026 des singes, bien s\u00fbr. Avait-elle faim ou quoi\u2026 je n\u2019avais rien \u00e0 lui donner, je n\u2019avais rien pris \u2013 j\u2019ai fouill\u00e9 mes poches \u2013 rien. Je l\u2019ai plainte, je me suis approch\u00e9e, me suis accroupie, pour la regarder de plus pr\u00e8s, j\u2019ai rencontr\u00e9 son regard, il \u00e9tait tellement plaintif\u2026 a\u00ef\u2026 A\u00ef!!! Mon dieu!! Un petit singe pitoyable s\u2019est instantan\u00e9ment transform\u00e9 en une furie!<\/p>\n<p>Au moment o\u00f9 j\u2019ai rencontr\u00e9 son regard avec mes yeux, ses yeux se sont inject\u00e9s de sang, le singe a montr\u00e9 ses dents, a ouvert sa gueule endent\u00e9e et est all\u00e9e vers moi! \u00a0Un grand m\u00e2le a bondi de derri\u00e8re les buissons pour se retrouver \u00e0 mes pieds en un clin d\u2019\u0153il, il s\u2019appuyait sur ses pattes de devant plac\u00e9es loin l\u2019une de l\u2019autre, il a redress\u00e9 les \u00e9paules sur le point de sauter sur moi! \u00a0\u00a0Les dents! \u00a0Oh! .. La gueule grande ouverte, comme celle d\u2019un diable \u00e9tait parsem\u00e9e de TELLES dents \u2013 un vrai requin! \u00a0Finalement j\u2019ai compris qu\u2019il fallait arr\u00eater de les regarder dans les yeux \u2013 \u00e7a les enrageaient curieusement. Mais il semblait que c\u2019\u00e9tait trop tard\u2026 D\u2019abord la peur m\u2019a paralys\u00e9e, ensuite, une fois que j\u2019ai compris que l\u2019attaque \u00e9tait in\u00e9vitable, j\u2019ai fait ce \u00e0 quoi je ne m\u2019attendais pas moi-m\u00eame \u2013 je me suis pench\u00e9e brusquement vers le m\u00e2le presque en touchant\u00a0 sa gueule, j\u2019ai ouvert grande ma bouche, en sifflant tr\u00e8s fort et en agitant mes bras, j\u2019ai fait une mine vilaine en claquant des dents d\u2019une mani\u00e8re rapace\u2026\u00a0 si l\u2019on me voyait en ce moment. Il allait me tuer, cette canaille\u2026 hein! &#8230; \u00e7a a march\u00e9! \u00a0Le m\u00e2le s\u2019est calm\u00e9, a l\u00e9g\u00e8rement recul\u00e9, a fait un demi-tour de c\u00f4t\u00e9\u2026 et l\u00e0 on s\u2019est paisiblement quitt\u00e9s. Cela me servirait de le\u00e7on pour l\u2019avenir \u2013 ne pas regarder les singes dans les yeux. Il s\u2019av\u00e8re que la peur sert \u00e0 trouver une solution inattendue quand m\u00eame \u2013 il ne me serait jamais venu dans la t\u00eate de montrer les dents d\u2019une telle mani\u00e8re, ni de siffler, des instincts anciens ont d\u00fb se r\u00e9veiller ou quoi? \u00a0Donc, la peur permet des fois de trouver une bonne solution? \u00a0Alors \u2013 ce qui g\u00eane de toute \u00e9vidence, j\u2019essayerai de l\u2019enlever, et il faudrait d\u00e9canter le reste. Ce n\u2019est pas exclu que, une fois l\u2019ordure flagrante d\u2019\u00e9motions n\u00e9gatives et de peurs vides a disparue, il y aura plus de clart\u00e9.<\/p>\n<p>L\u2019un dans l\u2019autre, c\u2019est bizarre quand m\u00eame\u2026 Kaorou m\u2019a dit qu\u2019elle \u00e9tait une ultra mod\u00e9r\u00e9e, et Michelle \u2013 une commandos, mais elles ont l\u2019air tout \u00e0 fait contraire. Kaorou \u00e9tait concentr\u00e9e, active, m\u00eame rigide, quoi qu\u2019elle ait claqu\u00e9 le gar\u00e7on sur les fesses avec une vraie \u00e9motion\u2026 une garce libertine, c\u2019est clair\u2026 et Michelle \u2013 chaude, lente, respirait dans mes oreilles, en disant des mots doux\u2026 a pelot\u00e9 mes seins\u2026 j\u2019ai tressailli \u00e0 cause da la vague d\u2019excitation d\u00e9ferlante\u2026 et Kam\u2026 non,\u00a0 pour l\u2019instant je ne vois pas de diff\u00e9rence entre eux.<\/p>\n<p>Cela fait dix minutes que j\u2019arpente les marches du bureau de Sa Saintet\u00e9, toutes les portes sont ouvertes, mais il n\u2019y a pas un chat. Un vieux tib\u00e9tain solitaire observe avec indiff\u00e9rence mes mouvements, en tournant avec sa main droite un truc tib\u00e9tain quelconque avec une cha\u00eenette accroch\u00e9e au bout, ses l\u00e8vres bougent \u00e0 peine en rythme avec les mouvements, &#8211; apparemment, c\u2019est sa pratique. C\u2019est curieux, est-ce qu\u2019il esp\u00e8re s\u2019\u00e9veiller en tournant ce truc en fer? &#8230; Mais je ne sais pas ce qu\u2019il fait d\u2019autre \u00e0 part de ces mouvements, \u00e0 mon avis, absurdes. J\u2019ai essay\u00e9 de le lui demander, mais lui, bien s\u00fbr, ne parlait pas anglais du tout, et apr\u00e8s m\u2019avoir souri, il a replong\u00e9 dans son occupation monotone.<\/p>\n<p>D\u00e9sesp\u00e9r\u00e9e d\u2019\u00e9claircir quoi que ce soit, je me suis assise sur une chaise tordue, que quelqu\u2019un avait sortie dans la petite cour, inond\u00e9e de soleil. L\u00e0, la vie \u00e9tait compl\u00e8tement diff\u00e9rente, il \u00e9tait impossible de s\u2019imaginer que quelque part existait un m\u00e9tro, la course contre la montre, la grisaille, l\u2019hiver, le travail\u2026<\/p>\n<p>Le rythme lent, monotone, ensorcelant du monde tib\u00e9tain s\u2019entrela\u00e7ait naturellement avec la rapidit\u00e9 et l\u2019effervescence continuelle de la vie dans l\u2019habitation, &#8211; comme deux courants du chaud et du froid se sont entrelac\u00e9s sans s\u2019entrem\u00ealer. J\u2019aime bien faire de la balan\u00e7oire comme \u00e7a \u2013 de la placidit\u00e9 vers la pers\u00e9v\u00e9rance, du sage lenteur vers la promptitude, du s\u00e9rieux vers la passion qui emporte. La balan\u00e7oire au dessus du monde\u2026 Comment suis-je? \u00a0Je n\u2019ai jamais pu me r\u00e9pondre \u00e0 cette question.<\/p>\n<p>&#8211; Tu attends quelqu\u2019un? \u00a0\u2013 un petit tib\u00e9tain costaud a apparu dans le coin \u00e9loign\u00e9 de la cour.<\/p>\n<p>&#8211; Oui, j\u2019ai\u00a0 besoin de voir quelqu\u2019un du bureau.<\/p>\n<p>&#8211; J\u2019y travaille.<\/p>\n<p>&#8211; Ah bon? \u00a0G\u00e9nial. Dis-moi alors comment assister \u00e0 une audience de Karmapa?<\/p>\n<p>&#8211; Demain \u00e0 11 heures tu dois \u00eatre dans sa r\u00e9sidence avec ton passeport.<\/p>\n<p>&#8211; Comment y aller?<\/p>\n<p>&#8211; Tu peux prendre un taxi, mais c\u2019est cher, \u00e9videmment. Le plus simple c\u2019est en bus, mais il faudrait d\u2019abord aller \u00e0 la Basse Dharamsala, et l\u00e0 prendre un bus en direction de Norbulinga. Mais ce n\u2019est pas difficile, si, bien s\u00fbr, ce n\u2019est pas ta premi\u00e8re journ\u00e9e en Inde.<\/p>\n<p>Ce n\u2019\u00e9tait pas ma premi\u00e8re journ\u00e9e en Inde, mais je ne pourrais peut-\u00eatre jamais m\u2019habituer au ph\u00e9nom\u00e8ne nomm\u00e9 \u00ablocal bus\u00bb, d\u2019autant plus, dans les montagnes! \u00a0Aucune id\u00e9e comment ce shandrydan, ce squelette tombant en morceaux en fer et plastique, pouvait suivre les virages aussi abrupts sur la route des montagnes. Deux Indiens assis sur le m\u00eame si\u00e8ge que moi (les si\u00e8ges sont triples dans les bus locaux, quoi que ils soient fait pour des personnes tr\u00e8s maigres) n\u2019arr\u00eataient pas de me serrer contre la vitre avec leur poids double, en d\u00e9collant de moi \u00e0 contrecoeur apr\u00e8s les compressions\u00bbinvolontaires\u00bb. Le vacarme de la ferraille, la corne tapant sur la t\u00eate incessamment, le grincement des roues, et une cascade affolante de la musique locale cr\u00e2n\u00e9e tombait par-dessus, que la moiti\u00e9 des passagers hurlait. Beurk\u2026 mais non\u2026 Est-ce la Basse Dharamsala d\u00e9j\u00e0? \u00a0Pour continuer je prenais un taxi quoi que \u00e7a co\u00fbtait.<\/p>\n<p>Apr\u00e8s une descente aussi exotique j\u2019avais mal au c\u0153ur dans tous les sens du mot. Le bus m\u2019a recrach\u00e9e dans une rue sale et \u00e9troite en plein d\u00e9fil\u00e9 de f\u00eate. La procession coulait lentement en descendant la rue, en assourdissant avec des hurlements de trompettes en cuivre, brillant au soleil caniculaire de la journ\u00e9e, et avec le bruissement d\u2019\u00e9normes assiettes en bronze, sur lesquelles des dizaines de faux dieux tapaient ardemment et mal \u00e0 propos.<\/p>\n<p>J\u2019ai \u00e9merg\u00e9 sur le trottoir, mais le flux gluant des masses en f\u00eate coulait en passant par l\u00e0 aussi, d\u00e9sesp\u00e9r\u00e9e, j\u2019ai couru dans un premier magasin sur mon chemin pour reprendre le souffle avant le bond suivant \u00e0 l\u2019encontre de Karmapa. Le magasin m\u2019a accueilli avec une curiosit\u00e9 habituelle et l\u2019odeur forte des produits chimiques locaux\u2026 Et non, la rue serait mieux peut-\u00eatre\u2026 il me manquait que cette puanteur.<\/p>\n<p>En me servant de tous mes savoir-faire dans les domaines d\u2019escalade, ascension des montagnes et franchissement des obstacles, je suis parvenue finalement \u00e0 me faire le chemin \u00e0 un arr\u00eat de taxis et j\u2019ai saut\u00e9 dans la premi\u00e8re voiture venue.<\/p>\n<p>Assembl\u00e9 en une petite poign\u00e9e dans le hall compact de l\u2019entr\u00e9e, les visiteurs attendaient l\u2019heure fix\u00e9e. Et oui, Karmapa n\u2019avait pas le meilleur karma, si lors de ses audiences il \u00e9tait oblig\u00e9 de voir tous ces gens l\u00e0. Le seul et m\u00eame sourire pour tous, &#8211; comme s\u2019ils l\u2019avaient achet\u00e9 au m\u00eame magasin. Qu\u2019est-ce qu\u2019ils \u00e9prouvaient \u00e0 ce moment l\u00e0? \u00a0Je pouvais y aller et leur poser la question! \u00a0Je me suis approch\u00e9e d\u2019un couple \u2013 un jeune homme racontait quelque chose \u00e0 une femme \u00e2g\u00e9e sans personnalit\u00e9, je leur ai dit bonjour et pos\u00e9 la question sur ce qu\u2019ils ressentaient avant la rencontre avec Karmapa.<\/p>\n<p>&#8211; Oh! \u00a0Oh! \u00a0Je suis tellement \u00e9mue\u2026 C\u2019est un dieu vivant! \u00a0Je me sens comme une enfant\u00a0 devant lui, bien qu\u2019il ait 17 ans et moi \u2013 40, &#8211; avec \u00e7a son visage \u00e9tait vide, ennuyeux, mais \u00e9tir\u00e9 en un sourire.<\/p>\n<p>&#8211; Je sens aussi que quelque chose d\u2019important, tr\u00e8s important, va se passer dans ma vie, &#8211; le gars faisait chorus \u00e0 sa copine.<\/p>\n<p>Ca se voit qu\u2019il est vraiment int\u00e9ress\u00e9 de voir \u00abun dieu vivant\u00bb, mais je peux imaginer\u00a0 le m\u00eame int\u00e9r\u00eat de sa part envers\u2026 Pourquoi inventer les choses! \u00a0Il semble ne jamais \u00e9prouver de l\u2019int\u00e9r\u00eat, vrai, vivant, passionn\u00e9, lorsque, pour ce qui t\u2019attire, tu es pr\u00eat \u00e0 tout laisse tomber, tout donner\u2026 En g\u00e9n\u00e9ral, les gens comme \u00e7a existent-ils? \u00a0Oui, j\u2019en ai vu \u00e0 Bodh-Gay\u00e2, dans l\u2019habitation\u2026 Et tout le reste, tous ces gens l\u00e0 qui r\u00f4dent autour maintenant, en exprimant sans cesse leur admiration fausse jusqu\u2019\u00e0 trognon, &#8211; ont-ils au moins quelque chose de vivant en eux?<\/p>\n<p>Moi aussi je peux souvent \u00eatre aussi fausse que \u00e7a! \u00a0J\u2019ai \u00e9t\u00e9 appris sur quoi et o\u00f9 il fallait s\u2019extasier, parfois je fais semblant que quelque chose me plait\u2026 De quoi je vivais avant de venir en Inde? \u00a0Il me paraissait toujours que ma vie \u00e9tait remplie, intense, vive, mais l\u00e0 elle a fil\u00e9 devant moi en quelques instants\u2026 Tout ce que je consid\u00e9rais comme vif et intense n\u2019avait plus d\u2019importance pour moi. La d\u00e9couverte effrayante et joyeuse. Mais je n\u2019ai pas eu que \u00e7a. Pas que \u00e7a. A travers toute cette fausset\u00e9 l\u2019aspiration passe en un nerf vivant, devin\u00e9e vaguement d\u2019abord, n\u2019ayant pas de but, ensuite se d\u00e9clarant de plus en plus vivement, et finalement, explosant en une rupture avec la vie d\u2019avant et mon voyage ici, en une lanc\u00e9e d\u00e9sesp\u00e9r\u00e9e, en qu\u00eate de je ne sais quoi.<\/p>\n<p>Et pourquoi Karmapa aurait-il besoin de tout \u00e7a? \u00a0Cette c\u00e9r\u00e9monie stupide de la remise des fils rouges, et cette conf\u00e9rence vide, et ces phrases formelles, qu\u2019il prononce pour une \u00e9ni\u00e8me fois avec un ton ennuy\u00e9 et monotone? \u00a0Il n\u2019a que 17 ans\u2026 Les yeux de tigre, les l\u00e8vres\u2026 Le d\u00e9sir qui pulse sourdement\u2026 Les pattes, le regard, &#8211; il me regarde comme un gar\u00e7on! \u00a0Le temps que l\u2019autre moine traduit en anglais les paroles de Karmapa, il me d\u00e9visage soit comme un gosse, soit comme une b\u00eate\u2026 Le saisir pour l\u2019entra\u00eener avec moi, faire des culbutes dans l\u2019herbe haute, rigoler, regarder dans les yeux. Un gar\u00e7on passionn\u00e9 tib\u00e9tain en habit de moine\u2026 Je me demande s\u2019il fait des r\u00eaves \u00e9rotiques?<\/p>\n<p>Je ne comprends rien dans ce bouddhisme pour le peuple. Ca veut dire quoi voir sa m\u00e8re en chaque \u00eatre? \u00a0Est-ce que ma m\u00e8re est l\u2019\u00eatre le plus proche pour moi? \u00a0Pourquoi? \u00a0J\u2019aurais compris si on apprenait \u00e0 voir Dala\u00ef-lama ou un Bouddha en chaque \u00eatre, mais pourquoi la m\u00e8re??? Et non, si je me mets \u00e0 voir ma m\u00e8re en chaque brin d\u2019herbe\u2026 L\u2019id\u00e9e de compassion m\u2019est opaque aussi. A entendre ce qu\u2019ils disent j\u2019ai l\u2019impression que le plus important ce n\u2019est pas ce que tu vis, mais ce que tu fais \u2013 aide, donne et ainsi de suite. Comme si l\u2019aide consistait seulement en donner! \u00a0Et si je donne, et la personne n\u2019en devient qu\u2019encore plus avare, cupide, et s\u2019affermira encore plus dans ses m\u00e9contentements? \u00a0Non, je ne suis pas d\u2019accord qu\u2019il y a certains actes qu\u2019on puisse d\u00e9terminer d\u00e9finitivement comme de l\u2019aide, comme quelque chose qui am\u00e8nera la personne au meilleur\u2026 Au meilleur? \u00a0Et c\u2019est quoi le meilleur? \u00a0Puisque ce qui est le meilleur pour moi, peut ne pas l\u2019\u00eatre pour l\u2019autre\u2026 Sur quoi se guider alors? \u00a0Donc, les bouddhistes partent du principe que leur \u00abmeilleur\u00bb est \u00able vrai\u00bb, s\u2019ils consid\u00e8rent leurs actes comme de l\u2019aide aux autres?<\/p>\n<p>Les sentiers pittoresques du parc de Norbulinga m\u2019ont amen\u00e9e vers un petit ruisseau avec in petit pont d\u00e9coratif. L\u00e0 je me suis arr\u00eat\u00e9e pour voir plus clair dans mes pens\u00e9es. Le meilleur, le pire \u2013 c\u2019est quoi en fait? \u00a0Si je veux atteindre l\u2019\u00e9veil, pour moi le meilleur ce serait alors tout ce qui me le permettra. Mais ce ne serait pas n\u00e9cessairement ce qui me fera plaisir! \u00a0Bien au contraire, &#8211; les plus vives sont mes souffrances, le moins supportable devient ma vie et la plus ardente mon aspiration \u00e0 la d\u00e9livrance des EN. Donc, \u00e7a donne que pour mon but \u2013 ce qui est la libert\u00e9, la personne qui sympathise avec moi et qui souhaite m\u2019aider devrait me cr\u00e9er des situations dans lesquelles je souffrirai, si \u00e0 un moment donn\u00e9 je veux \u00e7a! \u00a0Mais est-ce qu\u2019on me demande ce que je veux en ce moment? \u00a0Est-ce qu\u2019il y a au moins un bouddhiste qui parlerait de \u00e7a? \u00a0Je n\u2019en ai pas entendu parler. Tous, ils parlent de bons actes, et bien entendu, tout le monde comprend ainsi \u2013 donne le der des ders, \u00e9coute jusqu\u2019au bout, n\u2019exprime pas de col\u00e8re\u2026 Je ne comprends pas.<\/p>\n<p>C\u2019est quoi la compassion alors? \u00a0Ce n\u2019est pas la souffrance en commun, je suppose? \u00a0Avant je pensais justement comme \u00e7a \u2013 si je vois quelqu\u2019un souffrir, je dois aussi me mettre \u00e0 ressentir la m\u00eame chose, et cela a \u00e9t\u00e9 le crit\u00e8re de ma \u00abgrande \u00e2me\u00bb. N\u2019importe quoi! \u00a0A la place d\u2019un souffrant, il y en a deux. N\u2019est-ce pas l\u2019\u00e9veil?<\/p>\n<p>Non, il n\u2019y a aucune clart\u00e9. C\u2019est le temps de rentrer. Bien que j\u2019aie pu rester dans le gompa beau et frais au planchent noir et \u00e0 la peinture tib\u00e9taine impeccable, mais j\u2019ai envie de quelque chose d\u2019autre, je ne peux pas rester assise en ce moment. J\u2019ai besoin d\u2019action.<\/p>\n","protected":false},"excerpt":{"rendered":"<p>Sortir de l\u2019habitation s\u2019est av\u00e9r\u00e9 plus facile que d\u2019y entrer. A l\u2019endroit le plus en vue un bouton bien en \u00e9vidence \u00e9tait plant\u00e9 \u2013 j\u2019ai appuy\u00e9 dessus, le portillon s\u2019est ouvert. Comment est-ce que j\u2019avais pu ne pas le remarquer lorsque je m\u2019affolais l\u00e0 en recherche de la sortie, en envisageant me jeter sur les [&hellip;]<\/p>\n","protected":false},"author":8235,"featured_media":0,"parent":7693,"menu_order":0,"comment_status":"open","ping_status":"closed","template":"","meta":{"_acf_changed":false,"footnotes":""},"class_list":["post-9616","page","type-page","status-publish","hentry"],"acf":[],"yoast_head":"<!-- This site is optimized with the Yoast SEO plugin v27.2 - https:\/\/yoast.com\/product\/yoast-seo-wordpress\/ -->\n<title>Chapitre 43 - Selection of Attractive States<\/title>\n<meta name=\"robots\" content=\"index, follow, max-snippet:-1, max-image-preview:large, max-video-preview:-1\" \/>\n<link rel=\"canonical\" href=\"https:\/\/bodhi.name\/fr\/maya-livre-1\/chapitre-43\/\" \/>\n<meta property=\"og:locale\" content=\"fr_FR\" \/>\n<meta property=\"og:type\" content=\"article\" \/>\n<meta property=\"og:title\" content=\"Chapitre 43 - Selection of Attractive States\" \/>\n<meta property=\"og:description\" content=\"Sortir de l\u2019habitation s\u2019est av\u00e9r\u00e9 plus facile que d\u2019y entrer. A l\u2019endroit le plus en vue un bouton bien en \u00e9vidence \u00e9tait plant\u00e9 \u2013 j\u2019ai appuy\u00e9 dessus, le portillon s\u2019est ouvert. Comment est-ce que j\u2019avais pu ne pas le remarquer lorsque je m\u2019affolais l\u00e0 en recherche de la sortie, en envisageant me jeter sur les [&hellip;]\" \/>\n<meta property=\"og:url\" content=\"https:\/\/bodhi.name\/fr\/maya-livre-1\/chapitre-43\/\" \/>\n<meta property=\"og:site_name\" content=\"Selection of Attractive States\" \/>\n<meta name=\"twitter:card\" content=\"summary_large_image\" \/>\n<meta name=\"twitter:label1\" content=\"Dur\u00e9e de lecture estim\u00e9e\" \/>\n\t<meta name=\"twitter:data1\" content=\"15 minutes\" \/>\n<script type=\"application\/ld+json\" class=\"yoast-schema-graph\">{\"@context\":\"https:\/\/schema.org\",\"@graph\":[{\"@type\":\"WebPage\",\"@id\":\"https:\/\/bodhi.name\/fr\/maya-livre-1\/chapitre-43\/\",\"url\":\"https:\/\/bodhi.name\/fr\/maya-livre-1\/chapitre-43\/\",\"name\":\"Chapitre 43 - Selection of Attractive States\",\"isPartOf\":{\"@id\":\"https:\/\/bodhi.name\/ru\/#website\"},\"datePublished\":\"2015-03-19T19:07:15+00:00\",\"breadcrumb\":{\"@id\":\"https:\/\/bodhi.name\/fr\/maya-livre-1\/chapitre-43\/#breadcrumb\"},\"inLanguage\":\"fr-FR\",\"potentialAction\":[{\"@type\":\"ReadAction\",\"target\":[\"https:\/\/bodhi.name\/fr\/maya-livre-1\/chapitre-43\/\"]}]},{\"@type\":\"BreadcrumbList\",\"@id\":\"https:\/\/bodhi.name\/fr\/maya-livre-1\/chapitre-43\/#breadcrumb\",\"itemListElement\":[{\"@type\":\"ListItem\",\"position\":1,\"name\":\"\u0413\u043b\u0430\u0432\u043d\u0430\u044f \u0441\u0442\u0440\u0430\u043d\u0438\u0446\u0430\",\"item\":\"https:\/\/bodhi.name\/fr\/\"},{\"@type\":\"ListItem\",\"position\":2,\"name\":\"\u00abMAYA\u00bb. Livre 1: Force mineure\",\"item\":\"https:\/\/bodhi.name\/fr\/maya-livre-1\/\"},{\"@type\":\"ListItem\",\"position\":3,\"name\":\"Chapitre 43\"}]},{\"@type\":\"WebSite\",\"@id\":\"https:\/\/bodhi.name\/ru\/#website\",\"url\":\"https:\/\/bodhi.name\/ru\/\",\"name\":\"Selection of Attractive States\",\"description\":\"Psychologie exp\u00e9rimentale\",\"potentialAction\":[{\"@type\":\"SearchAction\",\"target\":{\"@type\":\"EntryPoint\",\"urlTemplate\":\"https:\/\/bodhi.name\/ru\/?s={search_term_string}\"},\"query-input\":{\"@type\":\"PropertyValueSpecification\",\"valueRequired\":true,\"valueName\":\"search_term_string\"}}],\"inLanguage\":\"fr-FR\"}]}<\/script>\n<!-- \/ Yoast SEO plugin. -->","yoast_head_json":{"title":"Chapitre 43 - Selection of Attractive States","robots":{"index":"index","follow":"follow","max-snippet":"max-snippet:-1","max-image-preview":"max-image-preview:large","max-video-preview":"max-video-preview:-1"},"canonical":"https:\/\/bodhi.name\/fr\/maya-livre-1\/chapitre-43\/","og_locale":"fr_FR","og_type":"article","og_title":"Chapitre 43 - Selection of Attractive States","og_description":"Sortir de l\u2019habitation s\u2019est av\u00e9r\u00e9 plus facile que d\u2019y entrer. A l\u2019endroit le plus en vue un bouton bien en \u00e9vidence \u00e9tait plant\u00e9 \u2013 j\u2019ai appuy\u00e9 dessus, le portillon s\u2019est ouvert. Comment est-ce que j\u2019avais pu ne pas le remarquer lorsque je m\u2019affolais l\u00e0 en recherche de la sortie, en envisageant me jeter sur les [&hellip;]","og_url":"https:\/\/bodhi.name\/fr\/maya-livre-1\/chapitre-43\/","og_site_name":"Selection of Attractive States","twitter_card":"summary_large_image","twitter_misc":{"Dur\u00e9e de lecture estim\u00e9e":"15 minutes"},"schema":{"@context":"https:\/\/schema.org","@graph":[{"@type":"WebPage","@id":"https:\/\/bodhi.name\/fr\/maya-livre-1\/chapitre-43\/","url":"https:\/\/bodhi.name\/fr\/maya-livre-1\/chapitre-43\/","name":"Chapitre 43 - Selection of Attractive States","isPartOf":{"@id":"https:\/\/bodhi.name\/ru\/#website"},"datePublished":"2015-03-19T19:07:15+00:00","breadcrumb":{"@id":"https:\/\/bodhi.name\/fr\/maya-livre-1\/chapitre-43\/#breadcrumb"},"inLanguage":"fr-FR","potentialAction":[{"@type":"ReadAction","target":["https:\/\/bodhi.name\/fr\/maya-livre-1\/chapitre-43\/"]}]},{"@type":"BreadcrumbList","@id":"https:\/\/bodhi.name\/fr\/maya-livre-1\/chapitre-43\/#breadcrumb","itemListElement":[{"@type":"ListItem","position":1,"name":"\u0413\u043b\u0430\u0432\u043d\u0430\u044f \u0441\u0442\u0440\u0430\u043d\u0438\u0446\u0430","item":"https:\/\/bodhi.name\/fr\/"},{"@type":"ListItem","position":2,"name":"\u00abMAYA\u00bb. Livre 1: Force mineure","item":"https:\/\/bodhi.name\/fr\/maya-livre-1\/"},{"@type":"ListItem","position":3,"name":"Chapitre 43"}]},{"@type":"WebSite","@id":"https:\/\/bodhi.name\/ru\/#website","url":"https:\/\/bodhi.name\/ru\/","name":"Selection of Attractive States","description":"Psychologie exp\u00e9rimentale","potentialAction":[{"@type":"SearchAction","target":{"@type":"EntryPoint","urlTemplate":"https:\/\/bodhi.name\/ru\/?s={search_term_string}"},"query-input":{"@type":"PropertyValueSpecification","valueRequired":true,"valueName":"search_term_string"}}],"inLanguage":"fr-FR"}]}},"_links":{"self":[{"href":"https:\/\/bodhi.name\/fr\/wp-json\/wp\/v2\/pages\/9616","targetHints":{"allow":["GET"]}}],"collection":[{"href":"https:\/\/bodhi.name\/fr\/wp-json\/wp\/v2\/pages"}],"about":[{"href":"https:\/\/bodhi.name\/fr\/wp-json\/wp\/v2\/types\/page"}],"author":[{"embeddable":true,"href":"https:\/\/bodhi.name\/fr\/wp-json\/wp\/v2\/users\/8235"}],"replies":[{"embeddable":true,"href":"https:\/\/bodhi.name\/fr\/wp-json\/wp\/v2\/comments?post=9616"}],"version-history":[{"count":1,"href":"https:\/\/bodhi.name\/fr\/wp-json\/wp\/v2\/pages\/9616\/revisions"}],"predecessor-version":[{"id":9617,"href":"https:\/\/bodhi.name\/fr\/wp-json\/wp\/v2\/pages\/9616\/revisions\/9617"}],"up":[{"embeddable":true,"href":"https:\/\/bodhi.name\/fr\/wp-json\/wp\/v2\/pages\/7693"}],"wp:attachment":[{"href":"https:\/\/bodhi.name\/fr\/wp-json\/wp\/v2\/media?parent=9616"}],"curies":[{"name":"wp","href":"https:\/\/api.w.org\/{rel}","templated":true}]}}