{"id":9590,"date":"2015-03-19T15:45:32","date_gmt":"2015-03-19T11:45:32","guid":{"rendered":"http:\/\/bodhi.name\/?page_id=9590"},"modified":"2015-03-19T15:45:32","modified_gmt":"2015-03-19T11:45:32","slug":"chapitre-33","status":"publish","type":"page","link":"https:\/\/bodhi.name\/fr\/maya-livre-1\/chapitre-33\/","title":{"rendered":"Chapitre 33"},"content":{"rendered":"<p>Je me suis r\u00e9veill\u00e9e plus t\u00f4t que d\u2019habitude \u2013 \u00e0 peu pr\u00e8s \u00e0 cinq heures du matin. Mes r\u00eaves avaient \u00e9t\u00e9 confus, tout s\u2019\u00e9tait entrem\u00eal\u00e9 sans dessous dessus \u2013 Bodh-Gay\u00e2, certaines images de mon enfance, les voix de ces Indiens foutus me harcelant avec hurlements et me proposant des h\u00f4tels, toutes sortes de choses g\u00e9n\u00e9rales, alors je voulais me d\u00e9barrasser de l\u2019ombre gluant de ces b\u00eatises et, en me rendormant, voir quelque chose d\u2019agr\u00e9able dans mon r\u00eave. Je suis sortie sur le balcon \u2013 autour il faisait nuit noire \u2013 pas une moindre lumi\u00e8re, tout dormait d\u2019un sommeil de plomb.<\/p>\n<p>La nuit il fait assez frais ici \u2013 on peut m\u00eame avoir froid. Le climat local n\u2019est pas pour moi quand m\u00eame, la chaleur m\u2019a fatigu\u00e9e. J\u2019ai beau me laver, je me sens gluante et sale. Je suis \u00e9puis\u00e9e par l\u2019attention incessante et importune des Indiens \u2013 m\u00eame s\u2019ils n\u2019essayent pas de vendre quelque chose, ils ne manquent pas de poser des questions, me mater, hurler \u00e0 mon passage\u2026 Peut-\u00eatre faut-il \u00eatre plus dure avec eux? \u00a0Je suis fatigu\u00e9e par le bordel affreux et la salet\u00e9 invraisemblable, qui est difficile d\u2019imaginer dans une telle dimension que \u00e7a existe en Inde.<\/p>\n<p>Et oui, il parait que je ne me sois pas r\u00e9veill\u00e9e en ma meilleure humeur. Qu\u2019est-ce que cette billeves\u00e9e qui sort de moi? \u00a0Hier, ici, dans ce pays merdique, j\u2019ai \u00e9t\u00e9 avec de telles personnes pour parler avec lesquelles je suis pr\u00eate \u00e0 non seulement rester sale et gluante, mais me mettre jusqu\u2019aux oreilles dans cette poubelle\u2026 Lorsque je me trouve \u00e0 leurs c\u00f4t\u00e9s, il n\u2019importe absolument pas ce qui se passe autour, comme si le monde de la vie ordinaire ne me concernait pas, en glissant en hologrammes nullement importants sur une sph\u00e8re invisible \u00e0 l\u2019int\u00e9rieur de laquelle je vis ma merveilleuse vie.<\/p>\n<p>Et voila que je suis sur le balcon et je savoure mon m\u00e9contentement s\u00e9nile en plongeant dans un \u00e9tat demi d\u00e9pressif bien connu, comme si ni hier, ni dans le train, ni \u00e0 Rishikesh, ni \u00e0 Kulu je n\u2019ai rencontr\u00e9 personne, ni ressenti rien. Comment est-ce possible? \u00a0J\u2019ai lu chez Castaneda qu\u2019il oubliait compl\u00e8tement de grosses tranches de sa vie qu\u2019il passait avec des mages. Il expliquait \u00e7a comme une position de point d\u2019assemblement, la position a chang\u00e9 de place \u2013 et \u00e7a y est, on redevient une personne ordinaire\u2026 Et si elle s\u2019\u00e9tait d\u00e9plac\u00e9e pour toujours dans ce pleurnichage s\u00e9nile dans lequel j\u2019avais plong\u00e9 si promptement et facilement?<\/p>\n<p>\u2026 Pourtant je n\u2019en sais rien sur ce que c\u2019est qu\u2019un point d\u2019assemblement! \u00a0Hier, il me semblait que je ne pataugerais plus jamais dans cette connerie \u2013 s\u2019appuyer sur quelque chose dont je n\u2019ai pas la perception. Et non, je m\u2019y retrouve de nouveau\u2026 Quoi faire? \u00a0En pensant qu\u2019il fallait renoncer \u00e0 toutes les id\u00e9es concernant le point d\u2019assemblement juste parce que je n\u2019en avais aucune perception, j\u2019ai eu le sentiment d\u2019une terrible perte, comme si l\u2019on me prenait mon jouet pr\u00e9f\u00e9r\u00e9. C\u2019est comme \u00e7a que \u00e7a enlise\u2026 Le d\u00e9sespoir m\u2019a serr\u00e9 la gorge, j\u2019ai eu envie de pleurer et de me plaindre, &#8211; tout retombait sur moi encore et encore\u2026 Quoi que j\u2019aie compris hier, quoi que j\u2019aie v\u00e9cu, &#8211; c\u2019\u00e9tait in\u00e9vitable, in\u00e9vitable\u2026 Quelle billeves\u00e9e??? Si c\u2019est pas ceci, c\u2019est autre chose. Quoi faire avec \u00e7a \u2013 je ne sais pas. Il vaut mieux retourner dormir que se foutre tant\u00f4t dans une merde tant\u00f4t dans une autre.<\/p>\n<p>Je suis retourn\u00e9e dans la chambre, je me suis remise dans le lit, en me roulant, m\u2019\u00e9tirant\u2026 si seulement il y avait Kristi ici\u2026 \u00e0 moiti\u00e9 endormie, chaude, tendre\u2026 peloter ses petits seins, l\u00e9cher ses petits mamelons saillants, embrasser ses petits pieds, mordiller sa nuque, jouer avec ses fesses fermes\u2026 ma main a gliss\u00e9 en bas, les doigts ont touch\u00e9 le clitoris, et des vagues chaudes d\u2019anticipation se sont roul\u00e9es sur le corps. J\u2019ai ferm\u00e9 les yeux en me livrant \u00e0 ce d\u00e9lice, en m\u2019approchant de l\u2019orgasme graduellement et en m\u2019en \u00e9loignant ensuite, pour m\u2019\u00e9tendre encore plus avec une nouvelle torsion d\u2019excitation, pour toucher un ciel encore plus haut\u2026<\/p>\n<p>Le r\u00eave m\u2019enveloppait davantage, m\u2019entra\u00eenait \u2026 un demi assoupissement, les doigts tant\u00f4t s\u2019arr\u00eataient, en c\u00e9dant au sommeil, tant\u00f4t me retournaient \u00e0 mes fantasmes, encore le r\u00eave\u2026 les images s\u2019entrem\u00ealaient\u2026 le visage \u00e0 Sart, celui \u00e0 Kam\u2026 les seins fermes \u00e0 Kristi\u2026 nous deux ensemble, se tenant dans les bras l\u2019une l\u2019autre, se caressant mutuellement avec nos doigts\u2026 ses l\u00e8vres\u2026 voici Kam allong\u00e9 sur l\u2019herbe\u2026 Kam\u2026 Kam? \u2026 Est-ce un r\u00eave ou pas? \u00a0Tout \u00e0 coup, une sorte de loupe a saisi un morceau parmi des images et des sensations entrem\u00eal\u00e9es, l\u2019a bien fix\u00e9, solidement, en cr\u00e9ant un \u00eelot de lucidit\u00e9 au milieu de la jungle des perceptions demi conscientes et demi assoupies, et il \u00e9tait tellement clair que les deux \u2013 cet \u00eelot, c\u2019\u00e9tait justement \u00abmoi\u00bb, et le chaos autour \u2013 c\u2019\u00e9tait \u00abmoi\u00bb aussi.<\/p>\n<p>L\u2019effet de la loupe \u00e9tait incroyablement pr\u00e9cis. L\u2019\u00eelot a pris une forme d\u2019un cercle bien rond, s\u2019est color\u00e9 en mauve violet intense, je regardais \u00e0 travers cette loupe et tout ce que j\u2019y voyais \u2013 ce n\u2019\u00e9tait pas simplement que je le voyais, je le ressentais, c\u2019est-\u00e0-dire que j\u2019\u00e9tais l\u2019observatrice et l\u2019observ\u00e9e en m\u00eame temps. C\u2019est si naturel, si simple, mais zut, comment est-ce possible? \u00a0Euh?<\/p>\n<p>Je me suis demand\u00e9 si je pouvais retourner dans hier soir? \u00a0Tout de suite la clairi\u00e8re, sur laquelle nous \u00e9tions tous assis, a apparu, -voici Sart qui parle \u00e0 la jeune fille blonde, voici Kam, voici moi\u2026 Moi???<\/p>\n<p>Ce n\u2019est peut-\u00eatre qu\u2019une simple hallucination? \u00a0D\u00e9finitivement, ce n\u2019est pas l\u2019imagination! \u00a0Quand j\u2019imagine, je sais ce que je veux imaginer, en permutant volontairement des images devenant floues, mais maintenant il n\u2019y a aucune intention, aucune manipulation voulue des images \u2013 j\u2019ai eu tout simplement envie de le voir et je l\u2019ai vu, mais il n\u2019est pas possible de me m\u00ealer de ce que je vois, ni fantasmer. C\u2019est comme si je regardais un cin\u00e9ma avec un sujet que je ne pouvais pas changer\u2026 et je voyais aussi distinctement comme sur l\u2019\u00e9cran!<\/p>\n<p>Non, ce ne sont pas des fantaisies, c\u2019est quelque chose d\u2019extraordinaire, qui vit sa vie que je peux observer. Voici par l\u00e0 les deux personnes que je n\u2019ai pas eu le temps de voir hier, et maintenant la lumi\u00e8re violette a bien \u00e9clair\u00e9 leurs visages, mon attention a \u00e9t\u00e9 attir\u00e9e par celui qui \u00e9tait plus costaud, plus virile\u2026 Je veux examiner son visage! \u00a0Le tableau s\u2019est d\u00e9plac\u00e9 docilement, en suivant mon d\u00e9sir. J\u2019examine son visage en le voyant tout pr\u00e8s, tr\u00e8s clairement, je peux m\u00eame si je veux voir les pores de sa peau\u2026 Je n\u2019ai jamais eu une aussi bonne\u00a0vue!<\/p>\n<p>Est-ce qu\u2019il est vraiment comme \u00e7a en r\u00e9alit\u00e9??? Cette id\u00e9e m\u2019a \u00e9merveill\u00e9e et effray\u00e9e en m\u00eame temps. Mais non, bien s\u00fbr que non, ce n\u2019est qu\u2019un r\u00eave, mon r\u00eave\u2026 Pourtant quel plaisir ce r\u00eave, ce jeu me procure, je ne saurais m\u00eame pas le d\u00e9crire, &#8211; cela ne m\u2019est jamais encore arriv\u00e9. Et si tout \u00e0 coup tout disparaissait aussi brusquement que cela avait apparu?<\/p>\n<p>Non, \u00e7a ne dispara\u00eetra pas, je peux m\u00eame laisser mes pens\u00e9es me distraire, pourtant la vie l\u00e0-bas continue. Quels beaux yeux il a! \u00a0Le plan est trop gros, et si je \u00abm\u2019\u00e9loignais\u00bb un peu\u2026 une vague de peur aigue m\u2019a frapp\u00e9e \u00e0 la poitrine et a roul\u00e9 en un coup de temp\u00eate sur tout mon corps &#8211; ces yeux m\u2019OBSERVENT! \u00a0Ce n\u2019est pas possible, c\u2019est trop, ce jeu est all\u00e9 trop loin\u2026 Il faut tout de suite arr\u00eater cette exp\u00e9rience \u00e9trange, je veux sortir du jeu, je n\u2019en veux plus, je ne le ferai plus, je promets que j\u2019arr\u00eate\u2026 La t\u00e2che violette est devenue floue et a presque disparu, incroyable\u2026 je m\u2019en suis sortie\u2026 Il parait que les conjurations m\u2019ont aid\u00e9e.<\/p>\n<p>J\u2019ai soupir\u00e9, soulag\u00e9e\u2026 mais une minute plus tard mon humeur a chang\u00e9. Comment est-ce que j\u2019ai pu faire \u00e7a? \u00a0Comment est-ce que j\u2019ai pu foutre une telle exp\u00e9rience en l\u2019air? \u00a0Retour, tout de suite! \u00a0En surmontant des pulsions de peur qui s\u2019\u00e9teignaient, j\u2019ai \u00abraviv\u00e9\u00bb l\u2019image. La m\u00eame clairi\u00e8re, les gens, je m\u2019approche\u2026 son visage de nouveau\u2026 est-ce que je regarde dans ses yeux ou pas? \u00a0Et si je voyais de nouveau qu\u2019il me regardait? \u00a0\u2026 Je vais voir quand m\u00eame\u2026 Maintenant, plus pr\u00e8s\u2026 Encore un coup de peur \u2013 il m\u2019observe, J\u2019EN SUIS SURE! \u00a0La peur a augment\u00e9, me recouvrant vague par vague, je n\u2019ai jamais eu aussi peur\u2026 Non, j\u2019en ai assez, \u00e7a y est, j\u2019arr\u00eate\u2026 je n\u2019arrive pas! \u00a0Je n\u2019arrive pas \u00e0 d\u00e9tourner mes yeux de l\u2019image!<\/p>\n<p>Cette personne s\u2019est empar\u00e9e de moi! \u00a0Il a vu que je l\u2019observais et il s\u2019est empar\u00e9 de mon regard! \u00a0Il faut ouvrir les yeux, puisque je ne dors pas, il faut se d\u00e9barrasser de cet \u00e9tat \u00e0 moiti\u00e9 endormi dans lequel cette aberration mentale a apparu\u2026 Je n\u2019y arrive pas! \u00a0La terreur glaciale, &#8211; elle va me geler pour de bon. Je n\u2019arrive ni ouvrir les yeux, ni bouger la main \u2013 rien! \u00a0Le corps est compl\u00e8tement paralys\u00e9, je ne me tiens tout simplement pas de peur.<\/p>\n<p>Je veux hurler, mais je n\u2019arrive m\u00eame pas \u00e0 bouger la langue\u2026 Ca y est, je suis foutue. A ce moment l\u00e0, la peur a transgress\u00e9 une sorte de limite derri\u00e8re laquelle un point d\u2019appui s\u2019est d\u00e9couvert tout \u00e0 coup, ou plut\u00f4t une allusion \u00e0 un point d\u2019appui. J\u2019ai ramass\u00e9 toutes mes forces en une seule boule, en un seul effort d\u00e9sesp\u00e9r\u00e9 et j\u2019ai essay\u00e9 de bouger, et ayant enlev\u00e9 une plaque en pierre qui pesait une tonne sur moi, je me suis tourn\u00e9e sur mon c\u00f4t\u00e9 gauche.<\/p>\n<p>Bon, c\u2019est le d\u00e9but\u2026 il faut ouvrir les yeux maintenant et me lever\u2026 ou bien les yeux sont d\u00e9j\u00e0 ouverts? \u00a0En tout cas, je vois toute la pi\u00e8ce\u2026 mais comment est-ce que je peux la voir toute enti\u00e8re?? A ce moment l\u00e0 je me suis rendue compte de ce qui \u00e9tait tellement au-del\u00e0 des limites de tout ce qui \u00e9tait possible, que je n\u2019ai m\u00eame pas ressenti d\u2019\u00e9motions, juste le marais de peur lourd s\u2019est agit\u00e9 avec de nouvelles forces: mon corps \u00e9tait \u00e9tendue \u00e0 droite de moi sur le dos aussi immobile, et moi je le regardais, \u00aballong\u00e9e sur le c\u00f4t\u00e9\u00bb, le visage tourn\u00e9 en sens oppos\u00e9!<\/p>\n<p>J\u2019ai hurl\u00e9 et je me suis rendu compte que mon cri n\u2019\u00e9tait entendu que par moi-m\u00eame \u2013 le corps restait immobile, sans faire aucun bruit. Quoi faire??? Et tout de suite une pens\u00e9e vive m\u2019est venue que je n\u2019ai m\u00eame pas analys\u00e9e, car j\u2019\u00e9tais pr\u00eate \u00e0 essayer tout ce qui pouvait me donner une moindre chance d\u2019\u00eatre sauv\u00e9e. J\u2019ai cri\u00e9 \u00abfort\u00bb plusieurs fois:\u00bbSart, aide-moi! \u00bb. Je ne pouvais plus me consoler avec l\u2019id\u00e9e que ce n\u2019\u00e9tait qu\u2019un r\u00eave ou une fantaisie \u2013 tout \u00e9tait trop r\u00e9el. Cependant, mes hurlements ont fait de sorte que la peur a sensiblement diminu\u00e9, en tout cas elle ne m\u2019inondait plus, mais ondulait quelque part en bas. J\u2019ai continu\u00e9 \u00e0 appeler Sart, et quelque part dans la partie centrale de \u00abmoi\u00bb, une partie assez large, le calme s\u2019est install\u00e9. Le calme a accru en se transformant en de la qui\u00e9tude, dont l\u2019intensit\u00e9 a grandi jusqu\u2019\u00e0 un tel niveau que \u00abmoi toute enti\u00e8re\u00bb je me suis mise \u00e0 vibrer profond\u00e9ment et tr\u00e8s agr\u00e9ablement. La peur s\u2019\u00e9brouait \u00aben moi\u00bb \u00abde l\u2019ext\u00e9rieur\u00bb, mais elle n\u2019arrivait pas \u00e0 p\u00e9n\u00e9trer dans la zone de la qui\u00e9tude, la vibration de la qui\u00e9tude \u00e9tait pour elle un obstacle infranchissable, bien que j\u2019aie continu\u00e9 \u00e0 ressentir son poison, c\u2019\u00e9tait quelque part en p\u00e9riph\u00e9rie. A cet instant l\u00e0 la voix de Sart a retenti:\u00bbregarde dans ses yeux et fais-leur confiance\u00bb. C\u2019\u00e9tait effectivement la voix \u00e0 Sart, sans faute, je ne comprenais pas d\u2019o\u00f9 elle venait, elle prenait sa source dans un certain point \u00e0 l\u2019int\u00e9rieur de l\u2019endroit de la qui\u00e9tude vibrante.<\/p>\n<p>La confiance que je faisait \u00e0 Sart \u00e9tait in\u00e9branlable, en mettant de c\u00f4t\u00e9 mon h\u00e9sitation et en agissant comme si je me jetais \u00e0 l\u2019eau froide, je me suis concentr\u00e9e, j\u2019ai voulu revoir la t\u00e2che violette, je l\u2019ai revue tout de suite apr\u00e8s, je suis \u00abretourn\u00e9e\u00bb sur la clairi\u00e8re, j\u2019ai revu cette personne (avec m\u00e9fiance), \u00abje me suis approch\u00e9e de lui\u00bb, j\u2019ai regard\u00e9 son visage et pendant quelques secondes je n\u2019arrivais pas \u00e0 me d\u00e9cider. Allez, vas-y, arr\u00eate de flipper\u2026 une inspiration profonde, et, finalement, j\u2019ai regard\u00e9 dans ses yeux, frapp\u00e9e par la peur, comme par un coup de jus \u2013 puis-je m\u2019y habituer??<\/p>\n<p>Cette fois-ci il y avait une moquerie dans ses yeux, mais moi je ne rigolais pas. Sans savoir quoi faire de plus, je regardais tout simplement dans ses yeux, et un peu plus tard ils se sont approch\u00e9s, mais cette fois sans ma volont\u00e9. J\u2019avais une sensation comme si l\u2019on a allum\u00e9 le syst\u00e8me d\u2019autog\u00e9rance \u00aben moi\u00bb, et il proc\u00e9dait de mani\u00e8re que je ne pouvais pas contr\u00f4ler, je n\u2019y aspirais pas non plus, en me consolant par le fait que Sart a conseill\u00e9 de faire confiance \u00e0 cette cr\u00e9ature. Je me suis approch\u00e9e tellement que je ne voyais que son seul \u0153il \u2013 droit, il \u00e9tait \u00e9norme, il recouvrait tout le champ de vision, et une vie merveilleuse s\u2019ouvrait en lui. C\u2019\u00e9tait un \u0153il seulement vu de loin, mais approch\u00e9 de si pr\u00e8s il paraissait une chose extraordinaire, inexprimable, j\u2019ai dirig\u00e9 mon attention \u00e0 la pupille qui \u00e9tait un seul \u00eelot stable dans l\u2019oc\u00e9an de l\u2019\u0153il, la pupille a avanc\u00e9 promptement et j\u2019y suis entr\u00e9e en volant et en perdant toute conscience de moi \u00e0 cet instant l\u00e0.<\/p>\n","protected":false},"excerpt":{"rendered":"<p>Je me suis r\u00e9veill\u00e9e plus t\u00f4t que d\u2019habitude \u2013 \u00e0 peu pr\u00e8s \u00e0 cinq heures du matin. Mes r\u00eaves avaient \u00e9t\u00e9 confus, tout s\u2019\u00e9tait entrem\u00eal\u00e9 sans dessous dessus \u2013 Bodh-Gay\u00e2, certaines images de mon enfance, les voix de ces Indiens foutus me harcelant avec hurlements et me proposant des h\u00f4tels, toutes sortes de choses g\u00e9n\u00e9rales, [&hellip;]<\/p>\n","protected":false},"author":8235,"featured_media":0,"parent":7693,"menu_order":0,"comment_status":"open","ping_status":"closed","template":"","meta":{"_acf_changed":false,"footnotes":""},"class_list":["post-9590","page","type-page","status-publish","hentry"],"acf":[],"yoast_head":"<!-- This site is optimized with the Yoast SEO plugin v27.2 - https:\/\/yoast.com\/product\/yoast-seo-wordpress\/ -->\n<title>Chapitre 33 - Selection of Attractive States<\/title>\n<meta name=\"robots\" content=\"index, follow, max-snippet:-1, max-image-preview:large, max-video-preview:-1\" \/>\n<link rel=\"canonical\" href=\"https:\/\/bodhi.name\/fr\/maya-livre-1\/chapitre-33\/\" \/>\n<meta property=\"og:locale\" content=\"fr_FR\" \/>\n<meta property=\"og:type\" content=\"article\" \/>\n<meta property=\"og:title\" content=\"Chapitre 33 - Selection of Attractive States\" \/>\n<meta property=\"og:description\" content=\"Je me suis r\u00e9veill\u00e9e plus t\u00f4t que d\u2019habitude \u2013 \u00e0 peu pr\u00e8s \u00e0 cinq heures du matin. Mes r\u00eaves avaient \u00e9t\u00e9 confus, tout s\u2019\u00e9tait entrem\u00eal\u00e9 sans dessous dessus \u2013 Bodh-Gay\u00e2, certaines images de mon enfance, les voix de ces Indiens foutus me harcelant avec hurlements et me proposant des h\u00f4tels, toutes sortes de choses g\u00e9n\u00e9rales, [&hellip;]\" \/>\n<meta property=\"og:url\" content=\"https:\/\/bodhi.name\/fr\/maya-livre-1\/chapitre-33\/\" \/>\n<meta property=\"og:site_name\" content=\"Selection of Attractive States\" \/>\n<meta name=\"twitter:card\" content=\"summary_large_image\" \/>\n<meta name=\"twitter:label1\" content=\"Dur\u00e9e de lecture estim\u00e9e\" \/>\n\t<meta name=\"twitter:data1\" content=\"13 minutes\" \/>\n<script type=\"application\/ld+json\" class=\"yoast-schema-graph\">{\"@context\":\"https:\/\/schema.org\",\"@graph\":[{\"@type\":\"WebPage\",\"@id\":\"https:\/\/bodhi.name\/fr\/maya-livre-1\/chapitre-33\/\",\"url\":\"https:\/\/bodhi.name\/fr\/maya-livre-1\/chapitre-33\/\",\"name\":\"Chapitre 33 - Selection of Attractive States\",\"isPartOf\":{\"@id\":\"https:\/\/bodhi.name\/ru\/#website\"},\"datePublished\":\"2015-03-19T11:45:32+00:00\",\"breadcrumb\":{\"@id\":\"https:\/\/bodhi.name\/fr\/maya-livre-1\/chapitre-33\/#breadcrumb\"},\"inLanguage\":\"fr-FR\",\"potentialAction\":[{\"@type\":\"ReadAction\",\"target\":[\"https:\/\/bodhi.name\/fr\/maya-livre-1\/chapitre-33\/\"]}]},{\"@type\":\"BreadcrumbList\",\"@id\":\"https:\/\/bodhi.name\/fr\/maya-livre-1\/chapitre-33\/#breadcrumb\",\"itemListElement\":[{\"@type\":\"ListItem\",\"position\":1,\"name\":\"\u0413\u043b\u0430\u0432\u043d\u0430\u044f \u0441\u0442\u0440\u0430\u043d\u0438\u0446\u0430\",\"item\":\"https:\/\/bodhi.name\/fr\/\"},{\"@type\":\"ListItem\",\"position\":2,\"name\":\"\u00abMAYA\u00bb. Livre 1: Force mineure\",\"item\":\"https:\/\/bodhi.name\/fr\/maya-livre-1\/\"},{\"@type\":\"ListItem\",\"position\":3,\"name\":\"Chapitre 33\"}]},{\"@type\":\"WebSite\",\"@id\":\"https:\/\/bodhi.name\/ru\/#website\",\"url\":\"https:\/\/bodhi.name\/ru\/\",\"name\":\"Selection of Attractive States\",\"description\":\"Psychologie exp\u00e9rimentale\",\"potentialAction\":[{\"@type\":\"SearchAction\",\"target\":{\"@type\":\"EntryPoint\",\"urlTemplate\":\"https:\/\/bodhi.name\/ru\/?s={search_term_string}\"},\"query-input\":{\"@type\":\"PropertyValueSpecification\",\"valueRequired\":true,\"valueName\":\"search_term_string\"}}],\"inLanguage\":\"fr-FR\"}]}<\/script>\n<!-- \/ Yoast SEO plugin. -->","yoast_head_json":{"title":"Chapitre 33 - Selection of Attractive States","robots":{"index":"index","follow":"follow","max-snippet":"max-snippet:-1","max-image-preview":"max-image-preview:large","max-video-preview":"max-video-preview:-1"},"canonical":"https:\/\/bodhi.name\/fr\/maya-livre-1\/chapitre-33\/","og_locale":"fr_FR","og_type":"article","og_title":"Chapitre 33 - Selection of Attractive States","og_description":"Je me suis r\u00e9veill\u00e9e plus t\u00f4t que d\u2019habitude \u2013 \u00e0 peu pr\u00e8s \u00e0 cinq heures du matin. Mes r\u00eaves avaient \u00e9t\u00e9 confus, tout s\u2019\u00e9tait entrem\u00eal\u00e9 sans dessous dessus \u2013 Bodh-Gay\u00e2, certaines images de mon enfance, les voix de ces Indiens foutus me harcelant avec hurlements et me proposant des h\u00f4tels, toutes sortes de choses g\u00e9n\u00e9rales, [&hellip;]","og_url":"https:\/\/bodhi.name\/fr\/maya-livre-1\/chapitre-33\/","og_site_name":"Selection of Attractive States","twitter_card":"summary_large_image","twitter_misc":{"Dur\u00e9e de lecture estim\u00e9e":"13 minutes"},"schema":{"@context":"https:\/\/schema.org","@graph":[{"@type":"WebPage","@id":"https:\/\/bodhi.name\/fr\/maya-livre-1\/chapitre-33\/","url":"https:\/\/bodhi.name\/fr\/maya-livre-1\/chapitre-33\/","name":"Chapitre 33 - Selection of Attractive States","isPartOf":{"@id":"https:\/\/bodhi.name\/ru\/#website"},"datePublished":"2015-03-19T11:45:32+00:00","breadcrumb":{"@id":"https:\/\/bodhi.name\/fr\/maya-livre-1\/chapitre-33\/#breadcrumb"},"inLanguage":"fr-FR","potentialAction":[{"@type":"ReadAction","target":["https:\/\/bodhi.name\/fr\/maya-livre-1\/chapitre-33\/"]}]},{"@type":"BreadcrumbList","@id":"https:\/\/bodhi.name\/fr\/maya-livre-1\/chapitre-33\/#breadcrumb","itemListElement":[{"@type":"ListItem","position":1,"name":"\u0413\u043b\u0430\u0432\u043d\u0430\u044f \u0441\u0442\u0440\u0430\u043d\u0438\u0446\u0430","item":"https:\/\/bodhi.name\/fr\/"},{"@type":"ListItem","position":2,"name":"\u00abMAYA\u00bb. Livre 1: Force mineure","item":"https:\/\/bodhi.name\/fr\/maya-livre-1\/"},{"@type":"ListItem","position":3,"name":"Chapitre 33"}]},{"@type":"WebSite","@id":"https:\/\/bodhi.name\/ru\/#website","url":"https:\/\/bodhi.name\/ru\/","name":"Selection of Attractive States","description":"Psychologie exp\u00e9rimentale","potentialAction":[{"@type":"SearchAction","target":{"@type":"EntryPoint","urlTemplate":"https:\/\/bodhi.name\/ru\/?s={search_term_string}"},"query-input":{"@type":"PropertyValueSpecification","valueRequired":true,"valueName":"search_term_string"}}],"inLanguage":"fr-FR"}]}},"_links":{"self":[{"href":"https:\/\/bodhi.name\/fr\/wp-json\/wp\/v2\/pages\/9590","targetHints":{"allow":["GET"]}}],"collection":[{"href":"https:\/\/bodhi.name\/fr\/wp-json\/wp\/v2\/pages"}],"about":[{"href":"https:\/\/bodhi.name\/fr\/wp-json\/wp\/v2\/types\/page"}],"author":[{"embeddable":true,"href":"https:\/\/bodhi.name\/fr\/wp-json\/wp\/v2\/users\/8235"}],"replies":[{"embeddable":true,"href":"https:\/\/bodhi.name\/fr\/wp-json\/wp\/v2\/comments?post=9590"}],"version-history":[{"count":1,"href":"https:\/\/bodhi.name\/fr\/wp-json\/wp\/v2\/pages\/9590\/revisions"}],"predecessor-version":[{"id":9591,"href":"https:\/\/bodhi.name\/fr\/wp-json\/wp\/v2\/pages\/9590\/revisions\/9591"}],"up":[{"embeddable":true,"href":"https:\/\/bodhi.name\/fr\/wp-json\/wp\/v2\/pages\/7693"}],"wp:attachment":[{"href":"https:\/\/bodhi.name\/fr\/wp-json\/wp\/v2\/media?parent=9590"}],"curies":[{"name":"wp","href":"https:\/\/api.w.org\/{rel}","templated":true}]}}