{"id":9586,"date":"2015-03-19T15:41:44","date_gmt":"2015-03-19T11:41:44","guid":{"rendered":"http:\/\/bodhi.name\/?page_id=9586"},"modified":"2015-03-19T15:41:44","modified_gmt":"2015-03-19T11:41:44","slug":"chapitre-31","status":"publish","type":"page","link":"https:\/\/bodhi.name\/fr\/maya-livre-1\/chapitre-31\/","title":{"rendered":"Chapitre 31"},"content":{"rendered":"<p>Bodh-Gay\u00e2 \u00e9tait une petite ville assez extraordinaire. L\u00e0, tout avait l\u2019air l\u00e9g\u00e8rement artificiel, comme si provenant d\u2019un mus\u00e9e ou une exposition. Le mus\u00e9e de l\u2019architecture bouddhiste \u00e0 la belle \u00e9toile \u2013 pas aussi \u00e9vident que Sarnath \u00e0 c\u00f4t\u00e9 de Varanacy, mais tr\u00e8s proche de \u00e7a. Le matin j\u2019errais autour de la curiosit\u00e9 principale, vue de partout \u2013 le temple en forme d\u2019une \u00e9norme pyramide en terre cuite, \u00e0 c\u00f4t\u00e9 de laquelle poussait le fameux arbre Bodhi. C\u2019\u00e9tait justement l\u00e0 que, selon la l\u00e9gende, Bouddha Gaoutama a eu son \u00e9veil. Autour un parc est am\u00e9nag\u00e9 avec de nombreuses clairi\u00e8res o\u00f9 l\u2019herbe pousse. Quelqu\u2019un est assis en position du lotus, \u00e9loign\u00e9 de tout le monde, un autre s\u2019\u00e9tend de fa\u00e7on bouddhiste, certains bavardent tout simplement en se vautrant dans l\u2019herbe\u2026 Et tout \u00e7a est entour\u00e9 d\u2019une cl\u00f4ture m\u00e9tallique \u00e0 travers laquelle je scrutais ce qui se passait \u00e0 l\u2019int\u00e9rieur. Je ne voulais pas y entrer, il paraissait que j\u2019attendais \u2013 l\u2019\u00e9lan qui viendrait. Ayant pass\u00e9 par derri\u00e8re, je suis all\u00e9e \u00e0 int\u00e9rieur du parc et me suis assise sur les marches. A c\u00f4t\u00e9 un gars d\u2019\u00e0 peu pr\u00e8s vingt-cinq ans racontait quelque chose \u00e0 un petit groupe.<\/p>\n<p>Je me rapproche un peu, il s\u2019agit de l\u2019histoire canonique de Bouddha, et \u00e7a m\u2019est \u00e9gal. Mais c\u2019est quoi en r\u00e9alit\u00e9 que j\u2019attends? \u00a0Un prince charmant? \u00a0Un ange? \u00a0Il faut tout simplement me lever pour faire un tour du parc \u2013 c\u2019est possible que je ne trouve pas mon compagnon du voyage, je devrais alors venir demain matin pour le guetter toute la journ\u00e9e. Et s\u2019il n\u2019est pas l\u00e0 demain non plus? \u00a0Et si je les ai loup\u00e9s et ils sont d\u00e9j\u00e0 partis??<\/p>\n<p>L\u2019inqui\u00e9tude m\u2019a saisie brusquement, je me suis lev\u00e9e pour faire le tour de toutes les clairi\u00e8res en courant. Il n\u2019\u00e9tait pas l\u00e0. Ayant d\u00e9couvert un portail menant dans le parc avoisinant, j\u2019en ai fait le tour aussi, mais l\u00e0 il n\u2019y avait presque personne\u2026 Tout \u00e0 coup j\u2019ai v\u00e9cu un vide complet. Qu\u2019est-ce je suis sotte\u2026 il ne fallait pas rester autant \u00e0 Varanacy. Pourquoi ai-je v\u00e9cu comme si la possibilit\u00e9 de cette rencontre ne m\u2019\u00e9chapperait pas? \u00a0C\u2019est quoi qui m\u2019a effectivement donn\u00e9 la garantie et me permettait de m\u2019en remettre pr\u00e9tentieusement aux \u00abpressentiments\u00bb quelconques au lieu de \u00abtenir\u00bb ce que j\u2019avais? \u00a0Et quoi maintenant?<\/p>\n<p>J\u2019ai fl\u00e2n\u00e9 dans le parc dans tous mes \u00e9tats pendant encore une heure, je me suis ressaisie finalement et j\u2019ai d\u00e9cid\u00e9 qu\u2019il ne me restait qu\u2019\u00e0 faire tout ce que je pouvais dans cette situation. Je viendrais l\u00e0 tous les jours pour passer du temps sur ces clairi\u00e8res en faisant des tours de temps \u00e0 autre. Cependant, la ville \u00e9tait assez moche, et il n\u2019y avait absolument rien \u00e0 faire par l\u00e0, ces clairi\u00e8res \u00e9taient alors, en tout cas, l\u2019endroit le plus convenable pour rester assis ou allong\u00e9, r\u00e9fl\u00e9chir, lire et \u00e9crire. L\u00e0, des gens venaient pour de diff\u00e9rents s\u00e9minaires et de petits gu\u00e9rillas religieuses \u2013 je pensais faire des connaissances, communiquer, voir de quoi les gens vivaient. (Est-il possible que je sois en retard\u2026 merde\u2026)<\/p>\n<p>Apr\u00e8s le d\u00e9jeuner j\u2019ai encore fait le tour du parc \u2013 sans r\u00e9sultat, c\u2019\u00e9tait le moment alors d\u2019aller sur Internet, quoi que, qui puisse m\u2019\u00e9crire\u2026 je dirais que personne de ceux qui m\u2019int\u00e9ressaient.<\/p>\n<p>J\u2019ai compl\u00e8tement zapp\u00e9 Natashka! \u00a0Un message d\u2019elle \u2013 c\u2019est cool.<\/p>\n<p><em>\u00abC\u2019est encore moi \u2013 Natashka. C\u2019est pas le moment pour moi d\u2019\u00e9crire mais je n\u2019ai pas pu ne pas t\u2019\u00e9crire \u00e0 toi. Je veux partager avec toi ce que je vis, juste avec toi, personne d\u2019autre, bien qu\u2019on se connaisse depuis peu de temps, ou alors justement pour \u00e7a? \u00a0Non, je pense que la vraie raison est que je me sens bien quand je me souviens de toi, je ressens de la chaleur et j\u2019ai envie de te prendre dans mes bras. <\/em><\/p>\n<p><em>Je suis venue \u00e0 Daramsala. Je ne vais pas d\u00e9crire mes impressions de la ville, des moines tib\u00e9tains et des monast\u00e8res \u2013 tu verras toi-m\u00eame quand tu viendras (tu viendras, n\u2019est-ce pas? ) Mais les montagnes\u2026 J\u2019ai fait une petite randonn\u00e9e dans la montagne avec des gars de l\u2019Autriche avec qui j\u2019avais fait la connaissance ici. Les montagnes\u2026 Elles m\u2019ont montr\u00e9 de fa\u00e7on absolument claire ce que je comprenais avant aussi, mais de par la raison, sans \u00e9lan ardant de faire de cette compr\u00e9hension une partie de ma vie. Mon ancienne personnalit\u00e9 se retrouve en une opposition directe avec ma mani\u00e8re de vivre \u00e0 pr\u00e9sent, et m\u2019 y agripper est mortellement dangereux. J\u2019ai toujours eu la tendance de renoncer \u00e0 presque tout pour le plaisir de l\u2019entourage. A ce qui pousse en moi maintenant, je ne peux pas renoncer, et cela m\u2019a litt\u00e9ralement forc\u00e9 de me rebeller ardemment contre mes anciennes habitudes pr\u00e9f\u00e9r\u00e9es de vivre contente et d\u00e9tendue, de me sentir g\u00ean\u00e9e, mal \u00e0 l\u2019aise, inqui\u00e8te de causer un ennui, faire des soucis \u00e0 quelqu\u2019un, l\u2019habitude d\u2019avoir l\u2019air d\u00e9contract\u00e9 et sans pr\u00e9tentions, \u00eatre contente de tout ce qu\u2019on me donne. Les caract\u00e9ristiques que je consid\u00e8re n\u00e9c\u00e9ssaires pour moi (et lesquels ont commenc\u00e9 \u00e0 se mettre en place et se d\u00e9velopper) \u2013sont notamment, la concentration, la vigilance, l\u2019absence d\u2019agitation, savoir-faire de mettre et atteindre de petits buts concrets, attention et attitude impitoyable envers moi-m\u00eame. <\/em><\/p>\n<p><em>C\u2019est curieux que mon plus gros probl\u00e8me dans les montagnes \u00e9tait les soucis du quotidien. C\u2019est devenu clair apr\u00e8s que je me souvienne en d\u00e9tails de tous ce qui c\u2019\u00e9tait pass\u00e9 et que je l\u2019ai rev\u00e9cu encore une fois en reconsid\u00e9rant les \u00e9v\u00e9nements. L\u00e0 ils se faisaient ressentir comme un voile qui recouvrait de temps en temps les choses merveilleuses que je vivais \u2013 l\u2019admiration de la beaut\u00e9 de la nature, la joie du travail accompli en commun, la joie de se sentir t\u00eate-\u00e0-t\u00eate avec l\u2019\u00e9l\u00e9ment des montagnes\u2026 le voile des soucis les plus banals envahissait, je le repoussais encore et encore sans me rendre compte \u2013 de ce que je repoussais. Il y avait un \u00e9clat vif de peur et encore un. Le premier a eu lieu quand on s\u2019est install\u00e9 pour passer la nuit sur la montagne qu\u2019on avait mise une demi journ\u00e9e \u00e0 gravir. On n\u2019avait pas d\u2019intention de passer la nuit sur une telle altitude, mais il commen\u00e7ait \u00e0 faire nuit, et on ne savait pas comment descendre, le d\u00e9but du sentier menant en bas se trouvait sous la langue de neige. Le froid arrivait promptement. Le m\u00e9lange de d\u00e9sespoir et de peur m\u2019a envahie, les montagnes autour semblaient \u00e9trang\u00e8res et hostiles, je me suis sentie pi\u00e9g\u00e9e, la raison refusait de croire que le lendemain je pourrais monter encore plus haut et redescendre et remonter au col, et l\u00e0 je me suis rendue compte que si je ne sortais pas tout de suite de cet \u00e9tat, je serait foutue. Je m\u2019en suis tir\u00e9e comme si ma vie en d\u00e9pendait. Ces montages m\u2019ont touch\u00e9e avec des sensations d\u2019une beaut\u00e9 inexprimable, et le froid et le ciel du coucher de soleil, et le soleil tombant, et des vaches pas possibles, loin en contrebas, et cet espace et le son des clochettes. Le deuxi\u00e8me \u00e9tait quand je suis tomb\u00e9e du sentier et me suis cass\u00e9e la jambe. Il y avait un moment du silence int\u00e9rieur absolu, et j\u2019ai senti qu\u2019il \u00e9tait pr\u00eat \u00e0 na\u00eetre et s\u2019enflammer en moi\u2026 je ne sais m\u00eame pas quoi, je n\u2019avais pas de temps pour discerner, mais je sentais qu\u2019il y en avait beaucoup de choses, cela m\u2019aurait tout simplement recouverte. J\u2019ai surmont\u00e9, comme si j\u2019ai tranch\u00e9, sans peur ni reproche, sans r\u00e9fl\u00e9chir, en un seul effort. Et la sensation de beaut\u00e9 m\u2019a remplie, j\u2019\u00e9prouvais une tendresse poignante envers cette montagne. Il paraissait que j\u2019en sentais et caressais chaque petit caillou. La tendresse s\u2019\u00e9coulait vers ces buissons, auxquels je me suis accroch\u00e9e, vers le ruisseau\u2026 j\u2019\u00e9tais \u00e9merveill\u00e9e, j\u2019\u00e9tais incroyablement bien. Et puis, quand j\u2019\u00e9tais assise sur le sentier et je regardais la vall\u00e9e, o\u00f9 je n\u2019ai pas parvenu \u00e0 descendre, la peur, la douleur, l\u2019inqui\u00e9tude, les regrets \u2013 rien ne pouvait se frayer le chemin \u00e0 travers la placidit\u00e9 \u00e9tincelante. <\/em><\/p>\n<p><em>Il n\u2019y a presque aucun espace entre les sensations de ces jours que j\u2019ai pass\u00e9s dans les montagnes, et ceux que j\u2019ai pass\u00e9s \u00e0 l\u2019h\u00f4pital, et d\u2019ailleurs ceux que je vis maintenant. Probablement, c\u2019est que les vrais sentiments qui comptent. Chaque jour il apparaissait et appara\u00eet quelque chose que la raison consid\u00e8re comme la limite, et cette limite est \u00e0 surmonter. J\u2019ai vu que la raison ne sait rien d\u2019o\u00f9 et pourquoi les forces peuvent appara\u00eetre, et l\u2019\u00e9couter c\u2019est se limiter extr\u00eamement. Malgr\u00e9 toutes ses raisons, j\u2019ai une sensation absolument ferme qu\u2019il se passe maintenant ce dont j\u2019ai besoin, et je ressens de la gratitude profonde envers la vie\u2026 comme si j\u2019\u00e9tais port\u00e9e par des mains tendres et soigneuses. Je r\u00e9apprends \u00e0 me lever, m\u2019assoire, mouvoir, garder l\u2019\u00e9quilibre, grimper des marches, et j\u2019aime le fait que maintenant je mesure l\u2019espace autrement, et que \u00e7a me demande exactement les manifestations de l\u2019attention que je crois n\u00e9cessaire de former. <\/em><\/p>\n<p><em>J\u2019attends ta r\u00e9ponse, Mayka, je veux tellement te toucher\u2026 au moins \u00e0 travers mes lettres.\u00bb <\/em><\/p>\n<p>\u2026 Tout le temps que je suis rest\u00e9e \u00e0 l\u2019Internet et que je lui \u00e9crivais la r\u00e9ponse je n\u2019arrivais pas \u00e0 dig\u00e9rer le fait que dans mon imagination Natashka \u00e9tait une cr\u00e9ature marrante, gentille, douce et, bien s\u00fbr, d\u00e9licate et sensible, pourtant l\u00e0 elle a apparu tout \u00e0 fait diff\u00e9rente\u2026 comment le dire\u2026 tous les mots supposent un niveau ou au autre des qualit\u00e9s qui ne me sont pas tr\u00e8s proches \u00e0 moi-m\u00eame. Dire que l\u00e0 elle \u00e9tait \u00abs\u00e9rieuse\u00bb? \u00a0\u00abGrandie? \u00bb \u00abSage\u00bb? \u00a0Non, \u00e7a ne va pas, et tous ces mots sont mal \u00e0 propos. Il y a une autre chose ici, mais je ne connais pas de mots pour l\u2019exprimer\u2026 D\u2019ailleurs, ce n\u2019est pas la premi\u00e8re fois que je manque de mots de mani\u00e8re catastrophique. Il parait \u2013 quelle importance, mais elle s\u2019est av\u00e9r\u00e9e grande. Parfois je sens incroyablement claire la n\u00e9cessit\u00e9 de trouver ou inventer un mot par lequel j\u2019appellerais un \u00e9tat ou un autre. A l\u2019\u00e9cole nous avons tous assimil\u00e9 avec le lait de Pouchkine la certitude que la langue russe est grande, mais elle me semble parfois tout simplement impuissante, plate, surtout quand il s\u2019agit d\u2019exprimer des sentiments fins, des nuances \u00e0 peine perceptibles. Il arrive qu\u2019une sensation justement demande qu\u2019on la nomme, qu\u2019on y attache un mot. Il arrive des jours comme aujourd\u2019hui quand \u00e7a se transforme en une vrai torture \u2013 une multitude de sentiments divers, de nuances, de retentissements semblent filer comme des vol\u00e9es des chauve-souris, et si pour certains j\u2019arrive \u00e0 trouver des descriptions, d\u2019inventer des noms, plus tard je peux alors me retourner, r\u00e9fl\u00e9chir, me souvenir, et cela permets de r\u00e9veiller de nouveau les sensations, qui semblait avoir fui pour de bon.<\/p>\n<p>C\u2019est \u00e9tonnant, mais l\u2019appellation joue le r\u00f4le d\u2019un hame\u00e7on avec une amorce qui attire un \u00e9tat d\u2019\u00e2me disparu. Auparavant, j\u2019essayais d\u2019inventer de beaux termes, je t\u00e2chais de les faire de sorte qu\u2019ils d\u00e9crivent de mani\u00e8re la plus volumineuse possible ce que je voulais d\u00e9crire, mais cela s\u2019est av\u00e9r\u00e9 absolument inutile. Le fait en lui-m\u00eame d\u2019appeler importe, et qu\u2019il survienne une r\u00e9sonance entre l\u2019appellation et le sentiment, que la prononciation du mot provoque un \u00e9clat de sensation consid\u00e9rable. Lorsqu\u2019un sentiment fin quelconque, v\u00e9cu auparavant comme insaisissable, comme un arri\u00e8re go\u00fbt l\u00e9ger de la vie, comme une allusion \u00e0 quelque chose plus volumineux \u2013 lorsqu\u2019il, s\u2019\u00e9tant accumul\u00e9 \u00e0 des moments particuliers, transgresse tout \u00e0 coup une certaine limite int\u00e9rieure de clart\u00e9, je veux alors lui donner un nom. En lui en donnant un, j\u2019accomplis par l\u00e0 un effort final, et il \u00e9clot finalement, se forme et entame son voyage parmi d\u2019autres sentiments. Le mot permet \u00e0 l\u2019attention de se diriger vers le sentiment, comme par les c\u00e2bles ou en suivant une indication, le prendre doucement par la laisse, caresser son museau, lui donner du saucisson, l\u2019aider \u00e0 prendre conscience de soi dans son caract\u00e8re unique, apr\u00e8s quoi le laisser partir libre. L\u2019attention se dirige vers le sentiment \u00e0 l\u2019aide du mot, le m\u00e8ne \u00e0 une croissance foudroyante, et c\u2019est \u00e0 ce moment l\u00e0 qu\u2019il entre dans la vie comme une partie organique, se manifeste compl\u00e8tement et pr\u00e9pare des d\u00e9couvertes futures, et attire encore et encore de nouvelles perceptions. Cela fait penser aux sauts sur des \u00eelots dans un mar\u00e9cage. Un saut \u2013 et t\u2019es install\u00e9 sur un nouvel \u00e9tat. Encore un \u2013 de m\u00eame, et ton monde s\u2019est \u00e9largi.<\/p>\n<p>Une nouvelle visite au parc n\u2019a donn\u00e9 rien de nouveau. Sur les marches derri\u00e8res des buissons une compagnie de gens diff\u00e9rents s\u2019installait, ils se pr\u00e9paraient d\u2019\u00e9couter un europ\u00e9en habill\u00e9 en Indien. Peut-\u00eatre \u00e7a vaut le coup d\u2019\u00e9couter?<\/p>\n<p>Ayant acquis d\u00e9j\u00e0 une triste exp\u00e9rience de la communication avec \u00abdes ma\u00eetres et leurs disciples\u00bb \u00e0 Rishikesh, et d\u2019autant plus une exp\u00e9rience de cette communication en Russie, je voulais juste \u00e9couter tranquillement et partir doucement, au moment o\u00f9 je commencerais \u00e0 m\u2019ennuyer, cependant la session religieuse s\u2019est av\u00e9r\u00e9e un s\u00e9minaire priv\u00e9 sur l\u2019histoire du bouddhisme, c\u2019est pourquoi je n\u2019ai pas pu me retenir (encore un mot qui ne va pas trop\u2026 devrais-je aller pisser? ) \u2026 je n\u2019ai pas pu me retenir et je me suis incrust\u00e9e dans la narration au moment o\u00f9 la femme \u00e0 Marpa a transgress\u00e9 les instructions et a amen\u00e9 par piti\u00e9 \u00e0 manger \u00e0 Milarepa, ce qui a rendu Marpa furieux, puisque ainsi elle pouvait emp\u00eacher la bonne \u00e9ducation d\u2019un tr\u00e8s talentueux disciple.<\/p>\n<p>&#8211; Mais si Marpa s\u2019est f\u00e2ch\u00e9 et en plus devenu furieux, il n\u2019\u00e9tait pas alors un \u00e9veill\u00e9? \u00a0\u2013 ma voix a retenti si fort qu\u2019elle a d\u00e9rang\u00e9 la placidit\u00e9 monotone du s\u00e9minaire, et ma voisine \u00e0 droite a fr\u00e9mi, prise au d\u00e9pourvue. Je me suis recroquevill\u00e9e involontairement et l\u00e9g\u00e8rement en attente d\u2019une forte r\u00e9action.<\/p>\n<p>Incroyable! \u00a0Aucun visage n\u2019exprime un ombre de m\u00e9chancet\u00e9, ni irritation \u2013 plut\u00f4t de la curiosit\u00e9.<\/p>\n<p>&#8211; C\u2019est une id\u00e9e int\u00e9ressante!<\/p>\n<p><em>(Hein, c\u2019est vraiment de la curiosit\u00e9). <\/em><\/p>\n<p>Ils se sont mis \u00e0 discuter, \u00e0 proposer de diff\u00e9rentes versions. Le professeur n\u2019est pas non plus tomb\u00e9 dans l\u2019hyst\u00e9rie, il a r\u00e9fl\u00e9chi, et puis il a dit que, probablement, le texte de la l\u00e9gende ne choisissait pas ces mots tr\u00e8s correctement, et peut-\u00eatre, Marpa ne s\u2019\u00e9tait-il pas f\u00e2ch\u00e9, mais avait juste montr\u00e9 la col\u00e8re, car on voyait des images de d\u00e9mons furieux sur des murs des temples tib\u00e9tains, elles ne refl\u00e9taient pas d\u2019\u00e9tats de conscience m\u00e9contents, mais symbolisaient des choses\u2026<\/p>\n<p>A cet instant l\u00e0 quelqu\u2019un m\u2019a touch\u00e9 l\u2019\u00e9paule. Je me suis retourn\u00e9e et j\u2019ai failli tomber du banc. C\u2019\u00e9tait LUI!<\/p>\n<p>&#8211; Viens.<\/p>\n<p>En marchant on a \u00e9chang\u00e9 de courtes phrases.<\/p>\n<p>&#8211; Comment m\u2019as-tu trouv\u00e9e?<\/p>\n<p>&#8211; Kam a dit que tu \u00e9tais l\u00e0.<\/p>\n<p>&#8211; Kam? \u00a0C\u2019est qui, Kam? \u00a0D\u2019o\u00f9 il savait?<\/p>\n<p>&#8211; Tu vas faire connaissance avec Kam, et il l\u2019a appris chez le vent. Le vent lui dit tout ce que Kam souhaite savoir. J\u2019ai parl\u00e9 de toi \u00e0 mes amis, et Kam a demand\u00e9 de toi au vent. Le vent lui a racont\u00e9 quelque chose qui l\u2019a int\u00e9ress\u00e9.<\/p>\n<p>&#8211; Attend, je ne comprends rien. Le vent \u2013 c\u2019est qui? \u00a0Dit-moi aussi comment tu t\u2019appelles?<\/p>\n<p>&#8211; Je m\u2019appelle Sart, et le vent c\u2019est le vent. \u2013 Sart a fait un geste avec des mains comme en montrant un moulin et il a souri. \u2013 On va faire comme \u00e7a, &#8211; il s\u2019est arr\u00eat\u00e9 et a r\u00e9fl\u00e9chi un instant. \u2013 Nous allons nous s\u00e9parer maintenant, viens sur cette clairi\u00e8re par l\u00e0 un peu plus tard, vers quatre heures de l\u2019apr\u00e8s-midi. L\u00e0 je te pr\u00e9senterai \u00e0 certains de mes amis, nous auront beaucoup de temps aujourd\u2019hui et durant quelques jours suivants pour parler autant que nous voudront.<\/p>\n<p>Il reste une heure et demi avant l\u2019heure convenue. Je n\u2019arrive pas \u00e0 penser \u00e0 autre chose. Sart me pr\u00e9sentera \u00e0 ses amis! \u00a0\u2013 je me redis cette phrase (ou bien elle se redit toute seule? ), et \u00e0 chaque fois le c\u0153ur bat plus vite en anticipation\u2026 Je voudrais compter les secondes, je n\u2019arr\u00eate pas de regarder la montre, mais le temps ne fait que ralentir.<\/p>\n<p>Un petit temple tib\u00e9tain, une fra\u00eecheur \u00e0 moiti\u00e9 dans l\u2019ombre, deux coussins et une solitude absolue, dans laquelle se tissent, sans r\u00e9pit, les pas \u00e0 peine perceptibles des moines surveillants, qui rajoutent de l\u2019huile dans les lampadaires et balayent la cour. Ainsi j\u2019ai d\u00e9cid\u00e9 d\u2019attendre l\u2019heure convenue.<\/p>\n","protected":false},"excerpt":{"rendered":"<p>Bodh-Gay\u00e2 \u00e9tait une petite ville assez extraordinaire. L\u00e0, tout avait l\u2019air l\u00e9g\u00e8rement artificiel, comme si provenant d\u2019un mus\u00e9e ou une exposition. Le mus\u00e9e de l\u2019architecture bouddhiste \u00e0 la belle \u00e9toile \u2013 pas aussi \u00e9vident que Sarnath \u00e0 c\u00f4t\u00e9 de Varanacy, mais tr\u00e8s proche de \u00e7a. Le matin j\u2019errais autour de la curiosit\u00e9 principale, vue de [&hellip;]<\/p>\n","protected":false},"author":8235,"featured_media":0,"parent":7693,"menu_order":0,"comment_status":"open","ping_status":"closed","template":"","meta":{"_acf_changed":false,"footnotes":""},"class_list":["post-9586","page","type-page","status-publish","hentry"],"acf":[],"yoast_head":"<!-- This site is optimized with the Yoast SEO plugin v27.2 - https:\/\/yoast.com\/product\/yoast-seo-wordpress\/ -->\n<title>Chapitre 31 - Selection of Attractive States<\/title>\n<meta name=\"robots\" content=\"index, follow, max-snippet:-1, max-image-preview:large, max-video-preview:-1\" \/>\n<link rel=\"canonical\" href=\"https:\/\/bodhi.name\/fr\/maya-livre-1\/chapitre-31\/\" \/>\n<meta property=\"og:locale\" content=\"fr_FR\" \/>\n<meta property=\"og:type\" content=\"article\" \/>\n<meta property=\"og:title\" content=\"Chapitre 31 - Selection of Attractive States\" \/>\n<meta property=\"og:description\" content=\"Bodh-Gay\u00e2 \u00e9tait une petite ville assez extraordinaire. L\u00e0, tout avait l\u2019air l\u00e9g\u00e8rement artificiel, comme si provenant d\u2019un mus\u00e9e ou une exposition. Le mus\u00e9e de l\u2019architecture bouddhiste \u00e0 la belle \u00e9toile \u2013 pas aussi \u00e9vident que Sarnath \u00e0 c\u00f4t\u00e9 de Varanacy, mais tr\u00e8s proche de \u00e7a. Le matin j\u2019errais autour de la curiosit\u00e9 principale, vue de [&hellip;]\" \/>\n<meta property=\"og:url\" content=\"https:\/\/bodhi.name\/fr\/maya-livre-1\/chapitre-31\/\" \/>\n<meta property=\"og:site_name\" content=\"Selection of Attractive States\" \/>\n<meta name=\"twitter:card\" content=\"summary_large_image\" \/>\n<meta name=\"twitter:label1\" content=\"Dur\u00e9e de lecture estim\u00e9e\" \/>\n\t<meta name=\"twitter:data1\" content=\"15 minutes\" \/>\n<script type=\"application\/ld+json\" class=\"yoast-schema-graph\">{\"@context\":\"https:\/\/schema.org\",\"@graph\":[{\"@type\":\"WebPage\",\"@id\":\"https:\/\/bodhi.name\/fr\/maya-livre-1\/chapitre-31\/\",\"url\":\"https:\/\/bodhi.name\/fr\/maya-livre-1\/chapitre-31\/\",\"name\":\"Chapitre 31 - Selection of Attractive States\",\"isPartOf\":{\"@id\":\"https:\/\/bodhi.name\/ru\/#website\"},\"datePublished\":\"2015-03-19T11:41:44+00:00\",\"breadcrumb\":{\"@id\":\"https:\/\/bodhi.name\/fr\/maya-livre-1\/chapitre-31\/#breadcrumb\"},\"inLanguage\":\"fr-FR\",\"potentialAction\":[{\"@type\":\"ReadAction\",\"target\":[\"https:\/\/bodhi.name\/fr\/maya-livre-1\/chapitre-31\/\"]}]},{\"@type\":\"BreadcrumbList\",\"@id\":\"https:\/\/bodhi.name\/fr\/maya-livre-1\/chapitre-31\/#breadcrumb\",\"itemListElement\":[{\"@type\":\"ListItem\",\"position\":1,\"name\":\"\u0413\u043b\u0430\u0432\u043d\u0430\u044f \u0441\u0442\u0440\u0430\u043d\u0438\u0446\u0430\",\"item\":\"https:\/\/bodhi.name\/fr\/\"},{\"@type\":\"ListItem\",\"position\":2,\"name\":\"\u00abMAYA\u00bb. Livre 1: Force mineure\",\"item\":\"https:\/\/bodhi.name\/fr\/maya-livre-1\/\"},{\"@type\":\"ListItem\",\"position\":3,\"name\":\"Chapitre 31\"}]},{\"@type\":\"WebSite\",\"@id\":\"https:\/\/bodhi.name\/ru\/#website\",\"url\":\"https:\/\/bodhi.name\/ru\/\",\"name\":\"Selection of Attractive States\",\"description\":\"Psychologie exp\u00e9rimentale\",\"potentialAction\":[{\"@type\":\"SearchAction\",\"target\":{\"@type\":\"EntryPoint\",\"urlTemplate\":\"https:\/\/bodhi.name\/ru\/?s={search_term_string}\"},\"query-input\":{\"@type\":\"PropertyValueSpecification\",\"valueRequired\":true,\"valueName\":\"search_term_string\"}}],\"inLanguage\":\"fr-FR\"}]}<\/script>\n<!-- \/ Yoast SEO plugin. -->","yoast_head_json":{"title":"Chapitre 31 - Selection of Attractive States","robots":{"index":"index","follow":"follow","max-snippet":"max-snippet:-1","max-image-preview":"max-image-preview:large","max-video-preview":"max-video-preview:-1"},"canonical":"https:\/\/bodhi.name\/fr\/maya-livre-1\/chapitre-31\/","og_locale":"fr_FR","og_type":"article","og_title":"Chapitre 31 - Selection of Attractive States","og_description":"Bodh-Gay\u00e2 \u00e9tait une petite ville assez extraordinaire. L\u00e0, tout avait l\u2019air l\u00e9g\u00e8rement artificiel, comme si provenant d\u2019un mus\u00e9e ou une exposition. Le mus\u00e9e de l\u2019architecture bouddhiste \u00e0 la belle \u00e9toile \u2013 pas aussi \u00e9vident que Sarnath \u00e0 c\u00f4t\u00e9 de Varanacy, mais tr\u00e8s proche de \u00e7a. Le matin j\u2019errais autour de la curiosit\u00e9 principale, vue de [&hellip;]","og_url":"https:\/\/bodhi.name\/fr\/maya-livre-1\/chapitre-31\/","og_site_name":"Selection of Attractive States","twitter_card":"summary_large_image","twitter_misc":{"Dur\u00e9e de lecture estim\u00e9e":"15 minutes"},"schema":{"@context":"https:\/\/schema.org","@graph":[{"@type":"WebPage","@id":"https:\/\/bodhi.name\/fr\/maya-livre-1\/chapitre-31\/","url":"https:\/\/bodhi.name\/fr\/maya-livre-1\/chapitre-31\/","name":"Chapitre 31 - Selection of Attractive States","isPartOf":{"@id":"https:\/\/bodhi.name\/ru\/#website"},"datePublished":"2015-03-19T11:41:44+00:00","breadcrumb":{"@id":"https:\/\/bodhi.name\/fr\/maya-livre-1\/chapitre-31\/#breadcrumb"},"inLanguage":"fr-FR","potentialAction":[{"@type":"ReadAction","target":["https:\/\/bodhi.name\/fr\/maya-livre-1\/chapitre-31\/"]}]},{"@type":"BreadcrumbList","@id":"https:\/\/bodhi.name\/fr\/maya-livre-1\/chapitre-31\/#breadcrumb","itemListElement":[{"@type":"ListItem","position":1,"name":"\u0413\u043b\u0430\u0432\u043d\u0430\u044f \u0441\u0442\u0440\u0430\u043d\u0438\u0446\u0430","item":"https:\/\/bodhi.name\/fr\/"},{"@type":"ListItem","position":2,"name":"\u00abMAYA\u00bb. Livre 1: Force mineure","item":"https:\/\/bodhi.name\/fr\/maya-livre-1\/"},{"@type":"ListItem","position":3,"name":"Chapitre 31"}]},{"@type":"WebSite","@id":"https:\/\/bodhi.name\/ru\/#website","url":"https:\/\/bodhi.name\/ru\/","name":"Selection of Attractive States","description":"Psychologie exp\u00e9rimentale","potentialAction":[{"@type":"SearchAction","target":{"@type":"EntryPoint","urlTemplate":"https:\/\/bodhi.name\/ru\/?s={search_term_string}"},"query-input":{"@type":"PropertyValueSpecification","valueRequired":true,"valueName":"search_term_string"}}],"inLanguage":"fr-FR"}]}},"_links":{"self":[{"href":"https:\/\/bodhi.name\/fr\/wp-json\/wp\/v2\/pages\/9586","targetHints":{"allow":["GET"]}}],"collection":[{"href":"https:\/\/bodhi.name\/fr\/wp-json\/wp\/v2\/pages"}],"about":[{"href":"https:\/\/bodhi.name\/fr\/wp-json\/wp\/v2\/types\/page"}],"author":[{"embeddable":true,"href":"https:\/\/bodhi.name\/fr\/wp-json\/wp\/v2\/users\/8235"}],"replies":[{"embeddable":true,"href":"https:\/\/bodhi.name\/fr\/wp-json\/wp\/v2\/comments?post=9586"}],"version-history":[{"count":1,"href":"https:\/\/bodhi.name\/fr\/wp-json\/wp\/v2\/pages\/9586\/revisions"}],"predecessor-version":[{"id":9587,"href":"https:\/\/bodhi.name\/fr\/wp-json\/wp\/v2\/pages\/9586\/revisions\/9587"}],"up":[{"embeddable":true,"href":"https:\/\/bodhi.name\/fr\/wp-json\/wp\/v2\/pages\/7693"}],"wp:attachment":[{"href":"https:\/\/bodhi.name\/fr\/wp-json\/wp\/v2\/media?parent=9586"}],"curies":[{"name":"wp","href":"https:\/\/api.w.org\/{rel}","templated":true}]}}