{"id":8220,"date":"2015-02-14T21:34:45","date_gmt":"2015-02-14T17:34:45","guid":{"rendered":"http:\/\/bodhi.name\/?page_id=8220"},"modified":"2015-02-14T21:34:45","modified_gmt":"2015-02-14T17:34:45","slug":"chapitre-16","status":"publish","type":"page","link":"https:\/\/bodhi.name\/fr\/maya-livre-1\/chapitre-16\/","title":{"rendered":"Chapitre 16"},"content":{"rendered":"<p>\u2026 Le vent fait flageoler sur les jambes. Il n\u2019est plus possible d\u2019avancer. Pas de force, ni de temps. Cela fait six heures qu\u2019on marche sur la glace lisse, \u00e9tal\u00e9e comme une nappe, \u00e0 laquelle les pointes des crampons s\u2019accrochent \u00e0 peine. Chaque pas repr\u00e9sente une frappe accentu\u00e9e des crampons dans la glace. Une telle marche \u00e9puise, les jambes tremblent \u00e0 cause de l\u2019effort, la fatigue murmure \u00e0 l\u2019oreille \u00abne fais pas autant d\u2019effort, tu n\u2019auras plus de force\u00bb, la peur dicte \u00abun faux pas quelconque et tu es morte, enfonce les crampons plus que \u00e7a\u00bb. Accroch\u00e9, \u00e7a tient? Ok, je d\u00e9pose le poids du corps sur cette jambe. Le pas suivant. Apr\u00e8s quelques heures de travail sur le glacier, pass\u00e9es \u00e0 accrocher les cordes et fixer les piolets, nous sommes tremp\u00e9s jusqu\u2019aux os, car le soleil fait fondre la glace, l\u2019eau couvre tout le glacier en une couche \u00e9gale, et lorsqu\u2019on s\u2019\u00e9tend, compl\u00e8tement \u00e9puis\u00e9, sur la glace, en assurant celui qui marche devant, on s\u2019impr\u00e8gne de l\u2019eau, d\u2019abord c\u2019est m\u00eame agr\u00e9able avec une chaleur pareille, mais maintenant\u00a0, \u00e0 cause des rafales de vent cinglant, tout le v\u00eatement s\u2019est transform\u00e9 en une carapace glaciale, nous nous d\u00e9pla\u00e7ons en faisant tous nos efforts. Avant-hier un groupe de 7 personnes est pass\u00e9 presque en courant dans la descente &#8211; trois d\u2019entre eux n\u2019avaient plus de visages \u2013 ils les ont gel\u00e9s. Je ne sais pas comment ils vont continuer \u00e0 vivre, s\u2019ils survivent. Pourquoi n\u2019ai-je pas annonc\u00e9 une gr\u00e8ve et r\u00e9clam\u00e9 le retour? Pourtant, c\u2019\u00e9tait clair que l\u00e0 haut il y avait une temp\u00eate, ai-je appr\u00e9hend\u00e9 un petit sourire narquois de Oleg? Maintenant c\u2019est trop tard pour r\u00e9fl\u00e9chir, il faut survivre. Andre\u00ef avance sans piti\u00e9 comme un char \u2013 en esp\u00e9rant de trouver un caillou quelconque, une fente quelconque, dans laquelle on pourrait se serrer, se blottir, pour se sauver de ce vent meurtrier, qui p\u00e9n\u00e8tre pour prendre l\u2019\u00e2me elle-m\u00eame. Le but successif s\u2019est av\u00e9r\u00e9 faux \u2013 la fente qu\u2019il a rep\u00e9r\u00e9e \u00e9tait trop \u00e9troite, et en plus, ouverte \u2013 en essayant d\u2019y trouver un endroit tranquille, o\u00f9 on pourrait squatter, se cacher de la temp\u00eate, il a failli y passer pour de bon, ce qui aurait \u00e9t\u00e9 le comble\u2026 Il me semble que m\u00eame lui est proche du d\u00e9sespoir, bien qu\u2019il le cache soigneusement &#8211; la panique dans les montagnes est mortelle. Il n\u2019y a rien \u00e0 faire \u2013 on est oblig\u00e9 \u00e0 mettre la tente justement ici, on ne peut avancer nulle part, le soleil se couche d\u00e9j\u00e0, si l\u2019on ne se pose pas dans la tente avant la nuit \u2013 c\u2019est la mort, sans parler de quoi que ce soit comme confort. Oleg est tellement extenu\u00e9, qu\u2019il parait ne pas se rendre compte de ce qu\u2019il fait \u2013 tout simplement ses mains et jambes font le travail habituel sans qu\u2019il soit vraiment pr\u00e9sent. L\u2019acclimatation se passe diff\u00e9remment pour chacun aux altitudes diff\u00e9rentes, et il parait que juste \u00e0 ce moment l\u00e0 il a une crise aigue du mal des montagnes. C\u2019est d\u00e9cid\u00e9- on se pose justement ici \u2013 au milieu m\u00eame d\u2019un \u00e9norme champ de glace pench\u00e9 \u00e0 peu pr\u00e8s sous l\u2019angle de 30\u00b0. La chute d\u2019une telle pente est comme un vol libre. C\u2019est peut-\u00eatre mieux? Je me repose\u2026 Effray\u00e9e, je chasse ces pens\u00e9es, \u00e0 quel point j\u2019ai envie de fermer les yeux et m\u2019oublier \u2026Il faut se mettre au travail, comme au convoyeur \u2013 tous les mouvements des gar\u00e7ons sont automatiques, je r\u00e9p\u00e8te ce qu\u2019ils font. On fixe des piolets &#8211; c\u2019est pour s\u2019assurer. Deux, c\u2019est mieux. Les moufles en mohair n\u2019aident pas dans l\u2019affaire, o\u00f9 sont mes gants \u2013 je ne sais pas, oblig\u00e9e \u00e0 le faire avec les mains nues\u2026 elles g\u00e8lent, pas grave, je les mets dans la laine, respire dessus pour r\u00e9chauffer. Le piolet est rentr\u00e9 dans la glace en deux tiers. Ca suffit. Non, c\u2019est peu. Oui, \u00e7a suffit\u2026 je veux tellement tout faire au plus vite\u2026 Non, je ne dois pas c\u00e9der, il faut fixer en toute conscience. Ca y est &#8211; jusqu\u2019au chapeau. Je le couvre avec de la neige par-dessus, pour que le matin le soleil ne r\u00e9chauffe pas le piolet, en faisant fondre la glace autour. Encore un piolet pour chacun &#8211; ceux l\u00e0 pour suspendre les sacs \u00e0 dos. Finalement, j\u2019enl\u00e8ve le sac \u00e0 dos \u2026 hein\u2026 la corde est trop longue, maintenant le sac \u00e0 dos se balance un m\u00e8tre plus bas que moi, comment le remonter\u2026 pas grave, je verrai plus tard\u2026maintenant il faut creuser les marches dans la glace. Je creuse. Pas assez, plus profond\u00e9ment. La sueur coule dans les yeux, cependant le corps est couvert d\u2019une cro\u00fbte de glace. Comment est-ce que j\u2019arrive \u00e0 faire quelque chose? La peur de mourir? A mon avis, je ne l\u2019ai plus, je m\u2019en fiche d\u00e9j\u00e0, mais j\u2019exerce les demandes \u00e0 haute voix de Andre\u00ef. Oleg travaille aussi silencieusement, d\u00e9sesp\u00e9r\u00e9ment. Il aide \u00e0 creuser une marche. Maintenant on peut rester debout, \u00e0 moiti\u00e9 droit, et regarder cette \u00e9tendue immense s\u2019\u00e9levant haut partout autour. Le vent cinglant p\u00e9n\u00e8tre partout &#8211; il traverse tout: l\u2019anorak, le coupe-vent qui est dessous, le gilet en laine sous l\u2019anorak, polartek sous le gilet en laine \u2013 cela parait impossible, mais il n\u2019y a tout simplement pas d\u2019obstacles pour ce vent monstrueux. On peut m\u00eame se mettre dessus et rester allong\u00e9, ce que je fais \u2013 une sensation extraordinaire \u2013 je suis allong\u00e9e sur le vent! Sans l\u2019assurage, j\u2019aurais \u00e9t\u00e9 emport\u00e9e de la montagne, quand j\u2019ai enlev\u00e9 mon sac \u00e0 dos. Maintenant on d\u00e9balle les affaires du sac \u00e0 dos \u2013 on va monter la tente. J\u2019enl\u00e8ve le clapet \u2013 dessus c\u2019est le r\u00e9chaud, je le prends et passe dans les mains d\u2019Oleg \u2013 \u00abpris?\u00bb, &#8211; \u00abpris\u00bb, j\u2019enl\u00e8ve mes mains, je sors la tente \u2013 \u00abprise?\u00bb &#8211; \u00abprise\u00bb. Chaque chose passe des mains en mains, une erreur quelconque \u2013et tout est emport\u00e9 pour de bon, et \u00e7a c\u2019est meurtrier. Encore un peu et le soleil se sera couch\u00e9.<\/p>\n<p>A chaque fois que vient le d\u00e9sir de laisser tout tomber et envoyer au diable, la compr\u00e9hension surgit du fait que je ne suis pas chez moi, que je ne suis pas en train de faire quelque chose qu\u2019on peut remettre \u00e0 plus tard ou d\u00e9l\u00e9guer, il n\u2019y aucune possibilit\u00e9\u00a0d\u2019\u00e9chapper \u00e0 la responsabilit\u00e9 pour ses actes, ainsi le d\u00e9sespoir qui surgit \u00e0 chaque fois il faudrait le surmonter. Cela fait cinqui\u00e8me ou sixi\u00e8me fois que Oleg essaye d\u2019\u00e9tirer la tente sur la carcasse, peut-\u00eatre maintenant\u2026 non, de nouveau le vent retourne tout \u00e0 l\u2019envers. Andre\u00ef fait la m\u00eame chose par l\u2019autre bout, en vain aussi. C\u2019est d\u00e9j\u00e0 pendant une heure qu\u2019on essaye de mettre la tente, en bidouillant sur le mur glacial \u00e0 moiti\u00e9 vertical. Le soleil s\u2019est d\u00e9finitivement couch\u00e9, et rien n\u2019est pr\u00eat dans notre affaire\u2026 sans le soleil le froid affreux nous a couvert imm\u00e9diatement, car, en plus, nous sommes tremp\u00e9s comme une soupe! On prend la d\u00e9cision de ne pas mettre la tente, ce n\u2019est pas possible, elle fait de sorte, comme une voile en banni\u00e8re, qu\u2019il parait que tous les trois on va \u00eatre enlev\u00e9s de nos assurages. Comment elle fait pour ne pas se d\u00e9chirer? C\u2019est \u00e9tonnant. On fixe les coins de la tente avec les piolets et la jette tout simplement sur la glace \u2013 on grimpe \u00e0 l\u2019int\u00e9rieur comme dans une grande pochette. Encore quelques piolets fix\u00e9s devant l\u2019entr\u00e9e de la tente pour y accrocher l\u2019assurage &#8211; maintenant on peut ramper dedans et se suspendre sur son cordage. Le cordage \u00e9touffe, il faudrait suspendre les sacs \u00e0 dos en dessous des pieds pour s\u2019y appuyer avec, mais il n\u2019y a pas de force pour \u00e7a. Il s\u2019av\u00e8re que Andre\u00ef et Oleg en ont encore! Et moi, je ne peux plus rien faire \u2013 suspendue mi-consciente, les gar\u00e7ons n\u2019arr\u00eatent pas de faire quelque chose, mais moi je m\u2019en fiche maintenant. Je t\u00e2te pour retrouver mon appui sous les pieds \u2013 hein, le sac \u00e0 dos continue \u00e0 \u00eatre pendu sous mes pieds, je peux m\u2019y appuyer et le cordage ne m\u2019\u00e9touffe plus autant. De toute mani\u00e8re on va crever. Il n\u2019est pas possible d\u2019allumer le r\u00e9chaud, mais comment faire pour boire? La d\u00e9shydratation aboutit \u00e0 la mort in\u00e9vitablement. On ne tiendra pas cette nuit sans eau \u2013 on cr\u00e8vera de soif, je veux boire, rien d\u2019autre \u2013 que boire, sinon je vais me lever et sauter en bas, j\u2019en peux plus\u2026 l\u2019eau\u2026 autant d\u2019eau, un lac entier, je me penche, je m\u2019\u00e9clabousse \u2013 quel bonheur \u2013 autant d\u2019eau! Je d\u00e9lire, c\u2019est un d\u00e9lire\u2026 je tressaille, en revenant de l\u2019inconscience, les gar\u00e7ons font quelques chose, il mes semble que quelqu\u2019un est all\u00e9 dehors, a pris de la neige dans la fente et en a amen\u00e9 dedans,il fait totalement nuit, tout est fait \u00e0 t\u00e2tons, les piles dans les lampes de nuit s\u2019\u00e9puisent instantan\u00e9ment \u00e0 cause d\u2019un tel froid, on ne peux \u00e9clairer qu\u2019avec une lampe de nuit, qui marche avec un induit mobile d\u2019une machine dynamo faisant partie de la lampe. On fait fondre la neige dans les tasses pos\u00e9es sur nos ventres, l\u2019eau s\u2019accumule petit \u00e0 petit par goutte \u00e0 goutte. Une heure est pass\u00e9e\u2026 ou deux?\u2026J\u2019ai r\u00e9ussi \u00e0 me d\u00e9salt\u00e9rer un peu. On ferme l\u2019entr\u00e9e de la tente, mais l\u2019ouverture reste grande quand m\u00eame &#8211; 30-40 cm de diam\u00e8tre \u2013 les cordes auxquelles nous sommes suspendus sortent par cette ouverture. Le vent rentre dedans avec une force inimaginable, on serre les cordes avec une carabine, pas la peine\u2026 l\u2019ouverture est trop grande quand m\u00eame, et la neige est amen\u00e9e dedans \u2013 des poussi\u00e8res minimes de neige,\u00a0mais il y en a tellement\u2026 il faut tenir jusqu\u2019\u00e0 l\u2019aube\u2026 Deux heures plus tard tout l\u2019int\u00e9rieur de la tente est bourr\u00e9 de neige \u2013 compl\u00e8tement! On est allong\u00e9s, coconn\u00e9s dans le tas de neige. Les couches de neige les plus pr\u00e8s du corps fondent \u00e0 cause de la chaleur d\u00e9gag\u00e9e par le corps et se transforment en glace. Un cercueil de glace\u2026 On repousse le tas de neige de c\u00f4t\u00e9, il se tasse, mais la quantit\u00e9 de neige augmente incessamment, et finalement, on reste emmur\u00e9s \u2013 aucune possibilit\u00e9 de se mouvoir, ni m\u00eame bouger l\u00e9g\u00e8rement \u2013ce qui est bien seulement c\u2019est qu\u2019on a chaud \u2013 la neige prot\u00e8ge du g\u00e8le.<\/p>\n<p>Le temps n\u2019existe pas \u2013 que le d\u00e9lire permanent, il est \u00e9ternel, comme ces montagnes sont \u00e9ternelles, je ne sais pas o\u00f9 est la r\u00e9alit\u00e9, ni o\u00f9 suis moi.<\/p>\n<p>Le matin\u2026 est-ce le premier ou le deuxi\u00e8me? Est-ce un matin d\u00e9j\u00e0? Selon l\u2019heure c\u2019est le matin, mais il fait presque aussi nuit \u2013 la temp\u00eate ne s\u2019affaiblit pas, elle prend m\u00eame de la force. Je ne sais pas comment et quand Oleg et Andre\u00ef ont r\u00e9ussi \u00e0 sortir de la tente, ayant cass\u00e9 les murs de glace, lib\u00e9rer les sacs \u00e0 dos et sortir du saucisson et du fromage gel\u00e9s en pierre, mais, en tout cas, j\u2019ai de la nourriture dans la bouche et je la suce lentement, pas de go\u00fbt, rien, l\u2019attention est concentr\u00e9 sur l\u2019effort de ne pas faire tomber une tasse successive de neige que je fais de nouveau fondre avec ma chaleur. Exact, le matin est d\u00e9j\u00e0 pass\u00e9, maintenant c\u2019est le jour, o\u00f9 le soir? Il faut alors survivre jusqu\u2019au matin suivant \u2013 on a une chance\u2026 Un biscuit &#8211; j\u2019ai un biscuit dans la bouche, et je le ronge \u2013 comment ont-ils r\u00e9ussi \u00e0 sortir les biscuits d\u2019en dessous des pieds dans le noir et dans la neige? Quel go\u00fbt\u2026 au diable le go\u00fbt, on s\u2019en fout du go\u00fbt, mais \u00e0 quel point c\u2019est d\u00e9gelasse\u2026 pourquoi? Mon dieu, c\u2019est de l\u2019essence! Ils ont essay\u00e9 de sortir la bouteille avec l\u2019essence pour allumer le r\u00e9chaud, et l\u2019essence s\u2019est vers\u00e9e sur les biscuits, on a mang\u00e9 \u00e7a? Oui, eux aussi, ils l\u2019ont compris trop tard \u2013 j\u2019ai tellement mal au c\u0153ur\u2026 je vais vomir\u2026 il faut manger quelque chose tout de suite apr\u00e8s\u2026 il faut arriver \u00e0 allumer le r\u00e9chaud \u2013 il y aura alors de l\u2019eau, mes l\u00e8vres ne ressembleront plus \u00e0 une godasse gonfl\u00e9e, et la toux cessera de d\u00e9chirer la gorge\u2026 soudainement, une crise de douleur dans le c\u0153ur, encore et encore \u2013 c\u2019est quoi \u00e7a? Peut-\u00eatre, \u00e7a vient de l\u2019empoisonnement avec de l\u2019essence? Il fait nuit ou soir maintenant? Le matin? Deuxi\u00e8me matin. Rien ne change, tout est comme avant. Je ne veux plus vivre, je veux mourir. Laissez-moi mourir. Le corps est sec, il n\u2019y a pas d\u2019eau m\u00eame pour les larmes. Qu\u2019est-ce que c\u2019est bon en bas! Comment j\u2019y \u00e9tais heureuse! Autant d\u2019eau qu\u2019on veut, l\u2019herbe verte, le pain, les patates, le k\u00e9fir, l\u2019omelette\u2026 l\u2019amour\u2026 je faisais l\u2019amour avant, est-ce que je ne le referai plus jamais!&#8230; personne ne me prendra plus jamais dans ses bras, nous ne nous pieutons plus jamais au lit chaud, je n\u2019\u00e9prouverai pas de passion, ni de tendresse\u2026 il faut tout laisser tomber et descendre! On pourra encore, si l\u2019on laisse tout tomber et commence \u00e0 descendre tout de suite. Peu importe comment, mais on va y arriver \u2013 sans bras, ni jambes, ni visages, mais on restera vivants, on peut essayer encore! Je me l\u00e8ve, sors de la tente et descends \u2013 c\u2019est si facile de marcher, je pourrai y arriver. Eh\u2026 c\u2019est du d\u00e9lire, d\u00e9lire\u2026 les \u00e9clats de conscience claire sont de plus en plus rares et courts, maintenant je d\u00e9lire presque tout le temps,mais le d\u00e9lire est formidable, des sensations \u00e9tonnamment fines viennent \u2013 de la joie \u00e9clatante, l\u2019exaltation, le bonheur, l\u2019admiration de la vie. Combien de temps est-on ici? Trois jours? Trois jours!! \u2026 c\u2019est bient\u00f4t le troisi\u00e8me matin, si rien ne change, on va mourir. Pas d\u2019\u00e9motions, ni de pens\u00e9es \u2013 l\u2019exaltation cristalline parle avec une voix r\u00e9sonnante et impassible \u2013 tu mourras aujourd\u2019hui, bient\u00f4t tu te lib\u00e9reras de toutes les souffrances.<\/p>\n<p>Le matin\u2026 ensoleill\u00e9, clair, pas de vent, on sort dehors, on attrape le soleil avec nos l\u00e8vres et allume le r\u00e9chaud, le bouillon de poulet\u2026 c\u2019est du bonheur, c\u2019est le dieu m\u00eame \u2013 ce bouillon de poulet. Je n\u2019ai pas piss\u00e9 depuis trois jours, maintenant le corps se ranime, pas de force de se mettre \u00e0 c\u00f4t\u00e9, je pisse juste ici, avec du plaisir inexprimable. On fait les sacs \u00e0 dos, il faut descendre, on est \u00e0 moiti\u00e9 vivants, maintenant on va seulement en bas, que en bas, vers ces champs verts et petites rivi\u00e8res cristallines, pour s\u2019allonger, se faire bronzer, fixer le ciel, manger, boire. Je veux de la soupe aux orties, des \u0153ufs durs, des pommes de terre frites odorantes\u2026 Oleg descend le premier dans la cord\u00e9e, je suis au milieu, Andre\u00ef est le dernier. A quel point merveilleusement brille le soleil! Un cri. Qui cri? O\u00f9 est Oleg??!! Un point qui s\u00a0\u00e9loigne en bas avec une grande vitesse \u2013 un l\u00e9ger crissement sur la glace \u2013 et de nouveau silence\u2026 Comme \u00e7a \u2013 en un clin d\u2019\u0153il la montagne a d\u00e9vor\u00e9 un homme \u2026 je ne comprends pas comment c\u2019est possible\u2026 on a tellement v\u00e9cu ensemble, et\u2026 comment \u00e7a \u2026 apr\u00e8s s\u2019\u00eatre approch\u00e9 du sac \u00e0 dos pendu de Oleg, on voit un trou dans la glace \u2013 tout est clair, il s\u2019est pr\u00e9cipit\u00e9, il n\u2019a pas bien fix\u00e9 le piolet, le bout sup\u00e9rieur de la glace s\u2019est d\u00e9tach\u00e9 telle une lentille fine, et en dessous \u2013 la glace qui est molle, gonfl\u00e9e, n\u2019a pas retenu le piolet viss\u00e9 \u00e0 moiti\u00e9. Est-ce qu\u2019une mort compliqu\u00e9e est possible dans la montagne? Une simple erreur, une mort simple, il n\u2019est plus l\u00e0, je n\u2019arrive pas \u00e0 le comprendre. Comme dans un r\u00eave on sort toutes ses affaires de son sac \u00e0 dos, en prenant que ce dont on aura besoin sur le chemin de retour, le reste est jet\u00e9 en bas. Pas de mots, ni de pens\u00e9es, mais les mains font leur travail \u2013 on doit arriver \u00e0 survivre, \u00e0 descendre, \u00e0 passer par la zone des fentes, il faudra se battre beaucoup, nous n\u2019avons plus le droit \u00e0 l\u2019erreur \u2013 s\u2019il y en a un qui tombe dans une fente, l\u2019autre ne pourra pas le sortir tout seul. C\u2019est quoi qui a fil\u00e9 brusquement? Un cahier? Le journal de Oleg! Je le prends avec moi. Andre\u00ef est press\u00e9, on descend.<\/p>\n","protected":false},"excerpt":{"rendered":"<p>\u2026 Le vent fait flageoler sur les jambes. Il n\u2019est plus possible d\u2019avancer. Pas de force, ni de temps. Cela fait six heures qu\u2019on marche sur la glace lisse, \u00e9tal\u00e9e comme une nappe, \u00e0 laquelle les pointes des crampons s\u2019accrochent \u00e0 peine. Chaque pas repr\u00e9sente une frappe accentu\u00e9e des crampons dans la glace. Une telle [&hellip;]<\/p>\n","protected":false},"author":8235,"featured_media":0,"parent":7693,"menu_order":16,"comment_status":"open","ping_status":"closed","template":"","meta":{"_acf_changed":false,"footnotes":""},"class_list":["post-8220","page","type-page","status-publish","hentry"],"acf":[],"yoast_head":"<!-- This site is optimized with the Yoast SEO plugin v27.2 - https:\/\/yoast.com\/product\/yoast-seo-wordpress\/ -->\n<title>Chapitre 16 - Selection of Attractive States<\/title>\n<meta name=\"robots\" content=\"index, follow, max-snippet:-1, max-image-preview:large, max-video-preview:-1\" \/>\n<link rel=\"canonical\" href=\"https:\/\/bodhi.name\/fr\/maya-livre-1\/chapitre-16\/\" \/>\n<meta property=\"og:locale\" content=\"fr_FR\" \/>\n<meta property=\"og:type\" content=\"article\" \/>\n<meta property=\"og:title\" content=\"Chapitre 16 - Selection of Attractive States\" \/>\n<meta property=\"og:description\" content=\"\u2026 Le vent fait flageoler sur les jambes. Il n\u2019est plus possible d\u2019avancer. Pas de force, ni de temps. Cela fait six heures qu\u2019on marche sur la glace lisse, \u00e9tal\u00e9e comme une nappe, \u00e0 laquelle les pointes des crampons s\u2019accrochent \u00e0 peine. Chaque pas repr\u00e9sente une frappe accentu\u00e9e des crampons dans la glace. Une telle [&hellip;]\" \/>\n<meta property=\"og:url\" content=\"https:\/\/bodhi.name\/fr\/maya-livre-1\/chapitre-16\/\" \/>\n<meta property=\"og:site_name\" content=\"Selection of Attractive States\" \/>\n<meta name=\"twitter:card\" content=\"summary_large_image\" \/>\n<meta name=\"twitter:label1\" content=\"Dur\u00e9e de lecture estim\u00e9e\" \/>\n\t<meta name=\"twitter:data1\" content=\"15 minutes\" \/>\n<script type=\"application\/ld+json\" class=\"yoast-schema-graph\">{\"@context\":\"https:\/\/schema.org\",\"@graph\":[{\"@type\":\"WebPage\",\"@id\":\"https:\/\/bodhi.name\/fr\/maya-livre-1\/chapitre-16\/\",\"url\":\"https:\/\/bodhi.name\/fr\/maya-livre-1\/chapitre-16\/\",\"name\":\"Chapitre 16 - Selection of Attractive States\",\"isPartOf\":{\"@id\":\"https:\/\/bodhi.name\/ru\/#website\"},\"datePublished\":\"2015-02-14T17:34:45+00:00\",\"breadcrumb\":{\"@id\":\"https:\/\/bodhi.name\/fr\/maya-livre-1\/chapitre-16\/#breadcrumb\"},\"inLanguage\":\"fr-FR\",\"potentialAction\":[{\"@type\":\"ReadAction\",\"target\":[\"https:\/\/bodhi.name\/fr\/maya-livre-1\/chapitre-16\/\"]}]},{\"@type\":\"BreadcrumbList\",\"@id\":\"https:\/\/bodhi.name\/fr\/maya-livre-1\/chapitre-16\/#breadcrumb\",\"itemListElement\":[{\"@type\":\"ListItem\",\"position\":1,\"name\":\"\u0413\u043b\u0430\u0432\u043d\u0430\u044f \u0441\u0442\u0440\u0430\u043d\u0438\u0446\u0430\",\"item\":\"https:\/\/bodhi.name\/fr\/\"},{\"@type\":\"ListItem\",\"position\":2,\"name\":\"\u00abMAYA\u00bb. Livre 1: Force mineure\",\"item\":\"https:\/\/bodhi.name\/fr\/maya-livre-1\/\"},{\"@type\":\"ListItem\",\"position\":3,\"name\":\"Chapitre 16\"}]},{\"@type\":\"WebSite\",\"@id\":\"https:\/\/bodhi.name\/ru\/#website\",\"url\":\"https:\/\/bodhi.name\/ru\/\",\"name\":\"Selection of Attractive States\",\"description\":\"Psychologie exp\u00e9rimentale\",\"potentialAction\":[{\"@type\":\"SearchAction\",\"target\":{\"@type\":\"EntryPoint\",\"urlTemplate\":\"https:\/\/bodhi.name\/ru\/?s={search_term_string}\"},\"query-input\":{\"@type\":\"PropertyValueSpecification\",\"valueRequired\":true,\"valueName\":\"search_term_string\"}}],\"inLanguage\":\"fr-FR\"}]}<\/script>\n<!-- \/ Yoast SEO plugin. -->","yoast_head_json":{"title":"Chapitre 16 - Selection of Attractive States","robots":{"index":"index","follow":"follow","max-snippet":"max-snippet:-1","max-image-preview":"max-image-preview:large","max-video-preview":"max-video-preview:-1"},"canonical":"https:\/\/bodhi.name\/fr\/maya-livre-1\/chapitre-16\/","og_locale":"fr_FR","og_type":"article","og_title":"Chapitre 16 - Selection of Attractive States","og_description":"\u2026 Le vent fait flageoler sur les jambes. Il n\u2019est plus possible d\u2019avancer. Pas de force, ni de temps. Cela fait six heures qu\u2019on marche sur la glace lisse, \u00e9tal\u00e9e comme une nappe, \u00e0 laquelle les pointes des crampons s\u2019accrochent \u00e0 peine. Chaque pas repr\u00e9sente une frappe accentu\u00e9e des crampons dans la glace. Une telle [&hellip;]","og_url":"https:\/\/bodhi.name\/fr\/maya-livre-1\/chapitre-16\/","og_site_name":"Selection of Attractive States","twitter_card":"summary_large_image","twitter_misc":{"Dur\u00e9e de lecture estim\u00e9e":"15 minutes"},"schema":{"@context":"https:\/\/schema.org","@graph":[{"@type":"WebPage","@id":"https:\/\/bodhi.name\/fr\/maya-livre-1\/chapitre-16\/","url":"https:\/\/bodhi.name\/fr\/maya-livre-1\/chapitre-16\/","name":"Chapitre 16 - Selection of Attractive States","isPartOf":{"@id":"https:\/\/bodhi.name\/ru\/#website"},"datePublished":"2015-02-14T17:34:45+00:00","breadcrumb":{"@id":"https:\/\/bodhi.name\/fr\/maya-livre-1\/chapitre-16\/#breadcrumb"},"inLanguage":"fr-FR","potentialAction":[{"@type":"ReadAction","target":["https:\/\/bodhi.name\/fr\/maya-livre-1\/chapitre-16\/"]}]},{"@type":"BreadcrumbList","@id":"https:\/\/bodhi.name\/fr\/maya-livre-1\/chapitre-16\/#breadcrumb","itemListElement":[{"@type":"ListItem","position":1,"name":"\u0413\u043b\u0430\u0432\u043d\u0430\u044f \u0441\u0442\u0440\u0430\u043d\u0438\u0446\u0430","item":"https:\/\/bodhi.name\/fr\/"},{"@type":"ListItem","position":2,"name":"\u00abMAYA\u00bb. Livre 1: Force mineure","item":"https:\/\/bodhi.name\/fr\/maya-livre-1\/"},{"@type":"ListItem","position":3,"name":"Chapitre 16"}]},{"@type":"WebSite","@id":"https:\/\/bodhi.name\/ru\/#website","url":"https:\/\/bodhi.name\/ru\/","name":"Selection of Attractive States","description":"Psychologie exp\u00e9rimentale","potentialAction":[{"@type":"SearchAction","target":{"@type":"EntryPoint","urlTemplate":"https:\/\/bodhi.name\/ru\/?s={search_term_string}"},"query-input":{"@type":"PropertyValueSpecification","valueRequired":true,"valueName":"search_term_string"}}],"inLanguage":"fr-FR"}]}},"_links":{"self":[{"href":"https:\/\/bodhi.name\/fr\/wp-json\/wp\/v2\/pages\/8220","targetHints":{"allow":["GET"]}}],"collection":[{"href":"https:\/\/bodhi.name\/fr\/wp-json\/wp\/v2\/pages"}],"about":[{"href":"https:\/\/bodhi.name\/fr\/wp-json\/wp\/v2\/types\/page"}],"author":[{"embeddable":true,"href":"https:\/\/bodhi.name\/fr\/wp-json\/wp\/v2\/users\/8235"}],"replies":[{"embeddable":true,"href":"https:\/\/bodhi.name\/fr\/wp-json\/wp\/v2\/comments?post=8220"}],"version-history":[{"count":1,"href":"https:\/\/bodhi.name\/fr\/wp-json\/wp\/v2\/pages\/8220\/revisions"}],"predecessor-version":[{"id":8221,"href":"https:\/\/bodhi.name\/fr\/wp-json\/wp\/v2\/pages\/8220\/revisions\/8221"}],"up":[{"embeddable":true,"href":"https:\/\/bodhi.name\/fr\/wp-json\/wp\/v2\/pages\/7693"}],"wp:attachment":[{"href":"https:\/\/bodhi.name\/fr\/wp-json\/wp\/v2\/media?parent=8220"}],"curies":[{"name":"wp","href":"https:\/\/api.w.org\/{rel}","templated":true}]}}