{"id":8192,"date":"2015-02-14T19:13:32","date_gmt":"2015-02-14T15:13:32","guid":{"rendered":"http:\/\/bodhi.name\/?page_id=8192"},"modified":"2015-02-14T19:13:32","modified_gmt":"2015-02-14T15:13:32","slug":"chapitre-13","status":"publish","type":"page","link":"https:\/\/bodhi.name\/fr\/maya-livre-1\/chapitre-13\/","title":{"rendered":"Chapitre 13"},"content":{"rendered":"<p style=\"text-align: left;\" align=\"center\">J\u2019ai pouss\u00e9 un cri en bondissant, et \u00e9carquill\u00e9 les yeux. Quelques instants de plus et l\u2019entourage \u00e9tranger et inconfortable se formait en un car, sursautant sur des bosses \u00e0 travers la vall\u00e9e de Kulu, noy\u00e9e dans des for\u00eats tropicales et des pins. Tr\u00e8s loin, en contrebas, le serpentin bleu fonc\u00e9 de la rivi\u00e8re restait fig\u00e9. Nulle trace de la civilisation, et sans le bruit \u00e9mu par le car le silence intact aurait r\u00e9gn\u00e9 ici, interrompu seulement par des cigales stridulant comme des folles.<\/p>\n<p>La nuit tombait. J\u2019ai d\u00e9j\u00e0 cess\u00e9 d\u2019apercevoir la fatigue provenant de la position assise interminablement longue, &#8211; il semblait que cela avait toujours dur\u00e9 et resterait ainsi, et moi j\u2019ai \u00e9t\u00e9 aspir\u00e9e dans cet \u00e9tat mi-\u00e9veill\u00e9, et parfois m\u00eame mi-conscient, j\u2019\u00e9tais lasse \u00e0 ne plus avoir l\u2019envie de descendre du car, m\u00eame pendant des arr\u00eats de demi-heure. Mon si\u00e8ge \u00e9tait pos\u00e9 l\u00e9g\u00e8rement en travers, le dos fix\u00e9 dans une certaine position par un fil de fer \u2013 cela s\u2019appelait un car confortable\u2026 alors, ce que \u00abLocal Bus\u00bb repr\u00e9sentait \u00e9tait dur \u00e0 imaginer. La fen\u00eatre fermait mal, et le courant d\u2019air devenait de plus en plus froid avec chaque heure pass\u00e9e\u2026 zut\u2026 ma veste chaude est rest\u00e9e dans le sac \u00e0 dos bien fourr\u00e9 dans le coffre \u00e0 bagage\u2026 ce foutu bout de fer qui d\u00e9passait le rembourrage\u2026 tout mon dos en souffrait d\u00e9j\u00e0\u2026 si seulement je pouvais retomber dans la mi-conscience\u2026 c\u2019\u00e9tait plus chaud comme \u00e7a\u2026<\/p>\n<p>Pour la \u00e9ni\u00e8me fois quelque chose m\u2019a retir\u00e9 du tourbillon des images visuelles, des sons et des pens\u00e9es, qui semblaient \u00eatre sur le point de m\u2019amener \u00e0 une d\u00e9couverte tr\u00e8s importante.<\/p>\n<p>&#8211; On est \u00e0 Naggar, madame!<\/p>\n<p>Tel un somnambule d\u00e9rang\u00e9, je suis descendue dehors, ai enfil\u00e9 mon sac \u00e0 dos et me suis immobilis\u00e9e au milieu de la chauss\u00e9e partant dans le noir. Le car a crach\u00e9 une vague de la fum\u00e9e \u00e2cre, noire <i>(ils vont bient\u00f4t d\u00e9gueulasser tout l\u2019Hymalaya)<\/i> et est parti dans la nuit, en me laissant sur la route sous un ciel clair et \u00e9toil\u00e9, qui s\u2019\u00e9tendait en d\u00f4me au-dessus des montagnes ondulantes, noires. Une physionomie noir\u00e2tre et rus\u00e9e, qui savait exactement o\u00f9 j\u2019allais, a surgi du noir.<\/p>\n<p>&#8211; Vous allez \u00e0 Naggar, madame?<\/p>\n<p>&#8211; Ca veut dire quoi \u00ab\u00e0 Naggar\u00bb? Et ici c\u2019est quoi??<\/p>\n<p>&#8211; Ce n\u2019est pas encore Naggar \u2013 \u00e7a prend encore dix minutes d\u2019ici en voiture sur cette route par l\u00e0, &#8211; il a fait un signe quelque part dans le noir.<\/p>\n<p>&#8211; Combien?<\/p>\n<p>&#8211; Seulement cent roupies.<\/p>\n<p>Le minicar ressemblait \u00e0 un sapin de No\u00ebl \u2013 enti\u00e8rement couvert de guirlandes multicolores clignotantes, un air simplet, comme celui d\u2019une chanson de No\u00ebl, se faisait entendre de l\u2019int\u00e9rieur.<\/p>\n<p>&#8211; Vous venez de la Russie?<\/p>\n<p>&#8211; Comment as-tu devin\u00e9?<\/p>\n<p>&#8211; Il y a souvent des russes \u00e0 Naggar.<\/p>\n<p>&#8211; Ah, j\u2019ai pens\u00e9 que quelque chose de la sorte \u00e9tait inscrite sur mon visage.<\/p>\n<p>&#8211; Inscrite sur le visage???<\/p>\n<p>&#8211; On dit comme \u00e7a chez nous.<\/p>\n<p>&#8211; Hein, je comprends\u2026<\/p>\n<p>&#8211; Tu crois que ce soit possible de louer une bonne chambre par l\u00e0? Il est presque neuf heures.<\/p>\n<p>&#8211; C\u2019est possible, bien s\u00fbr. Aucun souci. Il y a peu de touristes \u00e0 cette \u00e9poque, alors c\u2019est sans probl\u00e8mes.<\/p>\n<p>Pourquoi est-ce que j\u2019ai entam\u00e9 cette conversation stupide? Probablement, j\u2019ai compl\u00e8tement perdu la t\u00eate apr\u00e8s \u00eatre rester dans le car\u2026 Effectivement, j\u2019avais parcouru le guide, et il n\u2019y avait pas de raisons de s\u2019inqui\u00e9ter \u00e0 propos des places libres. L\u2019inqui\u00e9tude est une telle saloperie tenace \u2026 qui se faufile dans tous les coins\u2026 Et maintenant je paye d\u2019avoir pos\u00e9 une question inutile, une tonne de questions aussi b\u00eates, que des chauffeurs de taxi, des passants et beaucoup d\u2019autres aiment tant poser, va alors s\u2019\u00e9crouler sur moi. Aucune envie de continuer la conversation, mais la pens\u00e9e sur la possibilit\u00e9 de refuser le dialogue en provoquant une r\u00e9action inattendue est g\u00eanante. Au moment d\u2019imaginer que je vais me taire l\u2019instant suivant, l\u2019image d\u2019un silence tendu se pr\u00e9sente\u2026 mais pourquoi serait-il tendu, bon sang? Je suis dans une voiture dans le noir sans m\u00eame voir le visage de ce chauffeur, de quelle tension donc peut-il s\u2019agir? Quelle diff\u00e9rence y a-t-il pourquoi on reste silencieux \u2013 parce qu\u2019on n\u2019a pas commenc\u00e9 \u00e0 parler ou parce que j\u2019ai termin\u00e9\u00a0la conversation moi-m\u00eame? Rebelote, l\u2019inqui\u00e9tude \u2026 c\u2019est le moment de l\u2019\u00e9liminer\u2026 &#8211; l\u2019image de Dany parlant de Lobsang a apparu. Mais juste ici, dans la voiture, la nuit, sur la route \u00e0 Naggar\u2026 ce n\u2019est sans doute pas le meilleur endroit pour essayer d\u2019assimiler le savoir-faire\u2026 et pourquoi ne serait-il pas le meilleur endroit? Lequel est alors le meilleur?? Pourquoi saurai-je \u2013 quel endroit est le meilleur et quel pas? Il faut, peut-\u00eatre, essayer d\u2019\u00e9liminer l\u2019inqui\u00e9tude ind\u00e9pendamment de tout\u2026 ne pas supprimer, mais justement \u00e9liminer, la diff\u00e9rence semble claire: supprimer veut dire se mettre \u00e0 faire semblant pour soi-m\u00eame comme quoi on ne l\u2019\u00e9prouve pas, se leurrer \u00e0 ce propos, \u00e9liminer est justement cesser de l\u2019\u00e9prouver\u2026 se mettre \u00e0 \u00e9prouver autre chose \u2013 la tendresse, la joie \u2026 cesser d\u2019\u00e9prouver \u2026 se mettre \u00e0 \u00e9prouver \u2026 mais comment? Envers qui pourrai-je ici \u00e9prouver de la tendresse??<\/p>\n<p>Le d\u00e9roulement des pens\u00e9es semble marcher comme dans un sillon d\u2019une charrue \u2013 je lui dirai \u00abje n\u2019aime pas parler de moi, d\u2019ailleurs, je ne veut absolument pas parler maintenant\u00bb, il va, certainement, m\u2019en vouloir, sans le montrer, j\u2019aurai, certainement, une nouvelle raison pour une inqui\u00e9tude croissante\u2026 j\u2019aurai une raison \u2026 voil\u00e0 j\u2019imagine le faire, et, r\u00e9ellement, &#8211; l\u2019inqui\u00e9tude augmente\u2026 mais pourquoi? C\u2019est quoi justement que j\u2019appelle \u00abune raison\u00bb pour s\u2019inqui\u00e9ter? Admettons que le chauffeur devienne plus agressif <i>(en Inde c\u2019est une supposition pas tr\u00e8s vraisemblable)<\/i>, admettons qu\u2019il m\u2019emm\u00e8ne je ne sais pas o\u00f9 <i>(juste parce que j\u2019ai refuser de communiquer avec lui?<b>&#8230;<\/b> non\u2026)<\/i> non, c\u2019est pas \u00e7a, je pense \u00e0 n\u2019importe quoi. Si, suite \u00e0 mon acte il y a des probl\u00e8mes, ce n\u2019est qu\u2019une raison pour r\u00e9fl\u00e9chir sur le sens d\u2019accomplir cet acte, et o\u00f9 sont alors les raisons pour s\u2019inqui\u00e9ter? O\u00f9 alors \u2013 je m\u2019inqui\u00e8te \u00e0 propos du fait que la force de mon d\u00e9sir surmonte celle des arguments \u00abcontre\u00bb sa r\u00e9alisation et j\u2019aboutirai \u00e0 des cons\u00e9quences ind\u00e9sirables, mais si je les obtiens \u2013 pourquoi donc m\u2019inqui\u00e9ter? Il faudrait r\u00e9soudre le probl\u00e8me et pas m\u2019inqui\u00e9ter \u2026, non, c\u2019est encore n\u2019importe quoi.<\/p>\n<p>Les pens\u00e9es sautent tel notre minicar sur des bosses, qui grimpe quelque part parmi des rochers penchants et des buissons. Et tout \u00e0 coup, comme un \u00e9clair \u2013 mince, tout ce temps-l\u00e0 que je fais de la philosophie, j\u2019ai compl\u00e8tement oubli\u00e9 le chauffeur, et cela fait longtemps qu\u2019il avait compris que je ne l\u2019\u00e9coutait plus, et s\u2019\u00e9tait tu. Ce qui veut dire \u2013 il y a quelque chose, semble-t-il, \u00e0 quoi m\u2019accrocher \u2013 pourvu que je ne retombe pas dans la b\u00eatise, ni ne perde cette \u00e9tincelle de lucidit\u00e9. Encore une fois \u2013 tout ce temps que le chauffeur me parlait je restais silencieuse, sans pr\u00eater une moindre attention \u00e0 ses paroles. Entre temps, je pouvais \u00e9prouver de l\u2019inqui\u00e9tude. Je pouvais. J\u2019en avais des raisons. De l\u2019autre c\u00f4t\u00e9, je ne l\u2019\u00e9prouvais pas, et juste parce que j\u2019ai \u00e9t\u00e9 distraite par mes pens\u00e9es. L\u2019essentiel\u2026 je vais capter l\u2019essentiel\u2026 encore une fois \u2013 je pouvais l\u2019\u00e9prouvais\u2026hein \u2013 non seulement \u00abje pouvais\u00bb \u00e9prouver de l\u2019inqui\u00e9tude, mais, en plus, J\u2019EN AVAIS DES RAISONS, n\u00e9anmoins, je ne l\u2019\u00e9prouvais pas. Ce qui veut dire que tout \u00e7a c\u2019est des b\u00eatises \u00e0 propos des \u00abraisons\u00bb. Des raisons se joignent \u00e0 de l\u2019inqui\u00e9tude, elles ne d\u00e9finissent pas une certaine l\u00e9gitimit\u00e9, l\u2019in\u00e9vitabilit\u00e9 de son apparition\u2026 D\u2019ailleurs, il y a quelque chose de raisonnable\u00a0\u00a0\u00a0\u00a0 \u2026 vite, au pieu\u2026 si seulement je pouvais l\u00e0 toute de suite pieuter\u2026 avec Dany\u2026 discuter avec lui sur des possibilit\u00e9s et des bases\u2026 des bases\u2026 le prendre le plus pr\u00e8s de la base\u2026 serrer fort\u2026 pour qu\u2019elle gonfle, raidisse, remplisse toute la bouche\u2026<\/p>\n<p>&#8211; Madame, on est arriv\u00e9!<\/p>\n<p>J\u2019ai fr\u00e9mi. Et ben, voil\u00e0\u2026 o\u00f9 j\u2019en suis\u2026 non, dans un \u00e9tat pareil je n\u2019aboutirai \u00e0 rien, il faut aller dormir.<\/p>\n<p>On est arriv\u00e9 alors. Tr\u00e8s bien. Je sors mon sac \u00e0 dos. Non, n\u2019y touche pas, je le fais moi-m\u00eame\u2026 tiens tes cent roupies\u2026 t\u2019es content\u2026 en r\u00e9alit\u00e9, \u00e7a co\u00fbte donc cinquante ou m\u00eame trente roupies\u2026 Je continue \u00e0 r\u00e9fl\u00e9chir \u2013 il ne faut pas l\u00e2cher la lucidit\u00e9 &#8211; il faut l\u2019amener \u00e0 une chose \u00e9vidente, transparente et claire. D\u2019ailleurs, je n\u2019\u00e9prouvais pas d\u2019inqui\u00e9tude, lorsque je pensais \u00e0 mes affaires\u2026 l\u2019essentiel est l\u00e0 alors \u2013 je n\u2019avais pas d\u2019inqui\u00e9tude. Je ne l\u2019\u00e9liminais pas, ni ne l\u2019\u00e9prouvais pas &#8211; il n\u2019y avait rien \u00e0 \u00e9liminer, on peut alors supposer que\u2026<\/p>\n<p>&#8211; Bonsoir, madame, vous voulez une chambre? \u2013 la question du r\u00e9ceptionniste sur le seuil du guesthouse, illumin\u00e9 par un sapin de No\u00ebl pareil que sue le minicar. C\u2019est No\u00ebl ici toute l\u2019ann\u00e9e?<\/p>\n<p>&#8211; Oui, j\u2019ai besoin d\u2019une chambre. \u2013 Je prends mon sac \u00e0 dos et j\u2019entre \u00e0 l\u2019int\u00e9rieur. \u2013O\u00f9 aller?<\/p>\n<p>&#8211; Vous \u00eates pour longtemps \u00e0 Naggar?<\/p>\n<p>&#8211; Je suis tr\u00e8s fatigu\u00e9e \u00e0 cause du car, je ne peux donc r\u00e9pondre \u00e0 aucune question maintenant. Je demande pardon\u2026<\/p>\n<p>Comment s\u2019y est-il faufil\u00e9 ce \u00abpardon\u00bb\u2026 Et m\u00eame, il ne s\u2019est pas faufil\u00e9, mais a juste gliss\u00e9 de la bouche, et moi je n\u2019en avais aucune intention de demander pardon.<\/p>\n<p>Apparemment, \u00e0 ce moment-l\u00e0 le sentiment de g\u00eane a atteint son comble en m\u2019aveuglant pour quelques instants\u2026 Je me suis sentie encore un chouya plus stupide et fatigu\u00e9e apr\u00e8s ce \u00abpardon\u00bb. Il faut oublier ce car le plus vite possible, ainsi que le chauffeur de taxi et les v\u00eatements pas frais, me mettre sous une douche chaude <i>(j\u2019esp\u00e8re qu\u2019il y en a une chaude ici?) <\/i>et ne penser \u00e0 rien un certain temps\u2026<\/p>\n<p>&#8211; Est-ce qu\u2019il y a une douche chaude ici?<\/p>\n<p>&#8211; Bien s\u00fbr, madame, il faut allumer le radiateur et cinq minutes plus tard tout est pr\u00eat.<\/p>\n<p>Parfait\u2026 sous la douche et ne penser \u00e0 rien\u2026 dormir\u2026 Non, c\u2019est justement \u00e7a qu\u2019il ne faut pas faire. Je mets le sac \u00e0 dos par terre et m\u2019assois sur le lit, illumin\u00e9 par une lumi\u00e8re glauque, en continuant \u00e0 r\u00e9fl\u00e9chir. Donc. On peut supposer qu\u2019\u00ab\u00e9liminer\u00bb une \u00e9motion n\u00e9gative veut dire se trouver dans une telle situation dans laquelle il n\u2019y aura tout simplement rien \u00e0 \u00e9liminer, c\u2019est-\u00e0-dire dans un \u00e9tat o\u00f9 elle n\u2019existe pas. Ce sera alors \u00ab\u00e9liminer\u00bb &#8211; voil\u00e0 elle est l\u00e0 et voil\u00e0 non plus. Mais comment le faire? Je ne suis pas un yogi, je ne peux pas me faire emporter \u00e0 la commande par une pens\u00e9e quelconque, en oubliant l\u2019\u00e9motion n\u00e9gative. Pourtant, j\u2019y suis arriv\u00e9e toute \u00e0 l\u2019heure\u2026 oui, mais \u2026 la prochaine fois je n\u2019y arriverai pas\u2026 comment changer \u00e7a? Comment le changer \u2026 comment refaire ce que j\u2019ai r\u00e9ussi d\u00e9j\u00e0 \u00e0 faire\u2026 sauf que maintenant il faudrait le faire \u00ab\u00e0 la commande\u00bb.<\/p>\n<p>Apr\u00e8s \u00eatre rester pendant encore quelques minutes \u00e0 cogiter en boucle, sans r\u00e9sultat, sur cette question, j\u2019ai compris que j\u2019\u00e9tais en train de m\u2019endormir, je me suis d\u00e9shabill\u00e9e en reprenant mes derni\u00e8res forces, pris une douche et me suis pieut\u00e9e. La question \u00abcomment le faire selon d\u00e9sir\u00bb, \u00abcomment y arriver\u00bb galopait dans le n\u00e9ant en laissant des \u00e9clairs \u00e9tincelants\u2026<\/p>\n","protected":false},"excerpt":{"rendered":"<p>J\u2019ai pouss\u00e9 un cri en bondissant, et \u00e9carquill\u00e9 les yeux. Quelques instants de plus et l\u2019entourage \u00e9tranger et inconfortable se formait en un car, sursautant sur des bosses \u00e0 travers la vall\u00e9e de Kulu, noy\u00e9e dans des for\u00eats tropicales et des pins. Tr\u00e8s loin, en contrebas, le serpentin bleu fonc\u00e9 de la rivi\u00e8re restait fig\u00e9. [&hellip;]<\/p>\n","protected":false},"author":8235,"featured_media":0,"parent":7693,"menu_order":13,"comment_status":"open","ping_status":"closed","template":"","meta":{"_acf_changed":false,"footnotes":""},"class_list":["post-8192","page","type-page","status-publish","hentry"],"acf":[],"yoast_head":"<!-- This site is optimized with the Yoast SEO plugin v27.4 - https:\/\/yoast.com\/product\/yoast-seo-wordpress\/ -->\n<title>Chapitre 13 - Selection of Attractive States<\/title>\n<meta name=\"robots\" content=\"index, follow, max-snippet:-1, max-image-preview:large, max-video-preview:-1\" \/>\n<link rel=\"canonical\" href=\"https:\/\/bodhi.name\/fr\/maya-livre-1\/chapitre-13\/\" \/>\n<meta property=\"og:locale\" content=\"fr_FR\" \/>\n<meta property=\"og:type\" content=\"article\" \/>\n<meta property=\"og:title\" content=\"Chapitre 13 - Selection of Attractive States\" \/>\n<meta property=\"og:description\" content=\"J\u2019ai pouss\u00e9 un cri en bondissant, et \u00e9carquill\u00e9 les yeux. Quelques instants de plus et l\u2019entourage \u00e9tranger et inconfortable se formait en un car, sursautant sur des bosses \u00e0 travers la vall\u00e9e de Kulu, noy\u00e9e dans des for\u00eats tropicales et des pins. Tr\u00e8s loin, en contrebas, le serpentin bleu fonc\u00e9 de la rivi\u00e8re restait fig\u00e9. [&hellip;]\" \/>\n<meta property=\"og:url\" content=\"https:\/\/bodhi.name\/fr\/maya-livre-1\/chapitre-13\/\" \/>\n<meta property=\"og:site_name\" content=\"Selection of Attractive States\" \/>\n<meta name=\"twitter:card\" content=\"summary_large_image\" \/>\n<meta name=\"twitter:label1\" content=\"Dur\u00e9e de lecture estim\u00e9e\" \/>\n\t<meta name=\"twitter:data1\" content=\"10 minutes\" \/>\n<script type=\"application\/ld+json\" class=\"yoast-schema-graph\">{\"@context\":\"https:\\\/\\\/schema.org\",\"@graph\":[{\"@type\":\"WebPage\",\"@id\":\"https:\\\/\\\/bodhi.name\\\/fr\\\/maya-livre-1\\\/chapitre-13\\\/\",\"url\":\"https:\\\/\\\/bodhi.name\\\/fr\\\/maya-livre-1\\\/chapitre-13\\\/\",\"name\":\"Chapitre 13 - Selection of Attractive States\",\"isPartOf\":{\"@id\":\"https:\\\/\\\/bodhi.name\\\/ru\\\/#website\"},\"datePublished\":\"2015-02-14T15:13:32+00:00\",\"breadcrumb\":{\"@id\":\"https:\\\/\\\/bodhi.name\\\/fr\\\/maya-livre-1\\\/chapitre-13\\\/#breadcrumb\"},\"inLanguage\":\"fr-FR\",\"potentialAction\":[{\"@type\":\"ReadAction\",\"target\":[\"https:\\\/\\\/bodhi.name\\\/fr\\\/maya-livre-1\\\/chapitre-13\\\/\"]}]},{\"@type\":\"BreadcrumbList\",\"@id\":\"https:\\\/\\\/bodhi.name\\\/fr\\\/maya-livre-1\\\/chapitre-13\\\/#breadcrumb\",\"itemListElement\":[{\"@type\":\"ListItem\",\"position\":1,\"name\":\"\u0413\u043b\u0430\u0432\u043d\u0430\u044f \u0441\u0442\u0440\u0430\u043d\u0438\u0446\u0430\",\"item\":\"https:\\\/\\\/bodhi.name\\\/fr\\\/\"},{\"@type\":\"ListItem\",\"position\":2,\"name\":\"\u00abMAYA\u00bb. Livre 1: Force mineure\",\"item\":\"https:\\\/\\\/bodhi.name\\\/fr\\\/maya-livre-1\\\/\"},{\"@type\":\"ListItem\",\"position\":3,\"name\":\"Chapitre 13\"}]},{\"@type\":\"WebSite\",\"@id\":\"https:\\\/\\\/bodhi.name\\\/ru\\\/#website\",\"url\":\"https:\\\/\\\/bodhi.name\\\/ru\\\/\",\"name\":\"Selection of Attractive States\",\"description\":\"Psychologie exp\u00e9rimentale\",\"potentialAction\":[{\"@type\":\"SearchAction\",\"target\":{\"@type\":\"EntryPoint\",\"urlTemplate\":\"https:\\\/\\\/bodhi.name\\\/ru\\\/?s={search_term_string}\"},\"query-input\":{\"@type\":\"PropertyValueSpecification\",\"valueRequired\":true,\"valueName\":\"search_term_string\"}}],\"inLanguage\":\"fr-FR\"}]}<\/script>\n<!-- \/ Yoast SEO plugin. -->","yoast_head_json":{"title":"Chapitre 13 - Selection of Attractive States","robots":{"index":"index","follow":"follow","max-snippet":"max-snippet:-1","max-image-preview":"max-image-preview:large","max-video-preview":"max-video-preview:-1"},"canonical":"https:\/\/bodhi.name\/fr\/maya-livre-1\/chapitre-13\/","og_locale":"fr_FR","og_type":"article","og_title":"Chapitre 13 - Selection of Attractive States","og_description":"J\u2019ai pouss\u00e9 un cri en bondissant, et \u00e9carquill\u00e9 les yeux. Quelques instants de plus et l\u2019entourage \u00e9tranger et inconfortable se formait en un car, sursautant sur des bosses \u00e0 travers la vall\u00e9e de Kulu, noy\u00e9e dans des for\u00eats tropicales et des pins. Tr\u00e8s loin, en contrebas, le serpentin bleu fonc\u00e9 de la rivi\u00e8re restait fig\u00e9. [&hellip;]","og_url":"https:\/\/bodhi.name\/fr\/maya-livre-1\/chapitre-13\/","og_site_name":"Selection of Attractive States","twitter_card":"summary_large_image","twitter_misc":{"Dur\u00e9e de lecture estim\u00e9e":"10 minutes"},"schema":{"@context":"https:\/\/schema.org","@graph":[{"@type":"WebPage","@id":"https:\/\/bodhi.name\/fr\/maya-livre-1\/chapitre-13\/","url":"https:\/\/bodhi.name\/fr\/maya-livre-1\/chapitre-13\/","name":"Chapitre 13 - Selection of Attractive States","isPartOf":{"@id":"https:\/\/bodhi.name\/ru\/#website"},"datePublished":"2015-02-14T15:13:32+00:00","breadcrumb":{"@id":"https:\/\/bodhi.name\/fr\/maya-livre-1\/chapitre-13\/#breadcrumb"},"inLanguage":"fr-FR","potentialAction":[{"@type":"ReadAction","target":["https:\/\/bodhi.name\/fr\/maya-livre-1\/chapitre-13\/"]}]},{"@type":"BreadcrumbList","@id":"https:\/\/bodhi.name\/fr\/maya-livre-1\/chapitre-13\/#breadcrumb","itemListElement":[{"@type":"ListItem","position":1,"name":"\u0413\u043b\u0430\u0432\u043d\u0430\u044f \u0441\u0442\u0440\u0430\u043d\u0438\u0446\u0430","item":"https:\/\/bodhi.name\/fr\/"},{"@type":"ListItem","position":2,"name":"\u00abMAYA\u00bb. Livre 1: Force mineure","item":"https:\/\/bodhi.name\/fr\/maya-livre-1\/"},{"@type":"ListItem","position":3,"name":"Chapitre 13"}]},{"@type":"WebSite","@id":"https:\/\/bodhi.name\/ru\/#website","url":"https:\/\/bodhi.name\/ru\/","name":"Selection of Attractive States","description":"Psychologie exp\u00e9rimentale","potentialAction":[{"@type":"SearchAction","target":{"@type":"EntryPoint","urlTemplate":"https:\/\/bodhi.name\/ru\/?s={search_term_string}"},"query-input":{"@type":"PropertyValueSpecification","valueRequired":true,"valueName":"search_term_string"}}],"inLanguage":"fr-FR"}]}},"_links":{"self":[{"href":"https:\/\/bodhi.name\/fr\/wp-json\/wp\/v2\/pages\/8192","targetHints":{"allow":["GET"]}}],"collection":[{"href":"https:\/\/bodhi.name\/fr\/wp-json\/wp\/v2\/pages"}],"about":[{"href":"https:\/\/bodhi.name\/fr\/wp-json\/wp\/v2\/types\/page"}],"author":[{"embeddable":true,"href":"https:\/\/bodhi.name\/fr\/wp-json\/wp\/v2\/users\/8235"}],"replies":[{"embeddable":true,"href":"https:\/\/bodhi.name\/fr\/wp-json\/wp\/v2\/comments?post=8192"}],"version-history":[{"count":1,"href":"https:\/\/bodhi.name\/fr\/wp-json\/wp\/v2\/pages\/8192\/revisions"}],"predecessor-version":[{"id":8193,"href":"https:\/\/bodhi.name\/fr\/wp-json\/wp\/v2\/pages\/8192\/revisions\/8193"}],"up":[{"embeddable":true,"href":"https:\/\/bodhi.name\/fr\/wp-json\/wp\/v2\/pages\/7693"}],"wp:attachment":[{"href":"https:\/\/bodhi.name\/fr\/wp-json\/wp\/v2\/media?parent=8192"}],"curies":[{"name":"wp","href":"https:\/\/api.w.org\/{rel}","templated":true}]}}