{"id":8190,"date":"2015-02-14T19:11:13","date_gmt":"2015-02-14T15:11:13","guid":{"rendered":"http:\/\/bodhi.name\/?page_id=8190"},"modified":"2015-02-14T19:11:13","modified_gmt":"2015-02-14T15:11:13","slug":"chapitre-12","status":"publish","type":"page","link":"https:\/\/bodhi.name\/fr\/maya-livre-1\/chapitre-12\/","title":{"rendered":"Chapitre 12"},"content":{"rendered":"<p>\u2026<b> <\/b>Toute la nuit<b> <\/b>est<b> <\/b>pass\u00e9e<b> <\/b>dans un \u00e9tat douloureux, frontalier entre la veille et le sommeil \u2013 j\u2019avais tr\u00e8s envie de dormir, l\u2019\u00e9puisement \u00e9tait monstrueux, mais pas de moyen de m\u2019endormir enti\u00e8rement. Mon corps avait mal comme pendant la grippe, la t\u00eate se fendait m\u00eame apr\u00e8s la prise de puissant antidouleur. Des spasmes l\u00e9gers se sont faits ressentir dans l\u2019estomac plusieurs fois, et j\u2019ai redout\u00e9, effray\u00e9e, une \u00e9ventuelle crise de diarrh\u00e9e qui m\u2019obligerait \u00e0 sortir de ma toile de tente dans le froid et le noir et me geler le derri\u00e8re, or, ce dernier souhaitait tellement rester au chaud!<\/p>\n<p>Le matin est venu rapidement, le soleil a imm\u00e9diatement chauff\u00e9 l\u2019air, j\u2019ai sorti le nez de la tente mais \u00e7a ne m\u2019a pas apport\u00e9 de soulagement \u2013 la chaleur caniculaire avait remplac\u00e9 le froid et le vent violent, respirer est devenu encore plus dur, je me sentais comme sur une po\u00eale chauff\u00e9e au rouge.<\/p>\n<p>Je n\u2019avais jamais eu autant de mal de me d\u00e9faire d\u2019un sac \u00e0 couchage et de sortir de la toile de tente. La n\u00e9cessit\u00e9 de mettre des lunettes de soleil et de la cr\u00e8me solaire m\u2019est compl\u00e8tement \u00e9chapp\u00e9e de la t\u00eate, mais d\u00e8s que je me suis point\u00e9e dehors, le soleil aveuglant me l\u2019a tout de suite rappel\u00e9.<\/p>\n<p>&#8211; Hein, hier tu me faisais la t\u00eate de t\u2019avoir trait\u00e9e comme un enfant, &#8211; Oleg a grogn\u00e9.<\/p>\n<p>-??? Je ne l\u2019ai jamais dit\u2026 Ou bien, si?<\/p>\n<p>&#8211; Quelle diff\u00e9rence, puisque cela a eu lieu?<\/p>\n<p>J\u2019\u00e9tais s\u00fbre de ne l\u2019avoir jamais dit, quoique, apr\u00e8s une nuit tellement \u00e9puisante, on ne puisse plus \u00eatre s\u00fbr de quoi que ce soit. Je n\u2019avais plus envie d\u2019y penser &#8211; des souvenirs, comme tout le reste, \u00e9taient durs \u00e0 venir, cependant, la peur de faire l\u2019ascension imminente avec Oleg ne faisait qu\u2019augmenter.<\/p>\n<p>Les champs de neige refl\u00e9taient la lumi\u00e8re du soleil telle une seule lentille \u00e9norme, accumulant la chaleur dans un centre fix\u00e9 unique. C\u2019\u00e9tait tr\u00e8s \u00e9tonnant \u2013 la chaleur insupportable et la neige qui ne voulait pas fondre, il devait y avoir une explication quelconque. Pas un moindre mouvement d\u2019air, comme dans un po\u00eale de neige et de glace fig\u00e9, qui allait, probablement, m\u2019\u00e9touffer. Apr\u00e8s avoir essay\u00e9 de revenir dans la tente, j\u2019en suis tout de suite rebondi \u2013 un vrai hammam dedans.<\/p>\n<p>&#8211; Seigneur, comment est-ce possible \u2013 \u00e0 une telle altitude dans la neige et la glace \u2013 un tel bain de vapeur!<\/p>\n<p>&#8211; Dans l\u2019ombre on sera bien, &#8211; j\u2019ai entendu quelqu\u2019un parler dans la tente. \u2013 On va enlever le toit, ouvrir la tente et \u00e7a va aller.<\/p>\n<p>Les hommes ont fabriqu\u00e9 de la couverture un petit toit en fixant un bout sur la tente et en scotchant l\u2019autre bout \u00e0 l\u2019aide des piolets piqu\u00e9s dans la neige. Effectivement, dans l\u2019ombre on s\u2019est retrouv\u00e9 plus au frais, \u00e0 ma grande surprise. En bougeant ma main de l\u2019ombre vers le soleil je l\u2019observais ressentir tant\u00f4t de la chaleur tant\u00f4t de la fra\u00eecheur.<\/p>\n<p>&#8211; Oui, c\u2019est comme \u00e7a ici, &#8211; Andre\u00ef allumait le r\u00e9chaud, je n\u2019avais pas faim du tout, &#8211; une telle diff\u00e9rence de temp\u00e9rature \u00e0 l\u2019ombre et au soleil ajoute des soucis lors du d\u00e9placement dans les crevasses, car on peut avoir plus 80 au soleil, et \u00e0 l\u2019ombre d\u2019une crevasse, quand on y descend pour la traverser et se retrouver de l\u2019autre c\u00f4t\u00e9, il peut faire moins 10. Si on marche d\u00e9couvert au soleil, et puis, apr\u00e8s \u00eatre rest\u00e9 une minute \u00e0 l\u2019ombre, on risque de prendre froid. Avoir la bronchite \u00e0 une grande altitude est \u2026un grand souci. Sans parler d\u2019une situation aussi ordinaire comme, par exemple, la chute dans une crevasse, &#8211; bien qu\u2019on ne tombe pas profond\u00e9ment, &#8211; peut-\u00eatre 50 cm &#8211; un m\u00e8tre,- puisqu\u2019on se d\u00e9place encord\u00e9, et en plus, la neige dont les crevasses sont souvent bourr\u00e9 nous retient, &#8211; n\u00e9anmoins, on peut attraper froid en deux-trois minutes pendant qu\u2019on nous en sort.<\/p>\n<p>&#8211; C\u2019est vrai, la bronchite c\u2019est tr\u00e8s p\u00e9nible\u2026<\/p>\n<p>Andre\u00ef a souri de mani\u00e8re retenue.<\/p>\n<p>&#8211; C\u2019est en bas que la bronchite est p\u00e9nible, ici c\u2019est un grand probl\u00e8me et un grave menace pour la vie. En altitude, la maladie \u00e0 partir du d\u00e9but jusqu\u2019\u00e0 la fin l\u00e9tale peut prendre un jour ou deux. La toux, comme tu peux le constater, atteint tout le monde, essaye alors de distinguer si c\u2019est la bronchite qui commence ou tout simplement la toux. Si c\u2019est la bronchite il faut imm\u00e9diatement descendre de l\u2019altitude, mais au cas o\u00f9 c\u2019est la toux on peut continuer la route, mais le prix de l\u2019erreur est \u00e9norme.<\/p>\n<p>En voyant ma mine soucieuse, il a \u00e9clat\u00e9 de rire.<\/p>\n<p>&#8211; N\u2019aie pas peur, \u00e0 une altitude si basse \u2013 jusqu\u2019\u00e0 5000 m ce n\u2019est pas si grave, mais on peut quand m\u00eame tomber malade \u00e0 cause de telles diff\u00e9rences de temp\u00e9rature, on est oblig\u00e9 alors \u00e0 se couvrir m\u00eame s\u2019il fait aussi chaud que \u00e7a.<\/p>\n<p>A vrai dire, j\u2019imaginais l\u2019ascension un peu autrement. J\u2019imaginais des gens d\u00e9termin\u00e9s, remplis de joie de triomphe, creusant des marches dans la glace, mais en r\u00e9alit\u00e9\u2026en r\u00e9alit\u00e9, j\u2019\u00e9prouvais l\u2019apathie, je ne voulais rien du tout, je restais assise sur un tapis dans la neige et n\u2019arrivais m\u00eame pas \u00e0 bouger \u2013 un moindre mouvement \u00e9tait une torture. D\u2019\u00e9normes lunettes de soleil rendaient le monde terne, mais il n\u2019\u00e9tait pas possible de les enlever \u2013 la neige \u00e9blouissait instantan\u00e9ment, et en deux minutes on pourrait devenir compl\u00e8tement aveugle. Dans l\u2019air immobile, sans vent, les lunettes n\u2019arr\u00eataient pas de s\u2019embuer, je devais les nettoyer avec les mains. Le bas du visage \u00e9tait couvert d\u2019un masque de coton, sinon le visage aurait br\u00fbl\u00e9 jusqu\u2019\u00e0 en cloquer, par cons\u00e9quent, je me sentais comme habill\u00e9e en scaphandre et mise au four\u2026 et en g\u00e9n\u00e9ral, j\u2019\u00e9tais extr\u00eamement mal.<\/p>\n<p>J\u2019ai d\u00e9cid\u00e9 de refuser le petit d\u00e9jeuner \u2013 impossible d\u2019avaler quoi que ce soit, quoique, je pourrais peut-\u00eatre prendre un peu de bouillon de poulet\u2026 qu\u2019est-ce qu\u2019ils ont pr\u00e9par\u00e9 les gars\u2026 oooh\u2026beurk\u2026 du caf\u00e9\u2026 du poisson en conserve\u2026<\/p>\n<p>&#8211; Et oui, c\u2019est comme \u00e7a, le mal des montagnes, &#8211; Andre\u00ef m\u2019a tapot\u00e9 sur l\u2019\u00e9paule, &#8211; on n\u2019a envie de rien, les pr\u00e9f\u00e9rences envers la nourriture s\u2019accentuent \u00e0 l\u2019extr\u00eame, mais il n\u2019y a rien \u00e0 faire \u2013 il faut manger m\u00eame \u00abmalgr\u00e9 soi\u00bb, sinon tu ne pourras pas marcher. Fais entrer en toi de la nourriture, de l\u2019eau, m\u00eame si tu as envie de vomir. Tu es forte, tu ne te plains, ni ne pleurniche pas. Sache \u2013 si tu restes assise comme \u00e7a \u2013 \u00e7a ne va que s\u2019empirer.<\/p>\n<p>&#8211; Je sais\u2026 mais qu\u2019est-ce que je peux faire?!<\/p>\n<p>&#8211; N\u2019importe. Tu peux m\u00eame d\u00e9placer le sac \u00e0 dos d\u2019un endroit \u00e0 un autre. Il vaut mieux, bien s\u00fbr, faire quelque chose de bien, et encore mieux &#8211; marcher de haut en bas et de bas en haut.<\/p>\n<p>&#8211; Oh!!! Marcher!! Tu plaisantes, je peine pour me lever \u2026<\/p>\n<p>&#8211; Tu n\u2019as qu\u2019\u00e0 me croire sur parole. Le plus tu feras quelque chose, le mieux tu commenceras \u00e0 te sentir. Personne ne peut t\u2019aider ici \u2013 soit tu ma\u00eetrises ton mal, soit il te ma\u00eetrise. L\u00e8ve-toi et pour commencer fais ton sac \u00e0 dos. Dans deux jours tu vas commencer \u00e0 t\u2019acclimater, \u00e7a va aller mieux.<\/p>\n<p>En faisant mon sac \u00e0 dos, j\u2019ai jet\u00e9 un coup d\u2019\u0153il sur Oleg \u2013 il \u00e9tait sombre et ne nous regardait pas. De nouveau j\u2019ai eu des soup\u00e7ons quant \u00e0 son comportement ad\u00e9quat et un souci \u2013 comment arriver \u00e0 en parler avec Andre\u00ef de sorte que Oleg ne s\u2019en doute. Je me suis retourn\u00e9e vers Andre\u00ef et lui ai fait un signe des yeux pour lui faire comprendre que je voulais qu\u2019on aille \u00e0 c\u00f4t\u00e9. Il a fait une mine surprise, allait dire quelque chose, mais j\u2019ai fait le signe de silence en mettant mes doigts sur mes l\u00e8vres et en exprimant la pr\u00e9occupation et la supplique. Avec un air \u00e9tonn\u00e9, il a pris silencieusement le piolet.<\/p>\n<p>&#8211; Viens, on va voir la neige d\u2019aujourd\u2019hui, &#8211; Andre\u00ef m\u2019a lanc\u00e9 un bout de la corde et s\u2019est mis \u00e0 faire les pas de l\u2019ascension.<\/p>\n<p>Il m\u2019a paru que Oleg est devenu encore plus sombre, et lui il avait l\u2019air de le remarquer lui-m\u00eame, comme s\u2019il \u00e9coutait son \u00e9tat sombre, sans y trouver une explication\u2026 Ou bien, c\u2019est \u00e0 cause de mes lunettes que son visage paraissait bleu-vert, et moi suis- je devenue tr\u00e8s m\u00e9fiante suite \u00e0 de la fatigue, des crises de migraine et l\u2019inqui\u00e9tude de fond? Quoi qu\u2019il en soit, je voulais quand m\u00eame parler avec Andre\u00ef, lui exprimer mes craintes.<\/p>\n<p>&#8211; Es-tu s\u00fbr que Oleg soit en bonne sant\u00e9 mentale? Hier, quand tu dormais il me racontait ses voyages, et je voyais parfois un vrai fou en lui. Ne penses-tu pas qu\u2019il ne soit pas bien dans sa t\u00eate?<\/p>\n<p>Andre\u00ef a fait une grimace m\u00e9contente.<\/p>\n<p>&#8211; Qu\u2019est-ce que tu dis comme b\u00eatise! Non, je ne remarque rien de sorte. Mais qu\u2019est- ce qui t\u2019arrive? Ta voix est nerveuse, entrecoup\u00e9e. Tout \u00e7a te parait, je connais Oleg, il est mieux dans sa t\u00eate que beaucoup de monde.<\/p>\n<p>&#8211; Tu le connaissais avant! Il faudrait que tu entendes ce qu\u2019il disais hier, et le plus important &#8211; COMMENT il le disais. Andre\u00ef, j\u2019ai peur de continuer \u00e0 avancer avec lui. On peut s\u2019attendre \u00e0 tout avec lui.<\/p>\n<p>&#8211; Maya, \u00e9coute-moi, ce n\u2019est que le mal des montagnes. Tu es fatigu\u00e9e, tu as mal dormi, tu vois tout maintenant sous une autre lumi\u00e8re. Il faut que tu te calmes, sinon c\u2019est avec toi que se sera dangereux de continuer \u00e0 avancer.<\/p>\n<p>&#8211; Avec moi??? \u2013 tout \u00e0 coup une puissante indignation m\u2019a saisie.<\/p>\n<p>&#8211; Tu vois \u00e0 quel point inad\u00e9quate est ta r\u00e9action\u2026<\/p>\n<p>&#8211; Eh, c\u2019est vrai qu\u2019elle est inad\u00e9quate,- j\u2019ai \u00e9prouv\u00e9 la honte de mes \u00e9motions.- Hier, pourtant, je me sentais bien, et je voyais un fou en lui.<\/p>\n<p>&#8211; Hier, ton mal de montagnes d\u00e9marrait d\u00e9j\u00e0, il saisit toujours le soir, finissons alors cette conversation, d\u2019autant plus qu\u2019il est temps de se pr\u00e9parer pour monter. Bient\u00f4t, la neige va fondre et il sera difficile de faire le chemin. Quand on sera mieux par rapports au mal des montagnes, on se couchera \u00e0 7-8 heures du soir et se l\u00e8vera pour continuer \u00e0 3 heurs du mat, c\u2019est plus facile comme \u00e7a. La neige gel\u00e9e cr\u00e9e une cro\u00fbte ferme, sur laquelle on peut marcher charg\u00e9 avec un sac \u00e0 dos sans s\u2019\u00e9crouler.<\/p>\n<p>&#8211; Comment \u00e7a se fait que la cro\u00fbte de neige soit si solide qu\u2019elle te retient toi et le sac \u00e0 dos?<\/p>\n<p>&#8211; Peut-\u00eatre\u2026 pas moi, mais toi si. Dans le cas extr\u00eame, on peut enlever le sac \u00e0 dos et le tirer derri\u00e8re soi avec la corde. A une telle altitude faire un chemin en s\u2019\u00e9croulant dans la neige avec chaque pas jusqu\u2019aux c\u2026 est, \u00e0 vrai dire, une v\u00e9ritable torture.<\/p>\n<p>Je nous ai imagin\u00e9 marcher en tirant \u00e0 la corde derri\u00e8re nous de gros sac \u00e0 dos r\u00e9sistants, et j\u2019ai glouss\u00e9 \u2013 une vraie sc\u00e8ne de l\u2019h\u00f4pital psychiatrique\u2026<\/p>\n<p>Nous sommes retourn\u00e9s \u00e0 la tente. Le bonnet et de grandes lunettes de soleil cachaient presque compl\u00e8tement le visage de celui qui me faisait tellement peur, et je me suis sentie d\u00e9sesp\u00e9r\u00e9e d\u2019avoir perdu mon pilier incarn\u00e9 par Andre\u00ef, il me faudrait soit r\u00e9clamer que tout le monde descende, puisque je ne pourrais pas trouver le chemin de retour toute seule, soit monter, atteinte par une inqui\u00e9tude croissante et le mal des montagnes\u2026<\/p>\n","protected":false},"excerpt":{"rendered":"<p>\u2026 Toute la nuit est pass\u00e9e dans un \u00e9tat douloureux, frontalier entre la veille et le sommeil \u2013 j\u2019avais tr\u00e8s envie de dormir, l\u2019\u00e9puisement \u00e9tait monstrueux, mais pas de moyen de m\u2019endormir enti\u00e8rement. Mon corps avait mal comme pendant la grippe, la t\u00eate se fendait m\u00eame apr\u00e8s la prise de puissant antidouleur. Des spasmes l\u00e9gers [&hellip;]<\/p>\n","protected":false},"author":8235,"featured_media":0,"parent":7693,"menu_order":12,"comment_status":"open","ping_status":"closed","template":"","meta":{"_acf_changed":false,"footnotes":""},"class_list":["post-8190","page","type-page","status-publish","hentry"],"acf":[],"yoast_head":"<!-- This site is optimized with the Yoast SEO plugin v27.2 - https:\/\/yoast.com\/product\/yoast-seo-wordpress\/ -->\n<title>Chapitre 12 - Selection of Attractive States<\/title>\n<meta name=\"robots\" content=\"index, follow, max-snippet:-1, max-image-preview:large, max-video-preview:-1\" \/>\n<link rel=\"canonical\" href=\"https:\/\/bodhi.name\/fr\/maya-livre-1\/chapitre-12\/\" \/>\n<meta property=\"og:locale\" content=\"fr_FR\" \/>\n<meta property=\"og:type\" content=\"article\" \/>\n<meta property=\"og:title\" content=\"Chapitre 12 - Selection of Attractive States\" \/>\n<meta property=\"og:description\" content=\"\u2026 Toute la nuit est pass\u00e9e dans un \u00e9tat douloureux, frontalier entre la veille et le sommeil \u2013 j\u2019avais tr\u00e8s envie de dormir, l\u2019\u00e9puisement \u00e9tait monstrueux, mais pas de moyen de m\u2019endormir enti\u00e8rement. Mon corps avait mal comme pendant la grippe, la t\u00eate se fendait m\u00eame apr\u00e8s la prise de puissant antidouleur. Des spasmes l\u00e9gers [&hellip;]\" \/>\n<meta property=\"og:url\" content=\"https:\/\/bodhi.name\/fr\/maya-livre-1\/chapitre-12\/\" \/>\n<meta property=\"og:site_name\" content=\"Selection of Attractive States\" \/>\n<meta name=\"twitter:card\" content=\"summary_large_image\" \/>\n<meta name=\"twitter:label1\" content=\"Dur\u00e9e de lecture estim\u00e9e\" \/>\n\t<meta name=\"twitter:data1\" content=\"11 minutes\" \/>\n<script type=\"application\/ld+json\" class=\"yoast-schema-graph\">{\"@context\":\"https:\/\/schema.org\",\"@graph\":[{\"@type\":\"WebPage\",\"@id\":\"https:\/\/bodhi.name\/fr\/maya-livre-1\/chapitre-12\/\",\"url\":\"https:\/\/bodhi.name\/fr\/maya-livre-1\/chapitre-12\/\",\"name\":\"Chapitre 12 - Selection of Attractive States\",\"isPartOf\":{\"@id\":\"https:\/\/bodhi.name\/ru\/#website\"},\"datePublished\":\"2015-02-14T15:11:13+00:00\",\"breadcrumb\":{\"@id\":\"https:\/\/bodhi.name\/fr\/maya-livre-1\/chapitre-12\/#breadcrumb\"},\"inLanguage\":\"fr-FR\",\"potentialAction\":[{\"@type\":\"ReadAction\",\"target\":[\"https:\/\/bodhi.name\/fr\/maya-livre-1\/chapitre-12\/\"]}]},{\"@type\":\"BreadcrumbList\",\"@id\":\"https:\/\/bodhi.name\/fr\/maya-livre-1\/chapitre-12\/#breadcrumb\",\"itemListElement\":[{\"@type\":\"ListItem\",\"position\":1,\"name\":\"\u0413\u043b\u0430\u0432\u043d\u0430\u044f \u0441\u0442\u0440\u0430\u043d\u0438\u0446\u0430\",\"item\":\"https:\/\/bodhi.name\/fr\/\"},{\"@type\":\"ListItem\",\"position\":2,\"name\":\"\u00abMAYA\u00bb. Livre 1: Force mineure\",\"item\":\"https:\/\/bodhi.name\/fr\/maya-livre-1\/\"},{\"@type\":\"ListItem\",\"position\":3,\"name\":\"Chapitre 12\"}]},{\"@type\":\"WebSite\",\"@id\":\"https:\/\/bodhi.name\/ru\/#website\",\"url\":\"https:\/\/bodhi.name\/ru\/\",\"name\":\"Selection of Attractive States\",\"description\":\"Psychologie exp\u00e9rimentale\",\"potentialAction\":[{\"@type\":\"SearchAction\",\"target\":{\"@type\":\"EntryPoint\",\"urlTemplate\":\"https:\/\/bodhi.name\/ru\/?s={search_term_string}\"},\"query-input\":{\"@type\":\"PropertyValueSpecification\",\"valueRequired\":true,\"valueName\":\"search_term_string\"}}],\"inLanguage\":\"fr-FR\"}]}<\/script>\n<!-- \/ Yoast SEO plugin. -->","yoast_head_json":{"title":"Chapitre 12 - Selection of Attractive States","robots":{"index":"index","follow":"follow","max-snippet":"max-snippet:-1","max-image-preview":"max-image-preview:large","max-video-preview":"max-video-preview:-1"},"canonical":"https:\/\/bodhi.name\/fr\/maya-livre-1\/chapitre-12\/","og_locale":"fr_FR","og_type":"article","og_title":"Chapitre 12 - Selection of Attractive States","og_description":"\u2026 Toute la nuit est pass\u00e9e dans un \u00e9tat douloureux, frontalier entre la veille et le sommeil \u2013 j\u2019avais tr\u00e8s envie de dormir, l\u2019\u00e9puisement \u00e9tait monstrueux, mais pas de moyen de m\u2019endormir enti\u00e8rement. Mon corps avait mal comme pendant la grippe, la t\u00eate se fendait m\u00eame apr\u00e8s la prise de puissant antidouleur. Des spasmes l\u00e9gers [&hellip;]","og_url":"https:\/\/bodhi.name\/fr\/maya-livre-1\/chapitre-12\/","og_site_name":"Selection of Attractive States","twitter_card":"summary_large_image","twitter_misc":{"Dur\u00e9e de lecture estim\u00e9e":"11 minutes"},"schema":{"@context":"https:\/\/schema.org","@graph":[{"@type":"WebPage","@id":"https:\/\/bodhi.name\/fr\/maya-livre-1\/chapitre-12\/","url":"https:\/\/bodhi.name\/fr\/maya-livre-1\/chapitre-12\/","name":"Chapitre 12 - Selection of Attractive States","isPartOf":{"@id":"https:\/\/bodhi.name\/ru\/#website"},"datePublished":"2015-02-14T15:11:13+00:00","breadcrumb":{"@id":"https:\/\/bodhi.name\/fr\/maya-livre-1\/chapitre-12\/#breadcrumb"},"inLanguage":"fr-FR","potentialAction":[{"@type":"ReadAction","target":["https:\/\/bodhi.name\/fr\/maya-livre-1\/chapitre-12\/"]}]},{"@type":"BreadcrumbList","@id":"https:\/\/bodhi.name\/fr\/maya-livre-1\/chapitre-12\/#breadcrumb","itemListElement":[{"@type":"ListItem","position":1,"name":"\u0413\u043b\u0430\u0432\u043d\u0430\u044f \u0441\u0442\u0440\u0430\u043d\u0438\u0446\u0430","item":"https:\/\/bodhi.name\/fr\/"},{"@type":"ListItem","position":2,"name":"\u00abMAYA\u00bb. Livre 1: Force mineure","item":"https:\/\/bodhi.name\/fr\/maya-livre-1\/"},{"@type":"ListItem","position":3,"name":"Chapitre 12"}]},{"@type":"WebSite","@id":"https:\/\/bodhi.name\/ru\/#website","url":"https:\/\/bodhi.name\/ru\/","name":"Selection of Attractive States","description":"Psychologie exp\u00e9rimentale","potentialAction":[{"@type":"SearchAction","target":{"@type":"EntryPoint","urlTemplate":"https:\/\/bodhi.name\/ru\/?s={search_term_string}"},"query-input":{"@type":"PropertyValueSpecification","valueRequired":true,"valueName":"search_term_string"}}],"inLanguage":"fr-FR"}]}},"_links":{"self":[{"href":"https:\/\/bodhi.name\/fr\/wp-json\/wp\/v2\/pages\/8190","targetHints":{"allow":["GET"]}}],"collection":[{"href":"https:\/\/bodhi.name\/fr\/wp-json\/wp\/v2\/pages"}],"about":[{"href":"https:\/\/bodhi.name\/fr\/wp-json\/wp\/v2\/types\/page"}],"author":[{"embeddable":true,"href":"https:\/\/bodhi.name\/fr\/wp-json\/wp\/v2\/users\/8235"}],"replies":[{"embeddable":true,"href":"https:\/\/bodhi.name\/fr\/wp-json\/wp\/v2\/comments?post=8190"}],"version-history":[{"count":1,"href":"https:\/\/bodhi.name\/fr\/wp-json\/wp\/v2\/pages\/8190\/revisions"}],"predecessor-version":[{"id":8191,"href":"https:\/\/bodhi.name\/fr\/wp-json\/wp\/v2\/pages\/8190\/revisions\/8191"}],"up":[{"embeddable":true,"href":"https:\/\/bodhi.name\/fr\/wp-json\/wp\/v2\/pages\/7693"}],"wp:attachment":[{"href":"https:\/\/bodhi.name\/fr\/wp-json\/wp\/v2\/media?parent=8190"}],"curies":[{"name":"wp","href":"https:\/\/api.w.org\/{rel}","templated":true}]}}