{"id":7723,"date":"2015-01-31T23:20:15","date_gmt":"2015-01-31T19:20:15","guid":{"rendered":"http:\/\/suri-catt.com\/?page_id=7723"},"modified":"2015-02-14T19:09:14","modified_gmt":"2015-02-14T15:09:14","slug":"chapitre-11","status":"publish","type":"page","link":"https:\/\/bodhi.name\/fr\/maya-livre-1\/chapitre-11\/","title":{"rendered":"Chapitre 11"},"content":{"rendered":"<p>\u2026 Des collines infinies couvertes d\u2019herbe couleur azur, et au dessus \u2013 un ciel chaud de trois heures de l\u2019apr\u00e8s-midi, entrecoup\u00e9 par des nuages, filants \u00e0 toute allure. J\u2019ai parcouru du regard ce monde qui n\u2019existait que pour moi, et entendu le son familier venant de je ne sais pas o\u00f9 \u2013 soit de la t\u00eate, soit du monde entier. J\u2019ai senti que j\u2019\u00e9tais en train de perdre l\u2019\u00e9quilibre, tout autour a commenc\u00e9 alors \u00e0 se diss\u00e9miner et partir dans le n\u00e9ant noir violet. Le son prenait de l\u2019ampleur, tout mon corps bourdonnait, tel une corde tendue, effleur\u00e9 \u00e0 peine par un doigt\u2026<\/p>\n<p>Est-ce que je dors maintenant? J\u2019ai jet\u00e9 un coup d\u2019\u0153il autour de moi, tout \u00e9tait stable, aux contours ressortissants, mais c\u2019\u00e9tait quand m\u00eame un r\u00eave.<\/p>\n<p>&#8211; Est-ce un r\u00eave? \u2013 j\u2019ai cri\u00e9, ma voix a retenti en \u00e9cho tr\u00e8s lointain.<\/p>\n<p>&#8211; Je dors et ne dors pas en m\u00eame temps! \u2013l\u2019ai-je dit ou juste pens\u00e9?<\/p>\n<p>L\u2019instant suivant je me suis r\u00e9veill\u00e9e, assoiff\u00e9e, tout \u00e9tait calme. J\u2019ai voulu tendre la main pour saisir la bouteille de l\u2019eau, mais je n\u2019y ai pas r\u00e9ussi,- ma main \u00e9tait comme en plomb. J\u2019\u00e9tais terrifi\u00e9e en pensant que j\u2019\u00e9tais tomb\u00e9e malade, puis j\u2019ai voulu appeler Shafi, mais la bouche ne voulait pas s\u2019ouvrir, comme si elle n\u2019y \u00e9tait pas &#8211; pas de langue, ni l\u00e8vres, ni dents. Tout \u00e0 coup j\u2019ai compris que je continuais \u00e0 dormir et tout de suite j\u2019ai chang\u00e9 de r\u00eave. Une \u00e9glise gothique aux plafonds hyper hauts et vitraux multicolores vrombissait et oscillait anim\u00e9e par la voix d\u2019un pr\u00eatre aux yeux br\u00fblant de passion. Le corps humide de plaisir extatique vacillait au rythme de la voix bourdonnante, et chaque mouvement provoquait des vagues d\u2019exaltation. Shambhala! Shambhala! \u2013 une incantation cathartique s\u2019est fait entendre dans l\u2019oc\u00e9an de g\u00e9missements.<\/p>\n<p>&#8211; Shambhala! \u2013 j\u2019ai pouss\u00e9 un cri en m\u2019asseyant sur le lit, inspir\u00e9e par la voie s\u2019ouvrant devant moi.<\/p>\n<p>Il m\u2019a fallu deux minutes pour me d\u00e9barrasser de la stupeur et me retrouver. Super\u2026 ainsi je pourrais bient\u00f4t partir \u00e0 la recherche de l\u2019Atlantide \u2026 Les restes du r\u00eave sont partis comme de la poussi\u00e8re et je me suis rendue compte que cela avait \u00e9t\u00e9 juste un r\u00eave.<\/p>\n<p>Shambhala \u2013 c\u2019est un mythe\u2026 D\u2019ailleurs, j\u2019avais lu quelque part que Rerihk a trouv\u00e9 le chemin vers ce mythe. Rerihk\u2026Rerihk avait v\u00e9cu dans la vall\u00e9e de Kulu!<\/p>\n<p>Je me suis habill\u00e9e rapidement et partie en ville pour acheter \u00abLonely Planet\u00bb. Dany m\u2019avait indiqu\u00e9 plusieurs bonnes libraires au centre ville, et j\u2019en ai effectivement trouv\u00e9 une assez facilement.<\/p>\n<p>Une petite cloche a sonn\u00e9, suspendue au dessus d\u2019une lourde porte d\u2019entr\u00e9e en vitre, que j\u2019ai pouss\u00e9e pour me retrouver dans un vrai royaume de livres. A l\u2019int\u00e9rieur, il faisait sombre, frais et majestueusement calme, &#8211; tout \u00e0 fait un autre monde, diff\u00e9rent du chaos bourdonnant et klaxonnant derri\u00e8re les fen\u00eatres cach\u00e9es par des persiennes en bois. Une personne a apparu pour me saluer aimablement, elle est sortie d\u2019une petite porte en bois, masqu\u00e9e parmi de hauts rangements.<\/p>\n<p>&#8211; Ram?!<\/p>\n<p>&#8211; Bonjour, madame!<\/p>\n<p>&#8211; Tu travailles dans une librairie?<\/p>\n<p>&#8211; Oui, entre autre, c\u2019est une librairie de mon fr\u00e8re, je le remplace souvent ici.<\/p>\n<p>&#8211; Ah oui! Aide-moi alors \u00e0 trouver un guide. Je vais aller \u00e0 Kulu. Connais-tu cet endroit?<\/p>\n<p>&#8211; Bien s\u00fbr, c\u2019est un tr\u00e8s bel endroit. Rishis y ont habit\u00e9 et m\u00eame Krishna.<\/p>\n<p>&#8211; C\u2019est super\u2026Et en ce qui concerne le logement?<\/p>\n<p>&#8211; Il y a beaucoup d\u2019h\u00f4tels, et \u00e9norm\u00e9ment de marijuana.<\/p>\n<p>&#8211; Cette derni\u00e8re ne m\u2019int\u00e9resse pas.<\/p>\n<p>&#8211; C\u2019est bizarre d\u2019entendre \u00e7a de la part d\u2019une \u00e9trang\u00e8re &#8211; tout le monde fume ici. Et ils vont \u00e0 Koulou, parce qu\u2019une excellente marijuana y poussent partout, m\u00eame dans les rues.<\/p>\n<p>&#8211; Il y a donc des h\u00f4tels?<\/p>\n<p>&#8211; Eh oui, et combien! Vous pouvez trouver plus de d\u00e9tails sur les h\u00f4tels dans le guide. Tenez, &#8211; ils m\u2019a tendu un gros volume, &#8211; je vous le vends rien que pour 10 dollars. A vrai dire, il n\u2019est pas tout neuf, mais pour un neuf je ne pourrai pas faire de r\u00e9duction.<\/p>\n<p>&#8211; OK, je le prends, peut-\u00eatre encore quelque chose\u2026<\/p>\n<p>&#8211; Qu\u2019est-ce qui vous int\u00e9resse\u00a0\u2013 le yoga, la m\u00e9decine, l\u2019astrologie, le shamanisme, la psychologie, la philosophie, des \u00e9critures anciennes, Castaneda?<\/p>\n<p>&#8211; Tu as lu du Castaneda?<\/p>\n<p>&#8211; Non, mais j\u2019ai entendu des \u00e9trangers en parler beaucoup.<\/p>\n<p>&#8211; Pourquoi alors tu ne l\u2019as pas lu? Ca ne t\u2019int\u00e9resse pas?<\/p>\n<p>&#8211; Moi, madame, je ne lis que Bhagavad-Gita, puisque je crois en Krishna.<\/p>\n<p>&#8211; Hein, je comprends\u2026<\/p>\n<p>Le choix des livres \u00e9tait vraiment fabuleux \u2013 pas de \u00abmauvaise\u00bb fiction, ni m\u00e9lodrames, ni polars. Tous les rangements du bas en haut \u00e9taient remplis d\u2019ouvrages \u00e9sot\u00e9riques, la plupart en anglais. Je n\u2019avais pas beaucoup de temps pour en examiner le contenu, parmi les couvertures multicolores qui d\u00e9filaient devant moi j\u2019ai pioch\u00e9 alors ce qui m\u2019int\u00e9ressait &#8211; quelques \u0153uvres de Castaneda mis dans un seul livre et la biographie de Ramakrishna avec des photos.<\/p>\n<p>&#8211; Je pourrais partir pour Kulu aujourd\u2019hui?<\/p>\n<p>&#8211; Oui, madame. Je vais faire un dessin pour vous aider \u00e0 trouver la gare routi\u00e8re. Des cars y vont trois fois par jour. Peut-\u00eatre qu\u2019il n\u2019y a pas de car direct \u00e0 cette heure-ci, vous changeriez alors \u00e0 Jammu, c\u2019est facile. De l\u00e0 c\u2019est s\u00fbr qu\u2019il a y des cars directs \u00e0 Kulu.<\/p>\n<p>&#8211; La route prendra combien de temps?<\/p>\n<p>&#8211; A peu pr\u00e8s vingt heures.<\/p>\n<p>&#8211; Oh! Non, pas \u00e7a! \u2013 les souvenirs du trajet de trente heures \u00e0 Kashmir \u00e9taient si vifs que mon corps s\u2019est raidi en effroi.<\/p>\n<p>&#8211; Kashmir est loin du monde. Vous ne regretterez pas d\u2019\u00eatre all\u00e9e \u00e0 Kulu, c\u2019est un endroit tr\u00e8s ancien et myst\u00e9rieux, et exceptionnellement beau.<\/p>\n<p>&#8211; Ram, tu travailles pour Krishna? \u2013 il m\u2019attirait \u00e0 Kulu comme on incite des touristes d\u2019aller aux magasins qui nous rapportent des int\u00e9r\u00eats.<\/p>\n<p>&#8211; Dans un certain sens, madame.<\/p>\n<p>&#8211; Vingt heures donc!<\/p>\n","protected":false},"excerpt":{"rendered":"<p>\u2026 Des collines infinies couvertes d\u2019herbe couleur azur, et au dessus \u2013 un ciel chaud de trois heures de l\u2019apr\u00e8s-midi, entrecoup\u00e9 par des nuages, filants \u00e0 toute allure. J\u2019ai parcouru du regard ce monde qui n\u2019existait que pour moi, et entendu le son familier venant de je ne sais pas o\u00f9 \u2013 soit de la [&hellip;]<\/p>\n","protected":false},"author":8235,"featured_media":0,"parent":7693,"menu_order":11,"comment_status":"open","ping_status":"closed","template":"","meta":{"_acf_changed":false,"footnotes":""},"class_list":["post-7723","page","type-page","status-publish","hentry"],"acf":[],"yoast_head":"<!-- This site is optimized with the Yoast SEO plugin v27.2 - https:\/\/yoast.com\/product\/yoast-seo-wordpress\/ -->\n<title>Chapitre 11 - Selection of Attractive States<\/title>\n<meta name=\"robots\" content=\"index, follow, max-snippet:-1, max-image-preview:large, max-video-preview:-1\" \/>\n<link rel=\"canonical\" href=\"https:\/\/bodhi.name\/fr\/maya-livre-1\/chapitre-11\/\" \/>\n<meta property=\"og:locale\" content=\"fr_FR\" \/>\n<meta property=\"og:type\" content=\"article\" \/>\n<meta property=\"og:title\" content=\"Chapitre 11 - Selection of Attractive States\" \/>\n<meta property=\"og:description\" content=\"\u2026 Des collines infinies couvertes d\u2019herbe couleur azur, et au dessus \u2013 un ciel chaud de trois heures de l\u2019apr\u00e8s-midi, entrecoup\u00e9 par des nuages, filants \u00e0 toute allure. J\u2019ai parcouru du regard ce monde qui n\u2019existait que pour moi, et entendu le son familier venant de je ne sais pas o\u00f9 \u2013 soit de la [&hellip;]\" \/>\n<meta property=\"og:url\" content=\"https:\/\/bodhi.name\/fr\/maya-livre-1\/chapitre-11\/\" \/>\n<meta property=\"og:site_name\" content=\"Selection of Attractive States\" \/>\n<meta property=\"article:modified_time\" content=\"2015-02-14T15:09:14+00:00\" \/>\n<meta name=\"twitter:card\" content=\"summary_large_image\" \/>\n<meta name=\"twitter:label1\" content=\"Dur\u00e9e de lecture estim\u00e9e\" \/>\n\t<meta name=\"twitter:data1\" content=\"6 minutes\" \/>\n<script type=\"application\/ld+json\" class=\"yoast-schema-graph\">{\"@context\":\"https:\/\/schema.org\",\"@graph\":[{\"@type\":\"WebPage\",\"@id\":\"https:\/\/bodhi.name\/fr\/maya-livre-1\/chapitre-11\/\",\"url\":\"https:\/\/bodhi.name\/fr\/maya-livre-1\/chapitre-11\/\",\"name\":\"Chapitre 11 - Selection of Attractive States\",\"isPartOf\":{\"@id\":\"https:\/\/bodhi.name\/ru\/#website\"},\"datePublished\":\"2015-01-31T19:20:15+00:00\",\"dateModified\":\"2015-02-14T15:09:14+00:00\",\"breadcrumb\":{\"@id\":\"https:\/\/bodhi.name\/fr\/maya-livre-1\/chapitre-11\/#breadcrumb\"},\"inLanguage\":\"fr-FR\",\"potentialAction\":[{\"@type\":\"ReadAction\",\"target\":[\"https:\/\/bodhi.name\/fr\/maya-livre-1\/chapitre-11\/\"]}]},{\"@type\":\"BreadcrumbList\",\"@id\":\"https:\/\/bodhi.name\/fr\/maya-livre-1\/chapitre-11\/#breadcrumb\",\"itemListElement\":[{\"@type\":\"ListItem\",\"position\":1,\"name\":\"\u0413\u043b\u0430\u0432\u043d\u0430\u044f \u0441\u0442\u0440\u0430\u043d\u0438\u0446\u0430\",\"item\":\"https:\/\/bodhi.name\/fr\/\"},{\"@type\":\"ListItem\",\"position\":2,\"name\":\"\u00abMAYA\u00bb. Livre 1: Force mineure\",\"item\":\"https:\/\/bodhi.name\/fr\/maya-livre-1\/\"},{\"@type\":\"ListItem\",\"position\":3,\"name\":\"Chapitre 11\"}]},{\"@type\":\"WebSite\",\"@id\":\"https:\/\/bodhi.name\/ru\/#website\",\"url\":\"https:\/\/bodhi.name\/ru\/\",\"name\":\"Selection of Attractive States\",\"description\":\"Psychologie exp\u00e9rimentale\",\"potentialAction\":[{\"@type\":\"SearchAction\",\"target\":{\"@type\":\"EntryPoint\",\"urlTemplate\":\"https:\/\/bodhi.name\/ru\/?s={search_term_string}\"},\"query-input\":{\"@type\":\"PropertyValueSpecification\",\"valueRequired\":true,\"valueName\":\"search_term_string\"}}],\"inLanguage\":\"fr-FR\"}]}<\/script>\n<!-- \/ Yoast SEO plugin. -->","yoast_head_json":{"title":"Chapitre 11 - Selection of Attractive States","robots":{"index":"index","follow":"follow","max-snippet":"max-snippet:-1","max-image-preview":"max-image-preview:large","max-video-preview":"max-video-preview:-1"},"canonical":"https:\/\/bodhi.name\/fr\/maya-livre-1\/chapitre-11\/","og_locale":"fr_FR","og_type":"article","og_title":"Chapitre 11 - Selection of Attractive States","og_description":"\u2026 Des collines infinies couvertes d\u2019herbe couleur azur, et au dessus \u2013 un ciel chaud de trois heures de l\u2019apr\u00e8s-midi, entrecoup\u00e9 par des nuages, filants \u00e0 toute allure. J\u2019ai parcouru du regard ce monde qui n\u2019existait que pour moi, et entendu le son familier venant de je ne sais pas o\u00f9 \u2013 soit de la [&hellip;]","og_url":"https:\/\/bodhi.name\/fr\/maya-livre-1\/chapitre-11\/","og_site_name":"Selection of Attractive States","article_modified_time":"2015-02-14T15:09:14+00:00","twitter_card":"summary_large_image","twitter_misc":{"Dur\u00e9e de lecture estim\u00e9e":"6 minutes"},"schema":{"@context":"https:\/\/schema.org","@graph":[{"@type":"WebPage","@id":"https:\/\/bodhi.name\/fr\/maya-livre-1\/chapitre-11\/","url":"https:\/\/bodhi.name\/fr\/maya-livre-1\/chapitre-11\/","name":"Chapitre 11 - Selection of Attractive States","isPartOf":{"@id":"https:\/\/bodhi.name\/ru\/#website"},"datePublished":"2015-01-31T19:20:15+00:00","dateModified":"2015-02-14T15:09:14+00:00","breadcrumb":{"@id":"https:\/\/bodhi.name\/fr\/maya-livre-1\/chapitre-11\/#breadcrumb"},"inLanguage":"fr-FR","potentialAction":[{"@type":"ReadAction","target":["https:\/\/bodhi.name\/fr\/maya-livre-1\/chapitre-11\/"]}]},{"@type":"BreadcrumbList","@id":"https:\/\/bodhi.name\/fr\/maya-livre-1\/chapitre-11\/#breadcrumb","itemListElement":[{"@type":"ListItem","position":1,"name":"\u0413\u043b\u0430\u0432\u043d\u0430\u044f \u0441\u0442\u0440\u0430\u043d\u0438\u0446\u0430","item":"https:\/\/bodhi.name\/fr\/"},{"@type":"ListItem","position":2,"name":"\u00abMAYA\u00bb. Livre 1: Force mineure","item":"https:\/\/bodhi.name\/fr\/maya-livre-1\/"},{"@type":"ListItem","position":3,"name":"Chapitre 11"}]},{"@type":"WebSite","@id":"https:\/\/bodhi.name\/ru\/#website","url":"https:\/\/bodhi.name\/ru\/","name":"Selection of Attractive States","description":"Psychologie exp\u00e9rimentale","potentialAction":[{"@type":"SearchAction","target":{"@type":"EntryPoint","urlTemplate":"https:\/\/bodhi.name\/ru\/?s={search_term_string}"},"query-input":{"@type":"PropertyValueSpecification","valueRequired":true,"valueName":"search_term_string"}}],"inLanguage":"fr-FR"}]}},"_links":{"self":[{"href":"https:\/\/bodhi.name\/fr\/wp-json\/wp\/v2\/pages\/7723","targetHints":{"allow":["GET"]}}],"collection":[{"href":"https:\/\/bodhi.name\/fr\/wp-json\/wp\/v2\/pages"}],"about":[{"href":"https:\/\/bodhi.name\/fr\/wp-json\/wp\/v2\/types\/page"}],"author":[{"embeddable":true,"href":"https:\/\/bodhi.name\/fr\/wp-json\/wp\/v2\/users\/8235"}],"replies":[{"embeddable":true,"href":"https:\/\/bodhi.name\/fr\/wp-json\/wp\/v2\/comments?post=7723"}],"version-history":[{"count":2,"href":"https:\/\/bodhi.name\/fr\/wp-json\/wp\/v2\/pages\/7723\/revisions"}],"predecessor-version":[{"id":8189,"href":"https:\/\/bodhi.name\/fr\/wp-json\/wp\/v2\/pages\/7723\/revisions\/8189"}],"up":[{"embeddable":true,"href":"https:\/\/bodhi.name\/fr\/wp-json\/wp\/v2\/pages\/7693"}],"wp:attachment":[{"href":"https:\/\/bodhi.name\/fr\/wp-json\/wp\/v2\/media?parent=7723"}],"curies":[{"name":"wp","href":"https:\/\/api.w.org\/{rel}","templated":true}]}}