{"id":7721,"date":"2015-01-31T23:18:07","date_gmt":"2015-01-31T19:18:07","guid":{"rendered":"http:\/\/suri-catt.com\/?page_id=7721"},"modified":"2015-01-31T23:18:07","modified_gmt":"2015-01-31T19:18:07","slug":"chapitre-10","status":"publish","type":"page","link":"https:\/\/bodhi.name\/fr\/maya-livre-1\/chapitre-10\/","title":{"rendered":"Chapitre 10"},"content":{"rendered":"<p>&#8211; Ma ch\u00e9rie, tellement petite\u2026 c\u2019est si bon de te toucher. Tu te souviens commet dit-on \u00ab\u00a0caresser\u00a0\u00bb en tib\u00e9tain? Chourchourdjer\u2026 c\u2019est beau, n\u2019est-ce pas? Regarde-moi, je veux voir tes yeux.<\/p>\n<p>&#8211; Ma t\u00eate tourne. C\u2019est formidable \u2013 rester comme \u00e7a, se caresser, se sentir, avoir envie de l\u2019autre\u2026- j\u2019ai serr\u00e9 fort la queue durcie et elle a palpit\u00e9 dans ma main.<\/p>\n<p>Dany m\u2019a enlac\u00e9 avec tout son corps\u2026 g\u00e9missant avec impatience\u2026 Ses main, si langoureuses\u2026si autoritaires et fermes saisissent mes hanches, tapent mes fesses, fr\u00f4lent le ventre, sans pour autant toucher les mamelons qui ressortent, ni la chatte mouill\u00e9e de d\u00e9sir\u2026 Les \u00e9tincelles de plaisir jaillissent dans tous les sens en une multitude de petites fontaines, dans la profondeur le feu prend de plus en plus de force en me br\u00fblant avec ses langues, comme si la chaleur l\u00e9chait mon corps de l\u2019int\u00e9rieur pour le purifier.<\/p>\n<p>\u2026 Tu as envie? Le murmure, ou l\u2019\u00e9cho, retentit en moi\u2026 Dis-moi que tu as envie, je veux que tu le dises\u2026 touche, comment c\u2019est mouill\u00e9\u2026 un fr\u00f4lement senti \u00e0 peine, l\u2019instant enflamm\u00e9\u2026 Je veux\u2026 touche-moi encore et encore\u2026 Ca me plait que tu aies envie\u2026 la langue touche le mamelon\u2026 le dos voluptueusement incurv\u00e9\u2026 Encore!&#8230; Ma petite\u2026 Encore! L\u2019air est si chaud\u2026 vite!!! Les l\u00e8vres \u00e9treignent les orteils de mes petits pieds, et cela devient insupportable, je vais crier \u2013 ta queue ne peux pas durcir encore plus\u2026 Je vais te torturer aussi\u2026 comme \u00e7a et comme \u00e7a\u2026r\u00e9siste, ne jouis pas\u2026 je vais la branler autant que je veux\u2026 les ombres bougent rapidement\u2026 Tes doigts sont si bons\u2026 tes genoux si sensuels\u2026 tu es si humide\u2026 il \u00e9carte mes hanches avec une force inattendue\u2026 tout mon corps le r\u00e9clame \u2013 si tu en as tellement envie, tiens!<\/p>\n<p>\u2026 La respiration de Dany ressentie sur ma joue, j\u2019ai commenc\u00e9 \u00e0 me r\u00e9veiller en me serrant contre lui. Mon corps s\u2019est rappel\u00e9 les \u00e9treintes passionn\u00e9es de la nuit pr\u00e9c\u00e9dente, du centre de mon ventre les \u00e9clairs de d\u00e9sir sont partis dans tous les sens, du d\u00e9sir si poignant que j\u2019ai tressailli convulsivement plusieurs fois. J\u2019ai tendu ma main\u2026 g\u00e9nial\u2026 il dort aussi, doux et tendre\u2026 hein\u2026 il me semble qu\u2019il ne dort plus\u2026 Il m\u2019a renvers\u00e9e, empoign\u00e9 ma chatte \u2013 l\u2019a serr\u00e9e dans sa main fort mais doucement, en la pressant\u2026<\/p>\n<p>&#8211; Tu es toujours mouill\u00e9e, ma petite\u2026 il m\u2019a couvert de tout son corps en serrant contre le lit de fa\u00e7on \u00e0 ne pas me laisser la possibilit\u00e9 de r\u00e9sister \u00e0 son assaut. Des fois j\u2019aime jouer ainsi, lorsqu\u2019un gars me prend sans laisser une moindre possibilit\u00e9 de r\u00e9sister, et \u00e0 ce moment-l\u00e0 je voulais justement \u00e7a. J\u2019ai embrass\u00e9 ses \u00e9paules en \u00e9cartant docilement mes jambes\u2026 Qu\u2019est-ce qu\u2019il est chaud! Je commence \u00e0 me d\u00e9battre en essayant de le repousser, de me lib\u00e9rer, en chuchotant fort \u00ab\u00a0viens, prend-moi\u00a0\u00bb, je lutte en faisant des mouvements ondulants tel un serpent, mais une force ferme \u00e9carte in\u00e9vitablement les l\u00e8vres sans p\u00e9n\u00e9trer dedans \u2013 Dany s\u2019arr\u00eate une seconde pour regarder dans mes yeux, dans la profondeur m\u00eame comme s\u2019il y scrutait l\u2019horizon\u2026<\/p>\n<p>&#8211; Tu as envie?<\/p>\n<p>&#8211; Oui\u2026 juste vas-y doucement\u2026 encore plus lentement\u2026 stop, stop\u2026 ne bouge pas un instant, oui attend, n\u2019y entre pas plus que \u00e7a\u2026<\/p>\n<p>&#8211; Je vais bouger lentement, je ne vais que te caresser avec ma queue, bien que j\u2019aie envie de te bien baiser, gamine!<\/p>\n<p>&#8211; Mm mm\u2026 Si tu continues \u00e0 me regarder comme \u00e7a, je vais jouir tout de suite!-<\/p>\n<p>&#8211; Qu\u2019est-ce que je vais faire avec toi, petite tigresse insatiable\u2026 Je ne veux jamais arr\u00eater de te regarder\u2026tu es si belle\u2026 si br\u00fblante\u2026 Encore plus lentement?<\/p>\n<p>&#8211; Dany, c\u2019est insupportable, je ne jouis pas que par miracle.<\/p>\n<p>&#8211; Moi aussi, ma petite, moi aussi.<\/p>\n<p>&#8211; Vas-y, encore\u2026 plus profond, encore\u2026<\/p>\n<p>Encore un torrent implacable de plaisir fend ma colonne vert\u00e9brale en deux, ouvre le sommet de la t\u00eate et \u00e9clate quelque part tr\u00e8s haut en \u00e9tincelles de d\u00e9sir chauff\u00e9es \u00e0 blanc, tel un coup de feu d\u2019artifice.<\/p>\n<p>Combien de temps dure ce toucher \u00e0 l\u2019exaltation d\u00e9chirante? Quelques secondes? Une minute? C\u2019est trop peu pour moi, trop insuffisant\u2026 pas de moyen d\u2019y rester un peu, au sommet m\u00eame. La tendresse perdure encore longtemps, mais plus si vivement, comme voil\u00e9e d\u2019un nuage de fum\u00e9e matte\u2026 maintenant j\u2019ai envie des \u00e9treintes longues et douces\u2026 comme \u00e7a, autant que tu pourras\u2026 m\u00eame une \u00e9ternit\u00e9 enti\u00e8re\u2026<\/p>\n<p>&#8211; Aujourd\u2019hui c\u2019est ma derni\u00e8re journ\u00e9e que j\u2019ai pay\u00e9e ici et, \u00e0 vrai dire, je n\u2019ai pas envie de rester, quoi que je n\u2019aie aucune id\u00e9e quoi faire.<\/p>\n<p>&#8211; Pourquoi pas aller ensemble \u00e0 Daramsala?<\/p>\n<p>&#8211; Qu\u2019est-ce que j\u2019ai faim! Ce petit d\u00e9jeuner ne me suffira pas, j\u2019en veux plus.<\/p>\n<p>&#8211; Insatiable de tout!<\/p>\n<p>&#8211; Tu rigoles, mais si c\u2019\u00e9tait toi qu\u2019on avait viol\u00e9 de telle mani\u00e8re que moi la nuit derni\u00e8re\u2026 et ce matin \u2026 et encore une fois le matin.<\/p>\n<p>&#8211; On y va alors?<\/p>\n<p>Le ciel, et le lac refl\u00e9t\u00e9 dedans \u2026 il fait si frais le matin \u2026 de quoi est-ce que j\u2019ai envie? Ai-je envie de quelque chose? Je ne sais pas avoir envie\u2026 \u00e7a sonne bizarre \u2013 \u00ab\u00a0savoir avoir envie\u00a0\u00bb \u2026 hein, cela fait longtemps que j\u2019ai d\u00e9sappris d\u2019avoir vraiment envie \u2013 fort, puissamment, joyeusement, je me suis habitu\u00e9e \u00e0 ce que mes d\u00e9sirs ne sont pas du tout \u00ab\u00a0des d\u00e9sirs\u00a0\u00bb, mais \u00ab\u00a0des fantaisies\u00a0\u00bb, \u00ab\u00a0des caprices\u00a0\u00bb, \u00ab\u00a0des foucades\u00a0\u00bb &#8211; je n\u2019ai pas remarqu\u00e9 comment j\u2019avais commenc\u00e9 \u00e0 traiter mes d\u00e9sirs comme des nuisances emb\u00eatantes, comme quelque chose de pas tr\u00e8s d\u00e9cent, presque honteux, et \u00e7a dure depuis ma plus tendre enfance\u2026 et maintenant apr\u00e8s avoir sorti ma t\u00eate de la marre \u00e9touffante, avec la libert\u00e9 partout autour, il faut que je r\u00e9apprenne \u00e0 avoir envie.<\/p>\n<p>&#8211; Non, Dany, le moins de ce que souhaite maintenant c\u2019est de cr\u00e9er un attachement. Je me sens tr\u00e8s bien avec toi, mais comme \u00e7a on risque d\u2019oublier tout au monde, et je ne suis pas venue ici juste pour voyager. Je pense qu\u2019on peux se retrouver dans un mois ou deux, et peut-\u00eatre justement \u00e0 Daramsala, mais je ne veux pas qu\u2019on fasse un couple. Tu comprends?<\/p>\n<p>Pendant quelques secondes j\u2019ai observ\u00e9 la tristesse dans ses yeux, mais cette impression s\u2019est vite dissip\u00e9e.<\/p>\n<p>&#8211; Oui, je comprends. La premi\u00e8re semaine on ne quitte pas le lit et le monde entier parait comme dans un r\u00eave. La deuxi\u00e8me semaine la grisaille commence \u00e0 friser, mais vous vous promenez encore en tenant les mains, et puis brusquement, le quotidien frappe \u00e0 la t\u00eate, mais on continue \u00e0 faire semblant d\u2019\u00eatre encore amoureux, d\u2019avoir envie de s\u2019embrasser durant<\/p>\n<p>toute la nuit et se tenir la main\u2026 N\u2019est-ce pas? \u2013 il a \u00e9clat\u00e9 de rire, j\u2019\u00e9tais maintenant s\u00fbre qu\u2019il n\u2019\u00e9tait pas d\u00e9\u00e7u, juste un peu triste.<\/p>\n<p>&#8211; Oui, c\u2019est comme \u00e7a. Je souhaite tellement que \u00e7a se passe autrement! Tu penses que ce soit possible?<\/p>\n<p>&#8211; Je ne sais pas, Maya, je le voudrais moi aussi, mais cela ressemble plus \u00e0 de l\u2019illusion. En tout cas, moi, je ne l\u2019ai pas rencontr\u00e9 dans la vie.<\/p>\n<p>&#8211; Peut-\u00eatre ce ne soit possible qu\u2019avec une seule personne? Tu crois \u00e0 l\u2019existence de \u00ab\u00a0ta moiti\u00e9\u00a0\u00bb?<\/p>\n<p>&#8211; Un guru occidental a dit (et je suis d\u2019accord avec lui) \u2013 ta moiti\u00e9 existe, mais &#8211; h\u00e9las! \u2013 elle se trouve en toi-m\u00eame.<\/p>\n<p>&#8211; C\u2019est possible\u2026 mais \u00e0 chaque fois que je tombe amoureuse, je crois en l\u2019autre chose. Et, en g\u00e9n\u00e9ral, l\u2019id\u00e9e d\u2019une telle solitude de principe attire et effraye en m\u00eame temps.<\/p>\n<p>&#8211; Mais, peut-\u00eatre, la solitude n\u2019est pas pour celui qui a trouv\u00e9 en lui cette moiti\u00e9?<\/p>\n<p>&#8211; Je ne crois pas\u2026 je ne veux pas croire que c\u2019est comme \u00e7a. Certes, le sentiment de solitude\u2026il est profond, il respire, il n\u2019est pas morose et effrayant en lui-m\u00eame, \u2026 je ne sais pas comment, mais cela doit \u00eatre autrement, pas si direct, mais comment \u2013 je ne sais pas. Je veux tellement croire \u00e0 un certain\u00a0\u00ab\u00a0soudainet\u00e9 \u00bb.<\/p>\n<p>&#8211; Que ressens-tu en imaginant que tu es toute seule et personne ne sera jamais \u00e0 tes c\u00f4t\u00e9s, seulement des rencontres courtes sans attachements, sans attentes\u2026<\/p>\n<p>&#8211; Du ravissement et de la peur en m\u00eame temps.<\/p>\n<p>&#8211; Moi aussi. Mais la peur est quand m\u00eame quelque part au dessus, elle est comme une cro\u00fbte qui d\u00e9gagera t\u00f4t ou tard. Quand je le vois comme \u00e7a, je commence \u00e0 vivre le monde comme un \u00e9l\u00e9ment o\u00f9 chaque pas retentit en un \u00e9cho joyeux. Tu comprends?<\/p>\n<p>&#8211; Je pense que je comprends\u2026 je ressens plut\u00f4t. C\u2019est \u00e9trange, mais j\u2019aime bien l\u2019id\u00e9e qu\u2019on ne se revoit plus jamais. Et pas parce que je ne veux pas de cette rencontre, mais parce que je te per\u00e7ois comme une manifestation des \u00e9l\u00e9ments, comme un \u00e9clat du bonheur inattendu, et pas en tant qu\u2019un boy-friend qui est toujours sous la main.<\/p>\n<p>&#8211; Moi aussi! Je te per\u00e7ois comme un \u00e9l\u00e9ment, ne sachant pas ce qui se passera demain, ni si un jour on se retrouvera\u2026 Mais quand m\u00eame \u2013 tu iras o\u00f9 apr\u00e8s?<\/p>\n<p>&#8211; Apr\u00e8s? Je n\u2019en avais aucune id\u00e9e o\u00f9 j\u2019irai apr\u00e8s, je n\u2019avais aucune indication, ni d\u00e9sirs distincts. Comme \u00ab\u00a0le patrimoine culturel\u00bb m\u2019int\u00e9ressait le moins, les conseils des guides ne pouvaient pas m\u2019aider. La seule chose que je savais d\u00e9finitivement c\u2019\u00e9tait que je ne voulais plus rester \u00e0 Sri Nagara.<\/p>\n<p>La sikhara coupait en deux la chair \u00e9blouissante du lac en m\u2019emmenant de l\u00e0, toute seule. Je scrutais le jeu de l\u2019eau et du soleil jusqu\u2019\u00e0 ce que mes yeux aient mal. Je me suis adoss\u00e9e contre le haut du si\u00e8ge et tout de suite j\u2019ai eu envie de dormir. C\u2019\u00e9tait une envie de sommeil agr\u00e9able, elle me rappelait Dany\u2026 et tout de suite j\u2019ai ressenti sa pr\u00e9sence. Il me semblait qu\u2019il suffisait d\u2019ouvrir les yeux pour le voir. Etonnamment, mais je ne le sentais pas comme une illusion ou fantaisie, je le sentais r\u00e9ellement \u00e0 c\u00f4t\u00e9! Or, ce serait plus juste de dire que toutes mes perceptions \u00e9taient de sorte comme s\u2019il \u00e9tait \u00e0 c\u00f4t\u00e9. Mais c\u2019est quoi alors une s\u00e9paration? C\u2019est comment \u00ab\u00a0\u00eatre ensemble\u00a0\u00bb? Si je suis dans une m\u00eame pi\u00e8ce avec un homme aim\u00e9 et je ne le regarde pas, est-on ensemble ou pas? Et si m\u00eame non seulement je ne le regarde pas, mais je ne pense pas \u00e0 lui, est-on alors ensemble ou pas? Or, si maintenant je le ressens comme s\u2019il \u00e9tait tout pr\u00e8s, sauf que je ne vois pas, est-on alors ensemble ou pas? O\u00f9 est cette fronti\u00e8re? Il suffit de gratter un peu, et l\u00e0 o\u00f9 tout \u00e9tait toujours clair, un ab\u00eeme s\u2019ouvre brusquement\u2026<\/p>\n<p>En me mettant sous la couette agr\u00e9ablement fra\u00eeche, je continuais \u00e0 y r\u00e9fl\u00e9chir, et le plus clairement je voyais que je ne comprenais pas ce que voulais dire \u00ab\u00a0\u00eatre ensemble\u00a0\u00bb, et \u00ab\u00a0ne pas \u00eatre ensemble\u00a0\u00bb, le plus intens\u00e9ment une anticipation se manifestait, &#8211; comme si quelque chose qui bouleverserait ma conception du monde allait se r\u00e9v\u00e9ler.<\/p>\n<p>\u2026 Un rire \u00e9clatant, une grande balan\u00e7oire en bois, de l\u2019herbe brillante et des arbres dor\u00e9s, des nuages comme des ailes des oiseaux fantastiques, un soleil souriant, le vent, qui joue au cache-cache\u2026 Cela existait-il un jour? Ou bien ce n\u2019est qu\u2019un r\u00eave? Si c\u2019est un r\u00eave, je ne veux plus jamais me r\u00e9veiller\u2026 Cela s\u2019est pass\u00e9 quand m\u00eame, il y a tr\u00e8s longtemps, dans la petite enfance\u2026 Les sentiers que je prends en courant se courbent myst\u00e9rieusement et par magie, je jette ma t\u00eate en arri\u00e8re, et de gros arbres me tendent leurs pattes, tels des g\u00e9ants gentils, des feuilles se baignent dans la lumi\u00e8re dense du soleil, qu\u2019on peut toucher avec des bouts des doigts\u2026<\/p>\n","protected":false},"excerpt":{"rendered":"<p>&#8211; Ma ch\u00e9rie, tellement petite\u2026 c\u2019est si bon de te toucher. Tu te souviens commet dit-on \u00ab\u00a0caresser\u00a0\u00bb en tib\u00e9tain? Chourchourdjer\u2026 c\u2019est beau, n\u2019est-ce pas? Regarde-moi, je veux voir tes yeux. &#8211; Ma t\u00eate tourne. C\u2019est formidable \u2013 rester comme \u00e7a, se caresser, se sentir, avoir envie de l\u2019autre\u2026- j\u2019ai serr\u00e9 fort la queue durcie et [&hellip;]<\/p>\n","protected":false},"author":1,"featured_media":0,"parent":7693,"menu_order":10,"comment_status":"open","ping_status":"closed","template":"","meta":{"_acf_changed":false,"footnotes":""},"class_list":["post-7721","page","type-page","status-publish","hentry"],"acf":[],"yoast_head":"<!-- This site is optimized with the Yoast SEO plugin v27.2 - https:\/\/yoast.com\/product\/yoast-seo-wordpress\/ -->\n<title>Chapitre 10 - Selection of Attractive States<\/title>\n<meta name=\"robots\" content=\"index, follow, max-snippet:-1, max-image-preview:large, max-video-preview:-1\" \/>\n<link rel=\"canonical\" href=\"https:\/\/bodhi.name\/fr\/maya-livre-1\/chapitre-10\/\" \/>\n<meta property=\"og:locale\" content=\"fr_FR\" \/>\n<meta property=\"og:type\" content=\"article\" \/>\n<meta property=\"og:title\" content=\"Chapitre 10 - Selection of Attractive States\" \/>\n<meta property=\"og:description\" content=\"&#8211; Ma ch\u00e9rie, tellement petite\u2026 c\u2019est si bon de te toucher. Tu te souviens commet dit-on \u00ab\u00a0caresser\u00a0\u00bb en tib\u00e9tain? Chourchourdjer\u2026 c\u2019est beau, n\u2019est-ce pas? Regarde-moi, je veux voir tes yeux. &#8211; Ma t\u00eate tourne. C\u2019est formidable \u2013 rester comme \u00e7a, se caresser, se sentir, avoir envie de l\u2019autre\u2026- j\u2019ai serr\u00e9 fort la queue durcie et [&hellip;]\" \/>\n<meta property=\"og:url\" content=\"https:\/\/bodhi.name\/fr\/maya-livre-1\/chapitre-10\/\" \/>\n<meta property=\"og:site_name\" content=\"Selection of Attractive States\" \/>\n<meta name=\"twitter:card\" content=\"summary_large_image\" \/>\n<meta name=\"twitter:label1\" content=\"Dur\u00e9e de lecture estim\u00e9e\" \/>\n\t<meta name=\"twitter:data1\" content=\"11 minutes\" \/>\n<script type=\"application\/ld+json\" class=\"yoast-schema-graph\">{\"@context\":\"https:\/\/schema.org\",\"@graph\":[{\"@type\":\"WebPage\",\"@id\":\"https:\/\/bodhi.name\/fr\/maya-livre-1\/chapitre-10\/\",\"url\":\"https:\/\/bodhi.name\/fr\/maya-livre-1\/chapitre-10\/\",\"name\":\"Chapitre 10 - Selection of Attractive States\",\"isPartOf\":{\"@id\":\"https:\/\/bodhi.name\/ru\/#website\"},\"datePublished\":\"2015-01-31T19:18:07+00:00\",\"breadcrumb\":{\"@id\":\"https:\/\/bodhi.name\/fr\/maya-livre-1\/chapitre-10\/#breadcrumb\"},\"inLanguage\":\"fr-FR\",\"potentialAction\":[{\"@type\":\"ReadAction\",\"target\":[\"https:\/\/bodhi.name\/fr\/maya-livre-1\/chapitre-10\/\"]}]},{\"@type\":\"BreadcrumbList\",\"@id\":\"https:\/\/bodhi.name\/fr\/maya-livre-1\/chapitre-10\/#breadcrumb\",\"itemListElement\":[{\"@type\":\"ListItem\",\"position\":1,\"name\":\"\u0413\u043b\u0430\u0432\u043d\u0430\u044f \u0441\u0442\u0440\u0430\u043d\u0438\u0446\u0430\",\"item\":\"https:\/\/bodhi.name\/fr\/\"},{\"@type\":\"ListItem\",\"position\":2,\"name\":\"\u00abMAYA\u00bb. Livre 1: Force mineure\",\"item\":\"https:\/\/bodhi.name\/fr\/maya-livre-1\/\"},{\"@type\":\"ListItem\",\"position\":3,\"name\":\"Chapitre 10\"}]},{\"@type\":\"WebSite\",\"@id\":\"https:\/\/bodhi.name\/ru\/#website\",\"url\":\"https:\/\/bodhi.name\/ru\/\",\"name\":\"Selection of Attractive States\",\"description\":\"Psychologie exp\u00e9rimentale\",\"potentialAction\":[{\"@type\":\"SearchAction\",\"target\":{\"@type\":\"EntryPoint\",\"urlTemplate\":\"https:\/\/bodhi.name\/ru\/?s={search_term_string}\"},\"query-input\":{\"@type\":\"PropertyValueSpecification\",\"valueRequired\":true,\"valueName\":\"search_term_string\"}}],\"inLanguage\":\"fr-FR\"}]}<\/script>\n<!-- \/ Yoast SEO plugin. -->","yoast_head_json":{"title":"Chapitre 10 - Selection of Attractive States","robots":{"index":"index","follow":"follow","max-snippet":"max-snippet:-1","max-image-preview":"max-image-preview:large","max-video-preview":"max-video-preview:-1"},"canonical":"https:\/\/bodhi.name\/fr\/maya-livre-1\/chapitre-10\/","og_locale":"fr_FR","og_type":"article","og_title":"Chapitre 10 - Selection of Attractive States","og_description":"&#8211; Ma ch\u00e9rie, tellement petite\u2026 c\u2019est si bon de te toucher. Tu te souviens commet dit-on \u00ab\u00a0caresser\u00a0\u00bb en tib\u00e9tain? Chourchourdjer\u2026 c\u2019est beau, n\u2019est-ce pas? Regarde-moi, je veux voir tes yeux. &#8211; Ma t\u00eate tourne. C\u2019est formidable \u2013 rester comme \u00e7a, se caresser, se sentir, avoir envie de l\u2019autre\u2026- j\u2019ai serr\u00e9 fort la queue durcie et [&hellip;]","og_url":"https:\/\/bodhi.name\/fr\/maya-livre-1\/chapitre-10\/","og_site_name":"Selection of Attractive States","twitter_card":"summary_large_image","twitter_misc":{"Dur\u00e9e de lecture estim\u00e9e":"11 minutes"},"schema":{"@context":"https:\/\/schema.org","@graph":[{"@type":"WebPage","@id":"https:\/\/bodhi.name\/fr\/maya-livre-1\/chapitre-10\/","url":"https:\/\/bodhi.name\/fr\/maya-livre-1\/chapitre-10\/","name":"Chapitre 10 - Selection of Attractive States","isPartOf":{"@id":"https:\/\/bodhi.name\/ru\/#website"},"datePublished":"2015-01-31T19:18:07+00:00","breadcrumb":{"@id":"https:\/\/bodhi.name\/fr\/maya-livre-1\/chapitre-10\/#breadcrumb"},"inLanguage":"fr-FR","potentialAction":[{"@type":"ReadAction","target":["https:\/\/bodhi.name\/fr\/maya-livre-1\/chapitre-10\/"]}]},{"@type":"BreadcrumbList","@id":"https:\/\/bodhi.name\/fr\/maya-livre-1\/chapitre-10\/#breadcrumb","itemListElement":[{"@type":"ListItem","position":1,"name":"\u0413\u043b\u0430\u0432\u043d\u0430\u044f \u0441\u0442\u0440\u0430\u043d\u0438\u0446\u0430","item":"https:\/\/bodhi.name\/fr\/"},{"@type":"ListItem","position":2,"name":"\u00abMAYA\u00bb. Livre 1: Force mineure","item":"https:\/\/bodhi.name\/fr\/maya-livre-1\/"},{"@type":"ListItem","position":3,"name":"Chapitre 10"}]},{"@type":"WebSite","@id":"https:\/\/bodhi.name\/ru\/#website","url":"https:\/\/bodhi.name\/ru\/","name":"Selection of Attractive States","description":"Psychologie exp\u00e9rimentale","potentialAction":[{"@type":"SearchAction","target":{"@type":"EntryPoint","urlTemplate":"https:\/\/bodhi.name\/ru\/?s={search_term_string}"},"query-input":{"@type":"PropertyValueSpecification","valueRequired":true,"valueName":"search_term_string"}}],"inLanguage":"fr-FR"}]}},"_links":{"self":[{"href":"https:\/\/bodhi.name\/fr\/wp-json\/wp\/v2\/pages\/7721","targetHints":{"allow":["GET"]}}],"collection":[{"href":"https:\/\/bodhi.name\/fr\/wp-json\/wp\/v2\/pages"}],"about":[{"href":"https:\/\/bodhi.name\/fr\/wp-json\/wp\/v2\/types\/page"}],"author":[{"embeddable":true,"href":"https:\/\/bodhi.name\/fr\/wp-json\/wp\/v2\/users\/1"}],"replies":[{"embeddable":true,"href":"https:\/\/bodhi.name\/fr\/wp-json\/wp\/v2\/comments?post=7721"}],"version-history":[{"count":1,"href":"https:\/\/bodhi.name\/fr\/wp-json\/wp\/v2\/pages\/7721\/revisions"}],"predecessor-version":[{"id":7722,"href":"https:\/\/bodhi.name\/fr\/wp-json\/wp\/v2\/pages\/7721\/revisions\/7722"}],"up":[{"embeddable":true,"href":"https:\/\/bodhi.name\/fr\/wp-json\/wp\/v2\/pages\/7693"}],"wp:attachment":[{"href":"https:\/\/bodhi.name\/fr\/wp-json\/wp\/v2\/media?parent=7721"}],"curies":[{"name":"wp","href":"https:\/\/api.w.org\/{rel}","templated":true}]}}