{"id":7708,"date":"2015-01-31T22:56:24","date_gmt":"2015-01-31T18:56:24","guid":{"rendered":"http:\/\/suri-catt.com\/?page_id=7708"},"modified":"2015-01-31T22:56:24","modified_gmt":"2015-01-31T18:56:24","slug":"chapitre-06","status":"publish","type":"page","link":"https:\/\/bodhi.name\/fr\/maya-livre-1\/chapitre-06\/","title":{"rendered":"Chapitre 06"},"content":{"rendered":"<p><b>\u00a0<\/b>\u2026 Cela s\u2019est pass\u00e9 il y a deux ans. Mon amant de l\u2019\u00e9poque \u00e9tait alpiniste professionnel\u2026 peut-\u00eatre c\u2019est \u00e0 cause de \u00e7a que je suis tomb\u00e9e amoureuse de lui? Depuis mon enfance j\u2019admirais tout ce qui avait un rapport aux rochers et sommets enneig\u00e9s. Quoi que, pas qu\u2019\u00e0 cause de \u00e7a, &#8211; \u00e0 part de quelques sommets connus par leur difficult\u00e9, il avait dans sa disposition un feeling sexuel incomparable\u2026 J\u2019ai mis beaucoup de temps pour le convaincre de me prendre avec lui \u00e0 l\u2019ascension, puisque mon physique ne convenait pas pour faire un partenaire \u2013 je n\u2019aurais pas pu assurer le secours dans une situation difficile. Et voil\u00e0 que son vieil ami a apparu. Il avait pass\u00e9 trois ans au Mexique en recherche des shamans et des nagvals, mais apparemment il n\u2019en avait pas trouv\u00e9 et \u00e9tait rentr\u00e9 \u00e0 Moscou. C\u2019\u00e9tait d\u00e9but avril, il y avait juste assez de temps pour se pr\u00e9parer \u00e0 l\u2019ascension pr\u00e9vue pour les f\u00eates de mai, et bient\u00f4t j\u2019avais un piolet, un grappin, un grand sac \u00e0 dos, un \u00e9norme sac \u00e0 couchage et un tas d\u2019autres \u00e9quipements divers, qui \u00e9tait destin\u00e9 \u00e0 pr\u00e9server du gel de nuit, du vent impitoyable et du blizzard de neige. Habill\u00e9e \u00abcomme il faut\u00bb, je ressemblais \u00e0 un \u00eatre \u00e0 moiti\u00e9 chemin entre un cosmonaute et un extra-terrestre, et lorsqu\u2019un vrai printemps a d\u00e9marr\u00e9 \u00e0 Moscou, on est parti en hiver, quoi que pas pareil \u00e0 celui auquel j\u2019\u00e9tais habitu\u00e9e.<\/p>\n<p>Oleg a tout de suite attir\u00e9 mon attention par sa r\u00e9serve non agressive et un aspect physique un peu \u00e9trange. Je ne parvenais pas \u00e0 comprendre en quoi consistait cette \u00e9tranget\u00e9, mais il faisait partie de ceux dont on dit qu\u2019ils ne sont pas \u00abde ce monde\u00bb, en plus ces gens se d\u00e9voilent des fois comme des vrais fous, et des fois comme des personnes lucides aux actes ad\u00e9quats. En ce qui concernait Oleg, je n\u2019avais pas fait d\u2019opinion d\u00e9finitive de lui, mais me trouver seule \u00e0 c\u00f4t\u00e9 de lui \u00e9tait un peu inqui\u00e9tant. Je n\u2019arrivais pas \u00e0 distinguer des raisons visibles de cette inqui\u00e9tude, j\u2019attendais le moment o\u00f9 je pourrais me clarifier sa personnalit\u00e9 mais lui, de toute \u00e9vidence, n\u2019\u00e9tait pas press\u00e9 de communiquer avec moi. Selon les souvenirs d\u2019Andrei, auparavant Oleg \u00e9tait une personne tr\u00e8s sociable et ouverte, \u00abl\u2019\u00e2me de la compagnie\u00bb, une telle dissociation du pass\u00e9 et du pr\u00e9sent a r\u00e9veill\u00e9 ma curiosit\u00e9 \u2013 si ce n\u2019\u00e9tait pas le voyage au Mexique qui l\u2019avait compl\u00e8tement chang\u00e9, je guettais alors une occasion favorable pour lui demander ce qui lui \u00e9tait arriv\u00e9 depuis deux ans.<\/p>\n<p>Les \u00e9v\u00e9nements se d\u00e9roulaient promptement. Apr\u00e8s s\u2019\u00eatre r\u00e9veill\u00e9 t\u00f4t le matin chez Andrei \u00e0 Zelenograd, vers le d\u00e9jeuner on \u00e9tait d\u00e9j\u00e0 \u00e0 Minvody, puis on a pris une voiture et, ayant rempli les bouteilles de \u00abCola\u00bb avec du k\u00e9ros\u00e8ne pour les r\u00e9chauds, vers 4 heures ont est venu \u00e0 Hourzouk \u2013 le dernier village sur la route de l\u2019Elbrous de son c\u00f4t\u00e9 nord. C\u2019\u00e9tait impressionnant la vitesse avec laquelle on a chang\u00e9 le cadre! A Hourzouk on a d\u00e9charg\u00e9 tous nos affaires du taxi, ensuite on les a tra\u00een\u00e9 en tas jusqu\u2019au sentier qui grimpait le long d\u2019une rivi\u00e8re et a commenc\u00e9 \u00e0 refaire les sac \u00e0 dos. Le processus semblait marrant \u2013 on a fait un gros tas de toutes nos affaires, puis on les a ensach\u00e9es, pes\u00e9 chaque sac avec une balance et les a r\u00e9partis dans les sac \u00e0 dos. Il y en avait tellement de tout! Tel un corbeau attir\u00e9 par du bric-\u00e0-brac brillants divers, ainsi mon regard collait \u00e0 chaque nouveau truc en m\u00e9tal, et je demandais avec insistance le nom et la d\u00e9signation de chacun\u00a0: un huit, un piolet, encore un piolet, un marteau pour casser la glace, une pompe de recharge pour le r\u00e9chaud, d\u2019autres parties pour le m\u00eame r\u00e9chaud\u2026 est-elle si compliqu\u00e9e la construction du r\u00e9chaud? Finalement, mon sac \u00e0 dos pesait \u00e0 peu pr\u00e8s 17 kilos, et les gar\u00e7ons devait porter 27 kilos chacun, les quelques heures qui restaient avant la nuit, pass\u00e9es en mont\u00e9e, ne m\u2019ont pas laiss\u00e9 de doute que la mont\u00e9e sera difficile.<\/p>\n<p>Dans une journ\u00e9e on \u00e9tait d\u00e9j\u00e0 dans les neiges \u00e9ternelles, on marchait en ouvrant une tranch\u00e9e dans la neige vers une crevasse dans le rocher en forme de fer \u00e0 repasser gigantesque. Malgr\u00e9 la difficult\u00e9 et la monotonie de l\u2019avancement, j\u2019\u00e9prouvais presque en permanence de la joie p\u00e9tulante \u2013 car partout autour c\u2019\u00e9tait des MONTAGNES! Ni photos, ni paroles ne pourraient transmettre cette \u00e9tendue colossale, ce ravissement d\u2019approcher de tr\u00e8s pr\u00e8s un rocher grandiose, le ciel s\u2019envolant de tous les c\u00f4t\u00e9s, le vent impitoyable mais doux\u2026 Il commen\u00e7ait \u00e0 faire nuit lorsqu\u2019on s\u2019est mis \u00e0 camper. En aidant \u00e0 mettre la tente, ce qui n\u2019\u00e9tait pas facile \u00e0 cause des rafales de vent fortuites, succ\u00e9d\u00e9es par le temps tranquille, j\u2019ai d\u00e9couvert qu\u2019une action des plus simples me fatiguait, la sensation croissante de pesanteur dans la t\u00eate m\u2019emp\u00eachait de me concentrer \u2013 c\u2019\u00e9tait le d\u00e9but du mal des montagnes. Pour rester seule j\u2019ai choisi un bon endroit pour observation \u00e0 trente m\u00e8tres de la tente. Le ciel parfaitement clair, sans nuages. Le silence est tel qu\u2019il permet d\u2019entendre une rivi\u00e8re couler quelque part infiniment loin, ou est-ce une illusion? C\u2019est tellement extraordinaire d\u2019entendre de fa\u00e7on absolument distincte chaque son, absorb\u00e9 normalement par le fond du bruit qui entoure dans la vie ordinaire \u2013 ma respiration <i>(c\u2019est \u00e9tonnant la mani\u00e8re dont je respire!)<\/i>,<i> <\/i>n\u2019importe quel mouvement de la main, la t\u00eate, la jambe, j\u2019entends m\u00eame la neige tomber! Autour il n\u2019y a que des montagnes couvertes par des neiges \u00e9ternelles, aucune petite agitation nulle part, &#8211; les sommets se sont immobilis\u00e9s, avides des derniers rayons de soleil\u2026 Encore un instant plus tard, les montagnes sont devenues presque enflamm\u00e9es, je contemplais \u00e9perdument le jeu de la lumi\u00e8re cr\u00e9pusculaire sur la neige, et tout \u00e0 coup cette image m\u2019a attrap\u00e9e \u2013 la froideur br\u00fblante s\u2019est mise \u00e0 monter des bouts des doigts par les bras, je ne sentais plus la terre sous mes pieds, mes oreilles ont commenc\u00e9 \u00e0 bourdonn\u00e9, d\u2019abord tr\u00e8s l\u00e9g\u00e8rement et puis de plus en plus puissamment. Je voulais me retourner pour appeler au secours, mais je n\u2019arrivais pas \u00e0 d\u00e9tacher mon regard des montagnes, et bient\u00f4t j\u2019ai cess\u00e9 de ressentir les limites de mon corps, et il n\u2019y avait plus personne pour se retourner, &#8211; \u00e0 l\u2019endroit qui \u00e9tait moi auparavant, il y avait maintenant quelque chose, vrombissant de la froideur ardente et grandiose, et dans ce quelque chose il restait MA perception, miraculeusement. Je ne sais pas combien de temps cela a dur\u00e9, il me semble que seulement quelques secondes. Tout a \u00e9t\u00e9 fini tr\u00e8s simplement et vite \u2013 comme si quelqu\u2019un a progressivement \u00e9teint la lumi\u00e8re, et j\u2019ai d\u00e9couvert que j\u2019ai l\u00e9g\u00e8rement gel\u00e9 mon cul, et que tout mon corps s\u2019est engourdi suite \u00e0 la position assise immobile. Ca n\u2019a pas alors dur\u00e9 que quelques secondes!<\/p>\n<p>Une chose pareille m\u2019est arriv\u00e9e pour la premi\u00e8re fois. Je me suis lev\u00e9e en ressentant une faiblesse l\u00e9g\u00e8re, mais agr\u00e9able. Il m\u2019a paru que mes amis n\u2019ont rien remarqu\u00e9, ils ne regardaient m\u00eame pas dans ma direction, \u00e9tant occup\u00e9s par des affaires ordinaires qui sont tr\u00e8s nombreuses lors d\u2019une ascension. J\u2019ai d\u00e9cid\u00e9 de ne rien leur raconter par raison qui m\u2019\u00e9tait inconnue.<\/p>\n<p>Au moment m\u00eame o\u00f9 le soleil s\u2019est couch\u00e9, il a commenc\u00e9 \u00e0 faire monstrueusement froid. Je n\u2019aurais jamais pu imagin\u00e9 qu\u2019une chaleur accablante puisse se succ\u00e9der si promptement par un froid meurtrier! On a vite fini notre d\u00eener et, ayant grimp\u00e9 dans notre tente, se sont envelopp\u00e9s dans nos duvets, qui ne me paraissaient plus trop \u00e9pais. La nuit j\u2019avais un r\u00eave insignifiant, et brusquement quelque chose s\u2019est illumin\u00e9e comme si une lumi\u00e8re vive s\u2019est allum\u00e9e, en devenant de plus en plus intense. Cette lumi\u00e8re venait de tous les c\u00f4t\u00e9s et ce n\u2019\u00e9tait pas possible de se mettre \u00e0 l\u2019abri d\u2019elle. J\u2019ai pouss\u00e9 un cri, \u00e9peur\u00e9e, &#8211; il m\u2019a paru qu\u2019elle allait me d\u00e9truire, d\u00e9chirer en morceaux, et toute de suite je me suis r\u00e9veill\u00e9e en sursaut. La voix endormie d\u2019Andrei venant du noir m\u2019a demand\u00e9 ce qui s\u2019est pass\u00e9. Je lui ai racont\u00e9 mon r\u00eave \u00e9trange, il a grogn\u00e9 que c\u2019\u00e9tait probablement l\u2019effet du mal des montagnes, et en me serrant contre lui, s\u2019est tout de suite rendormi.<\/p>\n<p>Le lendemain matin Oleg m\u2019a r\u00e9veill\u00e9e et m\u2019a donn\u00e9 la cr\u00e8me solaire, une casquette et des lunettes de soleil de skieur.<\/p>\n<p>&#8211; Jamais ne sors de la tente sans \u00e7a, m\u00eame le soir, &#8211; il m\u2019a parl\u00e9 comme \u00e0 un enfant pas tr\u00e8s dou\u00e9, mon orgueil en \u00e9tait l\u00e9g\u00e8rement afflig\u00e9, car je n\u2019ai pas eu encore le temps de r\u00e9v\u00e9ler ma personnalit\u00e9, et lui il semblait avoir fait une opinion de moi pas une des meilleures.<\/p>\n<p>Les montagnes \u00e9taient vraiment aveuglantes &#8211; dans le sens direct et m\u00e9taphorique du mot. Le soleil enflamm\u00e9 \u00e9tait juste au dessus de nos t\u00eates, il n\u2019y avait pas de vent, m\u00eame l\u00e9ger, j\u2019ai commenc\u00e9 \u00e0 enlever les v\u00eatements chauds jusqu\u2019\u00e0 ce que je sois rest\u00e9e en un coupe-vent l\u00e9ger sur un t-shirt. On s\u2019est mis \u00e0 monter lentement en tenant des piolets dans les mains. Rien ne permettait de pr\u00e9dire des difficult\u00e9s, sans parler de trag\u00e9die\u2026<\/p>\n","protected":false},"excerpt":{"rendered":"<p>\u00a0\u2026 Cela s\u2019est pass\u00e9 il y a deux ans. Mon amant de l\u2019\u00e9poque \u00e9tait alpiniste professionnel\u2026 peut-\u00eatre c\u2019est \u00e0 cause de \u00e7a que je suis tomb\u00e9e amoureuse de lui? Depuis mon enfance j\u2019admirais tout ce qui avait un rapport aux rochers et sommets enneig\u00e9s. Quoi que, pas qu\u2019\u00e0 cause de \u00e7a, &#8211; \u00e0 part de [&hellip;]<\/p>\n","protected":false},"author":1,"featured_media":0,"parent":7693,"menu_order":6,"comment_status":"open","ping_status":"closed","template":"","meta":{"_acf_changed":false,"footnotes":""},"class_list":["post-7708","page","type-page","status-publish","hentry"],"acf":[],"yoast_head":"<!-- This site is optimized with the Yoast SEO plugin v27.2 - https:\/\/yoast.com\/product\/yoast-seo-wordpress\/ -->\n<title>Chapitre 06 - Selection of Attractive States<\/title>\n<meta name=\"robots\" content=\"index, follow, max-snippet:-1, max-image-preview:large, max-video-preview:-1\" \/>\n<link rel=\"canonical\" href=\"https:\/\/bodhi.name\/fr\/maya-livre-1\/chapitre-06\/\" \/>\n<meta property=\"og:locale\" content=\"fr_FR\" \/>\n<meta property=\"og:type\" content=\"article\" \/>\n<meta property=\"og:title\" content=\"Chapitre 06 - Selection of Attractive States\" \/>\n<meta property=\"og:description\" content=\"\u00a0\u2026 Cela s\u2019est pass\u00e9 il y a deux ans. Mon amant de l\u2019\u00e9poque \u00e9tait alpiniste professionnel\u2026 peut-\u00eatre c\u2019est \u00e0 cause de \u00e7a que je suis tomb\u00e9e amoureuse de lui? Depuis mon enfance j\u2019admirais tout ce qui avait un rapport aux rochers et sommets enneig\u00e9s. Quoi que, pas qu\u2019\u00e0 cause de \u00e7a, &#8211; \u00e0 part de [&hellip;]\" \/>\n<meta property=\"og:url\" content=\"https:\/\/bodhi.name\/fr\/maya-livre-1\/chapitre-06\/\" \/>\n<meta property=\"og:site_name\" content=\"Selection of Attractive States\" \/>\n<meta name=\"twitter:card\" content=\"summary_large_image\" \/>\n<meta name=\"twitter:label1\" content=\"Dur\u00e9e de lecture estim\u00e9e\" \/>\n\t<meta name=\"twitter:data1\" content=\"9 minutes\" \/>\n<script type=\"application\/ld+json\" class=\"yoast-schema-graph\">{\"@context\":\"https:\/\/schema.org\",\"@graph\":[{\"@type\":\"WebPage\",\"@id\":\"https:\/\/bodhi.name\/fr\/maya-livre-1\/chapitre-06\/\",\"url\":\"https:\/\/bodhi.name\/fr\/maya-livre-1\/chapitre-06\/\",\"name\":\"Chapitre 06 - Selection of Attractive States\",\"isPartOf\":{\"@id\":\"https:\/\/bodhi.name\/ru\/#website\"},\"datePublished\":\"2015-01-31T18:56:24+00:00\",\"breadcrumb\":{\"@id\":\"https:\/\/bodhi.name\/fr\/maya-livre-1\/chapitre-06\/#breadcrumb\"},\"inLanguage\":\"fr-FR\",\"potentialAction\":[{\"@type\":\"ReadAction\",\"target\":[\"https:\/\/bodhi.name\/fr\/maya-livre-1\/chapitre-06\/\"]}]},{\"@type\":\"BreadcrumbList\",\"@id\":\"https:\/\/bodhi.name\/fr\/maya-livre-1\/chapitre-06\/#breadcrumb\",\"itemListElement\":[{\"@type\":\"ListItem\",\"position\":1,\"name\":\"\u0413\u043b\u0430\u0432\u043d\u0430\u044f \u0441\u0442\u0440\u0430\u043d\u0438\u0446\u0430\",\"item\":\"https:\/\/bodhi.name\/fr\/\"},{\"@type\":\"ListItem\",\"position\":2,\"name\":\"\u00abMAYA\u00bb. Livre 1: Force mineure\",\"item\":\"https:\/\/bodhi.name\/fr\/maya-livre-1\/\"},{\"@type\":\"ListItem\",\"position\":3,\"name\":\"Chapitre 06\"}]},{\"@type\":\"WebSite\",\"@id\":\"https:\/\/bodhi.name\/ru\/#website\",\"url\":\"https:\/\/bodhi.name\/ru\/\",\"name\":\"Selection of Attractive States\",\"description\":\"Psychologie exp\u00e9rimentale\",\"potentialAction\":[{\"@type\":\"SearchAction\",\"target\":{\"@type\":\"EntryPoint\",\"urlTemplate\":\"https:\/\/bodhi.name\/ru\/?s={search_term_string}\"},\"query-input\":{\"@type\":\"PropertyValueSpecification\",\"valueRequired\":true,\"valueName\":\"search_term_string\"}}],\"inLanguage\":\"fr-FR\"}]}<\/script>\n<!-- \/ Yoast SEO plugin. -->","yoast_head_json":{"title":"Chapitre 06 - Selection of Attractive States","robots":{"index":"index","follow":"follow","max-snippet":"max-snippet:-1","max-image-preview":"max-image-preview:large","max-video-preview":"max-video-preview:-1"},"canonical":"https:\/\/bodhi.name\/fr\/maya-livre-1\/chapitre-06\/","og_locale":"fr_FR","og_type":"article","og_title":"Chapitre 06 - Selection of Attractive States","og_description":"\u00a0\u2026 Cela s\u2019est pass\u00e9 il y a deux ans. Mon amant de l\u2019\u00e9poque \u00e9tait alpiniste professionnel\u2026 peut-\u00eatre c\u2019est \u00e0 cause de \u00e7a que je suis tomb\u00e9e amoureuse de lui? Depuis mon enfance j\u2019admirais tout ce qui avait un rapport aux rochers et sommets enneig\u00e9s. Quoi que, pas qu\u2019\u00e0 cause de \u00e7a, &#8211; \u00e0 part de [&hellip;]","og_url":"https:\/\/bodhi.name\/fr\/maya-livre-1\/chapitre-06\/","og_site_name":"Selection of Attractive States","twitter_card":"summary_large_image","twitter_misc":{"Dur\u00e9e de lecture estim\u00e9e":"9 minutes"},"schema":{"@context":"https:\/\/schema.org","@graph":[{"@type":"WebPage","@id":"https:\/\/bodhi.name\/fr\/maya-livre-1\/chapitre-06\/","url":"https:\/\/bodhi.name\/fr\/maya-livre-1\/chapitre-06\/","name":"Chapitre 06 - Selection of Attractive States","isPartOf":{"@id":"https:\/\/bodhi.name\/ru\/#website"},"datePublished":"2015-01-31T18:56:24+00:00","breadcrumb":{"@id":"https:\/\/bodhi.name\/fr\/maya-livre-1\/chapitre-06\/#breadcrumb"},"inLanguage":"fr-FR","potentialAction":[{"@type":"ReadAction","target":["https:\/\/bodhi.name\/fr\/maya-livre-1\/chapitre-06\/"]}]},{"@type":"BreadcrumbList","@id":"https:\/\/bodhi.name\/fr\/maya-livre-1\/chapitre-06\/#breadcrumb","itemListElement":[{"@type":"ListItem","position":1,"name":"\u0413\u043b\u0430\u0432\u043d\u0430\u044f \u0441\u0442\u0440\u0430\u043d\u0438\u0446\u0430","item":"https:\/\/bodhi.name\/fr\/"},{"@type":"ListItem","position":2,"name":"\u00abMAYA\u00bb. Livre 1: Force mineure","item":"https:\/\/bodhi.name\/fr\/maya-livre-1\/"},{"@type":"ListItem","position":3,"name":"Chapitre 06"}]},{"@type":"WebSite","@id":"https:\/\/bodhi.name\/ru\/#website","url":"https:\/\/bodhi.name\/ru\/","name":"Selection of Attractive States","description":"Psychologie exp\u00e9rimentale","potentialAction":[{"@type":"SearchAction","target":{"@type":"EntryPoint","urlTemplate":"https:\/\/bodhi.name\/ru\/?s={search_term_string}"},"query-input":{"@type":"PropertyValueSpecification","valueRequired":true,"valueName":"search_term_string"}}],"inLanguage":"fr-FR"}]}},"_links":{"self":[{"href":"https:\/\/bodhi.name\/fr\/wp-json\/wp\/v2\/pages\/7708","targetHints":{"allow":["GET"]}}],"collection":[{"href":"https:\/\/bodhi.name\/fr\/wp-json\/wp\/v2\/pages"}],"about":[{"href":"https:\/\/bodhi.name\/fr\/wp-json\/wp\/v2\/types\/page"}],"author":[{"embeddable":true,"href":"https:\/\/bodhi.name\/fr\/wp-json\/wp\/v2\/users\/1"}],"replies":[{"embeddable":true,"href":"https:\/\/bodhi.name\/fr\/wp-json\/wp\/v2\/comments?post=7708"}],"version-history":[{"count":1,"href":"https:\/\/bodhi.name\/fr\/wp-json\/wp\/v2\/pages\/7708\/revisions"}],"predecessor-version":[{"id":7709,"href":"https:\/\/bodhi.name\/fr\/wp-json\/wp\/v2\/pages\/7708\/revisions\/7709"}],"up":[{"embeddable":true,"href":"https:\/\/bodhi.name\/fr\/wp-json\/wp\/v2\/pages\/7693"}],"wp:attachment":[{"href":"https:\/\/bodhi.name\/fr\/wp-json\/wp\/v2\/media?parent=7708"}],"curies":[{"name":"wp","href":"https:\/\/api.w.org\/{rel}","templated":true}]}}